{"id":82589,"date":"2025-06-05T09:54:16","date_gmt":"2025-06-05T07:54:16","guid":{"rendered":"https:\/\/magnetarmagnets.com\/?post_type=product&#038;p=82589"},"modified":"2026-04-03T20:48:51","modified_gmt":"2026-04-03T18:48:51","slug":"fishing-pole-package-2-0-1000-kg-terror-360-allround-magnes-horgasz-szett","status":"publish","type":"product","link":"https:\/\/magnetarmagnets.com\/hu\/shop\/fishing-pole-package-2-0-1000-kg-terror-360-allround-magnes-horgasz-szett\/","title":{"rendered":"Fishing Pole Package 2.0 \u2013 1000 kg \u2013 Terror \u2013 360\u00b0 Allround m\u00e1gnes horg\u00e1sz szett"},"content":{"rendered":"<ul>\n\t<li style=\"font-weight: 400;\"><span style=\"font-weight: 400;\">Extra hossz\u00fa pokestick: 3 m\u00e9ter (3&#215;1 m\u00e9ter)<\/span><\/li>\n\t<li style=\"font-weight: 400;\"><span style=\"font-weight: 400;\">Gyors \u00f6ssze-\/sz\u00e9tszerel\u00e9s<\/span><\/li>\n\t<li style=\"font-weight: 400;\"><span style=\"font-weight: 400;\">M\u00e9lyen fekv\u0151 t\u00e1rgyak megtal\u00e1l\u00e1sa<\/span><\/li>\n\t<li style=\"font-weight: 400;\"><span style=\"font-weight: 400;\">Teljesen felk\u00e9sz\u00edtett m\u00e1gnes horg\u00e1szatra<\/span><\/li>\n\t<li style=\"font-weight: 400;\"><span style=\"font-weight: 400;\">Alum\u00ednium p\u00e1lca, nem rozsd\u00e1sodik \u00e9s extra k\u00f6nny\u0171<\/span><\/li>\n\t<li style=\"font-weight: 400;\"><span style=\"font-weight: 400;\">1,3 kg \/ 2,9 lb t\u00f6meg<\/span><\/li>\n\t<li style=\"font-weight: 400;\"><span style=\"font-weight: 400;\">K\u00f6nnyen sz\u00e1ll\u00edthat\u00f3<\/span><\/li>\n\t<li style=\"font-weight: 400;\"><span style=\"font-weight: 400;\">Tartalmaz egy t\u00e1rol\u00f3zs\u00e1kot<\/span><\/li>\n\t<li style=\"font-weight: 400;\"><span style=\"font-weight: 400;\">A k\u00f6t\u00e9l r\u00f6gz\u00edt\u0151i mell\u00e9kelve<\/span><\/li>\n\t<li style=\"font-weight: 400;\"><span style=\"font-weight: 400;\">Extra csomagkedvezm\u00e9ny!<\/span><\/li>\n<\/ul>\n<span style=\"font-weight: 400;\"><strong>Szeretn\u00e9l belev\u00e1gni a m\u00e1gnes horg\u00e1szatba \u00e9s a megfelel\u0151 felszerel\u00e9st keresed?<\/strong> Ebben az esetben a pokestick csomag t\u00f6k\u00e9letes v\u00e1laszt\u00e1s! A pokestick csomag tartalmazza a \u201eLange Jan\u201d p\u00f3tp\u00e1lc\u00e1t, a Terror horg\u00e1sz m\u00e1gnest, v\u00edz\u00e1ll\u00f3 keszty\u0171ket, r\u00f6gz\u00edt\u0151ragaszt\u00f3t \u00e9s a pokestick t\u00e1rol\u00f3zs\u00e1kot. A \u201eLange Jan\u201d haszn\u00e1lat\u00e1val a k\u00f6t\u00e9ln\u00e9l m\u00e9lyebbre jutsz a s\u00e1rban, \u00edgy nagyobb es\u00e9llyel tal\u00e1lsz m\u00e9lyen fekv\u0151 t\u00e1rgyakat.<\/span>\n<h2><strong>Pokestick a m\u00e1gnes horg\u00e1szathoz?<\/strong><\/h2>\n<span style=\"font-weight: 400;\">Val\u00f3sz\u00edn\u0171leg ismered a k\u00f6t\u00e9llel v\u00e9gzett m\u00e1gnes horg\u00e1szatot, de hallott\u00e1l m\u00e1r r\u00f3la, hogy pokestickkel is lehet m\u00e1gnes horg\u00e1szatot v\u00e9gezni? Ez egy egyszer\u0171bb m\u00f3d annak, hogy el\u00e9rj olyan t\u00e1rgyakat, amelyek m\u00e9lyen a s\u00e1r alatt vagy a n\u00e1dsz\u00e1lak k\u00f6z\u00f6tt vannak. K\u00f6t\u00e9llel sosem tudsz egy m\u00e9tert a s\u00e1rba hatolni, de egy Magnetar pokestickkel igen. Szeretn\u00e9d, hogy ezek a kincsek rejtve maradjanak, vagy ink\u00e1bb a pokesticket \u00e9s a horg\u00e1sz m\u00e1gnes\u00fcnket haszn\u00e1ln\u00e1d, hogy minden kincset el\u0151h\u00fazz?<\/span>\n<a href=\"https:\/\/www.youtube.com\/watch?v=zK9xbaohgCw\">Kattints ide az oktat\u00f3vide\u00f3\u00e9rt.<\/a>\n<h2><b>V\u00e9d\u0151tok<\/b><\/h2>\n<span>A csomagban tal\u00e1lhat\u00f3 v\u00e9d\u0151tok t\u00f6k\u00e9letes kieg\u00e9sz\u00edt\u0151 a neod\u00edmium m\u00e1gnesek v\u00e9delm\u00e9hez m\u00e1gnes horg\u00e1szat k\u00f6zben. Ezek a strapab\u00edr\u00f3 tokok kifejezetten arra lettek tervezve, hogy t\u00f6k\u00e9letesen illeszkedjenek a m\u00e1gnesre \u00e9s extra v\u00e9delmet ny\u00fajtsanak karcok, t\u00f6r\u00e9sek \u00e9s egy\u00e9b s\u00e9r\u00fcl\u00e9sek ellen. V\u00e9d\u0151tokjaink hossz\u00fa \u00e9lettartamra k\u00e9sz\u00fclnek, \u00e9s a legkem\u00e9nyebb k\u00f6r\u00fclm\u00e9nyeket is b\u00edrj\u00e1k. A v\u00e9d\u0151tok rozsdamentes ac\u00e9lb\u00f3l k\u00e9sz\u00fclt, \u00edgy m\u00e1gnesed 360\u00b0-ban megtartja m\u00e1gnesess\u00e9g\u00e9t. V\u00e9d\u0151tokjainkkal nyugodtan \u00e9lvezheted a m\u00e1gnes horg\u00e1szatot an\u00e9lk\u00fcl, hogy agg\u00f3dnod k\u00e9ne a dr\u00e1ga m\u00e1gnesed s\u00e9r\u00fcl\u00e9se miatt.<\/span>\n\n(K\u00e9rj\u00fck, vedd figyelembe, hogy a m\u00e1gnes alja nincs v\u00e9dve a tokkal)","protected":false},"excerpt":{"rendered":"<p>Szeretn\u00e9l <strong>prec\u00edzen<\/strong> <strong>m\u00e1gnes horg\u00e1szatot<\/strong> v\u00e9gezni? A <strong>Fishing Pole Package 2.0<\/strong> seg\u00edts\u00e9g\u00e9vel megteheted! <strong>Kombin\u00e1ld<\/strong> az allround 360\u00b0 Terror horg\u00e1sz m\u00e1gnes\u00fcnket a Magnet Pole bottal.<\/p>\n","protected":false},"featured_media":72558,"comment_status":"open","ping_status":"closed","template":"","meta":{"_acf_changed":false,"inline_featured_image":false},"product_brand":[],"product_cat":[542,534,528,533,1005,543],"product_tag":[],"class_list":{"0":"post-82589","1":"product","2":"type-product","3":"status-publish","4":"has-post-thumbnail","6":"product_cat-halado-kalandorok","7":"product_cat-horgasz-magnes-keszlet","8":"product_cat-horgasz-magnesek","9":"product_cat-horgasz-magnesek-360","10":"product_cat-osszes-termek","11":"product_cat-profik","13":"first","14":"instock","15":"sale","16":"taxable","17":"shipping-taxable","18":"purchasable","19":"product-type-simple"},"acf":[],"yoast_head":"<!-- This site is optimized with the Yoast SEO plugin v27.4 - https:\/\/yoast.com\/product\/yoast-seo-wordpress\/ -->\n<title>Fishing Pole Package 2.0 \u2013 1000 kg \u2013 Terror \u2013 360\u00b0 Allround m\u00e1gnes horg\u00e1sz szett - Magnet fishing with a Magnetar fishing magnet<\/title>\n<meta name=\"description\" content=\"Fishing Pole szett \u2013 1000 kg Terror \u2013 Magnetar\" \/>\n<meta name=\"robots\" content=\"index, follow, max-snippet:-1, max-image-preview:large, max-video-preview:-1\" \/>\n<link rel=\"canonical\" href=\"https:\/\/magnetarmagnets.com\/hu\/shop\/fishing-pole-package-2-0-1000-kg-terror-360-allround-magnes-horgasz-szett\/\" \/>\n<meta property=\"og:locale\" content=\"hu_HU\" \/>\n<meta property=\"og:type\" content=\"article\" \/>\n<meta property=\"og:title\" content=\"Fishing Pole Package 2.0 \u2013 1000 kg \u2013 Terror \u2013 360\u00b0 Allround m\u00e1gnes horg\u00e1sz szett - Magnet fishing with a Magnetar fishing magnet\" \/>\n<meta property=\"og:description\" content=\"Fishing Pole szett \u2013 1000 kg Terror \u2013 Magnetar\" \/>\n<meta property=\"og:url\" content=\"https:\/\/magnetarmagnets.com\/hu\/shop\/fishing-pole-package-2-0-1000-kg-terror-360-allround-magnes-horgasz-szett\/\" \/>\n<meta property=\"og:site_name\" content=\"Magnet fishing with a Magnetar fishing magnet\" \/>\n<meta property=\"article:publisher\" content=\"https:\/\/www.facebook.com\/fishingmagnets\/\" \/>\n<meta property=\"article:modified_time\" content=\"2026-04-03T18:48:51+00:00\" \/>\n<meta property=\"og:image\" content=\"https:\/\/magnetarmagnets.com\/wp-content\/uploads\/2021\/10\/MAGNETAR-DEEP-SEEKER-2.0-KIT-GOOGLE.jpg\" \/>\n\t<meta property=\"og:image:width\" content=\"1500\" \/>\n\t<meta property=\"og:image:height\" content=\"1500\" \/>\n\t<meta property=\"og:image:type\" content=\"image\/jpeg\" \/>\n<meta name=\"twitter:card\" content=\"summary_large_image\" \/>\n<meta name=\"twitter:label1\" content=\"Becs\u00fclt olvas\u00e1si id\u0151\" \/>\n\t<meta name=\"twitter:data1\" content=\"2 perc\" \/>\n<script type=\"application\/ld+json\" class=\"yoast-schema-graph\">{\"@context\":\"https:\\\/\\\/schema.org\",\"@graph\":[{\"@type\":[\"WebPage\",\"ItemPage\"],\"@id\":\"https:\\\/\\\/magnetarmagnets.com\\\/hu\\\/shop\\\/fishing-pole-package-2-0-1000-kg-terror-360-allround-magnes-horgasz-szett\\\/\",\"url\":\"https:\\\/\\\/magnetarmagnets.com\\\/hu\\\/shop\\\/fishing-pole-package-2-0-1000-kg-terror-360-allround-magnes-horgasz-szett\\\/\",\"name\":\"Fishing Pole Package 2.0 \u2013 1000 kg \u2013 Terror \u2013 360\u00b0 Allround m\u00e1gnes horg\u00e1sz szett - Magnet fishing with a Magnetar fishing magnet\",\"isPartOf\":{\"@id\":\"https:\\\/\\\/magnetarmagnets.com\\\/hu\\\/#website\"},\"primaryImageOfPage\":{\"@id\":\"https:\\\/\\\/magnetarmagnets.com\\\/hu\\\/shop\\\/fishing-pole-package-2-0-1000-kg-terror-360-allround-magnes-horgasz-szett\\\/#primaryimage\"},\"image\":{\"@id\":\"https:\\\/\\\/magnetarmagnets.com\\\/hu\\\/shop\\\/fishing-pole-package-2-0-1000-kg-terror-360-allround-magnes-horgasz-szett\\\/#primaryimage\"},\"thumbnailUrl\":\"https:\\\/\\\/magnetarmagnets.com\\\/wp-content\\\/uploads\\\/2021\\\/10\\\/MAGNETAR-DEEP-SEEKER-2.0-KIT-GOOGLE.jpg\",\"datePublished\":\"2025-06-05T07:54:16+00:00\",\"dateModified\":\"2026-04-03T18:48:51+00:00\",\"description\":\"Fishing Pole szett \u2013 1000 kg Terror \u2013 Magnetar\",\"breadcrumb\":{\"@id\":\"https:\\\/\\\/magnetarmagnets.com\\\/hu\\\/shop\\\/fishing-pole-package-2-0-1000-kg-terror-360-allround-magnes-horgasz-szett\\\/#breadcrumb\"},\"inLanguage\":\"hu\",\"potentialAction\":[{\"@type\":\"ReadAction\",\"target\":[\"https:\\\/\\\/magnetarmagnets.com\\\/hu\\\/shop\\\/fishing-pole-package-2-0-1000-kg-terror-360-allround-magnes-horgasz-szett\\\/\"]}]},{\"@type\":\"ImageObject\",\"inLanguage\":\"hu\",\"@id\":\"https:\\\/\\\/magnetarmagnets.com\\\/hu\\\/shop\\\/fishing-pole-package-2-0-1000-kg-terror-360-allround-magnes-horgasz-szett\\\/#primaryimage\",\"url\":\"https:\\\/\\\/magnetarmagnets.com\\\/wp-content\\\/uploads\\\/2021\\\/10\\\/MAGNETAR-DEEP-SEEKER-2.0-KIT-GOOGLE.jpg\",\"contentUrl\":\"https:\\\/\\\/magnetarmagnets.com\\\/wp-content\\\/uploads\\\/2021\\\/10\\\/MAGNETAR-DEEP-SEEKER-2.0-KIT-GOOGLE.jpg\",\"width\":1500,\"height\":1500,\"caption\":\"MAGNETAR-DEEP-SEEKER-2.0-KIT\"},{\"@type\":\"BreadcrumbList\",\"@id\":\"https:\\\/\\\/magnetarmagnets.com\\\/hu\\\/shop\\\/fishing-pole-package-2-0-1000-kg-terror-360-allround-magnes-horgasz-szett\\\/#breadcrumb\",\"itemListElement\":[{\"@type\":\"ListItem\",\"position\":1,\"name\":\"Home\",\"item\":\"https:\\\/\\\/magnetarmagnets.com\\\/hu\\\/\"},{\"@type\":\"ListItem\",\"position\":2,\"name\":\"Webshop\",\"item\":\"https:\\\/\\\/magnetarmagnets.com\\\/webshop\\\/\"},{\"@type\":\"ListItem\",\"position\":3,\"name\":\"Horg\u00e1sz m\u00e1gnesek\",\"item\":\"https:\\\/\\\/magnetarmagnets.com\\\/hu\\\/collections\\\/horgasz-magnesek\\\/\"},{\"@type\":\"ListItem\",\"position\":4,\"name\":\"Horg\u00e1sz m\u00e1gnesek 360\u00b0\",\"item\":\"https:\\\/\\\/magnetarmagnets.com\\\/hu\\\/collections\\\/horgasz-magnesek\\\/horgasz-magnesek-360\\\/\"},{\"@type\":\"ListItem\",\"position\":5,\"name\":\"Fishing Pole Package 2.0 \u2013 1000 kg \u2013 Terror \u2013 360\u00b0 Allround m\u00e1gnes horg\u00e1sz szett\"}]},{\"@type\":\"WebSite\",\"@id\":\"https:\\\/\\\/magnetarmagnets.com\\\/hu\\\/#website\",\"url\":\"https:\\\/\\\/magnetarmagnets.com\\\/hu\\\/\",\"name\":\"Magnet fishing with a Magnetar fishing magnet\",\"description\":\"Er\u0151s m\u00e1gnesek m\u00e1gneshorg\u00e1szathoz\",\"publisher\":{\"@id\":\"https:\\\/\\\/magnetarmagnets.com\\\/hu\\\/#organization\"},\"potentialAction\":[{\"@type\":\"SearchAction\",\"target\":{\"@type\":\"EntryPoint\",\"urlTemplate\":\"https:\\\/\\\/magnetarmagnets.com\\\/hu\\\/?s={search_term_string}\"},\"query-input\":{\"@type\":\"PropertyValueSpecification\",\"valueRequired\":true,\"valueName\":\"search_term_string\"}}],\"inLanguage\":\"hu\"},{\"@type\":\"Organization\",\"@id\":\"https:\\\/\\\/magnetarmagnets.com\\\/hu\\\/#organization\",\"name\":\"Magnetar\",\"url\":\"https:\\\/\\\/magnetarmagnets.com\\\/hu\\\/\",\"logo\":{\"@type\":\"ImageObject\",\"inLanguage\":\"hu\",\"@id\":\"https:\\\/\\\/magnetarmagnets.com\\\/hu\\\/#\\\/schema\\\/logo\\\/image\\\/\",\"url\":\"https:\\\/\\\/magnetarmagnets.com\\\/wp-content\\\/uploads\\\/2025\\\/05\\\/Logo-03_PNG-Black-scaled.png\",\"contentUrl\":\"https:\\\/\\\/magnetarmagnets.com\\\/wp-content\\\/uploads\\\/2025\\\/05\\\/Logo-03_PNG-Black-scaled.png\",\"width\":2560,\"height\":1658,\"caption\":\"Magnetar\"},\"image\":{\"@id\":\"https:\\\/\\\/magnetarmagnets.com\\\/hu\\\/#\\\/schema\\\/logo\\\/image\\\/\"},\"sameAs\":[\"https:\\\/\\\/www.facebook.com\\\/fishingmagnets\\\/\",\"https:\\\/\\\/www.instagram.com\\\/magnetar_magnets\\\/\",\"https:\\\/\\\/www.linkedin.com\\\/company\\\/magnetarbv\\\/?originalSubdomain=nl\",\"https:\\\/\\\/www.youtube.com\\\/c\\\/MagnetarVismagneet\"]}]}<\/script>\n<!-- \/ Yoast SEO plugin. -->","yoast_head_json":{"title":"Fishing Pole Package 2.0 \u2013 1000 kg \u2013 Terror \u2013 360\u00b0 Allround m\u00e1gnes horg\u00e1sz szett - Magnet fishing with a Magnetar fishing magnet","description":"Fishing Pole szett \u2013 1000 kg Terror \u2013 Magnetar","robots":{"index":"index","follow":"follow","max-snippet":"max-snippet:-1","max-image-preview":"max-image-preview:large","max-video-preview":"max-video-preview:-1"},"canonical":"https:\/\/magnetarmagnets.com\/hu\/shop\/fishing-pole-package-2-0-1000-kg-terror-360-allround-magnes-horgasz-szett\/","og_locale":"hu_HU","og_type":"article","og_title":"Fishing Pole Package 2.0 \u2013 1000 kg \u2013 Terror \u2013 360\u00b0 Allround m\u00e1gnes horg\u00e1sz szett - Magnet fishing with a Magnetar fishing magnet","og_description":"Fishing Pole szett \u2013 1000 kg Terror \u2013 Magnetar","og_url":"https:\/\/magnetarmagnets.com\/hu\/shop\/fishing-pole-package-2-0-1000-kg-terror-360-allround-magnes-horgasz-szett\/","og_site_name":"Magnet fishing with a Magnetar fishing magnet","article_publisher":"https:\/\/www.facebook.com\/fishingmagnets\/","article_modified_time":"2026-04-03T18:48:51+00:00","og_image":[{"width":1500,"height":1500,"url":"https:\/\/magnetarmagnets.com\/wp-content\/uploads\/2021\/10\/MAGNETAR-DEEP-SEEKER-2.0-KIT-GOOGLE.jpg","type":"image\/jpeg"}],"twitter_card":"summary_large_image","twitter_misc":{"Becs\u00fclt olvas\u00e1si id\u0151":"2 perc"},"schema":{"@context":"https:\/\/schema.org","@graph":[{"@type":["WebPage","ItemPage"],"@id":"https:\/\/magnetarmagnets.com\/hu\/shop\/fishing-pole-package-2-0-1000-kg-terror-360-allround-magnes-horgasz-szett\/","url":"https:\/\/magnetarmagnets.com\/hu\/shop\/fishing-pole-package-2-0-1000-kg-terror-360-allround-magnes-horgasz-szett\/","name":"Fishing Pole Package 2.0 \u2013 1000 kg \u2013 Terror \u2013 360\u00b0 Allround m\u00e1gnes horg\u00e1sz szett - Magnet fishing with a Magnetar fishing magnet","isPartOf":{"@id":"https:\/\/magnetarmagnets.com\/hu\/#website"},"primaryImageOfPage":{"@id":"https:\/\/magnetarmagnets.com\/hu\/shop\/fishing-pole-package-2-0-1000-kg-terror-360-allround-magnes-horgasz-szett\/#primaryimage"},"image":{"@id":"https:\/\/magnetarmagnets.com\/hu\/shop\/fishing-pole-package-2-0-1000-kg-terror-360-allround-magnes-horgasz-szett\/#primaryimage"},"thumbnailUrl":"https:\/\/magnetarmagnets.com\/wp-content\/uploads\/2021\/10\/MAGNETAR-DEEP-SEEKER-2.0-KIT-GOOGLE.jpg","datePublished":"2025-06-05T07:54:16+00:00","dateModified":"2026-04-03T18:48:51+00:00","description":"Fishing Pole szett \u2013 1000 kg Terror \u2013 Magnetar","breadcrumb":{"@id":"https:\/\/magnetarmagnets.com\/hu\/shop\/fishing-pole-package-2-0-1000-kg-terror-360-allround-magnes-horgasz-szett\/#breadcrumb"},"inLanguage":"hu","potentialAction":[{"@type":"ReadAction","target":["https:\/\/magnetarmagnets.com\/hu\/shop\/fishing-pole-package-2-0-1000-kg-terror-360-allround-magnes-horgasz-szett\/"]}]},{"@type":"ImageObject","inLanguage":"hu","@id":"https:\/\/magnetarmagnets.com\/hu\/shop\/fishing-pole-package-2-0-1000-kg-terror-360-allround-magnes-horgasz-szett\/#primaryimage","url":"https:\/\/magnetarmagnets.com\/wp-content\/uploads\/2021\/10\/MAGNETAR-DEEP-SEEKER-2.0-KIT-GOOGLE.jpg","contentUrl":"https:\/\/magnetarmagnets.com\/wp-content\/uploads\/2021\/10\/MAGNETAR-DEEP-SEEKER-2.0-KIT-GOOGLE.jpg","width":1500,"height":1500,"caption":"MAGNETAR-DEEP-SEEKER-2.0-KIT"},{"@type":"BreadcrumbList","@id":"https:\/\/magnetarmagnets.com\/hu\/shop\/fishing-pole-package-2-0-1000-kg-terror-360-allround-magnes-horgasz-szett\/#breadcrumb","itemListElement":[{"@type":"ListItem","position":1,"name":"Home","item":"https:\/\/magnetarmagnets.com\/hu\/"},{"@type":"ListItem","position":2,"name":"Webshop","item":"https:\/\/magnetarmagnets.com\/webshop\/"},{"@type":"ListItem","position":3,"name":"Horg\u00e1sz m\u00e1gnesek","item":"https:\/\/magnetarmagnets.com\/hu\/collections\/horgasz-magnesek\/"},{"@type":"ListItem","position":4,"name":"Horg\u00e1sz m\u00e1gnesek 360\u00b0","item":"https:\/\/magnetarmagnets.com\/hu\/collections\/horgasz-magnesek\/horgasz-magnesek-360\/"},{"@type":"ListItem","position":5,"name":"Fishing Pole Package 2.0 \u2013 1000 kg \u2013 Terror \u2013 360\u00b0 Allround m\u00e1gnes horg\u00e1sz szett"}]},{"@type":"WebSite","@id":"https:\/\/magnetarmagnets.com\/hu\/#website","url":"https:\/\/magnetarmagnets.com\/hu\/","name":"Magnet fishing with a Magnetar fishing magnet","description":"Er\u0151s m\u00e1gnesek m\u00e1gneshorg\u00e1szathoz","publisher":{"@id":"https:\/\/magnetarmagnets.com\/hu\/#organization"},"potentialAction":[{"@type":"SearchAction","target":{"@type":"EntryPoint","urlTemplate":"https:\/\/magnetarmagnets.com\/hu\/?s={search_term_string}"},"query-input":{"@type":"PropertyValueSpecification","valueRequired":true,"valueName":"search_term_string"}}],"inLanguage":"hu"},{"@type":"Organization","@id":"https:\/\/magnetarmagnets.com\/hu\/#organization","name":"Magnetar","url":"https:\/\/magnetarmagnets.com\/hu\/","logo":{"@type":"ImageObject","inLanguage":"hu","@id":"https:\/\/magnetarmagnets.com\/hu\/#\/schema\/logo\/image\/","url":"https:\/\/magnetarmagnets.com\/wp-content\/uploads\/2025\/05\/Logo-03_PNG-Black-scaled.png","contentUrl":"https:\/\/magnetarmagnets.com\/wp-content\/uploads\/2025\/05\/Logo-03_PNG-Black-scaled.png","width":2560,"height":1658,"caption":"Magnetar"},"image":{"@id":"https:\/\/magnetarmagnets.com\/hu\/#\/schema\/logo\/image\/"},"sameAs":["https:\/\/www.facebook.com\/fishingmagnets\/","https:\/\/www.instagram.com\/magnetar_magnets\/","https:\/\/www.linkedin.com\/company\/magnetarbv\/?originalSubdomain=nl","https:\/\/www.youtube.com\/c\/MagnetarVismagneet"]}]}},"_links":{"self":[{"href":"https:\/\/magnetarmagnets.com\/hu\/wp-json\/wp\/v2\/product\/82589","targetHints":{"allow":["GET"]}}],"collection":[{"href":"https:\/\/magnetarmagnets.com\/hu\/wp-json\/wp\/v2\/product"}],"about":[{"href":"https:\/\/magnetarmagnets.com\/hu\/wp-json\/wp\/v2\/types\/product"}],"replies":[{"embeddable":true,"href":"https:\/\/magnetarmagnets.com\/hu\/wp-json\/wp\/v2\/comments?post=82589"}],"version-history":[{"count":1,"href":"https:\/\/magnetarmagnets.com\/hu\/wp-json\/wp\/v2\/product\/82589\/revisions"}],"predecessor-version":[{"id":95280,"href":"https:\/\/magnetarmagnets.com\/hu\/wp-json\/wp\/v2\/product\/82589\/revisions\/95280"}],"wp:featuredmedia":[{"embeddable":true,"href":"https:\/\/magnetarmagnets.com\/hu\/wp-json\/wp\/v2\/media\/72558"}],"wp:attachment":[{"href":"https:\/\/magnetarmagnets.com\/hu\/wp-json\/wp\/v2\/media?parent=82589"}],"wp:term":[{"taxonomy":"product_brand","embeddable":true,"href":"https:\/\/magnetarmagnets.com\/hu\/wp-json\/wp\/v2\/product_brand?post=82589"},{"taxonomy":"product_cat","embeddable":true,"href":"https:\/\/magnetarmagnets.com\/hu\/wp-json\/wp\/v2\/product_cat?post=82589"},{"taxonomy":"product_tag","embeddable":true,"href":"https:\/\/magnetarmagnets.com\/hu\/wp-json\/wp\/v2\/product_tag?post=82589"}],"curies":[{"name":"wp","href":"https:\/\/api.w.org\/{rel}","templated":true}]}}