{"id":82588,"date":"2025-06-05T09:54:16","date_gmt":"2025-06-05T07:54:16","guid":{"rendered":"https:\/\/magnetarmagnets.com\/?post_type=product&#038;p=82588"},"modified":"2026-04-14T21:49:45","modified_gmt":"2026-04-14T19:49:45","slug":"girl-power-kit-600-kg-hardcore-allround-360-magnes-horgasz-szett","status":"publish","type":"product","link":"https:\/\/magnetarmagnets.com\/hu\/shop\/girl-power-kit-600-kg-hardcore-allround-360-magnes-horgasz-szett\/","title":{"rendered":"Girl Power Kit \u2013 600 kg \u2013 Hardcore Allround 360\u00b0 m\u00e1gnes horg\u00e1sz szett"},"content":{"rendered":"Szereted a <a href=\"https:\/\/magnetarmagnets.com\/\" target=\"_blank\" rel=\"noopener\">m\u00e1gnes horg\u00e1szatot<\/a>, \u00e9s profi szeretn\u00e9l lenni? A Girl Power Kit a t\u00f6k\u00e9letes v\u00e1laszt\u00e1s, hiszen minden benne van, amire sz\u00fcks\u00e9ged lehet (r\u00e1ad\u00e1sul kedvezm\u00e9nyes \u00e1ron)! A csomag tartalmazza legn\u00e9pszer\u0171bb <a href=\"https:\/\/magnetarmagnets.com\/shop\/hardcore-magnet-2\/\" target=\"_blank\" rel=\"noopener\">Hardcore<\/a> Allround 360\u00b0 m\u00e1gnest, a Hardcore v\u00e9d\u0151tokot, 8 mm-es keszty\u0171t, 10 ml-es ragaszt\u00f3t \u00e9s egy r\u00f3zsasz\u00edn Magnetar sapk\u00e1t.\n\n<h2>A Hardcore: egy neod\u00edmium horg\u00e1sz m\u00e1gnes<\/h2>\n\nAllround 360\u00b0-os neod\u00edmium m\u00e1gnes\u00fcnk rendk\u00edv\u00fcli h\u00faz\u00f3er\u0151r\u0151l h\u00edres. Ez az egyik legjobb \u00e9s megfizethet\u0151bb horg\u00e1sz m\u00e1gnes a piacon, legal\u00e1bbis mi \u00edgy gondoljuk. A m\u00e1gnes vonz\u00f3ereje 14 cm (5,5&#8243;), ami n\u00f6veli az es\u00e9ly\u00e9t, hogy nagyobb \u00e9s \u00e9rt\u00e9kesebb kincseket tal\u00e1lj.\n\nEz\u00e9rt sok m\u00e1gneshorg\u00e1sz el\u00e9gedett ezzel a term\u00e9kkel. K\u00edv\u00e1ncsi vagy, m\u00e1sok mit gondolnak a Hardcore m\u00e1gnese? N\u00e9zd meg err\u0151l sz\u00f3l\u00f3 vide\u00f3nkat a <a href=\"https:\/\/www.youtube.com\/watch?v=1izvqgYbtd8\">YouTube-on<\/a>! Szeretn\u00e9l v\u00e1ltani az egylapos m\u00e1gnesr\u0151l? Ebben az esetben a Hardcore ide\u00e1lis v\u00e1laszt\u00e1s lehet.\n\n<h2>K\u00e9sz\u00fclj a Hardcore-ra!<\/h2>\n\nA Hardcore horg\u00e1sz m\u00e1gnes val\u00f3di profiv\u00e1 tesz. Ennek oka, hogy a m\u00e1gnes mindk\u00e9t oldal\u00e1n k\u00e9pes t\u00e1rgyakat felvenni, \u00edgy k\u00f6nnyebb a kincskeres\u00e9s. \u00c9rdemes megeml\u00edteni, hogy a dob\u00f3s\u00falya k\u00e9nyelmes, \u00edgy \u00e1ltal\u00e1ban a n\u0151k sz\u00e1m\u00e1ra is alkalmas.\n\nA halad\u00f3 m\u00e1gneshorg\u00e1szok kedvelik a Hardcore m\u00e1gnest, amely m\u00e1ra az egyik legkelend\u0151bb term\u00e9k\u00fcnk lett. A m\u00e1gnes neod\u00edmiumb\u00f3l k\u00e9sz\u00fcl, ami a leger\u0151sebb \u00e1lland\u00f3 m\u00e1gnesanyag. Ugyanolyan m\u00e9ret mellett nagyobb s\u00falyt emelhet, mint m\u00e1s m\u00e1gnesanyagok. Ez sz\u00e9les\u00edti a megtal\u00e1lhat\u00f3 t\u00e1rgyak k\u00f6r\u00e9t \u00e9s minden ir\u00e1nyb\u00f3l vonz\u00f3er\u0151t biztos\u00edt.\n\n<h2>A legteljesebb horg\u00e1sz m\u00e1gnes<\/h2>\n\nSok horg\u00e1sz m\u00e1gnes csak egyoldal\u00faan vonz. Ezek a hagyom\u00e1nyos m\u00e1gnesek sokaknak megfelelnek, de a legnagyobb m\u00e1gneshorg\u00e1sz rajong\u00f3knak valami \u00fajat akartunk k\u00edn\u00e1lni. Mi voltunk az els\u0151k, akik egy vintage m\u00e1gnest k\u00e9toldal\u00fa horg\u00e1sz m\u00e1gness\u00e9 alak\u00edtottak. 2016-ban a Magnetar megalkotta az allround m\u00e1gnes\u00fcnket 360\u00b0-os vonz\u00f3er\u0151vel. Eur\u00f3pa-szerte sok m\u00e1gneshorg\u00e1sz szereti 100% neod\u00edmium allround m\u00e1gnes\u00fcnket, ez\u00e9rt mi vagyunk a legn\u00e9pszer\u0171bb besz\u00e1ll\u00edt\u00f3.\n\nSz\u00e1munkra fontos, hogy teljes term\u00e9ket adjunk, ez\u00e9rt term\u00e9keinket egy kis, m\u00e1gneshorg\u00e1sz kedvel\u0151kb\u0151l \u00e1ll\u00f3 csapat tervezte, \u00e9s a legjobb min\u0151s\u00e9g\u0171 anyagokb\u00f3l k\u00e9sz\u00fclnek. Szerencs\u00e9re v\u00e1s\u00e1rl\u00f3ink rendre visszat\u00e9rnek a Magnetarhoz.\n\n<h2>Er\u0151s \u00e9s forradalmi h\u00faz\u00f3er\u0151<\/h2>\n\nAz \u00e1ltalunk k\u00edn\u00e1lt allround m\u00e1gnesek 360\u00b0-os vonz\u00f3er\u0151vel rendelkeznek. Term\u00e9szetesen a 100% neod\u00edmium m\u00e1gnesek vonz\u00f3ereje nem hasonl\u00edthat\u00f3 a hagyom\u00e1nyos term\u00e9kek\u00e9hez. A hagyom\u00e1nyos egylapos m\u00e1gneseket ac\u00e9lh\u00e1z veszi k\u00f6r\u00fcl, ami cs\u00f6kkenti a h\u00faz\u00f3er\u0151t, r\u00e1ad\u00e1sul csak egy ir\u00e1nyba hat. Ennek eredm\u00e9nyek\u00e9nt ezek a term\u00e9kek egy s\u00edk f\u00e9mfel\u00fcleten mutatnak nagy vonz\u00f3er\u0151t. Ezzel szemben egyedi allround 360\u00b0-os m\u00e1gnes\u00fcnk minden ir\u00e1nyban nagy vonz\u00f3er\u0151t \u00e9r el. Szeretn\u00e9d megtudni, hogyan m\u00e9rj\u00fck ezt? Megmagyar\u00e1zzuk ebben a <a href=\"https:\/\/www.youtube.com\/watch?v=2McW3RURDxs\">vide\u00f3ban<\/a>.","protected":false},"excerpt":{"rendered":"<p>Kezdj bele a Girl Power Kit haszn\u00e1lat\u00e1ba. Ez a m\u00e1gnes horg\u00e1sz szett tartalmazza a <strong>600 kg-os Hardcore Allround 360\u00b0 m\u00e1gnes<\/strong>-t, Hardcore v\u00e9d\u0151tokot, r\u00f3zsasz\u00edn Magnetar sapk\u00e1t, 8 mm k\u00f6t\u00e9lzetet, keszty\u0171t \u00e9s ragaszt\u00f3t. <strong>Mindent, amire sz\u00fcks\u00e9ged van<\/strong>, hogy elinduljon a m\u00e1gnes horg\u00e1szatod!<\/p>\n","protected":false},"featured_media":74243,"comment_status":"open","ping_status":"closed","template":"","meta":{"_acf_changed":false,"inline_featured_image":false},"product_brand":[],"product_cat":[542,534,528,533,541,1005],"product_tag":[],"class_list":{"0":"post-82588","1":"product","2":"type-product","3":"status-publish","4":"has-post-thumbnail","6":"product_cat-halado-kalandorok","7":"product_cat-horgasz-magnes-keszlet","8":"product_cat-horgasz-magnesek","9":"product_cat-horgasz-magnesek-360","10":"product_cat-kezdok-es-gyerekek","11":"product_cat-osszes-termek","13":"first","14":"instock","15":"sale","16":"taxable","17":"shipping-taxable","18":"purchasable","19":"product-type-simple"},"acf":[],"yoast_head":"<!-- This site is optimized with the Yoast SEO plugin v27.4 - https:\/\/yoast.com\/product\/yoast-seo-wordpress\/ -->\n<title>Girl Power Kit \u2013 1300 lb \/ 600 kg \u2013 Hardcore Allround 360\u00b0<\/title>\n<meta name=\"description\" content=\"M\u00e1gnes horg\u00e1szat l\u00e1nyoknak? A Girl Power Kit kiv\u00e1l\u00f3an alkalmas n\u0151knek, akik a kincskeres\u0151s hobbijukat k\u00f6vetkez\u0151 szintre szeretn\u00e9k emelni!\" \/>\n<meta name=\"robots\" content=\"index, follow, max-snippet:-1, max-image-preview:large, max-video-preview:-1\" \/>\n<link rel=\"canonical\" href=\"https:\/\/magnetarmagnets.com\/hu\/shop\/girl-power-kit-600-kg-hardcore-allround-360-magnes-horgasz-szett\/\" \/>\n<meta property=\"og:locale\" content=\"hu_HU\" \/>\n<meta property=\"og:type\" content=\"article\" \/>\n<meta property=\"og:title\" content=\"Girl Power Kit \u2013 1300 lb \/ 600 kg \u2013 Hardcore Allround 360\u00b0\" \/>\n<meta property=\"og:description\" content=\"M\u00e1gnes horg\u00e1szat l\u00e1nyoknak? A Girl Power Kit kiv\u00e1l\u00f3an alkalmas n\u0151knek, akik a kincskeres\u0151s hobbijukat k\u00f6vetkez\u0151 szintre szeretn\u00e9k emelni!\" \/>\n<meta property=\"og:url\" content=\"https:\/\/magnetarmagnets.com\/hu\/shop\/girl-power-kit-600-kg-hardcore-allround-360-magnes-horgasz-szett\/\" \/>\n<meta property=\"og:site_name\" content=\"Magnet fishing with a Magnetar fishing magnet\" \/>\n<meta property=\"article:publisher\" content=\"https:\/\/www.facebook.com\/fishingmagnets\/\" \/>\n<meta property=\"article:modified_time\" content=\"2026-04-14T19:49:45+00:00\" \/>\n<meta property=\"og:image\" content=\"https:\/\/magnetarmagnets.com\/wp-content\/uploads\/2021\/10\/Kopie-van-MAGNETAR-KIT-CANVA-1.png\" \/>\n\t<meta property=\"og:image:width\" content=\"1500\" \/>\n\t<meta property=\"og:image:height\" content=\"1500\" \/>\n\t<meta property=\"og:image:type\" content=\"image\/png\" \/>\n<meta name=\"twitter:card\" content=\"summary_large_image\" \/>\n<meta name=\"twitter:label1\" content=\"Becs\u00fclt olvas\u00e1si id\u0151\" \/>\n\t<meta name=\"twitter:data1\" content=\"4 perc\" \/>\n<script type=\"application\/ld+json\" class=\"yoast-schema-graph\">{\"@context\":\"https:\\\/\\\/schema.org\",\"@graph\":[{\"@type\":[\"WebPage\",\"ItemPage\"],\"@id\":\"https:\\\/\\\/magnetarmagnets.com\\\/hu\\\/shop\\\/girl-power-kit-600-kg-hardcore-allround-360-magnes-horgasz-szett\\\/\",\"url\":\"https:\\\/\\\/magnetarmagnets.com\\\/hu\\\/shop\\\/girl-power-kit-600-kg-hardcore-allround-360-magnes-horgasz-szett\\\/\",\"name\":\"Girl Power Kit \u2013 1300 lb \\\/ 600 kg \u2013 Hardcore Allround 360\u00b0\",\"isPartOf\":{\"@id\":\"https:\\\/\\\/magnetarmagnets.com\\\/hu\\\/#website\"},\"primaryImageOfPage\":{\"@id\":\"https:\\\/\\\/magnetarmagnets.com\\\/hu\\\/shop\\\/girl-power-kit-600-kg-hardcore-allround-360-magnes-horgasz-szett\\\/#primaryimage\"},\"image\":{\"@id\":\"https:\\\/\\\/magnetarmagnets.com\\\/hu\\\/shop\\\/girl-power-kit-600-kg-hardcore-allround-360-magnes-horgasz-szett\\\/#primaryimage\"},\"thumbnailUrl\":\"https:\\\/\\\/magnetarmagnets.com\\\/wp-content\\\/uploads\\\/2021\\\/10\\\/Kopie-van-MAGNETAR-KIT-CANVA-1.png\",\"datePublished\":\"2025-06-05T07:54:16+00:00\",\"dateModified\":\"2026-04-14T19:49:45+00:00\",\"description\":\"M\u00e1gnes horg\u00e1szat l\u00e1nyoknak? A Girl Power Kit kiv\u00e1l\u00f3an alkalmas n\u0151knek, akik a kincskeres\u0151s hobbijukat k\u00f6vetkez\u0151 szintre szeretn\u00e9k emelni!\",\"breadcrumb\":{\"@id\":\"https:\\\/\\\/magnetarmagnets.com\\\/hu\\\/shop\\\/girl-power-kit-600-kg-hardcore-allround-360-magnes-horgasz-szett\\\/#breadcrumb\"},\"inLanguage\":\"hu\",\"potentialAction\":[{\"@type\":\"ReadAction\",\"target\":[\"https:\\\/\\\/magnetarmagnets.com\\\/hu\\\/shop\\\/girl-power-kit-600-kg-hardcore-allround-360-magnes-horgasz-szett\\\/\"]}]},{\"@type\":\"ImageObject\",\"inLanguage\":\"hu\",\"@id\":\"https:\\\/\\\/magnetarmagnets.com\\\/hu\\\/shop\\\/girl-power-kit-600-kg-hardcore-allround-360-magnes-horgasz-szett\\\/#primaryimage\",\"url\":\"https:\\\/\\\/magnetarmagnets.com\\\/wp-content\\\/uploads\\\/2021\\\/10\\\/Kopie-van-MAGNETAR-KIT-CANVA-1.png\",\"contentUrl\":\"https:\\\/\\\/magnetarmagnets.com\\\/wp-content\\\/uploads\\\/2021\\\/10\\\/Kopie-van-MAGNETAR-KIT-CANVA-1.png\",\"width\":1500,\"height\":1500,\"caption\":\"Girl Power Package - Hardcore Fishing Magnet\"},{\"@type\":\"BreadcrumbList\",\"@id\":\"https:\\\/\\\/magnetarmagnets.com\\\/hu\\\/shop\\\/girl-power-kit-600-kg-hardcore-allround-360-magnes-horgasz-szett\\\/#breadcrumb\",\"itemListElement\":[{\"@type\":\"ListItem\",\"position\":1,\"name\":\"Home\",\"item\":\"https:\\\/\\\/magnetarmagnets.com\\\/hu\\\/\"},{\"@type\":\"ListItem\",\"position\":2,\"name\":\"Webshop\",\"item\":\"https:\\\/\\\/magnetarmagnets.com\\\/webshop\\\/\"},{\"@type\":\"ListItem\",\"position\":3,\"name\":\"Horg\u00e1sz m\u00e1gnesek\",\"item\":\"https:\\\/\\\/magnetarmagnets.com\\\/hu\\\/collections\\\/horgasz-magnesek\\\/\"},{\"@type\":\"ListItem\",\"position\":4,\"name\":\"Horg\u00e1sz m\u00e1gnesek 360\u00b0\",\"item\":\"https:\\\/\\\/magnetarmagnets.com\\\/hu\\\/collections\\\/horgasz-magnesek\\\/horgasz-magnesek-360\\\/\"},{\"@type\":\"ListItem\",\"position\":5,\"name\":\"Girl Power Kit \u2013 600 kg \u2013 Hardcore Allround 360\u00b0 m\u00e1gnes horg\u00e1sz szett\"}]},{\"@type\":\"WebSite\",\"@id\":\"https:\\\/\\\/magnetarmagnets.com\\\/hu\\\/#website\",\"url\":\"https:\\\/\\\/magnetarmagnets.com\\\/hu\\\/\",\"name\":\"Magnet fishing with a Magnetar fishing magnet\",\"description\":\"Er\u0151s m\u00e1gnesek m\u00e1gneshorg\u00e1szathoz\",\"publisher\":{\"@id\":\"https:\\\/\\\/magnetarmagnets.com\\\/hu\\\/#organization\"},\"potentialAction\":[{\"@type\":\"SearchAction\",\"target\":{\"@type\":\"EntryPoint\",\"urlTemplate\":\"https:\\\/\\\/magnetarmagnets.com\\\/hu\\\/?s={search_term_string}\"},\"query-input\":{\"@type\":\"PropertyValueSpecification\",\"valueRequired\":true,\"valueName\":\"search_term_string\"}}],\"inLanguage\":\"hu\"},{\"@type\":\"Organization\",\"@id\":\"https:\\\/\\\/magnetarmagnets.com\\\/hu\\\/#organization\",\"name\":\"Magnetar\",\"url\":\"https:\\\/\\\/magnetarmagnets.com\\\/hu\\\/\",\"logo\":{\"@type\":\"ImageObject\",\"inLanguage\":\"hu\",\"@id\":\"https:\\\/\\\/magnetarmagnets.com\\\/hu\\\/#\\\/schema\\\/logo\\\/image\\\/\",\"url\":\"https:\\\/\\\/magnetarmagnets.com\\\/wp-content\\\/uploads\\\/2025\\\/05\\\/Logo-03_PNG-Black-scaled.png\",\"contentUrl\":\"https:\\\/\\\/magnetarmagnets.com\\\/wp-content\\\/uploads\\\/2025\\\/05\\\/Logo-03_PNG-Black-scaled.png\",\"width\":2560,\"height\":1658,\"caption\":\"Magnetar\"},\"image\":{\"@id\":\"https:\\\/\\\/magnetarmagnets.com\\\/hu\\\/#\\\/schema\\\/logo\\\/image\\\/\"},\"sameAs\":[\"https:\\\/\\\/www.facebook.com\\\/fishingmagnets\\\/\",\"https:\\\/\\\/www.instagram.com\\\/magnetar_magnets\\\/\",\"https:\\\/\\\/www.linkedin.com\\\/company\\\/magnetarbv\\\/?originalSubdomain=nl\",\"https:\\\/\\\/www.youtube.com\\\/c\\\/MagnetarVismagneet\"]}]}<\/script>\n<!-- \/ Yoast SEO plugin. -->","yoast_head_json":{"title":"Girl Power Kit \u2013 1300 lb \/ 600 kg \u2013 Hardcore Allround 360\u00b0","description":"M\u00e1gnes horg\u00e1szat l\u00e1nyoknak? A Girl Power Kit kiv\u00e1l\u00f3an alkalmas n\u0151knek, akik a kincskeres\u0151s hobbijukat k\u00f6vetkez\u0151 szintre szeretn\u00e9k emelni!","robots":{"index":"index","follow":"follow","max-snippet":"max-snippet:-1","max-image-preview":"max-image-preview:large","max-video-preview":"max-video-preview:-1"},"canonical":"https:\/\/magnetarmagnets.com\/hu\/shop\/girl-power-kit-600-kg-hardcore-allround-360-magnes-horgasz-szett\/","og_locale":"hu_HU","og_type":"article","og_title":"Girl Power Kit \u2013 1300 lb \/ 600 kg \u2013 Hardcore Allround 360\u00b0","og_description":"M\u00e1gnes horg\u00e1szat l\u00e1nyoknak? A Girl Power Kit kiv\u00e1l\u00f3an alkalmas n\u0151knek, akik a kincskeres\u0151s hobbijukat k\u00f6vetkez\u0151 szintre szeretn\u00e9k emelni!","og_url":"https:\/\/magnetarmagnets.com\/hu\/shop\/girl-power-kit-600-kg-hardcore-allround-360-magnes-horgasz-szett\/","og_site_name":"Magnet fishing with a Magnetar fishing magnet","article_publisher":"https:\/\/www.facebook.com\/fishingmagnets\/","article_modified_time":"2026-04-14T19:49:45+00:00","og_image":[{"width":1500,"height":1500,"url":"https:\/\/magnetarmagnets.com\/wp-content\/uploads\/2021\/10\/Kopie-van-MAGNETAR-KIT-CANVA-1.png","type":"image\/png"}],"twitter_card":"summary_large_image","twitter_misc":{"Becs\u00fclt olvas\u00e1si id\u0151":"4 perc"},"schema":{"@context":"https:\/\/schema.org","@graph":[{"@type":["WebPage","ItemPage"],"@id":"https:\/\/magnetarmagnets.com\/hu\/shop\/girl-power-kit-600-kg-hardcore-allround-360-magnes-horgasz-szett\/","url":"https:\/\/magnetarmagnets.com\/hu\/shop\/girl-power-kit-600-kg-hardcore-allround-360-magnes-horgasz-szett\/","name":"Girl Power Kit \u2013 1300 lb \/ 600 kg \u2013 Hardcore Allround 360\u00b0","isPartOf":{"@id":"https:\/\/magnetarmagnets.com\/hu\/#website"},"primaryImageOfPage":{"@id":"https:\/\/magnetarmagnets.com\/hu\/shop\/girl-power-kit-600-kg-hardcore-allround-360-magnes-horgasz-szett\/#primaryimage"},"image":{"@id":"https:\/\/magnetarmagnets.com\/hu\/shop\/girl-power-kit-600-kg-hardcore-allround-360-magnes-horgasz-szett\/#primaryimage"},"thumbnailUrl":"https:\/\/magnetarmagnets.com\/wp-content\/uploads\/2021\/10\/Kopie-van-MAGNETAR-KIT-CANVA-1.png","datePublished":"2025-06-05T07:54:16+00:00","dateModified":"2026-04-14T19:49:45+00:00","description":"M\u00e1gnes horg\u00e1szat l\u00e1nyoknak? A Girl Power Kit kiv\u00e1l\u00f3an alkalmas n\u0151knek, akik a kincskeres\u0151s hobbijukat k\u00f6vetkez\u0151 szintre szeretn\u00e9k emelni!","breadcrumb":{"@id":"https:\/\/magnetarmagnets.com\/hu\/shop\/girl-power-kit-600-kg-hardcore-allround-360-magnes-horgasz-szett\/#breadcrumb"},"inLanguage":"hu","potentialAction":[{"@type":"ReadAction","target":["https:\/\/magnetarmagnets.com\/hu\/shop\/girl-power-kit-600-kg-hardcore-allround-360-magnes-horgasz-szett\/"]}]},{"@type":"ImageObject","inLanguage":"hu","@id":"https:\/\/magnetarmagnets.com\/hu\/shop\/girl-power-kit-600-kg-hardcore-allround-360-magnes-horgasz-szett\/#primaryimage","url":"https:\/\/magnetarmagnets.com\/wp-content\/uploads\/2021\/10\/Kopie-van-MAGNETAR-KIT-CANVA-1.png","contentUrl":"https:\/\/magnetarmagnets.com\/wp-content\/uploads\/2021\/10\/Kopie-van-MAGNETAR-KIT-CANVA-1.png","width":1500,"height":1500,"caption":"Girl Power Package - Hardcore Fishing Magnet"},{"@type":"BreadcrumbList","@id":"https:\/\/magnetarmagnets.com\/hu\/shop\/girl-power-kit-600-kg-hardcore-allround-360-magnes-horgasz-szett\/#breadcrumb","itemListElement":[{"@type":"ListItem","position":1,"name":"Home","item":"https:\/\/magnetarmagnets.com\/hu\/"},{"@type":"ListItem","position":2,"name":"Webshop","item":"https:\/\/magnetarmagnets.com\/webshop\/"},{"@type":"ListItem","position":3,"name":"Horg\u00e1sz m\u00e1gnesek","item":"https:\/\/magnetarmagnets.com\/hu\/collections\/horgasz-magnesek\/"},{"@type":"ListItem","position":4,"name":"Horg\u00e1sz m\u00e1gnesek 360\u00b0","item":"https:\/\/magnetarmagnets.com\/hu\/collections\/horgasz-magnesek\/horgasz-magnesek-360\/"},{"@type":"ListItem","position":5,"name":"Girl Power Kit \u2013 600 kg \u2013 Hardcore Allround 360\u00b0 m\u00e1gnes horg\u00e1sz szett"}]},{"@type":"WebSite","@id":"https:\/\/magnetarmagnets.com\/hu\/#website","url":"https:\/\/magnetarmagnets.com\/hu\/","name":"Magnet fishing with a Magnetar fishing magnet","description":"Er\u0151s m\u00e1gnesek m\u00e1gneshorg\u00e1szathoz","publisher":{"@id":"https:\/\/magnetarmagnets.com\/hu\/#organization"},"potentialAction":[{"@type":"SearchAction","target":{"@type":"EntryPoint","urlTemplate":"https:\/\/magnetarmagnets.com\/hu\/?s={search_term_string}"},"query-input":{"@type":"PropertyValueSpecification","valueRequired":true,"valueName":"search_term_string"}}],"inLanguage":"hu"},{"@type":"Organization","@id":"https:\/\/magnetarmagnets.com\/hu\/#organization","name":"Magnetar","url":"https:\/\/magnetarmagnets.com\/hu\/","logo":{"@type":"ImageObject","inLanguage":"hu","@id":"https:\/\/magnetarmagnets.com\/hu\/#\/schema\/logo\/image\/","url":"https:\/\/magnetarmagnets.com\/wp-content\/uploads\/2025\/05\/Logo-03_PNG-Black-scaled.png","contentUrl":"https:\/\/magnetarmagnets.com\/wp-content\/uploads\/2025\/05\/Logo-03_PNG-Black-scaled.png","width":2560,"height":1658,"caption":"Magnetar"},"image":{"@id":"https:\/\/magnetarmagnets.com\/hu\/#\/schema\/logo\/image\/"},"sameAs":["https:\/\/www.facebook.com\/fishingmagnets\/","https:\/\/www.instagram.com\/magnetar_magnets\/","https:\/\/www.linkedin.com\/company\/magnetarbv\/?originalSubdomain=nl","https:\/\/www.youtube.com\/c\/MagnetarVismagneet"]}]}},"_links":{"self":[{"href":"https:\/\/magnetarmagnets.com\/hu\/wp-json\/wp\/v2\/product\/82588","targetHints":{"allow":["GET"]}}],"collection":[{"href":"https:\/\/magnetarmagnets.com\/hu\/wp-json\/wp\/v2\/product"}],"about":[{"href":"https:\/\/magnetarmagnets.com\/hu\/wp-json\/wp\/v2\/types\/product"}],"replies":[{"embeddable":true,"href":"https:\/\/magnetarmagnets.com\/hu\/wp-json\/wp\/v2\/comments?post=82588"}],"version-history":[{"count":0,"href":"https:\/\/magnetarmagnets.com\/hu\/wp-json\/wp\/v2\/product\/82588\/revisions"}],"wp:featuredmedia":[{"embeddable":true,"href":"https:\/\/magnetarmagnets.com\/hu\/wp-json\/wp\/v2\/media\/74243"}],"wp:attachment":[{"href":"https:\/\/magnetarmagnets.com\/hu\/wp-json\/wp\/v2\/media?parent=82588"}],"wp:term":[{"taxonomy":"product_brand","embeddable":true,"href":"https:\/\/magnetarmagnets.com\/hu\/wp-json\/wp\/v2\/product_brand?post=82588"},{"taxonomy":"product_cat","embeddable":true,"href":"https:\/\/magnetarmagnets.com\/hu\/wp-json\/wp\/v2\/product_cat?post=82588"},{"taxonomy":"product_tag","embeddable":true,"href":"https:\/\/magnetarmagnets.com\/hu\/wp-json\/wp\/v2\/product_tag?post=82588"}],"curies":[{"name":"wp","href":"https:\/\/api.w.org\/{rel}","templated":true}]}}