{"id":82587,"date":"2025-06-05T09:54:15","date_gmt":"2025-06-05T07:54:15","guid":{"rendered":"https:\/\/magnetarmagnets.com\/?post_type=product&#038;p=82587"},"modified":"2026-04-03T19:12:02","modified_gmt":"2026-04-03T17:12:02","slug":"360-os-allround-magnes-vedoburkolata","status":"publish","type":"product","link":"https:\/\/magnetarmagnets.com\/hu\/shop\/360-os-allround-magnes-vedoburkolata\/","title":{"rendered":"360\u00b0-os allround m\u00e1gnes v\u00e9d\u0151burkolata"},"content":{"rendered":"<h2><strong>360\u00b0-os allround m\u00e1gnesek v\u00e9d\u0151burkolatai<\/strong><\/h2>\r\nA t\u00f6k\u00e9letes kieg\u00e9sz\u00edt\u0151 a m\u00e1gneshorg\u00e1szok sz\u00e1m\u00e1ra, akik haszn\u00e1lat k\u00f6zben meg akarj\u00e1k \u00f3vni neod\u00edmium m\u00e1gnes\u00fcket. Ezek a tart\u00f3s burkolatok kifejezetten \u00fagy k\u00e9sz\u00fcltek, hogy t\u00f6k\u00e9letesen illeszkedjenek a m\u00e1gnesre, \u00e9s extra v\u00e9delmi r\u00e9teget biztos\u00edtsanak karcol\u00e1sok, t\u00f6r\u00e9sek \u00e9s egy\u00e9b s\u00e9r\u00fcl\u00e9sek ellen. V\u00e9d\u0151burkolataink hossz\u00fa \u00e9lettartamra lettek tervezve, \u00e9s m\u00e9g a legkem\u00e9nyebb k\u00f6r\u00fclm\u00e9nyeknek is ellen\u00e1llnak. A burkolat rozsdamentes ac\u00e9lb\u00f3l k\u00e9sz\u00fclt, \u00edgy m\u00e1gnes\u00e9nek 360\u00b0-os m\u00e1gnesess\u00e9ge megmarad (maxim\u00e1lisan 5%-os h\u00faz\u00f3er\u0151-vesztes\u00e9g). V\u00e9d\u0151burkolatainkkal nyugodtan horg\u00e1szhat m\u00e1gnessel an\u00e9lk\u00fcl, hogy agg\u00f3dnia kellene \u00e9rt\u00e9kes horg\u00e1sz m\u00e1gnese s\u00e9r\u00fcl\u00e9se miatt. Rendelje meg m\u00e9g ma v\u00e9d\u0151burkolat\u00e1t, \u00e9s \u00e9lvezze a nyugalmat, amit a m\u00e1gnes v\u00e9detts\u00e9ge biztos\u00edt.\r\n\r\n(K\u00e9rj\u00fck, vegye figyelembe, hogy a m\u00e1gnes alja nem v\u00e9dett a burkolattal.)\r\n\r\nA Magnetar\u00ae 360\u00b0-os m\u00e1gnesek t\u00f6r\u00e9kenyek: ez nem gy\u00e1rt\u00e1si hiba, hanem a term\u00e9k tulajdons\u00e1ga. A m\u00e1gneseket m\u00e1gneses porb\u00f3l (neod\u00edmium) pr\u00e9selik \u00f6ssze. Ha egy v\u00e9d\u0151burkolat n\u00e9lk\u00fcli m\u00e1gnes k\u00f6vetnek csap\u00f3dik, darabok t\u00f6rhetnek le. Ez\u00e9rt v\u00e9dje m\u00e1gnes\u00e9t megfelel\u0151 v\u00e9d\u0151burkolattal, \u00e9s n\u00f6velje \u00e9lettartam\u00e1t. A burkolat haszn\u00e1lata k\u00f6r\u00fclbel\u00fcl 5%-kal cs\u00f6kkenti a h\u00faz\u00f3er\u0151t.\r\n<h2><strong>Er\u0151sen aj\u00e1nljuk v\u00e9d\u0151burkolataink haszn\u00e1lat\u00e1t:<\/strong><\/h2>\r\n<span lang=\"en\">\u2022 Megn\u00f6veli a m\u00e1gnes \u00e9lettartam\u00e1t<\/span>\r\n\r\n\u2022 <span lang=\"en\">Kevesebb s\u00e9r\u00fcl\u00e9s es\u00e9skor a talajra<\/span>\r\n\r\n<span lang=\"en\">\u2022 V\u00e9di a m\u00e1gnes porlad\u00e1sa ellen<\/span>\r\n\r\n&nbsp;\r\n\r\nNe feledje megtekinteni az <a href=\"https:\/\/magnetarmagnets.com\/\" target=\"_blank\" rel=\"noopener\">m\u00e1gnes horg\u00e1szat term\u00e9keinket<\/a> \u00e9s a <a href=\"https:\/\/magnetarmagnets.com\/collections\/fishing-magnets\/magnet-fishing-kit\/\" target=\"_blank\" rel=\"noopener\">m\u00e1gnes horg\u00e1sz szetteket<\/a>. A v\u00e9d\u0151burkolat a 360\u00b0-os m\u00e1gnes csomagok r\u00e9sze.","protected":false},"excerpt":{"rendered":"<p><span style=\"font-weight: 400;\">Er\u0151sen aj\u00e1nlott <strong>meg\u00f3vni<\/strong> 360\u00b0-os allround horg\u00e1sz m\u00e1gnes\u00e9t.<\/span><\/p>\n","protected":false},"featured_media":77021,"comment_status":"open","ping_status":"closed","template":"","meta":{"_acf_changed":false,"inline_featured_image":false},"product_brand":[],"product_cat":[536,537,1005],"product_tag":[],"class_list":{"0":"post-82587","1":"product","2":"type-product","3":"status-publish","4":"has-post-thumbnail","6":"product_cat-felszereles","7":"product_cat-horgasz-magnes-felszereles","8":"product_cat-osszes-termek","10":"first","11":"instock","12":"taxable","13":"shipping-taxable","14":"purchasable","15":"product-type-variable"},"acf":[],"yoast_head":"<!-- This site is optimized with the Yoast SEO plugin v27.4 - https:\/\/yoast.com\/product\/yoast-seo-wordpress\/ -->\n<title>360\u00b0-os allround m\u00e1gnes v\u00e9d\u0151burkolata - Magnet fishing with a Magnetar fishing magnet<\/title>\n<meta name=\"description\" content=\"360\u00b0-os allround m\u00e1gnesek v\u00e9d\u0151burkolatai \u2013 Magnetar\" \/>\n<meta name=\"robots\" content=\"index, follow, max-snippet:-1, max-image-preview:large, max-video-preview:-1\" \/>\n<link rel=\"canonical\" href=\"https:\/\/magnetarmagnets.com\/hu\/shop\/360-os-allround-magnes-vedoburkolata\/\" \/>\n<meta property=\"og:locale\" content=\"hu_HU\" \/>\n<meta property=\"og:type\" content=\"article\" \/>\n<meta property=\"og:title\" content=\"360\u00b0-os allround m\u00e1gnes v\u00e9d\u0151burkolata - Magnet fishing with a Magnetar fishing magnet\" \/>\n<meta property=\"og:description\" content=\"360\u00b0-os allround m\u00e1gnesek v\u00e9d\u0151burkolatai \u2013 Magnetar\" \/>\n<meta property=\"og:url\" content=\"https:\/\/magnetarmagnets.com\/hu\/shop\/360-os-allround-magnes-vedoburkolata\/\" \/>\n<meta property=\"og:site_name\" content=\"Magnet fishing with a Magnetar fishing magnet\" \/>\n<meta property=\"article:publisher\" content=\"https:\/\/www.facebook.com\/fishingmagnets\/\" \/>\n<meta property=\"article:modified_time\" content=\"2026-04-03T17:12:02+00:00\" \/>\n<meta property=\"og:image\" content=\"https:\/\/magnetarmagnets.com\/wp-content\/uploads\/2018\/09\/2887.jpg\" \/>\n\t<meta property=\"og:image:width\" content=\"1000\" \/>\n\t<meta property=\"og:image:height\" content=\"1000\" \/>\n\t<meta property=\"og:image:type\" content=\"image\/jpeg\" \/>\n<meta name=\"twitter:card\" content=\"summary_large_image\" \/>\n<meta name=\"twitter:label1\" content=\"Becs\u00fclt olvas\u00e1si id\u0151\" \/>\n\t<meta name=\"twitter:data1\" content=\"2 perc\" \/>\n<script type=\"application\/ld+json\" class=\"yoast-schema-graph\">{\"@context\":\"https:\\\/\\\/schema.org\",\"@graph\":[{\"@type\":[\"WebPage\",\"ItemPage\"],\"@id\":\"https:\\\/\\\/magnetarmagnets.com\\\/hu\\\/shop\\\/360-os-allround-magnes-vedoburkolata\\\/\",\"url\":\"https:\\\/\\\/magnetarmagnets.com\\\/hu\\\/shop\\\/360-os-allround-magnes-vedoburkolata\\\/\",\"name\":\"360\u00b0-os allround m\u00e1gnes v\u00e9d\u0151burkolata - Magnet fishing with a Magnetar fishing magnet\",\"isPartOf\":{\"@id\":\"https:\\\/\\\/magnetarmagnets.com\\\/hu\\\/#website\"},\"primaryImageOfPage\":{\"@id\":\"https:\\\/\\\/magnetarmagnets.com\\\/hu\\\/shop\\\/360-os-allround-magnes-vedoburkolata\\\/#primaryimage\"},\"image\":{\"@id\":\"https:\\\/\\\/magnetarmagnets.com\\\/hu\\\/shop\\\/360-os-allround-magnes-vedoburkolata\\\/#primaryimage\"},\"thumbnailUrl\":\"https:\\\/\\\/magnetarmagnets.com\\\/wp-content\\\/uploads\\\/2018\\\/09\\\/2887.jpg\",\"datePublished\":\"2025-06-05T07:54:15+00:00\",\"dateModified\":\"2026-04-03T17:12:02+00:00\",\"description\":\"360\u00b0-os allround m\u00e1gnesek v\u00e9d\u0151burkolatai \u2013 Magnetar\",\"breadcrumb\":{\"@id\":\"https:\\\/\\\/magnetarmagnets.com\\\/hu\\\/shop\\\/360-os-allround-magnes-vedoburkolata\\\/#breadcrumb\"},\"inLanguage\":\"hu\",\"potentialAction\":[{\"@type\":\"ReadAction\",\"target\":[\"https:\\\/\\\/magnetarmagnets.com\\\/hu\\\/shop\\\/360-os-allround-magnes-vedoburkolata\\\/\"]}]},{\"@type\":\"ImageObject\",\"inLanguage\":\"hu\",\"@id\":\"https:\\\/\\\/magnetarmagnets.com\\\/hu\\\/shop\\\/360-os-allround-magnes-vedoburkolata\\\/#primaryimage\",\"url\":\"https:\\\/\\\/magnetarmagnets.com\\\/wp-content\\\/uploads\\\/2018\\\/09\\\/2887.jpg\",\"contentUrl\":\"https:\\\/\\\/magnetarmagnets.com\\\/wp-content\\\/uploads\\\/2018\\\/09\\\/2887.jpg\",\"width\":1000,\"height\":1000,\"caption\":\"Protection cover fishing magnets\"},{\"@type\":\"BreadcrumbList\",\"@id\":\"https:\\\/\\\/magnetarmagnets.com\\\/hu\\\/shop\\\/360-os-allround-magnes-vedoburkolata\\\/#breadcrumb\",\"itemListElement\":[{\"@type\":\"ListItem\",\"position\":1,\"name\":\"Home\",\"item\":\"https:\\\/\\\/magnetarmagnets.com\\\/hu\\\/\"},{\"@type\":\"ListItem\",\"position\":2,\"name\":\"Webshop\",\"item\":\"https:\\\/\\\/magnetarmagnets.com\\\/webshop\\\/\"},{\"@type\":\"ListItem\",\"position\":3,\"name\":\"Felszerel\u00e9s\",\"item\":\"https:\\\/\\\/magnetarmagnets.com\\\/hu\\\/collections\\\/felszereles\\\/\"},{\"@type\":\"ListItem\",\"position\":4,\"name\":\"Horg\u00e1sz m\u00e1gnes felszerel\u00e9s\",\"item\":\"https:\\\/\\\/magnetarmagnets.com\\\/hu\\\/collections\\\/felszereles\\\/horgasz-magnes-felszereles\\\/\"},{\"@type\":\"ListItem\",\"position\":5,\"name\":\"360\u00b0-os allround m\u00e1gnes v\u00e9d\u0151burkolata\"}]},{\"@type\":\"WebSite\",\"@id\":\"https:\\\/\\\/magnetarmagnets.com\\\/hu\\\/#website\",\"url\":\"https:\\\/\\\/magnetarmagnets.com\\\/hu\\\/\",\"name\":\"Magnet fishing with a Magnetar fishing magnet\",\"description\":\"Er\u0151s m\u00e1gnesek m\u00e1gneshorg\u00e1szathoz\",\"publisher\":{\"@id\":\"https:\\\/\\\/magnetarmagnets.com\\\/hu\\\/#organization\"},\"potentialAction\":[{\"@type\":\"SearchAction\",\"target\":{\"@type\":\"EntryPoint\",\"urlTemplate\":\"https:\\\/\\\/magnetarmagnets.com\\\/hu\\\/?s={search_term_string}\"},\"query-input\":{\"@type\":\"PropertyValueSpecification\",\"valueRequired\":true,\"valueName\":\"search_term_string\"}}],\"inLanguage\":\"hu\"},{\"@type\":\"Organization\",\"@id\":\"https:\\\/\\\/magnetarmagnets.com\\\/hu\\\/#organization\",\"name\":\"Magnetar\",\"url\":\"https:\\\/\\\/magnetarmagnets.com\\\/hu\\\/\",\"logo\":{\"@type\":\"ImageObject\",\"inLanguage\":\"hu\",\"@id\":\"https:\\\/\\\/magnetarmagnets.com\\\/hu\\\/#\\\/schema\\\/logo\\\/image\\\/\",\"url\":\"https:\\\/\\\/magnetarmagnets.com\\\/wp-content\\\/uploads\\\/2025\\\/05\\\/Logo-03_PNG-Black-scaled.png\",\"contentUrl\":\"https:\\\/\\\/magnetarmagnets.com\\\/wp-content\\\/uploads\\\/2025\\\/05\\\/Logo-03_PNG-Black-scaled.png\",\"width\":2560,\"height\":1658,\"caption\":\"Magnetar\"},\"image\":{\"@id\":\"https:\\\/\\\/magnetarmagnets.com\\\/hu\\\/#\\\/schema\\\/logo\\\/image\\\/\"},\"sameAs\":[\"https:\\\/\\\/www.facebook.com\\\/fishingmagnets\\\/\",\"https:\\\/\\\/www.instagram.com\\\/magnetar_magnets\\\/\",\"https:\\\/\\\/www.linkedin.com\\\/company\\\/magnetarbv\\\/?originalSubdomain=nl\",\"https:\\\/\\\/www.youtube.com\\\/c\\\/MagnetarVismagneet\"]}]}<\/script>\n<!-- \/ Yoast SEO plugin. -->","yoast_head_json":{"title":"360\u00b0-os allround m\u00e1gnes v\u00e9d\u0151burkolata - Magnet fishing with a Magnetar fishing magnet","description":"360\u00b0-os allround m\u00e1gnesek v\u00e9d\u0151burkolatai \u2013 Magnetar","robots":{"index":"index","follow":"follow","max-snippet":"max-snippet:-1","max-image-preview":"max-image-preview:large","max-video-preview":"max-video-preview:-1"},"canonical":"https:\/\/magnetarmagnets.com\/hu\/shop\/360-os-allround-magnes-vedoburkolata\/","og_locale":"hu_HU","og_type":"article","og_title":"360\u00b0-os allround m\u00e1gnes v\u00e9d\u0151burkolata - Magnet fishing with a Magnetar fishing magnet","og_description":"360\u00b0-os allround m\u00e1gnesek v\u00e9d\u0151burkolatai \u2013 Magnetar","og_url":"https:\/\/magnetarmagnets.com\/hu\/shop\/360-os-allround-magnes-vedoburkolata\/","og_site_name":"Magnet fishing with a Magnetar fishing magnet","article_publisher":"https:\/\/www.facebook.com\/fishingmagnets\/","article_modified_time":"2026-04-03T17:12:02+00:00","og_image":[{"width":1000,"height":1000,"url":"https:\/\/magnetarmagnets.com\/wp-content\/uploads\/2018\/09\/2887.jpg","type":"image\/jpeg"}],"twitter_card":"summary_large_image","twitter_misc":{"Becs\u00fclt olvas\u00e1si id\u0151":"2 perc"},"schema":{"@context":"https:\/\/schema.org","@graph":[{"@type":["WebPage","ItemPage"],"@id":"https:\/\/magnetarmagnets.com\/hu\/shop\/360-os-allround-magnes-vedoburkolata\/","url":"https:\/\/magnetarmagnets.com\/hu\/shop\/360-os-allround-magnes-vedoburkolata\/","name":"360\u00b0-os allround m\u00e1gnes v\u00e9d\u0151burkolata - Magnet fishing with a Magnetar fishing magnet","isPartOf":{"@id":"https:\/\/magnetarmagnets.com\/hu\/#website"},"primaryImageOfPage":{"@id":"https:\/\/magnetarmagnets.com\/hu\/shop\/360-os-allround-magnes-vedoburkolata\/#primaryimage"},"image":{"@id":"https:\/\/magnetarmagnets.com\/hu\/shop\/360-os-allround-magnes-vedoburkolata\/#primaryimage"},"thumbnailUrl":"https:\/\/magnetarmagnets.com\/wp-content\/uploads\/2018\/09\/2887.jpg","datePublished":"2025-06-05T07:54:15+00:00","dateModified":"2026-04-03T17:12:02+00:00","description":"360\u00b0-os allround m\u00e1gnesek v\u00e9d\u0151burkolatai \u2013 Magnetar","breadcrumb":{"@id":"https:\/\/magnetarmagnets.com\/hu\/shop\/360-os-allround-magnes-vedoburkolata\/#breadcrumb"},"inLanguage":"hu","potentialAction":[{"@type":"ReadAction","target":["https:\/\/magnetarmagnets.com\/hu\/shop\/360-os-allround-magnes-vedoburkolata\/"]}]},{"@type":"ImageObject","inLanguage":"hu","@id":"https:\/\/magnetarmagnets.com\/hu\/shop\/360-os-allround-magnes-vedoburkolata\/#primaryimage","url":"https:\/\/magnetarmagnets.com\/wp-content\/uploads\/2018\/09\/2887.jpg","contentUrl":"https:\/\/magnetarmagnets.com\/wp-content\/uploads\/2018\/09\/2887.jpg","width":1000,"height":1000,"caption":"Protection cover fishing magnets"},{"@type":"BreadcrumbList","@id":"https:\/\/magnetarmagnets.com\/hu\/shop\/360-os-allround-magnes-vedoburkolata\/#breadcrumb","itemListElement":[{"@type":"ListItem","position":1,"name":"Home","item":"https:\/\/magnetarmagnets.com\/hu\/"},{"@type":"ListItem","position":2,"name":"Webshop","item":"https:\/\/magnetarmagnets.com\/webshop\/"},{"@type":"ListItem","position":3,"name":"Felszerel\u00e9s","item":"https:\/\/magnetarmagnets.com\/hu\/collections\/felszereles\/"},{"@type":"ListItem","position":4,"name":"Horg\u00e1sz m\u00e1gnes felszerel\u00e9s","item":"https:\/\/magnetarmagnets.com\/hu\/collections\/felszereles\/horgasz-magnes-felszereles\/"},{"@type":"ListItem","position":5,"name":"360\u00b0-os allround m\u00e1gnes v\u00e9d\u0151burkolata"}]},{"@type":"WebSite","@id":"https:\/\/magnetarmagnets.com\/hu\/#website","url":"https:\/\/magnetarmagnets.com\/hu\/","name":"Magnet fishing with a Magnetar fishing magnet","description":"Er\u0151s m\u00e1gnesek m\u00e1gneshorg\u00e1szathoz","publisher":{"@id":"https:\/\/magnetarmagnets.com\/hu\/#organization"},"potentialAction":[{"@type":"SearchAction","target":{"@type":"EntryPoint","urlTemplate":"https:\/\/magnetarmagnets.com\/hu\/?s={search_term_string}"},"query-input":{"@type":"PropertyValueSpecification","valueRequired":true,"valueName":"search_term_string"}}],"inLanguage":"hu"},{"@type":"Organization","@id":"https:\/\/magnetarmagnets.com\/hu\/#organization","name":"Magnetar","url":"https:\/\/magnetarmagnets.com\/hu\/","logo":{"@type":"ImageObject","inLanguage":"hu","@id":"https:\/\/magnetarmagnets.com\/hu\/#\/schema\/logo\/image\/","url":"https:\/\/magnetarmagnets.com\/wp-content\/uploads\/2025\/05\/Logo-03_PNG-Black-scaled.png","contentUrl":"https:\/\/magnetarmagnets.com\/wp-content\/uploads\/2025\/05\/Logo-03_PNG-Black-scaled.png","width":2560,"height":1658,"caption":"Magnetar"},"image":{"@id":"https:\/\/magnetarmagnets.com\/hu\/#\/schema\/logo\/image\/"},"sameAs":["https:\/\/www.facebook.com\/fishingmagnets\/","https:\/\/www.instagram.com\/magnetar_magnets\/","https:\/\/www.linkedin.com\/company\/magnetarbv\/?originalSubdomain=nl","https:\/\/www.youtube.com\/c\/MagnetarVismagneet"]}]}},"_links":{"self":[{"href":"https:\/\/magnetarmagnets.com\/hu\/wp-json\/wp\/v2\/product\/82587","targetHints":{"allow":["GET"]}}],"collection":[{"href":"https:\/\/magnetarmagnets.com\/hu\/wp-json\/wp\/v2\/product"}],"about":[{"href":"https:\/\/magnetarmagnets.com\/hu\/wp-json\/wp\/v2\/types\/product"}],"replies":[{"embeddable":true,"href":"https:\/\/magnetarmagnets.com\/hu\/wp-json\/wp\/v2\/comments?post=82587"}],"version-history":[{"count":1,"href":"https:\/\/magnetarmagnets.com\/hu\/wp-json\/wp\/v2\/product\/82587\/revisions"}],"predecessor-version":[{"id":95220,"href":"https:\/\/magnetarmagnets.com\/hu\/wp-json\/wp\/v2\/product\/82587\/revisions\/95220"}],"wp:featuredmedia":[{"embeddable":true,"href":"https:\/\/magnetarmagnets.com\/hu\/wp-json\/wp\/v2\/media\/77021"}],"wp:attachment":[{"href":"https:\/\/magnetarmagnets.com\/hu\/wp-json\/wp\/v2\/media?parent=82587"}],"wp:term":[{"taxonomy":"product_brand","embeddable":true,"href":"https:\/\/magnetarmagnets.com\/hu\/wp-json\/wp\/v2\/product_brand?post=82587"},{"taxonomy":"product_cat","embeddable":true,"href":"https:\/\/magnetarmagnets.com\/hu\/wp-json\/wp\/v2\/product_cat?post=82587"},{"taxonomy":"product_tag","embeddable":true,"href":"https:\/\/magnetarmagnets.com\/hu\/wp-json\/wp\/v2\/product_tag?post=82587"}],"curies":[{"name":"wp","href":"https:\/\/api.w.org\/{rel}","templated":true}]}}