{"id":82585,"date":"2025-06-05T09:54:16","date_gmt":"2025-06-05T07:54:16","guid":{"rendered":"https:\/\/magnetarmagnets.com\/?post_type=product&#038;p=82585"},"modified":"2026-04-14T21:34:39","modified_gmt":"2026-04-14T19:34:39","slug":"beast-360-allround-horgasz-magnes-1400-kg","status":"publish","type":"product","link":"https:\/\/magnetarmagnets.com\/hu\/shop\/beast-360-allround-horgasz-magnes-1400-kg\/","title":{"rendered":"Beast 360\u00b0 allround horg\u00e1sz m\u00e1gnes &#8211; 1400 kg"},"content":{"rendered":"<span style=\"font-weight: 400;\">* A m\u00e1gnes horg\u00e1szat k\u00f6zben t\u00f6rt\u00e9n\u0151 v\u00e9delme \u00e9rdek\u00e9ben haszn\u00e1ljon <a href=\"https:\/\/magnetarmagnets.com\/shop\/protection-cover-beast\/\" target=\"_blank\" rel=\"noopener\"><b>v\u00e9d\u0151tokot<\/b><\/a>. V\u00e9d\u0151tok n\u00e9lk\u00fcl a m\u00e1gnes megs\u00e9r\u00fclhet kem\u00e9ny t\u00e1rgyaknak \u00fctk\u00f6z\u00e9skor. A v\u00e9d\u0151tok nem r\u00e9sze a m\u00e1gnesnek.<\/span>\n\n<h2><b>A Beast neod\u00edmium horg\u00e1sz m\u00e1gnes<\/b><\/h2>\n\n<span style=\"font-weight: 400;\">A <a href=\"https:\/\/magnetarmagnets.com\/shop\/hardcore-magnet-2\/\" target=\"_blank\" rel=\"noopener\">Hardcore<\/a> \u00e9s a <a href=\"https:\/\/magnetarmagnets.com\/shop\/exclusive-terror-magnet\/\" target=\"_blank\" rel=\"noopener\">Terror<\/a> m\u00e1gnesekr\u0151l kapott pozit\u00edv visszajelz\u00e9sek \u00f6szt\u00f6n\u00f6ztek minket egy \u00faj szuperer\u0151, a Beast kifejleszt\u00e9s\u00e9re! A Beast m\u00e9g a Hardcore \u00e9s Terror m\u00e1gnesn\u00e9l is er\u0151sebb; nem csup\u00e1n er\u0151s, hanem VAD ER\u0150S. A Beast horg\u00e1sz m\u00e1gnes a j\u00f3l ismert Terror m\u00e1gnes nagyobb ut\u00f3dja. Mivel a m\u00e1gnes nehezebb, extra m\u00e9lyre s\u00fcllyed a s\u00e1rban \u00e9s az iszapban, \u00edgy el\u00e9ri a m\u00e9lyebb, nehezebben megtal\u00e1lhat\u00f3 t\u00e1rgyakat.<\/span>\n\n<span style=\"font-weight: 400;\">Allround horg\u00e1sz m\u00e1gnesk\u00e9nt a Beast minden oldalon k\u00f6r\u00fclbel\u00fcl 350 kg (770 lb) h\u00faz\u00f3er\u0151t fejt ki. Teljes m\u00e9rt\u00e9kben 100% neod\u00edmiumb\u00f3l, a leger\u0151sebb \u00e1lland\u00f3 m\u00e1gneses ritkaf\u00f6ldf\u00e9m anyagb\u00f3l k\u00e9sz\u00fclt, \u00edgy a Beast optim\u00e1lis es\u00e9lyt k\u00edn\u00e1l a k\u00f6zelben \u00e9s t\u00e1volabb l\u00e9v\u0151 f\u00e9m t\u00e1rgyak befog\u00e1s\u00e1ra.<\/span>\n\n<b>\u200b\u200b\u00d6n legend\u00e1s m\u00e1gneshorg\u00e1sz?<\/b> <span style=\"font-weight: 400;\">Vagy legend\u00e1v\u00e1 v\u00e1lna? A <\/span><a href=\"https:\/\/magnetarmagnets.com\/shop\/legend-package\/\" target=\"_blank\" rel=\"noopener\"><span style=\"font-weight: 400;\">Legend Package<\/span><\/a><span style=\"font-weight: 400;\"> a t\u00f6k\u00e9letes v\u00e1laszt\u00e1s, \u00e9s mindent tartalmaz, amire a kezd\u00e9shez sz\u00fcks\u00e9ge van (\u00e9s a csomagban kedvezm\u00e9nyt is kap!). Ez a csomag mag\u00e1ban foglalja a Beast 360\u00b0 allround m\u00e1gnes\u00fcnket, valamint egy er\u0151s, 10 mm \u00e1tm\u00e9r\u0151j\u0171 k\u00f6telet karabinerrel, egy p\u00e1r v\u00edz\u00e1ll\u00f3 keszty\u0171t, egy Legend v\u00e9d\u0151tokot, ragaszt\u00f3t \u00e9s egy extra nagy rozsdamentes ac\u00e9l horogkamp\u00f3t. Ha tov\u00e1bb szeretne fejl\u0151dni, n\u00e9zze meg a <\/span><a href=\"https:\/\/magnetarmagnets.com\/shop\/warrior-package\/\" target=\"_blank\" rel=\"noopener\"><span style=\"font-weight: 400;\">Warrior Package<\/span><\/a><span style=\"font-weight: 400;\">!-ot!<\/span>\n\n<h2><b>K\u00e9szen \u00e1ll a Beast kipr\u00f3b\u00e1l\u00e1s\u00e1ra?<\/b><\/h2>\n\n<span style=\"font-weight: 400;\">M\u00e1r a neve is \u00e1rulkodik: ez a m\u00e1gnes igazi Beast! A Beast horg\u00e1sz m\u00e1gnes 360\u00b0-os h\u00faz\u00f3er\u0151vel rendelkezik, amely 1400 kg (3100 lb). A m\u00e1gnes a v\u00edz alatt minden oldalr\u00f3l mag\u00e1hoz vonzza a t\u00e1rgyakat b\u00e1rmilyen k\u00f6rnyezetben (s\u00e1r, iszap, \u00e1raml\u00e1s, szikl\u00e1s talaj), \u00e9s nem akad fenn k\u00f6nnyen a k\u00f6veken. A halad\u00f3 m\u00e1gnes horg\u00e1szat szerelmeseinek tervezve extra el\u0151vigy\u00e1zatoss\u00e1got ig\u00e9nyel haszn\u00e1lata.<\/span>\n\n<span style=\"font-weight: 400;\">A Beast azoknak sz\u00f3l, akik igaz\u00e1n \u00e9rtik a dolgukat. Ez a m\u00e1gnes annyira er\u0151s, hogy maga mozog a v\u00edz alatt, \u00e9s \u00f6n\u00e1ll\u00f3an keresi a t\u00e1rgyakat. A nagy t\u00f6meg\u00e9nek k\u00f6sz\u00f6nhet\u0151en k\u00e9pes \u00e1tszak\u00edtani a s\u00e1rt \u00e9s el\u00e9rni a legm\u00e9lyebb, legr\u00e9gebbi \u00e9s legrejtettebb kincseket. Fejlessze m\u00e1gnes horg\u00e1szat felszerel\u00e9s\u00e9t, \u00e9s szerezze be a legnehezebb kincseket, mint nagy sz\u00e9fek, fegyverek, aut\u00f3alkatr\u00e9szek, rollerek, elektromos ker\u00e9kp\u00e1rok \u00e9s m\u00e9g sok m\u00e1s.<\/span>\n\n<span style=\"font-weight: 400;\">Ha komplett k\u00e9szletre van sz\u00fcks\u00e9ge, ne felejtse el megn\u00e9zni m\u00e1gneses horg\u00e1sz szettjeinket.<\/span>\n\n<h2><b>M\u00e1gnes evol\u00faci\u00f3<\/b><\/h2>\n\n<span style=\"font-weight: 400;\">Sok m\u00e1gnes csak az egyik oldal\u00e1n fejti ki a vonz\u00f3er\u0151t. Ez az egys\u00edk\u00fa m\u00e1gnes a klasszikus horg\u00e1sz m\u00e1gnes. A Magnetar volt az els\u0151 c\u00e9g, amely ezt a klasszikus m\u00e1gnes t\u00edpust tov\u00e1bbfejlesztette dupla oldalas v\u00e1ltozatt\u00e1. 2016-ban a Magnetar kifejlesztette az 360\u00b0-os allround m\u00e1gneses h\u00faz\u00f3er\u0151vel rendelkez\u0151 allround horg\u00e1sz m\u00e1gnes\u00e9t. Magnetar neod\u00edmium m\u00e1gnesei az EU-s m\u00e1gneshorg\u00e1szok kedvencei, \u00edgy v\u00e1ltunk Eur\u00f3pa #1 besz\u00e1ll\u00edt\u00f3j\u00e1v\u00e1. M\u00e1gneseinket kis csapatunk lelkes m\u00e1gneshorg\u00e1sz rajong\u00f3i tervezt\u00e9k \u00e9s gy\u00e1rtott\u00e1k a legmagasabb min\u0151s\u00e9gi k\u00f6vetelm\u00e9nyeknek megfelel\u0151en. V\u00e1s\u00e1rl\u00f3ink visszat\u00e9rnek, mert tudj\u00e1k, hogy a Magnetarn\u00e1l nem csak m\u00e1gnest kapnak, hanem kincseket.<\/span>\n\n<h2><strong>Er\u0151teljes 360\u00b0-os h\u00faz\u00f3er\u0151<\/strong><\/h2>\n\n<span style=\"font-weight: 400;\">A Beast m\u00e1gnes az egyik leger\u0151sebb v\u00e1laszt\u00e9kunkban, h\u00faz\u00f3ereje ak\u00e1r 1400 kg (3100 lb). A Beast h\u00faz\u00f3ereje a teljes k\u00f6rnyez\u0151 ter\u00fcletr\u0151l k\u00e9pes t\u00e1rgyakat mag\u00e1hoz vonzani, ellent\u00e9tben az ac\u00e9lburkolat\u00fa egoldal\u00fa m\u00e1gnessel, amely egy ir\u00e1nyba koncentr\u00e1lja a vonz\u00f3er\u0151t. K\u00edv\u00e1ncsi a h\u00faz\u00f3er\u0151 m\u00e9r\u00e9s\u00e9re? <\/span><a href=\"https:\/\/www.youtube.com\/watch?v=2McW3RURDxs\" target=\"_blank\" rel=\"noopener\"><span style=\"font-weight: 400;\">N\u00e9zze meg vide\u00f3nkat<\/span><\/a><span style=\"font-weight: 400;\">.<\/span>","protected":false},"excerpt":{"rendered":"<p><strong>Vad er\u0151s<\/strong>, 360\u00b0-os allround horg\u00e1sz m\u00e1gnes\u00fcnk t\u00f6k\u00e9letes a m\u00e1gnes horg\u00e1szatban j\u00e1rtas horg\u00e1szok sz\u00e1m\u00e1ra. A Beast hihetetlen m\u00e1gneses vonz\u00f3er\u0151t fejt ki, \u00e9s m\u00e9g a g\u00f6mb\u00f6ly\u0171, rozsd\u00e1s vagy v\u00edz alatti t\u00e1rgyakat is messzir\u0151l mag\u00e1hoz vonzza. Ez a horg\u00e1sz m\u00e1gnes olyan <strong>er\u0151s<\/strong>, hogy a t\u00e1rol\u00e1sakor, sz\u00e1ll\u00edt\u00e1sakor \u00e9s haszn\u00e1latakor fokozott el\u0151vigy\u00e1zatoss\u00e1g sz\u00fcks\u00e9ges.<\/p>\n","protected":false},"featured_media":72174,"comment_status":"open","ping_status":"closed","template":"","meta":{"_acf_changed":false,"inline_featured_image":false},"product_brand":[],"product_cat":[528,533,530,1005],"product_tag":[],"class_list":{"0":"post-82585","1":"product","2":"type-product","3":"status-publish","4":"has-post-thumbnail","6":"product_cat-horgasz-magnesek","7":"product_cat-horgasz-magnesek-360","8":"product_cat-legerosebb-horgasz-magnesek","9":"product_cat-osszes-termek","11":"first","12":"instock","13":"sale","14":"taxable","15":"shipping-taxable","16":"purchasable","17":"product-type-simple"},"acf":[],"yoast_head":"<!-- This site is optimized with the Yoast SEO plugin v27.4 - https:\/\/yoast.com\/product\/yoast-seo-wordpress\/ -->\n<title>Beast 360\u00b0 allround horg\u00e1sz m\u00e1gnes - 1400 kg<\/title>\n<meta name=\"description\" content=\"A Beast horg\u00e1sz m\u00e1gnes nem csak er\u0151s, hanem VAD ER\u0150S \u2013 valami, amit\u0151l garant\u00e1ltan megillet\u0151dsz! A Magnetar a m\u00e1gnes horg\u00e1szat \u00e9s horg\u00e1sz m\u00e1gnesek specialist\u00e1ja!\" \/>\n<meta name=\"robots\" content=\"index, follow, max-snippet:-1, max-image-preview:large, max-video-preview:-1\" \/>\n<link rel=\"canonical\" href=\"https:\/\/magnetarmagnets.com\/hu\/shop\/beast-360-allround-horgasz-magnes-1400-kg\/\" \/>\n<meta property=\"og:locale\" content=\"hu_HU\" \/>\n<meta property=\"og:type\" content=\"article\" \/>\n<meta property=\"og:title\" content=\"Beast 360\u00b0 allround horg\u00e1sz m\u00e1gnes - 1400 kg\" \/>\n<meta property=\"og:description\" content=\"A Beast horg\u00e1sz m\u00e1gnes nem csak er\u0151s, hanem VAD ER\u0150S \u2013 valami, amit\u0151l garant\u00e1ltan megillet\u0151dsz! A Magnetar a m\u00e1gnes horg\u00e1szat \u00e9s horg\u00e1sz m\u00e1gnesek specialist\u00e1ja!\" \/>\n<meta property=\"og:url\" content=\"https:\/\/magnetarmagnets.com\/hu\/shop\/beast-360-allround-horgasz-magnes-1400-kg\/\" \/>\n<meta property=\"og:site_name\" content=\"Magnet fishing with a Magnetar fishing magnet\" \/>\n<meta property=\"article:publisher\" content=\"https:\/\/www.facebook.com\/fishingmagnets\/\" \/>\n<meta property=\"article:modified_time\" content=\"2026-04-14T19:34:39+00:00\" \/>\n<meta property=\"og:image\" content=\"https:\/\/magnetarmagnets.com\/wp-content\/uploads\/2019\/12\/Beast-magnet-360-Degrees-Neodymium.jpeg\" \/>\n\t<meta property=\"og:image:width\" content=\"1000\" \/>\n\t<meta property=\"og:image:height\" content=\"1000\" \/>\n\t<meta property=\"og:image:type\" content=\"image\/jpeg\" \/>\n<meta name=\"twitter:card\" content=\"summary_large_image\" \/>\n<meta name=\"twitter:label1\" content=\"Becs\u00fclt olvas\u00e1si id\u0151\" \/>\n\t<meta name=\"twitter:data1\" content=\"5 perc\" \/>\n<script type=\"application\/ld+json\" class=\"yoast-schema-graph\">{\"@context\":\"https:\\\/\\\/schema.org\",\"@graph\":[{\"@type\":[\"WebPage\",\"ItemPage\"],\"@id\":\"https:\\\/\\\/magnetarmagnets.com\\\/hu\\\/shop\\\/beast-360-allround-horgasz-magnes-1400-kg\\\/\",\"url\":\"https:\\\/\\\/magnetarmagnets.com\\\/hu\\\/shop\\\/beast-360-allround-horgasz-magnes-1400-kg\\\/\",\"name\":\"Beast 360\u00b0 allround horg\u00e1sz m\u00e1gnes - 1400 kg\",\"isPartOf\":{\"@id\":\"https:\\\/\\\/magnetarmagnets.com\\\/hu\\\/#website\"},\"primaryImageOfPage\":{\"@id\":\"https:\\\/\\\/magnetarmagnets.com\\\/hu\\\/shop\\\/beast-360-allround-horgasz-magnes-1400-kg\\\/#primaryimage\"},\"image\":{\"@id\":\"https:\\\/\\\/magnetarmagnets.com\\\/hu\\\/shop\\\/beast-360-allround-horgasz-magnes-1400-kg\\\/#primaryimage\"},\"thumbnailUrl\":\"https:\\\/\\\/magnetarmagnets.com\\\/wp-content\\\/uploads\\\/2019\\\/12\\\/Beast-magnet-360-Degrees-Neodymium.jpeg\",\"datePublished\":\"2025-06-05T07:54:16+00:00\",\"dateModified\":\"2026-04-14T19:34:39+00:00\",\"description\":\"A Beast horg\u00e1sz m\u00e1gnes nem csak er\u0151s, hanem VAD ER\u0150S \u2013 valami, amit\u0151l garant\u00e1ltan megillet\u0151dsz! A Magnetar a m\u00e1gnes horg\u00e1szat \u00e9s horg\u00e1sz m\u00e1gnesek specialist\u00e1ja!\",\"breadcrumb\":{\"@id\":\"https:\\\/\\\/magnetarmagnets.com\\\/hu\\\/shop\\\/beast-360-allround-horgasz-magnes-1400-kg\\\/#breadcrumb\"},\"inLanguage\":\"hu\",\"potentialAction\":[{\"@type\":\"ReadAction\",\"target\":[\"https:\\\/\\\/magnetarmagnets.com\\\/hu\\\/shop\\\/beast-360-allround-horgasz-magnes-1400-kg\\\/\"]}]},{\"@type\":\"ImageObject\",\"inLanguage\":\"hu\",\"@id\":\"https:\\\/\\\/magnetarmagnets.com\\\/hu\\\/shop\\\/beast-360-allround-horgasz-magnes-1400-kg\\\/#primaryimage\",\"url\":\"https:\\\/\\\/magnetarmagnets.com\\\/wp-content\\\/uploads\\\/2019\\\/12\\\/Beast-magnet-360-Degrees-Neodymium.jpeg\",\"contentUrl\":\"https:\\\/\\\/magnetarmagnets.com\\\/wp-content\\\/uploads\\\/2019\\\/12\\\/Beast-magnet-360-Degrees-Neodymium.jpeg\",\"width\":1000,\"height\":1000,\"caption\":\"Beast fishing magnet 360 Degree 100 procent Neodymium\"},{\"@type\":\"BreadcrumbList\",\"@id\":\"https:\\\/\\\/magnetarmagnets.com\\\/hu\\\/shop\\\/beast-360-allround-horgasz-magnes-1400-kg\\\/#breadcrumb\",\"itemListElement\":[{\"@type\":\"ListItem\",\"position\":1,\"name\":\"Home\",\"item\":\"https:\\\/\\\/magnetarmagnets.com\\\/hu\\\/\"},{\"@type\":\"ListItem\",\"position\":2,\"name\":\"Webshop\",\"item\":\"https:\\\/\\\/magnetarmagnets.com\\\/webshop\\\/\"},{\"@type\":\"ListItem\",\"position\":3,\"name\":\"\u00d6sszes term\u00e9k\",\"item\":\"https:\\\/\\\/magnetarmagnets.com\\\/hu\\\/collections\\\/osszes-termek\\\/\"},{\"@type\":\"ListItem\",\"position\":4,\"name\":\"Beast 360\u00b0 allround horg\u00e1sz m\u00e1gnes &#8211; 1400 kg\"}]},{\"@type\":\"WebSite\",\"@id\":\"https:\\\/\\\/magnetarmagnets.com\\\/hu\\\/#website\",\"url\":\"https:\\\/\\\/magnetarmagnets.com\\\/hu\\\/\",\"name\":\"Magnet fishing with a Magnetar fishing magnet\",\"description\":\"Er\u0151s m\u00e1gnesek m\u00e1gneshorg\u00e1szathoz\",\"publisher\":{\"@id\":\"https:\\\/\\\/magnetarmagnets.com\\\/hu\\\/#organization\"},\"potentialAction\":[{\"@type\":\"SearchAction\",\"target\":{\"@type\":\"EntryPoint\",\"urlTemplate\":\"https:\\\/\\\/magnetarmagnets.com\\\/hu\\\/?s={search_term_string}\"},\"query-input\":{\"@type\":\"PropertyValueSpecification\",\"valueRequired\":true,\"valueName\":\"search_term_string\"}}],\"inLanguage\":\"hu\"},{\"@type\":\"Organization\",\"@id\":\"https:\\\/\\\/magnetarmagnets.com\\\/hu\\\/#organization\",\"name\":\"Magnetar\",\"url\":\"https:\\\/\\\/magnetarmagnets.com\\\/hu\\\/\",\"logo\":{\"@type\":\"ImageObject\",\"inLanguage\":\"hu\",\"@id\":\"https:\\\/\\\/magnetarmagnets.com\\\/hu\\\/#\\\/schema\\\/logo\\\/image\\\/\",\"url\":\"https:\\\/\\\/magnetarmagnets.com\\\/wp-content\\\/uploads\\\/2025\\\/05\\\/Logo-03_PNG-Black-scaled.png\",\"contentUrl\":\"https:\\\/\\\/magnetarmagnets.com\\\/wp-content\\\/uploads\\\/2025\\\/05\\\/Logo-03_PNG-Black-scaled.png\",\"width\":2560,\"height\":1658,\"caption\":\"Magnetar\"},\"image\":{\"@id\":\"https:\\\/\\\/magnetarmagnets.com\\\/hu\\\/#\\\/schema\\\/logo\\\/image\\\/\"},\"sameAs\":[\"https:\\\/\\\/www.facebook.com\\\/fishingmagnets\\\/\",\"https:\\\/\\\/www.instagram.com\\\/magnetar_magnets\\\/\",\"https:\\\/\\\/www.linkedin.com\\\/company\\\/magnetarbv\\\/?originalSubdomain=nl\",\"https:\\\/\\\/www.youtube.com\\\/c\\\/MagnetarVismagneet\"]}]}<\/script>\n<!-- \/ Yoast SEO plugin. -->","yoast_head_json":{"title":"Beast 360\u00b0 allround horg\u00e1sz m\u00e1gnes - 1400 kg","description":"A Beast horg\u00e1sz m\u00e1gnes nem csak er\u0151s, hanem VAD ER\u0150S \u2013 valami, amit\u0151l garant\u00e1ltan megillet\u0151dsz! A Magnetar a m\u00e1gnes horg\u00e1szat \u00e9s horg\u00e1sz m\u00e1gnesek specialist\u00e1ja!","robots":{"index":"index","follow":"follow","max-snippet":"max-snippet:-1","max-image-preview":"max-image-preview:large","max-video-preview":"max-video-preview:-1"},"canonical":"https:\/\/magnetarmagnets.com\/hu\/shop\/beast-360-allround-horgasz-magnes-1400-kg\/","og_locale":"hu_HU","og_type":"article","og_title":"Beast 360\u00b0 allround horg\u00e1sz m\u00e1gnes - 1400 kg","og_description":"A Beast horg\u00e1sz m\u00e1gnes nem csak er\u0151s, hanem VAD ER\u0150S \u2013 valami, amit\u0151l garant\u00e1ltan megillet\u0151dsz! A Magnetar a m\u00e1gnes horg\u00e1szat \u00e9s horg\u00e1sz m\u00e1gnesek specialist\u00e1ja!","og_url":"https:\/\/magnetarmagnets.com\/hu\/shop\/beast-360-allround-horgasz-magnes-1400-kg\/","og_site_name":"Magnet fishing with a Magnetar fishing magnet","article_publisher":"https:\/\/www.facebook.com\/fishingmagnets\/","article_modified_time":"2026-04-14T19:34:39+00:00","og_image":[{"width":1000,"height":1000,"url":"https:\/\/magnetarmagnets.com\/wp-content\/uploads\/2019\/12\/Beast-magnet-360-Degrees-Neodymium.jpeg","type":"image\/jpeg"}],"twitter_card":"summary_large_image","twitter_misc":{"Becs\u00fclt olvas\u00e1si id\u0151":"5 perc"},"schema":{"@context":"https:\/\/schema.org","@graph":[{"@type":["WebPage","ItemPage"],"@id":"https:\/\/magnetarmagnets.com\/hu\/shop\/beast-360-allround-horgasz-magnes-1400-kg\/","url":"https:\/\/magnetarmagnets.com\/hu\/shop\/beast-360-allround-horgasz-magnes-1400-kg\/","name":"Beast 360\u00b0 allround horg\u00e1sz m\u00e1gnes - 1400 kg","isPartOf":{"@id":"https:\/\/magnetarmagnets.com\/hu\/#website"},"primaryImageOfPage":{"@id":"https:\/\/magnetarmagnets.com\/hu\/shop\/beast-360-allround-horgasz-magnes-1400-kg\/#primaryimage"},"image":{"@id":"https:\/\/magnetarmagnets.com\/hu\/shop\/beast-360-allround-horgasz-magnes-1400-kg\/#primaryimage"},"thumbnailUrl":"https:\/\/magnetarmagnets.com\/wp-content\/uploads\/2019\/12\/Beast-magnet-360-Degrees-Neodymium.jpeg","datePublished":"2025-06-05T07:54:16+00:00","dateModified":"2026-04-14T19:34:39+00:00","description":"A Beast horg\u00e1sz m\u00e1gnes nem csak er\u0151s, hanem VAD ER\u0150S \u2013 valami, amit\u0151l garant\u00e1ltan megillet\u0151dsz! A Magnetar a m\u00e1gnes horg\u00e1szat \u00e9s horg\u00e1sz m\u00e1gnesek specialist\u00e1ja!","breadcrumb":{"@id":"https:\/\/magnetarmagnets.com\/hu\/shop\/beast-360-allround-horgasz-magnes-1400-kg\/#breadcrumb"},"inLanguage":"hu","potentialAction":[{"@type":"ReadAction","target":["https:\/\/magnetarmagnets.com\/hu\/shop\/beast-360-allround-horgasz-magnes-1400-kg\/"]}]},{"@type":"ImageObject","inLanguage":"hu","@id":"https:\/\/magnetarmagnets.com\/hu\/shop\/beast-360-allround-horgasz-magnes-1400-kg\/#primaryimage","url":"https:\/\/magnetarmagnets.com\/wp-content\/uploads\/2019\/12\/Beast-magnet-360-Degrees-Neodymium.jpeg","contentUrl":"https:\/\/magnetarmagnets.com\/wp-content\/uploads\/2019\/12\/Beast-magnet-360-Degrees-Neodymium.jpeg","width":1000,"height":1000,"caption":"Beast fishing magnet 360 Degree 100 procent Neodymium"},{"@type":"BreadcrumbList","@id":"https:\/\/magnetarmagnets.com\/hu\/shop\/beast-360-allround-horgasz-magnes-1400-kg\/#breadcrumb","itemListElement":[{"@type":"ListItem","position":1,"name":"Home","item":"https:\/\/magnetarmagnets.com\/hu\/"},{"@type":"ListItem","position":2,"name":"Webshop","item":"https:\/\/magnetarmagnets.com\/webshop\/"},{"@type":"ListItem","position":3,"name":"\u00d6sszes term\u00e9k","item":"https:\/\/magnetarmagnets.com\/hu\/collections\/osszes-termek\/"},{"@type":"ListItem","position":4,"name":"Beast 360\u00b0 allround horg\u00e1sz m\u00e1gnes &#8211; 1400 kg"}]},{"@type":"WebSite","@id":"https:\/\/magnetarmagnets.com\/hu\/#website","url":"https:\/\/magnetarmagnets.com\/hu\/","name":"Magnet fishing with a Magnetar fishing magnet","description":"Er\u0151s m\u00e1gnesek m\u00e1gneshorg\u00e1szathoz","publisher":{"@id":"https:\/\/magnetarmagnets.com\/hu\/#organization"},"potentialAction":[{"@type":"SearchAction","target":{"@type":"EntryPoint","urlTemplate":"https:\/\/magnetarmagnets.com\/hu\/?s={search_term_string}"},"query-input":{"@type":"PropertyValueSpecification","valueRequired":true,"valueName":"search_term_string"}}],"inLanguage":"hu"},{"@type":"Organization","@id":"https:\/\/magnetarmagnets.com\/hu\/#organization","name":"Magnetar","url":"https:\/\/magnetarmagnets.com\/hu\/","logo":{"@type":"ImageObject","inLanguage":"hu","@id":"https:\/\/magnetarmagnets.com\/hu\/#\/schema\/logo\/image\/","url":"https:\/\/magnetarmagnets.com\/wp-content\/uploads\/2025\/05\/Logo-03_PNG-Black-scaled.png","contentUrl":"https:\/\/magnetarmagnets.com\/wp-content\/uploads\/2025\/05\/Logo-03_PNG-Black-scaled.png","width":2560,"height":1658,"caption":"Magnetar"},"image":{"@id":"https:\/\/magnetarmagnets.com\/hu\/#\/schema\/logo\/image\/"},"sameAs":["https:\/\/www.facebook.com\/fishingmagnets\/","https:\/\/www.instagram.com\/magnetar_magnets\/","https:\/\/www.linkedin.com\/company\/magnetarbv\/?originalSubdomain=nl","https:\/\/www.youtube.com\/c\/MagnetarVismagneet"]}]}},"_links":{"self":[{"href":"https:\/\/magnetarmagnets.com\/hu\/wp-json\/wp\/v2\/product\/82585","targetHints":{"allow":["GET"]}}],"collection":[{"href":"https:\/\/magnetarmagnets.com\/hu\/wp-json\/wp\/v2\/product"}],"about":[{"href":"https:\/\/magnetarmagnets.com\/hu\/wp-json\/wp\/v2\/types\/product"}],"replies":[{"embeddable":true,"href":"https:\/\/magnetarmagnets.com\/hu\/wp-json\/wp\/v2\/comments?post=82585"}],"version-history":[{"count":1,"href":"https:\/\/magnetarmagnets.com\/hu\/wp-json\/wp\/v2\/product\/82585\/revisions"}],"predecessor-version":[{"id":94510,"href":"https:\/\/magnetarmagnets.com\/hu\/wp-json\/wp\/v2\/product\/82585\/revisions\/94510"}],"wp:featuredmedia":[{"embeddable":true,"href":"https:\/\/magnetarmagnets.com\/hu\/wp-json\/wp\/v2\/media\/72174"}],"wp:attachment":[{"href":"https:\/\/magnetarmagnets.com\/hu\/wp-json\/wp\/v2\/media?parent=82585"}],"wp:term":[{"taxonomy":"product_brand","embeddable":true,"href":"https:\/\/magnetarmagnets.com\/hu\/wp-json\/wp\/v2\/product_brand?post=82585"},{"taxonomy":"product_cat","embeddable":true,"href":"https:\/\/magnetarmagnets.com\/hu\/wp-json\/wp\/v2\/product_cat?post=82585"},{"taxonomy":"product_tag","embeddable":true,"href":"https:\/\/magnetarmagnets.com\/hu\/wp-json\/wp\/v2\/product_tag?post=82585"}],"curies":[{"name":"wp","href":"https:\/\/api.w.org\/{rel}","templated":true}]}}