{"id":82584,"date":"2025-06-05T09:54:17","date_gmt":"2025-06-05T07:54:17","guid":{"rendered":"https:\/\/magnetarmagnets.com\/?post_type=product&#038;p=82584"},"modified":"2026-04-28T17:22:49","modified_gmt":"2026-04-28T15:22:49","slug":"barbarian-horgasz-magnes-1600-kg-allround-360","status":"publish","type":"product","link":"https:\/\/magnetarmagnets.com\/hu\/shop\/barbarian-horgasz-magnes-1600-kg-allround-360\/","title":{"rendered":"Barbarian horg\u00e1sz m\u00e1gnes \u2013 1600 kg \u2013 Allround 360\u00b0"},"content":{"rendered":"* A m\u00e1gnes horg\u00e1szat sor\u00e1n <a href=\"https:\/\/magnetarmagnets.com\/shop\/the-barbarian-protection\/\" target=\"_blank\" rel=\"noopener\"><b>v\u00e9d\u0151tok<\/b><\/a> seg\u00edts\u00e9g\u00e9vel v\u00e9dje a m\u00e1gnes\u00e9t. V\u00e9d\u0151tok n\u00e9lk\u00fcl \u00fctk\u00f6z\u00e9skor megs\u00e9r\u00fclhet a m\u00e1gnes. A v\u00e9d\u0151tok nem tartoz\u00e9k.\n\n\n\n<span style=\"font-weight: 400;\">Az eddigi pozit\u00edv visszajelz\u00e9sek a <\/span><a href=\"https:\/\/magnetarmagnets.com\/shop\/hardcore-magnet-2\/\" target=\"_blank\" rel=\"noopener\"><b>Hardcore,<\/b><\/a> <a href=\"https:\/\/magnetarmagnets.com\/shop\/exclusive-terror-magnet\/\" target=\"_blank\" rel=\"noopener\"><b>Terror<\/b><\/a><span style=\"font-weight: 400;\"> \u00e9s <\/span><a href=\"https:\/\/magnetarmagnets.com\/shop\/beast-magnet\/\" target=\"_blank\" rel=\"noopener\"><b>Beast<\/b><\/a><span style=\"font-weight: 400;\"> m\u00e1gnesekr\u0151l \u00f6szt\u00f6n\u00f6ztek minket az \u00faj szuperer\u0151, A BARBARIAN kifejleszt\u00e9s\u00e9re! Ez a 100% neod\u00edmium m\u00e1gnes a legfejlettebb, profi m\u00e1gneshorg\u00e1szoknak k\u00e9sz\u00fclt. A j\u00f3l ismert Beast m\u00e1gnes nagyobb ut\u00f3djak\u00e9nt a Barbarian extra nagy \u00e1tm\u00e9r\u0151vel \u00e9s ak\u00e1r 3500 lbs\/1600 kg h\u00faz\u00f3er\u0151vel minden oldal\u00e1n vonzza a t\u00e1rgyakat. Mivel a m\u00e1gnes ilyen neh\u00e9z, extra m\u00e9lyre s\u00fcllyed a s\u00e1rba\/iszapba, hogy el\u00e9rje a legrejtettebb, nehezen hozz\u00e1f\u00e9rhet\u0151 kincseket.<\/span>\n\n\n\n<span style=\"font-weight: 400;\">Vigy\u00e1zat, ez nem gyerekj\u00e1t\u00e9k! Ez a horg\u00e1sz m\u00e1gnes olyan er\u0151s, hogy tudatosan kell haszn\u00e1lni. Gyerekeknek nem alkalmas! A m\u00e1gnes hihetetlen\u00fcl er\u0151s vonz\u00e1st fejt ki, t\u00e1volr\u00f3l is vonzza a f\u00e9m t\u00e1rgyakat. A Barbarian m\u00e1gnes m\u00e9g a rozsd\u00e1s, kerek vagy iszapba s\u00fcppedt t\u00e1rgyak kiemel\u00e9s\u00e9vel sem k\u00fcszk\u00f6dik. T\u00f6bb er\u0151s m\u00e1gnes egyidej\u0171 haszn\u00e1latakor tartson megfelel\u0151 t\u00e1vols\u00e1got k\u00f6zt\u00fck, \u00e9s k\u00fcl\u00f6n t\u00e1rolja \u0151ket.<\/span>\n\n\n\n<h2><b>K\u00e9szen \u00e1ll a Barbarian m\u00e1gnesre?<\/b><\/h2>\n\n<span style=\"font-weight: 400;\">A Barbarian m\u00e1gnes 360\u00b0-os, 3500 lbs \/ 1600 kg h\u00faz\u00f3er\u0151vel rendelkezik. A t\u00e1rgyakat b\u00e1rmilyen v\u00edz alatti k\u00f6r\u00fclm\u00e9ny (iszap, \u00e1raml\u00e1s, k\u00f6vek) k\u00f6z\u00f6tt a m\u00e1gnes minden oldal\u00e1n mag\u00e1hoz vonja, \u00e9s nem akad fenn k\u00f6nnyen a k\u00f6veken. A legfejlettebb m\u00e1gneshorg\u00e1szok sz\u00e1m\u00e1ra tervezett m\u00e1gnes, ez\u00e9rt rendk\u00edv\u00fcli gondoss\u00e1got ig\u00e9nyel.<\/span>\n\n\n\n<span style=\"font-weight: 400;\">Ez a neh\u00e9zs\u00faly\u00fa m\u00e1gnes kiz\u00e1r\u00f3lag profi m\u00e1gneshorg\u00e1szoknak alkalmas. T\u00f6mege miatt nem dobhat\u00f3 messzire, de minden terepen, m\u00e9lys\u00e9gben \u00e9s vizen ugyanolyan hat\u00e9konys\u00e1ggal m\u0171k\u00f6dik, \u00edgy egyetlen dob\u00e1ssal b\u00e1rmit kiemelhet: p\u00e1nc\u00e9lszekr\u00e9nyt, fegyvert, aut\u00f3alkatr\u00e9szt, robog\u00f3t, e-bike-ot \u00e9s m\u00e9g sok m\u00e1st.<\/span>\n\n<h2><b>M\u00e1gnes evol\u00faci\u00f3<\/b><\/h2>\n\n<span style=\"font-weight: 400;\">Sok m\u00e1gnes csak egy oldalon fejt ki vonz\u00f3er\u0151t, ez a klasszikus horg\u00e1sz m\u00e1gnes. A Magnetar volt az els\u0151 c\u00e9g, amely ezt a klasszikus m\u00e1gnes t\u00edpust k\u00e9toldalas m\u00e1gness\u00e9 fejlesztette. 2016-ban pedig bemutattuk az Allround 360\u00b0-os m\u00e1gneshorg\u00e1szatot. Az\u00f3ta az EU m\u00e1gneshorg\u00e1szai rajonganak 100% neod\u00edmium m\u00e1gnes\u00fcnk\u00e9rt, \u00edgy Eur\u00f3pa #1 besz\u00e1ll\u00edt\u00f3ja lett\u00fcnk. M\u00e1gneseinket kis csapatunk a legmagasabb min\u0151s\u00e9g, gondos tervez\u00e9s \u00e9s odafigyel\u00e9s mellett k\u00e9sz\u00edti. V\u00e1s\u00e1rl\u00f3ink visszat\u00e9rnek, mert tudj\u00e1k, hogy a Magnetarn\u00e1l nem csak egy m\u00e1gneshez, hanem kincsekhez jutnak.<\/span>\n\n<h2><b>Er\u0151teljes 360\u00b0-os h\u00faz\u00f3er\u0151<\/b><\/h2>\n\nA Barbarian m\u00e1gnes a leger\u0151sebb, amit k\u00edn\u00e1lunk, ak\u00e1r 3500 lbs \/ 1600 kg h\u00faz\u00f3er\u0151vel. A h\u00faz\u00f3er\u0151 az eg\u00e9sz k\u00f6rnyez\u0151 ter\u00fcletre hat, ellent\u00e9tben az egyoldal\u00fa, ac\u00e9lburkolat\u00fa m\u00e1gnessel, amely csak egy ir\u00e1nyba koncentr\u00e1lja erej\u00e9t. K\u00edv\u00e1ncsi a m\u00e9r\u00e9s\u00fcnkre? <a href=\"https:\/\/www.youtube.com\/watch?v=2McW3RURDxs\" target=\"_blank\" rel=\"noopener\">N\u00e9zze meg vide\u00f3nkat<\/a>.\n\n<h2><b>Magas min\u0151s\u00e9g<\/b><\/h2>\n\n<span style=\"font-weight: 400;\">Horg\u00e1sz m\u00e1gneseink neod\u00edmiumb\u00f3l k\u00e9sz\u00fclnek. A Magnetar m\u00e1gnesek \u00e9vtizedekig megtartj\u00e1k m\u00e1gneses erej\u00fcket, \u00e9vente mind\u00f6ssze 0,01%-ot vesz\u00edtenek (megfelel\u0151 t\u00e1rol\u00e1s \u00e9s v\u00e9delem mellett).<\/span>\n\n\n\n<span style=\"font-weight: 400;\">A legt\u00f6bb m\u00e1s m\u00e1gnesgy\u00e1rt\u00f3 m\u00e1r n\u00e9h\u00e1ny h\u00e9t ut\u00e1n komoly er\u0151vesztes\u00e9get tapasztal. Az elm\u00falt \u00e9vekben egyre t\u00f6bb alacsony min\u0151s\u00e9g\u0171 m\u00e1gnes jelent meg a piacon: nagy m\u00e9ret, de kis vonz\u00f3er\u0151, sil\u00e1ny neod\u00edmium, hamis rekl\u00e1mok. Ezek olcs\u00f3bban t\u0171nnek j\u00f3 v\u00e1laszt\u00e1snak, de v\u00e9g\u00fcl csal\u00f3d\u00e1st okoznak.<\/span>\n\n\n\n<span style=\"font-weight: 400;\">A Magnetar egy kis csal\u00e1di v\u00e1llalkoz\u00e1s, ahol mindent a min\u0151s\u00e9gnek rendel\u00fcnk al\u00e1. M\u00e1gneshorg\u00e1sz rajong\u00f3k vagyunk, \u00e9s m\u00e1gneseinket csapatunk tervezi, gy\u00e1rtja, hogy \u00d6n a legt\u00f6bbet hozza ki bel\u0151le. Ha megb\u00edzhat\u00f3, hat\u00e9kony \u00e9s er\u0151s horg\u00e1sz m\u00e1gnesre v\u00e1gyik, j\u00f3 helyen j\u00e1r. V\u00e1rjuk megkeres\u00e9s\u00e9t: <a href=\"mailto:info@magnetarmagnets.com\" target=\"_blank\" rel=\"noopener\">\u00edrjon nek\u00fcnk<\/a>.<\/span>\n\n\n\nNe feledje megn\u00e9zni m\u00e1gnes horg\u00e1szat szettjeinket: <a href=\"https:\/\/magnetarmagnets.com\/magnet-fishing-kit\/\" target=\"_blank\" rel=\"noopener\">Magnetic Fishing Kits<\/a> vagy m\u00e1gnes horg\u00e1szat kieg\u00e9sz\u00edt\u0151inket: <a href=\"https:\/\/magnetarmagnets.com\/accessories\/\" target=\"_blank\" rel=\"noopener\">Accessories<\/a>.\n\n<h2><b>V\u00e9d\u0151tok<\/b><\/h2>\n\nProtection covers are the perfect accessory for magnet fishermen who want to protect their neodymium magnets during use. [This section needs full Hungarian translation preserving HTML tags]","protected":false},"excerpt":{"rendered":"<p><span style=\"font-weight: 400;\">A <strong>Barbarian m\u00e1gnes<\/strong> rendk\u00edv\u00fcl nagym\u00e9ret\u0171 <strong>horg\u00e1sz m\u00e1gnes<\/strong>, melyet kifejezetten profi \u00e9s igazi m\u00e1gneshorg\u00e1szok sz\u00e1m\u00e1ra terveztek.<\/span><\/p>\n<p><span style=\"font-weight: 400;\">Ez a vil\u00e1g leger\u0151sebb <strong>Allround 360\u00b0 m\u00e1gnes<\/strong> 1600 kg h\u00faz\u00f3er\u0151vel! 100% tiszta, cs\u00facsmin\u0151s\u00e9g\u0171 neod\u00edmiumb\u00f3l k\u00e9sz\u00fclt, \u00edgy m\u00e9g a j\u00f3l ismert Beast m\u00e1gnes\u00fcnkn\u00e9l is er\u0151sebb.<\/span><\/p>\n<p><span style=\"font-weight: 400;\">Ez a m\u00e1gnes extra kock\u00e1zatokkal j\u00e1r. Kezelje \u00e9s t\u00e1rolja rendk\u00edv\u00fcl \u00f3vatosan, tartsa t\u00e1vol a gyermekekt\u0151l.<\/span><\/p>\n","protected":false},"featured_media":72178,"comment_status":"open","ping_status":"closed","template":"","meta":{"_acf_changed":false,"inline_featured_image":false},"product_brand":[],"product_cat":[602,607,604,1005,616],"product_tag":[],"class_list":{"0":"post-82584","1":"product","2":"type-product","3":"status-publish","4":"has-post-thumbnail","6":"product_cat-fiskemagneter","7":"product_cat-allround-fiskemagneter-360","8":"product_cat-sterkeste-fiskemagneter","9":"product_cat-osszes-termek","10":"product_cat-profesjonelle","12":"first","13":"instock","14":"taxable","15":"shipping-taxable","16":"purchasable","17":"product-type-simple"},"acf":[],"yoast_head":"<!-- This site is optimized with the Yoast SEO plugin v27.4 - https:\/\/yoast.com\/product\/yoast-seo-wordpress\/ -->\n<title>Barbarian horg\u00e1sz m\u00e1gnes \u2013 1600 kg \u2013 Allround 360\u00b0<\/title>\n<meta name=\"description\" content=\"A Barbarian horg\u00e1sz m\u00e1gnes: Eur\u00f3pa legextr\u00e9mebb horg\u00e1szm\u00e1gnes! Rendeld meg a legjobb m\u00e1gneseket m\u00e1gnes horg\u00e1szat specialist\u00e1j\u00e1t\u00f3l: Magnetar!\" \/>\n<meta name=\"robots\" content=\"index, follow, max-snippet:-1, max-image-preview:large, max-video-preview:-1\" \/>\n<link rel=\"canonical\" href=\"https:\/\/magnetarmagnets.com\/hu\/shop\/barbarian-horgasz-magnes-1600-kg-allround-360\/\" \/>\n<meta property=\"og:locale\" content=\"hu_HU\" \/>\n<meta property=\"og:type\" content=\"article\" \/>\n<meta property=\"og:title\" content=\"Barbarian horg\u00e1sz m\u00e1gnes \u2013 1600 kg \u2013 Allround 360\u00b0\" \/>\n<meta property=\"og:description\" content=\"A Barbarian horg\u00e1sz m\u00e1gnes: Eur\u00f3pa legextr\u00e9mebb horg\u00e1szm\u00e1gnes! Rendeld meg a legjobb m\u00e1gneseket m\u00e1gnes horg\u00e1szat specialist\u00e1j\u00e1t\u00f3l: Magnetar!\" \/>\n<meta property=\"og:url\" content=\"https:\/\/magnetarmagnets.com\/hu\/shop\/barbarian-horgasz-magnes-1600-kg-allround-360\/\" \/>\n<meta property=\"og:site_name\" content=\"Magnet fishing with a Magnetar fishing magnet\" \/>\n<meta property=\"article:publisher\" content=\"https:\/\/www.facebook.com\/fishingmagnets\/\" \/>\n<meta property=\"article:modified_time\" content=\"2026-04-28T15:22:49+00:00\" \/>\n<meta property=\"og:image\" content=\"https:\/\/magnetarmagnets.com\/wp-content\/uploads\/2020\/06\/Barbarian-magnet-360-Degrees-Neodymium.jpeg\" \/>\n\t<meta property=\"og:image:width\" content=\"1000\" \/>\n\t<meta property=\"og:image:height\" content=\"1000\" \/>\n\t<meta property=\"og:image:type\" content=\"image\/jpeg\" \/>\n<meta name=\"twitter:card\" content=\"summary_large_image\" \/>\n<meta name=\"twitter:label1\" content=\"Becs\u00fclt olvas\u00e1si id\u0151\" \/>\n\t<meta name=\"twitter:data1\" content=\"5 perc\" \/>\n<script type=\"application\/ld+json\" class=\"yoast-schema-graph\">{\"@context\":\"https:\\\/\\\/schema.org\",\"@graph\":[{\"@type\":[\"WebPage\",\"ItemPage\"],\"@id\":\"https:\\\/\\\/magnetarmagnets.com\\\/hu\\\/shop\\\/barbarian-horgasz-magnes-1600-kg-allround-360\\\/\",\"url\":\"https:\\\/\\\/magnetarmagnets.com\\\/hu\\\/shop\\\/barbarian-horgasz-magnes-1600-kg-allround-360\\\/\",\"name\":\"Barbarian horg\u00e1sz m\u00e1gnes \u2013 1600 kg \u2013 Allround 360\u00b0\",\"isPartOf\":{\"@id\":\"https:\\\/\\\/magnetarmagnets.com\\\/hu\\\/#website\"},\"primaryImageOfPage\":{\"@id\":\"https:\\\/\\\/magnetarmagnets.com\\\/hu\\\/shop\\\/barbarian-horgasz-magnes-1600-kg-allround-360\\\/#primaryimage\"},\"image\":{\"@id\":\"https:\\\/\\\/magnetarmagnets.com\\\/hu\\\/shop\\\/barbarian-horgasz-magnes-1600-kg-allround-360\\\/#primaryimage\"},\"thumbnailUrl\":\"https:\\\/\\\/magnetarmagnets.com\\\/wp-content\\\/uploads\\\/2020\\\/06\\\/Barbarian-magnet-360-Degrees-Neodymium.jpeg\",\"datePublished\":\"2025-06-05T07:54:17+00:00\",\"dateModified\":\"2026-04-28T15:22:49+00:00\",\"description\":\"A Barbarian horg\u00e1sz m\u00e1gnes: Eur\u00f3pa legextr\u00e9mebb horg\u00e1szm\u00e1gnes! Rendeld meg a legjobb m\u00e1gneseket m\u00e1gnes horg\u00e1szat specialist\u00e1j\u00e1t\u00f3l: Magnetar!\",\"breadcrumb\":{\"@id\":\"https:\\\/\\\/magnetarmagnets.com\\\/hu\\\/shop\\\/barbarian-horgasz-magnes-1600-kg-allround-360\\\/#breadcrumb\"},\"inLanguage\":\"hu\",\"potentialAction\":[{\"@type\":\"ReadAction\",\"target\":[\"https:\\\/\\\/magnetarmagnets.com\\\/hu\\\/shop\\\/barbarian-horgasz-magnes-1600-kg-allround-360\\\/\"]}]},{\"@type\":\"ImageObject\",\"inLanguage\":\"hu\",\"@id\":\"https:\\\/\\\/magnetarmagnets.com\\\/hu\\\/shop\\\/barbarian-horgasz-magnes-1600-kg-allround-360\\\/#primaryimage\",\"url\":\"https:\\\/\\\/magnetarmagnets.com\\\/wp-content\\\/uploads\\\/2020\\\/06\\\/Barbarian-magnet-360-Degrees-Neodymium.jpeg\",\"contentUrl\":\"https:\\\/\\\/magnetarmagnets.com\\\/wp-content\\\/uploads\\\/2020\\\/06\\\/Barbarian-magnet-360-Degrees-Neodymium.jpeg\",\"width\":1000,\"height\":1000,\"caption\":\"Barbarian for magnet fishing with 360 Degrees Neodymium power\"},{\"@type\":\"BreadcrumbList\",\"@id\":\"https:\\\/\\\/magnetarmagnets.com\\\/hu\\\/shop\\\/barbarian-horgasz-magnes-1600-kg-allround-360\\\/#breadcrumb\",\"itemListElement\":[{\"@type\":\"ListItem\",\"position\":1,\"name\":\"Home\",\"item\":\"https:\\\/\\\/magnetarmagnets.com\\\/hu\\\/\"},{\"@type\":\"ListItem\",\"position\":2,\"name\":\"Webshop\",\"item\":\"https:\\\/\\\/magnetarmagnets.com\\\/webshop\\\/\"},{\"@type\":\"ListItem\",\"position\":3,\"name\":\"\u00d6sszes term\u00e9k\",\"item\":\"https:\\\/\\\/magnetarmagnets.com\\\/hu\\\/collections\\\/osszes-termek\\\/\"},{\"@type\":\"ListItem\",\"position\":4,\"name\":\"Barbarian horg\u00e1sz m\u00e1gnes \u2013 1600 kg \u2013 Allround 360\u00b0\"}]},{\"@type\":\"WebSite\",\"@id\":\"https:\\\/\\\/magnetarmagnets.com\\\/hu\\\/#website\",\"url\":\"https:\\\/\\\/magnetarmagnets.com\\\/hu\\\/\",\"name\":\"Magnet fishing with a Magnetar fishing magnet\",\"description\":\"Er\u0151s m\u00e1gnesek m\u00e1gneshorg\u00e1szathoz\",\"publisher\":{\"@id\":\"https:\\\/\\\/magnetarmagnets.com\\\/hu\\\/#organization\"},\"potentialAction\":[{\"@type\":\"SearchAction\",\"target\":{\"@type\":\"EntryPoint\",\"urlTemplate\":\"https:\\\/\\\/magnetarmagnets.com\\\/hu\\\/?s={search_term_string}\"},\"query-input\":{\"@type\":\"PropertyValueSpecification\",\"valueRequired\":true,\"valueName\":\"search_term_string\"}}],\"inLanguage\":\"hu\"},{\"@type\":\"Organization\",\"@id\":\"https:\\\/\\\/magnetarmagnets.com\\\/hu\\\/#organization\",\"name\":\"Magnetar\",\"url\":\"https:\\\/\\\/magnetarmagnets.com\\\/hu\\\/\",\"logo\":{\"@type\":\"ImageObject\",\"inLanguage\":\"hu\",\"@id\":\"https:\\\/\\\/magnetarmagnets.com\\\/hu\\\/#\\\/schema\\\/logo\\\/image\\\/\",\"url\":\"https:\\\/\\\/magnetarmagnets.com\\\/wp-content\\\/uploads\\\/2025\\\/05\\\/Logo-03_PNG-Black-scaled.png\",\"contentUrl\":\"https:\\\/\\\/magnetarmagnets.com\\\/wp-content\\\/uploads\\\/2025\\\/05\\\/Logo-03_PNG-Black-scaled.png\",\"width\":2560,\"height\":1658,\"caption\":\"Magnetar\"},\"image\":{\"@id\":\"https:\\\/\\\/magnetarmagnets.com\\\/hu\\\/#\\\/schema\\\/logo\\\/image\\\/\"},\"sameAs\":[\"https:\\\/\\\/www.facebook.com\\\/fishingmagnets\\\/\",\"https:\\\/\\\/www.instagram.com\\\/magnetar_magnets\\\/\",\"https:\\\/\\\/www.linkedin.com\\\/company\\\/magnetarbv\\\/?originalSubdomain=nl\",\"https:\\\/\\\/www.youtube.com\\\/c\\\/MagnetarVismagneet\"]}]}<\/script>\n<!-- \/ Yoast SEO plugin. -->","yoast_head_json":{"title":"Barbarian horg\u00e1sz m\u00e1gnes \u2013 1600 kg \u2013 Allround 360\u00b0","description":"A Barbarian horg\u00e1sz m\u00e1gnes: Eur\u00f3pa legextr\u00e9mebb horg\u00e1szm\u00e1gnes! Rendeld meg a legjobb m\u00e1gneseket m\u00e1gnes horg\u00e1szat specialist\u00e1j\u00e1t\u00f3l: Magnetar!","robots":{"index":"index","follow":"follow","max-snippet":"max-snippet:-1","max-image-preview":"max-image-preview:large","max-video-preview":"max-video-preview:-1"},"canonical":"https:\/\/magnetarmagnets.com\/hu\/shop\/barbarian-horgasz-magnes-1600-kg-allround-360\/","og_locale":"hu_HU","og_type":"article","og_title":"Barbarian horg\u00e1sz m\u00e1gnes \u2013 1600 kg \u2013 Allround 360\u00b0","og_description":"A Barbarian horg\u00e1sz m\u00e1gnes: Eur\u00f3pa legextr\u00e9mebb horg\u00e1szm\u00e1gnes! Rendeld meg a legjobb m\u00e1gneseket m\u00e1gnes horg\u00e1szat specialist\u00e1j\u00e1t\u00f3l: Magnetar!","og_url":"https:\/\/magnetarmagnets.com\/hu\/shop\/barbarian-horgasz-magnes-1600-kg-allround-360\/","og_site_name":"Magnet fishing with a Magnetar fishing magnet","article_publisher":"https:\/\/www.facebook.com\/fishingmagnets\/","article_modified_time":"2026-04-28T15:22:49+00:00","og_image":[{"width":1000,"height":1000,"url":"https:\/\/magnetarmagnets.com\/wp-content\/uploads\/2020\/06\/Barbarian-magnet-360-Degrees-Neodymium.jpeg","type":"image\/jpeg"}],"twitter_card":"summary_large_image","twitter_misc":{"Becs\u00fclt olvas\u00e1si id\u0151":"5 perc"},"schema":{"@context":"https:\/\/schema.org","@graph":[{"@type":["WebPage","ItemPage"],"@id":"https:\/\/magnetarmagnets.com\/hu\/shop\/barbarian-horgasz-magnes-1600-kg-allround-360\/","url":"https:\/\/magnetarmagnets.com\/hu\/shop\/barbarian-horgasz-magnes-1600-kg-allround-360\/","name":"Barbarian horg\u00e1sz m\u00e1gnes \u2013 1600 kg \u2013 Allround 360\u00b0","isPartOf":{"@id":"https:\/\/magnetarmagnets.com\/hu\/#website"},"primaryImageOfPage":{"@id":"https:\/\/magnetarmagnets.com\/hu\/shop\/barbarian-horgasz-magnes-1600-kg-allround-360\/#primaryimage"},"image":{"@id":"https:\/\/magnetarmagnets.com\/hu\/shop\/barbarian-horgasz-magnes-1600-kg-allround-360\/#primaryimage"},"thumbnailUrl":"https:\/\/magnetarmagnets.com\/wp-content\/uploads\/2020\/06\/Barbarian-magnet-360-Degrees-Neodymium.jpeg","datePublished":"2025-06-05T07:54:17+00:00","dateModified":"2026-04-28T15:22:49+00:00","description":"A Barbarian horg\u00e1sz m\u00e1gnes: Eur\u00f3pa legextr\u00e9mebb horg\u00e1szm\u00e1gnes! Rendeld meg a legjobb m\u00e1gneseket m\u00e1gnes horg\u00e1szat specialist\u00e1j\u00e1t\u00f3l: Magnetar!","breadcrumb":{"@id":"https:\/\/magnetarmagnets.com\/hu\/shop\/barbarian-horgasz-magnes-1600-kg-allround-360\/#breadcrumb"},"inLanguage":"hu","potentialAction":[{"@type":"ReadAction","target":["https:\/\/magnetarmagnets.com\/hu\/shop\/barbarian-horgasz-magnes-1600-kg-allround-360\/"]}]},{"@type":"ImageObject","inLanguage":"hu","@id":"https:\/\/magnetarmagnets.com\/hu\/shop\/barbarian-horgasz-magnes-1600-kg-allround-360\/#primaryimage","url":"https:\/\/magnetarmagnets.com\/wp-content\/uploads\/2020\/06\/Barbarian-magnet-360-Degrees-Neodymium.jpeg","contentUrl":"https:\/\/magnetarmagnets.com\/wp-content\/uploads\/2020\/06\/Barbarian-magnet-360-Degrees-Neodymium.jpeg","width":1000,"height":1000,"caption":"Barbarian for magnet fishing with 360 Degrees Neodymium power"},{"@type":"BreadcrumbList","@id":"https:\/\/magnetarmagnets.com\/hu\/shop\/barbarian-horgasz-magnes-1600-kg-allround-360\/#breadcrumb","itemListElement":[{"@type":"ListItem","position":1,"name":"Home","item":"https:\/\/magnetarmagnets.com\/hu\/"},{"@type":"ListItem","position":2,"name":"Webshop","item":"https:\/\/magnetarmagnets.com\/webshop\/"},{"@type":"ListItem","position":3,"name":"\u00d6sszes term\u00e9k","item":"https:\/\/magnetarmagnets.com\/hu\/collections\/osszes-termek\/"},{"@type":"ListItem","position":4,"name":"Barbarian horg\u00e1sz m\u00e1gnes \u2013 1600 kg \u2013 Allround 360\u00b0"}]},{"@type":"WebSite","@id":"https:\/\/magnetarmagnets.com\/hu\/#website","url":"https:\/\/magnetarmagnets.com\/hu\/","name":"Magnet fishing with a Magnetar fishing magnet","description":"Er\u0151s m\u00e1gnesek m\u00e1gneshorg\u00e1szathoz","publisher":{"@id":"https:\/\/magnetarmagnets.com\/hu\/#organization"},"potentialAction":[{"@type":"SearchAction","target":{"@type":"EntryPoint","urlTemplate":"https:\/\/magnetarmagnets.com\/hu\/?s={search_term_string}"},"query-input":{"@type":"PropertyValueSpecification","valueRequired":true,"valueName":"search_term_string"}}],"inLanguage":"hu"},{"@type":"Organization","@id":"https:\/\/magnetarmagnets.com\/hu\/#organization","name":"Magnetar","url":"https:\/\/magnetarmagnets.com\/hu\/","logo":{"@type":"ImageObject","inLanguage":"hu","@id":"https:\/\/magnetarmagnets.com\/hu\/#\/schema\/logo\/image\/","url":"https:\/\/magnetarmagnets.com\/wp-content\/uploads\/2025\/05\/Logo-03_PNG-Black-scaled.png","contentUrl":"https:\/\/magnetarmagnets.com\/wp-content\/uploads\/2025\/05\/Logo-03_PNG-Black-scaled.png","width":2560,"height":1658,"caption":"Magnetar"},"image":{"@id":"https:\/\/magnetarmagnets.com\/hu\/#\/schema\/logo\/image\/"},"sameAs":["https:\/\/www.facebook.com\/fishingmagnets\/","https:\/\/www.instagram.com\/magnetar_magnets\/","https:\/\/www.linkedin.com\/company\/magnetarbv\/?originalSubdomain=nl","https:\/\/www.youtube.com\/c\/MagnetarVismagneet"]}]}},"_links":{"self":[{"href":"https:\/\/magnetarmagnets.com\/hu\/wp-json\/wp\/v2\/product\/82584","targetHints":{"allow":["GET"]}}],"collection":[{"href":"https:\/\/magnetarmagnets.com\/hu\/wp-json\/wp\/v2\/product"}],"about":[{"href":"https:\/\/magnetarmagnets.com\/hu\/wp-json\/wp\/v2\/types\/product"}],"replies":[{"embeddable":true,"href":"https:\/\/magnetarmagnets.com\/hu\/wp-json\/wp\/v2\/comments?post=82584"}],"version-history":[{"count":0,"href":"https:\/\/magnetarmagnets.com\/hu\/wp-json\/wp\/v2\/product\/82584\/revisions"}],"wp:featuredmedia":[{"embeddable":true,"href":"https:\/\/magnetarmagnets.com\/hu\/wp-json\/wp\/v2\/media\/72178"}],"wp:attachment":[{"href":"https:\/\/magnetarmagnets.com\/hu\/wp-json\/wp\/v2\/media?parent=82584"}],"wp:term":[{"taxonomy":"product_brand","embeddable":true,"href":"https:\/\/magnetarmagnets.com\/hu\/wp-json\/wp\/v2\/product_brand?post=82584"},{"taxonomy":"product_cat","embeddable":true,"href":"https:\/\/magnetarmagnets.com\/hu\/wp-json\/wp\/v2\/product_cat?post=82584"},{"taxonomy":"product_tag","embeddable":true,"href":"https:\/\/magnetarmagnets.com\/hu\/wp-json\/wp\/v2\/product_tag?post=82584"}],"curies":[{"name":"wp","href":"https:\/\/api.w.org\/{rel}","templated":true}]}}