{"id":82583,"date":"2025-06-05T09:54:17","date_gmt":"2025-06-05T07:54:17","guid":{"rendered":"https:\/\/magnetarmagnets.com\/?post_type=product&#038;p=82583"},"modified":"2026-04-04T09:11:44","modified_gmt":"2026-04-04T07:11:44","slug":"magnetar-baseballsapka","status":"publish","type":"product","link":"https:\/\/magnetarmagnets.com\/hu\/shop\/magnetar-baseballsapka\/","title":{"rendered":"Magnetar baseballsapka"},"content":{"rendered":"Mi Magnetar\u00ae v\u00e1szon log\u00f3s sapk\u00e1nk massz\u00edv kivitel\u0171, hogy b\u00edrja a neh\u00e9z k\u00fclt\u00e9ri haszn\u00e1latot. 100% pamutv\u00e1szon anyaga tart\u00f3s \u00e9s robusztus a hossz\u00fa \u00e9lettartam \u00e9s a v\u00edzparti napok sor\u00e1n. El\u00f6l h\u00edmzett Magnetar\u00ae log\u00f3val k\u00e9sz\u00fcl. A hatpaneles korona azonnali, j\u00f3l ismert illeszked\u00e9st biztos\u00edt, m\u00edg a snapback z\u00e1r\u00f3d\u00e1s szem\u00e9lyre szabott m\u00e9retez\u00e9st tesz lehet\u0151v\u00e9. A h\u00edmzett szell\u0151z\u0151lyukak h\u0171s\u00edt\u0151 l\u00e9g\u00e1raml\u00e1st biztos\u00edtanak, \u00e9s a t\u00f6bbsoros peremvarr\u00e1s tart\u00f3ss\u00e1got garant\u00e1l.\n\n<ul>\n\n \t<li>El\u00f6l k\u00f6z\u00e9pen h\u00edmzett Magnetar\u00ae log\u00f3<\/li>\n\n \t<li>Hatpaneles korona<\/li>\n\n \t<li>Snapback z\u00e1r\u00f3d\u00e1s<\/li>\n\n \t<li>H\u00edmzett szell\u0151z\u0151lyukak<\/li>\n\n \t<li>T\u00f6bbsoros peremvarr\u00e1s<\/li>\n\n<\/ul>","protected":false},"excerpt":{"rendered":"<p>Mutasd meg a <strong>t\u00e1mogat\u00e1sod<\/strong> egy ipar\u00e1gi legenda ir\u00e1nt a <strong>Magnetar\u00ae 3D h\u00edmzett log\u00f3s sapk\u00e1val<\/strong>.<\/p>\n","protected":false},"featured_media":80252,"comment_status":"open","ping_status":"closed","template":"","meta":{"_acf_changed":false,"inline_featured_image":false},"product_brand":[],"product_cat":[590,588],"product_tag":[],"class_list":{"0":"post-82583","1":"product","2":"type-product","3":"status-publish","4":"has-post-thumbnail","6":"product_cat-artykuly-promocyjne","7":"product_cat-sprzet","9":"first","10":"instock","11":"taxable","12":"shipping-taxable","13":"purchasable","14":"product-type-simple"},"acf":[],"yoast_head":"<!-- This site is optimized with the Yoast SEO plugin v27.3 - https:\/\/yoast.com\/product\/yoast-seo-wordpress\/ -->\n<title>Magnetar baseballsapka - Magnet fishing with a Magnetar fishing magnet<\/title>\n<meta name=\"description\" content=\"Magnetar baseballsapka \u2013 st\u00edlusos horg\u00e1szkieg\u00e9sz\u00edt\u0151\" \/>\n<meta name=\"robots\" content=\"index, follow, max-snippet:-1, max-image-preview:large, max-video-preview:-1\" \/>\n<link rel=\"canonical\" href=\"https:\/\/magnetarmagnets.com\/hu\/shop\/magnetar-baseballsapka\/\" \/>\n<meta property=\"og:locale\" content=\"hu_HU\" \/>\n<meta property=\"og:type\" content=\"article\" \/>\n<meta property=\"og:title\" content=\"Magnetar baseballsapka - Magnet fishing with a Magnetar fishing magnet\" \/>\n<meta property=\"og:description\" content=\"Magnetar baseballsapka \u2013 st\u00edlusos horg\u00e1szkieg\u00e9sz\u00edt\u0151\" \/>\n<meta property=\"og:url\" content=\"https:\/\/magnetarmagnets.com\/hu\/shop\/magnetar-baseballsapka\/\" \/>\n<meta property=\"og:site_name\" content=\"Magnet fishing with a Magnetar fishing magnet\" \/>\n<meta property=\"article:publisher\" content=\"https:\/\/www.facebook.com\/fishingmagnets\/\" \/>\n<meta property=\"article:modified_time\" content=\"2026-04-04T07:11:44+00:00\" \/>\n<meta property=\"og:image\" content=\"https:\/\/magnetarmagnets.com\/wp-content\/uploads\/2020\/08\/Ontwerp-zonder-titel-2023-10-30T110638.012.jpg\" \/>\n\t<meta property=\"og:image:width\" content=\"1000\" \/>\n\t<meta property=\"og:image:height\" content=\"1000\" \/>\n\t<meta property=\"og:image:type\" content=\"image\/jpeg\" \/>\n<meta name=\"twitter:card\" content=\"summary_large_image\" \/>\n<meta name=\"twitter:label1\" content=\"Becs\u00fclt olvas\u00e1si id\u0151\" \/>\n\t<meta name=\"twitter:data1\" content=\"1 perc\" \/>\n<script type=\"application\/ld+json\" class=\"yoast-schema-graph\">{\"@context\":\"https:\\\/\\\/schema.org\",\"@graph\":[{\"@type\":[\"WebPage\",\"ItemPage\"],\"@id\":\"https:\\\/\\\/magnetarmagnets.com\\\/hu\\\/shop\\\/magnetar-baseballsapka\\\/\",\"url\":\"https:\\\/\\\/magnetarmagnets.com\\\/hu\\\/shop\\\/magnetar-baseballsapka\\\/\",\"name\":\"Magnetar baseballsapka - Magnet fishing with a Magnetar fishing magnet\",\"isPartOf\":{\"@id\":\"https:\\\/\\\/magnetarmagnets.com\\\/hu\\\/#website\"},\"primaryImageOfPage\":{\"@id\":\"https:\\\/\\\/magnetarmagnets.com\\\/hu\\\/shop\\\/magnetar-baseballsapka\\\/#primaryimage\"},\"image\":{\"@id\":\"https:\\\/\\\/magnetarmagnets.com\\\/hu\\\/shop\\\/magnetar-baseballsapka\\\/#primaryimage\"},\"thumbnailUrl\":\"https:\\\/\\\/magnetarmagnets.com\\\/wp-content\\\/uploads\\\/2020\\\/08\\\/Ontwerp-zonder-titel-2023-10-30T110638.012.jpg\",\"datePublished\":\"2025-06-05T07:54:17+00:00\",\"dateModified\":\"2026-04-04T07:11:44+00:00\",\"description\":\"Magnetar baseballsapka \u2013 st\u00edlusos horg\u00e1szkieg\u00e9sz\u00edt\u0151\",\"breadcrumb\":{\"@id\":\"https:\\\/\\\/magnetarmagnets.com\\\/hu\\\/shop\\\/magnetar-baseballsapka\\\/#breadcrumb\"},\"inLanguage\":\"hu\",\"potentialAction\":[{\"@type\":\"ReadAction\",\"target\":[\"https:\\\/\\\/magnetarmagnets.com\\\/hu\\\/shop\\\/magnetar-baseballsapka\\\/\"]}]},{\"@type\":\"ImageObject\",\"inLanguage\":\"hu\",\"@id\":\"https:\\\/\\\/magnetarmagnets.com\\\/hu\\\/shop\\\/magnetar-baseballsapka\\\/#primaryimage\",\"url\":\"https:\\\/\\\/magnetarmagnets.com\\\/wp-content\\\/uploads\\\/2020\\\/08\\\/Ontwerp-zonder-titel-2023-10-30T110638.012.jpg\",\"contentUrl\":\"https:\\\/\\\/magnetarmagnets.com\\\/wp-content\\\/uploads\\\/2020\\\/08\\\/Ontwerp-zonder-titel-2023-10-30T110638.012.jpg\",\"width\":1000,\"height\":1000,\"caption\":\"The Magnetar Baseball Cap lets you go magnet fishing in style.\"},{\"@type\":\"BreadcrumbList\",\"@id\":\"https:\\\/\\\/magnetarmagnets.com\\\/hu\\\/shop\\\/magnetar-baseballsapka\\\/#breadcrumb\",\"itemListElement\":[{\"@type\":\"ListItem\",\"position\":1,\"name\":\"Home\",\"item\":\"https:\\\/\\\/magnetarmagnets.com\\\/hu\\\/\"},{\"@type\":\"ListItem\",\"position\":2,\"name\":\"Webshop\",\"item\":\"https:\\\/\\\/magnetarmagnets.com\\\/webshop\\\/\"},{\"@type\":\"ListItem\",\"position\":3,\"name\":\"Felszerel\u00e9s\",\"item\":\"https:\\\/\\\/magnetarmagnets.com\\\/hu\\\/collections\\\/felszereles\\\/\"},{\"@type\":\"ListItem\",\"position\":4,\"name\":\"Merchandise\",\"item\":\"https:\\\/\\\/magnetarmagnets.com\\\/hu\\\/collections\\\/felszereles\\\/merchandise-hu\\\/\"},{\"@type\":\"ListItem\",\"position\":5,\"name\":\"Magnetar baseballsapka\"}]},{\"@type\":\"WebSite\",\"@id\":\"https:\\\/\\\/magnetarmagnets.com\\\/hu\\\/#website\",\"url\":\"https:\\\/\\\/magnetarmagnets.com\\\/hu\\\/\",\"name\":\"Magnet fishing with a Magnetar fishing magnet\",\"description\":\"Er\u0151s m\u00e1gnesek m\u00e1gneshorg\u00e1szathoz\",\"publisher\":{\"@id\":\"https:\\\/\\\/magnetarmagnets.com\\\/hu\\\/#organization\"},\"potentialAction\":[{\"@type\":\"SearchAction\",\"target\":{\"@type\":\"EntryPoint\",\"urlTemplate\":\"https:\\\/\\\/magnetarmagnets.com\\\/hu\\\/?s={search_term_string}\"},\"query-input\":{\"@type\":\"PropertyValueSpecification\",\"valueRequired\":true,\"valueName\":\"search_term_string\"}}],\"inLanguage\":\"hu\"},{\"@type\":\"Organization\",\"@id\":\"https:\\\/\\\/magnetarmagnets.com\\\/hu\\\/#organization\",\"name\":\"Magnetar\",\"url\":\"https:\\\/\\\/magnetarmagnets.com\\\/hu\\\/\",\"logo\":{\"@type\":\"ImageObject\",\"inLanguage\":\"hu\",\"@id\":\"https:\\\/\\\/magnetarmagnets.com\\\/hu\\\/#\\\/schema\\\/logo\\\/image\\\/\",\"url\":\"https:\\\/\\\/magnetarmagnets.com\\\/wp-content\\\/uploads\\\/2025\\\/05\\\/Logo-03_PNG-Black-scaled.png\",\"contentUrl\":\"https:\\\/\\\/magnetarmagnets.com\\\/wp-content\\\/uploads\\\/2025\\\/05\\\/Logo-03_PNG-Black-scaled.png\",\"width\":2560,\"height\":1658,\"caption\":\"Magnetar\"},\"image\":{\"@id\":\"https:\\\/\\\/magnetarmagnets.com\\\/hu\\\/#\\\/schema\\\/logo\\\/image\\\/\"},\"sameAs\":[\"https:\\\/\\\/www.facebook.com\\\/fishingmagnets\\\/\",\"https:\\\/\\\/www.instagram.com\\\/magnetar_magnets\\\/\",\"https:\\\/\\\/www.linkedin.com\\\/company\\\/magnetarbv\\\/?originalSubdomain=nl\",\"https:\\\/\\\/www.youtube.com\\\/c\\\/MagnetarVismagneet\"]}]}<\/script>\n<!-- \/ Yoast SEO plugin. -->","yoast_head_json":{"title":"Magnetar baseballsapka - Magnet fishing with a Magnetar fishing magnet","description":"Magnetar baseballsapka \u2013 st\u00edlusos horg\u00e1szkieg\u00e9sz\u00edt\u0151","robots":{"index":"index","follow":"follow","max-snippet":"max-snippet:-1","max-image-preview":"max-image-preview:large","max-video-preview":"max-video-preview:-1"},"canonical":"https:\/\/magnetarmagnets.com\/hu\/shop\/magnetar-baseballsapka\/","og_locale":"hu_HU","og_type":"article","og_title":"Magnetar baseballsapka - Magnet fishing with a Magnetar fishing magnet","og_description":"Magnetar baseballsapka \u2013 st\u00edlusos horg\u00e1szkieg\u00e9sz\u00edt\u0151","og_url":"https:\/\/magnetarmagnets.com\/hu\/shop\/magnetar-baseballsapka\/","og_site_name":"Magnet fishing with a Magnetar fishing magnet","article_publisher":"https:\/\/www.facebook.com\/fishingmagnets\/","article_modified_time":"2026-04-04T07:11:44+00:00","og_image":[{"width":1000,"height":1000,"url":"https:\/\/magnetarmagnets.com\/wp-content\/uploads\/2020\/08\/Ontwerp-zonder-titel-2023-10-30T110638.012.jpg","type":"image\/jpeg"}],"twitter_card":"summary_large_image","twitter_misc":{"Becs\u00fclt olvas\u00e1si id\u0151":"1 perc"},"schema":{"@context":"https:\/\/schema.org","@graph":[{"@type":["WebPage","ItemPage"],"@id":"https:\/\/magnetarmagnets.com\/hu\/shop\/magnetar-baseballsapka\/","url":"https:\/\/magnetarmagnets.com\/hu\/shop\/magnetar-baseballsapka\/","name":"Magnetar baseballsapka - Magnet fishing with a Magnetar fishing magnet","isPartOf":{"@id":"https:\/\/magnetarmagnets.com\/hu\/#website"},"primaryImageOfPage":{"@id":"https:\/\/magnetarmagnets.com\/hu\/shop\/magnetar-baseballsapka\/#primaryimage"},"image":{"@id":"https:\/\/magnetarmagnets.com\/hu\/shop\/magnetar-baseballsapka\/#primaryimage"},"thumbnailUrl":"https:\/\/magnetarmagnets.com\/wp-content\/uploads\/2020\/08\/Ontwerp-zonder-titel-2023-10-30T110638.012.jpg","datePublished":"2025-06-05T07:54:17+00:00","dateModified":"2026-04-04T07:11:44+00:00","description":"Magnetar baseballsapka \u2013 st\u00edlusos horg\u00e1szkieg\u00e9sz\u00edt\u0151","breadcrumb":{"@id":"https:\/\/magnetarmagnets.com\/hu\/shop\/magnetar-baseballsapka\/#breadcrumb"},"inLanguage":"hu","potentialAction":[{"@type":"ReadAction","target":["https:\/\/magnetarmagnets.com\/hu\/shop\/magnetar-baseballsapka\/"]}]},{"@type":"ImageObject","inLanguage":"hu","@id":"https:\/\/magnetarmagnets.com\/hu\/shop\/magnetar-baseballsapka\/#primaryimage","url":"https:\/\/magnetarmagnets.com\/wp-content\/uploads\/2020\/08\/Ontwerp-zonder-titel-2023-10-30T110638.012.jpg","contentUrl":"https:\/\/magnetarmagnets.com\/wp-content\/uploads\/2020\/08\/Ontwerp-zonder-titel-2023-10-30T110638.012.jpg","width":1000,"height":1000,"caption":"The Magnetar Baseball Cap lets you go magnet fishing in style."},{"@type":"BreadcrumbList","@id":"https:\/\/magnetarmagnets.com\/hu\/shop\/magnetar-baseballsapka\/#breadcrumb","itemListElement":[{"@type":"ListItem","position":1,"name":"Home","item":"https:\/\/magnetarmagnets.com\/hu\/"},{"@type":"ListItem","position":2,"name":"Webshop","item":"https:\/\/magnetarmagnets.com\/webshop\/"},{"@type":"ListItem","position":3,"name":"Felszerel\u00e9s","item":"https:\/\/magnetarmagnets.com\/hu\/collections\/felszereles\/"},{"@type":"ListItem","position":4,"name":"Merchandise","item":"https:\/\/magnetarmagnets.com\/hu\/collections\/felszereles\/merchandise-hu\/"},{"@type":"ListItem","position":5,"name":"Magnetar baseballsapka"}]},{"@type":"WebSite","@id":"https:\/\/magnetarmagnets.com\/hu\/#website","url":"https:\/\/magnetarmagnets.com\/hu\/","name":"Magnet fishing with a Magnetar fishing magnet","description":"Er\u0151s m\u00e1gnesek m\u00e1gneshorg\u00e1szathoz","publisher":{"@id":"https:\/\/magnetarmagnets.com\/hu\/#organization"},"potentialAction":[{"@type":"SearchAction","target":{"@type":"EntryPoint","urlTemplate":"https:\/\/magnetarmagnets.com\/hu\/?s={search_term_string}"},"query-input":{"@type":"PropertyValueSpecification","valueRequired":true,"valueName":"search_term_string"}}],"inLanguage":"hu"},{"@type":"Organization","@id":"https:\/\/magnetarmagnets.com\/hu\/#organization","name":"Magnetar","url":"https:\/\/magnetarmagnets.com\/hu\/","logo":{"@type":"ImageObject","inLanguage":"hu","@id":"https:\/\/magnetarmagnets.com\/hu\/#\/schema\/logo\/image\/","url":"https:\/\/magnetarmagnets.com\/wp-content\/uploads\/2025\/05\/Logo-03_PNG-Black-scaled.png","contentUrl":"https:\/\/magnetarmagnets.com\/wp-content\/uploads\/2025\/05\/Logo-03_PNG-Black-scaled.png","width":2560,"height":1658,"caption":"Magnetar"},"image":{"@id":"https:\/\/magnetarmagnets.com\/hu\/#\/schema\/logo\/image\/"},"sameAs":["https:\/\/www.facebook.com\/fishingmagnets\/","https:\/\/www.instagram.com\/magnetar_magnets\/","https:\/\/www.linkedin.com\/company\/magnetarbv\/?originalSubdomain=nl","https:\/\/www.youtube.com\/c\/MagnetarVismagneet"]}]}},"_links":{"self":[{"href":"https:\/\/magnetarmagnets.com\/hu\/wp-json\/wp\/v2\/product\/82583","targetHints":{"allow":["GET"]}}],"collection":[{"href":"https:\/\/magnetarmagnets.com\/hu\/wp-json\/wp\/v2\/product"}],"about":[{"href":"https:\/\/magnetarmagnets.com\/hu\/wp-json\/wp\/v2\/types\/product"}],"replies":[{"embeddable":true,"href":"https:\/\/magnetarmagnets.com\/hu\/wp-json\/wp\/v2\/comments?post=82583"}],"version-history":[{"count":0,"href":"https:\/\/magnetarmagnets.com\/hu\/wp-json\/wp\/v2\/product\/82583\/revisions"}],"wp:featuredmedia":[{"embeddable":true,"href":"https:\/\/magnetarmagnets.com\/hu\/wp-json\/wp\/v2\/media\/80252"}],"wp:attachment":[{"href":"https:\/\/magnetarmagnets.com\/hu\/wp-json\/wp\/v2\/media?parent=82583"}],"wp:term":[{"taxonomy":"product_brand","embeddable":true,"href":"https:\/\/magnetarmagnets.com\/hu\/wp-json\/wp\/v2\/product_brand?post=82583"},{"taxonomy":"product_cat","embeddable":true,"href":"https:\/\/magnetarmagnets.com\/hu\/wp-json\/wp\/v2\/product_cat?post=82583"},{"taxonomy":"product_tag","embeddable":true,"href":"https:\/\/magnetarmagnets.com\/hu\/wp-json\/wp\/v2\/product_tag?post=82583"}],"curies":[{"name":"wp","href":"https:\/\/api.w.org\/{rel}","templated":true}]}}