{"id":82582,"date":"2025-06-05T09:54:38","date_gmt":"2025-06-05T07:54:38","guid":{"rendered":"https:\/\/magnetarmagnets.com\/?post_type=product&#038;p=82582"},"modified":"2026-04-03T18:34:36","modified_gmt":"2026-04-03T16:34:36","slug":"magnes-tarolodoboz","status":"publish","type":"product","link":"https:\/\/magnetarmagnets.com\/hu\/shop\/magnes-tarolodoboz\/","title":{"rendered":"M\u00e1gnes t\u00e1rol\u00f3doboz"},"content":{"rendered":"<h2>M\u00e1gnes horg\u00e1szat t\u00e1rol\u00f3doboz \u2013 NAGY<\/h2>\nEbben a nagy \u00e9s pr\u00e9mium m\u00e1gneshorg\u00e1sz t\u00e1rol\u00f3dobozban k\u00f6nnyed\u00e9n sz\u00e1ll\u00edthatod a m\u00e1gneseket aut\u00f3val, robog\u00f3val vagy biciklivel. \u00cdgy a m\u00e1gnesek biztons\u00e1gban maradnak, \u00e9s k\u00f6nnyed\u00e9n eljuttathatod \u0151ket az \u00faj m\u00e1gneshorg\u00e1szati helysz\u00ednre. Ez a t\u00e1rol\u00f3doboz fokozza a m\u00e1gneshorg\u00e1szat \u00e9lm\u00e9ny\u00e9t, \u00e9s elengedhetetlen minden m\u00e1gneshorg\u00e1sz sz\u00e1m\u00e1ra! Minden felszerel\u00e9s egy helyen. Egy massz\u00edv, kiv\u00e1l\u00f3 min\u0151s\u00e9g\u0171 t\u00e1rol\u00f3doboz.\n\n<strong>16&#8221; \u00d7 14,5&#8221; \u00d7 6,25&#8221;<\/strong>\n\nEz a v\u00e9d\u0151doboz massz\u00edv, \u00e9s k\u00f6nnyen nyithat\u00f3-z\u00e1rhat\u00f3. Ebben a m\u0171anyag dobozban t\u00e1rolhatod a m\u00e1gneseket, de szersz\u00e1mokat vagy m\u00e1s t\u00e1rgyakat is. Ez a praktikus Magnetar doboz t\u00f6k\u00e9letes az eg\u00e9sz m\u00e1gneshorg\u00e1sz szett t\u00e1rol\u00e1s\u00e1hoz. Ide\u00e1lis a m\u00e1gnes \u00e9s minden tartoz\u00e9k biztons\u00e1gos \u00e9s egyszer\u0171 t\u00e1rol\u00e1s\u00e1ra. Vedd fel a komplett dobozodat, \u00e9s indulj kalandra. Miut\u00e1n elv\u00e9gezted a <a href=\"https:\/\/magnetarmagnets.com\/\" target=\"_blank\" rel=\"noopener\">m\u00e1gneshorg\u00e1szatot<\/a>, ism\u00e9t rendezetten t\u00e1rolhatsz mindent. Tipp: t\u00e1rold csak akkor a dobozban, ha el\u0151tte mindent megsz\u00e1r\u00edtott\u00e1l.\n\nNe felejtsd el megn\u00e9zni a <a href=\"https:\/\/magnetarmagnets.com\/collections\/fishing-magnets\/magnet-fishing-kit\/\" target=\"_blank\" rel=\"noopener\">legjobb m\u00e1gneshorg\u00e1sz szetteket<\/a> vagy a <a href=\"https:\/\/magnetarmagnets.com\/accessories\/\" target=\"_blank\" rel=\"noopener\">m\u00e1gnes horg\u00e1szat felszerel\u00e9s\u00e9t<\/a>.","protected":false},"excerpt":{"rendered":"<p>A Magnetar\u00ae tokot <strong>massz\u00edv v\u00e9delem<\/strong> biztos\u00edt\u00e1s\u00e1ra tervezt\u00e9k <strong>megfizethet\u0151 \u00e1ron<\/strong>. Ez a m\u00e1gneshorg\u00e1sz t\u00e1rol\u00f3doboz k\u00f6nnyed\u00e9n sz\u00e1ll\u00edtja a <strong>m\u00e1gnest \u00e9s t\u00f6bb tartoz\u00e9kot<\/strong>.<\/p>\n<p>Alkalmas a Magnetar teljes <strong><a href=\"https:\/\/magnetarmagnets.com\/shop\/magnet-fishing-rope\/\">k\u00f6t\u00e9l<\/a><\/strong>, <strong><a href=\"https:\/\/magnetarmagnets.com\/shop\/magnet-fishing-glove\/\">keszty\u0171<\/a><\/strong> \u00e9s <strong><a href=\"https:\/\/magnetarmagnets.com\/collections\/fishing-magnets\/\">m\u00e1gnes<\/a><\/strong> v\u00e1laszt\u00e9k\u00e1hoz.<\/p>\n","protected":false},"featured_media":74729,"comment_status":"open","ping_status":"closed","template":"","meta":{"_acf_changed":false,"inline_featured_image":false},"product_brand":[],"product_cat":[536,537,538],"product_tag":[],"class_list":{"0":"post-82582","1":"product","2":"type-product","3":"status-publish","4":"has-post-thumbnail","6":"product_cat-felszereles","7":"product_cat-horgasz-magnes-felszereles","8":"product_cat-merchandise-hu","10":"first","11":"instock","12":"taxable","13":"shipping-taxable","14":"purchasable","15":"product-type-simple"},"acf":[],"yoast_head":"<!-- This site is optimized with the Yoast SEO plugin v27.3 - https:\/\/yoast.com\/product\/yoast-seo-wordpress\/ -->\n<title>M\u00e1gnes t\u00e1rol\u00f3doboz - Magnet fishing with a Magnetar fishing magnet<\/title>\n<meta name=\"description\" content=\"M\u00e1gnes t\u00e1rol\u00f3doboz \u2013 v\u00e9dje Magnetar felszerel\u00e9s\u00e9t\" \/>\n<meta name=\"robots\" content=\"index, follow, max-snippet:-1, max-image-preview:large, max-video-preview:-1\" \/>\n<link rel=\"canonical\" href=\"https:\/\/magnetarmagnets.com\/hu\/shop\/magnes-tarolodoboz\/\" \/>\n<meta property=\"og:locale\" content=\"hu_HU\" \/>\n<meta property=\"og:type\" content=\"article\" \/>\n<meta property=\"og:title\" content=\"M\u00e1gnes t\u00e1rol\u00f3doboz - Magnet fishing with a Magnetar fishing magnet\" \/>\n<meta property=\"og:description\" content=\"M\u00e1gnes t\u00e1rol\u00f3doboz \u2013 v\u00e9dje Magnetar felszerel\u00e9s\u00e9t\" \/>\n<meta property=\"og:url\" content=\"https:\/\/magnetarmagnets.com\/hu\/shop\/magnes-tarolodoboz\/\" \/>\n<meta property=\"og:site_name\" content=\"Magnet fishing with a Magnetar fishing magnet\" \/>\n<meta property=\"article:publisher\" content=\"https:\/\/www.facebook.com\/fishingmagnets\/\" \/>\n<meta property=\"article:modified_time\" content=\"2026-04-03T16:34:36+00:00\" \/>\n<meta property=\"og:image\" content=\"https:\/\/magnetarmagnets.com\/wp-content\/uploads\/2021\/11\/JNF-Magnetar-B.V.-Productfotografie-07-04-2024-Foto-0357-scaled.jpg\" \/>\n\t<meta property=\"og:image:width\" content=\"2560\" \/>\n\t<meta property=\"og:image:height\" content=\"2560\" \/>\n\t<meta property=\"og:image:type\" content=\"image\/jpeg\" \/>\n<meta name=\"twitter:card\" content=\"summary_large_image\" \/>\n<meta name=\"twitter:label1\" content=\"Becs\u00fclt olvas\u00e1si id\u0151\" \/>\n\t<meta name=\"twitter:data1\" content=\"1 perc\" \/>\n<script type=\"application\/ld+json\" class=\"yoast-schema-graph\">{\"@context\":\"https:\\\/\\\/schema.org\",\"@graph\":[{\"@type\":[\"WebPage\",\"ItemPage\"],\"@id\":\"https:\\\/\\\/magnetarmagnets.com\\\/hu\\\/shop\\\/magnes-tarolodoboz\\\/\",\"url\":\"https:\\\/\\\/magnetarmagnets.com\\\/hu\\\/shop\\\/magnes-tarolodoboz\\\/\",\"name\":\"M\u00e1gnes t\u00e1rol\u00f3doboz - Magnet fishing with a Magnetar fishing magnet\",\"isPartOf\":{\"@id\":\"https:\\\/\\\/magnetarmagnets.com\\\/hu\\\/#website\"},\"primaryImageOfPage\":{\"@id\":\"https:\\\/\\\/magnetarmagnets.com\\\/hu\\\/shop\\\/magnes-tarolodoboz\\\/#primaryimage\"},\"image\":{\"@id\":\"https:\\\/\\\/magnetarmagnets.com\\\/hu\\\/shop\\\/magnes-tarolodoboz\\\/#primaryimage\"},\"thumbnailUrl\":\"https:\\\/\\\/magnetarmagnets.com\\\/wp-content\\\/uploads\\\/2021\\\/11\\\/JNF-Magnetar-B.V.-Productfotografie-07-04-2024-Foto-0357-scaled.jpg\",\"datePublished\":\"2025-06-05T07:54:38+00:00\",\"dateModified\":\"2026-04-03T16:34:36+00:00\",\"description\":\"M\u00e1gnes t\u00e1rol\u00f3doboz \u2013 v\u00e9dje Magnetar felszerel\u00e9s\u00e9t\",\"breadcrumb\":{\"@id\":\"https:\\\/\\\/magnetarmagnets.com\\\/hu\\\/shop\\\/magnes-tarolodoboz\\\/#breadcrumb\"},\"inLanguage\":\"hu\",\"potentialAction\":[{\"@type\":\"ReadAction\",\"target\":[\"https:\\\/\\\/magnetarmagnets.com\\\/hu\\\/shop\\\/magnes-tarolodoboz\\\/\"]}]},{\"@type\":\"ImageObject\",\"inLanguage\":\"hu\",\"@id\":\"https:\\\/\\\/magnetarmagnets.com\\\/hu\\\/shop\\\/magnes-tarolodoboz\\\/#primaryimage\",\"url\":\"https:\\\/\\\/magnetarmagnets.com\\\/wp-content\\\/uploads\\\/2021\\\/11\\\/JNF-Magnetar-B.V.-Productfotografie-07-04-2024-Foto-0357-scaled.jpg\",\"contentUrl\":\"https:\\\/\\\/magnetarmagnets.com\\\/wp-content\\\/uploads\\\/2021\\\/11\\\/JNF-Magnetar-B.V.-Productfotografie-07-04-2024-Foto-0357-scaled.jpg\",\"width\":2560,\"height\":2560,\"caption\":\"Magnetar Fishing Magnet Case\"},{\"@type\":\"BreadcrumbList\",\"@id\":\"https:\\\/\\\/magnetarmagnets.com\\\/hu\\\/shop\\\/magnes-tarolodoboz\\\/#breadcrumb\",\"itemListElement\":[{\"@type\":\"ListItem\",\"position\":1,\"name\":\"Home\",\"item\":\"https:\\\/\\\/magnetarmagnets.com\\\/hu\\\/\"},{\"@type\":\"ListItem\",\"position\":2,\"name\":\"Webshop\",\"item\":\"https:\\\/\\\/magnetarmagnets.com\\\/webshop\\\/\"},{\"@type\":\"ListItem\",\"position\":3,\"name\":\"Felszerel\u00e9s\",\"item\":\"https:\\\/\\\/magnetarmagnets.com\\\/hu\\\/collections\\\/felszereles\\\/\"},{\"@type\":\"ListItem\",\"position\":4,\"name\":\"Merchandise\",\"item\":\"https:\\\/\\\/magnetarmagnets.com\\\/hu\\\/collections\\\/felszereles\\\/merchandise-hu\\\/\"},{\"@type\":\"ListItem\",\"position\":5,\"name\":\"M\u00e1gnes t\u00e1rol\u00f3doboz\"}]},{\"@type\":\"WebSite\",\"@id\":\"https:\\\/\\\/magnetarmagnets.com\\\/hu\\\/#website\",\"url\":\"https:\\\/\\\/magnetarmagnets.com\\\/hu\\\/\",\"name\":\"Magnet fishing with a Magnetar fishing magnet\",\"description\":\"Er\u0151s m\u00e1gnesek m\u00e1gneshorg\u00e1szathoz\",\"publisher\":{\"@id\":\"https:\\\/\\\/magnetarmagnets.com\\\/hu\\\/#organization\"},\"potentialAction\":[{\"@type\":\"SearchAction\",\"target\":{\"@type\":\"EntryPoint\",\"urlTemplate\":\"https:\\\/\\\/magnetarmagnets.com\\\/hu\\\/?s={search_term_string}\"},\"query-input\":{\"@type\":\"PropertyValueSpecification\",\"valueRequired\":true,\"valueName\":\"search_term_string\"}}],\"inLanguage\":\"hu\"},{\"@type\":\"Organization\",\"@id\":\"https:\\\/\\\/magnetarmagnets.com\\\/hu\\\/#organization\",\"name\":\"Magnetar\",\"url\":\"https:\\\/\\\/magnetarmagnets.com\\\/hu\\\/\",\"logo\":{\"@type\":\"ImageObject\",\"inLanguage\":\"hu\",\"@id\":\"https:\\\/\\\/magnetarmagnets.com\\\/hu\\\/#\\\/schema\\\/logo\\\/image\\\/\",\"url\":\"https:\\\/\\\/magnetarmagnets.com\\\/wp-content\\\/uploads\\\/2025\\\/05\\\/Logo-03_PNG-Black-scaled.png\",\"contentUrl\":\"https:\\\/\\\/magnetarmagnets.com\\\/wp-content\\\/uploads\\\/2025\\\/05\\\/Logo-03_PNG-Black-scaled.png\",\"width\":2560,\"height\":1658,\"caption\":\"Magnetar\"},\"image\":{\"@id\":\"https:\\\/\\\/magnetarmagnets.com\\\/hu\\\/#\\\/schema\\\/logo\\\/image\\\/\"},\"sameAs\":[\"https:\\\/\\\/www.facebook.com\\\/fishingmagnets\\\/\",\"https:\\\/\\\/www.instagram.com\\\/magnetar_magnets\\\/\",\"https:\\\/\\\/www.linkedin.com\\\/company\\\/magnetarbv\\\/?originalSubdomain=nl\",\"https:\\\/\\\/www.youtube.com\\\/c\\\/MagnetarVismagneet\"]}]}<\/script>\n<!-- \/ Yoast SEO plugin. -->","yoast_head_json":{"title":"M\u00e1gnes t\u00e1rol\u00f3doboz - Magnet fishing with a Magnetar fishing magnet","description":"M\u00e1gnes t\u00e1rol\u00f3doboz \u2013 v\u00e9dje Magnetar felszerel\u00e9s\u00e9t","robots":{"index":"index","follow":"follow","max-snippet":"max-snippet:-1","max-image-preview":"max-image-preview:large","max-video-preview":"max-video-preview:-1"},"canonical":"https:\/\/magnetarmagnets.com\/hu\/shop\/magnes-tarolodoboz\/","og_locale":"hu_HU","og_type":"article","og_title":"M\u00e1gnes t\u00e1rol\u00f3doboz - Magnet fishing with a Magnetar fishing magnet","og_description":"M\u00e1gnes t\u00e1rol\u00f3doboz \u2013 v\u00e9dje Magnetar felszerel\u00e9s\u00e9t","og_url":"https:\/\/magnetarmagnets.com\/hu\/shop\/magnes-tarolodoboz\/","og_site_name":"Magnet fishing with a Magnetar fishing magnet","article_publisher":"https:\/\/www.facebook.com\/fishingmagnets\/","article_modified_time":"2026-04-03T16:34:36+00:00","og_image":[{"width":2560,"height":2560,"url":"https:\/\/magnetarmagnets.com\/wp-content\/uploads\/2021\/11\/JNF-Magnetar-B.V.-Productfotografie-07-04-2024-Foto-0357-scaled.jpg","type":"image\/jpeg"}],"twitter_card":"summary_large_image","twitter_misc":{"Becs\u00fclt olvas\u00e1si id\u0151":"1 perc"},"schema":{"@context":"https:\/\/schema.org","@graph":[{"@type":["WebPage","ItemPage"],"@id":"https:\/\/magnetarmagnets.com\/hu\/shop\/magnes-tarolodoboz\/","url":"https:\/\/magnetarmagnets.com\/hu\/shop\/magnes-tarolodoboz\/","name":"M\u00e1gnes t\u00e1rol\u00f3doboz - Magnet fishing with a Magnetar fishing magnet","isPartOf":{"@id":"https:\/\/magnetarmagnets.com\/hu\/#website"},"primaryImageOfPage":{"@id":"https:\/\/magnetarmagnets.com\/hu\/shop\/magnes-tarolodoboz\/#primaryimage"},"image":{"@id":"https:\/\/magnetarmagnets.com\/hu\/shop\/magnes-tarolodoboz\/#primaryimage"},"thumbnailUrl":"https:\/\/magnetarmagnets.com\/wp-content\/uploads\/2021\/11\/JNF-Magnetar-B.V.-Productfotografie-07-04-2024-Foto-0357-scaled.jpg","datePublished":"2025-06-05T07:54:38+00:00","dateModified":"2026-04-03T16:34:36+00:00","description":"M\u00e1gnes t\u00e1rol\u00f3doboz \u2013 v\u00e9dje Magnetar felszerel\u00e9s\u00e9t","breadcrumb":{"@id":"https:\/\/magnetarmagnets.com\/hu\/shop\/magnes-tarolodoboz\/#breadcrumb"},"inLanguage":"hu","potentialAction":[{"@type":"ReadAction","target":["https:\/\/magnetarmagnets.com\/hu\/shop\/magnes-tarolodoboz\/"]}]},{"@type":"ImageObject","inLanguage":"hu","@id":"https:\/\/magnetarmagnets.com\/hu\/shop\/magnes-tarolodoboz\/#primaryimage","url":"https:\/\/magnetarmagnets.com\/wp-content\/uploads\/2021\/11\/JNF-Magnetar-B.V.-Productfotografie-07-04-2024-Foto-0357-scaled.jpg","contentUrl":"https:\/\/magnetarmagnets.com\/wp-content\/uploads\/2021\/11\/JNF-Magnetar-B.V.-Productfotografie-07-04-2024-Foto-0357-scaled.jpg","width":2560,"height":2560,"caption":"Magnetar Fishing Magnet Case"},{"@type":"BreadcrumbList","@id":"https:\/\/magnetarmagnets.com\/hu\/shop\/magnes-tarolodoboz\/#breadcrumb","itemListElement":[{"@type":"ListItem","position":1,"name":"Home","item":"https:\/\/magnetarmagnets.com\/hu\/"},{"@type":"ListItem","position":2,"name":"Webshop","item":"https:\/\/magnetarmagnets.com\/webshop\/"},{"@type":"ListItem","position":3,"name":"Felszerel\u00e9s","item":"https:\/\/magnetarmagnets.com\/hu\/collections\/felszereles\/"},{"@type":"ListItem","position":4,"name":"Merchandise","item":"https:\/\/magnetarmagnets.com\/hu\/collections\/felszereles\/merchandise-hu\/"},{"@type":"ListItem","position":5,"name":"M\u00e1gnes t\u00e1rol\u00f3doboz"}]},{"@type":"WebSite","@id":"https:\/\/magnetarmagnets.com\/hu\/#website","url":"https:\/\/magnetarmagnets.com\/hu\/","name":"Magnet fishing with a Magnetar fishing magnet","description":"Er\u0151s m\u00e1gnesek m\u00e1gneshorg\u00e1szathoz","publisher":{"@id":"https:\/\/magnetarmagnets.com\/hu\/#organization"},"potentialAction":[{"@type":"SearchAction","target":{"@type":"EntryPoint","urlTemplate":"https:\/\/magnetarmagnets.com\/hu\/?s={search_term_string}"},"query-input":{"@type":"PropertyValueSpecification","valueRequired":true,"valueName":"search_term_string"}}],"inLanguage":"hu"},{"@type":"Organization","@id":"https:\/\/magnetarmagnets.com\/hu\/#organization","name":"Magnetar","url":"https:\/\/magnetarmagnets.com\/hu\/","logo":{"@type":"ImageObject","inLanguage":"hu","@id":"https:\/\/magnetarmagnets.com\/hu\/#\/schema\/logo\/image\/","url":"https:\/\/magnetarmagnets.com\/wp-content\/uploads\/2025\/05\/Logo-03_PNG-Black-scaled.png","contentUrl":"https:\/\/magnetarmagnets.com\/wp-content\/uploads\/2025\/05\/Logo-03_PNG-Black-scaled.png","width":2560,"height":1658,"caption":"Magnetar"},"image":{"@id":"https:\/\/magnetarmagnets.com\/hu\/#\/schema\/logo\/image\/"},"sameAs":["https:\/\/www.facebook.com\/fishingmagnets\/","https:\/\/www.instagram.com\/magnetar_magnets\/","https:\/\/www.linkedin.com\/company\/magnetarbv\/?originalSubdomain=nl","https:\/\/www.youtube.com\/c\/MagnetarVismagneet"]}]}},"_links":{"self":[{"href":"https:\/\/magnetarmagnets.com\/hu\/wp-json\/wp\/v2\/product\/82582","targetHints":{"allow":["GET"]}}],"collection":[{"href":"https:\/\/magnetarmagnets.com\/hu\/wp-json\/wp\/v2\/product"}],"about":[{"href":"https:\/\/magnetarmagnets.com\/hu\/wp-json\/wp\/v2\/types\/product"}],"replies":[{"embeddable":true,"href":"https:\/\/magnetarmagnets.com\/hu\/wp-json\/wp\/v2\/comments?post=82582"}],"version-history":[{"count":0,"href":"https:\/\/magnetarmagnets.com\/hu\/wp-json\/wp\/v2\/product\/82582\/revisions"}],"wp:featuredmedia":[{"embeddable":true,"href":"https:\/\/magnetarmagnets.com\/hu\/wp-json\/wp\/v2\/media\/74729"}],"wp:attachment":[{"href":"https:\/\/magnetarmagnets.com\/hu\/wp-json\/wp\/v2\/media?parent=82582"}],"wp:term":[{"taxonomy":"product_brand","embeddable":true,"href":"https:\/\/magnetarmagnets.com\/hu\/wp-json\/wp\/v2\/product_brand?post=82582"},{"taxonomy":"product_cat","embeddable":true,"href":"https:\/\/magnetarmagnets.com\/hu\/wp-json\/wp\/v2\/product_cat?post=82582"},{"taxonomy":"product_tag","embeddable":true,"href":"https:\/\/magnetarmagnets.com\/hu\/wp-json\/wp\/v2\/product_tag?post=82582"}],"curies":[{"name":"wp","href":"https:\/\/api.w.org\/{rel}","templated":true}]}}