{"id":82581,"date":"2025-06-05T09:54:17","date_gmt":"2025-06-05T07:54:17","guid":{"rendered":"https:\/\/magnetarmagnets.com\/?post_type=product&#038;p=82581"},"modified":"2026-04-14T21:34:37","modified_gmt":"2026-04-14T19:34:37","slug":"legend-magnes-horgasz-szett-1400-kg-beast-allround-360","status":"publish","type":"product","link":"https:\/\/magnetarmagnets.com\/hu\/shop\/legend-magnes-horgasz-szett-1400-kg-beast-allround-360\/","title":{"rendered":"Legend m\u00e1gnes horg\u00e1sz szett \u2013 1400 kg \u2013 Beast Allround 360\u00b0"},"content":{"rendered":"<b>Legend\u00e1ris m\u00e1gneshorg\u00e1sz vagy?<\/b> Vagy legend\u00e1v\u00e1 szeretn\u00e9l v\u00e1lni? A <a href=\"https:\/\/magnetarmagnets.com\/shop\/legend-package\/\" target=\"_blank\" rel=\"noopener\">Legend csomag<\/a> a t\u00f6k\u00e9letes v\u00e1laszt\u00e1s, \u00e9s mindent tartalmaz, amire sz\u00fcks\u00e9ged van a kezd\u00e9shez (r\u00e1ad\u00e1sul kedvezm\u00e9nyt is kapsz!). A csomagban benne van a Beast allround 360\u00b0 horg\u00e1sz m\u00e1gnes\u00fcnk, egy er\u0151s 10 mm \u00e1tm\u00e9r\u0151j\u0171 k\u00f6t\u00e9l karabinerrel, egy p\u00e1r v\u00edz\u00e1ll\u00f3 keszty\u0171, egy Legend v\u00e9d\u0151bor\u00edt\u00e1s, ragaszt\u00f3 \u00e9s egy extra nagy rozsdamentes ac\u00e9l vontat\u00f3 kamp\u00f3. Szeretn\u00e9l tov\u00e1bb l\u00e9pni? N\u00e9zd meg a <a href=\"https:\/\/magnetarmagnets.com\/shop\/warrior-package\/\" target=\"_blank\" rel=\"noopener\">Warrior csomagot<\/a>!\n\n<h2><b>A Beast neod\u00edmium horg\u00e1sz m\u00e1gnes<\/b><\/h2>\n\nA pozit\u00edv visszajelz\u00e9sek a <a href=\"https:\/\/magnetarmagnets.com\/shop\/hardcore-magnet-2\/\" target=\"_blank\" rel=\"noopener\">Hardcore<\/a> \u00e9s a <a href=\"https:\/\/magnetarmagnets.com\/shop\/exclusive-terror-magnet\/\" target=\"_blank\" rel=\"noopener\">Terror<\/a> m\u00e1gnesekr\u0151l \u00f6szt\u00f6n\u00f6ztek benn\u00fcnket egy \u00faj szuperer\u0151, a Beast kifejleszt\u00e9s\u00e9re! A Beast m\u00e9g er\u0151sebb, mint a Hardcore &amp; Terror m\u00e1gnes, nem csak er\u0151s, hanem K\u0150MORZSA er\u0151s. A Beast horg\u00e1sz m\u00e1gnes a j\u00f3l ismert Terror m\u00e1gnes nagyobb ut\u00f3dja: nehezebb, ez\u00e9rt m\u00e9lyebbre s\u00fcllyed a s\u00e1rban \u00e9s az iszapban, \u00edgy el\u00e9ri a lejjebb rejt\u0151z\u0151 kincseket.\n\nAllround m\u00e1gnesk\u00e9nt a Beast mind a n\u00e9gy oldal\u00e1n kb. 350 kg h\u00faz\u00f3er\u0151t biztos\u00edt. 100% neod\u00edmiumb\u00f3l k\u00e9sz\u00fclt, a leger\u0151sebb \u00e1lland\u00f3 m\u00e1gneses ritkaf\u00f6ldf\u00e9m anyagb\u00f3l, \u00edgy a Beast optim\u00e1lis es\u00e9llyel tudja felh\u00fazni a k\u00f6zeli \u00e9s t\u00e1volabbi f\u00e9m t\u00e1rgyakat.\n\n<h2><b>K\u00e9szen \u00e1llsz, hogy kipr\u00f3b\u00e1ld a Beast-et?<\/b><\/h2>\n\nA n\u00e9v mindent el\u00e1rul: ez a m\u00e1gnes igazi Sz\u00f6rnyeteg! A Beast horg\u00e1sz m\u00e1gnes 360\u00b0-os h\u00faz\u00f3er\u0151vel 1400 kg (3100 lb), \u00e9s a k\u00edn\u00e1latunk egyik leger\u0151sebb darabja. A t\u00e1rgyak minden ir\u00e1nyb\u00f3l vonz\u00f3dnak hozz\u00e1 b\u00e1rmilyen v\u00edz alatti k\u00f6rnyezetben (s\u00e1r, iszap, \u00e1ramlat, k\u00f6vek), \u00e9s nem akad meg k\u00f6nnyen. Fejlett m\u00e1gneshorg\u00e1szoknak aj\u00e1nlott, k\u00fcl\u00f6n\u00f6s odafigyel\u00e9st ig\u00e9nyel.\n\nA Beast azoknak sz\u00f3l, akik tudj\u00e1k, mit csin\u00e1lnak: ilyen er\u0151s, hogy a v\u00edz alatt mozogva \u00f6n\u00e1ll\u00f3an kutat a t\u00e1rgyak ut\u00e1n, \u00e9s annyira neh\u00e9z, hogy \u00e1tsz\u00e1ntja a s\u00e1rt, \u00edgy a legr\u00e9gebbi \u00e9s legtitkosabb kincseket is el\u00e9ri. Friss\u00edtsd a felszerel\u00e9sed, hogy k\u00f6nnyed\u00e9n kih\u00fazd a legnagyobb t\u00e1rgyakat, p\u00e9ld\u00e1ul sz\u00e9feket, fegyvereket, aut\u00f3alkatr\u00e9szeket, robog\u00f3kat, elektromos ker\u00e9kp\u00e1rokat \u00e9s m\u00e9g sok mindent.\n\n<h2><b>M\u00e1gnes evol\u00faci\u00f3<\/b><\/h2>\n\nSok m\u00e1gnes csak az egyik oldal\u00e1n rendelkezik vonz\u00f3er\u0151vel \u2013 ez a klasszikus egys\u00e1vos horg\u00e1sz m\u00e1gnes. A Magnetar volt az els\u0151, amely ezt a klasszikus megold\u00e1st k\u00e9toldal\u00fav\u00e1 alak\u00edtotta. 2016-ban kifejlesztett\u00fck a 360\u00b0-os allround m\u00e1gnes\u00fcnket, \u00e9s az\u00f3ta EU-s m\u00e1gneshorg\u00e1szok ezrei v\u00e1lasztj\u00e1k 100% neod\u00edmium m\u00e1gneseinket, \u00edgy v\u00e1ltunk Eur\u00f3pa #1 besz\u00e1ll\u00edt\u00f3j\u00e1v\u00e1. Term\u00e9keinket m\u00e1gneshorg\u00e1sz rajong\u00f3kb\u00f3l \u00e1ll\u00f3 kis csapatunk tervezi \u00e9s gy\u00e1rtja, a legmagasabb min\u0151s\u00e9gben. V\u00e1s\u00e1rl\u00f3ink az\u00e9rt t\u00e9rnek vissza, mert a Magnetarn\u00e1l nem csak egy m\u00e1gneshez jutnak, hanem val\u00f3di kincsekhez.\n\n<h2><strong>Er\u0151teljes 360\u00b0-os h\u00faz\u00f3er\u0151<\/strong><\/h2>\n\nA Beast h\u00faz\u00f3ereje ak\u00e1r 1400 kg (3100 lb), az egyik leger\u0151sebb a k\u00edn\u00e1latunkban. A k\u00f6rk\u00f6r\u00f6s vonz\u00f3er\u0151 teljes ter\u00fcleten hat, nem egy ir\u00e1nyra koncentr\u00e1l\u00f3dik, mint az ac\u00e9lburkolat\u00fa egys\u00e1vos m\u00e1gnes. K\u00edv\u00e1ncsi a m\u00e9r\u00e9seinkre? <a href=\"https:\/\/www.youtube.com\/watch?v=2McW3RURDxs\" target=\"_blank\" rel=\"noopener\">N\u00e9zd meg vide\u00f3nkat a h\u00faz\u00f3er\u0151 m\u00e9r\u00e9s\u00e9r\u0151l<\/a>.\n\n<h2><b>Magas min\u0151s\u00e9g<\/b><\/h2>\n\nM\u00e1gneseink 100% neod\u00edmiumb\u00f3l k\u00e9sz\u00fclnek, \u00e9s \u00e9vtizedekig meg\u0151rzik m\u00e1gneses erej\u00fcket (mind\u00f6ssze 0,01% vesztes\u00e9g \u00e9vente megfelel\u0151 t\u00e1rol\u00e1s \u00e9s care mellett). Sok olcs\u00f3, gyenge min\u0151s\u00e9g\u0171 m\u00e1gnes jelent meg a piacon nagyobb m\u00e9ret \u00e9s alacsonyabb h\u00faz\u00f3er\u0151 kombin\u00e1ci\u00f3j\u00e1val, de ezek sosem hozz\u00e1k a v\u00e1rt eredm\u00e9nyt. A Magnetar kis, csal\u00e1di v\u00e1llalkoz\u00e1s, ahol a min\u0151s\u00e9g mindenn\u00e9l fontosabb. Rajong\u00f3k\u00e9nt \u00e9s gy\u00e1rt\u00f3k\u00e9nt is a legjobb \u00e1r-\u00e9rt\u00e9k ar\u00e1nyt k\u00edn\u00e1ljuk.\n\n<h2><b>V\u00e9d\u0151bor\u00edt\u00e1s<\/b><\/h2>\n\nA csomag tartalmazza a rozsdamentes ac\u00e9l v\u00e9d\u0151bor\u00edt\u00e1st, ami extra v\u00e9delmet ny\u00fajt a neod\u00edmium m\u00e1gnesednek a karcol\u00e1sok, t\u00f6r\u00e9sek \u00e9s egy\u00e9b s\u00e9r\u00fcl\u00e9sek ellen. A bor\u00edt\u00e1s tart\u00f3s, t\u00f6k\u00e9letesen illeszkedik, \u00e9s 360\u00b0-os v\u00e9delmet biztos\u00edt.\n\n(Ne feledd, a m\u00e1gnes alja nincs bor\u00edtva.)\n\n<h2><b>Figyelem \u00e9s biztons\u00e1g<\/b><\/h2>\n\nA neod\u00edmium m\u00e1gnesek a leger\u0151sebb horg\u00e1sz m\u00e1gnesek, \u00e9s nagy sebess\u00e9ggel vonzz\u00e1k az ac\u00e9lt. Az olyan er\u0151s m\u00e1gnesekn\u00e9l, mint a 360\u00b0 allround, az ujjak beszorulhatnak a m\u00e1gnes \u00e9s a t\u00e1rgyak k\u00f6z\u00e9. Haszn\u00e1lat el\u0151tt mindig olvasd el a biztons\u00e1gi figyelmeztet\u00e9seinket, \u00e9s kezeljed \u00f3vatosan.\n\n* A gyermekek csak sz\u00fcl\u0151i fel\u00fcgyelettel haszn\u00e1lhatj\u00e1k.\n\nNe feledd megn\u00e9zni a <a href=\"https:\/\/magnetarmagnets.com\/collections\/fishing-magnets\/magnet-fishing-kit\/\" target=\"_blank\" rel=\"noopener\">m\u00e1gnes horg\u00e1sz szettjeinket<\/a> \u00e9s a <a href=\"https:\/\/magnetarmagnets.com\/accessories\/\" target=\"_blank\" rel=\"noopener\">m\u00e1gnes horg\u00e1szat kieg\u00e9sz\u00edt\u0151ket<\/a>.","protected":false},"excerpt":{"rendered":"<p><span style=\"font-weight: 400;\"><strong>Extr\u00e9m<\/strong> \u00e9s <strong>teljes<\/strong> \u00e9lm\u00e9ny a v\u00edzparton a <strong>360\u00b0 Allround Beast horg\u00e1sz m\u00e1gnessel<\/strong> \u00e9s kieg\u00e9sz\u00edt\u0151kkel, az igazi <strong>Legenda<\/strong> sz\u00e1m\u00e1ra!<\/span><\/p>\n","protected":false},"featured_media":72574,"comment_status":"open","ping_status":"closed","template":"","meta":{"_acf_changed":false,"inline_featured_image":false},"product_brand":[],"product_cat":[534,528,533,1005,543],"product_tag":[],"class_list":{"0":"post-82581","1":"product","2":"type-product","3":"status-publish","4":"has-post-thumbnail","6":"product_cat-horgasz-magnes-keszlet","7":"product_cat-horgasz-magnesek","8":"product_cat-horgasz-magnesek-360","9":"product_cat-osszes-termek","10":"product_cat-profik","12":"first","13":"instock","14":"sale","15":"taxable","16":"shipping-taxable","17":"purchasable","18":"product-type-simple"},"acf":[],"yoast_head":"<!-- This site is optimized with the Yoast SEO plugin v27.4 - https:\/\/yoast.com\/product\/yoast-seo-wordpress\/ -->\n<title>Legend m\u00e1gnes horg\u00e1sz szett \u2013 1400 kg \u2013 Beast Allround 360\u00b0 - Magnet fishing with a Magnetar fishing magnet<\/title>\n<meta name=\"description\" content=\"Legend csomag \u2013 3100 LBS \/ 1400 KG Beast \u2013 Magnetar m\u00e1gnes horg\u00e1szat\" \/>\n<meta name=\"robots\" content=\"index, follow, max-snippet:-1, max-image-preview:large, max-video-preview:-1\" \/>\n<link rel=\"canonical\" href=\"https:\/\/magnetarmagnets.com\/hu\/shop\/legend-magnes-horgasz-szett-1400-kg-beast-allround-360\/\" \/>\n<meta property=\"og:locale\" content=\"hu_HU\" \/>\n<meta property=\"og:type\" content=\"article\" \/>\n<meta property=\"og:title\" content=\"Legend m\u00e1gnes horg\u00e1sz szett \u2013 1400 kg \u2013 Beast Allround 360\u00b0 - Magnet fishing with a Magnetar fishing magnet\" \/>\n<meta property=\"og:description\" content=\"Legend csomag \u2013 3100 LBS \/ 1400 KG Beast \u2013 Magnetar m\u00e1gnes horg\u00e1szat\" \/>\n<meta property=\"og:url\" content=\"https:\/\/magnetarmagnets.com\/hu\/shop\/legend-magnes-horgasz-szett-1400-kg-beast-allround-360\/\" \/>\n<meta property=\"og:site_name\" content=\"Magnet fishing with a Magnetar fishing magnet\" \/>\n<meta property=\"article:publisher\" content=\"https:\/\/www.facebook.com\/fishingmagnets\/\" \/>\n<meta property=\"article:modified_time\" content=\"2026-04-14T19:34:37+00:00\" \/>\n<meta property=\"og:image\" content=\"https:\/\/magnetarmagnets.com\/wp-content\/uploads\/2021\/10\/MAGNETAR-LEGEND-KIT-GOOGLE.jpg\" \/>\n\t<meta property=\"og:image:width\" content=\"1500\" \/>\n\t<meta property=\"og:image:height\" content=\"1500\" \/>\n\t<meta property=\"og:image:type\" content=\"image\/jpeg\" \/>\n<meta name=\"twitter:card\" content=\"summary_large_image\" \/>\n<meta name=\"twitter:label1\" content=\"Becs\u00fclt olvas\u00e1si id\u0151\" \/>\n\t<meta name=\"twitter:data1\" content=\"5 perc\" \/>\n<script type=\"application\/ld+json\" class=\"yoast-schema-graph\">{\"@context\":\"https:\\\/\\\/schema.org\",\"@graph\":[{\"@type\":[\"WebPage\",\"ItemPage\"],\"@id\":\"https:\\\/\\\/magnetarmagnets.com\\\/hu\\\/shop\\\/legend-magnes-horgasz-szett-1400-kg-beast-allround-360\\\/\",\"url\":\"https:\\\/\\\/magnetarmagnets.com\\\/hu\\\/shop\\\/legend-magnes-horgasz-szett-1400-kg-beast-allround-360\\\/\",\"name\":\"Legend m\u00e1gnes horg\u00e1sz szett \u2013 1400 kg \u2013 Beast Allround 360\u00b0 - Magnet fishing with a Magnetar fishing magnet\",\"isPartOf\":{\"@id\":\"https:\\\/\\\/magnetarmagnets.com\\\/hu\\\/#website\"},\"primaryImageOfPage\":{\"@id\":\"https:\\\/\\\/magnetarmagnets.com\\\/hu\\\/shop\\\/legend-magnes-horgasz-szett-1400-kg-beast-allround-360\\\/#primaryimage\"},\"image\":{\"@id\":\"https:\\\/\\\/magnetarmagnets.com\\\/hu\\\/shop\\\/legend-magnes-horgasz-szett-1400-kg-beast-allround-360\\\/#primaryimage\"},\"thumbnailUrl\":\"https:\\\/\\\/magnetarmagnets.com\\\/wp-content\\\/uploads\\\/2021\\\/10\\\/MAGNETAR-LEGEND-KIT-GOOGLE.jpg\",\"datePublished\":\"2025-06-05T07:54:17+00:00\",\"dateModified\":\"2026-04-14T19:34:37+00:00\",\"description\":\"Legend csomag \u2013 3100 LBS \\\/ 1400 KG Beast \u2013 Magnetar m\u00e1gnes horg\u00e1szat\",\"breadcrumb\":{\"@id\":\"https:\\\/\\\/magnetarmagnets.com\\\/hu\\\/shop\\\/legend-magnes-horgasz-szett-1400-kg-beast-allround-360\\\/#breadcrumb\"},\"inLanguage\":\"hu\",\"potentialAction\":[{\"@type\":\"ReadAction\",\"target\":[\"https:\\\/\\\/magnetarmagnets.com\\\/hu\\\/shop\\\/legend-magnes-horgasz-szett-1400-kg-beast-allround-360\\\/\"]}]},{\"@type\":\"ImageObject\",\"inLanguage\":\"hu\",\"@id\":\"https:\\\/\\\/magnetarmagnets.com\\\/hu\\\/shop\\\/legend-magnes-horgasz-szett-1400-kg-beast-allround-360\\\/#primaryimage\",\"url\":\"https:\\\/\\\/magnetarmagnets.com\\\/wp-content\\\/uploads\\\/2021\\\/10\\\/MAGNETAR-LEGEND-KIT-GOOGLE.jpg\",\"contentUrl\":\"https:\\\/\\\/magnetarmagnets.com\\\/wp-content\\\/uploads\\\/2021\\\/10\\\/MAGNETAR-LEGEND-KIT-GOOGLE.jpg\",\"width\":1500,\"height\":1500,\"caption\":\"MAGNETAR-LEGEND-KIT\"},{\"@type\":\"BreadcrumbList\",\"@id\":\"https:\\\/\\\/magnetarmagnets.com\\\/hu\\\/shop\\\/legend-magnes-horgasz-szett-1400-kg-beast-allround-360\\\/#breadcrumb\",\"itemListElement\":[{\"@type\":\"ListItem\",\"position\":1,\"name\":\"Home\",\"item\":\"https:\\\/\\\/magnetarmagnets.com\\\/hu\\\/\"},{\"@type\":\"ListItem\",\"position\":2,\"name\":\"Webshop\",\"item\":\"https:\\\/\\\/magnetarmagnets.com\\\/webshop\\\/\"},{\"@type\":\"ListItem\",\"position\":3,\"name\":\"Horg\u00e1sz m\u00e1gnesek\",\"item\":\"https:\\\/\\\/magnetarmagnets.com\\\/hu\\\/collections\\\/horgasz-magnesek\\\/\"},{\"@type\":\"ListItem\",\"position\":4,\"name\":\"Horg\u00e1sz m\u00e1gnesek 360\u00b0\",\"item\":\"https:\\\/\\\/magnetarmagnets.com\\\/hu\\\/collections\\\/horgasz-magnesek\\\/horgasz-magnesek-360\\\/\"},{\"@type\":\"ListItem\",\"position\":5,\"name\":\"Legend m\u00e1gnes horg\u00e1sz szett \u2013 1400 kg \u2013 Beast Allround 360\u00b0\"}]},{\"@type\":\"WebSite\",\"@id\":\"https:\\\/\\\/magnetarmagnets.com\\\/hu\\\/#website\",\"url\":\"https:\\\/\\\/magnetarmagnets.com\\\/hu\\\/\",\"name\":\"Magnet fishing with a Magnetar fishing magnet\",\"description\":\"Er\u0151s m\u00e1gnesek m\u00e1gneshorg\u00e1szathoz\",\"publisher\":{\"@id\":\"https:\\\/\\\/magnetarmagnets.com\\\/hu\\\/#organization\"},\"potentialAction\":[{\"@type\":\"SearchAction\",\"target\":{\"@type\":\"EntryPoint\",\"urlTemplate\":\"https:\\\/\\\/magnetarmagnets.com\\\/hu\\\/?s={search_term_string}\"},\"query-input\":{\"@type\":\"PropertyValueSpecification\",\"valueRequired\":true,\"valueName\":\"search_term_string\"}}],\"inLanguage\":\"hu\"},{\"@type\":\"Organization\",\"@id\":\"https:\\\/\\\/magnetarmagnets.com\\\/hu\\\/#organization\",\"name\":\"Magnetar\",\"url\":\"https:\\\/\\\/magnetarmagnets.com\\\/hu\\\/\",\"logo\":{\"@type\":\"ImageObject\",\"inLanguage\":\"hu\",\"@id\":\"https:\\\/\\\/magnetarmagnets.com\\\/hu\\\/#\\\/schema\\\/logo\\\/image\\\/\",\"url\":\"https:\\\/\\\/magnetarmagnets.com\\\/wp-content\\\/uploads\\\/2025\\\/05\\\/Logo-03_PNG-Black-scaled.png\",\"contentUrl\":\"https:\\\/\\\/magnetarmagnets.com\\\/wp-content\\\/uploads\\\/2025\\\/05\\\/Logo-03_PNG-Black-scaled.png\",\"width\":2560,\"height\":1658,\"caption\":\"Magnetar\"},\"image\":{\"@id\":\"https:\\\/\\\/magnetarmagnets.com\\\/hu\\\/#\\\/schema\\\/logo\\\/image\\\/\"},\"sameAs\":[\"https:\\\/\\\/www.facebook.com\\\/fishingmagnets\\\/\",\"https:\\\/\\\/www.instagram.com\\\/magnetar_magnets\\\/\",\"https:\\\/\\\/www.linkedin.com\\\/company\\\/magnetarbv\\\/?originalSubdomain=nl\",\"https:\\\/\\\/www.youtube.com\\\/c\\\/MagnetarVismagneet\"]}]}<\/script>\n<!-- \/ Yoast SEO plugin. -->","yoast_head_json":{"title":"Legend m\u00e1gnes horg\u00e1sz szett \u2013 1400 kg \u2013 Beast Allround 360\u00b0 - Magnet fishing with a Magnetar fishing magnet","description":"Legend csomag \u2013 3100 LBS \/ 1400 KG Beast \u2013 Magnetar m\u00e1gnes horg\u00e1szat","robots":{"index":"index","follow":"follow","max-snippet":"max-snippet:-1","max-image-preview":"max-image-preview:large","max-video-preview":"max-video-preview:-1"},"canonical":"https:\/\/magnetarmagnets.com\/hu\/shop\/legend-magnes-horgasz-szett-1400-kg-beast-allround-360\/","og_locale":"hu_HU","og_type":"article","og_title":"Legend m\u00e1gnes horg\u00e1sz szett \u2013 1400 kg \u2013 Beast Allround 360\u00b0 - Magnet fishing with a Magnetar fishing magnet","og_description":"Legend csomag \u2013 3100 LBS \/ 1400 KG Beast \u2013 Magnetar m\u00e1gnes horg\u00e1szat","og_url":"https:\/\/magnetarmagnets.com\/hu\/shop\/legend-magnes-horgasz-szett-1400-kg-beast-allround-360\/","og_site_name":"Magnet fishing with a Magnetar fishing magnet","article_publisher":"https:\/\/www.facebook.com\/fishingmagnets\/","article_modified_time":"2026-04-14T19:34:37+00:00","og_image":[{"width":1500,"height":1500,"url":"https:\/\/magnetarmagnets.com\/wp-content\/uploads\/2021\/10\/MAGNETAR-LEGEND-KIT-GOOGLE.jpg","type":"image\/jpeg"}],"twitter_card":"summary_large_image","twitter_misc":{"Becs\u00fclt olvas\u00e1si id\u0151":"5 perc"},"schema":{"@context":"https:\/\/schema.org","@graph":[{"@type":["WebPage","ItemPage"],"@id":"https:\/\/magnetarmagnets.com\/hu\/shop\/legend-magnes-horgasz-szett-1400-kg-beast-allround-360\/","url":"https:\/\/magnetarmagnets.com\/hu\/shop\/legend-magnes-horgasz-szett-1400-kg-beast-allround-360\/","name":"Legend m\u00e1gnes horg\u00e1sz szett \u2013 1400 kg \u2013 Beast Allround 360\u00b0 - Magnet fishing with a Magnetar fishing magnet","isPartOf":{"@id":"https:\/\/magnetarmagnets.com\/hu\/#website"},"primaryImageOfPage":{"@id":"https:\/\/magnetarmagnets.com\/hu\/shop\/legend-magnes-horgasz-szett-1400-kg-beast-allround-360\/#primaryimage"},"image":{"@id":"https:\/\/magnetarmagnets.com\/hu\/shop\/legend-magnes-horgasz-szett-1400-kg-beast-allround-360\/#primaryimage"},"thumbnailUrl":"https:\/\/magnetarmagnets.com\/wp-content\/uploads\/2021\/10\/MAGNETAR-LEGEND-KIT-GOOGLE.jpg","datePublished":"2025-06-05T07:54:17+00:00","dateModified":"2026-04-14T19:34:37+00:00","description":"Legend csomag \u2013 3100 LBS \/ 1400 KG Beast \u2013 Magnetar m\u00e1gnes horg\u00e1szat","breadcrumb":{"@id":"https:\/\/magnetarmagnets.com\/hu\/shop\/legend-magnes-horgasz-szett-1400-kg-beast-allround-360\/#breadcrumb"},"inLanguage":"hu","potentialAction":[{"@type":"ReadAction","target":["https:\/\/magnetarmagnets.com\/hu\/shop\/legend-magnes-horgasz-szett-1400-kg-beast-allround-360\/"]}]},{"@type":"ImageObject","inLanguage":"hu","@id":"https:\/\/magnetarmagnets.com\/hu\/shop\/legend-magnes-horgasz-szett-1400-kg-beast-allround-360\/#primaryimage","url":"https:\/\/magnetarmagnets.com\/wp-content\/uploads\/2021\/10\/MAGNETAR-LEGEND-KIT-GOOGLE.jpg","contentUrl":"https:\/\/magnetarmagnets.com\/wp-content\/uploads\/2021\/10\/MAGNETAR-LEGEND-KIT-GOOGLE.jpg","width":1500,"height":1500,"caption":"MAGNETAR-LEGEND-KIT"},{"@type":"BreadcrumbList","@id":"https:\/\/magnetarmagnets.com\/hu\/shop\/legend-magnes-horgasz-szett-1400-kg-beast-allround-360\/#breadcrumb","itemListElement":[{"@type":"ListItem","position":1,"name":"Home","item":"https:\/\/magnetarmagnets.com\/hu\/"},{"@type":"ListItem","position":2,"name":"Webshop","item":"https:\/\/magnetarmagnets.com\/webshop\/"},{"@type":"ListItem","position":3,"name":"Horg\u00e1sz m\u00e1gnesek","item":"https:\/\/magnetarmagnets.com\/hu\/collections\/horgasz-magnesek\/"},{"@type":"ListItem","position":4,"name":"Horg\u00e1sz m\u00e1gnesek 360\u00b0","item":"https:\/\/magnetarmagnets.com\/hu\/collections\/horgasz-magnesek\/horgasz-magnesek-360\/"},{"@type":"ListItem","position":5,"name":"Legend m\u00e1gnes horg\u00e1sz szett \u2013 1400 kg \u2013 Beast Allround 360\u00b0"}]},{"@type":"WebSite","@id":"https:\/\/magnetarmagnets.com\/hu\/#website","url":"https:\/\/magnetarmagnets.com\/hu\/","name":"Magnet fishing with a Magnetar fishing magnet","description":"Er\u0151s m\u00e1gnesek m\u00e1gneshorg\u00e1szathoz","publisher":{"@id":"https:\/\/magnetarmagnets.com\/hu\/#organization"},"potentialAction":[{"@type":"SearchAction","target":{"@type":"EntryPoint","urlTemplate":"https:\/\/magnetarmagnets.com\/hu\/?s={search_term_string}"},"query-input":{"@type":"PropertyValueSpecification","valueRequired":true,"valueName":"search_term_string"}}],"inLanguage":"hu"},{"@type":"Organization","@id":"https:\/\/magnetarmagnets.com\/hu\/#organization","name":"Magnetar","url":"https:\/\/magnetarmagnets.com\/hu\/","logo":{"@type":"ImageObject","inLanguage":"hu","@id":"https:\/\/magnetarmagnets.com\/hu\/#\/schema\/logo\/image\/","url":"https:\/\/magnetarmagnets.com\/wp-content\/uploads\/2025\/05\/Logo-03_PNG-Black-scaled.png","contentUrl":"https:\/\/magnetarmagnets.com\/wp-content\/uploads\/2025\/05\/Logo-03_PNG-Black-scaled.png","width":2560,"height":1658,"caption":"Magnetar"},"image":{"@id":"https:\/\/magnetarmagnets.com\/hu\/#\/schema\/logo\/image\/"},"sameAs":["https:\/\/www.facebook.com\/fishingmagnets\/","https:\/\/www.instagram.com\/magnetar_magnets\/","https:\/\/www.linkedin.com\/company\/magnetarbv\/?originalSubdomain=nl","https:\/\/www.youtube.com\/c\/MagnetarVismagneet"]}]}},"_links":{"self":[{"href":"https:\/\/magnetarmagnets.com\/hu\/wp-json\/wp\/v2\/product\/82581","targetHints":{"allow":["GET"]}}],"collection":[{"href":"https:\/\/magnetarmagnets.com\/hu\/wp-json\/wp\/v2\/product"}],"about":[{"href":"https:\/\/magnetarmagnets.com\/hu\/wp-json\/wp\/v2\/types\/product"}],"replies":[{"embeddable":true,"href":"https:\/\/magnetarmagnets.com\/hu\/wp-json\/wp\/v2\/comments?post=82581"}],"version-history":[{"count":0,"href":"https:\/\/magnetarmagnets.com\/hu\/wp-json\/wp\/v2\/product\/82581\/revisions"}],"wp:featuredmedia":[{"embeddable":true,"href":"https:\/\/magnetarmagnets.com\/hu\/wp-json\/wp\/v2\/media\/72574"}],"wp:attachment":[{"href":"https:\/\/magnetarmagnets.com\/hu\/wp-json\/wp\/v2\/media?parent=82581"}],"wp:term":[{"taxonomy":"product_brand","embeddable":true,"href":"https:\/\/magnetarmagnets.com\/hu\/wp-json\/wp\/v2\/product_brand?post=82581"},{"taxonomy":"product_cat","embeddable":true,"href":"https:\/\/magnetarmagnets.com\/hu\/wp-json\/wp\/v2\/product_cat?post=82581"},{"taxonomy":"product_tag","embeddable":true,"href":"https:\/\/magnetarmagnets.com\/hu\/wp-json\/wp\/v2\/product_tag?post=82581"}],"curies":[{"name":"wp","href":"https:\/\/api.w.org\/{rel}","templated":true}]}}