{"id":82579,"date":"2025-06-05T09:54:38","date_gmt":"2025-06-05T07:54:38","guid":{"rendered":"https:\/\/magnetarmagnets.com\/?post_type=product&#038;p=82579"},"modified":"2026-04-07T06:20:04","modified_gmt":"2026-04-07T04:20:04","slug":"pro-csomag-600-kg-hardcore-allround-360-magnes-horgasz-szett","status":"publish","type":"product","link":"https:\/\/magnetarmagnets.com\/hu\/shop\/pro-csomag-600-kg-hardcore-allround-360-magnes-horgasz-szett\/","title":{"rendered":"Pro csomag &#8211; 600 kg &#8211; Hardcore Allround 360\u00b0 m\u00e1gnes horg\u00e1sz szett"},"content":{"rendered":"<b>Profi m\u00e1gneshorg\u00e1sz vagy?<\/b> Vagy szeretn\u00e9l azz\u00e1 v\u00e1lni? A Pro csomagunk a t\u00f6k\u00e9letes v\u00e1laszt\u00e1s, \u00e9s mindent tartalmaz, amire a kezd\u00e9shez (\u00e9s az \u00f6ssze\u00e1ll\u00edtott kedvezm\u00e9ny ig\u00e9nybev\u00e9tel\u00e9hez) sz\u00fcks\u00e9ged van! Ez a szett tartalmazza bestseller\u00fcnknek sz\u00e1m\u00edt\u00f3 Hardcore Allround 360\u00b0 m\u00e1gnes horg\u00e1szm\u00e1gnes\u00fcnket. A csomagban tov\u00e1bb\u00e1 egy er\u0151s, 8 mm \u00e1tm\u00e9r\u0151j\u0171 zsin\u00f3rt karabinerrel, egy p\u00e1r v\u00edz\u00e1ll\u00f3 keszty\u0171t, egy Hardcore v\u00e9d\u0151burkolatot, ragaszt\u00f3t \u00e9s egy extra nagy, rozsdamentes ac\u00e9lb\u00f3l k\u00e9sz\u00fclt <a href=\"https:\/\/magnetarmagnets.com\/shop\/stainless-steel-hook-for-magnet-fishing\/\" target=\"_blank\" rel=\"noopener\">horg\u00e1szm\u00e1gnes horgot<\/a> tal\u00e1lsz. Szeretn\u00e9l magasabb szintre l\u00e9pni? N\u00e9zd meg az <a href=\"https:\/\/magnetarmagnets.com\/shop\/expert-package\/\" target=\"_blank\" rel=\"noopener\">Expert Package-et!<\/a>\n\n<h2><b>A Hardcore neod\u00edmium horg\u00e1szm\u00e1gnes<\/b><\/h2>\n\n<span style=\"font-weight: 400;\">Az Allround 360\u00b0-os neod\u00edmium m\u00e1gnes\u00fcnk hatalmas m\u00e1gneses h\u00faz\u00f3er\u0151vel b\u00edr! Ez az egyik leger\u0151sebb \u00e9s legjobb \u00e1r-\u00e9rt\u00e9k ar\u00e1ny\u00fa horg\u00e1szm\u00e1gnes a piacon. <\/span><b>14 cm k\u00f6r\u00fcli vonz\u00f3er\u0151vel<\/b><span style=\"font-weight: 400;\"> a m\u00e1gnes k\u00f6r\u00fcl, a nagy t\u00e1vols\u00e1gi vonz\u00e1s nagy es\u00e9lyt ad arra, hogy nagyobb \u00e9s \u00e9rt\u00e9kesebb kincseket fogj ki. Sok m\u00e1gneshorg\u00e1sz dics\u00e9ri az Allround Hardcore m\u00e1gnes hat\u00e9kony fog\u00e1si eredm\u00e9nyeit \u2013 n\u00e9zd meg, mit mondanak a profik a <\/span><a href=\"https:\/\/www.youtube.com\/watch?v=1izvqgYbtd8\" target=\"_blank\" rel=\"noopener\"><span style=\"font-weight: 400;\">YouTube-on<\/span><\/a><span style=\"font-weight: 400;\">! Az Allround Hardcore horg\u00e1szm\u00e1gnes t\u00f6k\u00e9letes azoknak a m\u00e1gneshorg\u00e1szoknak, akik tov\u00e1bb szeretn\u00e9k fejleszteni az <a href=\"https:\/\/magnetarmagnets.com\/collections\/fishing-magnets\/single-sided-classic\/\" target=\"_blank\" rel=\"noopener\">egyoldalas<\/a> vagy <a href=\"https:\/\/magnetarmagnets.com\/double-sided-fishing-magnet\/\" target=\"_blank\" rel=\"noopener\">k\u00e9ts\u00edk\u00fa horg\u00e1szm\u00e1gnes\u00fcket<\/a> m\u00e9g nagyobb \u00f6sszh\u00faz\u00f3er\u0151 \u00e9rdek\u00e9ben.<\/span>\n\n<h2><b>K\u00e9szen \u00e1llsz a Hardcore \u00e9lm\u00e9nyre?<\/b><\/h2>\n\n<span style=\"font-weight: 400;\">L\u00e9gy te is Hardcore m\u00e1gneshorg\u00e1sz! A n\u00e9v mindent el\u00e1rul: ez a m\u00e1gnes rendk\u00edv\u00fcl er\u0151s! A Hardcore horg\u00e1szm\u00e1gnes minden oldalr\u00f3l kapaszkodik az objektumokba, \u00e1thatol a s\u00e1rban, \u00e9s nem akad fenn k\u00f6nnyen a k\u00f6veken. Nem t\u00fal neh\u00e9z, nem t\u00fal k\u00f6nny\u0171, \u00f3r\u00e1kon \u00e1t dob\u00e1lhatod gond n\u00e9lk\u00fcl.<\/span>\n\n<span style=\"font-weight: 400;\">A Hardcore m\u00e1gnes az egyik legkelend\u0151bb term\u00e9k\u00fcnk, \u00e9s a halad\u00f3 m\u00e1gneshorg\u00e1szok k\u00f6r\u00e9ben is n\u00e9pszer\u0171. A m\u00e1gnes 100% tiszta neod\u00edmiumb\u00f3l k\u00e9sz\u00fclt \u2013 a leger\u0151sebb \u00e1lland\u00f3 m\u00e1gnes, amellyel ugyanakkora m\u00e9ret mellett t\u00f6bbet emelhetsz, mint m\u00e1s m\u00e1gnesanyagokkal. Ez n\u00f6veli az \u00e1ltal\u00e1nos vonz\u00e1st minden ir\u00e1nyb\u00f3l \u00e9s a k\u00f6rnyez\u0151 t\u00e1rgyak sz\u00e9les k\u00f6r\u00e9ben.<\/span>\n\n<h2><b>A m\u00e1gnesek evol\u00faci\u00f3ja<\/b><\/h2>\n\nSok <a href=\"https:\/\/magnetarmagnets.com\/\" target=\"_blank\" rel=\"noopener\">horg\u00e1szm\u00e1gnes<\/a> csak az egyik oldalon rendelkezik vonz\u00f3er\u0151vel. Ez az egyoldalas m\u00e1gnes a klasszikus horg\u00e1szm\u00e1gnes. A Magnetar volt az els\u0151 c\u00e9g, amely ezt a klasszikus m\u00e1gneset \u00e1tdolgozta egy <a href=\"https:\/\/magnetarmagnets.com\/double-sided-fishing-magnet\/\" target=\"_blank\" rel=\"noopener\">k\u00e9ts\u00edk\u00fa horg\u00e1szm\u00e1gness\u00e9<\/a>. Majd 2016-ban a Magnetar kifejlesztette az Allround 360\u00b0-os m\u00e1gneshorg\u00e1szm\u00e1gnes\u00fcnket. Az EU-s m\u00e1gneshorg\u00e1szok az\u00f3ta is a 100% neod\u00edmium m\u00e1gneseinket v\u00e1lasztj\u00e1k, \u00edgy lett\u00fcnk Eur\u00f3pa #1 besz\u00e1ll\u00edt\u00f3ja. M\u00e1gneseinket egy kis, m\u00e1gnesez\u00e9s szerelmeseib\u0151l \u00e1ll\u00f3 csapat tervezi, gy\u00e1rtja \u00e9s gondosan ellen\u0151rzi a min\u0151s\u00e9get. V\u00e1s\u00e1rl\u00f3ink visszat\u00e9rnek, mert n\u00e1lunk nem csak egy m\u00e1gneshez, hanem val\u00f3di kincsekhez juthatnak.\n\n<h2><strong>Er\u0151teljes 360\u00b0-os h\u00faz\u00f3er\u0151<\/strong><\/h2>\n\n<span style=\"font-weight: 400;\">A Hardcore m\u00e1gnes a legnagyobb er\u0151ss\u00e9geink k\u00f6z\u00e9 tartozik. Egy egyoldalas m\u00e1gnes h\u00faz\u00f3ereje nem hasonl\u00edthat\u00f3 \u00f6ssze egy tiszta neod\u00edmium 360\u00b0-os m\u00e1gnes\u00e9vel, mint a Hardcore m\u00e1gnes. Ennek oka, hogy az egyoldalas m\u00e1gnes ac\u00e9l burkolata befoly\u00e1solja a h\u00faz\u00f3er\u0151t, \u00e9s az er\u0151 egy ir\u00e1nyba \u00f6sszpontosul. Ez lehet\u0151v\u00e9 teszi, hogy az egyoldalas m\u00e1gnesek magas h\u00faz\u00f3er\u0151t \u00e9rjenek el s\u00edk f\u00e9mfel\u00fcleteken, m\u00edg exkluz\u00edv Allround 360\u00b0-os m\u00e1gnes\u00fcnk minden ir\u00e1nyb\u00f3l vonzza a t\u00e1rgyakat a k\u00f6rnyez\u0151 ter\u00fcleten. K\u00edv\u00e1ncsi vagy a h\u00faz\u00f3er\u0151 m\u00e9r\u00e9s\u00fcnkre? <\/span><a href=\"https:\/\/www.youtube.com\/watch?v=2McW3RURDxs\" target=\"_blank\" rel=\"noopener\"><span style=\"font-weight: 400;\">N\u00e9zd meg vide\u00f3nkat a h\u00faz\u00f3er\u0151 m\u00e9r\u00e9sekr\u0151l<\/span><\/a><span style=\"font-weight: 400;\">.<\/span>","protected":false},"excerpt":{"rendered":"<p><span style=\"font-weight: 400;\">Teljes k\u00f6r\u0171 kezd\u00e9s <strong>csomagkedvezm\u00e9nnyel<\/strong> \u00e9s az <strong>eredeti 360\u00b0-os Hardcore horg\u00e1szm\u00e1gnessel<\/strong>.<\/span><\/p>\n","protected":false},"featured_media":74019,"comment_status":"open","ping_status":"closed","template":"","meta":{"_acf_changed":false,"inline_featured_image":false},"product_brand":[],"product_cat":[542,534,528,533,541,1005],"product_tag":[],"class_list":{"0":"post-82579","1":"product","2":"type-product","3":"status-publish","4":"has-post-thumbnail","6":"product_cat-halado-kalandorok","7":"product_cat-horgasz-magnes-keszlet","8":"product_cat-horgasz-magnesek","9":"product_cat-horgasz-magnesek-360","10":"product_cat-kezdok-es-gyerekek","11":"product_cat-osszes-termek","13":"first","14":"instock","15":"sale","16":"taxable","17":"shipping-taxable","18":"purchasable","19":"product-type-simple"},"acf":[],"yoast_head":"<!-- This site is optimized with the Yoast SEO plugin v27.3 - https:\/\/yoast.com\/product\/yoast-seo-wordpress\/ -->\n<title>Pro csomag - 600 kg - Hardcore Allround 360\u00b0 m\u00e1gnes horg\u00e1sz szett - Magnet fishing with a Magnetar fishing magnet<\/title>\n<meta name=\"description\" content=\"Pro csomag - 600 kg Hardcore - Magnetar\" \/>\n<meta name=\"robots\" content=\"index, follow, max-snippet:-1, max-image-preview:large, max-video-preview:-1\" \/>\n<link rel=\"canonical\" href=\"https:\/\/magnetarmagnets.com\/hu\/shop\/pro-csomag-600-kg-hardcore-allround-360-magnes-horgasz-szett\/\" \/>\n<meta property=\"og:locale\" content=\"hu_HU\" \/>\n<meta property=\"og:type\" content=\"article\" \/>\n<meta property=\"og:title\" content=\"Pro csomag - 600 kg - Hardcore Allround 360\u00b0 m\u00e1gnes horg\u00e1sz szett - Magnet fishing with a Magnetar fishing magnet\" \/>\n<meta property=\"og:description\" content=\"Pro csomag - 600 kg Hardcore - Magnetar\" \/>\n<meta property=\"og:url\" content=\"https:\/\/magnetarmagnets.com\/hu\/shop\/pro-csomag-600-kg-hardcore-allround-360-magnes-horgasz-szett\/\" \/>\n<meta property=\"og:site_name\" content=\"Magnet fishing with a Magnetar fishing magnet\" \/>\n<meta property=\"article:publisher\" content=\"https:\/\/www.facebook.com\/fishingmagnets\/\" \/>\n<meta property=\"article:modified_time\" content=\"2026-04-07T04:20:04+00:00\" \/>\n<meta property=\"og:image\" content=\"https:\/\/magnetarmagnets.com\/wp-content\/uploads\/2019\/11\/pro-pakket.jpg\" \/>\n\t<meta property=\"og:image:width\" content=\"1500\" \/>\n\t<meta property=\"og:image:height\" content=\"1500\" \/>\n\t<meta property=\"og:image:type\" content=\"image\/jpeg\" \/>\n<meta name=\"twitter:card\" content=\"summary_large_image\" \/>\n<meta name=\"twitter:label1\" content=\"Becs\u00fclt olvas\u00e1si id\u0151\" \/>\n\t<meta name=\"twitter:data1\" content=\"5 perc\" \/>\n<script type=\"application\/ld+json\" class=\"yoast-schema-graph\">{\"@context\":\"https:\\\/\\\/schema.org\",\"@graph\":[{\"@type\":[\"WebPage\",\"ItemPage\"],\"@id\":\"https:\\\/\\\/magnetarmagnets.com\\\/hu\\\/shop\\\/pro-csomag-600-kg-hardcore-allround-360-magnes-horgasz-szett\\\/\",\"url\":\"https:\\\/\\\/magnetarmagnets.com\\\/hu\\\/shop\\\/pro-csomag-600-kg-hardcore-allround-360-magnes-horgasz-szett\\\/\",\"name\":\"Pro csomag - 600 kg - Hardcore Allround 360\u00b0 m\u00e1gnes horg\u00e1sz szett - Magnet fishing with a Magnetar fishing magnet\",\"isPartOf\":{\"@id\":\"https:\\\/\\\/magnetarmagnets.com\\\/hu\\\/#website\"},\"primaryImageOfPage\":{\"@id\":\"https:\\\/\\\/magnetarmagnets.com\\\/hu\\\/shop\\\/pro-csomag-600-kg-hardcore-allround-360-magnes-horgasz-szett\\\/#primaryimage\"},\"image\":{\"@id\":\"https:\\\/\\\/magnetarmagnets.com\\\/hu\\\/shop\\\/pro-csomag-600-kg-hardcore-allround-360-magnes-horgasz-szett\\\/#primaryimage\"},\"thumbnailUrl\":\"https:\\\/\\\/magnetarmagnets.com\\\/wp-content\\\/uploads\\\/2019\\\/11\\\/pro-pakket.jpg\",\"datePublished\":\"2025-06-05T07:54:38+00:00\",\"dateModified\":\"2026-04-07T04:20:04+00:00\",\"description\":\"Pro csomag - 600 kg Hardcore - Magnetar\",\"breadcrumb\":{\"@id\":\"https:\\\/\\\/magnetarmagnets.com\\\/hu\\\/shop\\\/pro-csomag-600-kg-hardcore-allround-360-magnes-horgasz-szett\\\/#breadcrumb\"},\"inLanguage\":\"hu\",\"potentialAction\":[{\"@type\":\"ReadAction\",\"target\":[\"https:\\\/\\\/magnetarmagnets.com\\\/hu\\\/shop\\\/pro-csomag-600-kg-hardcore-allround-360-magnes-horgasz-szett\\\/\"]}]},{\"@type\":\"ImageObject\",\"inLanguage\":\"hu\",\"@id\":\"https:\\\/\\\/magnetarmagnets.com\\\/hu\\\/shop\\\/pro-csomag-600-kg-hardcore-allround-360-magnes-horgasz-szett\\\/#primaryimage\",\"url\":\"https:\\\/\\\/magnetarmagnets.com\\\/wp-content\\\/uploads\\\/2019\\\/11\\\/pro-pakket.jpg\",\"contentUrl\":\"https:\\\/\\\/magnetarmagnets.com\\\/wp-content\\\/uploads\\\/2019\\\/11\\\/pro-pakket.jpg\",\"width\":1500,\"height\":1500,\"caption\":\"Pro Package for magnet fishing\"},{\"@type\":\"BreadcrumbList\",\"@id\":\"https:\\\/\\\/magnetarmagnets.com\\\/hu\\\/shop\\\/pro-csomag-600-kg-hardcore-allround-360-magnes-horgasz-szett\\\/#breadcrumb\",\"itemListElement\":[{\"@type\":\"ListItem\",\"position\":1,\"name\":\"Home\",\"item\":\"https:\\\/\\\/magnetarmagnets.com\\\/hu\\\/\"},{\"@type\":\"ListItem\",\"position\":2,\"name\":\"Webshop\",\"item\":\"https:\\\/\\\/magnetarmagnets.com\\\/webshop\\\/\"},{\"@type\":\"ListItem\",\"position\":3,\"name\":\"\u00d6sszes term\u00e9k\",\"item\":\"https:\\\/\\\/magnetarmagnets.com\\\/hu\\\/collections\\\/osszes-termek\\\/\"},{\"@type\":\"ListItem\",\"position\":4,\"name\":\"Pro csomag &#8211; 600 kg &#8211; Hardcore Allround 360\u00b0 m\u00e1gnes horg\u00e1sz szett\"}]},{\"@type\":\"WebSite\",\"@id\":\"https:\\\/\\\/magnetarmagnets.com\\\/hu\\\/#website\",\"url\":\"https:\\\/\\\/magnetarmagnets.com\\\/hu\\\/\",\"name\":\"Magnet fishing with a Magnetar fishing magnet\",\"description\":\"Er\u0151s m\u00e1gnesek m\u00e1gneshorg\u00e1szathoz\",\"publisher\":{\"@id\":\"https:\\\/\\\/magnetarmagnets.com\\\/hu\\\/#organization\"},\"potentialAction\":[{\"@type\":\"SearchAction\",\"target\":{\"@type\":\"EntryPoint\",\"urlTemplate\":\"https:\\\/\\\/magnetarmagnets.com\\\/hu\\\/?s={search_term_string}\"},\"query-input\":{\"@type\":\"PropertyValueSpecification\",\"valueRequired\":true,\"valueName\":\"search_term_string\"}}],\"inLanguage\":\"hu\"},{\"@type\":\"Organization\",\"@id\":\"https:\\\/\\\/magnetarmagnets.com\\\/hu\\\/#organization\",\"name\":\"Magnetar\",\"url\":\"https:\\\/\\\/magnetarmagnets.com\\\/hu\\\/\",\"logo\":{\"@type\":\"ImageObject\",\"inLanguage\":\"hu\",\"@id\":\"https:\\\/\\\/magnetarmagnets.com\\\/hu\\\/#\\\/schema\\\/logo\\\/image\\\/\",\"url\":\"https:\\\/\\\/magnetarmagnets.com\\\/wp-content\\\/uploads\\\/2025\\\/05\\\/Logo-03_PNG-Black-scaled.png\",\"contentUrl\":\"https:\\\/\\\/magnetarmagnets.com\\\/wp-content\\\/uploads\\\/2025\\\/05\\\/Logo-03_PNG-Black-scaled.png\",\"width\":2560,\"height\":1658,\"caption\":\"Magnetar\"},\"image\":{\"@id\":\"https:\\\/\\\/magnetarmagnets.com\\\/hu\\\/#\\\/schema\\\/logo\\\/image\\\/\"},\"sameAs\":[\"https:\\\/\\\/www.facebook.com\\\/fishingmagnets\\\/\",\"https:\\\/\\\/www.instagram.com\\\/magnetar_magnets\\\/\",\"https:\\\/\\\/www.linkedin.com\\\/company\\\/magnetarbv\\\/?originalSubdomain=nl\",\"https:\\\/\\\/www.youtube.com\\\/c\\\/MagnetarVismagneet\"]}]}<\/script>\n<!-- \/ Yoast SEO plugin. -->","yoast_head_json":{"title":"Pro csomag - 600 kg - Hardcore Allround 360\u00b0 m\u00e1gnes horg\u00e1sz szett - Magnet fishing with a Magnetar fishing magnet","description":"Pro csomag - 600 kg Hardcore - Magnetar","robots":{"index":"index","follow":"follow","max-snippet":"max-snippet:-1","max-image-preview":"max-image-preview:large","max-video-preview":"max-video-preview:-1"},"canonical":"https:\/\/magnetarmagnets.com\/hu\/shop\/pro-csomag-600-kg-hardcore-allround-360-magnes-horgasz-szett\/","og_locale":"hu_HU","og_type":"article","og_title":"Pro csomag - 600 kg - Hardcore Allround 360\u00b0 m\u00e1gnes horg\u00e1sz szett - Magnet fishing with a Magnetar fishing magnet","og_description":"Pro csomag - 600 kg Hardcore - Magnetar","og_url":"https:\/\/magnetarmagnets.com\/hu\/shop\/pro-csomag-600-kg-hardcore-allround-360-magnes-horgasz-szett\/","og_site_name":"Magnet fishing with a Magnetar fishing magnet","article_publisher":"https:\/\/www.facebook.com\/fishingmagnets\/","article_modified_time":"2026-04-07T04:20:04+00:00","og_image":[{"width":1500,"height":1500,"url":"https:\/\/magnetarmagnets.com\/wp-content\/uploads\/2019\/11\/pro-pakket.jpg","type":"image\/jpeg"}],"twitter_card":"summary_large_image","twitter_misc":{"Becs\u00fclt olvas\u00e1si id\u0151":"5 perc"},"schema":{"@context":"https:\/\/schema.org","@graph":[{"@type":["WebPage","ItemPage"],"@id":"https:\/\/magnetarmagnets.com\/hu\/shop\/pro-csomag-600-kg-hardcore-allround-360-magnes-horgasz-szett\/","url":"https:\/\/magnetarmagnets.com\/hu\/shop\/pro-csomag-600-kg-hardcore-allround-360-magnes-horgasz-szett\/","name":"Pro csomag - 600 kg - Hardcore Allround 360\u00b0 m\u00e1gnes horg\u00e1sz szett - Magnet fishing with a Magnetar fishing magnet","isPartOf":{"@id":"https:\/\/magnetarmagnets.com\/hu\/#website"},"primaryImageOfPage":{"@id":"https:\/\/magnetarmagnets.com\/hu\/shop\/pro-csomag-600-kg-hardcore-allround-360-magnes-horgasz-szett\/#primaryimage"},"image":{"@id":"https:\/\/magnetarmagnets.com\/hu\/shop\/pro-csomag-600-kg-hardcore-allround-360-magnes-horgasz-szett\/#primaryimage"},"thumbnailUrl":"https:\/\/magnetarmagnets.com\/wp-content\/uploads\/2019\/11\/pro-pakket.jpg","datePublished":"2025-06-05T07:54:38+00:00","dateModified":"2026-04-07T04:20:04+00:00","description":"Pro csomag - 600 kg Hardcore - Magnetar","breadcrumb":{"@id":"https:\/\/magnetarmagnets.com\/hu\/shop\/pro-csomag-600-kg-hardcore-allround-360-magnes-horgasz-szett\/#breadcrumb"},"inLanguage":"hu","potentialAction":[{"@type":"ReadAction","target":["https:\/\/magnetarmagnets.com\/hu\/shop\/pro-csomag-600-kg-hardcore-allround-360-magnes-horgasz-szett\/"]}]},{"@type":"ImageObject","inLanguage":"hu","@id":"https:\/\/magnetarmagnets.com\/hu\/shop\/pro-csomag-600-kg-hardcore-allround-360-magnes-horgasz-szett\/#primaryimage","url":"https:\/\/magnetarmagnets.com\/wp-content\/uploads\/2019\/11\/pro-pakket.jpg","contentUrl":"https:\/\/magnetarmagnets.com\/wp-content\/uploads\/2019\/11\/pro-pakket.jpg","width":1500,"height":1500,"caption":"Pro Package for magnet fishing"},{"@type":"BreadcrumbList","@id":"https:\/\/magnetarmagnets.com\/hu\/shop\/pro-csomag-600-kg-hardcore-allround-360-magnes-horgasz-szett\/#breadcrumb","itemListElement":[{"@type":"ListItem","position":1,"name":"Home","item":"https:\/\/magnetarmagnets.com\/hu\/"},{"@type":"ListItem","position":2,"name":"Webshop","item":"https:\/\/magnetarmagnets.com\/webshop\/"},{"@type":"ListItem","position":3,"name":"\u00d6sszes term\u00e9k","item":"https:\/\/magnetarmagnets.com\/hu\/collections\/osszes-termek\/"},{"@type":"ListItem","position":4,"name":"Pro csomag &#8211; 600 kg &#8211; Hardcore Allround 360\u00b0 m\u00e1gnes horg\u00e1sz szett"}]},{"@type":"WebSite","@id":"https:\/\/magnetarmagnets.com\/hu\/#website","url":"https:\/\/magnetarmagnets.com\/hu\/","name":"Magnet fishing with a Magnetar fishing magnet","description":"Er\u0151s m\u00e1gnesek m\u00e1gneshorg\u00e1szathoz","publisher":{"@id":"https:\/\/magnetarmagnets.com\/hu\/#organization"},"potentialAction":[{"@type":"SearchAction","target":{"@type":"EntryPoint","urlTemplate":"https:\/\/magnetarmagnets.com\/hu\/?s={search_term_string}"},"query-input":{"@type":"PropertyValueSpecification","valueRequired":true,"valueName":"search_term_string"}}],"inLanguage":"hu"},{"@type":"Organization","@id":"https:\/\/magnetarmagnets.com\/hu\/#organization","name":"Magnetar","url":"https:\/\/magnetarmagnets.com\/hu\/","logo":{"@type":"ImageObject","inLanguage":"hu","@id":"https:\/\/magnetarmagnets.com\/hu\/#\/schema\/logo\/image\/","url":"https:\/\/magnetarmagnets.com\/wp-content\/uploads\/2025\/05\/Logo-03_PNG-Black-scaled.png","contentUrl":"https:\/\/magnetarmagnets.com\/wp-content\/uploads\/2025\/05\/Logo-03_PNG-Black-scaled.png","width":2560,"height":1658,"caption":"Magnetar"},"image":{"@id":"https:\/\/magnetarmagnets.com\/hu\/#\/schema\/logo\/image\/"},"sameAs":["https:\/\/www.facebook.com\/fishingmagnets\/","https:\/\/www.instagram.com\/magnetar_magnets\/","https:\/\/www.linkedin.com\/company\/magnetarbv\/?originalSubdomain=nl","https:\/\/www.youtube.com\/c\/MagnetarVismagneet"]}]}},"_links":{"self":[{"href":"https:\/\/magnetarmagnets.com\/hu\/wp-json\/wp\/v2\/product\/82579","targetHints":{"allow":["GET"]}}],"collection":[{"href":"https:\/\/magnetarmagnets.com\/hu\/wp-json\/wp\/v2\/product"}],"about":[{"href":"https:\/\/magnetarmagnets.com\/hu\/wp-json\/wp\/v2\/types\/product"}],"replies":[{"embeddable":true,"href":"https:\/\/magnetarmagnets.com\/hu\/wp-json\/wp\/v2\/comments?post=82579"}],"version-history":[{"count":1,"href":"https:\/\/magnetarmagnets.com\/hu\/wp-json\/wp\/v2\/product\/82579\/revisions"}],"predecessor-version":[{"id":94700,"href":"https:\/\/magnetarmagnets.com\/hu\/wp-json\/wp\/v2\/product\/82579\/revisions\/94700"}],"wp:featuredmedia":[{"embeddable":true,"href":"https:\/\/magnetarmagnets.com\/hu\/wp-json\/wp\/v2\/media\/74019"}],"wp:attachment":[{"href":"https:\/\/magnetarmagnets.com\/hu\/wp-json\/wp\/v2\/media?parent=82579"}],"wp:term":[{"taxonomy":"product_brand","embeddable":true,"href":"https:\/\/magnetarmagnets.com\/hu\/wp-json\/wp\/v2\/product_brand?post=82579"},{"taxonomy":"product_cat","embeddable":true,"href":"https:\/\/magnetarmagnets.com\/hu\/wp-json\/wp\/v2\/product_cat?post=82579"},{"taxonomy":"product_tag","embeddable":true,"href":"https:\/\/magnetarmagnets.com\/hu\/wp-json\/wp\/v2\/product_tag?post=82579"}],"curies":[{"name":"wp","href":"https:\/\/api.w.org\/{rel}","templated":true}]}}