{"id":82578,"date":"2025-06-05T09:54:38","date_gmt":"2025-06-05T07:54:38","guid":{"rendered":"https:\/\/magnetarmagnets.com\/?post_type=product&#038;p=82578"},"modified":"2026-04-07T06:19:42","modified_gmt":"2026-04-07T04:19:42","slug":"expert-csomag-1000-kg-terror-allround-360-magnes-horgasz-szett","status":"publish","type":"product","link":"https:\/\/magnetarmagnets.com\/hu\/shop\/expert-csomag-1000-kg-terror-allround-360-magnes-horgasz-szett\/","title":{"rendered":"Expert csomag &#8211; 1000 kg &#8211; Terror &#8211; Allround 360\u00b0 m\u00e1gnes horg\u00e1sz szett"},"content":{"rendered":"Tapasztalt m\u00e1gneshorg\u00e1sz vagy? Vagy kezd\u0151k\u00e9nt keresed a t\u00f6k\u00e9letes felszerel\u00e9st a m\u00e1gnes horg\u00e1szathoz? Az Expert m\u00e1gnes horg\u00e1sz szett a t\u00f6k\u00e9letes v\u00e1laszt\u00e1s. A csomag tartalmazza a 360\u00b0-os Terror allround m\u00e1gnest, egy er\u0151s 8 mm \u00e1tm\u00e9r\u0151j\u0171 k\u00f6telet karabinerrel, egy p\u00e1r v\u00edz\u00e1ll\u00f3 keszty\u0171t, egy Terror v\u00e9d\u0151burkolatot, ragaszt\u00f3t, valamint egy extra nagy rozsdamentes ac\u00e9l horgascs\u00e1kly\u00e1t. Igazi er\u0151m\u0171re v\u00e1gysz? Ezzel a csomaggal teljesen felk\u00e9sz\u00fclhetsz a m\u00e1gnes horg\u00e1szat \u00e9lm\u00e9ny\u00e9re! Ha m\u00e9g feljebb szeretn\u00e9l l\u00e9pni, n\u00e9zd meg a <a href=\"https:\/\/magnetarmagnets.com\/shop\/legend-package\/\" target=\"_blank\" rel=\"noopener\">Legend csomagot!<\/a>\n\n<h2><b>A Terror neod\u00edmium horg\u00e1sz m\u00e1gnes<\/b><\/h2>\n\n<p>A Hardcore m\u00e1gnes\u00fcnk siker\u00e9n felbuzdulva fejlesztett\u00fck ki a Terror horg\u00e1sz m\u00e1gnest. A Terror m\u00e1gnes m\u00e9g t\u00f6bb fog\u00e1si lehet\u0151s\u00e9get k\u00edn\u00e1l, ak\u00e1r 1000 kg\/2200 lbs kih\u00faz\u00f3er\u0151vel. Ez nagym\u00e9rt\u00e9kben n\u00f6veli az es\u00e9ly\u00e9t, hogy nagyobb \u00e9s \u00e9rt\u00e9kesebb kincsekre akadj. A m\u00e1gnes nagyobb t\u00f6mege lehet\u0151v\u00e9 teszi, hogy m\u00e9lyebben s\u00fcllyedjen az iszapba \u00e9s el\u00e9rje a rejtett, els\u00fcllyedt t\u00e1rgyakat. Mint minden m\u00e1gnes\u00fcnk, a Terror is 100 % neod\u00edmium, \u00e9s minden oldalon er\u0151teljes h\u00faz\u00f3er\u0151t biztos\u00edt.<\/p>\n\n<h2><b>K\u00e9szen \u00e1llsz a Terrorra?<\/b><\/h2>\n\n<p>A m\u00e1gnes neve \u00f6nmag\u00e1\u00e9rt besz\u00e9l: rendk\u00edv\u00fcl er\u0151s! A Terror horg\u00e1sz m\u00e1gnes b\u00e1rmely oldalr\u00f3l megragadja a t\u00e1rgyakat, \u00e1thatol az iszapon, \u00e9s nem akad fenn k\u00f6nnyen a k\u00f6veken. El\u00e9g neh\u00e9z az iszapban vagy hordal\u00e9kban val\u00f3 mer\u00fcl\u00e9shez, ugyanakkor k\u00f6nnyen dobhat\u00f3 a v\u00edzbe, \u00edgy \u00f3r\u00e1kon \u00e1t is haszn\u00e1lhatod probl\u00e9ma n\u00e9lk\u00fcl. K\u00f6z\u00e9pkateg\u00f3ri\u00e1s s\u00faly\u00e1hoz m\u00e9rten dobhat\u00f3, \u00e9s m\u00e9g er\u0151s v\u00edz\u00e1raml\u00e1s eset\u00e9n is el\u00e9ri a csatorn\u00e1k \u00e9s foly\u00f3k iszapos alj\u00e1t.<\/p>\n\n<p>A Terror tapasztalt m\u00e1gneshorg\u00e1szoknak k\u00e9sz\u00fclt, akik szeretn\u00e9k megt\u00e9r\u00edteni befektet\u00e9s\u00fcket. Ide\u00e1lis k\u00f6nny\u0171, de neh\u00e9z kincsek \u2013 p\u00e9ld\u00e1ul sz\u00e9fek, nagyobb fegyverek, aut\u00f3alkatr\u00e9szek, robog\u00f3k, elektromos ker\u00e9kp\u00e1rok \u2013 kiemel\u00e9s\u00e9re.<\/p>\n\n<h2><b>A m\u00e1gnes evol\u00faci\u00f3ja<\/b><\/h2>\n\n<p>Sok <a href=\"https:\/\/magnetarmagnets.com\/\" target=\"_blank\" rel=\"noopener\">horg\u00e1sz m\u00e1gnes<\/a> csak az egyik oldal\u00e1n fejti ki vonz\u00f3erej\u00e9t. Ez az egyr\u00e9teg\u0171 m\u00e1gnes a klasszikus megold\u00e1s. A Magnetar volt az els\u0151 c\u00e9g, amely ezt a klasszikus m\u00e1gneskonstrukci\u00f3t kett\u0151s oldalakkal rendelkez\u0151 m\u00e1gness\u00e9 fejlesztette tov\u00e1bb. 2016-ban a Magnetar bemutatta az allround 360\u00b0-os m\u00e1gneshorg\u00e1szm\u00e1gnest. Az eur\u00f3pai m\u00e1gneshorg\u00e1szok az\u00f3ta is el\u0151szeretettel v\u00e1lasztj\u00e1k 100 % neod\u00edmium m\u00e1gnes\u00fcnket, \u00edgy lett\u00fcnk Eur\u00f3pa piacvezet\u0151je. M\u00e1gneseinket kis csapatunk lelkes m\u00e1gneshorg\u00e1szai tervezik \u00e9s k\u00e9sz\u00edtik a legmagasabb min\u0151s\u00e9gben, gondos odafigyel\u00e9ssel. V\u00e1s\u00e1rl\u00f3ink \u00fajra \u00e9s \u00fajra visszat\u00e9rnek hozz\u00e1nk, mert tudj\u00e1k, a Magnetarral nem csak egy m\u00e1gneshez jutnak hozz\u00e1, hanem val\u00f3di kincseket hozhatnak felsz\u00ednre.<\/p>\n\n<h2><b>Er\u0151teljes 360\u00b0-os h\u00faz\u00f3er\u0151<\/b><\/h2>\n\n<p>A Terror m\u00e1gnes a leger\u0151sebb m\u00e1gnesek k\u00f6z\u00e9 tartozik, ak\u00e1r 1000 kg\/2200 lbs h\u00faz\u00f3er\u0151vel. H\u00faz\u00f3ereje minden ir\u00e1nyb\u00f3l hat, szemben az egyr\u00e9teg\u0171, ac\u00e9lfedeles m\u00e1gnesekkel, amelyek csak egy ir\u00e1nyba f\u00f3kusz\u00e1lnak. K\u00edv\u00e1ncsi vagy a m\u00e9r\u00e9si m\u00f3dszer\u00fcnkre? <a href=\"https:\/\/www.youtube.com\/watch?v=2McW3RURDxs\" target=\"_blank\" rel=\"noopener\">N\u00e9zd meg vide\u00f3nkat a h\u00faz\u00f3er\u0151 m\u00e9r\u00e9s\u00e9r\u0151l<\/a>.<\/p>\n\n<h2><b>Magas min\u0151s\u00e9g<\/b><\/h2>\n\n<p>Horg\u00e1szm\u00e1genseink 100 % neod\u00edmiumb\u00f3l k\u00e9sz\u00fclnek. A Magnetar m\u00e1gnesek \u00e9vtizedekig meg\u0151rzik vonz\u00f3erej\u00fcket, mind\u00f6ssze 1 % gyeng\u00fcl\u00e9ssel 100 \u00e9v alatt megfelel\u0151 t\u00e1rol\u00e1s \u00e9s karbantart\u00e1s mellett.<\/p>\n\n<p>A legt\u00f6bb m\u00e1s m\u00e1gnessz\u00e1ll\u00edt\u00f3 m\u00e1r n\u00e9h\u00e1ny h\u00e9t ut\u00e1n vesz\u00edt a h\u00faz\u00f3erej\u00e9b\u0151l. Az ut\u00f3bbi \u00e9vekben egyre t\u00f6bb alacsony min\u0151s\u00e9g\u0171 m\u00e1gnes jelent meg a piacon: nagyobb m\u00e9ret, de alacsonyabb h\u00faz\u00f3er\u0151, sil\u00e1ny neod\u00edmium, f\u00e9lrevezet\u0151 hirdet\u00e9sek. Ha ilyen olcs\u00f3bb m\u00e1gnesen sp\u00f3rolsz, csal\u00f3d\u00e1s lehet a v\u00e9ge, m\u00e9g akkor is, ha megtakar\u00edtasz egy keveset.<\/p>\n\n<p>A Magnetar egy kis csal\u00e1di v\u00e1llalkoz\u00e1s, ahol a min\u0151s\u00e9g az els\u0151. Lelkes m\u00e1gneshorg\u00e1szok vagyunk, \u00e9s minden m\u00e1gnes\u00fcnket saj\u00e1t csapatunk tervezi \u00e9s gy\u00e1rtja, hogy a lehet\u0151 legt\u00f6bbet hozd ki befektet\u00e9sedb\u0151l (vagy m\u00e1gnesedb\u0151l). Ha megb\u00edzhat\u00f3, hat\u00e9kony \u00e9s er\u0151teljes horg\u00e1sz m\u00e1gnest keresel, j\u00f3 helyen j\u00e1rsz. Csapatunk \u00f6r\u00f6mmel seg\u00edt, ha felveszed vel\u00fcnk a kapcsolatot: <a href=\"mailto:info@magnetarmagnets.com\">\u00edrj nek\u00fcnk<\/a>.<\/p>\n\n<h2><b>V\u00e9d\u0151burkolat<\/b><\/h2>\n\n<p>A csomagban tal\u00e1lhat\u00f3 v\u00e9d\u0151burkolat t\u00f6k\u00e9letes kieg\u00e9sz\u00edt\u0151 a m\u00e1gneshorg\u00e1szok sz\u00e1m\u00e1ra, akik m\u00e1gnes\u00fck \u00e9ps\u00e9g\u00e9t haszn\u00e1lat k\u00f6zben is meg akarj\u00e1k \u00f3vni. Strapab\u00edr\u00f3, rozsdamentes ac\u00e9l bor\u00edt\u00e1ssal k\u00e9sz\u00fcl, amely extra v\u00e9delmet ny\u00fajt karcol\u00e1sokkal, t\u00f6r\u00e9sekkel \u00e9s egy\u00e9b s\u00e9r\u00fcl\u00e9sekkel szemben. A burkolat biztos\u00edtja, hogy m\u00e1gnesed meg\u0151rizze 360\u00b0-os vonz\u00f3erej\u00e9t. Haszn\u00e1ld gondtalanul, agg\u00f3d\u00e1s n\u00e9lk\u00fcl a kedvenc horg\u00e1szm\u00e1gnese felett.<\/p>\n\n<p>(Felh\u00edvjuk figyelmedet, hogy a m\u00e1gnes alja nem v\u00e9dett a burkolattal.)<\/p>\n\n<h2><b>\u00d3vatos haszn\u00e1lat<\/b><\/h2>\n\n<p>Neod\u00edmium m\u00e1gnes\u00fcnk rendk\u00edv\u00fcl er\u0151s, \u00e9s k\u00f6zelr\u0151l nagy sebess\u00e9ggel vonzza a vasas t\u00e1rgyakat. Az olyan er\u0151s m\u00e1gnesekn\u00e9l, mint a 360\u00b0-os allround, az ujjak beszorul\u00e1sa is el\u0151fordulhat a m\u00e1gnes \u00e9s m\u00e1s t\u00e1rgyak k\u00f6z\u00f6tt. Kezeld \u00f3vatosan, saj\u00e1t felel\u0151ss\u00e9gre. Haszn\u00e1lat el\u0151tt mindig olvasd el a biztons\u00e1gi figyelmeztet\u00e9seket.<\/p>\n\n<p>* A gyermekek kiz\u00e1r\u00f3lag sz\u00fcl\u0151i fel\u00fcgyelettel haszn\u00e1lhatj\u00e1k a m\u00e1gneseket.<\/p>\n\n<p>Ne felejtsd el megn\u00e9zni m\u00e1gneshorg\u00e1sz <a href=\"https:\/\/magnetarmagnets.com\/magnet-fishing-kit\/\" target=\"_blank\" rel=\"noopener\">k\u00e9szleteinket<\/a> \u00e9s a <a href=\"https:\/\/magnetarmagnets.com\/accessories\/\" target=\"_blank\" rel=\"noopener\">kieg\u00e9sz\u00edt\u00e9seinket<\/a>.<\/p>","protected":false},"excerpt":{"rendered":"<p><span style=\"font-weight: 400;\">Tegyen teljess\u00e9 a m\u00e1gnes horg\u00e1szat \u00e9lm\u00e9ny\u00e9t a 360\u00b0-os Terror m\u00e1gnessel \u00e9s kieg\u00e9sz\u00edt\u0151kkel. <strong>Bev\u00e1lt eredm\u00e9nyek<\/strong>!<\/span><\/p>\n","protected":false},"featured_media":72562,"comment_status":"open","ping_status":"closed","template":"","meta":{"_acf_changed":false,"inline_featured_image":false},"product_brand":[],"product_cat":[542,534,528,533,543],"product_tag":[],"class_list":{"0":"post-82578","1":"product","2":"type-product","3":"status-publish","4":"has-post-thumbnail","6":"product_cat-halado-kalandorok","7":"product_cat-horgasz-magnes-keszlet","8":"product_cat-horgasz-magnesek","9":"product_cat-horgasz-magnesek-360","10":"product_cat-profik","12":"first","13":"instock","14":"sale","15":"taxable","16":"shipping-taxable","17":"purchasable","18":"product-type-simple"},"acf":[],"yoast_head":"<!-- This site is optimized with the Yoast SEO plugin v27.3 - https:\/\/yoast.com\/product\/yoast-seo-wordpress\/ -->\n<title>Expert csomag - 1000 kg - Terror - Allround 360\u00b0 m\u00e1gnes horg\u00e1sz szett - Magnet fishing with a Magnetar fishing magnet<\/title>\n<meta name=\"description\" content=\"Expert csomag - 1000 kg Terror - Magnetar\" \/>\n<meta name=\"robots\" content=\"index, follow, max-snippet:-1, max-image-preview:large, max-video-preview:-1\" \/>\n<link rel=\"canonical\" href=\"https:\/\/magnetarmagnets.com\/hu\/shop\/expert-csomag-1000-kg-terror-allround-360-magnes-horgasz-szett\/\" \/>\n<meta property=\"og:locale\" content=\"hu_HU\" \/>\n<meta property=\"og:type\" content=\"article\" \/>\n<meta property=\"og:title\" content=\"Expert csomag - 1000 kg - Terror - Allround 360\u00b0 m\u00e1gnes horg\u00e1sz szett - Magnet fishing with a Magnetar fishing magnet\" \/>\n<meta property=\"og:description\" content=\"Expert csomag - 1000 kg Terror - Magnetar\" \/>\n<meta property=\"og:url\" content=\"https:\/\/magnetarmagnets.com\/hu\/shop\/expert-csomag-1000-kg-terror-allround-360-magnes-horgasz-szett\/\" \/>\n<meta property=\"og:site_name\" content=\"Magnet fishing with a Magnetar fishing magnet\" \/>\n<meta property=\"article:publisher\" content=\"https:\/\/www.facebook.com\/fishingmagnets\/\" \/>\n<meta property=\"article:modified_time\" content=\"2026-04-07T04:19:42+00:00\" \/>\n<meta property=\"og:image\" content=\"https:\/\/magnetarmagnets.com\/wp-content\/uploads\/2021\/10\/MAGNETAR-EXPERT-KIT-GOOGLE.jpg\" \/>\n\t<meta property=\"og:image:width\" content=\"1500\" \/>\n\t<meta property=\"og:image:height\" content=\"1500\" \/>\n\t<meta property=\"og:image:type\" content=\"image\/jpeg\" \/>\n<meta name=\"twitter:card\" content=\"summary_large_image\" \/>\n<meta name=\"twitter:label1\" content=\"Becs\u00fclt olvas\u00e1si id\u0151\" \/>\n\t<meta name=\"twitter:data1\" content=\"5 perc\" \/>\n<script type=\"application\/ld+json\" class=\"yoast-schema-graph\">{\"@context\":\"https:\\\/\\\/schema.org\",\"@graph\":[{\"@type\":[\"WebPage\",\"ItemPage\"],\"@id\":\"https:\\\/\\\/magnetarmagnets.com\\\/hu\\\/shop\\\/expert-csomag-1000-kg-terror-allround-360-magnes-horgasz-szett\\\/\",\"url\":\"https:\\\/\\\/magnetarmagnets.com\\\/hu\\\/shop\\\/expert-csomag-1000-kg-terror-allround-360-magnes-horgasz-szett\\\/\",\"name\":\"Expert csomag - 1000 kg - Terror - Allround 360\u00b0 m\u00e1gnes horg\u00e1sz szett - Magnet fishing with a Magnetar fishing magnet\",\"isPartOf\":{\"@id\":\"https:\\\/\\\/magnetarmagnets.com\\\/hu\\\/#website\"},\"primaryImageOfPage\":{\"@id\":\"https:\\\/\\\/magnetarmagnets.com\\\/hu\\\/shop\\\/expert-csomag-1000-kg-terror-allround-360-magnes-horgasz-szett\\\/#primaryimage\"},\"image\":{\"@id\":\"https:\\\/\\\/magnetarmagnets.com\\\/hu\\\/shop\\\/expert-csomag-1000-kg-terror-allround-360-magnes-horgasz-szett\\\/#primaryimage\"},\"thumbnailUrl\":\"https:\\\/\\\/magnetarmagnets.com\\\/wp-content\\\/uploads\\\/2021\\\/10\\\/MAGNETAR-EXPERT-KIT-GOOGLE.jpg\",\"datePublished\":\"2025-06-05T07:54:38+00:00\",\"dateModified\":\"2026-04-07T04:19:42+00:00\",\"description\":\"Expert csomag - 1000 kg Terror - Magnetar\",\"breadcrumb\":{\"@id\":\"https:\\\/\\\/magnetarmagnets.com\\\/hu\\\/shop\\\/expert-csomag-1000-kg-terror-allround-360-magnes-horgasz-szett\\\/#breadcrumb\"},\"inLanguage\":\"hu\",\"potentialAction\":[{\"@type\":\"ReadAction\",\"target\":[\"https:\\\/\\\/magnetarmagnets.com\\\/hu\\\/shop\\\/expert-csomag-1000-kg-terror-allround-360-magnes-horgasz-szett\\\/\"]}]},{\"@type\":\"ImageObject\",\"inLanguage\":\"hu\",\"@id\":\"https:\\\/\\\/magnetarmagnets.com\\\/hu\\\/shop\\\/expert-csomag-1000-kg-terror-allround-360-magnes-horgasz-szett\\\/#primaryimage\",\"url\":\"https:\\\/\\\/magnetarmagnets.com\\\/wp-content\\\/uploads\\\/2021\\\/10\\\/MAGNETAR-EXPERT-KIT-GOOGLE.jpg\",\"contentUrl\":\"https:\\\/\\\/magnetarmagnets.com\\\/wp-content\\\/uploads\\\/2021\\\/10\\\/MAGNETAR-EXPERT-KIT-GOOGLE.jpg\",\"width\":1500,\"height\":1500,\"caption\":\"MAGNETAR-EXPERT-KIT\"},{\"@type\":\"BreadcrumbList\",\"@id\":\"https:\\\/\\\/magnetarmagnets.com\\\/hu\\\/shop\\\/expert-csomag-1000-kg-terror-allround-360-magnes-horgasz-szett\\\/#breadcrumb\",\"itemListElement\":[{\"@type\":\"ListItem\",\"position\":1,\"name\":\"Home\",\"item\":\"https:\\\/\\\/magnetarmagnets.com\\\/hu\\\/\"},{\"@type\":\"ListItem\",\"position\":2,\"name\":\"Webshop\",\"item\":\"https:\\\/\\\/magnetarmagnets.com\\\/webshop\\\/\"},{\"@type\":\"ListItem\",\"position\":3,\"name\":\"Horg\u00e1sz m\u00e1gnesek\",\"item\":\"https:\\\/\\\/magnetarmagnets.com\\\/hu\\\/collections\\\/horgasz-magnesek\\\/\"},{\"@type\":\"ListItem\",\"position\":4,\"name\":\"Horg\u00e1sz m\u00e1gnesek 360\u00b0\",\"item\":\"https:\\\/\\\/magnetarmagnets.com\\\/hu\\\/collections\\\/horgasz-magnesek\\\/horgasz-magnesek-360\\\/\"},{\"@type\":\"ListItem\",\"position\":5,\"name\":\"Expert csomag &#8211; 1000 kg &#8211; Terror &#8211; Allround 360\u00b0 m\u00e1gnes horg\u00e1sz szett\"}]},{\"@type\":\"WebSite\",\"@id\":\"https:\\\/\\\/magnetarmagnets.com\\\/hu\\\/#website\",\"url\":\"https:\\\/\\\/magnetarmagnets.com\\\/hu\\\/\",\"name\":\"Magnet fishing with a Magnetar fishing magnet\",\"description\":\"Er\u0151s m\u00e1gnesek m\u00e1gneshorg\u00e1szathoz\",\"publisher\":{\"@id\":\"https:\\\/\\\/magnetarmagnets.com\\\/hu\\\/#organization\"},\"potentialAction\":[{\"@type\":\"SearchAction\",\"target\":{\"@type\":\"EntryPoint\",\"urlTemplate\":\"https:\\\/\\\/magnetarmagnets.com\\\/hu\\\/?s={search_term_string}\"},\"query-input\":{\"@type\":\"PropertyValueSpecification\",\"valueRequired\":true,\"valueName\":\"search_term_string\"}}],\"inLanguage\":\"hu\"},{\"@type\":\"Organization\",\"@id\":\"https:\\\/\\\/magnetarmagnets.com\\\/hu\\\/#organization\",\"name\":\"Magnetar\",\"url\":\"https:\\\/\\\/magnetarmagnets.com\\\/hu\\\/\",\"logo\":{\"@type\":\"ImageObject\",\"inLanguage\":\"hu\",\"@id\":\"https:\\\/\\\/magnetarmagnets.com\\\/hu\\\/#\\\/schema\\\/logo\\\/image\\\/\",\"url\":\"https:\\\/\\\/magnetarmagnets.com\\\/wp-content\\\/uploads\\\/2025\\\/05\\\/Logo-03_PNG-Black-scaled.png\",\"contentUrl\":\"https:\\\/\\\/magnetarmagnets.com\\\/wp-content\\\/uploads\\\/2025\\\/05\\\/Logo-03_PNG-Black-scaled.png\",\"width\":2560,\"height\":1658,\"caption\":\"Magnetar\"},\"image\":{\"@id\":\"https:\\\/\\\/magnetarmagnets.com\\\/hu\\\/#\\\/schema\\\/logo\\\/image\\\/\"},\"sameAs\":[\"https:\\\/\\\/www.facebook.com\\\/fishingmagnets\\\/\",\"https:\\\/\\\/www.instagram.com\\\/magnetar_magnets\\\/\",\"https:\\\/\\\/www.linkedin.com\\\/company\\\/magnetarbv\\\/?originalSubdomain=nl\",\"https:\\\/\\\/www.youtube.com\\\/c\\\/MagnetarVismagneet\"]}]}<\/script>\n<!-- \/ Yoast SEO plugin. -->","yoast_head_json":{"title":"Expert csomag - 1000 kg - Terror - Allround 360\u00b0 m\u00e1gnes horg\u00e1sz szett - Magnet fishing with a Magnetar fishing magnet","description":"Expert csomag - 1000 kg Terror - Magnetar","robots":{"index":"index","follow":"follow","max-snippet":"max-snippet:-1","max-image-preview":"max-image-preview:large","max-video-preview":"max-video-preview:-1"},"canonical":"https:\/\/magnetarmagnets.com\/hu\/shop\/expert-csomag-1000-kg-terror-allround-360-magnes-horgasz-szett\/","og_locale":"hu_HU","og_type":"article","og_title":"Expert csomag - 1000 kg - Terror - Allround 360\u00b0 m\u00e1gnes horg\u00e1sz szett - Magnet fishing with a Magnetar fishing magnet","og_description":"Expert csomag - 1000 kg Terror - Magnetar","og_url":"https:\/\/magnetarmagnets.com\/hu\/shop\/expert-csomag-1000-kg-terror-allround-360-magnes-horgasz-szett\/","og_site_name":"Magnet fishing with a Magnetar fishing magnet","article_publisher":"https:\/\/www.facebook.com\/fishingmagnets\/","article_modified_time":"2026-04-07T04:19:42+00:00","og_image":[{"width":1500,"height":1500,"url":"https:\/\/magnetarmagnets.com\/wp-content\/uploads\/2021\/10\/MAGNETAR-EXPERT-KIT-GOOGLE.jpg","type":"image\/jpeg"}],"twitter_card":"summary_large_image","twitter_misc":{"Becs\u00fclt olvas\u00e1si id\u0151":"5 perc"},"schema":{"@context":"https:\/\/schema.org","@graph":[{"@type":["WebPage","ItemPage"],"@id":"https:\/\/magnetarmagnets.com\/hu\/shop\/expert-csomag-1000-kg-terror-allround-360-magnes-horgasz-szett\/","url":"https:\/\/magnetarmagnets.com\/hu\/shop\/expert-csomag-1000-kg-terror-allround-360-magnes-horgasz-szett\/","name":"Expert csomag - 1000 kg - Terror - Allround 360\u00b0 m\u00e1gnes horg\u00e1sz szett - Magnet fishing with a Magnetar fishing magnet","isPartOf":{"@id":"https:\/\/magnetarmagnets.com\/hu\/#website"},"primaryImageOfPage":{"@id":"https:\/\/magnetarmagnets.com\/hu\/shop\/expert-csomag-1000-kg-terror-allround-360-magnes-horgasz-szett\/#primaryimage"},"image":{"@id":"https:\/\/magnetarmagnets.com\/hu\/shop\/expert-csomag-1000-kg-terror-allround-360-magnes-horgasz-szett\/#primaryimage"},"thumbnailUrl":"https:\/\/magnetarmagnets.com\/wp-content\/uploads\/2021\/10\/MAGNETAR-EXPERT-KIT-GOOGLE.jpg","datePublished":"2025-06-05T07:54:38+00:00","dateModified":"2026-04-07T04:19:42+00:00","description":"Expert csomag - 1000 kg Terror - Magnetar","breadcrumb":{"@id":"https:\/\/magnetarmagnets.com\/hu\/shop\/expert-csomag-1000-kg-terror-allround-360-magnes-horgasz-szett\/#breadcrumb"},"inLanguage":"hu","potentialAction":[{"@type":"ReadAction","target":["https:\/\/magnetarmagnets.com\/hu\/shop\/expert-csomag-1000-kg-terror-allround-360-magnes-horgasz-szett\/"]}]},{"@type":"ImageObject","inLanguage":"hu","@id":"https:\/\/magnetarmagnets.com\/hu\/shop\/expert-csomag-1000-kg-terror-allround-360-magnes-horgasz-szett\/#primaryimage","url":"https:\/\/magnetarmagnets.com\/wp-content\/uploads\/2021\/10\/MAGNETAR-EXPERT-KIT-GOOGLE.jpg","contentUrl":"https:\/\/magnetarmagnets.com\/wp-content\/uploads\/2021\/10\/MAGNETAR-EXPERT-KIT-GOOGLE.jpg","width":1500,"height":1500,"caption":"MAGNETAR-EXPERT-KIT"},{"@type":"BreadcrumbList","@id":"https:\/\/magnetarmagnets.com\/hu\/shop\/expert-csomag-1000-kg-terror-allround-360-magnes-horgasz-szett\/#breadcrumb","itemListElement":[{"@type":"ListItem","position":1,"name":"Home","item":"https:\/\/magnetarmagnets.com\/hu\/"},{"@type":"ListItem","position":2,"name":"Webshop","item":"https:\/\/magnetarmagnets.com\/webshop\/"},{"@type":"ListItem","position":3,"name":"Horg\u00e1sz m\u00e1gnesek","item":"https:\/\/magnetarmagnets.com\/hu\/collections\/horgasz-magnesek\/"},{"@type":"ListItem","position":4,"name":"Horg\u00e1sz m\u00e1gnesek 360\u00b0","item":"https:\/\/magnetarmagnets.com\/hu\/collections\/horgasz-magnesek\/horgasz-magnesek-360\/"},{"@type":"ListItem","position":5,"name":"Expert csomag &#8211; 1000 kg &#8211; Terror &#8211; Allround 360\u00b0 m\u00e1gnes horg\u00e1sz szett"}]},{"@type":"WebSite","@id":"https:\/\/magnetarmagnets.com\/hu\/#website","url":"https:\/\/magnetarmagnets.com\/hu\/","name":"Magnet fishing with a Magnetar fishing magnet","description":"Er\u0151s m\u00e1gnesek m\u00e1gneshorg\u00e1szathoz","publisher":{"@id":"https:\/\/magnetarmagnets.com\/hu\/#organization"},"potentialAction":[{"@type":"SearchAction","target":{"@type":"EntryPoint","urlTemplate":"https:\/\/magnetarmagnets.com\/hu\/?s={search_term_string}"},"query-input":{"@type":"PropertyValueSpecification","valueRequired":true,"valueName":"search_term_string"}}],"inLanguage":"hu"},{"@type":"Organization","@id":"https:\/\/magnetarmagnets.com\/hu\/#organization","name":"Magnetar","url":"https:\/\/magnetarmagnets.com\/hu\/","logo":{"@type":"ImageObject","inLanguage":"hu","@id":"https:\/\/magnetarmagnets.com\/hu\/#\/schema\/logo\/image\/","url":"https:\/\/magnetarmagnets.com\/wp-content\/uploads\/2025\/05\/Logo-03_PNG-Black-scaled.png","contentUrl":"https:\/\/magnetarmagnets.com\/wp-content\/uploads\/2025\/05\/Logo-03_PNG-Black-scaled.png","width":2560,"height":1658,"caption":"Magnetar"},"image":{"@id":"https:\/\/magnetarmagnets.com\/hu\/#\/schema\/logo\/image\/"},"sameAs":["https:\/\/www.facebook.com\/fishingmagnets\/","https:\/\/www.instagram.com\/magnetar_magnets\/","https:\/\/www.linkedin.com\/company\/magnetarbv\/?originalSubdomain=nl","https:\/\/www.youtube.com\/c\/MagnetarVismagneet"]}]}},"_links":{"self":[{"href":"https:\/\/magnetarmagnets.com\/hu\/wp-json\/wp\/v2\/product\/82578","targetHints":{"allow":["GET"]}}],"collection":[{"href":"https:\/\/magnetarmagnets.com\/hu\/wp-json\/wp\/v2\/product"}],"about":[{"href":"https:\/\/magnetarmagnets.com\/hu\/wp-json\/wp\/v2\/types\/product"}],"replies":[{"embeddable":true,"href":"https:\/\/magnetarmagnets.com\/hu\/wp-json\/wp\/v2\/comments?post=82578"}],"version-history":[{"count":0,"href":"https:\/\/magnetarmagnets.com\/hu\/wp-json\/wp\/v2\/product\/82578\/revisions"}],"wp:featuredmedia":[{"embeddable":true,"href":"https:\/\/magnetarmagnets.com\/hu\/wp-json\/wp\/v2\/media\/72562"}],"wp:attachment":[{"href":"https:\/\/magnetarmagnets.com\/hu\/wp-json\/wp\/v2\/media?parent=82578"}],"wp:term":[{"taxonomy":"product_brand","embeddable":true,"href":"https:\/\/magnetarmagnets.com\/hu\/wp-json\/wp\/v2\/product_brand?post=82578"},{"taxonomy":"product_cat","embeddable":true,"href":"https:\/\/magnetarmagnets.com\/hu\/wp-json\/wp\/v2\/product_cat?post=82578"},{"taxonomy":"product_tag","embeddable":true,"href":"https:\/\/magnetarmagnets.com\/hu\/wp-json\/wp\/v2\/product_tag?post=82578"}],"curies":[{"name":"wp","href":"https:\/\/api.w.org\/{rel}","templated":true}]}}