{"id":82577,"date":"2025-06-05T09:54:39","date_gmt":"2025-06-05T07:54:39","guid":{"rendered":"https:\/\/magnetarmagnets.com\/?post_type=product&#038;p=82577"},"modified":"2026-04-09T13:33:31","modified_gmt":"2026-04-09T11:33:31","slug":"kezdo-magnes-horgasz-szett-200-kg-egyreszes","status":"publish","type":"product","link":"https:\/\/magnetarmagnets.com\/hu\/shop\/kezdo-magnes-horgasz-szett-200-kg-egyreszes\/","title":{"rendered":"Kezd\u0151 m\u00e1gnes horg\u00e1sz szett \u2013 200 kg \u2013 egyr\u00e9szes"},"content":{"rendered":"Hogyan kezdj el m\u00e1gnes horg\u00e1szatot? A Magnetar Starter Package \u2013 200 kg \u2013 egyr\u00e9szes m\u00e1gnes horg\u00e1sz szettel a lehet\u0151 legjobb indul\u00e1st kapod. Ez a csomag tartalmazza a Classic 200 egyr\u00e9szes m\u00e1gnes\u00fcnket, \u00e9s kieg\u00e9sz\u00edt\u0151k\u00e9nt tal\u00e1lhatsz benne egy horogcsig\u00e1t, m\u00e1gnes horg\u00e1sz k\u00f6telet \u00e9s m\u00e1gnesragaszt\u00f3t, hogy teljes legyen a szett. \u00cdgy szinte b\u00e1rmire felk\u00e9sz\u00fclhetsz, amit a v\u00edzpartra kih\u00fazhatsz.\n\n<h2>Kezd\u0151 szett \u2013 200 kg \u2013 egyr\u00e9szes<\/h2>\n\nA <a href=\"https:\/\/magnetarmagnets.com\/shop\/classic-fishing-magnet-440lb-200kg\/\"><strong>Classic Fishing Magnet 200 kg<\/strong><\/a> t\u00f6k\u00e9letes v\u00e1laszt\u00e1s kezd\u0151knek \u00e9s gyerekeknek. Ac\u00e9l h\u00e1z\u00e1nak k\u00f6sz\u00f6nhet\u0151en a term\u00e9k v\u00e9dett a lees\u00e9sekt\u0151l \u00e9s \u00fct\u0151d\u00e9sekt\u0151l, hogy mindig biztons\u00e1gos legyen. Ez az egyr\u00e9szes m\u00e1gnes csak egyik oldal\u00e1n fejti ki vonz\u00f3erej\u00e9t. A teljes m\u00e1gneses er\u0151 egy ir\u00e1nyba koncentr\u00e1l\u00f3dik, \u00edgy megfelel\u0151 k\u00f6r\u00fclm\u00e9nyek k\u00f6z\u00f6tt rendk\u00edv\u00fcl hat\u00e9kony.\n\nA 200 kg h\u00faz\u00f3er\u0151 csak akkor \u00e9rhet\u0151 el, ha a m\u00e1gnes egy 2 cm vastag, nem oxid\u00e1l\u00f3dott f\u00e9mlemezre tapad. A m\u00e1gnes horg\u00e1szat sor\u00e1n ezt a k\u00f6r\u00fclm\u00e9nyt ritk\u00e1n tal\u00e1lod meg. Szeretn\u00e9d tudni, hogyan hat\u00e1rozzuk meg egy horg\u00e1sz m\u00e1gnes h\u00faz\u00f3erej\u00e9t? N\u00e9zd meg a <a href=\"https:\/\/www.youtube.com\/watch?v=2McW3RURDxs&#038;t=14s\"><strong>m\u00e1gneses vonz\u00f3er\u0151 teszt\u00fcnket<\/strong><\/a>.\n\nA mell\u00e9kelt k\u00f6t\u00e9l kifejezetten m\u00e1gnes horg\u00e1szathoz k\u00e9sz\u00fclt. Mindk\u00e9t v\u00e9g\u00e9n el\u0151re kialak\u00edtott hurokkal \u00e9s karabinerrel rendelkezik, \u00edgy megsp\u00f3rolod a bonyolult csom\u00f3z\u00e1st. Ide\u00e1lis megold\u00e1s kezd\u0151knek \u00e9s gyerekeknek! Emellett a csomag tartalmaz egy horogcsig\u00e1t nem m\u00e1gneses \u00e9s nagyobb s\u00faly\u00fa t\u00e1rgyak kih\u00faz\u00e1s\u00e1hoz, valamint egy \u00fcveg m\u00e1gnesragaszt\u00f3t, amellyel biztons\u00e1gosan r\u00f6gz\u00edtheted a szemcsavarokat a m\u00e1gneshez.\n\nKeresel egy teljesen m\u00e1s csomagot er\u0151sebb egyr\u00e9szes m\u00e1gnessel? N\u00e9zd meg az <a href=\"https:\/\/magnetarmagnets.com\/shop\/advanced-package\/\"><strong>Advanced Package<\/strong><\/a> k\u00edn\u00e1lat\u00e1t. Vagy ink\u00e1bb egy 360\u00b0-os, minden ir\u00e1nyba vonz\u00f3 m\u00e1gnesre v\u00e1gysz? A <a href=\"https:\/\/magnetarmagnets.com\/shop\/fishmagnet-package-pro\/\"><strong>Pro Package<\/strong><\/a> a <a href=\"https:\/\/magnetarmagnets.com\/shop\/hardcore-magnet-2\/\"><strong>Hardcore<\/strong><\/a> m\u00e1gnessel lehet a t\u00f6k\u00e9letes v\u00e1laszt\u00e1s.","protected":false},"excerpt":{"rendered":"<p><span style=\"font-weight: 400;\"><strong>V\u00e1gj bele<\/strong> a v\u00edzparti kalandba ezzel a <strong>megfizethet\u0151<\/strong> m\u00e1gnes horg\u00e1sz szettel <strong>kezd\u0151knek<\/strong>.<\/span><\/p>\n","protected":false},"featured_media":73160,"comment_status":"open","ping_status":"closed","template":"","meta":{"_acf_changed":false,"inline_featured_image":false},"product_brand":[],"product_cat":[531,534,528,541],"product_tag":[],"class_list":{"0":"post-82577","1":"product","2":"type-product","3":"status-publish","4":"has-post-thumbnail","6":"product_cat-egyoldalas-horgasz-magnesek","7":"product_cat-horgasz-magnes-keszlet","8":"product_cat-horgasz-magnesek","9":"product_cat-kezdok-es-gyerekek","11":"first","12":"instock","13":"sale","14":"taxable","15":"shipping-taxable","16":"purchasable","17":"product-type-simple"},"acf":[],"yoast_head":"<!-- This site is optimized with the Yoast SEO plugin v27.4 - https:\/\/yoast.com\/product\/yoast-seo-wordpress\/ -->\n<title>Kezd\u0151 m\u00e1gnes horg\u00e1sz szett \u2013 200 kg \u2013 egyr\u00e9szes - Magnet fishing with a Magnetar fishing magnet<\/title>\n<meta name=\"description\" content=\"Kezd\u0151 szett \u2013 200 kg egyr\u00e9szes \u2013 Magnetar\" \/>\n<meta name=\"robots\" content=\"index, follow, max-snippet:-1, max-image-preview:large, max-video-preview:-1\" \/>\n<link rel=\"canonical\" href=\"https:\/\/magnetarmagnets.com\/hu\/shop\/kezdo-magnes-horgasz-szett-200-kg-egyreszes\/\" \/>\n<meta property=\"og:locale\" content=\"hu_HU\" \/>\n<meta property=\"og:type\" content=\"article\" \/>\n<meta property=\"og:title\" content=\"Kezd\u0151 m\u00e1gnes horg\u00e1sz szett \u2013 200 kg \u2013 egyr\u00e9szes - Magnet fishing with a Magnetar fishing magnet\" \/>\n<meta property=\"og:description\" content=\"Kezd\u0151 szett \u2013 200 kg egyr\u00e9szes \u2013 Magnetar\" \/>\n<meta property=\"og:url\" content=\"https:\/\/magnetarmagnets.com\/hu\/shop\/kezdo-magnes-horgasz-szett-200-kg-egyreszes\/\" \/>\n<meta property=\"og:site_name\" content=\"Magnet fishing with a Magnetar fishing magnet\" \/>\n<meta property=\"article:publisher\" content=\"https:\/\/www.facebook.com\/fishingmagnets\/\" \/>\n<meta property=\"article:modified_time\" content=\"2026-04-09T11:33:31+00:00\" \/>\n<meta property=\"og:image\" content=\"https:\/\/magnetarmagnets.com\/wp-content\/uploads\/2018\/05\/MAGNETAR-STARTER-SET-GOOGLE.jpg\" \/>\n\t<meta property=\"og:image:width\" content=\"1500\" \/>\n\t<meta property=\"og:image:height\" content=\"1500\" \/>\n\t<meta property=\"og:image:type\" content=\"image\/jpeg\" \/>\n<meta name=\"twitter:card\" content=\"summary_large_image\" \/>\n<meta name=\"twitter:label1\" content=\"Becs\u00fclt olvas\u00e1si id\u0151\" \/>\n\t<meta name=\"twitter:data1\" content=\"3 perc\" \/>\n<script type=\"application\/ld+json\" class=\"yoast-schema-graph\">{\"@context\":\"https:\\\/\\\/schema.org\",\"@graph\":[{\"@type\":[\"WebPage\",\"ItemPage\"],\"@id\":\"https:\\\/\\\/magnetarmagnets.com\\\/hu\\\/shop\\\/kezdo-magnes-horgasz-szett-200-kg-egyreszes\\\/\",\"url\":\"https:\\\/\\\/magnetarmagnets.com\\\/hu\\\/shop\\\/kezdo-magnes-horgasz-szett-200-kg-egyreszes\\\/\",\"name\":\"Kezd\u0151 m\u00e1gnes horg\u00e1sz szett \u2013 200 kg \u2013 egyr\u00e9szes - Magnet fishing with a Magnetar fishing magnet\",\"isPartOf\":{\"@id\":\"https:\\\/\\\/magnetarmagnets.com\\\/hu\\\/#website\"},\"primaryImageOfPage\":{\"@id\":\"https:\\\/\\\/magnetarmagnets.com\\\/hu\\\/shop\\\/kezdo-magnes-horgasz-szett-200-kg-egyreszes\\\/#primaryimage\"},\"image\":{\"@id\":\"https:\\\/\\\/magnetarmagnets.com\\\/hu\\\/shop\\\/kezdo-magnes-horgasz-szett-200-kg-egyreszes\\\/#primaryimage\"},\"thumbnailUrl\":\"https:\\\/\\\/magnetarmagnets.com\\\/wp-content\\\/uploads\\\/2018\\\/05\\\/MAGNETAR-STARTER-SET-GOOGLE.jpg\",\"datePublished\":\"2025-06-05T07:54:39+00:00\",\"dateModified\":\"2026-04-09T11:33:31+00:00\",\"description\":\"Kezd\u0151 szett \u2013 200 kg egyr\u00e9szes \u2013 Magnetar\",\"breadcrumb\":{\"@id\":\"https:\\\/\\\/magnetarmagnets.com\\\/hu\\\/shop\\\/kezdo-magnes-horgasz-szett-200-kg-egyreszes\\\/#breadcrumb\"},\"inLanguage\":\"hu\",\"potentialAction\":[{\"@type\":\"ReadAction\",\"target\":[\"https:\\\/\\\/magnetarmagnets.com\\\/hu\\\/shop\\\/kezdo-magnes-horgasz-szett-200-kg-egyreszes\\\/\"]}]},{\"@type\":\"ImageObject\",\"inLanguage\":\"hu\",\"@id\":\"https:\\\/\\\/magnetarmagnets.com\\\/hu\\\/shop\\\/kezdo-magnes-horgasz-szett-200-kg-egyreszes\\\/#primaryimage\",\"url\":\"https:\\\/\\\/magnetarmagnets.com\\\/wp-content\\\/uploads\\\/2018\\\/05\\\/MAGNETAR-STARTER-SET-GOOGLE.jpg\",\"contentUrl\":\"https:\\\/\\\/magnetarmagnets.com\\\/wp-content\\\/uploads\\\/2018\\\/05\\\/MAGNETAR-STARTER-SET-GOOGLE.jpg\",\"width\":1500,\"height\":1500},{\"@type\":\"BreadcrumbList\",\"@id\":\"https:\\\/\\\/magnetarmagnets.com\\\/hu\\\/shop\\\/kezdo-magnes-horgasz-szett-200-kg-egyreszes\\\/#breadcrumb\",\"itemListElement\":[{\"@type\":\"ListItem\",\"position\":1,\"name\":\"Home\",\"item\":\"https:\\\/\\\/magnetarmagnets.com\\\/hu\\\/\"},{\"@type\":\"ListItem\",\"position\":2,\"name\":\"Webshop\",\"item\":\"https:\\\/\\\/magnetarmagnets.com\\\/webshop\\\/\"},{\"@type\":\"ListItem\",\"position\":3,\"name\":\"Horg\u00e1sz m\u00e1gnesek\",\"item\":\"https:\\\/\\\/magnetarmagnets.com\\\/hu\\\/collections\\\/horgasz-magnesek\\\/\"},{\"@type\":\"ListItem\",\"position\":4,\"name\":\"Egyoldalas horg\u00e1sz m\u00e1gnesek\",\"item\":\"https:\\\/\\\/magnetarmagnets.com\\\/hu\\\/collections\\\/horgasz-magnesek\\\/egyoldalas-horgasz-magnesek\\\/\"},{\"@type\":\"ListItem\",\"position\":5,\"name\":\"Kezd\u0151 m\u00e1gnes horg\u00e1sz szett \u2013 200 kg \u2013 egyr\u00e9szes\"}]},{\"@type\":\"WebSite\",\"@id\":\"https:\\\/\\\/magnetarmagnets.com\\\/hu\\\/#website\",\"url\":\"https:\\\/\\\/magnetarmagnets.com\\\/hu\\\/\",\"name\":\"Magnet fishing with a Magnetar fishing magnet\",\"description\":\"Er\u0151s m\u00e1gnesek m\u00e1gneshorg\u00e1szathoz\",\"publisher\":{\"@id\":\"https:\\\/\\\/magnetarmagnets.com\\\/hu\\\/#organization\"},\"potentialAction\":[{\"@type\":\"SearchAction\",\"target\":{\"@type\":\"EntryPoint\",\"urlTemplate\":\"https:\\\/\\\/magnetarmagnets.com\\\/hu\\\/?s={search_term_string}\"},\"query-input\":{\"@type\":\"PropertyValueSpecification\",\"valueRequired\":true,\"valueName\":\"search_term_string\"}}],\"inLanguage\":\"hu\"},{\"@type\":\"Organization\",\"@id\":\"https:\\\/\\\/magnetarmagnets.com\\\/hu\\\/#organization\",\"name\":\"Magnetar\",\"url\":\"https:\\\/\\\/magnetarmagnets.com\\\/hu\\\/\",\"logo\":{\"@type\":\"ImageObject\",\"inLanguage\":\"hu\",\"@id\":\"https:\\\/\\\/magnetarmagnets.com\\\/hu\\\/#\\\/schema\\\/logo\\\/image\\\/\",\"url\":\"https:\\\/\\\/magnetarmagnets.com\\\/wp-content\\\/uploads\\\/2025\\\/05\\\/Logo-03_PNG-Black-scaled.png\",\"contentUrl\":\"https:\\\/\\\/magnetarmagnets.com\\\/wp-content\\\/uploads\\\/2025\\\/05\\\/Logo-03_PNG-Black-scaled.png\",\"width\":2560,\"height\":1658,\"caption\":\"Magnetar\"},\"image\":{\"@id\":\"https:\\\/\\\/magnetarmagnets.com\\\/hu\\\/#\\\/schema\\\/logo\\\/image\\\/\"},\"sameAs\":[\"https:\\\/\\\/www.facebook.com\\\/fishingmagnets\\\/\",\"https:\\\/\\\/www.instagram.com\\\/magnetar_magnets\\\/\",\"https:\\\/\\\/www.linkedin.com\\\/company\\\/magnetarbv\\\/?originalSubdomain=nl\",\"https:\\\/\\\/www.youtube.com\\\/c\\\/MagnetarVismagneet\"]}]}<\/script>\n<!-- \/ Yoast SEO plugin. -->","yoast_head_json":{"title":"Kezd\u0151 m\u00e1gnes horg\u00e1sz szett \u2013 200 kg \u2013 egyr\u00e9szes - Magnet fishing with a Magnetar fishing magnet","description":"Kezd\u0151 szett \u2013 200 kg egyr\u00e9szes \u2013 Magnetar","robots":{"index":"index","follow":"follow","max-snippet":"max-snippet:-1","max-image-preview":"max-image-preview:large","max-video-preview":"max-video-preview:-1"},"canonical":"https:\/\/magnetarmagnets.com\/hu\/shop\/kezdo-magnes-horgasz-szett-200-kg-egyreszes\/","og_locale":"hu_HU","og_type":"article","og_title":"Kezd\u0151 m\u00e1gnes horg\u00e1sz szett \u2013 200 kg \u2013 egyr\u00e9szes - Magnet fishing with a Magnetar fishing magnet","og_description":"Kezd\u0151 szett \u2013 200 kg egyr\u00e9szes \u2013 Magnetar","og_url":"https:\/\/magnetarmagnets.com\/hu\/shop\/kezdo-magnes-horgasz-szett-200-kg-egyreszes\/","og_site_name":"Magnet fishing with a Magnetar fishing magnet","article_publisher":"https:\/\/www.facebook.com\/fishingmagnets\/","article_modified_time":"2026-04-09T11:33:31+00:00","og_image":[{"width":1500,"height":1500,"url":"https:\/\/magnetarmagnets.com\/wp-content\/uploads\/2018\/05\/MAGNETAR-STARTER-SET-GOOGLE.jpg","type":"image\/jpeg"}],"twitter_card":"summary_large_image","twitter_misc":{"Becs\u00fclt olvas\u00e1si id\u0151":"3 perc"},"schema":{"@context":"https:\/\/schema.org","@graph":[{"@type":["WebPage","ItemPage"],"@id":"https:\/\/magnetarmagnets.com\/hu\/shop\/kezdo-magnes-horgasz-szett-200-kg-egyreszes\/","url":"https:\/\/magnetarmagnets.com\/hu\/shop\/kezdo-magnes-horgasz-szett-200-kg-egyreszes\/","name":"Kezd\u0151 m\u00e1gnes horg\u00e1sz szett \u2013 200 kg \u2013 egyr\u00e9szes - Magnet fishing with a Magnetar fishing magnet","isPartOf":{"@id":"https:\/\/magnetarmagnets.com\/hu\/#website"},"primaryImageOfPage":{"@id":"https:\/\/magnetarmagnets.com\/hu\/shop\/kezdo-magnes-horgasz-szett-200-kg-egyreszes\/#primaryimage"},"image":{"@id":"https:\/\/magnetarmagnets.com\/hu\/shop\/kezdo-magnes-horgasz-szett-200-kg-egyreszes\/#primaryimage"},"thumbnailUrl":"https:\/\/magnetarmagnets.com\/wp-content\/uploads\/2018\/05\/MAGNETAR-STARTER-SET-GOOGLE.jpg","datePublished":"2025-06-05T07:54:39+00:00","dateModified":"2026-04-09T11:33:31+00:00","description":"Kezd\u0151 szett \u2013 200 kg egyr\u00e9szes \u2013 Magnetar","breadcrumb":{"@id":"https:\/\/magnetarmagnets.com\/hu\/shop\/kezdo-magnes-horgasz-szett-200-kg-egyreszes\/#breadcrumb"},"inLanguage":"hu","potentialAction":[{"@type":"ReadAction","target":["https:\/\/magnetarmagnets.com\/hu\/shop\/kezdo-magnes-horgasz-szett-200-kg-egyreszes\/"]}]},{"@type":"ImageObject","inLanguage":"hu","@id":"https:\/\/magnetarmagnets.com\/hu\/shop\/kezdo-magnes-horgasz-szett-200-kg-egyreszes\/#primaryimage","url":"https:\/\/magnetarmagnets.com\/wp-content\/uploads\/2018\/05\/MAGNETAR-STARTER-SET-GOOGLE.jpg","contentUrl":"https:\/\/magnetarmagnets.com\/wp-content\/uploads\/2018\/05\/MAGNETAR-STARTER-SET-GOOGLE.jpg","width":1500,"height":1500},{"@type":"BreadcrumbList","@id":"https:\/\/magnetarmagnets.com\/hu\/shop\/kezdo-magnes-horgasz-szett-200-kg-egyreszes\/#breadcrumb","itemListElement":[{"@type":"ListItem","position":1,"name":"Home","item":"https:\/\/magnetarmagnets.com\/hu\/"},{"@type":"ListItem","position":2,"name":"Webshop","item":"https:\/\/magnetarmagnets.com\/webshop\/"},{"@type":"ListItem","position":3,"name":"Horg\u00e1sz m\u00e1gnesek","item":"https:\/\/magnetarmagnets.com\/hu\/collections\/horgasz-magnesek\/"},{"@type":"ListItem","position":4,"name":"Egyoldalas horg\u00e1sz m\u00e1gnesek","item":"https:\/\/magnetarmagnets.com\/hu\/collections\/horgasz-magnesek\/egyoldalas-horgasz-magnesek\/"},{"@type":"ListItem","position":5,"name":"Kezd\u0151 m\u00e1gnes horg\u00e1sz szett \u2013 200 kg \u2013 egyr\u00e9szes"}]},{"@type":"WebSite","@id":"https:\/\/magnetarmagnets.com\/hu\/#website","url":"https:\/\/magnetarmagnets.com\/hu\/","name":"Magnet fishing with a Magnetar fishing magnet","description":"Er\u0151s m\u00e1gnesek m\u00e1gneshorg\u00e1szathoz","publisher":{"@id":"https:\/\/magnetarmagnets.com\/hu\/#organization"},"potentialAction":[{"@type":"SearchAction","target":{"@type":"EntryPoint","urlTemplate":"https:\/\/magnetarmagnets.com\/hu\/?s={search_term_string}"},"query-input":{"@type":"PropertyValueSpecification","valueRequired":true,"valueName":"search_term_string"}}],"inLanguage":"hu"},{"@type":"Organization","@id":"https:\/\/magnetarmagnets.com\/hu\/#organization","name":"Magnetar","url":"https:\/\/magnetarmagnets.com\/hu\/","logo":{"@type":"ImageObject","inLanguage":"hu","@id":"https:\/\/magnetarmagnets.com\/hu\/#\/schema\/logo\/image\/","url":"https:\/\/magnetarmagnets.com\/wp-content\/uploads\/2025\/05\/Logo-03_PNG-Black-scaled.png","contentUrl":"https:\/\/magnetarmagnets.com\/wp-content\/uploads\/2025\/05\/Logo-03_PNG-Black-scaled.png","width":2560,"height":1658,"caption":"Magnetar"},"image":{"@id":"https:\/\/magnetarmagnets.com\/hu\/#\/schema\/logo\/image\/"},"sameAs":["https:\/\/www.facebook.com\/fishingmagnets\/","https:\/\/www.instagram.com\/magnetar_magnets\/","https:\/\/www.linkedin.com\/company\/magnetarbv\/?originalSubdomain=nl","https:\/\/www.youtube.com\/c\/MagnetarVismagneet"]}]}},"_links":{"self":[{"href":"https:\/\/magnetarmagnets.com\/hu\/wp-json\/wp\/v2\/product\/82577","targetHints":{"allow":["GET"]}}],"collection":[{"href":"https:\/\/magnetarmagnets.com\/hu\/wp-json\/wp\/v2\/product"}],"about":[{"href":"https:\/\/magnetarmagnets.com\/hu\/wp-json\/wp\/v2\/types\/product"}],"replies":[{"embeddable":true,"href":"https:\/\/magnetarmagnets.com\/hu\/wp-json\/wp\/v2\/comments?post=82577"}],"version-history":[{"count":0,"href":"https:\/\/magnetarmagnets.com\/hu\/wp-json\/wp\/v2\/product\/82577\/revisions"}],"wp:featuredmedia":[{"embeddable":true,"href":"https:\/\/magnetarmagnets.com\/hu\/wp-json\/wp\/v2\/media\/73160"}],"wp:attachment":[{"href":"https:\/\/magnetarmagnets.com\/hu\/wp-json\/wp\/v2\/media?parent=82577"}],"wp:term":[{"taxonomy":"product_brand","embeddable":true,"href":"https:\/\/magnetarmagnets.com\/hu\/wp-json\/wp\/v2\/product_brand?post=82577"},{"taxonomy":"product_cat","embeddable":true,"href":"https:\/\/magnetarmagnets.com\/hu\/wp-json\/wp\/v2\/product_cat?post=82577"},{"taxonomy":"product_tag","embeddable":true,"href":"https:\/\/magnetarmagnets.com\/hu\/wp-json\/wp\/v2\/product_tag?post=82577"}],"curies":[{"name":"wp","href":"https:\/\/api.w.org\/{rel}","templated":true}]}}