{"id":82576,"date":"2025-06-05T09:54:39","date_gmt":"2025-06-05T07:54:39","guid":{"rendered":"https:\/\/magnetarmagnets.com\/?post_type=product&#038;p=82576"},"modified":"2026-04-03T10:14:02","modified_gmt":"2026-04-03T08:14:02","slug":"terror-horgasz-magnes-1000-kg-allround-360","status":"publish","type":"product","link":"https:\/\/magnetarmagnets.com\/hu\/shop\/terror-horgasz-magnes-1000-kg-allround-360\/","title":{"rendered":"Terror horg\u00e1sz m\u00e1gnes \u00ae &#8211; 1000 kg &#8211; Allround 360\u00b0"},"content":{"rendered":"<span style=\"font-weight: 400;\">* V\u00e9dje a m\u00e1gnest <a href=\"https:\/\/magnetarmagnets.com\/shop\/protection-cover-terror\/\" target=\"_blank\" rel=\"noopener\"><b>v\u00e9d\u0151burkolattal<\/b><\/a> horg\u00e1szat k\u00f6zben. Burkolat n\u00e9lk\u00fcl kem\u00e9ny t\u00e1rgyakkal val\u00f3 \u00fctk\u00f6z\u00e9skor s\u00e9r\u00fclhet a m\u00e1gnes. A v\u00e9d\u0151burkolat nem tartoz\u00e9k.<\/span>\n\n<h2><b>A Terror neod\u00edmium horg\u00e1szm\u00e1gnes<\/b><\/h2>\n\n<span style=\"font-weight: 400;\">A Hardcore m\u00e1gnes\u00fcnk sikere ut\u00e1n fejlesztett\u00fck ki a Terror horg\u00e1sz m\u00e1gnes\u00fcnket. A Terror m\u00e9g t\u00f6bb fog\u00e1si lehet\u0151s\u00e9get k\u00edn\u00e1l, ak\u00e1r 1000 kg (2200 lbs) t\u00e1vols\u00e1gb\u00f3l is er\u0151teljes h\u00faz\u00f3er\u0151vel. Ez nagyban n\u00f6veli az es\u00e9ly\u00e9t, hogy \u00e9rt\u00e9kesebb kincsekre bukkanjon. A m\u00e1gnes nehezebb is, \u00edgy m\u00e9lyebbre s\u00fcllyed az iszapban, hogy rejtett, els\u00fcllyedt t\u00e1rgyakat \u00e9rjen el. Mint minden m\u00e1gnes\u00fcnk, a Terror is 100% neod\u00edmiumb\u00f3l k\u00e9sz\u00fcl, \u00e9s minden oldal\u00e1n er\u0151s h\u00faz\u00f3er\u0151t biztos\u00edt.<\/span>\n\n<span style=\"font-weight: 400;\">\u200b\u200b<\/span><b>M\u00e1r j\u00e1rtas a m\u00e1gneshorg\u00e1szatban? <\/b><span style=\"font-weight: 400;\">Vagy szeretne szak\u00e9rt\u0151v\u00e9 v\u00e1lni? <\/span><a href=\"https:\/\/magnetarmagnets.com\/shop\/expert-package\/\" target=\"_blank\" rel=\"noopener\"><span style=\"font-weight: 400;\">Az Expert Package<\/span><\/a><span style=\"font-weight: 400;\"> a t\u00f6k\u00e9letes v\u00e1laszt\u00e1s, minden sz\u00fcks\u00e9ges eszk\u00f6zzel \u00e9s kedvezm\u00e9nnyel! Ez a csomag tartalmazza a Terror allround 360\u00b0 m\u00e1gnes\u00fcnket, egy er\u0151s, 8 mm \u00e1tm\u00e9r\u0151j\u0171 k\u00f6t\u00e9l karabinerrel, egy p\u00e1r v\u00edz\u00e1ll\u00f3 keszty\u0171t, egy Expert v\u00e9d\u0151burkolatot, ragaszt\u00f3t \u00e9s egy extra nagy rozsdamentes ac\u00e9l kamp\u00f3s horgot. M\u00e9g t\u00f6bbre v\u00e1gyik? Tekintse meg a <\/span><a href=\"https:\/\/magnetarmagnets.com\/shop\/legend-package\/\" target=\"_blank\" rel=\"noopener\"><span style=\"font-weight: 400;\">Legend Package<\/span><\/a><span style=\"font-weight: 400;\">-et!<\/span>\n\n<h2><b>K\u00e9szen \u00e1ll a Terrorra?<\/b><\/h2>\n\n<span style=\"font-weight: 400;\">A neve mindent el\u00e1rul: ez a m\u00e1gnes rendk\u00edv\u00fcl er\u0151s! A Terror horg\u00e1sz m\u00e1gnes minden oldalr\u00f3l megragadja a t\u00e1rgyakat, \u00e1t hatol az iszapon, \u00e9s nem akad meg k\u00f6nnyen k\u00f6veken. El\u00e9g neh\u00e9z ahhoz, hogy s\u00fcllyedjen az iszapba, ugyanakkor el\u00e9g k\u00f6nny\u0171 ahhoz, hogy \u00f3r\u00e1kig dob\u00e1lhassa a v\u00edzbe gond n\u00e9lk\u00fcl. K\u00f6z\u00e9pkateg\u00f3ri\u00e1s s\u00faly\u00e1ban k\u00f6nnyen dobhat\u00f3, \u00edgy az \u00e1raml\u00f3 v\u00edz ellen\u00e9re is el\u00e9ri a csatorn\u00e1k \u00e9s foly\u00f3k alj\u00e1t.<\/span>\n\n<span style=\"font-weight: 400;\">A Terror azoknak a horg\u00e1szoknak k\u00e9sz\u00fclt, akik tapasztalattal rendelkeznek, \u00e9s hozamot szeretn\u00e9nek a m\u00e1gnesbe fektetett \u00f6sszegr\u0151l. T\u00f6k\u00e9letes k\u00f6nny\u0171 \u00e9s neh\u00e9z kincsek, p\u00e9ld\u00e1ul p\u00e1nc\u00e9lszekr\u00e9nyek, nagyobb fegyverek, aut\u00f3alkatr\u00e9szek, rollerek \u00e9s elektromos ker\u00e9kp\u00e1rok kiemel\u00e9s\u00e9re.<\/span>\n\n<h2><b>M\u00e1gnes evol\u00faci\u00f3<\/b><\/h2>\n\n<span style=\"font-weight: 400;\">Sok m\u00e1gnes csak az egyik oldal\u00e1n fejti ki vonz\u00f3erej\u00e9t \u2013 ez a klasszikus horg\u00e1sz m\u00e1gnes. A Magnetar volt az els\u0151 v\u00e1llalat, amely ezt a klasszikus m\u00e1gneset k\u00e9toldal\u00fara fejlesztette. 2016-ban pedig megalkottuk az allround, 360\u00b0-os m\u00e1gneshorg\u00e1szm\u00e1gnes\u00fcnket, amely minden ir\u00e1nyb\u00f3l vonzza a t\u00e1rgyakat. Az EU m\u00e1gneshorg\u00e1szai az\u00f3ta is rajonganak 100% neod\u00edmium m\u00e1gnes\u00fcnk\u00e9rt, \u00edgy mi vagyunk Eur\u00f3pa #1 besz\u00e1ll\u00edt\u00f3ja. M\u00e1gnesinket egy kis, lelkes m\u00e1gneshorg\u00e1sz csapat tervezi \u00e9s gy\u00e1rtja a legmagasabb min\u0151s\u00e9gi \u00e9s eszt\u00e9tikai elv\u00e1r\u00e1soknak megfelel\u0151en. V\u00e1s\u00e1rl\u00f3ink visszat\u00e9rnek, mert tudj\u00e1k, hogy a Magnetarral nem csak egy m\u00e1gneshez jutnak, hanem val\u00f3di kincseket hozhatnak felsz\u00ednre.<\/span>\n\n<h2><b>Er\u0151teljes 360\u00b0-os h\u00faz\u00f3er\u0151<\/b><\/h2>\n\n<span style=\"font-weight: 400;\">A Terror az egyik leger\u0151sebb m\u00e1gnes\u00fcnk, ak\u00e1r 1000 kg (2200 lbs) h\u00faz\u00f3er\u0151vel. A h\u00faz\u00f3er\u0151 minden ir\u00e1nyb\u00f3l hat, ellent\u00e9tben az egyoldal\u00fa, ac\u00e9l burkolat\u00fa m\u00e1gnesekkel, amelyek csak egy ir\u00e1nyba f\u00f3kusz\u00e1lj\u00e1k erej\u00fcket. \u00c9rdekli a h\u00faz\u00f3er\u0151 m\u00e9r\u00e9se? <\/span><a href=\"https:\/\/www.youtube.com\/watch?v=2McW3RURDxs\" target=\"_blank\" rel=\"noopener\"><span style=\"font-weight: 400;\">N\u00e9zze meg vide\u00f3nkat<\/span><\/a><span style=\"font-weight: 400;\">.<\/span>\n\n<h2><b>High Quality<\/b><\/h2>\n\n<span style=\"font-weight: 400;\">Our <a href=\"https:\/\/magnetarmagnets.com\/\">fishing magnets<\/a> are made of 100% Neodymium. Magnetar magnets retain their magnetic pulling power for decades with only 1% lost every 100 years (with proper storage, care and protection).<\/span>\n\n\n\n<span style=\"font-weight: 400;\">Most other magnet providers already show pull strength loss after a few weeks. Over the past few years we\u2019ve noticed there are more and more low-quality magnets on the market: bigger magnets with lower pull strength, low-quality neodymium, false advertising. When you buy one of these magnets at a lower cost or from a big conglomerate company you will end up being disappointed even though you saved a bit of money.<\/span>\n\n\n\n<span style=\"font-weight: 400;\">Magnetar is a small, family-run business that puts quality first in everything we do. We are magnet fishing enthusiasts and all of our magnets are drawn, designed, and made by our team to ensure that you get the most bang for your buck (or treasures from your magnet!). If you want a reliable, effective and powerful fishing magnet you have come to the right place. Our team would be happy to hear from you, <a href=\"mailto:info@magnetarmagnets.com\">contact us here<\/a>.<\/span>\n\n<h2><b>Protection Cover<\/b><\/h2>\n\nProtection covers are the perfect accessory for magnet fishermen who want to protect their neodymium magnets during use. These durable covers are specially designed to fit perfectly on the magnet and provide an extra layer of protection against scratches, breaks and other types of damage. Our protective covers are built to last and can withstand the toughest conditions. The protective cover is made of stainless steel. This ensures that your magnet remains magnetic 360\u00b0. With our protective covers, you can enjoy magnet fishing without worrying about damage to your valuable fishing magnet. The cover can be added separately to this magnet.\n\n\n\n(Please be aware that the bottom of the magnet is not protected by the cover)\n\n<h2><b>Use with Caution<\/b><\/h2>\n\n<span style=\"font-weight: 400;\">Our neodymium magnets are very powerful and can be drawn to iron objects at high speed when they are within close distance. With the stronger magnets such as the 360\u00b0 allround, it is possible that your fingers could get caught in between the magnet and other objects. Handle the magnets with care and use at your own risk. Always read our safety warnings before use.<\/span>\n\n\n\nBy the way, with our <a href=\"https:\/\/magnetarmagnets.com\/magnet-fishing-kit\/\" target=\"_blank\" rel=\"noopener\">magnet fishing sets<\/a> you&#8217;ll get everything you need!\n\n\n\n<span style=\"font-weight: 400;\">* Children must use the magnet under parental supervision.<\/span>","protected":false},"excerpt":{"rendered":"<p><span style=\"font-weight: 400;\">A Terror horg\u00e1sz m\u00e1gnes a halad\u00f3 \u00e9s b\u00e1tor m\u00e1gneshorg\u00e1szoknak k\u00e9sz\u00fclt, akik olyan kincseket szeretn\u00e9nek kiemelni, amit m\u00e9g egyetlen m\u00e1gneshorg\u00e1sz sem hozott el\u0151. A 360\u00b0-os m\u00e1gneses mez\u0151vel ez a 100% neod\u00edmium m\u00e1gnes rendk\u00edv\u00fcl er\u0151s, ak\u00e1r 1000 kg h\u00faz\u00f3er\u0151vel. Figyelem: ez a m\u00e1gnes nem gyenge idegzet\u0171eknek val\u00f3!<\/span><\/p>\n","protected":false},"featured_media":72170,"comment_status":"open","ping_status":"closed","template":"","meta":{"_acf_changed":false,"inline_featured_image":false},"product_brand":[],"product_cat":[528,533],"product_tag":[],"class_list":{"0":"post-82576","1":"product","2":"type-product","3":"status-publish","4":"has-post-thumbnail","6":"product_cat-horgasz-magnesek","7":"product_cat-horgasz-magnesek-360","9":"first","10":"instock","11":"taxable","12":"shipping-taxable","13":"purchasable","14":"product-type-simple"},"acf":[],"yoast_head":"<!-- This site is optimized with the Yoast SEO plugin v27.4 - https:\/\/yoast.com\/product\/yoast-seo-wordpress\/ -->\n<title>Terror horg\u00e1sz m\u00e1gnes \u00ae - 1000 kg - Allround 360\u00b0<\/title>\n<meta name=\"description\" content=\"A Magnetar Terror horg\u00e1sz m\u00e1gnes. 360\u00b0, 1000 kg h\u00faz\u00f3er\u0151, ahogy a YouTube-on is l\u00e1that\u00f3! Rendeljen 23:00-ig: holnapra kisz\u00e1ll\u00edtjuk!\" \/>\n<meta name=\"robots\" content=\"index, follow, max-snippet:-1, max-image-preview:large, max-video-preview:-1\" \/>\n<link rel=\"canonical\" href=\"https:\/\/magnetarmagnets.com\/hu\/shop\/terror-horgasz-magnes-1000-kg-allround-360\/\" \/>\n<meta property=\"og:locale\" content=\"hu_HU\" \/>\n<meta property=\"og:type\" content=\"article\" \/>\n<meta property=\"og:title\" content=\"Terror horg\u00e1sz m\u00e1gnes \u00ae - 1000 kg - Allround 360\u00b0\" \/>\n<meta property=\"og:description\" content=\"A Magnetar Terror horg\u00e1sz m\u00e1gnes. 360\u00b0, 1000 kg h\u00faz\u00f3er\u0151, ahogy a YouTube-on is l\u00e1that\u00f3! Rendeljen 23:00-ig: holnapra kisz\u00e1ll\u00edtjuk!\" \/>\n<meta property=\"og:url\" content=\"https:\/\/magnetarmagnets.com\/hu\/shop\/terror-horgasz-magnes-1000-kg-allround-360\/\" \/>\n<meta property=\"og:site_name\" content=\"Magnet fishing with a Magnetar fishing magnet\" \/>\n<meta property=\"article:publisher\" content=\"https:\/\/www.facebook.com\/fishingmagnets\/\" \/>\n<meta property=\"article:modified_time\" content=\"2026-04-03T08:14:02+00:00\" \/>\n<meta property=\"og:image\" content=\"https:\/\/magnetarmagnets.com\/wp-content\/uploads\/2018\/08\/Terror-magnet-360-Degrees-Neodymium.jpeg\" \/>\n\t<meta property=\"og:image:width\" content=\"1000\" \/>\n\t<meta property=\"og:image:height\" content=\"1000\" \/>\n\t<meta property=\"og:image:type\" content=\"image\/jpeg\" \/>\n<meta name=\"twitter:card\" content=\"summary_large_image\" \/>\n<meta name=\"twitter:label1\" content=\"Becs\u00fclt olvas\u00e1si id\u0151\" \/>\n\t<meta name=\"twitter:data1\" content=\"5 perc\" \/>\n<script type=\"application\/ld+json\" class=\"yoast-schema-graph\">{\"@context\":\"https:\\\/\\\/schema.org\",\"@graph\":[{\"@type\":[\"WebPage\",\"ItemPage\"],\"@id\":\"https:\\\/\\\/magnetarmagnets.com\\\/hu\\\/shop\\\/terror-horgasz-magnes-1000-kg-allround-360\\\/\",\"url\":\"https:\\\/\\\/magnetarmagnets.com\\\/hu\\\/shop\\\/terror-horgasz-magnes-1000-kg-allround-360\\\/\",\"name\":\"Terror horg\u00e1sz m\u00e1gnes \u00ae - 1000 kg - Allround 360\u00b0\",\"isPartOf\":{\"@id\":\"https:\\\/\\\/magnetarmagnets.com\\\/hu\\\/#website\"},\"primaryImageOfPage\":{\"@id\":\"https:\\\/\\\/magnetarmagnets.com\\\/hu\\\/shop\\\/terror-horgasz-magnes-1000-kg-allround-360\\\/#primaryimage\"},\"image\":{\"@id\":\"https:\\\/\\\/magnetarmagnets.com\\\/hu\\\/shop\\\/terror-horgasz-magnes-1000-kg-allround-360\\\/#primaryimage\"},\"thumbnailUrl\":\"https:\\\/\\\/magnetarmagnets.com\\\/wp-content\\\/uploads\\\/2018\\\/08\\\/Terror-magnet-360-Degrees-Neodymium.jpeg\",\"datePublished\":\"2025-06-05T07:54:39+00:00\",\"dateModified\":\"2026-04-03T08:14:02+00:00\",\"description\":\"A Magnetar Terror horg\u00e1sz m\u00e1gnes. 360\u00b0, 1000 kg h\u00faz\u00f3er\u0151, ahogy a YouTube-on is l\u00e1that\u00f3! Rendeljen 23:00-ig: holnapra kisz\u00e1ll\u00edtjuk!\",\"breadcrumb\":{\"@id\":\"https:\\\/\\\/magnetarmagnets.com\\\/hu\\\/shop\\\/terror-horgasz-magnes-1000-kg-allround-360\\\/#breadcrumb\"},\"inLanguage\":\"hu\",\"potentialAction\":[{\"@type\":\"ReadAction\",\"target\":[\"https:\\\/\\\/magnetarmagnets.com\\\/hu\\\/shop\\\/terror-horgasz-magnes-1000-kg-allround-360\\\/\"]}]},{\"@type\":\"ImageObject\",\"inLanguage\":\"hu\",\"@id\":\"https:\\\/\\\/magnetarmagnets.com\\\/hu\\\/shop\\\/terror-horgasz-magnes-1000-kg-allround-360\\\/#primaryimage\",\"url\":\"https:\\\/\\\/magnetarmagnets.com\\\/wp-content\\\/uploads\\\/2018\\\/08\\\/Terror-magnet-360-Degrees-Neodymium.jpeg\",\"contentUrl\":\"https:\\\/\\\/magnetarmagnets.com\\\/wp-content\\\/uploads\\\/2018\\\/08\\\/Terror-magnet-360-Degrees-Neodymium.jpeg\",\"width\":1000,\"height\":1000,\"caption\":\"Terror magnet for magnet fishing with 360 Degree Neodymium pull power\"},{\"@type\":\"BreadcrumbList\",\"@id\":\"https:\\\/\\\/magnetarmagnets.com\\\/hu\\\/shop\\\/terror-horgasz-magnes-1000-kg-allround-360\\\/#breadcrumb\",\"itemListElement\":[{\"@type\":\"ListItem\",\"position\":1,\"name\":\"Home\",\"item\":\"https:\\\/\\\/magnetarmagnets.com\\\/hu\\\/\"},{\"@type\":\"ListItem\",\"position\":2,\"name\":\"Webshop\",\"item\":\"https:\\\/\\\/magnetarmagnets.com\\\/webshop\\\/\"},{\"@type\":\"ListItem\",\"position\":3,\"name\":\"Horg\u00e1sz m\u00e1gnesek\",\"item\":\"https:\\\/\\\/magnetarmagnets.com\\\/hu\\\/collections\\\/horgasz-magnesek\\\/\"},{\"@type\":\"ListItem\",\"position\":4,\"name\":\"Horg\u00e1sz m\u00e1gnesek 360\u00b0\",\"item\":\"https:\\\/\\\/magnetarmagnets.com\\\/hu\\\/collections\\\/horgasz-magnesek\\\/horgasz-magnesek-360\\\/\"},{\"@type\":\"ListItem\",\"position\":5,\"name\":\"Terror horg\u00e1sz m\u00e1gnes \u00ae &#8211; 1000 kg &#8211; Allround 360\u00b0\"}]},{\"@type\":\"WebSite\",\"@id\":\"https:\\\/\\\/magnetarmagnets.com\\\/hu\\\/#website\",\"url\":\"https:\\\/\\\/magnetarmagnets.com\\\/hu\\\/\",\"name\":\"Magnet fishing with a Magnetar fishing magnet\",\"description\":\"Er\u0151s m\u00e1gnesek m\u00e1gneshorg\u00e1szathoz\",\"publisher\":{\"@id\":\"https:\\\/\\\/magnetarmagnets.com\\\/hu\\\/#organization\"},\"potentialAction\":[{\"@type\":\"SearchAction\",\"target\":{\"@type\":\"EntryPoint\",\"urlTemplate\":\"https:\\\/\\\/magnetarmagnets.com\\\/hu\\\/?s={search_term_string}\"},\"query-input\":{\"@type\":\"PropertyValueSpecification\",\"valueRequired\":true,\"valueName\":\"search_term_string\"}}],\"inLanguage\":\"hu\"},{\"@type\":\"Organization\",\"@id\":\"https:\\\/\\\/magnetarmagnets.com\\\/hu\\\/#organization\",\"name\":\"Magnetar\",\"url\":\"https:\\\/\\\/magnetarmagnets.com\\\/hu\\\/\",\"logo\":{\"@type\":\"ImageObject\",\"inLanguage\":\"hu\",\"@id\":\"https:\\\/\\\/magnetarmagnets.com\\\/hu\\\/#\\\/schema\\\/logo\\\/image\\\/\",\"url\":\"https:\\\/\\\/magnetarmagnets.com\\\/wp-content\\\/uploads\\\/2025\\\/05\\\/Logo-03_PNG-Black-scaled.png\",\"contentUrl\":\"https:\\\/\\\/magnetarmagnets.com\\\/wp-content\\\/uploads\\\/2025\\\/05\\\/Logo-03_PNG-Black-scaled.png\",\"width\":2560,\"height\":1658,\"caption\":\"Magnetar\"},\"image\":{\"@id\":\"https:\\\/\\\/magnetarmagnets.com\\\/hu\\\/#\\\/schema\\\/logo\\\/image\\\/\"},\"sameAs\":[\"https:\\\/\\\/www.facebook.com\\\/fishingmagnets\\\/\",\"https:\\\/\\\/www.instagram.com\\\/magnetar_magnets\\\/\",\"https:\\\/\\\/www.linkedin.com\\\/company\\\/magnetarbv\\\/?originalSubdomain=nl\",\"https:\\\/\\\/www.youtube.com\\\/c\\\/MagnetarVismagneet\"]}]}<\/script>\n<!-- \/ Yoast SEO plugin. -->","yoast_head_json":{"title":"Terror horg\u00e1sz m\u00e1gnes \u00ae - 1000 kg - Allround 360\u00b0","description":"A Magnetar Terror horg\u00e1sz m\u00e1gnes. 360\u00b0, 1000 kg h\u00faz\u00f3er\u0151, ahogy a YouTube-on is l\u00e1that\u00f3! Rendeljen 23:00-ig: holnapra kisz\u00e1ll\u00edtjuk!","robots":{"index":"index","follow":"follow","max-snippet":"max-snippet:-1","max-image-preview":"max-image-preview:large","max-video-preview":"max-video-preview:-1"},"canonical":"https:\/\/magnetarmagnets.com\/hu\/shop\/terror-horgasz-magnes-1000-kg-allround-360\/","og_locale":"hu_HU","og_type":"article","og_title":"Terror horg\u00e1sz m\u00e1gnes \u00ae - 1000 kg - Allround 360\u00b0","og_description":"A Magnetar Terror horg\u00e1sz m\u00e1gnes. 360\u00b0, 1000 kg h\u00faz\u00f3er\u0151, ahogy a YouTube-on is l\u00e1that\u00f3! Rendeljen 23:00-ig: holnapra kisz\u00e1ll\u00edtjuk!","og_url":"https:\/\/magnetarmagnets.com\/hu\/shop\/terror-horgasz-magnes-1000-kg-allround-360\/","og_site_name":"Magnet fishing with a Magnetar fishing magnet","article_publisher":"https:\/\/www.facebook.com\/fishingmagnets\/","article_modified_time":"2026-04-03T08:14:02+00:00","og_image":[{"width":1000,"height":1000,"url":"https:\/\/magnetarmagnets.com\/wp-content\/uploads\/2018\/08\/Terror-magnet-360-Degrees-Neodymium.jpeg","type":"image\/jpeg"}],"twitter_card":"summary_large_image","twitter_misc":{"Becs\u00fclt olvas\u00e1si id\u0151":"5 perc"},"schema":{"@context":"https:\/\/schema.org","@graph":[{"@type":["WebPage","ItemPage"],"@id":"https:\/\/magnetarmagnets.com\/hu\/shop\/terror-horgasz-magnes-1000-kg-allround-360\/","url":"https:\/\/magnetarmagnets.com\/hu\/shop\/terror-horgasz-magnes-1000-kg-allround-360\/","name":"Terror horg\u00e1sz m\u00e1gnes \u00ae - 1000 kg - Allround 360\u00b0","isPartOf":{"@id":"https:\/\/magnetarmagnets.com\/hu\/#website"},"primaryImageOfPage":{"@id":"https:\/\/magnetarmagnets.com\/hu\/shop\/terror-horgasz-magnes-1000-kg-allround-360\/#primaryimage"},"image":{"@id":"https:\/\/magnetarmagnets.com\/hu\/shop\/terror-horgasz-magnes-1000-kg-allround-360\/#primaryimage"},"thumbnailUrl":"https:\/\/magnetarmagnets.com\/wp-content\/uploads\/2018\/08\/Terror-magnet-360-Degrees-Neodymium.jpeg","datePublished":"2025-06-05T07:54:39+00:00","dateModified":"2026-04-03T08:14:02+00:00","description":"A Magnetar Terror horg\u00e1sz m\u00e1gnes. 360\u00b0, 1000 kg h\u00faz\u00f3er\u0151, ahogy a YouTube-on is l\u00e1that\u00f3! Rendeljen 23:00-ig: holnapra kisz\u00e1ll\u00edtjuk!","breadcrumb":{"@id":"https:\/\/magnetarmagnets.com\/hu\/shop\/terror-horgasz-magnes-1000-kg-allround-360\/#breadcrumb"},"inLanguage":"hu","potentialAction":[{"@type":"ReadAction","target":["https:\/\/magnetarmagnets.com\/hu\/shop\/terror-horgasz-magnes-1000-kg-allround-360\/"]}]},{"@type":"ImageObject","inLanguage":"hu","@id":"https:\/\/magnetarmagnets.com\/hu\/shop\/terror-horgasz-magnes-1000-kg-allround-360\/#primaryimage","url":"https:\/\/magnetarmagnets.com\/wp-content\/uploads\/2018\/08\/Terror-magnet-360-Degrees-Neodymium.jpeg","contentUrl":"https:\/\/magnetarmagnets.com\/wp-content\/uploads\/2018\/08\/Terror-magnet-360-Degrees-Neodymium.jpeg","width":1000,"height":1000,"caption":"Terror magnet for magnet fishing with 360 Degree Neodymium pull power"},{"@type":"BreadcrumbList","@id":"https:\/\/magnetarmagnets.com\/hu\/shop\/terror-horgasz-magnes-1000-kg-allround-360\/#breadcrumb","itemListElement":[{"@type":"ListItem","position":1,"name":"Home","item":"https:\/\/magnetarmagnets.com\/hu\/"},{"@type":"ListItem","position":2,"name":"Webshop","item":"https:\/\/magnetarmagnets.com\/webshop\/"},{"@type":"ListItem","position":3,"name":"Horg\u00e1sz m\u00e1gnesek","item":"https:\/\/magnetarmagnets.com\/hu\/collections\/horgasz-magnesek\/"},{"@type":"ListItem","position":4,"name":"Horg\u00e1sz m\u00e1gnesek 360\u00b0","item":"https:\/\/magnetarmagnets.com\/hu\/collections\/horgasz-magnesek\/horgasz-magnesek-360\/"},{"@type":"ListItem","position":5,"name":"Terror horg\u00e1sz m\u00e1gnes \u00ae &#8211; 1000 kg &#8211; Allround 360\u00b0"}]},{"@type":"WebSite","@id":"https:\/\/magnetarmagnets.com\/hu\/#website","url":"https:\/\/magnetarmagnets.com\/hu\/","name":"Magnet fishing with a Magnetar fishing magnet","description":"Er\u0151s m\u00e1gnesek m\u00e1gneshorg\u00e1szathoz","publisher":{"@id":"https:\/\/magnetarmagnets.com\/hu\/#organization"},"potentialAction":[{"@type":"SearchAction","target":{"@type":"EntryPoint","urlTemplate":"https:\/\/magnetarmagnets.com\/hu\/?s={search_term_string}"},"query-input":{"@type":"PropertyValueSpecification","valueRequired":true,"valueName":"search_term_string"}}],"inLanguage":"hu"},{"@type":"Organization","@id":"https:\/\/magnetarmagnets.com\/hu\/#organization","name":"Magnetar","url":"https:\/\/magnetarmagnets.com\/hu\/","logo":{"@type":"ImageObject","inLanguage":"hu","@id":"https:\/\/magnetarmagnets.com\/hu\/#\/schema\/logo\/image\/","url":"https:\/\/magnetarmagnets.com\/wp-content\/uploads\/2025\/05\/Logo-03_PNG-Black-scaled.png","contentUrl":"https:\/\/magnetarmagnets.com\/wp-content\/uploads\/2025\/05\/Logo-03_PNG-Black-scaled.png","width":2560,"height":1658,"caption":"Magnetar"},"image":{"@id":"https:\/\/magnetarmagnets.com\/hu\/#\/schema\/logo\/image\/"},"sameAs":["https:\/\/www.facebook.com\/fishingmagnets\/","https:\/\/www.instagram.com\/magnetar_magnets\/","https:\/\/www.linkedin.com\/company\/magnetarbv\/?originalSubdomain=nl","https:\/\/www.youtube.com\/c\/MagnetarVismagneet"]}]}},"_links":{"self":[{"href":"https:\/\/magnetarmagnets.com\/hu\/wp-json\/wp\/v2\/product\/82576","targetHints":{"allow":["GET"]}}],"collection":[{"href":"https:\/\/magnetarmagnets.com\/hu\/wp-json\/wp\/v2\/product"}],"about":[{"href":"https:\/\/magnetarmagnets.com\/hu\/wp-json\/wp\/v2\/types\/product"}],"replies":[{"embeddable":true,"href":"https:\/\/magnetarmagnets.com\/hu\/wp-json\/wp\/v2\/comments?post=82576"}],"version-history":[{"count":0,"href":"https:\/\/magnetarmagnets.com\/hu\/wp-json\/wp\/v2\/product\/82576\/revisions"}],"wp:featuredmedia":[{"embeddable":true,"href":"https:\/\/magnetarmagnets.com\/hu\/wp-json\/wp\/v2\/media\/72170"}],"wp:attachment":[{"href":"https:\/\/magnetarmagnets.com\/hu\/wp-json\/wp\/v2\/media?parent=82576"}],"wp:term":[{"taxonomy":"product_brand","embeddable":true,"href":"https:\/\/magnetarmagnets.com\/hu\/wp-json\/wp\/v2\/product_brand?post=82576"},{"taxonomy":"product_cat","embeddable":true,"href":"https:\/\/magnetarmagnets.com\/hu\/wp-json\/wp\/v2\/product_cat?post=82576"},{"taxonomy":"product_tag","embeddable":true,"href":"https:\/\/magnetarmagnets.com\/hu\/wp-json\/wp\/v2\/product_tag?post=82576"}],"curies":[{"name":"wp","href":"https:\/\/api.w.org\/{rel}","templated":true}]}}