{"id":82575,"date":"2025-06-05T09:54:39","date_gmt":"2025-06-05T07:54:39","guid":{"rendered":"https:\/\/magnetarmagnets.com\/?post_type=product&#038;p=82575"},"modified":"2026-04-04T07:32:50","modified_gmt":"2026-04-04T05:32:50","slug":"magneses-kestarto-rozsdamentes-acel","status":"publish","type":"product","link":"https:\/\/magnetarmagnets.com\/hu\/shop\/magneses-kestarto-rozsdamentes-acel\/","title":{"rendered":"M\u00e1gneses k\u00e9start\u00f3 &#8211; rozsdamentes ac\u00e9l"},"content":{"rendered":"<h2><strong>Nagyon eleg\u00e1ns k\u00e9start\u00f3<\/strong><\/h2>\n\n<span style=\"font-weight: 400;\">Ne rejtsd el a k\u00e9seidet: akaszd fel \u0151ket higi\u00e9nikusan, egyszer\u0171en \u00e9s gyorsan egy m\u00e1gneses k\u00e9start\u00f3n!<\/span><span style=\"font-weight: 400;\"> A Magnetar m\u00e1gneses k\u00e9start\u00f3 szalagj\u00e1val k\u00f6nnyed\u00e9n felakaszthatod k\u00e9seid. A k\u00e9seid biztons\u00e1gosan \u00e9s rendk\u00edv\u00fcl st\u00edlusosan \u201er\u00e1tapadnak\u201d a m\u00e1gneses szalagra. <strong>Fa \u00e9s rozsdamentes ac\u00e9l v\u00e1ltozatban is el\u00e9rhet\u0151<\/strong>!<\/span>\n\n<h2><strong>A profi k\u00e9start\u00f3 el\u0151nyei<\/strong><\/h2>\n\n<span style=\"font-weight: 400;\">A k\u00e9seidet magasra is elhelyezheted, \u00edgy a gyerekek nem tudj\u00e1k el\u00e9rni \u0151ket. Nincs t\u00f6bb karcol\u00f3d\u00e1s a konyhai fi\u00f3kodban vagy szekr\u00e9nyedben, \u00e9s a k\u00e9seid tov\u00e1bb szolg\u00e1lnak majd. A k\u00e9seid h\u0171v\u00f6s \u00e9s eleg\u00e1ns m\u00f3don l\u00f3gnak a konyh\u00e1dban. B\u00fcszke lehetsz r\u00e1juk, \u00e9s nem kell tov\u00e1bb elrejtened \u0151ket k\u00e9sblokkba vagy fi\u00f3kba!<\/span>\n\n<h2><span style=\"font-weight: 400;\">Inform\u00e1ci\u00f3k \u00e9s szerel\u00e9s<\/span><\/h2>\n\n<span style=\"font-weight: 400;\">A m\u00e1gneses k\u00e9start\u00f3 rozsdamentes ac\u00e9lb\u00f3l k\u00e9sz\u00fclt, ami nagyszer\u0171en mutat a konyh\u00e1dban. K\u00edn\u00e1lunk fa k\u00e9start\u00f3t, valamint rozsdamentes ac\u00e9l v\u00e1ltozatot is. A m\u00e1gneses k\u00e9start\u00f3 felszerel\u00e9se nem vesz ig\u00e9nybe sok id\u0151t, \u00e9s nagyon egyszer\u0171. B\u00e1rki, aki m\u00e1r tartott f\u00far\u00f3t a kez\u00e9ben, k\u00f6nnyed\u00e9n felszerelheti ezt a k\u00e9start\u00f3t. A csomagban k\u00e9t csavar \u00e9s k\u00e9t tipli is tal\u00e1lhat\u00f3, \u00edgy ezt k\u00fcl\u00f6n nem kell megv\u00e1s\u00e1rolnod.<\/span>\n\n<h2><strong>M\u0171szaki adatok<\/strong><\/h2>\n\n<span style=\"font-weight: 400;\">A k\u00e9start\u00f3 szalag sz\u00e9less\u00e9ge 4,7 cm, \u00edgy a kisebb \u00e9s nagyobb k\u00e9seket egyar\u00e1nt j\u00f3l megtartja. Ak\u00e1r 36 cm hossz\u00fas\u00e1g\u00fa k\u00e9seket is felakaszthatsz rajta.<\/span>\n\n<img fetchpriority=\"high\" decoding=\"async\" class=\"alignleft size-medium wp-image-38098\" src=\"https:\/\/magnetarmagnets.com\/wp-content\/uploads\/2018\/03\/IMG_2101-300x200.jpg\" alt=\"m\u00e1gneses k\u00e9start\u00f3 rozsdamentes ac\u00e9l\" width=\"300\" height=\"200\" \/><img decoding=\"async\" class=\"alignright size-medium wp-image-38100\" src=\"https:\/\/magnetarmagnets.com\/wp-content\/uploads\/2018\/03\/IMG_2108-300x200.jpg\" alt=\"m\u00e1gneses k\u00e9start\u00f3 rozsdamentes ac\u00e9l h\u00e1tulja\" width=\"300\" height=\"200\" srcset=\"https:\/\/magnetarmagnets.com\/wp-content\/uploads\/2018\/03\/IMG_2108-300x200.jpg 300w, https:\/\/magnetarmagnets.com\/wp-content\/uploads\/2018\/03\/IMG_2108-scaled-800x533.jpg 800w, https:\/\/magnetarmagnets.com\/wp-content\/uploads\/2018\/03\/IMG_2108-768x512.jpg 768w, https:\/\/magnetarmagnets.com\/wp-content\/uploads\/2018\/03\/IMG_2108-1024x683.jpg 1024w, https:\/\/magnetarmagnets.com\/wp-content\/uploads\/2018\/03\/IMG_2108-scaled-600x400.jpg 600w\" sizes=\"(max-width: 300px) 100vw, 300px\" \/>","protected":false},"excerpt":{"rendered":"<p><span style=\"font-weight: 400;\">A m\u00e1gneses eszk\u00f6zs\u00edn <strong>rozsdamentes ac\u00e9lb\u00f3l<\/strong> k\u00e9sz\u00fclt, ami rendk\u00edv\u00fcl <strong>eleg\u00e1nsnak<\/strong> t\u0171nik a konyh\u00e1ban, \u00e9s <strong>nagyon egyszer\u0171en felszerelhet\u0151<\/strong>.<\/span><\/p>\n","protected":false},"featured_media":80049,"comment_status":"open","ping_status":"closed","template":"","meta":{"_acf_changed":false,"inline_featured_image":false},"product_brand":[],"product_cat":[567,563],"product_tag":[],"class_list":{"0":"post-82575","1":"product","2":"type-product","3":"status-publish","4":"has-post-thumbnail","6":"product_cat-magneticke-doplnky","7":"product_cat-vybaveni","9":"first","10":"instock","11":"taxable","12":"shipping-taxable","13":"purchasable","14":"product-type-simple"},"acf":[],"yoast_head":"<!-- This site is optimized with the Yoast SEO plugin v27.3 - https:\/\/yoast.com\/product\/yoast-seo-wordpress\/ -->\n<title>M\u00e1gneses k\u00e9start\u00f3 - rozsdamentes ac\u00e9l - Magnet fishing with a Magnetar fishing magnet<\/title>\n<meta name=\"description\" content=\"Magnetar rozsdamentes ac\u00e9l m\u00e1gneses k\u00e9start\u00f3\" \/>\n<meta name=\"robots\" content=\"index, follow, max-snippet:-1, max-image-preview:large, max-video-preview:-1\" \/>\n<link rel=\"canonical\" href=\"https:\/\/magnetarmagnets.com\/hu\/shop\/magneses-kestarto-rozsdamentes-acel\/\" \/>\n<meta property=\"og:locale\" content=\"hu_HU\" \/>\n<meta property=\"og:type\" content=\"article\" \/>\n<meta property=\"og:title\" content=\"M\u00e1gneses k\u00e9start\u00f3 - rozsdamentes ac\u00e9l - Magnet fishing with a Magnetar fishing magnet\" \/>\n<meta property=\"og:description\" content=\"Magnetar rozsdamentes ac\u00e9l m\u00e1gneses k\u00e9start\u00f3\" \/>\n<meta property=\"og:url\" content=\"https:\/\/magnetarmagnets.com\/hu\/shop\/magneses-kestarto-rozsdamentes-acel\/\" \/>\n<meta property=\"og:site_name\" content=\"Magnet fishing with a Magnetar fishing magnet\" \/>\n<meta property=\"article:publisher\" content=\"https:\/\/www.facebook.com\/fishingmagnets\/\" \/>\n<meta property=\"article:modified_time\" content=\"2026-04-04T05:32:50+00:00\" \/>\n<meta property=\"og:image\" content=\"https:\/\/magnetarmagnets.com\/wp-content\/uploads\/2018\/03\/550x506.jpg\" \/>\n\t<meta property=\"og:image:width\" content=\"550\" \/>\n\t<meta property=\"og:image:height\" content=\"506\" \/>\n\t<meta property=\"og:image:type\" content=\"image\/jpeg\" \/>\n<meta name=\"twitter:card\" content=\"summary_large_image\" \/>\n<meta name=\"twitter:label1\" content=\"Becs\u00fclt olvas\u00e1si id\u0151\" \/>\n\t<meta name=\"twitter:data1\" content=\"2 perc\" \/>\n<script type=\"application\/ld+json\" class=\"yoast-schema-graph\">{\"@context\":\"https:\\\/\\\/schema.org\",\"@graph\":[{\"@type\":[\"WebPage\",\"ItemPage\"],\"@id\":\"https:\\\/\\\/magnetarmagnets.com\\\/hu\\\/shop\\\/magneses-kestarto-rozsdamentes-acel\\\/\",\"url\":\"https:\\\/\\\/magnetarmagnets.com\\\/hu\\\/shop\\\/magneses-kestarto-rozsdamentes-acel\\\/\",\"name\":\"M\u00e1gneses k\u00e9start\u00f3 - rozsdamentes ac\u00e9l - Magnet fishing with a Magnetar fishing magnet\",\"isPartOf\":{\"@id\":\"https:\\\/\\\/magnetarmagnets.com\\\/hu\\\/#website\"},\"primaryImageOfPage\":{\"@id\":\"https:\\\/\\\/magnetarmagnets.com\\\/hu\\\/shop\\\/magneses-kestarto-rozsdamentes-acel\\\/#primaryimage\"},\"image\":{\"@id\":\"https:\\\/\\\/magnetarmagnets.com\\\/hu\\\/shop\\\/magneses-kestarto-rozsdamentes-acel\\\/#primaryimage\"},\"thumbnailUrl\":\"https:\\\/\\\/magnetarmagnets.com\\\/wp-content\\\/uploads\\\/2018\\\/03\\\/550x506.jpg\",\"datePublished\":\"2025-06-05T07:54:39+00:00\",\"dateModified\":\"2026-04-04T05:32:50+00:00\",\"description\":\"Magnetar rozsdamentes ac\u00e9l m\u00e1gneses k\u00e9start\u00f3\",\"breadcrumb\":{\"@id\":\"https:\\\/\\\/magnetarmagnets.com\\\/hu\\\/shop\\\/magneses-kestarto-rozsdamentes-acel\\\/#breadcrumb\"},\"inLanguage\":\"hu\",\"potentialAction\":[{\"@type\":\"ReadAction\",\"target\":[\"https:\\\/\\\/magnetarmagnets.com\\\/hu\\\/shop\\\/magneses-kestarto-rozsdamentes-acel\\\/\"]}]},{\"@type\":\"ImageObject\",\"inLanguage\":\"hu\",\"@id\":\"https:\\\/\\\/magnetarmagnets.com\\\/hu\\\/shop\\\/magneses-kestarto-rozsdamentes-acel\\\/#primaryimage\",\"url\":\"https:\\\/\\\/magnetarmagnets.com\\\/wp-content\\\/uploads\\\/2018\\\/03\\\/550x506.jpg\",\"contentUrl\":\"https:\\\/\\\/magnetarmagnets.com\\\/wp-content\\\/uploads\\\/2018\\\/03\\\/550x506.jpg\",\"width\":550,\"height\":506,\"caption\":\"Stainless Steel knife holder\"},{\"@type\":\"BreadcrumbList\",\"@id\":\"https:\\\/\\\/magnetarmagnets.com\\\/hu\\\/shop\\\/magneses-kestarto-rozsdamentes-acel\\\/#breadcrumb\",\"itemListElement\":[{\"@type\":\"ListItem\",\"position\":1,\"name\":\"Home\",\"item\":\"https:\\\/\\\/magnetarmagnets.com\\\/hu\\\/\"},{\"@type\":\"ListItem\",\"position\":2,\"name\":\"Webshop\",\"item\":\"https:\\\/\\\/magnetarmagnets.com\\\/webshop\\\/\"},{\"@type\":\"ListItem\",\"position\":3,\"name\":\"Felszerel\u00e9s\",\"item\":\"https:\\\/\\\/magnetarmagnets.com\\\/hu\\\/collections\\\/felszereles\\\/\"},{\"@type\":\"ListItem\",\"position\":4,\"name\":\"M\u00e1gneses kieg\u00e9sz\u00edt\u0151k\",\"item\":\"https:\\\/\\\/magnetarmagnets.com\\\/hu\\\/collections\\\/felszereles\\\/magneses-kiegeszitok\\\/\"},{\"@type\":\"ListItem\",\"position\":5,\"name\":\"M\u00e1gneses k\u00e9start\u00f3 &#8211; rozsdamentes ac\u00e9l\"}]},{\"@type\":\"WebSite\",\"@id\":\"https:\\\/\\\/magnetarmagnets.com\\\/hu\\\/#website\",\"url\":\"https:\\\/\\\/magnetarmagnets.com\\\/hu\\\/\",\"name\":\"Magnet fishing with a Magnetar fishing magnet\",\"description\":\"Er\u0151s m\u00e1gnesek m\u00e1gneshorg\u00e1szathoz\",\"publisher\":{\"@id\":\"https:\\\/\\\/magnetarmagnets.com\\\/hu\\\/#organization\"},\"potentialAction\":[{\"@type\":\"SearchAction\",\"target\":{\"@type\":\"EntryPoint\",\"urlTemplate\":\"https:\\\/\\\/magnetarmagnets.com\\\/hu\\\/?s={search_term_string}\"},\"query-input\":{\"@type\":\"PropertyValueSpecification\",\"valueRequired\":true,\"valueName\":\"search_term_string\"}}],\"inLanguage\":\"hu\"},{\"@type\":\"Organization\",\"@id\":\"https:\\\/\\\/magnetarmagnets.com\\\/hu\\\/#organization\",\"name\":\"Magnetar\",\"url\":\"https:\\\/\\\/magnetarmagnets.com\\\/hu\\\/\",\"logo\":{\"@type\":\"ImageObject\",\"inLanguage\":\"hu\",\"@id\":\"https:\\\/\\\/magnetarmagnets.com\\\/hu\\\/#\\\/schema\\\/logo\\\/image\\\/\",\"url\":\"https:\\\/\\\/magnetarmagnets.com\\\/wp-content\\\/uploads\\\/2025\\\/05\\\/Logo-03_PNG-Black-scaled.png\",\"contentUrl\":\"https:\\\/\\\/magnetarmagnets.com\\\/wp-content\\\/uploads\\\/2025\\\/05\\\/Logo-03_PNG-Black-scaled.png\",\"width\":2560,\"height\":1658,\"caption\":\"Magnetar\"},\"image\":{\"@id\":\"https:\\\/\\\/magnetarmagnets.com\\\/hu\\\/#\\\/schema\\\/logo\\\/image\\\/\"},\"sameAs\":[\"https:\\\/\\\/www.facebook.com\\\/fishingmagnets\\\/\",\"https:\\\/\\\/www.instagram.com\\\/magnetar_magnets\\\/\",\"https:\\\/\\\/www.linkedin.com\\\/company\\\/magnetarbv\\\/?originalSubdomain=nl\",\"https:\\\/\\\/www.youtube.com\\\/c\\\/MagnetarVismagneet\"]}]}<\/script>\n<!-- \/ Yoast SEO plugin. -->","yoast_head_json":{"title":"M\u00e1gneses k\u00e9start\u00f3 - rozsdamentes ac\u00e9l - Magnet fishing with a Magnetar fishing magnet","description":"Magnetar rozsdamentes ac\u00e9l m\u00e1gneses k\u00e9start\u00f3","robots":{"index":"index","follow":"follow","max-snippet":"max-snippet:-1","max-image-preview":"max-image-preview:large","max-video-preview":"max-video-preview:-1"},"canonical":"https:\/\/magnetarmagnets.com\/hu\/shop\/magneses-kestarto-rozsdamentes-acel\/","og_locale":"hu_HU","og_type":"article","og_title":"M\u00e1gneses k\u00e9start\u00f3 - rozsdamentes ac\u00e9l - Magnet fishing with a Magnetar fishing magnet","og_description":"Magnetar rozsdamentes ac\u00e9l m\u00e1gneses k\u00e9start\u00f3","og_url":"https:\/\/magnetarmagnets.com\/hu\/shop\/magneses-kestarto-rozsdamentes-acel\/","og_site_name":"Magnet fishing with a Magnetar fishing magnet","article_publisher":"https:\/\/www.facebook.com\/fishingmagnets\/","article_modified_time":"2026-04-04T05:32:50+00:00","og_image":[{"width":550,"height":506,"url":"https:\/\/magnetarmagnets.com\/wp-content\/uploads\/2018\/03\/550x506.jpg","type":"image\/jpeg"}],"twitter_card":"summary_large_image","twitter_misc":{"Becs\u00fclt olvas\u00e1si id\u0151":"2 perc"},"schema":{"@context":"https:\/\/schema.org","@graph":[{"@type":["WebPage","ItemPage"],"@id":"https:\/\/magnetarmagnets.com\/hu\/shop\/magneses-kestarto-rozsdamentes-acel\/","url":"https:\/\/magnetarmagnets.com\/hu\/shop\/magneses-kestarto-rozsdamentes-acel\/","name":"M\u00e1gneses k\u00e9start\u00f3 - rozsdamentes ac\u00e9l - Magnet fishing with a Magnetar fishing magnet","isPartOf":{"@id":"https:\/\/magnetarmagnets.com\/hu\/#website"},"primaryImageOfPage":{"@id":"https:\/\/magnetarmagnets.com\/hu\/shop\/magneses-kestarto-rozsdamentes-acel\/#primaryimage"},"image":{"@id":"https:\/\/magnetarmagnets.com\/hu\/shop\/magneses-kestarto-rozsdamentes-acel\/#primaryimage"},"thumbnailUrl":"https:\/\/magnetarmagnets.com\/wp-content\/uploads\/2018\/03\/550x506.jpg","datePublished":"2025-06-05T07:54:39+00:00","dateModified":"2026-04-04T05:32:50+00:00","description":"Magnetar rozsdamentes ac\u00e9l m\u00e1gneses k\u00e9start\u00f3","breadcrumb":{"@id":"https:\/\/magnetarmagnets.com\/hu\/shop\/magneses-kestarto-rozsdamentes-acel\/#breadcrumb"},"inLanguage":"hu","potentialAction":[{"@type":"ReadAction","target":["https:\/\/magnetarmagnets.com\/hu\/shop\/magneses-kestarto-rozsdamentes-acel\/"]}]},{"@type":"ImageObject","inLanguage":"hu","@id":"https:\/\/magnetarmagnets.com\/hu\/shop\/magneses-kestarto-rozsdamentes-acel\/#primaryimage","url":"https:\/\/magnetarmagnets.com\/wp-content\/uploads\/2018\/03\/550x506.jpg","contentUrl":"https:\/\/magnetarmagnets.com\/wp-content\/uploads\/2018\/03\/550x506.jpg","width":550,"height":506,"caption":"Stainless Steel knife holder"},{"@type":"BreadcrumbList","@id":"https:\/\/magnetarmagnets.com\/hu\/shop\/magneses-kestarto-rozsdamentes-acel\/#breadcrumb","itemListElement":[{"@type":"ListItem","position":1,"name":"Home","item":"https:\/\/magnetarmagnets.com\/hu\/"},{"@type":"ListItem","position":2,"name":"Webshop","item":"https:\/\/magnetarmagnets.com\/webshop\/"},{"@type":"ListItem","position":3,"name":"Felszerel\u00e9s","item":"https:\/\/magnetarmagnets.com\/hu\/collections\/felszereles\/"},{"@type":"ListItem","position":4,"name":"M\u00e1gneses kieg\u00e9sz\u00edt\u0151k","item":"https:\/\/magnetarmagnets.com\/hu\/collections\/felszereles\/magneses-kiegeszitok\/"},{"@type":"ListItem","position":5,"name":"M\u00e1gneses k\u00e9start\u00f3 &#8211; rozsdamentes ac\u00e9l"}]},{"@type":"WebSite","@id":"https:\/\/magnetarmagnets.com\/hu\/#website","url":"https:\/\/magnetarmagnets.com\/hu\/","name":"Magnet fishing with a Magnetar fishing magnet","description":"Er\u0151s m\u00e1gnesek m\u00e1gneshorg\u00e1szathoz","publisher":{"@id":"https:\/\/magnetarmagnets.com\/hu\/#organization"},"potentialAction":[{"@type":"SearchAction","target":{"@type":"EntryPoint","urlTemplate":"https:\/\/magnetarmagnets.com\/hu\/?s={search_term_string}"},"query-input":{"@type":"PropertyValueSpecification","valueRequired":true,"valueName":"search_term_string"}}],"inLanguage":"hu"},{"@type":"Organization","@id":"https:\/\/magnetarmagnets.com\/hu\/#organization","name":"Magnetar","url":"https:\/\/magnetarmagnets.com\/hu\/","logo":{"@type":"ImageObject","inLanguage":"hu","@id":"https:\/\/magnetarmagnets.com\/hu\/#\/schema\/logo\/image\/","url":"https:\/\/magnetarmagnets.com\/wp-content\/uploads\/2025\/05\/Logo-03_PNG-Black-scaled.png","contentUrl":"https:\/\/magnetarmagnets.com\/wp-content\/uploads\/2025\/05\/Logo-03_PNG-Black-scaled.png","width":2560,"height":1658,"caption":"Magnetar"},"image":{"@id":"https:\/\/magnetarmagnets.com\/hu\/#\/schema\/logo\/image\/"},"sameAs":["https:\/\/www.facebook.com\/fishingmagnets\/","https:\/\/www.instagram.com\/magnetar_magnets\/","https:\/\/www.linkedin.com\/company\/magnetarbv\/?originalSubdomain=nl","https:\/\/www.youtube.com\/c\/MagnetarVismagneet"]}]}},"_links":{"self":[{"href":"https:\/\/magnetarmagnets.com\/hu\/wp-json\/wp\/v2\/product\/82575","targetHints":{"allow":["GET"]}}],"collection":[{"href":"https:\/\/magnetarmagnets.com\/hu\/wp-json\/wp\/v2\/product"}],"about":[{"href":"https:\/\/magnetarmagnets.com\/hu\/wp-json\/wp\/v2\/types\/product"}],"replies":[{"embeddable":true,"href":"https:\/\/magnetarmagnets.com\/hu\/wp-json\/wp\/v2\/comments?post=82575"}],"version-history":[{"count":1,"href":"https:\/\/magnetarmagnets.com\/hu\/wp-json\/wp\/v2\/product\/82575\/revisions"}],"predecessor-version":[{"id":95331,"href":"https:\/\/magnetarmagnets.com\/hu\/wp-json\/wp\/v2\/product\/82575\/revisions\/95331"}],"wp:featuredmedia":[{"embeddable":true,"href":"https:\/\/magnetarmagnets.com\/hu\/wp-json\/wp\/v2\/media\/80049"}],"wp:attachment":[{"href":"https:\/\/magnetarmagnets.com\/hu\/wp-json\/wp\/v2\/media?parent=82575"}],"wp:term":[{"taxonomy":"product_brand","embeddable":true,"href":"https:\/\/magnetarmagnets.com\/hu\/wp-json\/wp\/v2\/product_brand?post=82575"},{"taxonomy":"product_cat","embeddable":true,"href":"https:\/\/magnetarmagnets.com\/hu\/wp-json\/wp\/v2\/product_cat?post=82575"},{"taxonomy":"product_tag","embeddable":true,"href":"https:\/\/magnetarmagnets.com\/hu\/wp-json\/wp\/v2\/product_tag?post=82575"}],"curies":[{"name":"wp","href":"https:\/\/api.w.org\/{rel}","templated":true}]}}