{"id":82574,"date":"2025-06-05T09:54:39","date_gmt":"2025-06-05T07:54:39","guid":{"rendered":"https:\/\/magnetarmagnets.com\/?post_type=product&#038;p=82574"},"modified":"2026-04-04T07:28:48","modified_gmt":"2026-04-04T05:28:48","slug":"magneses-kestarto","status":"publish","type":"product","link":"https:\/\/magnetarmagnets.com\/hu\/shop\/magneses-kestarto\/","title":{"rendered":"M\u00e1gneses k\u00e9start\u00f3"},"content":{"rendered":"<h2><strong>K\u00e9s m\u00e1gnes<\/strong><\/h2>\n\n<ul>\n\n \t<li style=\"font-weight: 400;\"><span style=\"font-weight: 400;\">1 x fa k\u00e9start\u00f3<\/span><\/li>\n\n \t<li style=\"font-weight: 400;\"><span style=\"font-weight: 400;\">2 x csavar<\/span><\/li>\n\n \t<li style=\"font-weight: 400;\"><span style=\"font-weight: 400;\">2 x tipli<\/span><\/li>\n\n \t<li style=\"font-weight: 400;\"><span style=\"font-weight: 400;\">egyszer\u0171 haszn\u00e1lati \u00fatmutat\u00f3<\/span><\/li>\n\n<\/ul>\n\n<span style=\"font-weight: 400;\">Ne rejtsd el a k\u00e9seidet: akaszd fel \u0151ket higi\u00e9nikusan, egyszer\u0171en \u00e9s gyorsan egy m\u00e1gneses k\u00e9start\u00f3n!<\/span>\n\n\n\n<span style=\"font-weight: 400;\">Egyszer\u0171en akaszthatod fel k\u00e9seidet a Magnetar m\u00e1gneses k\u00e9sr\u00f6gz\u00edt\u0151 s\u00ednj\u00e9re. A k\u00e9seid biztons\u00e1gosan \u00e9s nagyon st\u00edlusosan \u2018r\u00e1tapadnak\u2019 a m\u00e1gneses s\u00ednre. <\/span>\n\n<h2><strong>A m\u00e1gneses k\u00e9start\u00f3 el\u0151nyei<\/strong><\/h2>\n\n<span style=\"font-weight: 400;\">A k\u00e9seidet magasabban t\u00e1rolhatod, \u00edgy a gyerekek nem \u00e9rik el. A konyhai fi\u00f3kban vagy szekr\u00e9nyben keletkez\u0151 s\u00e9r\u00fcl\u00e9sek megsz\u0171nnek, \u00e9s a k\u00e9seid \u00e9lettartama megn\u0151. A k\u00e9seid h\u0171v\u00f6s \u00e9s st\u00edlusos m\u00f3don l\u00f3gnak a konyh\u00e1dban. B\u00fcszke lehetsz a k\u00e9seidre, \u00e9s abbahagyhatod azok elrejt\u00e9s\u00e9t k\u00e9sblokkban vagy fi\u00f3kban!<\/span>\n\n<h2><strong>Inform\u00e1ci\u00f3 \u00e9s szerel\u00e9s<\/strong><\/h2>\n\n<span style=\"font-weight: 400;\">A m\u00e1gneses k\u00e9start\u00f3 term\u00e9szetes f\u00e1b\u00f3l k\u00e9sz\u00fcl, amely remek\u00fcl mutat a konyh\u00e1dban. Rozsdamentes ac\u00e9l k\u00e9start\u00f3t is k\u00edn\u00e1lunk. A m\u00e1gneses k\u00e9start\u00f3 \u00f6sszeszerel\u00e9se nem tart sok\u00e1ig \u00e9s nagyon egyszer\u0171. B\u00e1rki, aki m\u00e1r fogott f\u00far\u00f3g\u00e9pet, k\u00f6nnyed\u00e9n felszerelheti ezt a m\u00e1gneses k\u00e9start\u00f3t. A csomag k\u00e9t csavart \u00e9s k\u00e9t tiplit tartalmaz, \u00edgy ezeket nem kell k\u00fcl\u00f6n megv\u00e1s\u00e1rolnod. <\/span>\n\n<h2><strong>M\u0171szaki adatok<\/strong><\/h2>\n\n<span style=\"font-weight: 400;\">A s\u00edn 6,3 cm sz\u00e9les, ami azt jelenti, hogy a kis k\u00e9seket \u00e9s a nagy k\u00e9seket is megfelel\u0151en megtartja. Ak\u00e1r 40 cm hossz\u00fas\u00e1g\u00fa k\u00e9seket is felakaszthatsz rajta. <\/span>\n\n\n\n<img fetchpriority=\"high\" decoding=\"async\" class=\"size-medium wp-image-38093 alignleft\" src=\"https:\/\/magnetarmagnets.com\/wp-content\/uploads\/2018\/03\/IMG_2134-300x200.jpg\" alt=\"fa m\u00e1gneses k\u00e9start\u00f3\" width=\"300\" height=\"200\" \/><img decoding=\"async\" class=\"size-medium wp-image-38094 alignright\" src=\"https:\/\/magnetarmagnets.com\/wp-content\/uploads\/2018\/03\/IMG_2133-300x200.jpg\" alt=\"fa m\u00e1gneses k\u00e9start\u00f3\" width=\"300\" height=\"200\" \/>","protected":false},"excerpt":{"rendered":"<p><span style=\"font-weight: 400;\">A m\u00e1gneses szersz\u00e1mtart\u00f3 s\u00edn term\u00e9szetes f\u00e1b\u00f3l k\u00e9sz\u00fclt, amely konyh\u00e1j\u00e1ban nagyon <strong>st\u00edlusos<\/strong> megjelen\u00e9st k\u00f6lcs\u00f6n\u00f6z, \u00e9s <strong>rendk\u00edv\u00fcl k\u00f6nnyen<\/strong> r\u00f6gz\u00edthet\u0151.<\/span><\/p>\n","protected":false},"featured_media":73702,"comment_status":"open","ping_status":"closed","template":"","meta":{"_acf_changed":false,"inline_featured_image":false},"product_brand":[],"product_cat":[536,540],"product_tag":[],"class_list":{"0":"post-82574","1":"product","2":"type-product","3":"status-publish","4":"has-post-thumbnail","6":"product_cat-felszereles","7":"product_cat-magneses-kiegeszitok","9":"first","10":"instock","11":"taxable","12":"shipping-taxable","13":"purchasable","14":"product-type-simple"},"acf":[],"yoast_head":"<!-- This site is optimized with the Yoast SEO plugin v27.3 - https:\/\/yoast.com\/product\/yoast-seo-wordpress\/ -->\n<title>Ne rejtsd el a k\u00e9seidet: akaszd fel \u0151ket higi\u00e9nikusan, egyszer\u0171en \u00e9s gyorsan egy m\u00e1gneses k\u00e9start\u00f3n!<\/title>\n<meta name=\"description\" content=\"M\u00e1gneses k\u00e9start\u00f3 - Egyszer\u0171 \u00e9s higi\u00e9nikus t\u00e1rol\u00e1si megold\u00e1s\" \/>\n<meta name=\"robots\" content=\"index, follow, max-snippet:-1, max-image-preview:large, max-video-preview:-1\" \/>\n<link rel=\"canonical\" href=\"https:\/\/magnetarmagnets.com\/hu\/shop\/magneses-kestarto\/\" \/>\n<meta property=\"og:locale\" content=\"hu_HU\" \/>\n<meta property=\"og:type\" content=\"article\" \/>\n<meta property=\"og:title\" content=\"Ne rejtsd el a k\u00e9seidet: akaszd fel \u0151ket higi\u00e9nikusan, egyszer\u0171en \u00e9s gyorsan egy m\u00e1gneses k\u00e9start\u00f3n!\" \/>\n<meta property=\"og:description\" content=\"M\u00e1gneses k\u00e9start\u00f3 - Egyszer\u0171 \u00e9s higi\u00e9nikus t\u00e1rol\u00e1si megold\u00e1s\" \/>\n<meta property=\"og:url\" content=\"https:\/\/magnetarmagnets.com\/hu\/shop\/magneses-kestarto\/\" \/>\n<meta property=\"og:site_name\" content=\"Magnet fishing with a Magnetar fishing magnet\" \/>\n<meta property=\"article:publisher\" content=\"https:\/\/www.facebook.com\/fishingmagnets\/\" \/>\n<meta property=\"article:modified_time\" content=\"2026-04-04T05:28:48+00:00\" \/>\n<meta property=\"og:image\" content=\"https:\/\/magnetarmagnets.com\/wp-content\/uploads\/2018\/03\/1200x1155.jpg\" \/>\n\t<meta property=\"og:image:width\" content=\"1200\" \/>\n\t<meta property=\"og:image:height\" content=\"1155\" \/>\n\t<meta property=\"og:image:type\" content=\"image\/jpeg\" \/>\n<meta name=\"twitter:card\" content=\"summary_large_image\" \/>\n<meta name=\"twitter:label1\" content=\"Becs\u00fclt olvas\u00e1si id\u0151\" \/>\n\t<meta name=\"twitter:data1\" content=\"2 perc\" \/>\n<script type=\"application\/ld+json\" class=\"yoast-schema-graph\">{\"@context\":\"https:\\\/\\\/schema.org\",\"@graph\":[{\"@type\":[\"WebPage\",\"ItemPage\"],\"@id\":\"https:\\\/\\\/magnetarmagnets.com\\\/hu\\\/shop\\\/magneses-kestarto\\\/\",\"url\":\"https:\\\/\\\/magnetarmagnets.com\\\/hu\\\/shop\\\/magneses-kestarto\\\/\",\"name\":\"Ne rejtsd el a k\u00e9seidet: akaszd fel \u0151ket higi\u00e9nikusan, egyszer\u0171en \u00e9s gyorsan egy m\u00e1gneses k\u00e9start\u00f3n!\",\"isPartOf\":{\"@id\":\"https:\\\/\\\/magnetarmagnets.com\\\/hu\\\/#website\"},\"primaryImageOfPage\":{\"@id\":\"https:\\\/\\\/magnetarmagnets.com\\\/hu\\\/shop\\\/magneses-kestarto\\\/#primaryimage\"},\"image\":{\"@id\":\"https:\\\/\\\/magnetarmagnets.com\\\/hu\\\/shop\\\/magneses-kestarto\\\/#primaryimage\"},\"thumbnailUrl\":\"https:\\\/\\\/magnetarmagnets.com\\\/wp-content\\\/uploads\\\/2018\\\/03\\\/1200x1155.jpg\",\"datePublished\":\"2025-06-05T07:54:39+00:00\",\"dateModified\":\"2026-04-04T05:28:48+00:00\",\"description\":\"M\u00e1gneses k\u00e9start\u00f3 - Egyszer\u0171 \u00e9s higi\u00e9nikus t\u00e1rol\u00e1si megold\u00e1s\",\"breadcrumb\":{\"@id\":\"https:\\\/\\\/magnetarmagnets.com\\\/hu\\\/shop\\\/magneses-kestarto\\\/#breadcrumb\"},\"inLanguage\":\"hu\",\"potentialAction\":[{\"@type\":\"ReadAction\",\"target\":[\"https:\\\/\\\/magnetarmagnets.com\\\/hu\\\/shop\\\/magneses-kestarto\\\/\"]}]},{\"@type\":\"ImageObject\",\"inLanguage\":\"hu\",\"@id\":\"https:\\\/\\\/magnetarmagnets.com\\\/hu\\\/shop\\\/magneses-kestarto\\\/#primaryimage\",\"url\":\"https:\\\/\\\/magnetarmagnets.com\\\/wp-content\\\/uploads\\\/2018\\\/03\\\/1200x1155.jpg\",\"contentUrl\":\"https:\\\/\\\/magnetarmagnets.com\\\/wp-content\\\/uploads\\\/2018\\\/03\\\/1200x1155.jpg\",\"width\":1200,\"height\":1155,\"caption\":\"Wood Knife Holder\"},{\"@type\":\"BreadcrumbList\",\"@id\":\"https:\\\/\\\/magnetarmagnets.com\\\/hu\\\/shop\\\/magneses-kestarto\\\/#breadcrumb\",\"itemListElement\":[{\"@type\":\"ListItem\",\"position\":1,\"name\":\"Home\",\"item\":\"https:\\\/\\\/magnetarmagnets.com\\\/hu\\\/\"},{\"@type\":\"ListItem\",\"position\":2,\"name\":\"Webshop\",\"item\":\"https:\\\/\\\/magnetarmagnets.com\\\/webshop\\\/\"},{\"@type\":\"ListItem\",\"position\":3,\"name\":\"Felszerel\u00e9s\",\"item\":\"https:\\\/\\\/magnetarmagnets.com\\\/hu\\\/collections\\\/felszereles\\\/\"},{\"@type\":\"ListItem\",\"position\":4,\"name\":\"M\u00e1gneses kieg\u00e9sz\u00edt\u0151k\",\"item\":\"https:\\\/\\\/magnetarmagnets.com\\\/hu\\\/collections\\\/felszereles\\\/magneses-kiegeszitok\\\/\"},{\"@type\":\"ListItem\",\"position\":5,\"name\":\"M\u00e1gneses k\u00e9start\u00f3\"}]},{\"@type\":\"WebSite\",\"@id\":\"https:\\\/\\\/magnetarmagnets.com\\\/hu\\\/#website\",\"url\":\"https:\\\/\\\/magnetarmagnets.com\\\/hu\\\/\",\"name\":\"Magnet fishing with a Magnetar fishing magnet\",\"description\":\"Er\u0151s m\u00e1gnesek m\u00e1gneshorg\u00e1szathoz\",\"publisher\":{\"@id\":\"https:\\\/\\\/magnetarmagnets.com\\\/hu\\\/#organization\"},\"potentialAction\":[{\"@type\":\"SearchAction\",\"target\":{\"@type\":\"EntryPoint\",\"urlTemplate\":\"https:\\\/\\\/magnetarmagnets.com\\\/hu\\\/?s={search_term_string}\"},\"query-input\":{\"@type\":\"PropertyValueSpecification\",\"valueRequired\":true,\"valueName\":\"search_term_string\"}}],\"inLanguage\":\"hu\"},{\"@type\":\"Organization\",\"@id\":\"https:\\\/\\\/magnetarmagnets.com\\\/hu\\\/#organization\",\"name\":\"Magnetar\",\"url\":\"https:\\\/\\\/magnetarmagnets.com\\\/hu\\\/\",\"logo\":{\"@type\":\"ImageObject\",\"inLanguage\":\"hu\",\"@id\":\"https:\\\/\\\/magnetarmagnets.com\\\/hu\\\/#\\\/schema\\\/logo\\\/image\\\/\",\"url\":\"https:\\\/\\\/magnetarmagnets.com\\\/wp-content\\\/uploads\\\/2025\\\/05\\\/Logo-03_PNG-Black-scaled.png\",\"contentUrl\":\"https:\\\/\\\/magnetarmagnets.com\\\/wp-content\\\/uploads\\\/2025\\\/05\\\/Logo-03_PNG-Black-scaled.png\",\"width\":2560,\"height\":1658,\"caption\":\"Magnetar\"},\"image\":{\"@id\":\"https:\\\/\\\/magnetarmagnets.com\\\/hu\\\/#\\\/schema\\\/logo\\\/image\\\/\"},\"sameAs\":[\"https:\\\/\\\/www.facebook.com\\\/fishingmagnets\\\/\",\"https:\\\/\\\/www.instagram.com\\\/magnetar_magnets\\\/\",\"https:\\\/\\\/www.linkedin.com\\\/company\\\/magnetarbv\\\/?originalSubdomain=nl\",\"https:\\\/\\\/www.youtube.com\\\/c\\\/MagnetarVismagneet\"]}]}<\/script>\n<!-- \/ Yoast SEO plugin. -->","yoast_head_json":{"title":"Ne rejtsd el a k\u00e9seidet: akaszd fel \u0151ket higi\u00e9nikusan, egyszer\u0171en \u00e9s gyorsan egy m\u00e1gneses k\u00e9start\u00f3n!","description":"M\u00e1gneses k\u00e9start\u00f3 - Egyszer\u0171 \u00e9s higi\u00e9nikus t\u00e1rol\u00e1si megold\u00e1s","robots":{"index":"index","follow":"follow","max-snippet":"max-snippet:-1","max-image-preview":"max-image-preview:large","max-video-preview":"max-video-preview:-1"},"canonical":"https:\/\/magnetarmagnets.com\/hu\/shop\/magneses-kestarto\/","og_locale":"hu_HU","og_type":"article","og_title":"Ne rejtsd el a k\u00e9seidet: akaszd fel \u0151ket higi\u00e9nikusan, egyszer\u0171en \u00e9s gyorsan egy m\u00e1gneses k\u00e9start\u00f3n!","og_description":"M\u00e1gneses k\u00e9start\u00f3 - Egyszer\u0171 \u00e9s higi\u00e9nikus t\u00e1rol\u00e1si megold\u00e1s","og_url":"https:\/\/magnetarmagnets.com\/hu\/shop\/magneses-kestarto\/","og_site_name":"Magnet fishing with a Magnetar fishing magnet","article_publisher":"https:\/\/www.facebook.com\/fishingmagnets\/","article_modified_time":"2026-04-04T05:28:48+00:00","og_image":[{"width":1200,"height":1155,"url":"https:\/\/magnetarmagnets.com\/wp-content\/uploads\/2018\/03\/1200x1155.jpg","type":"image\/jpeg"}],"twitter_card":"summary_large_image","twitter_misc":{"Becs\u00fclt olvas\u00e1si id\u0151":"2 perc"},"schema":{"@context":"https:\/\/schema.org","@graph":[{"@type":["WebPage","ItemPage"],"@id":"https:\/\/magnetarmagnets.com\/hu\/shop\/magneses-kestarto\/","url":"https:\/\/magnetarmagnets.com\/hu\/shop\/magneses-kestarto\/","name":"Ne rejtsd el a k\u00e9seidet: akaszd fel \u0151ket higi\u00e9nikusan, egyszer\u0171en \u00e9s gyorsan egy m\u00e1gneses k\u00e9start\u00f3n!","isPartOf":{"@id":"https:\/\/magnetarmagnets.com\/hu\/#website"},"primaryImageOfPage":{"@id":"https:\/\/magnetarmagnets.com\/hu\/shop\/magneses-kestarto\/#primaryimage"},"image":{"@id":"https:\/\/magnetarmagnets.com\/hu\/shop\/magneses-kestarto\/#primaryimage"},"thumbnailUrl":"https:\/\/magnetarmagnets.com\/wp-content\/uploads\/2018\/03\/1200x1155.jpg","datePublished":"2025-06-05T07:54:39+00:00","dateModified":"2026-04-04T05:28:48+00:00","description":"M\u00e1gneses k\u00e9start\u00f3 - Egyszer\u0171 \u00e9s higi\u00e9nikus t\u00e1rol\u00e1si megold\u00e1s","breadcrumb":{"@id":"https:\/\/magnetarmagnets.com\/hu\/shop\/magneses-kestarto\/#breadcrumb"},"inLanguage":"hu","potentialAction":[{"@type":"ReadAction","target":["https:\/\/magnetarmagnets.com\/hu\/shop\/magneses-kestarto\/"]}]},{"@type":"ImageObject","inLanguage":"hu","@id":"https:\/\/magnetarmagnets.com\/hu\/shop\/magneses-kestarto\/#primaryimage","url":"https:\/\/magnetarmagnets.com\/wp-content\/uploads\/2018\/03\/1200x1155.jpg","contentUrl":"https:\/\/magnetarmagnets.com\/wp-content\/uploads\/2018\/03\/1200x1155.jpg","width":1200,"height":1155,"caption":"Wood Knife Holder"},{"@type":"BreadcrumbList","@id":"https:\/\/magnetarmagnets.com\/hu\/shop\/magneses-kestarto\/#breadcrumb","itemListElement":[{"@type":"ListItem","position":1,"name":"Home","item":"https:\/\/magnetarmagnets.com\/hu\/"},{"@type":"ListItem","position":2,"name":"Webshop","item":"https:\/\/magnetarmagnets.com\/webshop\/"},{"@type":"ListItem","position":3,"name":"Felszerel\u00e9s","item":"https:\/\/magnetarmagnets.com\/hu\/collections\/felszereles\/"},{"@type":"ListItem","position":4,"name":"M\u00e1gneses kieg\u00e9sz\u00edt\u0151k","item":"https:\/\/magnetarmagnets.com\/hu\/collections\/felszereles\/magneses-kiegeszitok\/"},{"@type":"ListItem","position":5,"name":"M\u00e1gneses k\u00e9start\u00f3"}]},{"@type":"WebSite","@id":"https:\/\/magnetarmagnets.com\/hu\/#website","url":"https:\/\/magnetarmagnets.com\/hu\/","name":"Magnet fishing with a Magnetar fishing magnet","description":"Er\u0151s m\u00e1gnesek m\u00e1gneshorg\u00e1szathoz","publisher":{"@id":"https:\/\/magnetarmagnets.com\/hu\/#organization"},"potentialAction":[{"@type":"SearchAction","target":{"@type":"EntryPoint","urlTemplate":"https:\/\/magnetarmagnets.com\/hu\/?s={search_term_string}"},"query-input":{"@type":"PropertyValueSpecification","valueRequired":true,"valueName":"search_term_string"}}],"inLanguage":"hu"},{"@type":"Organization","@id":"https:\/\/magnetarmagnets.com\/hu\/#organization","name":"Magnetar","url":"https:\/\/magnetarmagnets.com\/hu\/","logo":{"@type":"ImageObject","inLanguage":"hu","@id":"https:\/\/magnetarmagnets.com\/hu\/#\/schema\/logo\/image\/","url":"https:\/\/magnetarmagnets.com\/wp-content\/uploads\/2025\/05\/Logo-03_PNG-Black-scaled.png","contentUrl":"https:\/\/magnetarmagnets.com\/wp-content\/uploads\/2025\/05\/Logo-03_PNG-Black-scaled.png","width":2560,"height":1658,"caption":"Magnetar"},"image":{"@id":"https:\/\/magnetarmagnets.com\/hu\/#\/schema\/logo\/image\/"},"sameAs":["https:\/\/www.facebook.com\/fishingmagnets\/","https:\/\/www.instagram.com\/magnetar_magnets\/","https:\/\/www.linkedin.com\/company\/magnetarbv\/?originalSubdomain=nl","https:\/\/www.youtube.com\/c\/MagnetarVismagneet"]}]}},"_links":{"self":[{"href":"https:\/\/magnetarmagnets.com\/hu\/wp-json\/wp\/v2\/product\/82574","targetHints":{"allow":["GET"]}}],"collection":[{"href":"https:\/\/magnetarmagnets.com\/hu\/wp-json\/wp\/v2\/product"}],"about":[{"href":"https:\/\/magnetarmagnets.com\/hu\/wp-json\/wp\/v2\/types\/product"}],"replies":[{"embeddable":true,"href":"https:\/\/magnetarmagnets.com\/hu\/wp-json\/wp\/v2\/comments?post=82574"}],"version-history":[{"count":1,"href":"https:\/\/magnetarmagnets.com\/hu\/wp-json\/wp\/v2\/product\/82574\/revisions"}],"predecessor-version":[{"id":95329,"href":"https:\/\/magnetarmagnets.com\/hu\/wp-json\/wp\/v2\/product\/82574\/revisions\/95329"}],"wp:featuredmedia":[{"embeddable":true,"href":"https:\/\/magnetarmagnets.com\/hu\/wp-json\/wp\/v2\/media\/73702"}],"wp:attachment":[{"href":"https:\/\/magnetarmagnets.com\/hu\/wp-json\/wp\/v2\/media?parent=82574"}],"wp:term":[{"taxonomy":"product_brand","embeddable":true,"href":"https:\/\/magnetarmagnets.com\/hu\/wp-json\/wp\/v2\/product_brand?post=82574"},{"taxonomy":"product_cat","embeddable":true,"href":"https:\/\/magnetarmagnets.com\/hu\/wp-json\/wp\/v2\/product_cat?post=82574"},{"taxonomy":"product_tag","embeddable":true,"href":"https:\/\/magnetarmagnets.com\/hu\/wp-json\/wp\/v2\/product_tag?post=82574"}],"curies":[{"name":"wp","href":"https:\/\/api.w.org\/{rel}","templated":true}]}}