{"id":82573,"date":"2025-06-05T09:54:40","date_gmt":"2025-06-05T07:54:40","guid":{"rendered":"https:\/\/magnetarmagnets.com\/?post_type=product&#038;p=82573"},"modified":"2026-04-07T18:46:45","modified_gmt":"2026-04-07T16:46:45","slug":"classic-110-kg-horgasz-magnes-egyoldalas","status":"publish","type":"product","link":"https:\/\/magnetarmagnets.com\/hu\/shop\/classic-110-kg-horgasz-magnes-egyoldalas\/","title":{"rendered":"Classic 110 kg horg\u00e1sz m\u00e1gnes &#8211; egyoldalas"},"content":{"rendered":"A Classic 110 horg\u00e1sz m\u00e1gnes <span style=\"font-weight: 400;\">egyoldalas neod\u00edmium m\u00e1gnes, maxim\u00e1lis h\u00faz\u00f3ereje 110 kg. A Classic 110 horg\u00e1sz m\u00e1gnes gyerekeknek vagy alkalmi haszn\u00e1latra aj\u00e1nlott, p\u00e9ld\u00e1ul kulcsok kihal\u00e1sz\u00e1s\u00e1ra a v\u00edzb\u0151l. Komolyabb m\u00e1gneshorg\u00e1szat eset\u00e9n er\u0151sebb m\u00e1gnes haszn\u00e1lat\u00e1t javasoljuk.<\/span>\n\n<h2>Classic 110 horg\u00e1sz m\u00e1gnes &#8211; 110 kg<\/h2>\n\n<span style=\"font-weight: 400;\">Keresel egy kis m\u00e9ret\u0171 horg\u00e1sz m\u00e1gnest gyermekednek? Vagy elejtett\u00e9l valamit a v\u00edzbe, amit vissza szeretn\u00e9l kapni? A Classic 110 horg\u00e1sz m\u00e1gnes a legjobb v\u00e1laszt\u00e1s! Ez a m\u00e1gnes kicsi, de er\u0151s. A 110 kg maxim\u00e1lis h\u00faz\u00f3er\u0151 soknak hangzik, de csak t\u00f6k\u00e9letes k\u00f6r\u00fclm\u00e9nyek k\u00f6z\u00f6tt \u00e9rhet\u0151 el: s\u00edk, legal\u00e1bb 2 cm vastag f\u00e9mfel\u00fclet, rozsda \u00e9s szennyez\u0151d\u00e9s n\u00e9lk\u00fcl a m\u00e1gnes \u00e9s a f\u00e9m k\u00f6z\u00f6tt. Ilyen esetben egyenesen 110 kg-ot tudsz kih\u00fazni.<\/span>\n\n\n\n<span style=\"font-weight: 400;\">K\u00fcl\u00f6n\u00f6sen \u00e9rm\u00e9k, kulcsok \u00e9s apr\u00f3 kincsek tal\u00e1lhat\u00f3k meg ezzel a m\u00e1gnessel. Enn\u00e9l nehezebb t\u00e1rgyakat nem lehet kihal\u00e1szni. \u00dagy gondoljuk, hogy 110 kg t\u00fal kev\u00e9s a val\u00f3di m\u00e1gneshorg\u00e1szathoz. A Classic 110 el\u0151nye, hogy viszonylag kis \u00f6sszeg\u00e9rt juthatsz horg\u00e1sz m\u00e1gneshez. Tov\u00e1bbi el\u0151nye, hogy a gyerekek is kipr\u00f3b\u00e1lhatj\u00e1k, \u00e9lvezik-e a m\u00e1gnes horg\u00e1szatot. Ha nem szeretn\u00e9l \u00e9rt\u00e9kes talajkincseket vesz\u00edteni, er\u0151sebb m\u00e1gnes haszn\u00e1lat\u00e1t aj\u00e1nljuk.<\/span>\n\n\n\nHa komolyan szeretn\u00e9l foglalkozni a m\u00e1gnes horg\u00e1szattal, er\u0151sebb m\u00e1gneseket aj\u00e1nlunk. A <a href=\"https:\/\/magnetarmagnets.com\/shop\/classic-fishing-magnet-660lb-300kg\">Classic  300<\/a> \u00e9s az univerz\u00e1lis 360\u00b0-os m\u00e1gnesek, az <a href=\"https:\/\/magnetarmagnets.com\/shop\/easy-magnet\">Easy<\/a> \u00e9s a <a href=\"https:\/\/magnetarmagnets.com\/shop\/hardcore-magnet-2\">Hardcore<\/a>, kiv\u00e1l\u00f3 v\u00e1laszt\u00e1sok a kezd\u0151 m\u00e1gneshorg\u00e1szok sz\u00e1m\u00e1ra.\n\n<h2><span style=\"font-weight: 400;\">Kiv\u00e1l\u00f3 min\u0151s\u00e9g<\/span><\/h2>\n\n<span style=\"font-weight: 400;\">M\u00e1genseinket a legjobb neod\u00edmiumb\u00f3l gy\u00e1rtjuk, \u00edgy m\u00e1gnesh\u00faz\u00f3 erej\u00fck meg\u0151rz\u0151dik, \u00e9s csak 1%-ot vesz\u00edtenek 100 \u00e9v alatt! A legt\u00f6bb m\u00e1s besz\u00e1ll\u00edt\u00f3 m\u00e1gnesei n\u00e9h\u00e1ny h\u00e9t alatt vesz\u00edtenek ugyanennyit. Egyre t\u00f6bb alacsony min\u0151s\u00e9g\u0171 m\u00e1gnes jelenik meg, gyenge neod\u00edmiumot tartalmazva az \u00e1r cs\u00f6kkent\u00e9se \u00e9rdek\u00e9ben. Ezek v\u00e1s\u00e1rl\u00e1s\u00e1val p\u00e9nzt dobsz ki az ablakon.<\/span>\n\n\n\n<span style=\"font-weight: 400;\">M\u00e1genseinket szem\u00e9lyesen tervezz\u00fck a legjobb horg\u00e1sz\u00e9lm\u00e9ny \u00e9rdek\u00e9ben. Professzion\u00e1lis eszk\u00f6z\u00f6kkel tesztelj\u00fck h\u00faz\u00f3erej\u00fcket, hogy \u00e1ll\u00edt\u00e1saink pontosak legyenek. Tapasztalatunknak k\u00f6sz\u00f6nhet\u0151en tudjuk, hogyan kell ide\u00e1lis m\u00e1gneseket kialak\u00edtani. Te is megtapasztalhatod kiv\u00e1l\u00f3 min\u0151s\u00e9g\u0171, er\u0151s \u00e9s megb\u00edzhat\u00f3 horg\u00e1sz m\u00e1gnes\u00fcnket. Ha k\u00edv\u00e1ncsi vagy a tesztek folyamat\u00e1ra, <a href=\"https:\/\/www.youtube.com\/watch?v=2McW3RURDxs\">n\u00e9zd meg vide\u00f3nkat<\/a> itt.<\/span>\n\n<h2><span style=\"font-weight: 400;\">Figyelem!<\/span><\/h2>\n\n<span style=\"font-weight: 400;\">Neod\u00edmium m\u00e1genseink rendk\u00edv\u00fcl er\u0151sek, \u00e9s nagy sebess\u00e9ggel kap\u00f3dhatnak a f\u00e9mt\u00e1rgyakhoz k\u00f6zeli tartom\u00e1nyban. Ne tedd az ujjad a m\u00e1gnes \u00e9s a f\u00e9m k\u00f6z\u00e9! A leger\u0151sebb m\u00e1genseinkkel k\u00f6nnyen \u00f6sszet\u00f6rheted az ujjad, elt\u00f6rhet, vagy v\u00edzh\u00f3lyagod keletkezhet. Haszn\u00e1latkor mindig legy\u00e9l \u00f3vatos. Figyelem: A m\u00e1gensek haszn\u00e1lata saj\u00e1t felel\u0151ss\u00e9gre t\u00f6rt\u00e9nik. Mindig olvasd el a <a href=\"https:\/\/magnetarmagnets.com\/how-do-you-use-fishing-magnets-in-a-safe-way\"><span style=\"font-weight: 400;\">biztons\u00e1gi el\u0151\u00edr\u00e1sokat<\/span><\/a> haszn\u00e1lat el\u0151tt.<\/span>","protected":false},"excerpt":{"rendered":"<p><span style=\"font-weight: 400;\"><strong>Gyerekbar\u00e1t<\/strong>, elengedhetetlen a v\u00edzisport kedvel\u0151inek elveszett t\u00e1rgyak felsz\u00ednre hozatal\u00e1hoz.<\/span><\/p>\n","protected":false},"featured_media":70482,"comment_status":"open","ping_status":"closed","template":"","meta":{"_acf_changed":false,"inline_featured_image":false},"product_brand":[],"product_cat":[506,509,518],"product_tag":[524],"class_list":{"0":"post-82573","1":"product","2":"type-product","3":"status-publish","4":"has-post-thumbnail","6":"product_cat-aimants-de-peche","7":"product_cat-aimants-de-peche-a-une-face","8":"product_cat-debutants-et-enfants","9":"product_tag-ingyenes-szallitas","11":"first","12":"instock","13":"sale","14":"taxable","15":"shipping-taxable","16":"purchasable","17":"product-type-simple"},"acf":[],"yoast_head":"<!-- This site is optimized with the Yoast SEO plugin v27.3 - https:\/\/yoast.com\/product\/yoast-seo-wordpress\/ -->\n<title>Horg\u00e1sz m\u00e1gnes gyerekeknek - 110 kg-os speci\u00e1lis gyerekhorg\u00e1sz m\u00e1gnes<\/title>\n<meta name=\"description\" content=\"Horg\u00e1sz m\u00e1gnes gyerekeknek - 110 kg - Magnetar\" \/>\n<meta name=\"robots\" content=\"index, follow, max-snippet:-1, max-image-preview:large, max-video-preview:-1\" \/>\n<link rel=\"canonical\" href=\"https:\/\/magnetarmagnets.com\/hu\/shop\/classic-110-kg-horgasz-magnes-egyoldalas\/\" \/>\n<meta property=\"og:locale\" content=\"hu_HU\" \/>\n<meta property=\"og:type\" content=\"article\" \/>\n<meta property=\"og:title\" content=\"Horg\u00e1sz m\u00e1gnes gyerekeknek - 110 kg-os speci\u00e1lis gyerekhorg\u00e1sz m\u00e1gnes\" \/>\n<meta property=\"og:description\" content=\"Horg\u00e1sz m\u00e1gnes gyerekeknek - 110 kg - Magnetar\" \/>\n<meta property=\"og:url\" content=\"https:\/\/magnetarmagnets.com\/hu\/shop\/classic-110-kg-horgasz-magnes-egyoldalas\/\" \/>\n<meta property=\"og:site_name\" content=\"Magnet fishing with a Magnetar fishing magnet\" \/>\n<meta property=\"article:publisher\" content=\"https:\/\/www.facebook.com\/fishingmagnets\/\" \/>\n<meta property=\"article:modified_time\" content=\"2026-04-07T16:46:45+00:00\" \/>\n<meta property=\"og:image\" content=\"https:\/\/magnetarmagnets.com\/wp-content\/uploads\/2018\/02\/FOTO1499-1.jpg\" \/>\n\t<meta property=\"og:image:width\" content=\"1000\" \/>\n\t<meta property=\"og:image:height\" content=\"1000\" \/>\n\t<meta property=\"og:image:type\" content=\"image\/jpeg\" \/>\n<meta name=\"twitter:card\" content=\"summary_large_image\" \/>\n<meta name=\"twitter:label1\" content=\"Becs\u00fclt olvas\u00e1si id\u0151\" \/>\n\t<meta name=\"twitter:data1\" content=\"3 perc\" \/>\n<script type=\"application\/ld+json\" class=\"yoast-schema-graph\">{\"@context\":\"https:\\\/\\\/schema.org\",\"@graph\":[{\"@type\":[\"WebPage\",\"ItemPage\"],\"@id\":\"https:\\\/\\\/magnetarmagnets.com\\\/hu\\\/shop\\\/classic-110-kg-horgasz-magnes-egyoldalas\\\/\",\"url\":\"https:\\\/\\\/magnetarmagnets.com\\\/hu\\\/shop\\\/classic-110-kg-horgasz-magnes-egyoldalas\\\/\",\"name\":\"Horg\u00e1sz m\u00e1gnes gyerekeknek - 110 kg-os speci\u00e1lis gyerekhorg\u00e1sz m\u00e1gnes\",\"isPartOf\":{\"@id\":\"https:\\\/\\\/magnetarmagnets.com\\\/hu\\\/#website\"},\"primaryImageOfPage\":{\"@id\":\"https:\\\/\\\/magnetarmagnets.com\\\/hu\\\/shop\\\/classic-110-kg-horgasz-magnes-egyoldalas\\\/#primaryimage\"},\"image\":{\"@id\":\"https:\\\/\\\/magnetarmagnets.com\\\/hu\\\/shop\\\/classic-110-kg-horgasz-magnes-egyoldalas\\\/#primaryimage\"},\"thumbnailUrl\":\"https:\\\/\\\/magnetarmagnets.com\\\/wp-content\\\/uploads\\\/2018\\\/02\\\/FOTO1499-1.jpg\",\"datePublished\":\"2025-06-05T07:54:40+00:00\",\"dateModified\":\"2026-04-07T16:46:45+00:00\",\"description\":\"Horg\u00e1sz m\u00e1gnes gyerekeknek - 110 kg - Magnetar\",\"breadcrumb\":{\"@id\":\"https:\\\/\\\/magnetarmagnets.com\\\/hu\\\/shop\\\/classic-110-kg-horgasz-magnes-egyoldalas\\\/#breadcrumb\"},\"inLanguage\":\"hu\",\"potentialAction\":[{\"@type\":\"ReadAction\",\"target\":[\"https:\\\/\\\/magnetarmagnets.com\\\/hu\\\/shop\\\/classic-110-kg-horgasz-magnes-egyoldalas\\\/\"]}]},{\"@type\":\"ImageObject\",\"inLanguage\":\"hu\",\"@id\":\"https:\\\/\\\/magnetarmagnets.com\\\/hu\\\/shop\\\/classic-110-kg-horgasz-magnes-egyoldalas\\\/#primaryimage\",\"url\":\"https:\\\/\\\/magnetarmagnets.com\\\/wp-content\\\/uploads\\\/2018\\\/02\\\/FOTO1499-1.jpg\",\"contentUrl\":\"https:\\\/\\\/magnetarmagnets.com\\\/wp-content\\\/uploads\\\/2018\\\/02\\\/FOTO1499-1.jpg\",\"width\":1000,\"height\":1000,\"caption\":\"Classic 80\"},{\"@type\":\"BreadcrumbList\",\"@id\":\"https:\\\/\\\/magnetarmagnets.com\\\/hu\\\/shop\\\/classic-110-kg-horgasz-magnes-egyoldalas\\\/#breadcrumb\",\"itemListElement\":[{\"@type\":\"ListItem\",\"position\":1,\"name\":\"Home\",\"item\":\"https:\\\/\\\/magnetarmagnets.com\\\/hu\\\/\"},{\"@type\":\"ListItem\",\"position\":2,\"name\":\"Webshop\",\"item\":\"https:\\\/\\\/magnetarmagnets.com\\\/webshop\\\/\"},{\"@type\":\"ListItem\",\"position\":3,\"name\":\"Kezd\u0151k \u00e9s gyerekek\",\"item\":\"https:\\\/\\\/magnetarmagnets.com\\\/hu\\\/collections\\\/kezdok-es-gyerekek\\\/\"},{\"@type\":\"ListItem\",\"position\":4,\"name\":\"Classic 110 kg horg\u00e1sz m\u00e1gnes &#8211; egyoldalas\"}]},{\"@type\":\"WebSite\",\"@id\":\"https:\\\/\\\/magnetarmagnets.com\\\/hu\\\/#website\",\"url\":\"https:\\\/\\\/magnetarmagnets.com\\\/hu\\\/\",\"name\":\"Magnet fishing with a Magnetar fishing magnet\",\"description\":\"Er\u0151s m\u00e1gnesek m\u00e1gneshorg\u00e1szathoz\",\"publisher\":{\"@id\":\"https:\\\/\\\/magnetarmagnets.com\\\/hu\\\/#organization\"},\"potentialAction\":[{\"@type\":\"SearchAction\",\"target\":{\"@type\":\"EntryPoint\",\"urlTemplate\":\"https:\\\/\\\/magnetarmagnets.com\\\/hu\\\/?s={search_term_string}\"},\"query-input\":{\"@type\":\"PropertyValueSpecification\",\"valueRequired\":true,\"valueName\":\"search_term_string\"}}],\"inLanguage\":\"hu\"},{\"@type\":\"Organization\",\"@id\":\"https:\\\/\\\/magnetarmagnets.com\\\/hu\\\/#organization\",\"name\":\"Magnetar\",\"url\":\"https:\\\/\\\/magnetarmagnets.com\\\/hu\\\/\",\"logo\":{\"@type\":\"ImageObject\",\"inLanguage\":\"hu\",\"@id\":\"https:\\\/\\\/magnetarmagnets.com\\\/hu\\\/#\\\/schema\\\/logo\\\/image\\\/\",\"url\":\"https:\\\/\\\/magnetarmagnets.com\\\/wp-content\\\/uploads\\\/2025\\\/05\\\/Logo-03_PNG-Black-scaled.png\",\"contentUrl\":\"https:\\\/\\\/magnetarmagnets.com\\\/wp-content\\\/uploads\\\/2025\\\/05\\\/Logo-03_PNG-Black-scaled.png\",\"width\":2560,\"height\":1658,\"caption\":\"Magnetar\"},\"image\":{\"@id\":\"https:\\\/\\\/magnetarmagnets.com\\\/hu\\\/#\\\/schema\\\/logo\\\/image\\\/\"},\"sameAs\":[\"https:\\\/\\\/www.facebook.com\\\/fishingmagnets\\\/\",\"https:\\\/\\\/www.instagram.com\\\/magnetar_magnets\\\/\",\"https:\\\/\\\/www.linkedin.com\\\/company\\\/magnetarbv\\\/?originalSubdomain=nl\",\"https:\\\/\\\/www.youtube.com\\\/c\\\/MagnetarVismagneet\"]}]}<\/script>\n<!-- \/ Yoast SEO plugin. -->","yoast_head_json":{"title":"Horg\u00e1sz m\u00e1gnes gyerekeknek - 110 kg-os speci\u00e1lis gyerekhorg\u00e1sz m\u00e1gnes","description":"Horg\u00e1sz m\u00e1gnes gyerekeknek - 110 kg - Magnetar","robots":{"index":"index","follow":"follow","max-snippet":"max-snippet:-1","max-image-preview":"max-image-preview:large","max-video-preview":"max-video-preview:-1"},"canonical":"https:\/\/magnetarmagnets.com\/hu\/shop\/classic-110-kg-horgasz-magnes-egyoldalas\/","og_locale":"hu_HU","og_type":"article","og_title":"Horg\u00e1sz m\u00e1gnes gyerekeknek - 110 kg-os speci\u00e1lis gyerekhorg\u00e1sz m\u00e1gnes","og_description":"Horg\u00e1sz m\u00e1gnes gyerekeknek - 110 kg - Magnetar","og_url":"https:\/\/magnetarmagnets.com\/hu\/shop\/classic-110-kg-horgasz-magnes-egyoldalas\/","og_site_name":"Magnet fishing with a Magnetar fishing magnet","article_publisher":"https:\/\/www.facebook.com\/fishingmagnets\/","article_modified_time":"2026-04-07T16:46:45+00:00","og_image":[{"width":1000,"height":1000,"url":"https:\/\/magnetarmagnets.com\/wp-content\/uploads\/2018\/02\/FOTO1499-1.jpg","type":"image\/jpeg"}],"twitter_card":"summary_large_image","twitter_misc":{"Becs\u00fclt olvas\u00e1si id\u0151":"3 perc"},"schema":{"@context":"https:\/\/schema.org","@graph":[{"@type":["WebPage","ItemPage"],"@id":"https:\/\/magnetarmagnets.com\/hu\/shop\/classic-110-kg-horgasz-magnes-egyoldalas\/","url":"https:\/\/magnetarmagnets.com\/hu\/shop\/classic-110-kg-horgasz-magnes-egyoldalas\/","name":"Horg\u00e1sz m\u00e1gnes gyerekeknek - 110 kg-os speci\u00e1lis gyerekhorg\u00e1sz m\u00e1gnes","isPartOf":{"@id":"https:\/\/magnetarmagnets.com\/hu\/#website"},"primaryImageOfPage":{"@id":"https:\/\/magnetarmagnets.com\/hu\/shop\/classic-110-kg-horgasz-magnes-egyoldalas\/#primaryimage"},"image":{"@id":"https:\/\/magnetarmagnets.com\/hu\/shop\/classic-110-kg-horgasz-magnes-egyoldalas\/#primaryimage"},"thumbnailUrl":"https:\/\/magnetarmagnets.com\/wp-content\/uploads\/2018\/02\/FOTO1499-1.jpg","datePublished":"2025-06-05T07:54:40+00:00","dateModified":"2026-04-07T16:46:45+00:00","description":"Horg\u00e1sz m\u00e1gnes gyerekeknek - 110 kg - Magnetar","breadcrumb":{"@id":"https:\/\/magnetarmagnets.com\/hu\/shop\/classic-110-kg-horgasz-magnes-egyoldalas\/#breadcrumb"},"inLanguage":"hu","potentialAction":[{"@type":"ReadAction","target":["https:\/\/magnetarmagnets.com\/hu\/shop\/classic-110-kg-horgasz-magnes-egyoldalas\/"]}]},{"@type":"ImageObject","inLanguage":"hu","@id":"https:\/\/magnetarmagnets.com\/hu\/shop\/classic-110-kg-horgasz-magnes-egyoldalas\/#primaryimage","url":"https:\/\/magnetarmagnets.com\/wp-content\/uploads\/2018\/02\/FOTO1499-1.jpg","contentUrl":"https:\/\/magnetarmagnets.com\/wp-content\/uploads\/2018\/02\/FOTO1499-1.jpg","width":1000,"height":1000,"caption":"Classic 80"},{"@type":"BreadcrumbList","@id":"https:\/\/magnetarmagnets.com\/hu\/shop\/classic-110-kg-horgasz-magnes-egyoldalas\/#breadcrumb","itemListElement":[{"@type":"ListItem","position":1,"name":"Home","item":"https:\/\/magnetarmagnets.com\/hu\/"},{"@type":"ListItem","position":2,"name":"Webshop","item":"https:\/\/magnetarmagnets.com\/webshop\/"},{"@type":"ListItem","position":3,"name":"Kezd\u0151k \u00e9s gyerekek","item":"https:\/\/magnetarmagnets.com\/hu\/collections\/kezdok-es-gyerekek\/"},{"@type":"ListItem","position":4,"name":"Classic 110 kg horg\u00e1sz m\u00e1gnes &#8211; egyoldalas"}]},{"@type":"WebSite","@id":"https:\/\/magnetarmagnets.com\/hu\/#website","url":"https:\/\/magnetarmagnets.com\/hu\/","name":"Magnet fishing with a Magnetar fishing magnet","description":"Er\u0151s m\u00e1gnesek m\u00e1gneshorg\u00e1szathoz","publisher":{"@id":"https:\/\/magnetarmagnets.com\/hu\/#organization"},"potentialAction":[{"@type":"SearchAction","target":{"@type":"EntryPoint","urlTemplate":"https:\/\/magnetarmagnets.com\/hu\/?s={search_term_string}"},"query-input":{"@type":"PropertyValueSpecification","valueRequired":true,"valueName":"search_term_string"}}],"inLanguage":"hu"},{"@type":"Organization","@id":"https:\/\/magnetarmagnets.com\/hu\/#organization","name":"Magnetar","url":"https:\/\/magnetarmagnets.com\/hu\/","logo":{"@type":"ImageObject","inLanguage":"hu","@id":"https:\/\/magnetarmagnets.com\/hu\/#\/schema\/logo\/image\/","url":"https:\/\/magnetarmagnets.com\/wp-content\/uploads\/2025\/05\/Logo-03_PNG-Black-scaled.png","contentUrl":"https:\/\/magnetarmagnets.com\/wp-content\/uploads\/2025\/05\/Logo-03_PNG-Black-scaled.png","width":2560,"height":1658,"caption":"Magnetar"},"image":{"@id":"https:\/\/magnetarmagnets.com\/hu\/#\/schema\/logo\/image\/"},"sameAs":["https:\/\/www.facebook.com\/fishingmagnets\/","https:\/\/www.instagram.com\/magnetar_magnets\/","https:\/\/www.linkedin.com\/company\/magnetarbv\/?originalSubdomain=nl","https:\/\/www.youtube.com\/c\/MagnetarVismagneet"]}]}},"_links":{"self":[{"href":"https:\/\/magnetarmagnets.com\/hu\/wp-json\/wp\/v2\/product\/82573","targetHints":{"allow":["GET"]}}],"collection":[{"href":"https:\/\/magnetarmagnets.com\/hu\/wp-json\/wp\/v2\/product"}],"about":[{"href":"https:\/\/magnetarmagnets.com\/hu\/wp-json\/wp\/v2\/types\/product"}],"replies":[{"embeddable":true,"href":"https:\/\/magnetarmagnets.com\/hu\/wp-json\/wp\/v2\/comments?post=82573"}],"version-history":[{"count":0,"href":"https:\/\/magnetarmagnets.com\/hu\/wp-json\/wp\/v2\/product\/82573\/revisions"}],"wp:featuredmedia":[{"embeddable":true,"href":"https:\/\/magnetarmagnets.com\/hu\/wp-json\/wp\/v2\/media\/70482"}],"wp:attachment":[{"href":"https:\/\/magnetarmagnets.com\/hu\/wp-json\/wp\/v2\/media?parent=82573"}],"wp:term":[{"taxonomy":"product_brand","embeddable":true,"href":"https:\/\/magnetarmagnets.com\/hu\/wp-json\/wp\/v2\/product_brand?post=82573"},{"taxonomy":"product_cat","embeddable":true,"href":"https:\/\/magnetarmagnets.com\/hu\/wp-json\/wp\/v2\/product_cat?post=82573"},{"taxonomy":"product_tag","embeddable":true,"href":"https:\/\/magnetarmagnets.com\/hu\/wp-json\/wp\/v2\/product_tag?post=82573"}],"curies":[{"name":"wp","href":"https:\/\/api.w.org\/{rel}","templated":true}]}}