{"id":82572,"date":"2025-06-05T09:54:40","date_gmt":"2025-06-05T07:54:40","guid":{"rendered":"https:\/\/magnetarmagnets.com\/?post_type=product&#038;p=82572"},"modified":"2026-04-03T18:58:19","modified_gmt":"2026-04-03T16:58:19","slug":"magneshorgaszati-tok","status":"publish","type":"product","link":"https:\/\/magnetarmagnets.com\/hu\/shop\/magneshorgaszati-tok\/","title":{"rendered":"M\u00e1gneshorg\u00e1szati tok"},"content":{"rendered":"Ebben a luxus m\u00e1gneshorg\u00e1szati tokban k\u00f6nnyed\u00e9n sz\u00e1ll\u00edthatod m\u00e1gnesed. \u00cdgy kev\u00e9sb\u00e9 \u00e9rintenek a szagok, <a href=\"https:\/\/magnetarmagnets.com\/\" target=\"_blank\" rel=\"noopener\">horg\u00e1szm\u00e1gneseid<\/a> j\u00f3l v\u00e9dve vannak, \u00e9s egyszer\u0171en magaddal viheted \u0151ket az \u00faj m\u00e1gneshorg\u00e1sz helysz\u00ednedre. Ez a tok fokozza a m\u00e1gnes horg\u00e1szat \u00e9lm\u00e9ny\u00e9t, \u00e9s minden m\u00e1gneshorg\u00e1sz elengedhetetlen kell\u00e9ke!","protected":false},"excerpt":{"rendered":"<p><span style=\"font-weight: 400;\">K\u00f6nnyed\u00e9n magaddal viheted m\u00e1gnesed b\u00e1rhov\u00e1. \u00cdgy kevesebb gondod lesz a szagokkal, \u00e9s m\u00e1gnesed <strong>j\u00f3l v\u00e9dett<\/strong>.<\/span><\/p>\n<p>Alkalmas a k\u00f6vetkez\u0151kh\u00f6z:<\/p>\n<p><strong><a href=\"https:\/\/magnetarmagnets.com\/shop\/magnet-fishing-rope\/\">K\u00f6t\u00e9l<\/a>:<\/strong> 6mm (1\/4&#8221;) \u00e9s 8mm (1\/3&#8221;)<\/p>\n<p><strong><a href=\"https:\/\/magnetarmagnets.com\/shop\/magnet-fishing-glove\/\">Keszty\u0171k<\/a>:<\/strong> Minden Magnetar keszty\u0171<\/p>\n<p><strong><a href=\"https:\/\/magnetarmagnets.com\/collections\/fishing-magnets\/single-sided-classic\/\">Egyr\u00e9teg\u0171 m\u00e1gnesek<\/a>:<\/strong> Classic 110, Classic 200 \u00e9s Classic 300<\/p>\n<p><strong><a href=\"https:\/\/magnetarmagnets.com\/collections\/fishing-magnets\/allround-magnets-360\/\">360\u00b0-os allround m\u00e1gnesek<\/a>:<\/strong> Easy, Hardcore, Terror<\/p>\n<p><strong><a href=\"https:\/\/magnetarmagnets.com\/double-sided-fishing-magnet\/\">K\u00e9toldalas m\u00e1gnesek<\/a>:<\/strong> Bulldog 500<\/p>\n","protected":false},"featured_media":70399,"comment_status":"open","ping_status":"closed","template":"","meta":{"_acf_changed":false,"inline_featured_image":false},"product_brand":[],"product_cat":[536,537,538],"product_tag":[],"class_list":{"0":"post-82572","1":"product","2":"type-product","3":"status-publish","4":"has-post-thumbnail","6":"product_cat-felszereles","7":"product_cat-horgasz-magnes-felszereles","8":"product_cat-merchandise-hu","10":"first","11":"instock","12":"taxable","13":"shipping-taxable","14":"purchasable","15":"product-type-simple"},"acf":[],"yoast_head":"<!-- This site is optimized with the Yoast SEO plugin v27.3 - https:\/\/yoast.com\/product\/yoast-seo-wordpress\/ -->\n<title>M\u00e1gneshorg\u00e1szati tok - Magnet fishing with a Magnetar fishing magnet<\/title>\n<meta name=\"description\" content=\"M\u00e1gneshorg\u00e1szati tok \u2013 t\u00e1rold \u00e9s v\u00e9dd m\u00e1gnesed a Magnetarral\" \/>\n<meta name=\"robots\" content=\"index, follow, max-snippet:-1, max-image-preview:large, max-video-preview:-1\" \/>\n<link rel=\"canonical\" href=\"https:\/\/magnetarmagnets.com\/hu\/shop\/magneshorgaszati-tok\/\" \/>\n<meta property=\"og:locale\" content=\"hu_HU\" \/>\n<meta property=\"og:type\" content=\"article\" \/>\n<meta property=\"og:title\" content=\"M\u00e1gneshorg\u00e1szati tok - Magnet fishing with a Magnetar fishing magnet\" \/>\n<meta property=\"og:description\" content=\"M\u00e1gneshorg\u00e1szati tok \u2013 t\u00e1rold \u00e9s v\u00e9dd m\u00e1gnesed a Magnetarral\" \/>\n<meta property=\"og:url\" content=\"https:\/\/magnetarmagnets.com\/hu\/shop\/magneshorgaszati-tok\/\" \/>\n<meta property=\"og:site_name\" content=\"Magnet fishing with a Magnetar fishing magnet\" \/>\n<meta property=\"article:publisher\" content=\"https:\/\/www.facebook.com\/fishingmagnets\/\" \/>\n<meta property=\"article:modified_time\" content=\"2026-04-03T16:58:19+00:00\" \/>\n<meta property=\"og:image\" content=\"https:\/\/magnetarmagnets.com\/wp-content\/uploads\/2019\/07\/vismagneet-koffer.jpg\" \/>\n\t<meta property=\"og:image:width\" content=\"1000\" \/>\n\t<meta property=\"og:image:height\" content=\"1000\" \/>\n\t<meta property=\"og:image:type\" content=\"image\/jpeg\" \/>\n<meta name=\"twitter:card\" content=\"summary_large_image\" \/>\n<meta name=\"twitter:label1\" content=\"Becs\u00fclt olvas\u00e1si id\u0151\" \/>\n\t<meta name=\"twitter:data1\" content=\"1 perc\" \/>\n<script type=\"application\/ld+json\" class=\"yoast-schema-graph\">{\"@context\":\"https:\\\/\\\/schema.org\",\"@graph\":[{\"@type\":[\"WebPage\",\"ItemPage\"],\"@id\":\"https:\\\/\\\/magnetarmagnets.com\\\/hu\\\/shop\\\/magneshorgaszati-tok\\\/\",\"url\":\"https:\\\/\\\/magnetarmagnets.com\\\/hu\\\/shop\\\/magneshorgaszati-tok\\\/\",\"name\":\"M\u00e1gneshorg\u00e1szati tok - Magnet fishing with a Magnetar fishing magnet\",\"isPartOf\":{\"@id\":\"https:\\\/\\\/magnetarmagnets.com\\\/hu\\\/#website\"},\"primaryImageOfPage\":{\"@id\":\"https:\\\/\\\/magnetarmagnets.com\\\/hu\\\/shop\\\/magneshorgaszati-tok\\\/#primaryimage\"},\"image\":{\"@id\":\"https:\\\/\\\/magnetarmagnets.com\\\/hu\\\/shop\\\/magneshorgaszati-tok\\\/#primaryimage\"},\"thumbnailUrl\":\"https:\\\/\\\/magnetarmagnets.com\\\/wp-content\\\/uploads\\\/2019\\\/07\\\/vismagneet-koffer.jpg\",\"datePublished\":\"2025-06-05T07:54:40+00:00\",\"dateModified\":\"2026-04-03T16:58:19+00:00\",\"description\":\"M\u00e1gneshorg\u00e1szati tok \u2013 t\u00e1rold \u00e9s v\u00e9dd m\u00e1gnesed a Magnetarral\",\"breadcrumb\":{\"@id\":\"https:\\\/\\\/magnetarmagnets.com\\\/hu\\\/shop\\\/magneshorgaszati-tok\\\/#breadcrumb\"},\"inLanguage\":\"hu\",\"potentialAction\":[{\"@type\":\"ReadAction\",\"target\":[\"https:\\\/\\\/magnetarmagnets.com\\\/hu\\\/shop\\\/magneshorgaszati-tok\\\/\"]}]},{\"@type\":\"ImageObject\",\"inLanguage\":\"hu\",\"@id\":\"https:\\\/\\\/magnetarmagnets.com\\\/hu\\\/shop\\\/magneshorgaszati-tok\\\/#primaryimage\",\"url\":\"https:\\\/\\\/magnetarmagnets.com\\\/wp-content\\\/uploads\\\/2019\\\/07\\\/vismagneet-koffer.jpg\",\"contentUrl\":\"https:\\\/\\\/magnetarmagnets.com\\\/wp-content\\\/uploads\\\/2019\\\/07\\\/vismagneet-koffer.jpg\",\"width\":1000,\"height\":1000,\"caption\":\"vismagneet koffer\"},{\"@type\":\"BreadcrumbList\",\"@id\":\"https:\\\/\\\/magnetarmagnets.com\\\/hu\\\/shop\\\/magneshorgaszati-tok\\\/#breadcrumb\",\"itemListElement\":[{\"@type\":\"ListItem\",\"position\":1,\"name\":\"Home\",\"item\":\"https:\\\/\\\/magnetarmagnets.com\\\/hu\\\/\"},{\"@type\":\"ListItem\",\"position\":2,\"name\":\"Webshop\",\"item\":\"https:\\\/\\\/magnetarmagnets.com\\\/webshop\\\/\"},{\"@type\":\"ListItem\",\"position\":3,\"name\":\"Felszerel\u00e9s\",\"item\":\"https:\\\/\\\/magnetarmagnets.com\\\/hu\\\/collections\\\/felszereles\\\/\"},{\"@type\":\"ListItem\",\"position\":4,\"name\":\"Merchandise\",\"item\":\"https:\\\/\\\/magnetarmagnets.com\\\/hu\\\/collections\\\/felszereles\\\/merchandise-hu\\\/\"},{\"@type\":\"ListItem\",\"position\":5,\"name\":\"M\u00e1gneshorg\u00e1szati tok\"}]},{\"@type\":\"WebSite\",\"@id\":\"https:\\\/\\\/magnetarmagnets.com\\\/hu\\\/#website\",\"url\":\"https:\\\/\\\/magnetarmagnets.com\\\/hu\\\/\",\"name\":\"Magnet fishing with a Magnetar fishing magnet\",\"description\":\"Er\u0151s m\u00e1gnesek m\u00e1gneshorg\u00e1szathoz\",\"publisher\":{\"@id\":\"https:\\\/\\\/magnetarmagnets.com\\\/hu\\\/#organization\"},\"potentialAction\":[{\"@type\":\"SearchAction\",\"target\":{\"@type\":\"EntryPoint\",\"urlTemplate\":\"https:\\\/\\\/magnetarmagnets.com\\\/hu\\\/?s={search_term_string}\"},\"query-input\":{\"@type\":\"PropertyValueSpecification\",\"valueRequired\":true,\"valueName\":\"search_term_string\"}}],\"inLanguage\":\"hu\"},{\"@type\":\"Organization\",\"@id\":\"https:\\\/\\\/magnetarmagnets.com\\\/hu\\\/#organization\",\"name\":\"Magnetar\",\"url\":\"https:\\\/\\\/magnetarmagnets.com\\\/hu\\\/\",\"logo\":{\"@type\":\"ImageObject\",\"inLanguage\":\"hu\",\"@id\":\"https:\\\/\\\/magnetarmagnets.com\\\/hu\\\/#\\\/schema\\\/logo\\\/image\\\/\",\"url\":\"https:\\\/\\\/magnetarmagnets.com\\\/wp-content\\\/uploads\\\/2025\\\/05\\\/Logo-03_PNG-Black-scaled.png\",\"contentUrl\":\"https:\\\/\\\/magnetarmagnets.com\\\/wp-content\\\/uploads\\\/2025\\\/05\\\/Logo-03_PNG-Black-scaled.png\",\"width\":2560,\"height\":1658,\"caption\":\"Magnetar\"},\"image\":{\"@id\":\"https:\\\/\\\/magnetarmagnets.com\\\/hu\\\/#\\\/schema\\\/logo\\\/image\\\/\"},\"sameAs\":[\"https:\\\/\\\/www.facebook.com\\\/fishingmagnets\\\/\",\"https:\\\/\\\/www.instagram.com\\\/magnetar_magnets\\\/\",\"https:\\\/\\\/www.linkedin.com\\\/company\\\/magnetarbv\\\/?originalSubdomain=nl\",\"https:\\\/\\\/www.youtube.com\\\/c\\\/MagnetarVismagneet\"]}]}<\/script>\n<!-- \/ Yoast SEO plugin. -->","yoast_head_json":{"title":"M\u00e1gneshorg\u00e1szati tok - Magnet fishing with a Magnetar fishing magnet","description":"M\u00e1gneshorg\u00e1szati tok \u2013 t\u00e1rold \u00e9s v\u00e9dd m\u00e1gnesed a Magnetarral","robots":{"index":"index","follow":"follow","max-snippet":"max-snippet:-1","max-image-preview":"max-image-preview:large","max-video-preview":"max-video-preview:-1"},"canonical":"https:\/\/magnetarmagnets.com\/hu\/shop\/magneshorgaszati-tok\/","og_locale":"hu_HU","og_type":"article","og_title":"M\u00e1gneshorg\u00e1szati tok - Magnet fishing with a Magnetar fishing magnet","og_description":"M\u00e1gneshorg\u00e1szati tok \u2013 t\u00e1rold \u00e9s v\u00e9dd m\u00e1gnesed a Magnetarral","og_url":"https:\/\/magnetarmagnets.com\/hu\/shop\/magneshorgaszati-tok\/","og_site_name":"Magnet fishing with a Magnetar fishing magnet","article_publisher":"https:\/\/www.facebook.com\/fishingmagnets\/","article_modified_time":"2026-04-03T16:58:19+00:00","og_image":[{"width":1000,"height":1000,"url":"https:\/\/magnetarmagnets.com\/wp-content\/uploads\/2019\/07\/vismagneet-koffer.jpg","type":"image\/jpeg"}],"twitter_card":"summary_large_image","twitter_misc":{"Becs\u00fclt olvas\u00e1si id\u0151":"1 perc"},"schema":{"@context":"https:\/\/schema.org","@graph":[{"@type":["WebPage","ItemPage"],"@id":"https:\/\/magnetarmagnets.com\/hu\/shop\/magneshorgaszati-tok\/","url":"https:\/\/magnetarmagnets.com\/hu\/shop\/magneshorgaszati-tok\/","name":"M\u00e1gneshorg\u00e1szati tok - Magnet fishing with a Magnetar fishing magnet","isPartOf":{"@id":"https:\/\/magnetarmagnets.com\/hu\/#website"},"primaryImageOfPage":{"@id":"https:\/\/magnetarmagnets.com\/hu\/shop\/magneshorgaszati-tok\/#primaryimage"},"image":{"@id":"https:\/\/magnetarmagnets.com\/hu\/shop\/magneshorgaszati-tok\/#primaryimage"},"thumbnailUrl":"https:\/\/magnetarmagnets.com\/wp-content\/uploads\/2019\/07\/vismagneet-koffer.jpg","datePublished":"2025-06-05T07:54:40+00:00","dateModified":"2026-04-03T16:58:19+00:00","description":"M\u00e1gneshorg\u00e1szati tok \u2013 t\u00e1rold \u00e9s v\u00e9dd m\u00e1gnesed a Magnetarral","breadcrumb":{"@id":"https:\/\/magnetarmagnets.com\/hu\/shop\/magneshorgaszati-tok\/#breadcrumb"},"inLanguage":"hu","potentialAction":[{"@type":"ReadAction","target":["https:\/\/magnetarmagnets.com\/hu\/shop\/magneshorgaszati-tok\/"]}]},{"@type":"ImageObject","inLanguage":"hu","@id":"https:\/\/magnetarmagnets.com\/hu\/shop\/magneshorgaszati-tok\/#primaryimage","url":"https:\/\/magnetarmagnets.com\/wp-content\/uploads\/2019\/07\/vismagneet-koffer.jpg","contentUrl":"https:\/\/magnetarmagnets.com\/wp-content\/uploads\/2019\/07\/vismagneet-koffer.jpg","width":1000,"height":1000,"caption":"vismagneet koffer"},{"@type":"BreadcrumbList","@id":"https:\/\/magnetarmagnets.com\/hu\/shop\/magneshorgaszati-tok\/#breadcrumb","itemListElement":[{"@type":"ListItem","position":1,"name":"Home","item":"https:\/\/magnetarmagnets.com\/hu\/"},{"@type":"ListItem","position":2,"name":"Webshop","item":"https:\/\/magnetarmagnets.com\/webshop\/"},{"@type":"ListItem","position":3,"name":"Felszerel\u00e9s","item":"https:\/\/magnetarmagnets.com\/hu\/collections\/felszereles\/"},{"@type":"ListItem","position":4,"name":"Merchandise","item":"https:\/\/magnetarmagnets.com\/hu\/collections\/felszereles\/merchandise-hu\/"},{"@type":"ListItem","position":5,"name":"M\u00e1gneshorg\u00e1szati tok"}]},{"@type":"WebSite","@id":"https:\/\/magnetarmagnets.com\/hu\/#website","url":"https:\/\/magnetarmagnets.com\/hu\/","name":"Magnet fishing with a Magnetar fishing magnet","description":"Er\u0151s m\u00e1gnesek m\u00e1gneshorg\u00e1szathoz","publisher":{"@id":"https:\/\/magnetarmagnets.com\/hu\/#organization"},"potentialAction":[{"@type":"SearchAction","target":{"@type":"EntryPoint","urlTemplate":"https:\/\/magnetarmagnets.com\/hu\/?s={search_term_string}"},"query-input":{"@type":"PropertyValueSpecification","valueRequired":true,"valueName":"search_term_string"}}],"inLanguage":"hu"},{"@type":"Organization","@id":"https:\/\/magnetarmagnets.com\/hu\/#organization","name":"Magnetar","url":"https:\/\/magnetarmagnets.com\/hu\/","logo":{"@type":"ImageObject","inLanguage":"hu","@id":"https:\/\/magnetarmagnets.com\/hu\/#\/schema\/logo\/image\/","url":"https:\/\/magnetarmagnets.com\/wp-content\/uploads\/2025\/05\/Logo-03_PNG-Black-scaled.png","contentUrl":"https:\/\/magnetarmagnets.com\/wp-content\/uploads\/2025\/05\/Logo-03_PNG-Black-scaled.png","width":2560,"height":1658,"caption":"Magnetar"},"image":{"@id":"https:\/\/magnetarmagnets.com\/hu\/#\/schema\/logo\/image\/"},"sameAs":["https:\/\/www.facebook.com\/fishingmagnets\/","https:\/\/www.instagram.com\/magnetar_magnets\/","https:\/\/www.linkedin.com\/company\/magnetarbv\/?originalSubdomain=nl","https:\/\/www.youtube.com\/c\/MagnetarVismagneet"]}]}},"_links":{"self":[{"href":"https:\/\/magnetarmagnets.com\/hu\/wp-json\/wp\/v2\/product\/82572","targetHints":{"allow":["GET"]}}],"collection":[{"href":"https:\/\/magnetarmagnets.com\/hu\/wp-json\/wp\/v2\/product"}],"about":[{"href":"https:\/\/magnetarmagnets.com\/hu\/wp-json\/wp\/v2\/types\/product"}],"replies":[{"embeddable":true,"href":"https:\/\/magnetarmagnets.com\/hu\/wp-json\/wp\/v2\/comments?post=82572"}],"version-history":[{"count":0,"href":"https:\/\/magnetarmagnets.com\/hu\/wp-json\/wp\/v2\/product\/82572\/revisions"}],"wp:featuredmedia":[{"embeddable":true,"href":"https:\/\/magnetarmagnets.com\/hu\/wp-json\/wp\/v2\/media\/70399"}],"wp:attachment":[{"href":"https:\/\/magnetarmagnets.com\/hu\/wp-json\/wp\/v2\/media?parent=82572"}],"wp:term":[{"taxonomy":"product_brand","embeddable":true,"href":"https:\/\/magnetarmagnets.com\/hu\/wp-json\/wp\/v2\/product_brand?post=82572"},{"taxonomy":"product_cat","embeddable":true,"href":"https:\/\/magnetarmagnets.com\/hu\/wp-json\/wp\/v2\/product_cat?post=82572"},{"taxonomy":"product_tag","embeddable":true,"href":"https:\/\/magnetarmagnets.com\/hu\/wp-json\/wp\/v2\/product_tag?post=82572"}],"curies":[{"name":"wp","href":"https:\/\/api.w.org\/{rel}","templated":true}]}}