{"id":82569,"date":"2025-06-05T09:54:41","date_gmt":"2025-06-05T07:54:41","guid":{"rendered":"https:\/\/magnetarmagnets.com\/?post_type=product&#038;p=82569"},"modified":"2026-04-07T18:38:15","modified_gmt":"2026-04-07T16:38:15","slug":"klasszikus-horgasz-magnes-200-kg-egyoldalas","status":"publish","type":"product","link":"https:\/\/magnetarmagnets.com\/hu\/shop\/klasszikus-horgasz-magnes-200-kg-egyoldalas\/","title":{"rendered":"Klasszikus horg\u00e1sz m\u00e1gnes 200 KG &#8211; egyoldalas"},"content":{"rendered":"A klasszikus 200 horg\u00e1sz m\u00e1gnes <span style=\"font-weight: 400;\">egys\u00edk\u00fa neod\u00edmium horg\u00e1sz m\u00e1gnes, maxim\u00e1lis h\u00faz\u00f3ereje 200 kg. A klasszikus 200 horg\u00e1sz m\u00e1gnes aj\u00e1nlott a m\u00e1gnes horg\u00e1szat kezd\u0151knek \u00e9s mindazoknak, akik szeretn\u00e9k kipr\u00f3b\u00e1lni, hogy ez lehet-e az \u00faj hobbijuk. Ha szak\u00e9rt\u0151v\u00e9 szeretn\u00e9l v\u00e1lni a m\u00e1gneshorg\u00e1szat ter\u00e9n, er\u0151sebb m\u00e1gnest javaslunk, p\u00e9ld\u00e1ul valamelyik exkluz\u00edv term\u00e9k\u00fcnk k\u00f6z\u00fcl.<\/span>\n\n<h2><strong>Classic 200 horg\u00e1sz m\u00e1gnes 200kg \/ 440lb<\/strong><\/h2>\n\n<span style=\"font-weight: 400;\">Aj\u00e1nd\u00e9k\u00f6tletet keresel a gyerekednek? Vagy te magad szeretn\u00e9l elkezdeni a m\u00e1gneshorg\u00e1szatot? Akkor n\u00e9zd meg a Classic 200-at! A Magnetar Classic 200 egy neod\u00edmium m\u00e1gnes, amely ak\u00e1r 200 kilogramm h\u00faz\u00f3er\u0151t biztos\u00edt. Ez az egyik k\u00f6nnyebb horg\u00e1sz m\u00e1gnes a k\u00edn\u00e1latunkban. Kifejezetten kezd\u0151k sz\u00e1m\u00e1ra alkalmas, akik kisebb t\u00e1rgyak gy\u0171jt\u00e9s\u00e9vel szeretn\u00e9nek foglalkozni.<\/span>\n\n<span style=\"font-weight: 400;\">A m\u00e1gnes als\u00f3 oldala teljes m\u00e9rt\u00e9kben m\u00e1gneses, \u00e9s f\u00e9m burkolattal rendelkezik. A burkolat megv\u00e9di az \u00fct\u00e9s vagy es\u00e9s okozta s\u00e9r\u00fcl\u00e9sekt\u0151l. A m\u00e1gneshorg\u00e1szati tan\u00e1csunk az, hogy legal\u00e1bb 200 kg h\u00faz\u00f3er\u0151vel horg\u00e1ssz. A 200 kg soknak t\u0171nik, de a teljes er\u0151t csak t\u00f6k\u00e9letes k\u00f6r\u00fclm\u00e9nyek k\u00f6z\u00f6tt \u00e9ri el. Ezek a k\u00f6vetkez\u0151k: s\u00edk f\u00e9mfel\u00fclet 2 cm vastags\u00e1gban, rozsdamentes \u00e9s tiszta fel\u00fclet a m\u00e1gnes \u00e9s a f\u00e9m k\u00f6z\u00f6tt. Ilyen k\u00f6r\u00fclm\u00e9nyek k\u00f6z\u00f6tt 200 kg-ot tudsz f\u00fcgg\u0151legesen kih\u00fazni.<\/span><span style=\"font-weight: 400;\">A 200 kg h\u00faz\u00f3er\u0151 a minimum, amire sz\u00fcks\u00e9ged van nagyobb t\u00e1rgyak v\u00edzb\u0151l val\u00f3 kih\u00faz\u00e1s\u00e1hoz. Megfizethet\u0151, sokoldal\u00fa m\u00e1gnest keresel? N\u00e9zd meg exkluz\u00edv <a href=\"https:\/\/magnetarmagnets.com\/shop\/easy-magnet\">easy fishing magnet<\/a> term\u00e9k\u00fcnket itt.<\/span>","protected":false},"excerpt":{"rendered":"<p><span style=\"font-weight: 400;\">Az igazi klasszikus, a <strong>\u00fct\u00e9s\u00e1ll\u00f3<\/strong> \u00e9s <strong>biztons\u00e1gos<\/strong> horg\u00e1sz m\u00e1gnes. Most r\u00e1ad\u00e1sul m\u00e9g <strong>megfizethet\u0151bb<\/strong>!<\/span><\/p>\n","protected":false},"featured_media":74145,"comment_status":"open","ping_status":"closed","template":"","meta":{"_acf_changed":false,"inline_featured_image":false},"product_brand":[],"product_cat":[531,528,541,1005],"product_tag":[],"class_list":{"0":"post-82569","1":"product","2":"type-product","3":"status-publish","4":"has-post-thumbnail","6":"product_cat-egyoldalas-horgasz-magnesek","7":"product_cat-horgasz-magnesek","8":"product_cat-kezdok-es-gyerekek","9":"product_cat-osszes-termek","11":"first","12":"instock","13":"taxable","14":"shipping-taxable","15":"purchasable","16":"product-type-simple"},"acf":[],"yoast_head":"<!-- This site is optimized with the Yoast SEO plugin v27.3 - https:\/\/yoast.com\/product\/yoast-seo-wordpress\/ -->\n<title>Klasszikus horg\u00e1sz m\u00e1gnes 200 KG - egyoldalas - Magnet fishing with a Magnetar fishing magnet<\/title>\n<meta name=\"description\" content=\"Classic Fishing Magnet 200 kg - Magnetar\" \/>\n<meta name=\"robots\" content=\"index, follow, max-snippet:-1, max-image-preview:large, max-video-preview:-1\" \/>\n<link rel=\"canonical\" href=\"https:\/\/magnetarmagnets.com\/hu\/shop\/klasszikus-horgasz-magnes-200-kg-egyoldalas\/\" \/>\n<meta property=\"og:locale\" content=\"hu_HU\" \/>\n<meta property=\"og:type\" content=\"article\" \/>\n<meta property=\"og:title\" content=\"Klasszikus horg\u00e1sz m\u00e1gnes 200 KG - egyoldalas - Magnet fishing with a Magnetar fishing magnet\" \/>\n<meta property=\"og:description\" content=\"Classic Fishing Magnet 200 kg - Magnetar\" \/>\n<meta property=\"og:url\" content=\"https:\/\/magnetarmagnets.com\/hu\/shop\/klasszikus-horgasz-magnes-200-kg-egyoldalas\/\" \/>\n<meta property=\"og:site_name\" content=\"Magnet fishing with a Magnetar fishing magnet\" \/>\n<meta property=\"article:publisher\" content=\"https:\/\/www.facebook.com\/fishingmagnets\/\" \/>\n<meta property=\"article:modified_time\" content=\"2026-04-07T16:38:15+00:00\" \/>\n<meta property=\"og:image\" content=\"https:\/\/magnetarmagnets.com\/wp-content\/uploads\/2020\/05\/hoofdafbeelding-classic-200.jpg\" \/>\n\t<meta property=\"og:image:width\" content=\"1000\" \/>\n\t<meta property=\"og:image:height\" content=\"1000\" \/>\n\t<meta property=\"og:image:type\" content=\"image\/jpeg\" \/>\n<meta name=\"twitter:card\" content=\"summary_large_image\" \/>\n<meta name=\"twitter:label1\" content=\"Becs\u00fclt olvas\u00e1si id\u0151\" \/>\n\t<meta name=\"twitter:data1\" content=\"3 perc\" \/>\n<script type=\"application\/ld+json\" class=\"yoast-schema-graph\">{\"@context\":\"https:\\\/\\\/schema.org\",\"@graph\":[{\"@type\":[\"WebPage\",\"ItemPage\"],\"@id\":\"https:\\\/\\\/magnetarmagnets.com\\\/hu\\\/shop\\\/klasszikus-horgasz-magnes-200-kg-egyoldalas\\\/\",\"url\":\"https:\\\/\\\/magnetarmagnets.com\\\/hu\\\/shop\\\/klasszikus-horgasz-magnes-200-kg-egyoldalas\\\/\",\"name\":\"Klasszikus horg\u00e1sz m\u00e1gnes 200 KG - egyoldalas - Magnet fishing with a Magnetar fishing magnet\",\"isPartOf\":{\"@id\":\"https:\\\/\\\/magnetarmagnets.com\\\/hu\\\/#website\"},\"primaryImageOfPage\":{\"@id\":\"https:\\\/\\\/magnetarmagnets.com\\\/hu\\\/shop\\\/klasszikus-horgasz-magnes-200-kg-egyoldalas\\\/#primaryimage\"},\"image\":{\"@id\":\"https:\\\/\\\/magnetarmagnets.com\\\/hu\\\/shop\\\/klasszikus-horgasz-magnes-200-kg-egyoldalas\\\/#primaryimage\"},\"thumbnailUrl\":\"https:\\\/\\\/magnetarmagnets.com\\\/wp-content\\\/uploads\\\/2020\\\/05\\\/hoofdafbeelding-classic-200.jpg\",\"datePublished\":\"2025-06-05T07:54:41+00:00\",\"dateModified\":\"2026-04-07T16:38:15+00:00\",\"description\":\"Classic Fishing Magnet 200 kg - Magnetar\",\"breadcrumb\":{\"@id\":\"https:\\\/\\\/magnetarmagnets.com\\\/hu\\\/shop\\\/klasszikus-horgasz-magnes-200-kg-egyoldalas\\\/#breadcrumb\"},\"inLanguage\":\"hu\",\"potentialAction\":[{\"@type\":\"ReadAction\",\"target\":[\"https:\\\/\\\/magnetarmagnets.com\\\/hu\\\/shop\\\/klasszikus-horgasz-magnes-200-kg-egyoldalas\\\/\"]}]},{\"@type\":\"ImageObject\",\"inLanguage\":\"hu\",\"@id\":\"https:\\\/\\\/magnetarmagnets.com\\\/hu\\\/shop\\\/klasszikus-horgasz-magnes-200-kg-egyoldalas\\\/#primaryimage\",\"url\":\"https:\\\/\\\/magnetarmagnets.com\\\/wp-content\\\/uploads\\\/2020\\\/05\\\/hoofdafbeelding-classic-200.jpg\",\"contentUrl\":\"https:\\\/\\\/magnetarmagnets.com\\\/wp-content\\\/uploads\\\/2020\\\/05\\\/hoofdafbeelding-classic-200.jpg\",\"width\":1000,\"height\":1000,\"caption\":\"Classic 200 fishing magnet\"},{\"@type\":\"BreadcrumbList\",\"@id\":\"https:\\\/\\\/magnetarmagnets.com\\\/hu\\\/shop\\\/klasszikus-horgasz-magnes-200-kg-egyoldalas\\\/#breadcrumb\",\"itemListElement\":[{\"@type\":\"ListItem\",\"position\":1,\"name\":\"Home\",\"item\":\"https:\\\/\\\/magnetarmagnets.com\\\/hu\\\/\"},{\"@type\":\"ListItem\",\"position\":2,\"name\":\"Webshop\",\"item\":\"https:\\\/\\\/magnetarmagnets.com\\\/webshop\\\/\"},{\"@type\":\"ListItem\",\"position\":3,\"name\":\"Horg\u00e1sz m\u00e1gnesek\",\"item\":\"https:\\\/\\\/magnetarmagnets.com\\\/hu\\\/collections\\\/horgasz-magnesek\\\/\"},{\"@type\":\"ListItem\",\"position\":4,\"name\":\"Egyoldalas horg\u00e1sz m\u00e1gnesek\",\"item\":\"https:\\\/\\\/magnetarmagnets.com\\\/hu\\\/collections\\\/horgasz-magnesek\\\/egyoldalas-horgasz-magnesek\\\/\"},{\"@type\":\"ListItem\",\"position\":5,\"name\":\"Klasszikus horg\u00e1sz m\u00e1gnes 200 KG &#8211; egyoldalas\"}]},{\"@type\":\"WebSite\",\"@id\":\"https:\\\/\\\/magnetarmagnets.com\\\/hu\\\/#website\",\"url\":\"https:\\\/\\\/magnetarmagnets.com\\\/hu\\\/\",\"name\":\"Magnet fishing with a Magnetar fishing magnet\",\"description\":\"Er\u0151s m\u00e1gnesek m\u00e1gneshorg\u00e1szathoz\",\"publisher\":{\"@id\":\"https:\\\/\\\/magnetarmagnets.com\\\/hu\\\/#organization\"},\"potentialAction\":[{\"@type\":\"SearchAction\",\"target\":{\"@type\":\"EntryPoint\",\"urlTemplate\":\"https:\\\/\\\/magnetarmagnets.com\\\/hu\\\/?s={search_term_string}\"},\"query-input\":{\"@type\":\"PropertyValueSpecification\",\"valueRequired\":true,\"valueName\":\"search_term_string\"}}],\"inLanguage\":\"hu\"},{\"@type\":\"Organization\",\"@id\":\"https:\\\/\\\/magnetarmagnets.com\\\/hu\\\/#organization\",\"name\":\"Magnetar\",\"url\":\"https:\\\/\\\/magnetarmagnets.com\\\/hu\\\/\",\"logo\":{\"@type\":\"ImageObject\",\"inLanguage\":\"hu\",\"@id\":\"https:\\\/\\\/magnetarmagnets.com\\\/hu\\\/#\\\/schema\\\/logo\\\/image\\\/\",\"url\":\"https:\\\/\\\/magnetarmagnets.com\\\/wp-content\\\/uploads\\\/2025\\\/05\\\/Logo-03_PNG-Black-scaled.png\",\"contentUrl\":\"https:\\\/\\\/magnetarmagnets.com\\\/wp-content\\\/uploads\\\/2025\\\/05\\\/Logo-03_PNG-Black-scaled.png\",\"width\":2560,\"height\":1658,\"caption\":\"Magnetar\"},\"image\":{\"@id\":\"https:\\\/\\\/magnetarmagnets.com\\\/hu\\\/#\\\/schema\\\/logo\\\/image\\\/\"},\"sameAs\":[\"https:\\\/\\\/www.facebook.com\\\/fishingmagnets\\\/\",\"https:\\\/\\\/www.instagram.com\\\/magnetar_magnets\\\/\",\"https:\\\/\\\/www.linkedin.com\\\/company\\\/magnetarbv\\\/?originalSubdomain=nl\",\"https:\\\/\\\/www.youtube.com\\\/c\\\/MagnetarVismagneet\"]}]}<\/script>\n<!-- \/ Yoast SEO plugin. -->","yoast_head_json":{"title":"Klasszikus horg\u00e1sz m\u00e1gnes 200 KG - egyoldalas - Magnet fishing with a Magnetar fishing magnet","description":"Classic Fishing Magnet 200 kg - Magnetar","robots":{"index":"index","follow":"follow","max-snippet":"max-snippet:-1","max-image-preview":"max-image-preview:large","max-video-preview":"max-video-preview:-1"},"canonical":"https:\/\/magnetarmagnets.com\/hu\/shop\/klasszikus-horgasz-magnes-200-kg-egyoldalas\/","og_locale":"hu_HU","og_type":"article","og_title":"Klasszikus horg\u00e1sz m\u00e1gnes 200 KG - egyoldalas - Magnet fishing with a Magnetar fishing magnet","og_description":"Classic Fishing Magnet 200 kg - Magnetar","og_url":"https:\/\/magnetarmagnets.com\/hu\/shop\/klasszikus-horgasz-magnes-200-kg-egyoldalas\/","og_site_name":"Magnet fishing with a Magnetar fishing magnet","article_publisher":"https:\/\/www.facebook.com\/fishingmagnets\/","article_modified_time":"2026-04-07T16:38:15+00:00","og_image":[{"width":1000,"height":1000,"url":"https:\/\/magnetarmagnets.com\/wp-content\/uploads\/2020\/05\/hoofdafbeelding-classic-200.jpg","type":"image\/jpeg"}],"twitter_card":"summary_large_image","twitter_misc":{"Becs\u00fclt olvas\u00e1si id\u0151":"3 perc"},"schema":{"@context":"https:\/\/schema.org","@graph":[{"@type":["WebPage","ItemPage"],"@id":"https:\/\/magnetarmagnets.com\/hu\/shop\/klasszikus-horgasz-magnes-200-kg-egyoldalas\/","url":"https:\/\/magnetarmagnets.com\/hu\/shop\/klasszikus-horgasz-magnes-200-kg-egyoldalas\/","name":"Klasszikus horg\u00e1sz m\u00e1gnes 200 KG - egyoldalas - Magnet fishing with a Magnetar fishing magnet","isPartOf":{"@id":"https:\/\/magnetarmagnets.com\/hu\/#website"},"primaryImageOfPage":{"@id":"https:\/\/magnetarmagnets.com\/hu\/shop\/klasszikus-horgasz-magnes-200-kg-egyoldalas\/#primaryimage"},"image":{"@id":"https:\/\/magnetarmagnets.com\/hu\/shop\/klasszikus-horgasz-magnes-200-kg-egyoldalas\/#primaryimage"},"thumbnailUrl":"https:\/\/magnetarmagnets.com\/wp-content\/uploads\/2020\/05\/hoofdafbeelding-classic-200.jpg","datePublished":"2025-06-05T07:54:41+00:00","dateModified":"2026-04-07T16:38:15+00:00","description":"Classic Fishing Magnet 200 kg - Magnetar","breadcrumb":{"@id":"https:\/\/magnetarmagnets.com\/hu\/shop\/klasszikus-horgasz-magnes-200-kg-egyoldalas\/#breadcrumb"},"inLanguage":"hu","potentialAction":[{"@type":"ReadAction","target":["https:\/\/magnetarmagnets.com\/hu\/shop\/klasszikus-horgasz-magnes-200-kg-egyoldalas\/"]}]},{"@type":"ImageObject","inLanguage":"hu","@id":"https:\/\/magnetarmagnets.com\/hu\/shop\/klasszikus-horgasz-magnes-200-kg-egyoldalas\/#primaryimage","url":"https:\/\/magnetarmagnets.com\/wp-content\/uploads\/2020\/05\/hoofdafbeelding-classic-200.jpg","contentUrl":"https:\/\/magnetarmagnets.com\/wp-content\/uploads\/2020\/05\/hoofdafbeelding-classic-200.jpg","width":1000,"height":1000,"caption":"Classic 200 fishing magnet"},{"@type":"BreadcrumbList","@id":"https:\/\/magnetarmagnets.com\/hu\/shop\/klasszikus-horgasz-magnes-200-kg-egyoldalas\/#breadcrumb","itemListElement":[{"@type":"ListItem","position":1,"name":"Home","item":"https:\/\/magnetarmagnets.com\/hu\/"},{"@type":"ListItem","position":2,"name":"Webshop","item":"https:\/\/magnetarmagnets.com\/webshop\/"},{"@type":"ListItem","position":3,"name":"Horg\u00e1sz m\u00e1gnesek","item":"https:\/\/magnetarmagnets.com\/hu\/collections\/horgasz-magnesek\/"},{"@type":"ListItem","position":4,"name":"Egyoldalas horg\u00e1sz m\u00e1gnesek","item":"https:\/\/magnetarmagnets.com\/hu\/collections\/horgasz-magnesek\/egyoldalas-horgasz-magnesek\/"},{"@type":"ListItem","position":5,"name":"Klasszikus horg\u00e1sz m\u00e1gnes 200 KG &#8211; egyoldalas"}]},{"@type":"WebSite","@id":"https:\/\/magnetarmagnets.com\/hu\/#website","url":"https:\/\/magnetarmagnets.com\/hu\/","name":"Magnet fishing with a Magnetar fishing magnet","description":"Er\u0151s m\u00e1gnesek m\u00e1gneshorg\u00e1szathoz","publisher":{"@id":"https:\/\/magnetarmagnets.com\/hu\/#organization"},"potentialAction":[{"@type":"SearchAction","target":{"@type":"EntryPoint","urlTemplate":"https:\/\/magnetarmagnets.com\/hu\/?s={search_term_string}"},"query-input":{"@type":"PropertyValueSpecification","valueRequired":true,"valueName":"search_term_string"}}],"inLanguage":"hu"},{"@type":"Organization","@id":"https:\/\/magnetarmagnets.com\/hu\/#organization","name":"Magnetar","url":"https:\/\/magnetarmagnets.com\/hu\/","logo":{"@type":"ImageObject","inLanguage":"hu","@id":"https:\/\/magnetarmagnets.com\/hu\/#\/schema\/logo\/image\/","url":"https:\/\/magnetarmagnets.com\/wp-content\/uploads\/2025\/05\/Logo-03_PNG-Black-scaled.png","contentUrl":"https:\/\/magnetarmagnets.com\/wp-content\/uploads\/2025\/05\/Logo-03_PNG-Black-scaled.png","width":2560,"height":1658,"caption":"Magnetar"},"image":{"@id":"https:\/\/magnetarmagnets.com\/hu\/#\/schema\/logo\/image\/"},"sameAs":["https:\/\/www.facebook.com\/fishingmagnets\/","https:\/\/www.instagram.com\/magnetar_magnets\/","https:\/\/www.linkedin.com\/company\/magnetarbv\/?originalSubdomain=nl","https:\/\/www.youtube.com\/c\/MagnetarVismagneet"]}]}},"_links":{"self":[{"href":"https:\/\/magnetarmagnets.com\/hu\/wp-json\/wp\/v2\/product\/82569","targetHints":{"allow":["GET"]}}],"collection":[{"href":"https:\/\/magnetarmagnets.com\/hu\/wp-json\/wp\/v2\/product"}],"about":[{"href":"https:\/\/magnetarmagnets.com\/hu\/wp-json\/wp\/v2\/types\/product"}],"replies":[{"embeddable":true,"href":"https:\/\/magnetarmagnets.com\/hu\/wp-json\/wp\/v2\/comments?post=82569"}],"version-history":[{"count":0,"href":"https:\/\/magnetarmagnets.com\/hu\/wp-json\/wp\/v2\/product\/82569\/revisions"}],"wp:featuredmedia":[{"embeddable":true,"href":"https:\/\/magnetarmagnets.com\/hu\/wp-json\/wp\/v2\/media\/74145"}],"wp:attachment":[{"href":"https:\/\/magnetarmagnets.com\/hu\/wp-json\/wp\/v2\/media?parent=82569"}],"wp:term":[{"taxonomy":"product_brand","embeddable":true,"href":"https:\/\/magnetarmagnets.com\/hu\/wp-json\/wp\/v2\/product_brand?post=82569"},{"taxonomy":"product_cat","embeddable":true,"href":"https:\/\/magnetarmagnets.com\/hu\/wp-json\/wp\/v2\/product_cat?post=82569"},{"taxonomy":"product_tag","embeddable":true,"href":"https:\/\/magnetarmagnets.com\/hu\/wp-json\/wp\/v2\/product_tag?post=82569"}],"curies":[{"name":"wp","href":"https:\/\/api.w.org\/{rel}","templated":true}]}}