{"id":82568,"date":"2025-06-05T09:54:41","date_gmt":"2025-06-05T07:54:41","guid":{"rendered":"https:\/\/magnetarmagnets.com\/?post_type=product&#038;p=82568"},"modified":"2026-04-04T21:48:08","modified_gmt":"2026-04-04T19:48:08","slug":"classic-horgasz-magnes-400kg-egyoldalas","status":"publish","type":"product","link":"https:\/\/magnetarmagnets.com\/hu\/shop\/classic-horgasz-magnes-400kg-egyoldalas\/","title":{"rendered":"Classic horg\u00e1sz m\u00e1gnes \u2013 400KG \u2013 egyoldalas"},"content":{"rendered":"A Classic 400 horg\u00e1sz m\u00e1gnes egyoldalas neod\u00edmium m\u00e1gnes, maxim\u00e1lis h\u00faz\u00f3ereje 400\u2009KG.<span style=\"font-weight: 400;\"> A Classic 400 horg\u00e1sz m\u00e1gnes aj\u00e1nlott azoknak a kezd\u0151knek, akik teljes felszerel\u00e9ssel szeretn\u00e9k elkezdeni a m\u00e1gnes horg\u00e1szatot, illetve a halad\u00f3 m\u00e1gneshorg\u00e1szoknak, akik er\u0151s \u00e9s v\u00e9dett m\u00e1gnest keresnek. Az extra vastag m\u00e1gnest tart\u00f3s f\u00e9mh\u00e1z veszi k\u00f6r\u00fcl, ami biztos\u00edtja, hogy a m\u00e1gnes als\u00f3 r\u00e9sz\u00e9n hatalmas h\u00faz\u00f3er\u0151 \u00e9rhet\u0151 el. Ez a m\u00e1gnes az egyoldalas m\u00e1gnesek term\u00e9kk\u00edn\u00e1lat\u00e1nak egyik leger\u0151sebb darabja.<\/span>\n\nNe felejtsd el megn\u00e9zni <a href=\"https:\/\/magnetarmagnets.com\/magnet-fishing-kit\/\">m\u00e1gneshorg\u00e1sz szetteinket<\/a> \u00e9s <a href=\"https:\/\/magnetarmagnets.com\/accessories\/\">m\u00e1gneshorg\u00e1szat kieg\u00e9sz\u00edt\u0151inket<\/a>.\n\n<h2><span style=\"font-weight: 400;\"><strong style=\"font-size: 24px;\">Er\u0151teljes, egyoldalas horg\u00e1sz m\u00e1gnes \u2013 400KG<\/strong><\/span><\/h2>\n\nA Classic 400 a Magnetar leger\u0151sebb egyoldalas horg\u00e1sz m\u00e1gnesei k\u00f6z\u00e9 tartozik. Ez a kiv\u00e1l\u00f3 term\u00e9k massz\u00edv burkolat\u00e1nak k\u00f6sz\u00f6nhet\u0151en \u00fct\u00e9s- \u00e9s s\u00e9r\u00fcl\u00e9s\u00e1ll\u00f3. Mivel a m\u00e1gnes egyoldalas, a m\u00e1gneses er\u0151 csak a m\u00e1gnes als\u00f3 fel\u00e9n koncentr\u00e1l\u00f3dik, \u00edgy rendk\u00edv\u00fcl er\u0151s. Ez a nagy er\u0151 n\u00e9ha neh\u00e9zs\u00e9get okozhat a t\u00e1rgyak leszak\u00edt\u00e1s\u00e1n\u00e1l. Ugyanakkor neh\u00e9z, s\u00edk fel\u00fclet\u0171 t\u00e1rgyak, p\u00e9ld\u00e1ul sz\u00e9fek, aut\u00f3alkatr\u00e9szek \u00e9s ac\u00e9lgerend\u00e1k v\u00edzb\u0151l t\u00f6rt\u00e9n\u0151 kiemel\u00e9se gyerekj\u00e1t\u00e9k ezzel a m\u00e1gnessel. Emellett kisebb t\u00f6rt\u00e9nelmi leletek kezel\u00e9s\u00e9re is t\u00f6k\u00e9letes.\n\nA Classic Fish Magnet 400 kg \u00e1ltal\u00e1ban 8 mm-es vagy 10 mm-es k\u00f6t\u00e9llel haszn\u00e1latos. Szeretn\u00e9l m\u00e9lyebb vizeket \u00e9s iszapos aljzattal rendelkez\u0151 ter\u00fcleteket felfedezni? Ilyenkor a m\u00e1gneshorg\u00e1sz szett\u00fcnk r\u00e9szek\u00e9nt el\u00e9rhet\u0151, ak\u00e1r h\u00e1rom m\u00e9terig ny\u00fal\u00f3 m\u00e1gneshorg\u00e1sz szond\u00e1val is haszn\u00e1lhatod a m\u00e1gnes horg\u00e1szat lehet\u0151s\u00e9geinek b\u0151v\u00edt\u00e9s\u00e9re.\n\nHa olyan horg\u00e1sz m\u00e1gnesre v\u00e1gysz, amely minden oldal\u00e1n egyenletes m\u00e1gneses er\u0151t biztos\u00edt \u00e9s hasonl\u00f3 h\u00faz\u00f3er\u0151vel rendelkezik, n\u00e9zd meg 360\u00b0-os, k\u00f6rk\u00f6r\u00f6sen hat\u00f3 horg\u00e1sz m\u00e1gnes k\u00edn\u00e1latunkat: az <a href=\"https:\/\/magnetarmagnets.com\/shop\/easy-magnet\">Easy<\/a>, <a href=\"https:\/\/magnetarmagnets.com\/shop\/hardcore-magnet-2\/?v=796834e7a283\">Hardcore<\/a> \u00e9s <a href=\"https:\/\/magnetarmagnets.com\/shop\/exclusive-terror-magnet\/?v=796834e7a283\">Terror<\/a> modelleket.\n\n<h2>Ez nem t\u00fal nagy h\u00faz\u00f3er\u0151?<\/h2>\n\n<span style=\"font-weight: 400;\">Ne agg\u00f3dj! Az \u00edg\u00e9rt 400KG csak t\u00f6k\u00e9letes k\u00f6r\u00fclm\u00e9nyek eset\u00e9n \u00e9rhet\u0151 el, amelyek: 2 cm vastag, s\u00edk f\u00e9m, nincs rajta rozsda \u00e9s semmi sem v\u00e1lasztja el a m\u00e1gnest a f\u00e9mt\u0151l. Kicsi az es\u00e9lye, hogy a v\u00edzben teljesen tiszta f\u00e9mlemezzel tal\u00e1lkozol. A legt\u00f6bbsz\u00f6r rozsd\u00e1s a vasleletek fel\u00fclete.<\/span>\n\n<h2><b>Magas min\u0151s\u00e9g<\/b><\/h2>\n\nM\u00e1gneshorg\u00e1sz m\u00e1gnes\u00fcnk neod\u00edmiumb\u00f3l k\u00e9sz\u00fclnek. A Magnetar m\u00e1gnesek m\u00e1gneses h\u00faz\u00f3erej\u00fcket \u00e9vtizedekig meg\u0151rzik, mind\u00f6ssze 100 \u00e9vente 1% vesztes\u00e9ggel (megfelel\u0151 t\u00e1rol\u00e1s, gondoz\u00e1s \u00e9s v\u00e9delem mellett). Ez\u00e9rt \u00e1ruljuk a <a href=\"https:\/\/magnetarmagnets.com\/\" target=\"_blank\" rel=\"noopener\">piac egyik legjobb horg\u00e1sz m\u00e1gnese<\/a>.\n\nA legt\u00f6bb m\u00e1s m\u00e1gnesforgalmaz\u00f3 m\u00e1r n\u00e9h\u00e1ny h\u00e9t ut\u00e1n h\u00faz\u00f3er\u0151-cs\u00f6kken\u00e9st mutat. Az elm\u00falt \u00e9vekben egyre t\u00f6bb sil\u00e1ny min\u0151s\u00e9g\u0171 m\u00e1gnes jelent meg a piacon: nagyobb m\u00e9ret alacsonyabb h\u00faz\u00f3er\u0151vel, gyenge min\u0151s\u00e9g\u0171 neod\u00edmium, f\u00e9lrevezet\u0151 rekl\u00e1mok. Ha ilyen m\u00e1gneseket v\u00e1s\u00e1rolsz alacsonyabb \u00e1ron vagy nagyobb c\u00e9gekt\u0151l, csal\u00f3d\u00e1s lehet az eredm\u00e9ny, m\u00e9g ha kisebb \u00f6sszeget is sp\u00f3rolsz.\n\nA Magnetar kis, csal\u00e1di v\u00e1llalkoz\u00e1s, ahol mindent a min\u0151s\u00e9gnek rendel\u00fcnk al\u00e1. Mi is m\u00e1gneshorg\u00e1szok vagyunk, \u00e9s minden m\u00e1gnes\u00fcnket csapatunk tervezi, gy\u00e1rtja \u00e9s finom\u00edtja, hogy a lehet\u0151 legnagyobb \u00e9rt\u00e9ket kapd (vagy kincseket a m\u00e1gnesedb\u0151l!). Ha megb\u00edzhat\u00f3, hat\u00e9kony \u00e9s er\u0151teljes horg\u00e1sz m\u00e1gnest keresel, j\u00f3 helyen j\u00e1rsz. \u00d6r\u00f6mmel \u00e1llunk rendelkez\u00e9sedre, <a href=\"mailto:info@magnetarmagnets.nl\">keress minket<\/a>.\n\n<h2><b>\u00d3vatos haszn\u00e1lat<\/b><\/h2>\n\nNeod\u00edmium m\u00e1gneseink rendk\u00edv\u00fcl er\u0151sek, \u00e9s nagy sebess\u00e9ggel vonzz\u00e1k a vas t\u00e1rgyakat, ha k\u00f6zel ker\u00fclnek hozz\u00e1juk. Az olyan er\u0151s m\u00e1gnesekn\u00e9l, mint a 360\u00b0-os k\u00f6rk\u00f6r\u00f6sen hat\u00f3 modellek, el\u0151fordulhat, hogy az ujjad beszorul a m\u00e1gnes \u00e9s a t\u00e1rgy k\u00f6z\u00f6tt. Kezeld \u00f3vatosan a m\u00e1gneseket, haszn\u00e1latuk saj\u00e1t felel\u0151ss\u00e9gre t\u00f6rt\u00e9nik. Mindig olvasd el biztons\u00e1gi figyelmeztet\u00e9seinket haszn\u00e1lat el\u0151tt.\n\n* A m\u00e1gnes gyerekeknek csak sz\u00fcl\u0151i fel\u00fcgyelet mellett haszn\u00e1lhat\u00f3.","protected":false},"excerpt":{"rendered":"<p><span style=\"font-weight: 400;\">Ez a <strong>er\u0151teljes, v\u00e9dett horg\u00e1sz m\u00e1gnes<\/strong> pontosan azt ny\u00fajtja, amit \u00edg\u00e9r. A legnehezebb t\u00e1rgyakat is <strong>rendk\u00edv\u00fcli h\u00faz\u00f3er\u0151vel<\/strong> emeli ki a m\u00e1gnes als\u00f3 r\u00e9sz\u00e9n. Ezt a m\u00e1gnest <strong>a kezd\u0151k \u00e9s a tapasztalt m\u00e1gneshorg\u00e1szok egyar\u00e1nt kedvelik<\/strong>.<\/span><\/p>\n","protected":false},"featured_media":70327,"comment_status":"open","ping_status":"closed","template":"","meta":{"_acf_changed":false,"inline_featured_image":false},"product_brand":[],"product_cat":[531,542,528],"product_tag":[],"class_list":{"0":"post-82568","1":"product","2":"type-product","3":"status-publish","4":"has-post-thumbnail","6":"product_cat-egyoldalas-horgasz-magnesek","7":"product_cat-halado-kalandorok","8":"product_cat-horgasz-magnesek","10":"first","11":"instock","12":"sale","13":"taxable","14":"shipping-taxable","15":"purchasable","16":"product-type-simple"},"acf":[],"yoast_head":"<!-- This site is optimized with the Yoast SEO plugin v27.4 - https:\/\/yoast.com\/product\/yoast-seo-wordpress\/ -->\n<title>Classic horg\u00e1sz m\u00e1gnes \u2013 400KG \u2013 egyoldalas - Magnet fishing with a Magnetar fishing magnet<\/title>\n<meta name=\"description\" content=\"Egyoldalas horg\u00e1sz m\u00e1gnes \u2013 400KG \u2013 Magnetar\" \/>\n<meta name=\"robots\" content=\"index, follow, max-snippet:-1, max-image-preview:large, max-video-preview:-1\" \/>\n<link rel=\"canonical\" href=\"https:\/\/magnetarmagnets.com\/hu\/shop\/classic-horgasz-magnes-400kg-egyoldalas\/\" \/>\n<meta property=\"og:locale\" content=\"hu_HU\" \/>\n<meta property=\"og:type\" content=\"article\" \/>\n<meta property=\"og:title\" content=\"Classic horg\u00e1sz m\u00e1gnes \u2013 400KG \u2013 egyoldalas - Magnet fishing with a Magnetar fishing magnet\" \/>\n<meta property=\"og:description\" content=\"Egyoldalas horg\u00e1sz m\u00e1gnes \u2013 400KG \u2013 Magnetar\" \/>\n<meta property=\"og:url\" content=\"https:\/\/magnetarmagnets.com\/hu\/shop\/classic-horgasz-magnes-400kg-egyoldalas\/\" \/>\n<meta property=\"og:site_name\" content=\"Magnet fishing with a Magnetar fishing magnet\" \/>\n<meta property=\"article:publisher\" content=\"https:\/\/www.facebook.com\/fishingmagnets\/\" \/>\n<meta property=\"article:modified_time\" content=\"2026-04-04T19:48:08+00:00\" \/>\n<meta property=\"og:image\" content=\"https:\/\/magnetarmagnets.com\/wp-content\/uploads\/2017\/07\/vismagneet-350-met-gereedschap.png\" \/>\n\t<meta property=\"og:image:width\" content=\"1000\" \/>\n\t<meta property=\"og:image:height\" content=\"1000\" \/>\n\t<meta property=\"og:image:type\" content=\"image\/png\" \/>\n<meta name=\"twitter:card\" content=\"summary_large_image\" \/>\n<meta name=\"twitter:label1\" content=\"Becs\u00fclt olvas\u00e1si id\u0151\" \/>\n\t<meta name=\"twitter:data1\" content=\"3 perc\" \/>\n<script type=\"application\/ld+json\" class=\"yoast-schema-graph\">{\"@context\":\"https:\\\/\\\/schema.org\",\"@graph\":[{\"@type\":[\"WebPage\",\"ItemPage\"],\"@id\":\"https:\\\/\\\/magnetarmagnets.com\\\/hu\\\/shop\\\/classic-horgasz-magnes-400kg-egyoldalas\\\/\",\"url\":\"https:\\\/\\\/magnetarmagnets.com\\\/hu\\\/shop\\\/classic-horgasz-magnes-400kg-egyoldalas\\\/\",\"name\":\"Classic horg\u00e1sz m\u00e1gnes \u2013 400KG \u2013 egyoldalas - Magnet fishing with a Magnetar fishing magnet\",\"isPartOf\":{\"@id\":\"https:\\\/\\\/magnetarmagnets.com\\\/hu\\\/#website\"},\"primaryImageOfPage\":{\"@id\":\"https:\\\/\\\/magnetarmagnets.com\\\/hu\\\/shop\\\/classic-horgasz-magnes-400kg-egyoldalas\\\/#primaryimage\"},\"image\":{\"@id\":\"https:\\\/\\\/magnetarmagnets.com\\\/hu\\\/shop\\\/classic-horgasz-magnes-400kg-egyoldalas\\\/#primaryimage\"},\"thumbnailUrl\":\"https:\\\/\\\/magnetarmagnets.com\\\/wp-content\\\/uploads\\\/2017\\\/07\\\/vismagneet-350-met-gereedschap.png\",\"datePublished\":\"2025-06-05T07:54:41+00:00\",\"dateModified\":\"2026-04-04T19:48:08+00:00\",\"description\":\"Egyoldalas horg\u00e1sz m\u00e1gnes \u2013 400KG \u2013 Magnetar\",\"breadcrumb\":{\"@id\":\"https:\\\/\\\/magnetarmagnets.com\\\/hu\\\/shop\\\/classic-horgasz-magnes-400kg-egyoldalas\\\/#breadcrumb\"},\"inLanguage\":\"hu\",\"potentialAction\":[{\"@type\":\"ReadAction\",\"target\":[\"https:\\\/\\\/magnetarmagnets.com\\\/hu\\\/shop\\\/classic-horgasz-magnes-400kg-egyoldalas\\\/\"]}]},{\"@type\":\"ImageObject\",\"inLanguage\":\"hu\",\"@id\":\"https:\\\/\\\/magnetarmagnets.com\\\/hu\\\/shop\\\/classic-horgasz-magnes-400kg-egyoldalas\\\/#primaryimage\",\"url\":\"https:\\\/\\\/magnetarmagnets.com\\\/wp-content\\\/uploads\\\/2017\\\/07\\\/vismagneet-350-met-gereedschap.png\",\"contentUrl\":\"https:\\\/\\\/magnetarmagnets.com\\\/wp-content\\\/uploads\\\/2017\\\/07\\\/vismagneet-350-met-gereedschap.png\",\"width\":1000,\"height\":1000,\"caption\":\"vismagneet 350 met gereedschap\"},{\"@type\":\"BreadcrumbList\",\"@id\":\"https:\\\/\\\/magnetarmagnets.com\\\/hu\\\/shop\\\/classic-horgasz-magnes-400kg-egyoldalas\\\/#breadcrumb\",\"itemListElement\":[{\"@type\":\"ListItem\",\"position\":1,\"name\":\"Home\",\"item\":\"https:\\\/\\\/magnetarmagnets.com\\\/hu\\\/\"},{\"@type\":\"ListItem\",\"position\":2,\"name\":\"Webshop\",\"item\":\"https:\\\/\\\/magnetarmagnets.com\\\/webshop\\\/\"},{\"@type\":\"ListItem\",\"position\":3,\"name\":\"Horg\u00e1sz m\u00e1gnesek\",\"item\":\"https:\\\/\\\/magnetarmagnets.com\\\/hu\\\/collections\\\/horgasz-magnesek\\\/\"},{\"@type\":\"ListItem\",\"position\":4,\"name\":\"Egyoldalas horg\u00e1sz m\u00e1gnesek\",\"item\":\"https:\\\/\\\/magnetarmagnets.com\\\/hu\\\/collections\\\/horgasz-magnesek\\\/egyoldalas-horgasz-magnesek\\\/\"},{\"@type\":\"ListItem\",\"position\":5,\"name\":\"Classic horg\u00e1sz m\u00e1gnes \u2013 400KG \u2013 egyoldalas\"}]},{\"@type\":\"WebSite\",\"@id\":\"https:\\\/\\\/magnetarmagnets.com\\\/hu\\\/#website\",\"url\":\"https:\\\/\\\/magnetarmagnets.com\\\/hu\\\/\",\"name\":\"Magnet fishing with a Magnetar fishing magnet\",\"description\":\"Er\u0151s m\u00e1gnesek m\u00e1gneshorg\u00e1szathoz\",\"publisher\":{\"@id\":\"https:\\\/\\\/magnetarmagnets.com\\\/hu\\\/#organization\"},\"potentialAction\":[{\"@type\":\"SearchAction\",\"target\":{\"@type\":\"EntryPoint\",\"urlTemplate\":\"https:\\\/\\\/magnetarmagnets.com\\\/hu\\\/?s={search_term_string}\"},\"query-input\":{\"@type\":\"PropertyValueSpecification\",\"valueRequired\":true,\"valueName\":\"search_term_string\"}}],\"inLanguage\":\"hu\"},{\"@type\":\"Organization\",\"@id\":\"https:\\\/\\\/magnetarmagnets.com\\\/hu\\\/#organization\",\"name\":\"Magnetar\",\"url\":\"https:\\\/\\\/magnetarmagnets.com\\\/hu\\\/\",\"logo\":{\"@type\":\"ImageObject\",\"inLanguage\":\"hu\",\"@id\":\"https:\\\/\\\/magnetarmagnets.com\\\/hu\\\/#\\\/schema\\\/logo\\\/image\\\/\",\"url\":\"https:\\\/\\\/magnetarmagnets.com\\\/wp-content\\\/uploads\\\/2025\\\/05\\\/Logo-03_PNG-Black-scaled.png\",\"contentUrl\":\"https:\\\/\\\/magnetarmagnets.com\\\/wp-content\\\/uploads\\\/2025\\\/05\\\/Logo-03_PNG-Black-scaled.png\",\"width\":2560,\"height\":1658,\"caption\":\"Magnetar\"},\"image\":{\"@id\":\"https:\\\/\\\/magnetarmagnets.com\\\/hu\\\/#\\\/schema\\\/logo\\\/image\\\/\"},\"sameAs\":[\"https:\\\/\\\/www.facebook.com\\\/fishingmagnets\\\/\",\"https:\\\/\\\/www.instagram.com\\\/magnetar_magnets\\\/\",\"https:\\\/\\\/www.linkedin.com\\\/company\\\/magnetarbv\\\/?originalSubdomain=nl\",\"https:\\\/\\\/www.youtube.com\\\/c\\\/MagnetarVismagneet\"]}]}<\/script>\n<!-- \/ Yoast SEO plugin. -->","yoast_head_json":{"title":"Classic horg\u00e1sz m\u00e1gnes \u2013 400KG \u2013 egyoldalas - Magnet fishing with a Magnetar fishing magnet","description":"Egyoldalas horg\u00e1sz m\u00e1gnes \u2013 400KG \u2013 Magnetar","robots":{"index":"index","follow":"follow","max-snippet":"max-snippet:-1","max-image-preview":"max-image-preview:large","max-video-preview":"max-video-preview:-1"},"canonical":"https:\/\/magnetarmagnets.com\/hu\/shop\/classic-horgasz-magnes-400kg-egyoldalas\/","og_locale":"hu_HU","og_type":"article","og_title":"Classic horg\u00e1sz m\u00e1gnes \u2013 400KG \u2013 egyoldalas - Magnet fishing with a Magnetar fishing magnet","og_description":"Egyoldalas horg\u00e1sz m\u00e1gnes \u2013 400KG \u2013 Magnetar","og_url":"https:\/\/magnetarmagnets.com\/hu\/shop\/classic-horgasz-magnes-400kg-egyoldalas\/","og_site_name":"Magnet fishing with a Magnetar fishing magnet","article_publisher":"https:\/\/www.facebook.com\/fishingmagnets\/","article_modified_time":"2026-04-04T19:48:08+00:00","og_image":[{"width":1000,"height":1000,"url":"https:\/\/magnetarmagnets.com\/wp-content\/uploads\/2017\/07\/vismagneet-350-met-gereedschap.png","type":"image\/png"}],"twitter_card":"summary_large_image","twitter_misc":{"Becs\u00fclt olvas\u00e1si id\u0151":"3 perc"},"schema":{"@context":"https:\/\/schema.org","@graph":[{"@type":["WebPage","ItemPage"],"@id":"https:\/\/magnetarmagnets.com\/hu\/shop\/classic-horgasz-magnes-400kg-egyoldalas\/","url":"https:\/\/magnetarmagnets.com\/hu\/shop\/classic-horgasz-magnes-400kg-egyoldalas\/","name":"Classic horg\u00e1sz m\u00e1gnes \u2013 400KG \u2013 egyoldalas - Magnet fishing with a Magnetar fishing magnet","isPartOf":{"@id":"https:\/\/magnetarmagnets.com\/hu\/#website"},"primaryImageOfPage":{"@id":"https:\/\/magnetarmagnets.com\/hu\/shop\/classic-horgasz-magnes-400kg-egyoldalas\/#primaryimage"},"image":{"@id":"https:\/\/magnetarmagnets.com\/hu\/shop\/classic-horgasz-magnes-400kg-egyoldalas\/#primaryimage"},"thumbnailUrl":"https:\/\/magnetarmagnets.com\/wp-content\/uploads\/2017\/07\/vismagneet-350-met-gereedschap.png","datePublished":"2025-06-05T07:54:41+00:00","dateModified":"2026-04-04T19:48:08+00:00","description":"Egyoldalas horg\u00e1sz m\u00e1gnes \u2013 400KG \u2013 Magnetar","breadcrumb":{"@id":"https:\/\/magnetarmagnets.com\/hu\/shop\/classic-horgasz-magnes-400kg-egyoldalas\/#breadcrumb"},"inLanguage":"hu","potentialAction":[{"@type":"ReadAction","target":["https:\/\/magnetarmagnets.com\/hu\/shop\/classic-horgasz-magnes-400kg-egyoldalas\/"]}]},{"@type":"ImageObject","inLanguage":"hu","@id":"https:\/\/magnetarmagnets.com\/hu\/shop\/classic-horgasz-magnes-400kg-egyoldalas\/#primaryimage","url":"https:\/\/magnetarmagnets.com\/wp-content\/uploads\/2017\/07\/vismagneet-350-met-gereedschap.png","contentUrl":"https:\/\/magnetarmagnets.com\/wp-content\/uploads\/2017\/07\/vismagneet-350-met-gereedschap.png","width":1000,"height":1000,"caption":"vismagneet 350 met gereedschap"},{"@type":"BreadcrumbList","@id":"https:\/\/magnetarmagnets.com\/hu\/shop\/classic-horgasz-magnes-400kg-egyoldalas\/#breadcrumb","itemListElement":[{"@type":"ListItem","position":1,"name":"Home","item":"https:\/\/magnetarmagnets.com\/hu\/"},{"@type":"ListItem","position":2,"name":"Webshop","item":"https:\/\/magnetarmagnets.com\/webshop\/"},{"@type":"ListItem","position":3,"name":"Horg\u00e1sz m\u00e1gnesek","item":"https:\/\/magnetarmagnets.com\/hu\/collections\/horgasz-magnesek\/"},{"@type":"ListItem","position":4,"name":"Egyoldalas horg\u00e1sz m\u00e1gnesek","item":"https:\/\/magnetarmagnets.com\/hu\/collections\/horgasz-magnesek\/egyoldalas-horgasz-magnesek\/"},{"@type":"ListItem","position":5,"name":"Classic horg\u00e1sz m\u00e1gnes \u2013 400KG \u2013 egyoldalas"}]},{"@type":"WebSite","@id":"https:\/\/magnetarmagnets.com\/hu\/#website","url":"https:\/\/magnetarmagnets.com\/hu\/","name":"Magnet fishing with a Magnetar fishing magnet","description":"Er\u0151s m\u00e1gnesek m\u00e1gneshorg\u00e1szathoz","publisher":{"@id":"https:\/\/magnetarmagnets.com\/hu\/#organization"},"potentialAction":[{"@type":"SearchAction","target":{"@type":"EntryPoint","urlTemplate":"https:\/\/magnetarmagnets.com\/hu\/?s={search_term_string}"},"query-input":{"@type":"PropertyValueSpecification","valueRequired":true,"valueName":"search_term_string"}}],"inLanguage":"hu"},{"@type":"Organization","@id":"https:\/\/magnetarmagnets.com\/hu\/#organization","name":"Magnetar","url":"https:\/\/magnetarmagnets.com\/hu\/","logo":{"@type":"ImageObject","inLanguage":"hu","@id":"https:\/\/magnetarmagnets.com\/hu\/#\/schema\/logo\/image\/","url":"https:\/\/magnetarmagnets.com\/wp-content\/uploads\/2025\/05\/Logo-03_PNG-Black-scaled.png","contentUrl":"https:\/\/magnetarmagnets.com\/wp-content\/uploads\/2025\/05\/Logo-03_PNG-Black-scaled.png","width":2560,"height":1658,"caption":"Magnetar"},"image":{"@id":"https:\/\/magnetarmagnets.com\/hu\/#\/schema\/logo\/image\/"},"sameAs":["https:\/\/www.facebook.com\/fishingmagnets\/","https:\/\/www.instagram.com\/magnetar_magnets\/","https:\/\/www.linkedin.com\/company\/magnetarbv\/?originalSubdomain=nl","https:\/\/www.youtube.com\/c\/MagnetarVismagneet"]}]}},"_links":{"self":[{"href":"https:\/\/magnetarmagnets.com\/hu\/wp-json\/wp\/v2\/product\/82568","targetHints":{"allow":["GET"]}}],"collection":[{"href":"https:\/\/magnetarmagnets.com\/hu\/wp-json\/wp\/v2\/product"}],"about":[{"href":"https:\/\/magnetarmagnets.com\/hu\/wp-json\/wp\/v2\/types\/product"}],"replies":[{"embeddable":true,"href":"https:\/\/magnetarmagnets.com\/hu\/wp-json\/wp\/v2\/comments?post=82568"}],"version-history":[{"count":1,"href":"https:\/\/magnetarmagnets.com\/hu\/wp-json\/wp\/v2\/product\/82568\/revisions"}],"predecessor-version":[{"id":95411,"href":"https:\/\/magnetarmagnets.com\/hu\/wp-json\/wp\/v2\/product\/82568\/revisions\/95411"}],"wp:featuredmedia":[{"embeddable":true,"href":"https:\/\/magnetarmagnets.com\/hu\/wp-json\/wp\/v2\/media\/70327"}],"wp:attachment":[{"href":"https:\/\/magnetarmagnets.com\/hu\/wp-json\/wp\/v2\/media?parent=82568"}],"wp:term":[{"taxonomy":"product_brand","embeddable":true,"href":"https:\/\/magnetarmagnets.com\/hu\/wp-json\/wp\/v2\/product_brand?post=82568"},{"taxonomy":"product_cat","embeddable":true,"href":"https:\/\/magnetarmagnets.com\/hu\/wp-json\/wp\/v2\/product_cat?post=82568"},{"taxonomy":"product_tag","embeddable":true,"href":"https:\/\/magnetarmagnets.com\/hu\/wp-json\/wp\/v2\/product_tag?post=82568"}],"curies":[{"name":"wp","href":"https:\/\/api.w.org\/{rel}","templated":true}]}}