{"id":82566,"date":"2025-06-05T09:54:40","date_gmt":"2025-06-05T07:54:40","guid":{"rendered":"https:\/\/magnetarmagnets.com\/?post_type=product&#038;p=82566"},"modified":"2026-04-03T11:46:52","modified_gmt":"2026-04-03T09:46:52","slug":"hardcore-horgasz-magnes-600-kg-360-mindeniranyu","status":"publish","type":"product","link":"https:\/\/magnetarmagnets.com\/hu\/shop\/hardcore-horgasz-magnes-600-kg-360-mindeniranyu\/","title":{"rendered":"Hardcore horg\u00e1sz m\u00e1gnes\u00ae &#8211; 600 kg &#8211; 360\u00b0 mindenir\u00e1ny\u00fa"},"content":{"rendered":"<span style=\"font-weight: 400;\">* V\u00e9dd a m\u00e1gnest horg\u00e1szat k\u00f6zben egy <\/span><a href=\"https:\/\/magnetarmagnets.com\/shop\/protection-cover-hardcore\/\" target=\"_blank\" rel=\"noopener\"><b>v\u00e9d\u0151tokkal<\/b><\/a><span style=\"font-weight: 400;\">! Tok n\u00e9lk\u00fcl kem\u00e9ny t\u00e1rgyaknak \u00fctk\u00f6zve k\u00e1rosodhat a m\u00e1gnes. A v\u00e9d\u0151tok nem tartoz\u00e9k.<\/span>\n\n<h2><b>A Hardcore neod\u00edmium horg\u00e1sz m\u00e1gnes<\/b><\/h2>\n\n<span style=\"font-weight: 400;\">Mindenir\u00e1ny\u00fa, 360\u00b0-os neod\u00edmium m\u00e1gnes\u00fcnk hatalmas h\u00faz\u00f3er\u0151vel b\u00edr! Ez a piacon kaphat\u00f3 <a href=\"https:\/\/magnetarmagnets.com\/strong-fishing-magnets\/\" target=\"_blank\" rel=\"noopener\">leger\u0151sebb horg\u00e1sz m\u00e1gnesek<\/a> egyike, r\u00e1ad\u00e1sul az \u00e1r-\u00e9rt\u00e9k ar\u00e1nya is kiv\u00e1l\u00f3. <\/span><b>5,5&#8221; \/ 14 cm-es vonz\u00f3er\u0151 a m\u00e1gnes k\u00f6r\u00fcl<\/b><span style=\"font-weight: 400;\">, amely nagyobb \u00e9s \u00e9rt\u00e9kesebb kincsek kih\u00faz\u00e1s\u00e1ra ad lehet\u0151s\u00e9get. Sok m\u00e1gneshorg\u00e1sz dics\u00e9ri a mindenir\u00e1ny\u00fa Hardcore m\u00e1gnest a hat\u00e9kony eredm\u00e9nyek miatt \u2013 n\u00e9zd meg, mit mondanak a profik a <\/span><a href=\"https:\/\/www.youtube.com\/watch?v=1izvqgYbtd8\" target=\"_blank\" rel=\"noopener\"><span style=\"font-weight: 400;\">YouTube-on<\/span><\/a><span style=\"font-weight: 400;\">! A mindenir\u00e1ny\u00fa Hardcore horg\u00e1sz m\u00e1gnes t\u00f6k\u00e9letes v\u00e1laszt\u00e1s azoknak, akik m\u00e9g nagyobb teljes h\u00faz\u00f3er\u0151t szeretn\u00e9nek.<\/span>\n\n<h2><b>K\u00e9szen \u00e1llsz a Hardcore-ra?<\/b><\/h2>\n\n<span style=\"font-weight: 400;\">V\u00e1lj Hardcore m\u00e1gneshorg\u00e1ssz\u00e1! A n\u00e9v mindent el\u00e1rul: ez a m\u00e1gnes nagyon er\u0151s! A Hardcore horg\u00e1sz m\u00e1gnes minden oldalr\u00f3l megragadja a t\u00e1rgyakat, s\u00e1ron kereszt\u00fcl is, \u00e9s nem akad el k\u00f6nnyen k\u00f6veken. Nem t\u00fal neh\u00e9z, nem t\u00fal k\u00f6nny\u0171 \u2013 \u00f3r\u00e1kon \u00e1t dobhatod gond n\u00e9lk\u00fcl.<\/span>\n\n\n\n<span style=\"font-weight: 400;\">A Hardcore m\u00e1gnes m\u00e1ra a legkelend\u0151bb\u00e9 \u00e9s a halad\u00f3 m\u00e1gneshorg\u00e1szok k\u00f6r\u00e9ben legn\u00e9pszer\u0171bb\u00e9 v\u00e1lt. A m\u00e1gnes 100% tiszta neod\u00edmiumb\u00f3l k\u00e9sz\u00fclt \u2013 ez a legnagyobb teljes\u00edtm\u00e9ny\u0171 \u00e1lland\u00f3 m\u00e1gnes, amely azonos m\u00e9ret mellett t\u00f6bb t\u00e1rgyat k\u00e9pes emelni, mint m\u00e1s m\u00e1gnes anyagok. Ez minden ir\u00e1nyb\u00f3l \u00e9s minden t\u00edpus\u00fa t\u00e1rgyra kiterjed\u0151 vonzer\u0151t eredm\u00e9nyez.<\/span>\n\n<h2><b>Magnet Evol\u00faci\u00f3<\/b><\/h2>\n\n<span style=\"font-weight: 400;\">Sok m\u00e1gnes csak egy oldalon fejti ki vonz\u00f3erej\u00e9t. Ez az egyr\u00e9teg\u0171 m\u00e1gnes a klasszikus horg\u00e1sz m\u00e1gnes. A Magnetar volt az els\u0151 c\u00e9g, amely \u00fajragondolta ezt a klasszikus m\u00e1gnesform\u00e1t k\u00e9toldalas m\u00e1gness\u00e9. 2016-ban pedig megalkottuk a mindenir\u00e1ny\u00fa, 360\u00b0-os m\u00e1gneshorg\u00e1sz m\u00e1gnest. Az EU-s m\u00e1gneshorg\u00e1szok az\u00f3ta is az 100% neod\u00edmium m\u00e1gnesek\u00e9rt rajonganak, \u00edgy v\u00e1ltunk Eur\u00f3pa #1 besz\u00e1ll\u00edt\u00f3j\u00e1v\u00e1. M\u00e1gnesjeinket gondosan, a legjobb min\u0151s\u00e9gben tervezi \u00e9s gy\u00e1rtja kis csapatunk. \u00dcgyfeleink \u00fajra meg \u00fajra visszat\u00e9rnek, mert tudj\u00e1k: a Magnetarral nemcsak egy m\u00e1gneshez jutnak, hanem val\u00f3di kincsek felhozatal\u00e1hoz.<\/span>\n\n<h2><strong>Er\u0151teljes 360\u00b0-os vonz\u00e1s<\/strong><\/h2>\n\n<span style=\"font-weight: 400;\">A Hardcore m\u00e1gnes a leger\u0151sebbek k\u00f6z\u00e9 tartozik. Az egyr\u00e9teg\u0171 m\u00e1gnes h\u00faz\u00f3ereje nem hasonl\u00edthat\u00f3 \u00f6ssze egy tiszta neod\u00edmium 360\u00b0-os m\u00e1gnessel, mint a Hardcore. Az egyr\u00e9teg\u0171 m\u00e1gnes ac\u00e9lh\u00e1z befoly\u00e1solja a h\u00faz\u00f3er\u0151t, amely csak egy ir\u00e1nyba koncentr\u00e1l\u00f3dik. Ez magas h\u00faz\u00f3er\u0151t eredm\u00e9nyez s\u00edk f\u00e9mlapok eset\u00e9n, de exkluz\u00edv Allround 360\u00b0-os m\u00e1gnes\u00fcnk minden ir\u00e1nyban vonzza a t\u00e1rgyakat. K\u00edv\u00e1ncsi a h\u00faz\u00f3er\u0151 m\u00e9r\u00e9s\u00e9re? <\/span><a href=\"https:\/\/www.youtube.com\/watch?v=2McW3RURDxs\" target=\"_blank\" rel=\"noopener\"><span style=\"font-weight: 400;\">N\u00e9zd meg vide\u00f3nkat itt<\/span><\/a><span style=\"font-weight: 400;\">.<\/span>","protected":false},"excerpt":{"rendered":"<p>Pr\u00f3b\u00e1ld ki <strong>legkelend\u0151bb horg\u00e1sz m\u00e1gnes\u00fcnket<\/strong> 360\u00b0-os m\u00e1gneses mez\u0151vel. A Magnetar \u00e1ltal tervezett <strong>tiszta neod\u00edmium m\u00e1gnes<\/strong> <strong>rendk\u00edv\u00fcl er\u0151s<\/strong>, ak\u00e1r 600 kg h\u00faz\u00f3er\u0151vel. V\u00e1laszd a Hardcore-ot!<\/p>\n","protected":false},"featured_media":73999,"comment_status":"open","ping_status":"closed","template":"","meta":{"_acf_changed":false,"inline_featured_image":false},"product_brand":[],"product_cat":[542,528,533,541],"product_tag":[],"class_list":{"0":"post-82566","1":"product","2":"type-product","3":"status-publish","4":"has-post-thumbnail","6":"product_cat-halado-kalandorok","7":"product_cat-horgasz-magnesek","8":"product_cat-horgasz-magnesek-360","9":"product_cat-kezdok-es-gyerekek","11":"first","12":"instock","13":"sale","14":"taxable","15":"shipping-taxable","16":"purchasable","17":"product-type-simple"},"acf":[],"yoast_head":"<!-- This site is optimized with the Yoast SEO plugin v27.4 - https:\/\/yoast.com\/product\/yoast-seo-wordpress\/ -->\n<title>Hardcore horg\u00e1sz m\u00e1gnes\u00ae - 600 kg - 360\u00b0 mindenir\u00e1ny\u00fa<\/title>\n<meta name=\"description\" content=\"A Hardcore horg\u00e1sz m\u00e1gnes a legh\u00edresebb mindenir\u00e1ny\u00fa m\u00e1gnes. Rendk\u00edv\u00fcl er\u0151s, kiv\u00e1l\u00f3 min\u0151s\u00e9g\u0171, t\u00f6k\u00e9letes s\u00falyeloszt\u00e1s\u00fa dob\u00e1shoz, \u00e9s 360\u00b0-os m\u00e1gneses hat\u00f3t\u00e1vols\u00e1ggal rendelkezik.\" \/>\n<meta name=\"robots\" content=\"index, follow, max-snippet:-1, max-image-preview:large, max-video-preview:-1\" \/>\n<link rel=\"canonical\" href=\"https:\/\/magnetarmagnets.com\/hu\/shop\/hardcore-horgasz-magnes-600-kg-360-mindeniranyu\/\" \/>\n<meta property=\"og:locale\" content=\"hu_HU\" \/>\n<meta property=\"og:type\" content=\"article\" \/>\n<meta property=\"og:title\" content=\"Hardcore horg\u00e1sz m\u00e1gnes\u00ae - 600 kg - 360\u00b0 mindenir\u00e1ny\u00fa\" \/>\n<meta property=\"og:description\" content=\"A Hardcore horg\u00e1sz m\u00e1gnes a legh\u00edresebb mindenir\u00e1ny\u00fa m\u00e1gnes. Rendk\u00edv\u00fcl er\u0151s, kiv\u00e1l\u00f3 min\u0151s\u00e9g\u0171, t\u00f6k\u00e9letes s\u00falyeloszt\u00e1s\u00fa dob\u00e1shoz, \u00e9s 360\u00b0-os m\u00e1gneses hat\u00f3t\u00e1vols\u00e1ggal rendelkezik.\" \/>\n<meta property=\"og:url\" content=\"https:\/\/magnetarmagnets.com\/hu\/shop\/hardcore-horgasz-magnes-600-kg-360-mindeniranyu\/\" \/>\n<meta property=\"og:site_name\" content=\"Magnet fishing with a Magnetar fishing magnet\" \/>\n<meta property=\"article:publisher\" content=\"https:\/\/www.facebook.com\/fishingmagnets\/\" \/>\n<meta property=\"article:modified_time\" content=\"2026-04-03T09:46:52+00:00\" \/>\n<meta property=\"og:image\" content=\"https:\/\/magnetarmagnets.com\/wp-content\/uploads\/2023\/12\/The_Hardcore_fishing_magnet_Triangle.jpeg.jpg\" \/>\n\t<meta property=\"og:image:width\" content=\"1000\" \/>\n\t<meta property=\"og:image:height\" content=\"1000\" \/>\n\t<meta property=\"og:image:type\" content=\"image\/jpeg\" \/>\n<meta name=\"twitter:card\" content=\"summary_large_image\" \/>\n<meta name=\"twitter:label1\" content=\"Becs\u00fclt olvas\u00e1si id\u0151\" \/>\n\t<meta name=\"twitter:data1\" content=\"5 perc\" \/>\n<script type=\"application\/ld+json\" class=\"yoast-schema-graph\">{\"@context\":\"https:\\\/\\\/schema.org\",\"@graph\":[{\"@type\":[\"WebPage\",\"ItemPage\"],\"@id\":\"https:\\\/\\\/magnetarmagnets.com\\\/hu\\\/shop\\\/hardcore-horgasz-magnes-600-kg-360-mindeniranyu\\\/\",\"url\":\"https:\\\/\\\/magnetarmagnets.com\\\/hu\\\/shop\\\/hardcore-horgasz-magnes-600-kg-360-mindeniranyu\\\/\",\"name\":\"Hardcore horg\u00e1sz m\u00e1gnes\u00ae - 600 kg - 360\u00b0 mindenir\u00e1ny\u00fa\",\"isPartOf\":{\"@id\":\"https:\\\/\\\/magnetarmagnets.com\\\/hu\\\/#website\"},\"primaryImageOfPage\":{\"@id\":\"https:\\\/\\\/magnetarmagnets.com\\\/hu\\\/shop\\\/hardcore-horgasz-magnes-600-kg-360-mindeniranyu\\\/#primaryimage\"},\"image\":{\"@id\":\"https:\\\/\\\/magnetarmagnets.com\\\/hu\\\/shop\\\/hardcore-horgasz-magnes-600-kg-360-mindeniranyu\\\/#primaryimage\"},\"thumbnailUrl\":\"https:\\\/\\\/magnetarmagnets.com\\\/wp-content\\\/uploads\\\/2023\\\/12\\\/The_Hardcore_fishing_magnet_Triangle.jpeg.jpg\",\"datePublished\":\"2025-06-05T07:54:40+00:00\",\"dateModified\":\"2026-04-03T09:46:52+00:00\",\"description\":\"A Hardcore horg\u00e1sz m\u00e1gnes a legh\u00edresebb mindenir\u00e1ny\u00fa m\u00e1gnes. Rendk\u00edv\u00fcl er\u0151s, kiv\u00e1l\u00f3 min\u0151s\u00e9g\u0171, t\u00f6k\u00e9letes s\u00falyeloszt\u00e1s\u00fa dob\u00e1shoz, \u00e9s 360\u00b0-os m\u00e1gneses hat\u00f3t\u00e1vols\u00e1ggal rendelkezik.\",\"breadcrumb\":{\"@id\":\"https:\\\/\\\/magnetarmagnets.com\\\/hu\\\/shop\\\/hardcore-horgasz-magnes-600-kg-360-mindeniranyu\\\/#breadcrumb\"},\"inLanguage\":\"hu\",\"potentialAction\":[{\"@type\":\"ReadAction\",\"target\":[\"https:\\\/\\\/magnetarmagnets.com\\\/hu\\\/shop\\\/hardcore-horgasz-magnes-600-kg-360-mindeniranyu\\\/\"]}]},{\"@type\":\"ImageObject\",\"inLanguage\":\"hu\",\"@id\":\"https:\\\/\\\/magnetarmagnets.com\\\/hu\\\/shop\\\/hardcore-horgasz-magnes-600-kg-360-mindeniranyu\\\/#primaryimage\",\"url\":\"https:\\\/\\\/magnetarmagnets.com\\\/wp-content\\\/uploads\\\/2023\\\/12\\\/The_Hardcore_fishing_magnet_Triangle.jpeg.jpg\",\"contentUrl\":\"https:\\\/\\\/magnetarmagnets.com\\\/wp-content\\\/uploads\\\/2023\\\/12\\\/The_Hardcore_fishing_magnet_Triangle.jpeg.jpg\",\"width\":1000,\"height\":1000,\"caption\":\"The Hardcore fishing magnet for magnet fishing\"},{\"@type\":\"BreadcrumbList\",\"@id\":\"https:\\\/\\\/magnetarmagnets.com\\\/hu\\\/shop\\\/hardcore-horgasz-magnes-600-kg-360-mindeniranyu\\\/#breadcrumb\",\"itemListElement\":[{\"@type\":\"ListItem\",\"position\":1,\"name\":\"Home\",\"item\":\"https:\\\/\\\/magnetarmagnets.com\\\/hu\\\/\"},{\"@type\":\"ListItem\",\"position\":2,\"name\":\"Webshop\",\"item\":\"https:\\\/\\\/magnetarmagnets.com\\\/webshop\\\/\"},{\"@type\":\"ListItem\",\"position\":3,\"name\":\"Horg\u00e1sz m\u00e1gnesek\",\"item\":\"https:\\\/\\\/magnetarmagnets.com\\\/hu\\\/collections\\\/horgasz-magnesek\\\/\"},{\"@type\":\"ListItem\",\"position\":4,\"name\":\"Horg\u00e1sz m\u00e1gnesek 360\u00b0\",\"item\":\"https:\\\/\\\/magnetarmagnets.com\\\/hu\\\/collections\\\/horgasz-magnesek\\\/horgasz-magnesek-360\\\/\"},{\"@type\":\"ListItem\",\"position\":5,\"name\":\"Hardcore horg\u00e1sz m\u00e1gnes\u00ae &#8211; 600 kg &#8211; 360\u00b0 mindenir\u00e1ny\u00fa\"}]},{\"@type\":\"WebSite\",\"@id\":\"https:\\\/\\\/magnetarmagnets.com\\\/hu\\\/#website\",\"url\":\"https:\\\/\\\/magnetarmagnets.com\\\/hu\\\/\",\"name\":\"Magnet fishing with a Magnetar fishing magnet\",\"description\":\"Er\u0151s m\u00e1gnesek m\u00e1gneshorg\u00e1szathoz\",\"publisher\":{\"@id\":\"https:\\\/\\\/magnetarmagnets.com\\\/hu\\\/#organization\"},\"potentialAction\":[{\"@type\":\"SearchAction\",\"target\":{\"@type\":\"EntryPoint\",\"urlTemplate\":\"https:\\\/\\\/magnetarmagnets.com\\\/hu\\\/?s={search_term_string}\"},\"query-input\":{\"@type\":\"PropertyValueSpecification\",\"valueRequired\":true,\"valueName\":\"search_term_string\"}}],\"inLanguage\":\"hu\"},{\"@type\":\"Organization\",\"@id\":\"https:\\\/\\\/magnetarmagnets.com\\\/hu\\\/#organization\",\"name\":\"Magnetar\",\"url\":\"https:\\\/\\\/magnetarmagnets.com\\\/hu\\\/\",\"logo\":{\"@type\":\"ImageObject\",\"inLanguage\":\"hu\",\"@id\":\"https:\\\/\\\/magnetarmagnets.com\\\/hu\\\/#\\\/schema\\\/logo\\\/image\\\/\",\"url\":\"https:\\\/\\\/magnetarmagnets.com\\\/wp-content\\\/uploads\\\/2025\\\/05\\\/Logo-03_PNG-Black-scaled.png\",\"contentUrl\":\"https:\\\/\\\/magnetarmagnets.com\\\/wp-content\\\/uploads\\\/2025\\\/05\\\/Logo-03_PNG-Black-scaled.png\",\"width\":2560,\"height\":1658,\"caption\":\"Magnetar\"},\"image\":{\"@id\":\"https:\\\/\\\/magnetarmagnets.com\\\/hu\\\/#\\\/schema\\\/logo\\\/image\\\/\"},\"sameAs\":[\"https:\\\/\\\/www.facebook.com\\\/fishingmagnets\\\/\",\"https:\\\/\\\/www.instagram.com\\\/magnetar_magnets\\\/\",\"https:\\\/\\\/www.linkedin.com\\\/company\\\/magnetarbv\\\/?originalSubdomain=nl\",\"https:\\\/\\\/www.youtube.com\\\/c\\\/MagnetarVismagneet\"]}]}<\/script>\n<!-- \/ Yoast SEO plugin. -->","yoast_head_json":{"title":"Hardcore horg\u00e1sz m\u00e1gnes\u00ae - 600 kg - 360\u00b0 mindenir\u00e1ny\u00fa","description":"A Hardcore horg\u00e1sz m\u00e1gnes a legh\u00edresebb mindenir\u00e1ny\u00fa m\u00e1gnes. Rendk\u00edv\u00fcl er\u0151s, kiv\u00e1l\u00f3 min\u0151s\u00e9g\u0171, t\u00f6k\u00e9letes s\u00falyeloszt\u00e1s\u00fa dob\u00e1shoz, \u00e9s 360\u00b0-os m\u00e1gneses hat\u00f3t\u00e1vols\u00e1ggal rendelkezik.","robots":{"index":"index","follow":"follow","max-snippet":"max-snippet:-1","max-image-preview":"max-image-preview:large","max-video-preview":"max-video-preview:-1"},"canonical":"https:\/\/magnetarmagnets.com\/hu\/shop\/hardcore-horgasz-magnes-600-kg-360-mindeniranyu\/","og_locale":"hu_HU","og_type":"article","og_title":"Hardcore horg\u00e1sz m\u00e1gnes\u00ae - 600 kg - 360\u00b0 mindenir\u00e1ny\u00fa","og_description":"A Hardcore horg\u00e1sz m\u00e1gnes a legh\u00edresebb mindenir\u00e1ny\u00fa m\u00e1gnes. Rendk\u00edv\u00fcl er\u0151s, kiv\u00e1l\u00f3 min\u0151s\u00e9g\u0171, t\u00f6k\u00e9letes s\u00falyeloszt\u00e1s\u00fa dob\u00e1shoz, \u00e9s 360\u00b0-os m\u00e1gneses hat\u00f3t\u00e1vols\u00e1ggal rendelkezik.","og_url":"https:\/\/magnetarmagnets.com\/hu\/shop\/hardcore-horgasz-magnes-600-kg-360-mindeniranyu\/","og_site_name":"Magnet fishing with a Magnetar fishing magnet","article_publisher":"https:\/\/www.facebook.com\/fishingmagnets\/","article_modified_time":"2026-04-03T09:46:52+00:00","og_image":[{"width":1000,"height":1000,"url":"https:\/\/magnetarmagnets.com\/wp-content\/uploads\/2023\/12\/The_Hardcore_fishing_magnet_Triangle.jpeg.jpg","type":"image\/jpeg"}],"twitter_card":"summary_large_image","twitter_misc":{"Becs\u00fclt olvas\u00e1si id\u0151":"5 perc"},"schema":{"@context":"https:\/\/schema.org","@graph":[{"@type":["WebPage","ItemPage"],"@id":"https:\/\/magnetarmagnets.com\/hu\/shop\/hardcore-horgasz-magnes-600-kg-360-mindeniranyu\/","url":"https:\/\/magnetarmagnets.com\/hu\/shop\/hardcore-horgasz-magnes-600-kg-360-mindeniranyu\/","name":"Hardcore horg\u00e1sz m\u00e1gnes\u00ae - 600 kg - 360\u00b0 mindenir\u00e1ny\u00fa","isPartOf":{"@id":"https:\/\/magnetarmagnets.com\/hu\/#website"},"primaryImageOfPage":{"@id":"https:\/\/magnetarmagnets.com\/hu\/shop\/hardcore-horgasz-magnes-600-kg-360-mindeniranyu\/#primaryimage"},"image":{"@id":"https:\/\/magnetarmagnets.com\/hu\/shop\/hardcore-horgasz-magnes-600-kg-360-mindeniranyu\/#primaryimage"},"thumbnailUrl":"https:\/\/magnetarmagnets.com\/wp-content\/uploads\/2023\/12\/The_Hardcore_fishing_magnet_Triangle.jpeg.jpg","datePublished":"2025-06-05T07:54:40+00:00","dateModified":"2026-04-03T09:46:52+00:00","description":"A Hardcore horg\u00e1sz m\u00e1gnes a legh\u00edresebb mindenir\u00e1ny\u00fa m\u00e1gnes. Rendk\u00edv\u00fcl er\u0151s, kiv\u00e1l\u00f3 min\u0151s\u00e9g\u0171, t\u00f6k\u00e9letes s\u00falyeloszt\u00e1s\u00fa dob\u00e1shoz, \u00e9s 360\u00b0-os m\u00e1gneses hat\u00f3t\u00e1vols\u00e1ggal rendelkezik.","breadcrumb":{"@id":"https:\/\/magnetarmagnets.com\/hu\/shop\/hardcore-horgasz-magnes-600-kg-360-mindeniranyu\/#breadcrumb"},"inLanguage":"hu","potentialAction":[{"@type":"ReadAction","target":["https:\/\/magnetarmagnets.com\/hu\/shop\/hardcore-horgasz-magnes-600-kg-360-mindeniranyu\/"]}]},{"@type":"ImageObject","inLanguage":"hu","@id":"https:\/\/magnetarmagnets.com\/hu\/shop\/hardcore-horgasz-magnes-600-kg-360-mindeniranyu\/#primaryimage","url":"https:\/\/magnetarmagnets.com\/wp-content\/uploads\/2023\/12\/The_Hardcore_fishing_magnet_Triangle.jpeg.jpg","contentUrl":"https:\/\/magnetarmagnets.com\/wp-content\/uploads\/2023\/12\/The_Hardcore_fishing_magnet_Triangle.jpeg.jpg","width":1000,"height":1000,"caption":"The Hardcore fishing magnet for magnet fishing"},{"@type":"BreadcrumbList","@id":"https:\/\/magnetarmagnets.com\/hu\/shop\/hardcore-horgasz-magnes-600-kg-360-mindeniranyu\/#breadcrumb","itemListElement":[{"@type":"ListItem","position":1,"name":"Home","item":"https:\/\/magnetarmagnets.com\/hu\/"},{"@type":"ListItem","position":2,"name":"Webshop","item":"https:\/\/magnetarmagnets.com\/webshop\/"},{"@type":"ListItem","position":3,"name":"Horg\u00e1sz m\u00e1gnesek","item":"https:\/\/magnetarmagnets.com\/hu\/collections\/horgasz-magnesek\/"},{"@type":"ListItem","position":4,"name":"Horg\u00e1sz m\u00e1gnesek 360\u00b0","item":"https:\/\/magnetarmagnets.com\/hu\/collections\/horgasz-magnesek\/horgasz-magnesek-360\/"},{"@type":"ListItem","position":5,"name":"Hardcore horg\u00e1sz m\u00e1gnes\u00ae &#8211; 600 kg &#8211; 360\u00b0 mindenir\u00e1ny\u00fa"}]},{"@type":"WebSite","@id":"https:\/\/magnetarmagnets.com\/hu\/#website","url":"https:\/\/magnetarmagnets.com\/hu\/","name":"Magnet fishing with a Magnetar fishing magnet","description":"Er\u0151s m\u00e1gnesek m\u00e1gneshorg\u00e1szathoz","publisher":{"@id":"https:\/\/magnetarmagnets.com\/hu\/#organization"},"potentialAction":[{"@type":"SearchAction","target":{"@type":"EntryPoint","urlTemplate":"https:\/\/magnetarmagnets.com\/hu\/?s={search_term_string}"},"query-input":{"@type":"PropertyValueSpecification","valueRequired":true,"valueName":"search_term_string"}}],"inLanguage":"hu"},{"@type":"Organization","@id":"https:\/\/magnetarmagnets.com\/hu\/#organization","name":"Magnetar","url":"https:\/\/magnetarmagnets.com\/hu\/","logo":{"@type":"ImageObject","inLanguage":"hu","@id":"https:\/\/magnetarmagnets.com\/hu\/#\/schema\/logo\/image\/","url":"https:\/\/magnetarmagnets.com\/wp-content\/uploads\/2025\/05\/Logo-03_PNG-Black-scaled.png","contentUrl":"https:\/\/magnetarmagnets.com\/wp-content\/uploads\/2025\/05\/Logo-03_PNG-Black-scaled.png","width":2560,"height":1658,"caption":"Magnetar"},"image":{"@id":"https:\/\/magnetarmagnets.com\/hu\/#\/schema\/logo\/image\/"},"sameAs":["https:\/\/www.facebook.com\/fishingmagnets\/","https:\/\/www.instagram.com\/magnetar_magnets\/","https:\/\/www.linkedin.com\/company\/magnetarbv\/?originalSubdomain=nl","https:\/\/www.youtube.com\/c\/MagnetarVismagneet"]}]}},"_links":{"self":[{"href":"https:\/\/magnetarmagnets.com\/hu\/wp-json\/wp\/v2\/product\/82566","targetHints":{"allow":["GET"]}}],"collection":[{"href":"https:\/\/magnetarmagnets.com\/hu\/wp-json\/wp\/v2\/product"}],"about":[{"href":"https:\/\/magnetarmagnets.com\/hu\/wp-json\/wp\/v2\/types\/product"}],"replies":[{"embeddable":true,"href":"https:\/\/magnetarmagnets.com\/hu\/wp-json\/wp\/v2\/comments?post=82566"}],"version-history":[{"count":0,"href":"https:\/\/magnetarmagnets.com\/hu\/wp-json\/wp\/v2\/product\/82566\/revisions"}],"wp:featuredmedia":[{"embeddable":true,"href":"https:\/\/magnetarmagnets.com\/hu\/wp-json\/wp\/v2\/media\/73999"}],"wp:attachment":[{"href":"https:\/\/magnetarmagnets.com\/hu\/wp-json\/wp\/v2\/media?parent=82566"}],"wp:term":[{"taxonomy":"product_brand","embeddable":true,"href":"https:\/\/magnetarmagnets.com\/hu\/wp-json\/wp\/v2\/product_brand?post=82566"},{"taxonomy":"product_cat","embeddable":true,"href":"https:\/\/magnetarmagnets.com\/hu\/wp-json\/wp\/v2\/product_cat?post=82566"},{"taxonomy":"product_tag","embeddable":true,"href":"https:\/\/magnetarmagnets.com\/hu\/wp-json\/wp\/v2\/product_tag?post=82566"}],"curies":[{"name":"wp","href":"https:\/\/api.w.org\/{rel}","templated":true}]}}