{"id":82564,"date":"2025-06-05T09:54:42","date_gmt":"2025-06-05T07:54:42","guid":{"rendered":"https:\/\/magnetarmagnets.com\/?post_type=product&#038;p=82564"},"modified":"2026-04-04T21:01:21","modified_gmt":"2026-04-04T19:01:21","slug":"klasszikus-500-kg-huzoereju-egyoldalas-horgasz-magnes","status":"publish","type":"product","link":"https:\/\/magnetarmagnets.com\/hu\/shop\/klasszikus-500-kg-huzoereju-egyoldalas-horgasz-magnes\/","title":{"rendered":"Klasszikus 500 kg h\u00faz\u00f3erej\u0171, egyoldalas horg\u00e1sz m\u00e1gnes"},"content":{"rendered":"<span style=\"font-weight: 400;\">A Classic 500 horg\u00e1sz m\u00e1gnes egyoldalas neod\u00edmium m\u00e1gnes, amelynek maxim\u00e1lis h\u00faz\u00f3ereje 500 kg\/1100 lb.<\/span><span style=\"font-weight: 400;\"> A Classic 500 a klasszikus term\u00e9kvonal igazi er\u0151m\u0171ve. Ez a m\u00e1sodik leger\u0151sebb m\u00e1gnes a sorozatban.<\/span><span style=\"font-weight: 400;\"> Aj\u00e1nljuk tapasztalt m\u00e1gneshorg\u00e1szoknak, akik k\u00f6nnyed\u00e9n ki tudnak emelni p\u00e1nc\u00e9lokat \u00e9s m\u00e1s neh\u00e9z t\u00e1rgyakat. Kisebb vagy nagyobb m\u00e1gnes \u00e9rdekel? N\u00e9zd meg a <a href=\"https:\/\/magnetarmagnets.com\/shop\/classic-fishing-magnet-660lb-300kg\">Classic 300<\/a><\/span><span style=\"font-weight: 400;\"> vagy a <a href=\"https:\/\/magnetarmagnets.com\/shop\/exclusive-terror-magnet\">Terror<\/a> univerz\u00e1lis horg\u00e1sz m\u00e1gnest.<\/span>\n\n<h2><strong>Classic 500 horg\u00e1sz m\u00e1gnes 500 kg\/1100 lb<\/strong><\/h2>\n\n<span style=\"font-weight: 400;\">Igazi er\u0151m\u0171vet keresel? Szeretn\u00e9l nagyobb \u00e9s nehezebb t\u00e1rgyakat kihal\u00e1szni a v\u00edzb\u0151l? Akkor a Classic 500 lehet a megfelel\u0151 m\u00e1gnes sz\u00e1modra! A Magnetar Classic 500 neod\u00edmium m\u00e1gnes maxim\u00e1lis h\u00faz\u00f3ereje 500 kg\/1100 lb. A nagy vonz\u00f3er\u0151 igazi er\u0151m\u0171v\u00e9 teszi ezt a m\u00e1gnest.<\/span>\n\n<span style=\"font-weight: 400;\">Ez a m\u00e1gnes kifejezetten a kihal\u00e1s es\u00e9ly\u00e9nek n\u00f6vel\u00e9s\u00e9re lett tervezve. A lehet\u0151 legkisebb \u00e1tm\u00e9r\u0151 megtart\u00e1s\u00e1val sim\u00e1bban siklik az objektumokon, \u00edgy gyorsabban gy\u0171jtheted \u00f6ssze a t\u00e1rgyakat. Ezt a m\u00e1gnest tapasztalt m\u00e1gneshorg\u00e1szoknak \u00e9s b\u00e1tor kezd\u0151knek aj\u00e1nljuk, akik nagyon er\u0151s m\u00e1gnest szeretn\u00e9nek.<\/span>\n\n<span style=\"font-weight: 400;\">Massz\u00edv f\u00e9mh\u00e1z v\u00e9di a m\u00e1gnest az \u00fct\u0151d\u00e9sek \u00e9s es\u00e9sek ellen. A 500 kg-os h\u00faz\u00f3er\u0151t csak t\u00f6k\u00e9letes k\u00f6r\u00fclm\u00e9nyek k\u00f6z\u00f6tt \u00e9red el: sima, legal\u00e1bb 2 cm vastag, rozsdamentes, szennyez\u0151d\u00e9st\u0151l mentes f\u00e9mfel\u00fcleten. Ezekben a k\u00f6r\u00fclm\u00e9nyekben f\u00fcgg\u0151legesen is kih\u00fazhatod a 500 kg-ot. Ha univerz\u00e1lis, er\u0151s m\u00e1gnest keresel, amely j\u00f3l tapad lekerek\u00edtett \u00e9s rozsd\u00e1s t\u00e1rgyakra is, n\u00e9zd meg exkluz\u00edv <a href=\"https:\/\/magnetarmagnets.com\/shop\/beast-magnet\">Beast<\/a> horg\u00e1sz m\u00e1gnes\u00fcnket \u00e9s a <a href=\"https:\/\/magnetarmagnets.com\/shop\/protection-covers-all-round-magnets\/\">v\u00e9d\u0151burkolatainkat<\/a>.<\/span>\n\n<h2>Kiv\u00e1l\u00f3 min\u0151s\u00e9g<\/h2>\n\n<span style=\"font-weight: 400;\">M\u00e1gnesink a legjobb neod\u00edmiumb\u00f3l k\u00e9sz\u00fclnek. Ennek k\u00f6sz\u00f6nhet\u0151en a Magnetar m\u00e1gnesek megtartj\u00e1k m\u00e1gneses erej\u00fcket, \u00e9s 100 \u00e9v ut\u00e1n is csak 1%-ot vesz\u00edtenek bel\u0151le! A legt\u00f6bb m\u00e1s besz\u00e1ll\u00edt\u00f3 m\u00e1gnesei n\u00e9h\u00e1ny h\u00e9t alatt vesz\u00edtenek hasonl\u00f3 m\u00e9rt\u00e9k\u0171 er\u0151t. Egyre t\u00f6bb alacsony min\u0151s\u00e9g\u0171 m\u00e1gnes jelenik meg manaps\u00e1g, amelyek olcs\u00f3bb neod\u00edmiumot tartalmaznak, hogy cs\u00f6kkents\u00e9k az \u00e1rat \u00e9s nagyobbnak t\u0171njenek. Ilyen m\u00e1gnest v\u00e1s\u00e1rolva val\u00f3j\u00e1ban a p\u00e9nzedet dobod ki.<\/span>\n\n<span style=\"font-weight: 400;\">Minden m\u00e1gnes\u00fcnket szem\u00e9lyre szabottan rajzoljuk \u00e9s tervezz\u00fck, hogy a m\u00e1gneshorg\u00e1szatb\u00f3l a lehet\u0151 legt\u00f6bbet hozd ki. Professzion\u00e1lis eszk\u00f6z\u00f6kkel tesztelj\u00fck a m\u00e1gneseket, \u00edgy a megadott h\u00faz\u00f3er\u0151 pontos \u00e9s megb\u00edzhat\u00f3. Pontosan tudjuk, hogyan tervezz\u00fcnk m\u00e1gneseket a m\u00e1gneshorg\u00e1szat tapasztalatai alapj\u00e1n. Ezt te is megtapasztalhatod magas min\u0151s\u00e9g\u0171, er\u0151s \u00e9s megb\u00edzhat\u00f3 horg\u00e1sz m\u00e1gneseinkkel. K\u00edv\u00e1ncsi vagy, hogyan tesztelj\u00fck a h\u00faz\u00f3er\u0151t? N\u00e9zd meg vide\u00f3nkat <a href=\"https:\/\/www.youtube.com\/watch?v=2McW3RURDxs\" target=\"_blank\" rel=\"noopener noreferrer\">itt<\/a>.<\/span>\n\n<h2>Vigy\u00e1zat!<\/h2>\n\n<span style=\"font-weight: 400;\">A neod\u00edmium m\u00e1gnesek rendk\u00edv\u00fcl er\u0151sek, \u00e9s nagy sebess\u00e9ggel csatlakozhatnak f\u00e9m t\u00e1rgyakhoz, ha k\u00f6zelr\u0151l haszn\u00e1lod \u0151ket. Ne tedd az ujjadat a m\u00e1gnes \u00e9s a f\u00e9m t\u00e1rgy k\u00f6z\u00e9! A leger\u0151sebb m\u00e1gneseink ak\u00e1r \u00f6sszet\u00f6rhetik, elt\u00f6rhetik vagy h\u00f3lyagos\u00edthatj\u00e1k az ujjadat, ha beszorul k\u00f6z\u00e9j\u00fck. Mindig l\u00e9gy \u00f3vatos a m\u00e1gnesek haszn\u00e1latakor. A haszn\u00e1lat saj\u00e1t felel\u0151ss\u00e9gre t\u00f6rt\u00e9nik. Miel\u0151tt haszn\u00e1lod, mindig olvasd el a biztons\u00e1gi figyelmeztet\u00e9seinket.<\/span>","protected":false},"excerpt":{"rendered":"<p><span style=\"font-weight: 400;\">Ez az <strong>igazi er\u0151m\u0171<\/strong>, <strong>\u00fct\u00e9s\u00e1ll\u00f3<\/strong> horg\u00e1sz m\u00e1gnes neh\u00e9z t\u00e1rgyakhoz.<\/span><\/p>\n","protected":false},"featured_media":70583,"comment_status":"open","ping_status":"closed","template":"","meta":{"_acf_changed":false,"inline_featured_image":false},"product_brand":[],"product_cat":[531,528,530,1005],"product_tag":[],"class_list":{"0":"post-82564","1":"product","2":"type-product","3":"status-publish","4":"has-post-thumbnail","6":"product_cat-egyoldalas-horgasz-magnesek","7":"product_cat-horgasz-magnesek","8":"product_cat-legerosebb-horgasz-magnesek","9":"product_cat-osszes-termek","11":"first","12":"instock","13":"taxable","14":"shipping-taxable","15":"purchasable","16":"product-type-simple"},"acf":[],"yoast_head":"<!-- This site is optimized with the Yoast SEO plugin v27.4 - https:\/\/yoast.com\/product\/yoast-seo-wordpress\/ -->\n<title>Klasszikus 500 kg h\u00faz\u00f3erej\u0171, egyoldalas horg\u00e1sz m\u00e1gnes - Magnet fishing with a Magnetar fishing magnet<\/title>\n<meta name=\"description\" content=\"Classic 500 horg\u00e1sz m\u00e1gnes 500 kg \u2013 Magnetar\" \/>\n<meta name=\"robots\" content=\"index, follow, max-snippet:-1, max-image-preview:large, max-video-preview:-1\" \/>\n<link rel=\"canonical\" href=\"https:\/\/magnetarmagnets.com\/hu\/shop\/klasszikus-500-kg-huzoereju-egyoldalas-horgasz-magnes\/\" \/>\n<meta property=\"og:locale\" content=\"hu_HU\" \/>\n<meta property=\"og:type\" content=\"article\" \/>\n<meta property=\"og:title\" content=\"Klasszikus 500 kg h\u00faz\u00f3erej\u0171, egyoldalas horg\u00e1sz m\u00e1gnes - Magnet fishing with a Magnetar fishing magnet\" \/>\n<meta property=\"og:description\" content=\"Classic 500 horg\u00e1sz m\u00e1gnes 500 kg \u2013 Magnetar\" \/>\n<meta property=\"og:url\" content=\"https:\/\/magnetarmagnets.com\/hu\/shop\/klasszikus-500-kg-huzoereju-egyoldalas-horgasz-magnes\/\" \/>\n<meta property=\"og:site_name\" content=\"Magnet fishing with a Magnetar fishing magnet\" \/>\n<meta property=\"article:publisher\" content=\"https:\/\/www.facebook.com\/fishingmagnets\/\" \/>\n<meta property=\"article:modified_time\" content=\"2026-04-04T19:01:21+00:00\" \/>\n<meta property=\"og:image\" content=\"https:\/\/magnetarmagnets.com\/wp-content\/uploads\/2016\/12\/FOTO1483.jpg\" \/>\n\t<meta property=\"og:image:width\" content=\"1000\" \/>\n\t<meta property=\"og:image:height\" content=\"1000\" \/>\n\t<meta property=\"og:image:type\" content=\"image\/jpeg\" \/>\n<meta name=\"twitter:card\" content=\"summary_large_image\" \/>\n<meta name=\"twitter:label1\" content=\"Becs\u00fclt olvas\u00e1si id\u0151\" \/>\n\t<meta name=\"twitter:data1\" content=\"3 perc\" \/>\n<script type=\"application\/ld+json\" class=\"yoast-schema-graph\">{\"@context\":\"https:\\\/\\\/schema.org\",\"@graph\":[{\"@type\":[\"WebPage\",\"ItemPage\"],\"@id\":\"https:\\\/\\\/magnetarmagnets.com\\\/hu\\\/shop\\\/klasszikus-500-kg-huzoereju-egyoldalas-horgasz-magnes\\\/\",\"url\":\"https:\\\/\\\/magnetarmagnets.com\\\/hu\\\/shop\\\/klasszikus-500-kg-huzoereju-egyoldalas-horgasz-magnes\\\/\",\"name\":\"Klasszikus 500 kg h\u00faz\u00f3erej\u0171, egyoldalas horg\u00e1sz m\u00e1gnes - Magnet fishing with a Magnetar fishing magnet\",\"isPartOf\":{\"@id\":\"https:\\\/\\\/magnetarmagnets.com\\\/hu\\\/#website\"},\"primaryImageOfPage\":{\"@id\":\"https:\\\/\\\/magnetarmagnets.com\\\/hu\\\/shop\\\/klasszikus-500-kg-huzoereju-egyoldalas-horgasz-magnes\\\/#primaryimage\"},\"image\":{\"@id\":\"https:\\\/\\\/magnetarmagnets.com\\\/hu\\\/shop\\\/klasszikus-500-kg-huzoereju-egyoldalas-horgasz-magnes\\\/#primaryimage\"},\"thumbnailUrl\":\"https:\\\/\\\/magnetarmagnets.com\\\/wp-content\\\/uploads\\\/2016\\\/12\\\/FOTO1483.jpg\",\"datePublished\":\"2025-06-05T07:54:42+00:00\",\"dateModified\":\"2026-04-04T19:01:21+00:00\",\"description\":\"Classic 500 horg\u00e1sz m\u00e1gnes 500 kg \u2013 Magnetar\",\"breadcrumb\":{\"@id\":\"https:\\\/\\\/magnetarmagnets.com\\\/hu\\\/shop\\\/klasszikus-500-kg-huzoereju-egyoldalas-horgasz-magnes\\\/#breadcrumb\"},\"inLanguage\":\"hu\",\"potentialAction\":[{\"@type\":\"ReadAction\",\"target\":[\"https:\\\/\\\/magnetarmagnets.com\\\/hu\\\/shop\\\/klasszikus-500-kg-huzoereju-egyoldalas-horgasz-magnes\\\/\"]}]},{\"@type\":\"ImageObject\",\"inLanguage\":\"hu\",\"@id\":\"https:\\\/\\\/magnetarmagnets.com\\\/hu\\\/shop\\\/klasszikus-500-kg-huzoereju-egyoldalas-horgasz-magnes\\\/#primaryimage\",\"url\":\"https:\\\/\\\/magnetarmagnets.com\\\/wp-content\\\/uploads\\\/2016\\\/12\\\/FOTO1483.jpg\",\"contentUrl\":\"https:\\\/\\\/magnetarmagnets.com\\\/wp-content\\\/uploads\\\/2016\\\/12\\\/FOTO1483.jpg\",\"width\":1000,\"height\":1000,\"caption\":\"Classic 550\"},{\"@type\":\"BreadcrumbList\",\"@id\":\"https:\\\/\\\/magnetarmagnets.com\\\/hu\\\/shop\\\/klasszikus-500-kg-huzoereju-egyoldalas-horgasz-magnes\\\/#breadcrumb\",\"itemListElement\":[{\"@type\":\"ListItem\",\"position\":1,\"name\":\"Home\",\"item\":\"https:\\\/\\\/magnetarmagnets.com\\\/hu\\\/\"},{\"@type\":\"ListItem\",\"position\":2,\"name\":\"Webshop\",\"item\":\"https:\\\/\\\/magnetarmagnets.com\\\/webshop\\\/\"},{\"@type\":\"ListItem\",\"position\":3,\"name\":\"Horg\u00e1sz m\u00e1gnesek\",\"item\":\"https:\\\/\\\/magnetarmagnets.com\\\/hu\\\/collections\\\/horgasz-magnesek\\\/\"},{\"@type\":\"ListItem\",\"position\":4,\"name\":\"Egyoldalas horg\u00e1sz m\u00e1gnesek\",\"item\":\"https:\\\/\\\/magnetarmagnets.com\\\/hu\\\/collections\\\/horgasz-magnesek\\\/egyoldalas-horgasz-magnesek\\\/\"},{\"@type\":\"ListItem\",\"position\":5,\"name\":\"Klasszikus 500 kg h\u00faz\u00f3erej\u0171, egyoldalas horg\u00e1sz m\u00e1gnes\"}]},{\"@type\":\"WebSite\",\"@id\":\"https:\\\/\\\/magnetarmagnets.com\\\/hu\\\/#website\",\"url\":\"https:\\\/\\\/magnetarmagnets.com\\\/hu\\\/\",\"name\":\"Magnet fishing with a Magnetar fishing magnet\",\"description\":\"Er\u0151s m\u00e1gnesek m\u00e1gneshorg\u00e1szathoz\",\"publisher\":{\"@id\":\"https:\\\/\\\/magnetarmagnets.com\\\/hu\\\/#organization\"},\"potentialAction\":[{\"@type\":\"SearchAction\",\"target\":{\"@type\":\"EntryPoint\",\"urlTemplate\":\"https:\\\/\\\/magnetarmagnets.com\\\/hu\\\/?s={search_term_string}\"},\"query-input\":{\"@type\":\"PropertyValueSpecification\",\"valueRequired\":true,\"valueName\":\"search_term_string\"}}],\"inLanguage\":\"hu\"},{\"@type\":\"Organization\",\"@id\":\"https:\\\/\\\/magnetarmagnets.com\\\/hu\\\/#organization\",\"name\":\"Magnetar\",\"url\":\"https:\\\/\\\/magnetarmagnets.com\\\/hu\\\/\",\"logo\":{\"@type\":\"ImageObject\",\"inLanguage\":\"hu\",\"@id\":\"https:\\\/\\\/magnetarmagnets.com\\\/hu\\\/#\\\/schema\\\/logo\\\/image\\\/\",\"url\":\"https:\\\/\\\/magnetarmagnets.com\\\/wp-content\\\/uploads\\\/2025\\\/05\\\/Logo-03_PNG-Black-scaled.png\",\"contentUrl\":\"https:\\\/\\\/magnetarmagnets.com\\\/wp-content\\\/uploads\\\/2025\\\/05\\\/Logo-03_PNG-Black-scaled.png\",\"width\":2560,\"height\":1658,\"caption\":\"Magnetar\"},\"image\":{\"@id\":\"https:\\\/\\\/magnetarmagnets.com\\\/hu\\\/#\\\/schema\\\/logo\\\/image\\\/\"},\"sameAs\":[\"https:\\\/\\\/www.facebook.com\\\/fishingmagnets\\\/\",\"https:\\\/\\\/www.instagram.com\\\/magnetar_magnets\\\/\",\"https:\\\/\\\/www.linkedin.com\\\/company\\\/magnetarbv\\\/?originalSubdomain=nl\",\"https:\\\/\\\/www.youtube.com\\\/c\\\/MagnetarVismagneet\"]}]}<\/script>\n<!-- \/ Yoast SEO plugin. -->","yoast_head_json":{"title":"Klasszikus 500 kg h\u00faz\u00f3erej\u0171, egyoldalas horg\u00e1sz m\u00e1gnes - Magnet fishing with a Magnetar fishing magnet","description":"Classic 500 horg\u00e1sz m\u00e1gnes 500 kg \u2013 Magnetar","robots":{"index":"index","follow":"follow","max-snippet":"max-snippet:-1","max-image-preview":"max-image-preview:large","max-video-preview":"max-video-preview:-1"},"canonical":"https:\/\/magnetarmagnets.com\/hu\/shop\/klasszikus-500-kg-huzoereju-egyoldalas-horgasz-magnes\/","og_locale":"hu_HU","og_type":"article","og_title":"Klasszikus 500 kg h\u00faz\u00f3erej\u0171, egyoldalas horg\u00e1sz m\u00e1gnes - Magnet fishing with a Magnetar fishing magnet","og_description":"Classic 500 horg\u00e1sz m\u00e1gnes 500 kg \u2013 Magnetar","og_url":"https:\/\/magnetarmagnets.com\/hu\/shop\/klasszikus-500-kg-huzoereju-egyoldalas-horgasz-magnes\/","og_site_name":"Magnet fishing with a Magnetar fishing magnet","article_publisher":"https:\/\/www.facebook.com\/fishingmagnets\/","article_modified_time":"2026-04-04T19:01:21+00:00","og_image":[{"width":1000,"height":1000,"url":"https:\/\/magnetarmagnets.com\/wp-content\/uploads\/2016\/12\/FOTO1483.jpg","type":"image\/jpeg"}],"twitter_card":"summary_large_image","twitter_misc":{"Becs\u00fclt olvas\u00e1si id\u0151":"3 perc"},"schema":{"@context":"https:\/\/schema.org","@graph":[{"@type":["WebPage","ItemPage"],"@id":"https:\/\/magnetarmagnets.com\/hu\/shop\/klasszikus-500-kg-huzoereju-egyoldalas-horgasz-magnes\/","url":"https:\/\/magnetarmagnets.com\/hu\/shop\/klasszikus-500-kg-huzoereju-egyoldalas-horgasz-magnes\/","name":"Klasszikus 500 kg h\u00faz\u00f3erej\u0171, egyoldalas horg\u00e1sz m\u00e1gnes - Magnet fishing with a Magnetar fishing magnet","isPartOf":{"@id":"https:\/\/magnetarmagnets.com\/hu\/#website"},"primaryImageOfPage":{"@id":"https:\/\/magnetarmagnets.com\/hu\/shop\/klasszikus-500-kg-huzoereju-egyoldalas-horgasz-magnes\/#primaryimage"},"image":{"@id":"https:\/\/magnetarmagnets.com\/hu\/shop\/klasszikus-500-kg-huzoereju-egyoldalas-horgasz-magnes\/#primaryimage"},"thumbnailUrl":"https:\/\/magnetarmagnets.com\/wp-content\/uploads\/2016\/12\/FOTO1483.jpg","datePublished":"2025-06-05T07:54:42+00:00","dateModified":"2026-04-04T19:01:21+00:00","description":"Classic 500 horg\u00e1sz m\u00e1gnes 500 kg \u2013 Magnetar","breadcrumb":{"@id":"https:\/\/magnetarmagnets.com\/hu\/shop\/klasszikus-500-kg-huzoereju-egyoldalas-horgasz-magnes\/#breadcrumb"},"inLanguage":"hu","potentialAction":[{"@type":"ReadAction","target":["https:\/\/magnetarmagnets.com\/hu\/shop\/klasszikus-500-kg-huzoereju-egyoldalas-horgasz-magnes\/"]}]},{"@type":"ImageObject","inLanguage":"hu","@id":"https:\/\/magnetarmagnets.com\/hu\/shop\/klasszikus-500-kg-huzoereju-egyoldalas-horgasz-magnes\/#primaryimage","url":"https:\/\/magnetarmagnets.com\/wp-content\/uploads\/2016\/12\/FOTO1483.jpg","contentUrl":"https:\/\/magnetarmagnets.com\/wp-content\/uploads\/2016\/12\/FOTO1483.jpg","width":1000,"height":1000,"caption":"Classic 550"},{"@type":"BreadcrumbList","@id":"https:\/\/magnetarmagnets.com\/hu\/shop\/klasszikus-500-kg-huzoereju-egyoldalas-horgasz-magnes\/#breadcrumb","itemListElement":[{"@type":"ListItem","position":1,"name":"Home","item":"https:\/\/magnetarmagnets.com\/hu\/"},{"@type":"ListItem","position":2,"name":"Webshop","item":"https:\/\/magnetarmagnets.com\/webshop\/"},{"@type":"ListItem","position":3,"name":"Horg\u00e1sz m\u00e1gnesek","item":"https:\/\/magnetarmagnets.com\/hu\/collections\/horgasz-magnesek\/"},{"@type":"ListItem","position":4,"name":"Egyoldalas horg\u00e1sz m\u00e1gnesek","item":"https:\/\/magnetarmagnets.com\/hu\/collections\/horgasz-magnesek\/egyoldalas-horgasz-magnesek\/"},{"@type":"ListItem","position":5,"name":"Klasszikus 500 kg h\u00faz\u00f3erej\u0171, egyoldalas horg\u00e1sz m\u00e1gnes"}]},{"@type":"WebSite","@id":"https:\/\/magnetarmagnets.com\/hu\/#website","url":"https:\/\/magnetarmagnets.com\/hu\/","name":"Magnet fishing with a Magnetar fishing magnet","description":"Er\u0151s m\u00e1gnesek m\u00e1gneshorg\u00e1szathoz","publisher":{"@id":"https:\/\/magnetarmagnets.com\/hu\/#organization"},"potentialAction":[{"@type":"SearchAction","target":{"@type":"EntryPoint","urlTemplate":"https:\/\/magnetarmagnets.com\/hu\/?s={search_term_string}"},"query-input":{"@type":"PropertyValueSpecification","valueRequired":true,"valueName":"search_term_string"}}],"inLanguage":"hu"},{"@type":"Organization","@id":"https:\/\/magnetarmagnets.com\/hu\/#organization","name":"Magnetar","url":"https:\/\/magnetarmagnets.com\/hu\/","logo":{"@type":"ImageObject","inLanguage":"hu","@id":"https:\/\/magnetarmagnets.com\/hu\/#\/schema\/logo\/image\/","url":"https:\/\/magnetarmagnets.com\/wp-content\/uploads\/2025\/05\/Logo-03_PNG-Black-scaled.png","contentUrl":"https:\/\/magnetarmagnets.com\/wp-content\/uploads\/2025\/05\/Logo-03_PNG-Black-scaled.png","width":2560,"height":1658,"caption":"Magnetar"},"image":{"@id":"https:\/\/magnetarmagnets.com\/hu\/#\/schema\/logo\/image\/"},"sameAs":["https:\/\/www.facebook.com\/fishingmagnets\/","https:\/\/www.instagram.com\/magnetar_magnets\/","https:\/\/www.linkedin.com\/company\/magnetarbv\/?originalSubdomain=nl","https:\/\/www.youtube.com\/c\/MagnetarVismagneet"]}]}},"_links":{"self":[{"href":"https:\/\/magnetarmagnets.com\/hu\/wp-json\/wp\/v2\/product\/82564","targetHints":{"allow":["GET"]}}],"collection":[{"href":"https:\/\/magnetarmagnets.com\/hu\/wp-json\/wp\/v2\/product"}],"about":[{"href":"https:\/\/magnetarmagnets.com\/hu\/wp-json\/wp\/v2\/types\/product"}],"replies":[{"embeddable":true,"href":"https:\/\/magnetarmagnets.com\/hu\/wp-json\/wp\/v2\/comments?post=82564"}],"version-history":[{"count":1,"href":"https:\/\/magnetarmagnets.com\/hu\/wp-json\/wp\/v2\/product\/82564\/revisions"}],"predecessor-version":[{"id":95405,"href":"https:\/\/magnetarmagnets.com\/hu\/wp-json\/wp\/v2\/product\/82564\/revisions\/95405"}],"wp:featuredmedia":[{"embeddable":true,"href":"https:\/\/magnetarmagnets.com\/hu\/wp-json\/wp\/v2\/media\/70583"}],"wp:attachment":[{"href":"https:\/\/magnetarmagnets.com\/hu\/wp-json\/wp\/v2\/media?parent=82564"}],"wp:term":[{"taxonomy":"product_brand","embeddable":true,"href":"https:\/\/magnetarmagnets.com\/hu\/wp-json\/wp\/v2\/product_brand?post=82564"},{"taxonomy":"product_cat","embeddable":true,"href":"https:\/\/magnetarmagnets.com\/hu\/wp-json\/wp\/v2\/product_cat?post=82564"},{"taxonomy":"product_tag","embeddable":true,"href":"https:\/\/magnetarmagnets.com\/hu\/wp-json\/wp\/v2\/product_tag?post=82564"}],"curies":[{"name":"wp","href":"https:\/\/api.w.org\/{rel}","templated":true}]}}