{"id":82563,"date":"2025-06-05T09:54:41","date_gmt":"2025-06-05T07:54:41","guid":{"rendered":"https:\/\/magnetarmagnets.com\/?post_type=product&#038;p=82563"},"modified":"2026-04-07T06:19:35","modified_gmt":"2026-04-07T04:19:35","slug":"halado-magnes-horgasz-szett-400-kg-egyoldalas","status":"publish","type":"product","link":"https:\/\/magnetarmagnets.com\/hu\/shop\/halado-magnes-horgasz-szett-400-kg-egyoldalas\/","title":{"rendered":"Halad\u00f3 m\u00e1gnes horg\u00e1sz szett \u2013 400 kg \u2013 egyoldalas"},"content":{"rendered":"Mindent egyben tartalmaz\u00f3 m\u00e1gneshorg\u00e1sz szettet keresel? A halad\u00f3 csomag 880 lb \/ 400 kg h\u00faz\u00f3er\u0151vel, egyoldalas kivitelben mindent biztos\u00edt, amire a m\u00e1gnes horg\u00e1szat sor\u00e1n sz\u00fcks\u00e9ged lehet. Ez a m\u00e1gneshorg\u00e1sz szett egy <a href=\"https:\/\/magnetarmagnets.com\/shop\/classic-fishing-magnet-880lb-400kg\/\"><strong>Classic <\/strong><\/a><a href=\"https:\/\/magnetarmagnets.com\/shop\/classic-fishing-magnet-880lb-400kg\/\"><strong>Fishing Magnet <\/strong><\/a><a href=\"https:\/\/magnetarmagnets.com\/shop\/classic-fishing-magnet-880lb-400kg\/\"><strong>400 kg<\/strong><\/a>-ot, egy p\u00e1r m\u00e1gneshorg\u00e1sz keszty\u0171t, egy egyedi tervez\u00e9s\u0171 k\u00f6telet, egy horg\u00e1szkamp\u00f3t valamint m\u00e1gnesragaszt\u00f3t tartalmaz, hogy b\u00e1rmilyen kih\u00edv\u00e1sra fel legy\u00e9l k\u00e9sz.\n\n<h2>Halad\u00f3 csomag 880 lb \/ 400 kg \u2013 tartalom<\/h2>\n\nA <a href=\"https:\/\/magnetarmagnets.com\/shop\/classic-fishing-magnet-880lb-400kg\/\"><strong>Classic Fishing Magnet 400 kg<\/strong><\/a> a Magnetar egyik leger\u0151sebb egyoldalas horg\u00e1sz m\u00e1gnes. A term\u00e9k \u00fct\u00e9s\u00e1ll\u00f3 bor\u00edt\u00e1ssal van ell\u00e1tva, amely megv\u00e9di az es\u00e9sekt\u0151l \u00e9s \u00fctk\u00f6z\u00e9sekt\u0151l. A m\u00e1gneses er\u0151t a m\u00e1gnes alj\u00e1ra koncentr\u00e1lja, ami rendk\u00edv\u00fcl hat\u00e9kony. Ennek k\u00f6sz\u00f6nhet\u0151en neh\u00e9z lehet a t\u00e1rgyakat elt\u00e1vol\u00edtani a m\u00e1gnesr\u0151l. Ezzel a m\u00e1gnessel k\u00f6nnyed\u00e9n kiemelhetsz s\u00edk fel\u00fclet\u0171, neh\u00e9z t\u00e1rgyakat, mint p\u00e9ld\u00e1ul p\u00e1nc\u00e9lokat, aut\u00f3alkatr\u00e9szeket \u00e9s f\u00e9mgerend\u00e1kat. R\u00e1ad\u00e1sul a kisebb t\u00f6rt\u00e9nelmi t\u00e1rgyak sem \u00e1llnak ennek a m\u00e1gnesnek a hatalm\u00e1val szemben.\n\nA 880 lb (400 kg) h\u00faz\u00f3er\u0151 csak t\u00f6k\u00e9letes k\u00f6r\u00fclm\u00e9nyek k\u00f6z\u00f6tt \u00e9rhet\u0151 el, amikor a m\u00e1gnes egy 2 cm vastag, nem oxid\u00e1l\u00f3dott f\u00e9mlemezhez \u00e9r. A m\u00e1gneshorg\u00e1szat sor\u00e1n ritk\u00e1n fordul el\u0151 ilyen. Szeretn\u00e9d megtudni, hogyan hat\u00e1rozzuk meg egy horg\u00e1sz m\u00e1gnes h\u00faz\u00f3erej\u00e9t? N\u00e9zd meg a vide\u00f3nkat a <a href=\"https:\/\/www.youtube.com\/watch?v=2McW3RURDxs&amp;t=14s\"><strong>m\u00e1gneses h\u00faz\u00f3er\u0151 tesztr\u0151l<\/strong><\/a>.\n\nAz adott k\u00f6t\u00e9l kifejezetten m\u00e1gnes horg\u00e1szathoz k\u00e9sz\u00fclt. A k\u00f6t\u00e9lr\u00e9sz el\u0151re elk\u00e9sz\u00edtett hurkokkal \u00e9s karabinerrel van ell\u00e1tva, \u00edgy nincs sz\u00fcks\u00e9g bonyolult k\u00f6t\u00e9sekre. Emellett a csomag tartalmaz egy horg\u00e1szkamp\u00f3t a nem m\u00e1gneses, neh\u00e9z t\u00e1rgyak v\u00edzb\u0151l t\u00f6rt\u00e9n\u0151 kih\u00faz\u00e1s\u00e1hoz. A m\u00e1gnesszemek \u00e9s csavarok biztons\u00e1gos \u00f6sszekapcsol\u00e1s\u00e1hoz m\u00e1gnesragaszt\u00f3 \u00fcveget tal\u00e1lsz a csomagban. V\u00e9g\u00fcl mindig haszn\u00e1ld a mell\u00e9kelt keszty\u0171ket a kezeid v\u00e9delme \u00e9rdek\u00e9ben.\n\nGyerekbar\u00e1t, mindent tartalmaz\u00f3 m\u00e1gneshorg\u00e1sz szettet keresel? N\u00e9zd meg a <a href=\"https:\/\/magnetarmagnets.com\/shop\/starterpackage\/\"><strong>Starter Package<\/strong><\/a> csomagunkat. Ha pedig egy 360\u00b0-os univerz\u00e1lis m\u00e1gnes \u00e9rdekel, a <a href=\"https:\/\/magnetarmagnets.com\/shop\/fishmagnet-package-pro\/\"><strong>Pro Package<\/strong><\/a> a <a href=\"https:\/\/magnetarmagnets.com\/shop\/hardcore-magnet-2\/\"><strong>Hardcore<\/strong><\/a> m\u00e1gnessel remek v\u00e1laszt\u00e1s lehet. Ne felejts el megtekinteni a legjobb <a href=\"https:\/\/magnetarmagnets.com\/magnet-fishing-kit\/\" target=\"_blank\" rel=\"noopener\">m\u00e1gnes horg\u00e1szat szetteket<\/a> \u00e9s a <a href=\"https:\/\/magnetarmagnets.com\/accessories\/\" target=\"_blank\" rel=\"noopener\">m\u00e1gnes horg\u00e1sz kieg\u00e9sz\u00edt\u0151ket<\/a>.","protected":false},"excerpt":{"rendered":"<p>A szett, amely <strong>minden m\u00e1gneshorg\u00e1sz<\/strong> sz\u00e1m\u00e1ra ide\u00e1lis. Ind\u00edtsd el kalandodat ezzel a <strong>teljes csomaggal<\/strong>, amely <strong>minden ig\u00e9nyedet kiel\u00e9g\u00edti<\/strong>.<\/p>\n","protected":false},"featured_media":72542,"comment_status":"open","ping_status":"closed","template":"","meta":{"_acf_changed":false,"inline_featured_image":false},"product_brand":[],"product_cat":[531,542,534,528],"product_tag":[524,526],"class_list":{"0":"post-82563","1":"product","2":"type-product","3":"status-publish","4":"has-post-thumbnail","6":"product_cat-egyoldalas-horgasz-magnesek","7":"product_cat-halado-kalandorok","8":"product_cat-horgasz-magnes-keszlet","9":"product_cat-horgasz-magnesek","10":"product_tag-ingyenes-szallitas","11":"product_tag-tartalmaz-horgaszkotelet","13":"first","14":"instock","15":"sale","16":"taxable","17":"shipping-taxable","18":"purchasable","19":"product-type-simple"},"acf":[],"yoast_head":"<!-- This site is optimized with the Yoast SEO plugin v27.3 - https:\/\/yoast.com\/product\/yoast-seo-wordpress\/ -->\n<title>Halad\u00f3 m\u00e1gnes horg\u00e1sz szett \u2013 400 kg \u2013 egyoldalas - Magnet fishing with a Magnetar fishing magnet<\/title>\n<meta name=\"description\" content=\"Halad\u00f3 csomag \u2013 400 kg horg\u00e1sz m\u00e1gnes \u2013 Magnetar\" \/>\n<meta name=\"robots\" content=\"index, follow, max-snippet:-1, max-image-preview:large, max-video-preview:-1\" \/>\n<link rel=\"canonical\" href=\"https:\/\/magnetarmagnets.com\/hu\/shop\/halado-magnes-horgasz-szett-400-kg-egyoldalas\/\" \/>\n<meta property=\"og:locale\" content=\"hu_HU\" \/>\n<meta property=\"og:type\" content=\"article\" \/>\n<meta property=\"og:title\" content=\"Halad\u00f3 m\u00e1gnes horg\u00e1sz szett \u2013 400 kg \u2013 egyoldalas - Magnet fishing with a Magnetar fishing magnet\" \/>\n<meta property=\"og:description\" content=\"Halad\u00f3 csomag \u2013 400 kg horg\u00e1sz m\u00e1gnes \u2013 Magnetar\" \/>\n<meta property=\"og:url\" content=\"https:\/\/magnetarmagnets.com\/hu\/shop\/halado-magnes-horgasz-szett-400-kg-egyoldalas\/\" \/>\n<meta property=\"og:site_name\" content=\"Magnet fishing with a Magnetar fishing magnet\" \/>\n<meta property=\"article:publisher\" content=\"https:\/\/www.facebook.com\/fishingmagnets\/\" \/>\n<meta property=\"article:modified_time\" content=\"2026-04-07T04:19:35+00:00\" \/>\n<meta property=\"og:image\" content=\"https:\/\/magnetarmagnets.com\/wp-content\/uploads\/2021\/10\/MAGNETAR-ADVANCED-KIT-GOOGLE.jpg\" \/>\n\t<meta property=\"og:image:width\" content=\"1500\" \/>\n\t<meta property=\"og:image:height\" content=\"1500\" \/>\n\t<meta property=\"og:image:type\" content=\"image\/jpeg\" \/>\n<meta name=\"twitter:card\" content=\"summary_large_image\" \/>\n<meta name=\"twitter:label1\" content=\"Becs\u00fclt olvas\u00e1si id\u0151\" \/>\n\t<meta name=\"twitter:data1\" content=\"3 perc\" \/>\n<script type=\"application\/ld+json\" class=\"yoast-schema-graph\">{\"@context\":\"https:\\\/\\\/schema.org\",\"@graph\":[{\"@type\":[\"WebPage\",\"ItemPage\"],\"@id\":\"https:\\\/\\\/magnetarmagnets.com\\\/hu\\\/shop\\\/halado-magnes-horgasz-szett-400-kg-egyoldalas\\\/\",\"url\":\"https:\\\/\\\/magnetarmagnets.com\\\/hu\\\/shop\\\/halado-magnes-horgasz-szett-400-kg-egyoldalas\\\/\",\"name\":\"Halad\u00f3 m\u00e1gnes horg\u00e1sz szett \u2013 400 kg \u2013 egyoldalas - Magnet fishing with a Magnetar fishing magnet\",\"isPartOf\":{\"@id\":\"https:\\\/\\\/magnetarmagnets.com\\\/hu\\\/#website\"},\"primaryImageOfPage\":{\"@id\":\"https:\\\/\\\/magnetarmagnets.com\\\/hu\\\/shop\\\/halado-magnes-horgasz-szett-400-kg-egyoldalas\\\/#primaryimage\"},\"image\":{\"@id\":\"https:\\\/\\\/magnetarmagnets.com\\\/hu\\\/shop\\\/halado-magnes-horgasz-szett-400-kg-egyoldalas\\\/#primaryimage\"},\"thumbnailUrl\":\"https:\\\/\\\/magnetarmagnets.com\\\/wp-content\\\/uploads\\\/2021\\\/10\\\/MAGNETAR-ADVANCED-KIT-GOOGLE.jpg\",\"datePublished\":\"2025-06-05T07:54:41+00:00\",\"dateModified\":\"2026-04-07T04:19:35+00:00\",\"description\":\"Halad\u00f3 csomag \u2013 400 kg horg\u00e1sz m\u00e1gnes \u2013 Magnetar\",\"breadcrumb\":{\"@id\":\"https:\\\/\\\/magnetarmagnets.com\\\/hu\\\/shop\\\/halado-magnes-horgasz-szett-400-kg-egyoldalas\\\/#breadcrumb\"},\"inLanguage\":\"hu\",\"potentialAction\":[{\"@type\":\"ReadAction\",\"target\":[\"https:\\\/\\\/magnetarmagnets.com\\\/hu\\\/shop\\\/halado-magnes-horgasz-szett-400-kg-egyoldalas\\\/\"]}]},{\"@type\":\"ImageObject\",\"inLanguage\":\"hu\",\"@id\":\"https:\\\/\\\/magnetarmagnets.com\\\/hu\\\/shop\\\/halado-magnes-horgasz-szett-400-kg-egyoldalas\\\/#primaryimage\",\"url\":\"https:\\\/\\\/magnetarmagnets.com\\\/wp-content\\\/uploads\\\/2021\\\/10\\\/MAGNETAR-ADVANCED-KIT-GOOGLE.jpg\",\"contentUrl\":\"https:\\\/\\\/magnetarmagnets.com\\\/wp-content\\\/uploads\\\/2021\\\/10\\\/MAGNETAR-ADVANCED-KIT-GOOGLE.jpg\",\"width\":1500,\"height\":1500,\"caption\":\"MAGNETAR-ADVANCED-KIT\"},{\"@type\":\"BreadcrumbList\",\"@id\":\"https:\\\/\\\/magnetarmagnets.com\\\/hu\\\/shop\\\/halado-magnes-horgasz-szett-400-kg-egyoldalas\\\/#breadcrumb\",\"itemListElement\":[{\"@type\":\"ListItem\",\"position\":1,\"name\":\"Home\",\"item\":\"https:\\\/\\\/magnetarmagnets.com\\\/hu\\\/\"},{\"@type\":\"ListItem\",\"position\":2,\"name\":\"Webshop\",\"item\":\"https:\\\/\\\/magnetarmagnets.com\\\/webshop\\\/\"},{\"@type\":\"ListItem\",\"position\":3,\"name\":\"Horg\u00e1sz m\u00e1gnesek\",\"item\":\"https:\\\/\\\/magnetarmagnets.com\\\/hu\\\/collections\\\/horgasz-magnesek\\\/\"},{\"@type\":\"ListItem\",\"position\":4,\"name\":\"Egyoldalas horg\u00e1sz m\u00e1gnesek\",\"item\":\"https:\\\/\\\/magnetarmagnets.com\\\/hu\\\/collections\\\/horgasz-magnesek\\\/egyoldalas-horgasz-magnesek\\\/\"},{\"@type\":\"ListItem\",\"position\":5,\"name\":\"Halad\u00f3 m\u00e1gnes horg\u00e1sz szett \u2013 400 kg \u2013 egyoldalas\"}]},{\"@type\":\"WebSite\",\"@id\":\"https:\\\/\\\/magnetarmagnets.com\\\/hu\\\/#website\",\"url\":\"https:\\\/\\\/magnetarmagnets.com\\\/hu\\\/\",\"name\":\"Magnet fishing with a Magnetar fishing magnet\",\"description\":\"Er\u0151s m\u00e1gnesek m\u00e1gneshorg\u00e1szathoz\",\"publisher\":{\"@id\":\"https:\\\/\\\/magnetarmagnets.com\\\/hu\\\/#organization\"},\"potentialAction\":[{\"@type\":\"SearchAction\",\"target\":{\"@type\":\"EntryPoint\",\"urlTemplate\":\"https:\\\/\\\/magnetarmagnets.com\\\/hu\\\/?s={search_term_string}\"},\"query-input\":{\"@type\":\"PropertyValueSpecification\",\"valueRequired\":true,\"valueName\":\"search_term_string\"}}],\"inLanguage\":\"hu\"},{\"@type\":\"Organization\",\"@id\":\"https:\\\/\\\/magnetarmagnets.com\\\/hu\\\/#organization\",\"name\":\"Magnetar\",\"url\":\"https:\\\/\\\/magnetarmagnets.com\\\/hu\\\/\",\"logo\":{\"@type\":\"ImageObject\",\"inLanguage\":\"hu\",\"@id\":\"https:\\\/\\\/magnetarmagnets.com\\\/hu\\\/#\\\/schema\\\/logo\\\/image\\\/\",\"url\":\"https:\\\/\\\/magnetarmagnets.com\\\/wp-content\\\/uploads\\\/2025\\\/05\\\/Logo-03_PNG-Black-scaled.png\",\"contentUrl\":\"https:\\\/\\\/magnetarmagnets.com\\\/wp-content\\\/uploads\\\/2025\\\/05\\\/Logo-03_PNG-Black-scaled.png\",\"width\":2560,\"height\":1658,\"caption\":\"Magnetar\"},\"image\":{\"@id\":\"https:\\\/\\\/magnetarmagnets.com\\\/hu\\\/#\\\/schema\\\/logo\\\/image\\\/\"},\"sameAs\":[\"https:\\\/\\\/www.facebook.com\\\/fishingmagnets\\\/\",\"https:\\\/\\\/www.instagram.com\\\/magnetar_magnets\\\/\",\"https:\\\/\\\/www.linkedin.com\\\/company\\\/magnetarbv\\\/?originalSubdomain=nl\",\"https:\\\/\\\/www.youtube.com\\\/c\\\/MagnetarVismagneet\"]}]}<\/script>\n<!-- \/ Yoast SEO plugin. -->","yoast_head_json":{"title":"Halad\u00f3 m\u00e1gnes horg\u00e1sz szett \u2013 400 kg \u2013 egyoldalas - Magnet fishing with a Magnetar fishing magnet","description":"Halad\u00f3 csomag \u2013 400 kg horg\u00e1sz m\u00e1gnes \u2013 Magnetar","robots":{"index":"index","follow":"follow","max-snippet":"max-snippet:-1","max-image-preview":"max-image-preview:large","max-video-preview":"max-video-preview:-1"},"canonical":"https:\/\/magnetarmagnets.com\/hu\/shop\/halado-magnes-horgasz-szett-400-kg-egyoldalas\/","og_locale":"hu_HU","og_type":"article","og_title":"Halad\u00f3 m\u00e1gnes horg\u00e1sz szett \u2013 400 kg \u2013 egyoldalas - Magnet fishing with a Magnetar fishing magnet","og_description":"Halad\u00f3 csomag \u2013 400 kg horg\u00e1sz m\u00e1gnes \u2013 Magnetar","og_url":"https:\/\/magnetarmagnets.com\/hu\/shop\/halado-magnes-horgasz-szett-400-kg-egyoldalas\/","og_site_name":"Magnet fishing with a Magnetar fishing magnet","article_publisher":"https:\/\/www.facebook.com\/fishingmagnets\/","article_modified_time":"2026-04-07T04:19:35+00:00","og_image":[{"width":1500,"height":1500,"url":"https:\/\/magnetarmagnets.com\/wp-content\/uploads\/2021\/10\/MAGNETAR-ADVANCED-KIT-GOOGLE.jpg","type":"image\/jpeg"}],"twitter_card":"summary_large_image","twitter_misc":{"Becs\u00fclt olvas\u00e1si id\u0151":"3 perc"},"schema":{"@context":"https:\/\/schema.org","@graph":[{"@type":["WebPage","ItemPage"],"@id":"https:\/\/magnetarmagnets.com\/hu\/shop\/halado-magnes-horgasz-szett-400-kg-egyoldalas\/","url":"https:\/\/magnetarmagnets.com\/hu\/shop\/halado-magnes-horgasz-szett-400-kg-egyoldalas\/","name":"Halad\u00f3 m\u00e1gnes horg\u00e1sz szett \u2013 400 kg \u2013 egyoldalas - Magnet fishing with a Magnetar fishing magnet","isPartOf":{"@id":"https:\/\/magnetarmagnets.com\/hu\/#website"},"primaryImageOfPage":{"@id":"https:\/\/magnetarmagnets.com\/hu\/shop\/halado-magnes-horgasz-szett-400-kg-egyoldalas\/#primaryimage"},"image":{"@id":"https:\/\/magnetarmagnets.com\/hu\/shop\/halado-magnes-horgasz-szett-400-kg-egyoldalas\/#primaryimage"},"thumbnailUrl":"https:\/\/magnetarmagnets.com\/wp-content\/uploads\/2021\/10\/MAGNETAR-ADVANCED-KIT-GOOGLE.jpg","datePublished":"2025-06-05T07:54:41+00:00","dateModified":"2026-04-07T04:19:35+00:00","description":"Halad\u00f3 csomag \u2013 400 kg horg\u00e1sz m\u00e1gnes \u2013 Magnetar","breadcrumb":{"@id":"https:\/\/magnetarmagnets.com\/hu\/shop\/halado-magnes-horgasz-szett-400-kg-egyoldalas\/#breadcrumb"},"inLanguage":"hu","potentialAction":[{"@type":"ReadAction","target":["https:\/\/magnetarmagnets.com\/hu\/shop\/halado-magnes-horgasz-szett-400-kg-egyoldalas\/"]}]},{"@type":"ImageObject","inLanguage":"hu","@id":"https:\/\/magnetarmagnets.com\/hu\/shop\/halado-magnes-horgasz-szett-400-kg-egyoldalas\/#primaryimage","url":"https:\/\/magnetarmagnets.com\/wp-content\/uploads\/2021\/10\/MAGNETAR-ADVANCED-KIT-GOOGLE.jpg","contentUrl":"https:\/\/magnetarmagnets.com\/wp-content\/uploads\/2021\/10\/MAGNETAR-ADVANCED-KIT-GOOGLE.jpg","width":1500,"height":1500,"caption":"MAGNETAR-ADVANCED-KIT"},{"@type":"BreadcrumbList","@id":"https:\/\/magnetarmagnets.com\/hu\/shop\/halado-magnes-horgasz-szett-400-kg-egyoldalas\/#breadcrumb","itemListElement":[{"@type":"ListItem","position":1,"name":"Home","item":"https:\/\/magnetarmagnets.com\/hu\/"},{"@type":"ListItem","position":2,"name":"Webshop","item":"https:\/\/magnetarmagnets.com\/webshop\/"},{"@type":"ListItem","position":3,"name":"Horg\u00e1sz m\u00e1gnesek","item":"https:\/\/magnetarmagnets.com\/hu\/collections\/horgasz-magnesek\/"},{"@type":"ListItem","position":4,"name":"Egyoldalas horg\u00e1sz m\u00e1gnesek","item":"https:\/\/magnetarmagnets.com\/hu\/collections\/horgasz-magnesek\/egyoldalas-horgasz-magnesek\/"},{"@type":"ListItem","position":5,"name":"Halad\u00f3 m\u00e1gnes horg\u00e1sz szett \u2013 400 kg \u2013 egyoldalas"}]},{"@type":"WebSite","@id":"https:\/\/magnetarmagnets.com\/hu\/#website","url":"https:\/\/magnetarmagnets.com\/hu\/","name":"Magnet fishing with a Magnetar fishing magnet","description":"Er\u0151s m\u00e1gnesek m\u00e1gneshorg\u00e1szathoz","publisher":{"@id":"https:\/\/magnetarmagnets.com\/hu\/#organization"},"potentialAction":[{"@type":"SearchAction","target":{"@type":"EntryPoint","urlTemplate":"https:\/\/magnetarmagnets.com\/hu\/?s={search_term_string}"},"query-input":{"@type":"PropertyValueSpecification","valueRequired":true,"valueName":"search_term_string"}}],"inLanguage":"hu"},{"@type":"Organization","@id":"https:\/\/magnetarmagnets.com\/hu\/#organization","name":"Magnetar","url":"https:\/\/magnetarmagnets.com\/hu\/","logo":{"@type":"ImageObject","inLanguage":"hu","@id":"https:\/\/magnetarmagnets.com\/hu\/#\/schema\/logo\/image\/","url":"https:\/\/magnetarmagnets.com\/wp-content\/uploads\/2025\/05\/Logo-03_PNG-Black-scaled.png","contentUrl":"https:\/\/magnetarmagnets.com\/wp-content\/uploads\/2025\/05\/Logo-03_PNG-Black-scaled.png","width":2560,"height":1658,"caption":"Magnetar"},"image":{"@id":"https:\/\/magnetarmagnets.com\/hu\/#\/schema\/logo\/image\/"},"sameAs":["https:\/\/www.facebook.com\/fishingmagnets\/","https:\/\/www.instagram.com\/magnetar_magnets\/","https:\/\/www.linkedin.com\/company\/magnetarbv\/?originalSubdomain=nl","https:\/\/www.youtube.com\/c\/MagnetarVismagneet"]}]}},"_links":{"self":[{"href":"https:\/\/magnetarmagnets.com\/hu\/wp-json\/wp\/v2\/product\/82563","targetHints":{"allow":["GET"]}}],"collection":[{"href":"https:\/\/magnetarmagnets.com\/hu\/wp-json\/wp\/v2\/product"}],"about":[{"href":"https:\/\/magnetarmagnets.com\/hu\/wp-json\/wp\/v2\/types\/product"}],"replies":[{"embeddable":true,"href":"https:\/\/magnetarmagnets.com\/hu\/wp-json\/wp\/v2\/comments?post=82563"}],"version-history":[{"count":0,"href":"https:\/\/magnetarmagnets.com\/hu\/wp-json\/wp\/v2\/product\/82563\/revisions"}],"wp:featuredmedia":[{"embeddable":true,"href":"https:\/\/magnetarmagnets.com\/hu\/wp-json\/wp\/v2\/media\/72542"}],"wp:attachment":[{"href":"https:\/\/magnetarmagnets.com\/hu\/wp-json\/wp\/v2\/media?parent=82563"}],"wp:term":[{"taxonomy":"product_brand","embeddable":true,"href":"https:\/\/magnetarmagnets.com\/hu\/wp-json\/wp\/v2\/product_brand?post=82563"},{"taxonomy":"product_cat","embeddable":true,"href":"https:\/\/magnetarmagnets.com\/hu\/wp-json\/wp\/v2\/product_cat?post=82563"},{"taxonomy":"product_tag","embeddable":true,"href":"https:\/\/magnetarmagnets.com\/hu\/wp-json\/wp\/v2\/product_tag?post=82563"}],"curies":[{"name":"wp","href":"https:\/\/api.w.org\/{rel}","templated":true}]}}