{"id":82561,"date":"2025-06-05T09:54:42","date_gmt":"2025-06-05T07:54:42","guid":{"rendered":"https:\/\/magnetarmagnets.com\/?post_type=product&#038;p=82561"},"modified":"2026-04-18T00:43:55","modified_gmt":"2026-04-17T22:43:55","slug":"a-magnes-horgaszat-legjobb-akadohorogja","status":"publish","type":"product","link":"https:\/\/magnetarmagnets.com\/hu\/shop\/a-magnes-horgaszat-legjobb-akadohorogja\/","title":{"rendered":"A m\u00e1gnes horg\u00e1szat legjobb akad\u00f3horogja"},"content":{"rendered":"<h2><strong>Mik az akad\u00f3horogok?<\/strong><\/h2>\n\n<span style=\"font-weight: 400;\">Olyan eszk\u00f6z, melyet k\u00f6t\u00e9len r\u00f6gz\u00edtesz, majd v\u00edzbe dobsz vagy els\u00fcllyesztesz, hogy megkapj, megragadj \u00e9s kih\u00fazz egy t\u00e1rgyat a v\u00edzb\u0151l. B\u00e1r k\u00fcl\u00f6nf\u00e9le akad\u00f3horogokat haszn\u00e1lnak fakapaszkod\u00e1shoz is, mi ezt a kalandfelszerel\u00e9st kifejezetten nagy ig\u00e9nybev\u00e9tel\u0171 m\u00e1gneses horg\u00e1szathoz aj\u00e1nljuk.<\/span>\n\n<span style=\"font-weight: 400;\">Egy\u00fctt is haszn\u00e1lhat\u00f3k neod\u00edmium m\u00e1gnessel vagy helyette, amikor v\u00edz alatti kincskeres\u00e9sben veszel r\u00e9szt. Ha t\u00falm\u00e9retezett, nem m\u00e1gneses, neh\u00e9z vagy k\u00fcl\u00f6n\u00f6s alak\u00fa t\u00e1rgyakat szeretn\u00e9l megszerezni, az akad\u00f3horog seg\u00edt felhozni azokat a felsz\u00ednre.<\/span>\n\n<h2><strong>M\u00e1r van m\u00e1gnesem, sz\u00fcks\u00e9gem van akad\u00f3horogra?<\/strong><\/h2>\n\n<span style=\"font-weight: 400;\">Nem felt\u00e9tlen\u00fcl, de nagyon aj\u00e1nlott.<\/span>\n\n<span style=\"font-weight: 400;\">A m\u00e1gneses horg\u00e1szok t\u00f6bbs\u00e9ge elengedhetetlennek tartja az akad\u00f3horog haszn\u00e1lat\u00e1t. Neod\u00edmium m\u00e1gnesjeink kiv\u00e1l\u00f3an alkalmasak k\u00fcl\u00f6nf\u00e9le m\u00e9ret\u0171, alak\u00fa \u00e9s s\u0171r\u0171s\u00e9g\u0171 m\u00e1gneses f\u00e9m t\u00e1rgyak megfog\u00e1s\u00e1ra. N\u00e9ha azonban a horog \u00e9les peremeire van sz\u00fcks\u00e9g ahhoz, hogy egy t\u00e1rgyat k\u0151 al\u00f3l szabad\u00edts ki vagy a felsz\u00ednre emelj.<\/span>\n\n<span style=\"font-weight: 400;\">Mint mindenhez, itt is a megfelel\u0151 eszk\u00f6z\u00f6kre van sz\u00fcks\u00e9g a sikeres eredm\u00e9ny \u00e9rdek\u00e9ben k\u00fcl\u00f6nb\u00f6z\u0151 k\u00f6r\u00fclm\u00e9nyek k\u00f6z\u00f6tt. Extra eszk\u00f6z\u00f6k, mint a rozsdamentes ac\u00e9l akad\u00f3horogunk, n\u00f6velik a felkutathat\u00f3 kincsek k\u00f6r\u00e9t \u00e9s sokoldal\u00fas\u00e1g\u00e1t. A horog \u00e9s a m\u00e1gnes \u00f6nmagukban is m\u0171k\u00f6dnek, de egy\u00fctt m\u00e9g er\u0151sebbek.<\/span>\n\n<h2><strong>Mely anyagok nem m\u00e1gnesesek?<\/strong><\/h2>\n\n<span style=\"font-weight: 400;\">A m\u00e1gnesekkel a m\u00e1gneses anyagokat tudod megfogni. B\u00e1r minden m\u00e1gneses anyag f\u00e9m, nem minden f\u00e9m m\u00e1gneses. Az al\u00e1bbi t\u00e1bl\u00e1zat \u00e1ttekint\u00e9st ad azokr\u00f3l az anyagokr\u00f3l \u00e9s t\u00e1rgyakr\u00f3l, amelyeket m\u00e1gnessel vonzhatsz vagy horoggal megfogadhatsz:<\/span>\n\n<table>\n<tbody>\n<tr>\n<td><b>M\u00e1gneses<\/b><\/td>\n<td><b>Nem m\u00e1gneses<\/b><\/td>\n<\/tr>\n<tr>\n<td><span style=\"font-weight: 400;\">Vas (ed\u00e9nyek, serpeny\u0151k)<\/span><\/td>\n<td><span style=\"font-weight: 400;\">Alum\u00ednium (dobozok, ev\u0151eszk\u00f6z\u00f6k)<\/span><\/td>\n<\/tr>\n<tr>\n<td><span style=\"font-weight: 400;\">Nikkel (\u00e9rm\u00e9k)<\/span><\/td>\n<td><span style=\"font-weight: 400;\">R\u00e9z (\u00e9rm\u00e9k)<\/span><\/td>\n<\/tr>\n<tr>\n<td><span style=\"font-weight: 400;\">Kobalt (csavarok, csavarany\u00e1k, szersz\u00e1mok)<\/span><\/td>\n<td><span style=\"font-weight: 400;\">\u00d3lom (akkumul\u00e1torok, s\u00falyok)<\/span><\/td>\n<\/tr>\n<tr>\n<td><span style=\"font-weight: 400;\">Ac\u00e9l (cs\u00f6vek, vas\u00fat, g\u00e9pj\u00e1rm\u0171vek)<\/span><\/td>\n<td><span style=\"font-weight: 400;\">S\u00e1rgar\u00e9z (hangszerek)<\/span><\/td>\n<\/tr>\n<\/tbody>\n<\/table>","protected":false},"excerpt":{"rendered":"<p><span style=\"font-weight: 400;\">A cs\u00facstechnol\u00f3gi\u00e1s akad\u00f3horog t\u00f6k\u00e9letes a v\u00edz alatti, <strong>nem m\u00e1gneses, t\u00falm\u00e9retezett, neh\u00e9z, r\u00e9szben m\u00e1gneses vagy furcsa alak\u00fa<\/strong> t\u00e1rgyak kiemel\u00e9s\u00e9hez. Legyen sz\u00f3 partr\u00f3l vagy haj\u00f3r\u00f3l, sz\u00e1mos \u00e9rdekes lelethez seg\u00edt hozz\u00e1jutni.<\/span><\/p>\n<p><span style=\"font-weight: 400;\">Tapasztalataink szerint a leghasznosabb <strong>kieg\u00e9sz\u00edt\u0151 a<\/strong><\/span><strong><a href=\"https:\/\/magnetarmagnets.com\/\" target=\"_blank\" rel=\"noopener\">horg\u00e1szm\u00e1gnes<\/a><\/strong><span style=\"font-weight: 400;\"> sz\u00e1m\u00e1ra. Nincs is frusztr\u00e1l\u00f3bb, mint amikor a m\u00e1gnes a felszerel\u00e9sedhez ragad, \u00e9s nem tudod kih\u00fazni a t\u00e1rgyat a v\u00edzb\u0151l. A horog haszn\u00e1lata <strong>n\u00f6veli a m\u00e1gnes kihaszn\u00e1lhat\u00f3s\u00e1g\u00e1t \u00e9s h\u00faz\u00f3erej\u00e9t<\/strong>, hogy <strong>m\u00e9g nagyobb, jobb \u00e9s eml\u00e9kezetesebb kincseket<\/strong> tal\u00e1lj.<\/span><\/p>\n","protected":false},"featured_media":69669,"comment_status":"open","ping_status":"closed","template":"","meta":{"_acf_changed":false,"inline_featured_image":false},"product_brand":[],"product_cat":[536,537,1017],"product_tag":[],"class_list":{"0":"post-82561","1":"product","2":"type-product","3":"status-publish","4":"has-post-thumbnail","6":"product_cat-felszereles","7":"product_cat-horgasz-magnes-felszereles","8":"product_cat-nincs-kategorizalva","10":"first","11":"instock","12":"sale","13":"taxable","14":"shipping-taxable","15":"purchasable","16":"product-type-simple"},"acf":[],"yoast_head":"<!-- This site is optimized with the Yoast SEO plugin v27.4 - https:\/\/yoast.com\/product\/yoast-seo-wordpress\/ -->\n<title>M\u00e1gnes horg\u00e1sz akad\u00f3horog \u2013 Magnetar \u00ae [V\u00e1s\u00e1rolj most]<\/title>\n<meta name=\"description\" content=\"V\u00e1s\u00e1rold meg a legjobb m\u00e1gnes horg\u00e1sz akad\u00f3horogot \u27a4 Magnetar \u00ae. A m\u00e1gnes horg\u00e1szat minden kell\u00e9k\u00e9nek boltja. Ugyanazon a napon sz\u00e1ll\u00edtjuk!\" \/>\n<meta name=\"robots\" content=\"index, follow, max-snippet:-1, max-image-preview:large, max-video-preview:-1\" \/>\n<link rel=\"canonical\" href=\"https:\/\/magnetarmagnets.com\/hu\/shop\/a-magnes-horgaszat-legjobb-akadohorogja\/\" \/>\n<meta property=\"og:locale\" content=\"hu_HU\" \/>\n<meta property=\"og:type\" content=\"article\" \/>\n<meta property=\"og:title\" content=\"M\u00e1gnes horg\u00e1sz akad\u00f3horog \u2013 Magnetar \u00ae [V\u00e1s\u00e1rolj most]\" \/>\n<meta property=\"og:description\" content=\"V\u00e1s\u00e1rold meg a legjobb m\u00e1gnes horg\u00e1sz akad\u00f3horogot \u27a4 Magnetar \u00ae. A m\u00e1gnes horg\u00e1szat minden kell\u00e9k\u00e9nek boltja. Ugyanazon a napon sz\u00e1ll\u00edtjuk!\" \/>\n<meta property=\"og:url\" content=\"https:\/\/magnetarmagnets.com\/hu\/shop\/a-magnes-horgaszat-legjobb-akadohorogja\/\" \/>\n<meta property=\"og:site_name\" content=\"Magnet fishing with a Magnetar fishing magnet\" \/>\n<meta property=\"article:publisher\" content=\"https:\/\/www.facebook.com\/fishingmagnets\/\" \/>\n<meta property=\"article:modified_time\" content=\"2026-04-17T22:43:55+00:00\" \/>\n<meta property=\"og:image\" content=\"https:\/\/magnetarmagnets.com\/wp-content\/uploads\/2015\/09\/wurfanker.jpg\" \/>\n\t<meta property=\"og:image:width\" content=\"1570\" \/>\n\t<meta property=\"og:image:height\" content=\"1570\" \/>\n\t<meta property=\"og:image:type\" content=\"image\/jpeg\" \/>\n<meta name=\"twitter:card\" content=\"summary_large_image\" \/>\n<meta name=\"twitter:label1\" content=\"Becs\u00fclt olvas\u00e1si id\u0151\" \/>\n\t<meta name=\"twitter:data1\" content=\"6 perc\" \/>\n<script type=\"application\/ld+json\" class=\"yoast-schema-graph\">{\"@context\":\"https:\\\/\\\/schema.org\",\"@graph\":[{\"@type\":[\"WebPage\",\"ItemPage\"],\"@id\":\"https:\\\/\\\/magnetarmagnets.com\\\/hu\\\/shop\\\/a-magnes-horgaszat-legjobb-akadohorogja\\\/\",\"url\":\"https:\\\/\\\/magnetarmagnets.com\\\/hu\\\/shop\\\/a-magnes-horgaszat-legjobb-akadohorogja\\\/\",\"name\":\"M\u00e1gnes horg\u00e1sz akad\u00f3horog \u2013 Magnetar \u00ae [V\u00e1s\u00e1rolj most]\",\"isPartOf\":{\"@id\":\"https:\\\/\\\/magnetarmagnets.com\\\/hu\\\/#website\"},\"primaryImageOfPage\":{\"@id\":\"https:\\\/\\\/magnetarmagnets.com\\\/hu\\\/shop\\\/a-magnes-horgaszat-legjobb-akadohorogja\\\/#primaryimage\"},\"image\":{\"@id\":\"https:\\\/\\\/magnetarmagnets.com\\\/hu\\\/shop\\\/a-magnes-horgaszat-legjobb-akadohorogja\\\/#primaryimage\"},\"thumbnailUrl\":\"https:\\\/\\\/magnetarmagnets.com\\\/wp-content\\\/uploads\\\/2015\\\/09\\\/wurfanker.jpg\",\"datePublished\":\"2025-06-05T07:54:42+00:00\",\"dateModified\":\"2026-04-17T22:43:55+00:00\",\"description\":\"V\u00e1s\u00e1rold meg a legjobb m\u00e1gnes horg\u00e1sz akad\u00f3horogot \u27a4 Magnetar \u00ae. A m\u00e1gnes horg\u00e1szat minden kell\u00e9k\u00e9nek boltja. Ugyanazon a napon sz\u00e1ll\u00edtjuk!\",\"breadcrumb\":{\"@id\":\"https:\\\/\\\/magnetarmagnets.com\\\/hu\\\/shop\\\/a-magnes-horgaszat-legjobb-akadohorogja\\\/#breadcrumb\"},\"inLanguage\":\"hu\",\"potentialAction\":[{\"@type\":\"ReadAction\",\"target\":[\"https:\\\/\\\/magnetarmagnets.com\\\/hu\\\/shop\\\/a-magnes-horgaszat-legjobb-akadohorogja\\\/\"]}]},{\"@type\":\"ImageObject\",\"inLanguage\":\"hu\",\"@id\":\"https:\\\/\\\/magnetarmagnets.com\\\/hu\\\/shop\\\/a-magnes-horgaszat-legjobb-akadohorogja\\\/#primaryimage\",\"url\":\"https:\\\/\\\/magnetarmagnets.com\\\/wp-content\\\/uploads\\\/2015\\\/09\\\/wurfanker.jpg\",\"contentUrl\":\"https:\\\/\\\/magnetarmagnets.com\\\/wp-content\\\/uploads\\\/2015\\\/09\\\/wurfanker.jpg\",\"width\":1570,\"height\":1570,\"caption\":\"magnet-fishing-grappling-hook\"},{\"@type\":\"BreadcrumbList\",\"@id\":\"https:\\\/\\\/magnetarmagnets.com\\\/hu\\\/shop\\\/a-magnes-horgaszat-legjobb-akadohorogja\\\/#breadcrumb\",\"itemListElement\":[{\"@type\":\"ListItem\",\"position\":1,\"name\":\"Home\",\"item\":\"https:\\\/\\\/magnetarmagnets.com\\\/hu\\\/\"},{\"@type\":\"ListItem\",\"position\":2,\"name\":\"Webshop\",\"item\":\"https:\\\/\\\/magnetarmagnets.com\\\/webshop\\\/\"},{\"@type\":\"ListItem\",\"position\":3,\"name\":\"Felszerel\u00e9s\",\"item\":\"https:\\\/\\\/magnetarmagnets.com\\\/hu\\\/collections\\\/felszereles\\\/\"},{\"@type\":\"ListItem\",\"position\":4,\"name\":\"Horg\u00e1sz m\u00e1gnes felszerel\u00e9s\",\"item\":\"https:\\\/\\\/magnetarmagnets.com\\\/hu\\\/collections\\\/felszereles\\\/horgasz-magnes-felszereles\\\/\"},{\"@type\":\"ListItem\",\"position\":5,\"name\":\"A m\u00e1gnes horg\u00e1szat legjobb akad\u00f3horogja\"}]},{\"@type\":\"WebSite\",\"@id\":\"https:\\\/\\\/magnetarmagnets.com\\\/hu\\\/#website\",\"url\":\"https:\\\/\\\/magnetarmagnets.com\\\/hu\\\/\",\"name\":\"Magnet fishing with a Magnetar fishing magnet\",\"description\":\"Er\u0151s m\u00e1gnesek m\u00e1gneshorg\u00e1szathoz\",\"publisher\":{\"@id\":\"https:\\\/\\\/magnetarmagnets.com\\\/hu\\\/#organization\"},\"potentialAction\":[{\"@type\":\"SearchAction\",\"target\":{\"@type\":\"EntryPoint\",\"urlTemplate\":\"https:\\\/\\\/magnetarmagnets.com\\\/hu\\\/?s={search_term_string}\"},\"query-input\":{\"@type\":\"PropertyValueSpecification\",\"valueRequired\":true,\"valueName\":\"search_term_string\"}}],\"inLanguage\":\"hu\"},{\"@type\":\"Organization\",\"@id\":\"https:\\\/\\\/magnetarmagnets.com\\\/hu\\\/#organization\",\"name\":\"Magnetar\",\"url\":\"https:\\\/\\\/magnetarmagnets.com\\\/hu\\\/\",\"logo\":{\"@type\":\"ImageObject\",\"inLanguage\":\"hu\",\"@id\":\"https:\\\/\\\/magnetarmagnets.com\\\/hu\\\/#\\\/schema\\\/logo\\\/image\\\/\",\"url\":\"https:\\\/\\\/magnetarmagnets.com\\\/wp-content\\\/uploads\\\/2025\\\/05\\\/Logo-03_PNG-Black-scaled.png\",\"contentUrl\":\"https:\\\/\\\/magnetarmagnets.com\\\/wp-content\\\/uploads\\\/2025\\\/05\\\/Logo-03_PNG-Black-scaled.png\",\"width\":2560,\"height\":1658,\"caption\":\"Magnetar\"},\"image\":{\"@id\":\"https:\\\/\\\/magnetarmagnets.com\\\/hu\\\/#\\\/schema\\\/logo\\\/image\\\/\"},\"sameAs\":[\"https:\\\/\\\/www.facebook.com\\\/fishingmagnets\\\/\",\"https:\\\/\\\/www.instagram.com\\\/magnetar_magnets\\\/\",\"https:\\\/\\\/www.linkedin.com\\\/company\\\/magnetarbv\\\/?originalSubdomain=nl\",\"https:\\\/\\\/www.youtube.com\\\/c\\\/MagnetarVismagneet\"]}]}<\/script>\n<!-- \/ Yoast SEO plugin. -->","yoast_head_json":{"title":"M\u00e1gnes horg\u00e1sz akad\u00f3horog \u2013 Magnetar \u00ae [V\u00e1s\u00e1rolj most]","description":"V\u00e1s\u00e1rold meg a legjobb m\u00e1gnes horg\u00e1sz akad\u00f3horogot \u27a4 Magnetar \u00ae. A m\u00e1gnes horg\u00e1szat minden kell\u00e9k\u00e9nek boltja. Ugyanazon a napon sz\u00e1ll\u00edtjuk!","robots":{"index":"index","follow":"follow","max-snippet":"max-snippet:-1","max-image-preview":"max-image-preview:large","max-video-preview":"max-video-preview:-1"},"canonical":"https:\/\/magnetarmagnets.com\/hu\/shop\/a-magnes-horgaszat-legjobb-akadohorogja\/","og_locale":"hu_HU","og_type":"article","og_title":"M\u00e1gnes horg\u00e1sz akad\u00f3horog \u2013 Magnetar \u00ae [V\u00e1s\u00e1rolj most]","og_description":"V\u00e1s\u00e1rold meg a legjobb m\u00e1gnes horg\u00e1sz akad\u00f3horogot \u27a4 Magnetar \u00ae. A m\u00e1gnes horg\u00e1szat minden kell\u00e9k\u00e9nek boltja. Ugyanazon a napon sz\u00e1ll\u00edtjuk!","og_url":"https:\/\/magnetarmagnets.com\/hu\/shop\/a-magnes-horgaszat-legjobb-akadohorogja\/","og_site_name":"Magnet fishing with a Magnetar fishing magnet","article_publisher":"https:\/\/www.facebook.com\/fishingmagnets\/","article_modified_time":"2026-04-17T22:43:55+00:00","og_image":[{"width":1570,"height":1570,"url":"https:\/\/magnetarmagnets.com\/wp-content\/uploads\/2015\/09\/wurfanker.jpg","type":"image\/jpeg"}],"twitter_card":"summary_large_image","twitter_misc":{"Becs\u00fclt olvas\u00e1si id\u0151":"6 perc"},"schema":{"@context":"https:\/\/schema.org","@graph":[{"@type":["WebPage","ItemPage"],"@id":"https:\/\/magnetarmagnets.com\/hu\/shop\/a-magnes-horgaszat-legjobb-akadohorogja\/","url":"https:\/\/magnetarmagnets.com\/hu\/shop\/a-magnes-horgaszat-legjobb-akadohorogja\/","name":"M\u00e1gnes horg\u00e1sz akad\u00f3horog \u2013 Magnetar \u00ae [V\u00e1s\u00e1rolj most]","isPartOf":{"@id":"https:\/\/magnetarmagnets.com\/hu\/#website"},"primaryImageOfPage":{"@id":"https:\/\/magnetarmagnets.com\/hu\/shop\/a-magnes-horgaszat-legjobb-akadohorogja\/#primaryimage"},"image":{"@id":"https:\/\/magnetarmagnets.com\/hu\/shop\/a-magnes-horgaszat-legjobb-akadohorogja\/#primaryimage"},"thumbnailUrl":"https:\/\/magnetarmagnets.com\/wp-content\/uploads\/2015\/09\/wurfanker.jpg","datePublished":"2025-06-05T07:54:42+00:00","dateModified":"2026-04-17T22:43:55+00:00","description":"V\u00e1s\u00e1rold meg a legjobb m\u00e1gnes horg\u00e1sz akad\u00f3horogot \u27a4 Magnetar \u00ae. A m\u00e1gnes horg\u00e1szat minden kell\u00e9k\u00e9nek boltja. Ugyanazon a napon sz\u00e1ll\u00edtjuk!","breadcrumb":{"@id":"https:\/\/magnetarmagnets.com\/hu\/shop\/a-magnes-horgaszat-legjobb-akadohorogja\/#breadcrumb"},"inLanguage":"hu","potentialAction":[{"@type":"ReadAction","target":["https:\/\/magnetarmagnets.com\/hu\/shop\/a-magnes-horgaszat-legjobb-akadohorogja\/"]}]},{"@type":"ImageObject","inLanguage":"hu","@id":"https:\/\/magnetarmagnets.com\/hu\/shop\/a-magnes-horgaszat-legjobb-akadohorogja\/#primaryimage","url":"https:\/\/magnetarmagnets.com\/wp-content\/uploads\/2015\/09\/wurfanker.jpg","contentUrl":"https:\/\/magnetarmagnets.com\/wp-content\/uploads\/2015\/09\/wurfanker.jpg","width":1570,"height":1570,"caption":"magnet-fishing-grappling-hook"},{"@type":"BreadcrumbList","@id":"https:\/\/magnetarmagnets.com\/hu\/shop\/a-magnes-horgaszat-legjobb-akadohorogja\/#breadcrumb","itemListElement":[{"@type":"ListItem","position":1,"name":"Home","item":"https:\/\/magnetarmagnets.com\/hu\/"},{"@type":"ListItem","position":2,"name":"Webshop","item":"https:\/\/magnetarmagnets.com\/webshop\/"},{"@type":"ListItem","position":3,"name":"Felszerel\u00e9s","item":"https:\/\/magnetarmagnets.com\/hu\/collections\/felszereles\/"},{"@type":"ListItem","position":4,"name":"Horg\u00e1sz m\u00e1gnes felszerel\u00e9s","item":"https:\/\/magnetarmagnets.com\/hu\/collections\/felszereles\/horgasz-magnes-felszereles\/"},{"@type":"ListItem","position":5,"name":"A m\u00e1gnes horg\u00e1szat legjobb akad\u00f3horogja"}]},{"@type":"WebSite","@id":"https:\/\/magnetarmagnets.com\/hu\/#website","url":"https:\/\/magnetarmagnets.com\/hu\/","name":"Magnet fishing with a Magnetar fishing magnet","description":"Er\u0151s m\u00e1gnesek m\u00e1gneshorg\u00e1szathoz","publisher":{"@id":"https:\/\/magnetarmagnets.com\/hu\/#organization"},"potentialAction":[{"@type":"SearchAction","target":{"@type":"EntryPoint","urlTemplate":"https:\/\/magnetarmagnets.com\/hu\/?s={search_term_string}"},"query-input":{"@type":"PropertyValueSpecification","valueRequired":true,"valueName":"search_term_string"}}],"inLanguage":"hu"},{"@type":"Organization","@id":"https:\/\/magnetarmagnets.com\/hu\/#organization","name":"Magnetar","url":"https:\/\/magnetarmagnets.com\/hu\/","logo":{"@type":"ImageObject","inLanguage":"hu","@id":"https:\/\/magnetarmagnets.com\/hu\/#\/schema\/logo\/image\/","url":"https:\/\/magnetarmagnets.com\/wp-content\/uploads\/2025\/05\/Logo-03_PNG-Black-scaled.png","contentUrl":"https:\/\/magnetarmagnets.com\/wp-content\/uploads\/2025\/05\/Logo-03_PNG-Black-scaled.png","width":2560,"height":1658,"caption":"Magnetar"},"image":{"@id":"https:\/\/magnetarmagnets.com\/hu\/#\/schema\/logo\/image\/"},"sameAs":["https:\/\/www.facebook.com\/fishingmagnets\/","https:\/\/www.instagram.com\/magnetar_magnets\/","https:\/\/www.linkedin.com\/company\/magnetarbv\/?originalSubdomain=nl","https:\/\/www.youtube.com\/c\/MagnetarVismagneet"]}]}},"_links":{"self":[{"href":"https:\/\/magnetarmagnets.com\/hu\/wp-json\/wp\/v2\/product\/82561","targetHints":{"allow":["GET"]}}],"collection":[{"href":"https:\/\/magnetarmagnets.com\/hu\/wp-json\/wp\/v2\/product"}],"about":[{"href":"https:\/\/magnetarmagnets.com\/hu\/wp-json\/wp\/v2\/types\/product"}],"replies":[{"embeddable":true,"href":"https:\/\/magnetarmagnets.com\/hu\/wp-json\/wp\/v2\/comments?post=82561"}],"version-history":[{"count":1,"href":"https:\/\/magnetarmagnets.com\/hu\/wp-json\/wp\/v2\/product\/82561\/revisions"}],"predecessor-version":[{"id":94691,"href":"https:\/\/magnetarmagnets.com\/hu\/wp-json\/wp\/v2\/product\/82561\/revisions\/94691"}],"wp:featuredmedia":[{"embeddable":true,"href":"https:\/\/magnetarmagnets.com\/hu\/wp-json\/wp\/v2\/media\/69669"}],"wp:attachment":[{"href":"https:\/\/magnetarmagnets.com\/hu\/wp-json\/wp\/v2\/media?parent=82561"}],"wp:term":[{"taxonomy":"product_brand","embeddable":true,"href":"https:\/\/magnetarmagnets.com\/hu\/wp-json\/wp\/v2\/product_brand?post=82561"},{"taxonomy":"product_cat","embeddable":true,"href":"https:\/\/magnetarmagnets.com\/hu\/wp-json\/wp\/v2\/product_cat?post=82561"},{"taxonomy":"product_tag","embeddable":true,"href":"https:\/\/magnetarmagnets.com\/hu\/wp-json\/wp\/v2\/product_tag?post=82561"}],"curies":[{"name":"wp","href":"https:\/\/api.w.org\/{rel}","templated":true}]}}