{"id":82558,"date":"2025-06-05T09:54:42","date_gmt":"2025-06-05T07:54:42","guid":{"rendered":"https:\/\/magnetarmagnets.com\/?post_type=product&#038;p=82558"},"modified":"2026-05-16T09:01:33","modified_gmt":"2026-05-16T07:01:33","slug":"vadaszmagnes-acelsoret-eltavolito","status":"publish","type":"product","link":"https:\/\/magnetarmagnets.com\/hu\/shop\/vadaszmagnes-acelsoret-eltavolito\/","title":{"rendered":"Vad\u00e1szati m\u00e1gnes &#8211; ac\u00e9ll\u00f6ved\u00e9k elt\u00e1vol\u00edt\u00f3"},"content":{"rendered":"\t\t<div data-elementor-type=\"product-post\" data-elementor-id=\"82558\" class=\"elementor elementor-82558 elementor-66900\" data-elementor-post-type=\"product\">\n\t\t\t\t<div class=\"elementor-element elementor-element-31f276ad e-con-full e-flex e-con e-parent\" data-id=\"31f276ad\" data-element_type=\"container\" data-e-type=\"container\" data-settings=\"{&quot;background_background&quot;:&quot;classic&quot;,&quot;animation_mobile&quot;:&quot;fadeInUp&quot;}\">\n\t\t\t\t<\/div>\n\t\t<div class=\"elementor-element elementor-element-1e9d1dc e-con-full e-flex e-con e-parent\" data-id=\"1e9d1dc\" data-element_type=\"container\" data-e-type=\"container\" data-settings=\"{&quot;background_background&quot;:&quot;classic&quot;,&quot;animation_mobile&quot;:&quot;fadeInUp&quot;}\">\n\t\t\t\t<div class=\"elementor-element elementor-element-73e2a792 elementor-hidden-desktop elementor-widget elementor-widget-spacer\" data-id=\"73e2a792\" data-element_type=\"widget\" data-e-type=\"widget\" data-widget_type=\"spacer.default\">\n\t\t\t\t\t\t\t<div class=\"elementor-spacer\">\n\t\t\t<div class=\"elementor-spacer-inner\"><\/div>\n\t\t<\/div>\n\t\t\t\t\t\t<\/div>\n\t\t\t\t<div class=\"elementor-element elementor-element-542b06e7 elementor-widget elementor-widget-text-editor\" data-id=\"542b06e7\" data-element_type=\"widget\" data-e-type=\"widget\" data-settings=\"{&quot;_animation_mobile&quot;:&quot;slideInLeft&quot;}\" data-widget_type=\"text-editor.default\">\n\t\t\t\t\t\t\t\t\t<p data-start=\"0\" data-end=\"478\">K\u00e9sz\u00edtsen vadh\u00fast nagyobb kontrollal. Ez a vad\u00e1szm\u00e1gnes seg\u00edt megtal\u00e1lni \u00e9s elt\u00e1vol\u00edtani az ac\u00e9ls\u00f6r\u00e9tet f\u0151z\u00e9s vagy t\u00e1lal\u00e1s el\u0151tt. Ez azt jelenti, hogy kevesebb kellemetlen meglepet\u00e9s \u00e9ri \u00e9tkez\u00e9s k\u00f6zben, \u00e9s kisebb az es\u00e9lye a fogak k\u00e1rosod\u00e1s\u00e1nak. Fedje le a m\u00e1gnest f\u00f3li\u00e1val, lassan mozgassa a h\u00fas f\u00f6l\u00f6tt, \u00e9s gyorsan \u00e9s tiszt\u00e1n t\u00e1vol\u00edtsa el az \u00e9szlelt l\u00f6v\u00e9st. K\u00fcl\u00f6nb\u00f6z\u0151 \u00e9rz\u00e9kel\u00e9si tartom\u00e1nyokban kaphat\u00f3, \u00edgy kiv\u00e1laszthatja a ny\u00fal, kacsa, liba, galamb vagy f\u00e1c\u00e1n elk\u00e9sz\u00edt\u00e9si m\u00f3dj\u00e1nak megfelel\u0151 v\u00e1ltozatot.<\/p>\t\t\t\t\t\t\t\t<\/div>\n\t\t\t\t<\/div>\n\t\t<div class=\"elementor-element elementor-element-574327f4 e-flex e-con-boxed e-con e-parent\" data-id=\"574327f4\" data-element_type=\"container\" data-e-type=\"container\">\n\t\t\t\t\t<div class=\"e-con-inner\">\n\t\t\t\t<div class=\"elementor-element elementor-element-6aac5a53 elementor-widget elementor-widget-spacer\" data-id=\"6aac5a53\" data-element_type=\"widget\" data-e-type=\"widget\" data-widget_type=\"spacer.default\">\n\t\t\t\t\t\t\t<div class=\"elementor-spacer\">\n\t\t\t<div class=\"elementor-spacer-inner\"><\/div>\n\t\t<\/div>\n\t\t\t\t\t\t<\/div>\n\t\t\t\t\t<\/div>\n\t\t\t\t<\/div>\n\t\t<div class=\"elementor-element elementor-element-29acd060 e-con-full e-flex e-con e-parent\" data-id=\"29acd060\" data-element_type=\"container\" data-e-type=\"container\" data-settings=\"{&quot;background_background&quot;:&quot;classic&quot;,&quot;animation_mobile&quot;:&quot;fadeInUp&quot;}\">\n\t\t\t\t<\/div>\n\t\t<div class=\"elementor-element elementor-element-5be08ce1 e-flex e-con-boxed e-con e-parent\" data-id=\"5be08ce1\" data-element_type=\"container\" data-e-type=\"container\" data-settings=\"{&quot;background_background&quot;:&quot;classic&quot;,&quot;animation_mobile&quot;:&quot;fadeInUp&quot;}\">\n\t\t\t\t\t<div class=\"e-con-inner\">\n\t\t\t\t<div class=\"elementor-element elementor-element-761d1fdb elementor-widget elementor-widget-text-editor\" data-id=\"761d1fdb\" data-element_type=\"widget\" data-e-type=\"widget\" data-settings=\"{&quot;_animation_mobile&quot;:&quot;none&quot;}\" data-widget_type=\"text-editor.default\">\n\t\t\t\t\t\t\t\t\t<p data-start=\"533\" data-end=\"815\">A vadh\u00fasban l\u00e9v\u0151 ac\u00e9ll\u00f6ved\u00e9ket k\u00e9zzel k\u00f6nny\u0171 elt\u00e9veszteni. Ez a m\u00e1gnes seg\u00edt felismerni \u00e9s elt\u00e1vol\u00edtani, miel\u0151tt a t\u00e1ny\u00e9rra ker\u00fclne. A nagyobb m\u00e9ret nagyobb \u00e9rz\u00e9kel\u00e9si tartom\u00e1nyt biztos\u00edt, ami gyorsabb\u00e1 \u00e9s pontosabb\u00e1 teszi az el\u0151k\u00e9sz\u00edt\u00e9st a vastagabb h\u00fasdarabok eset\u00e9ben.<\/p>\t\t\t\t\t\t\t\t<\/div>\n\t\t\t\t<div class=\"elementor-element elementor-element-1f4c2e56 elementor-widget elementor-widget-spacer\" data-id=\"1f4c2e56\" data-element_type=\"widget\" data-e-type=\"widget\" data-widget_type=\"spacer.default\">\n\t\t\t\t\t\t\t<div class=\"elementor-spacer\">\n\t\t\t<div class=\"elementor-spacer-inner\"><\/div>\n\t\t<\/div>\n\t\t\t\t\t\t<\/div>\n\t\t\t\t\t<\/div>\n\t\t\t\t<\/div>\n\t\t<div class=\"elementor-element elementor-element-71e2abe6 e-flex e-con-boxed e-con e-parent\" data-id=\"71e2abe6\" data-element_type=\"container\" data-e-type=\"container\" data-settings=\"{&quot;animation_mobile&quot;:&quot;fadeInUp&quot;}\">\n\t\t\t\t\t<div class=\"e-con-inner\">\n\t\t<div class=\"elementor-element elementor-element-17080b19 e-con-full e-flex e-con e-child\" data-id=\"17080b19\" data-element_type=\"container\" data-e-type=\"container\" data-settings=\"{&quot;background_background&quot;:&quot;classic&quot;}\">\n\t\t\t\t<\/div>\n\t\t<div class=\"elementor-element elementor-element-459c242 e-con-full e-flex e-con e-child\" data-id=\"459c242\" data-element_type=\"container\" data-e-type=\"container\">\n\t\t\t\t<div class=\"elementor-element elementor-element-76572af6 elementor-widget elementor-widget-text-editor\" data-id=\"76572af6\" data-element_type=\"widget\" data-e-type=\"widget\" data-settings=\"{&quot;_animation_mobile&quot;:&quot;slideInLeft&quot;}\" data-widget_type=\"text-editor.default\">\n\t\t\t\t\t\t\t\t\t<p data-start=\"817\" data-end=\"1027\">Haszn\u00e1lja a m\u00e1gnest egy f\u00f3liar\u00e9teggel k\u00f6r\u00fclv\u00e9ve, \u00e9s lassan mozgassa a h\u00fas f\u00f6l\u00f6tt. Ez higi\u00e9nikusan tartja a folyamatot, \u00e9s az elt\u00e1vol\u00edtott l\u00f6v\u00e9s k\u00f6nnyen eldobhat\u00f3v\u00e1 v\u00e1lik.<\/p>\t\t\t\t\t\t\t\t<\/div>\n\t\t\t\t<div class=\"elementor-element elementor-element-5aae368 elementor-widget elementor-widget-text-editor\" data-id=\"5aae368\" data-element_type=\"widget\" data-e-type=\"widget\" data-widget_type=\"text-editor.default\">\n\t\t\t\t\t\t\t\t\t<p data-start=\"1029\" data-end=\"1199\">Alkalmas vad\u00e1szoknak, h\u00e1zi szak\u00e1csoknak \u00e9s mindenkinek, aki rendszeresen k\u00e9sz\u00edt vadh\u00fast. Praktikus eszk\u00f6z a kacsa, liba, galamb, f\u00e1c\u00e1n, ny\u00fal \u00e9s m\u00e1s vadak tiszt\u00e1bb elk\u00e9sz\u00edt\u00e9s\u00e9hez.<\/p>\t\t\t\t\t\t\t\t<\/div>\n\t\t\t\t<div class=\"elementor-element elementor-element-3ab5bddf elementor-widget elementor-widget-spacer\" data-id=\"3ab5bddf\" data-element_type=\"widget\" data-e-type=\"widget\" data-widget_type=\"spacer.default\">\n\t\t\t\t\t\t\t<div class=\"elementor-spacer\">\n\t\t\t<div class=\"elementor-spacer-inner\"><\/div>\n\t\t<\/div>\n\t\t\t\t\t\t<\/div>\n\t\t\t\t<\/div>\n\t\t\t\t\t<\/div>\n\t\t\t\t<\/div>\n\t\t<div class=\"elementor-element elementor-element-2e7daca2 e-flex e-con-boxed e-con e-parent\" data-id=\"2e7daca2\" data-element_type=\"container\" data-e-type=\"container\" data-settings=\"{&quot;animation_mobile&quot;:&quot;fadeInUp&quot;}\">\n\t\t\t\t\t<div class=\"e-con-inner\">\n\t\t\t\t<div class=\"elementor-element elementor-element-10879881 elementor-widget elementor-widget-heading\" data-id=\"10879881\" data-element_type=\"widget\" data-e-type=\"widget\" data-settings=\"{&quot;_animation_mobile&quot;:&quot;slideInLeft&quot;}\" data-widget_type=\"heading.default\">\n\t\t\t\t\t<h2 class=\"elementor-heading-title elementor-size-default\">Mi\u00e9rt v\u00e1lassza a huntmagnetet?<\/h2>\t\t\t\t<\/div>\n\t\t\t\t\t<\/div>\n\t\t\t\t<\/div>\n\t\t<div class=\"elementor-element elementor-element-14f0f04 e-flex e-con-boxed e-con e-parent\" data-id=\"14f0f04\" data-element_type=\"container\" data-e-type=\"container\" data-settings=\"{&quot;background_background&quot;:&quot;classic&quot;,&quot;animation_mobile&quot;:&quot;fadeInUp&quot;}\">\n\t\t\t\t\t<div class=\"e-con-inner\">\n\t\t\t\t\t<\/div>\n\t\t\t\t<\/div>\n\t\t<div class=\"elementor-element elementor-element-7a847a4d e-flex e-con-boxed e-con e-parent\" data-id=\"7a847a4d\" data-element_type=\"container\" data-e-type=\"container\" data-settings=\"{&quot;animation_mobile&quot;:&quot;fadeInUp&quot;}\">\n\t\t\t\t\t<div class=\"e-con-inner\">\n\t\t\t\t<div class=\"elementor-element elementor-element-25133c48 elementor-widget elementor-widget-spacer\" data-id=\"25133c48\" data-element_type=\"widget\" data-e-type=\"widget\" data-widget_type=\"spacer.default\">\n\t\t\t\t\t\t\t<div class=\"elementor-spacer\">\n\t\t\t<div class=\"elementor-spacer-inner\"><\/div>\n\t\t<\/div>\n\t\t\t\t\t\t<\/div>\n\t\t\t\t<div class=\"elementor-element elementor-element-2c0c5d64 elementor-widget elementor-widget-text-editor\" data-id=\"2c0c5d64\" data-element_type=\"widget\" data-e-type=\"widget\" data-settings=\"{&quot;_animation_mobile&quot;:&quot;slideInLeft&quot;}\" data-widget_type=\"text-editor.default\">\n\t\t\t\t\t\t\t\t\t<p><svg fill=\"none\" viewbox=\"0 0 24 24\" stroke-width=\"1.5\" stroke=\"currentColor\" style=\"width:18px;height:18px;vertical-align:middle;margin-right:6px;\"> <path stroke-linecap=\"round\" stroke-linejoin=\"round\" d=\"M9 12.75 11.25 15 15 9.75M21 12a9 9 0 1 1-18 0 9 9 0 0 1 18 0Z\"><\/path> <\/svg><strong>Elt\u00e1vol\u00edtja az ac\u00e9ll\u00f6ved\u00e9ket<\/strong><br>Seg\u00edt gyorsan kih\u00fazni a l\u00f6v\u00e9st a vadh\u00fasb\u00f3l.<\/p> <p><svg fill=\"none\" viewbox=\"0 0 24 24\" stroke-width=\"1.5\" stroke=\"currentColor\" style=\"width:18px;height:18px;vertical-align:middle;margin-right:6px;\"> <path stroke-linecap=\"round\" stroke-linejoin=\"round\" d=\"M9 12.75 11.25 15 15 9.75M21 12a9 9 0 1 1-18 0 9 9 0 0 1 18 0Z\"><\/path> <\/svg><strong>K\u00f6nnyen haszn\u00e1lhat\u00f3<\/strong><br>Csomagolja f\u00f3li\u00e1ba, \u00e9s lassan p\u00e1szt\u00e1zza a h\u00fast.<\/p> <p><svg fill=\"none\" viewbox=\"0 0 24 24\" stroke-width=\"1.5\" stroke=\"currentColor\" style=\"width:18px;height:18px;vertical-align:middle;margin-right:6px;\"> <path stroke-linecap=\"round\" stroke-linejoin=\"round\" d=\"M9 12.75 11.25 15 15 9.75M21 12a9 9 0 1 1-18 0 9 9 0 0 1 18 0Z\"><\/path> <\/svg><strong>V\u00e9di a fogakat<\/strong><br>Cs\u00f6kkenti a kem\u00e9ny meglepet\u00e9seket ev\u00e9s k\u00f6zben.<\/p> <p><svg fill=\"none\" viewbox=\"0 0 24 24\" stroke-width=\"1.5\" stroke=\"currentColor\" style=\"width:18px;height:18px;vertical-align:middle;margin-right:6px;\"> <path stroke-linecap=\"round\" stroke-linejoin=\"round\" d=\"M9 12.75 11.25 15 15 9.75M21 12a9 9 0 1 1-18 0 9 9 0 0 1 18 0Z\"><\/path> <\/svg><strong>K\u00fcl\u00f6nb\u00f6z\u0151 tartom\u00e1nyok<\/strong><br>V\u00e1lassza ki az \u00d6nnek megfelel\u0151 \u00e9rz\u00e9kel\u00e9si m\u00e9lys\u00e9get.<\/p> <p><svg fill=\"none\" viewbox=\"0 0 24 24\" stroke-width=\"1.5\" stroke=\"currentColor\" style=\"width:18px;height:18px;vertical-align:middle;margin-right:6px;\"> <path stroke-linecap=\"round\" stroke-linejoin=\"round\" d=\"M9 12.75 11.25 15 15 9.75M21 12a9 9 0 1 1-18 0 9 9 0 0 1 18 0Z\"><\/path> <\/svg><strong>M\u0171k\u00f6dik a j\u00e1t\u00e9kban<\/strong><br>Alkalmas ny\u00falra, kacs\u00e1ra, lib\u00e1ra \u00e9s f\u00e1c\u00e1nra.<\/p> <p><svg fill=\"none\" viewbox=\"0 0 24 24\" stroke-width=\"1.5\" stroke=\"currentColor\" style=\"width:18px;height:18px;vertical-align:middle;margin-right:6px;\"> <path stroke-linecap=\"round\" stroke-linejoin=\"round\" d=\"M9 12.75 11.25 15 15 9.75M21 12a9 9 0 1 1-18 0 9 9 0 0 1 18 0Z\"><\/path> <\/svg><strong>Tiszt\u00edt\u00f3szer el\u0151k\u00e9sz\u00edt\u00e9s<\/strong><br>K\u00f6nnyebben feldolgozhat\u00f3v\u00e1 teszi a vadh\u00fast f\u0151z\u00e9s el\u0151tt.<\/p> <p><svg fill=\"none\" viewbox=\"0 0 24 24\" stroke-width=\"1.5\" stroke=\"currentColor\" style=\"width:18px;height:18px;vertical-align:middle;margin-right:6px;\"> <path stroke-linecap=\"round\" stroke-linejoin=\"round\" d=\"M9 12.75 11.25 15 15 9.75M21 12a9 9 0 1 1-18 0 9 9 0 0 1 18 0Z\"><\/path> <\/svg><strong>Praktikus kieg\u00e9sz\u00edt\u0151<\/strong><br>Hasznos vad\u00e1szok \u00e9s otthoni vadk\u00e9sz\u00edt\u00e9shez.<\/p>\t\t\t\t\t\t\t\t<\/div>\n\t\t\t\t\t<\/div>\n\t\t\t\t<\/div>\n\t\t\t\t<\/div>\n\t\t","protected":false},"excerpt":{"rendered":"<p><strong>Fedezze fel<\/strong> a vad\u00e1szm\u00e1gnes \u00e9s ac\u00e9ll\u00f6ved\u00e9k-elt\u00e1vol\u00edt\u00f3 <strong>m\u00e1gnesk\u00e9sz\u00fcl\u00e9k\u00fcnkkel a v\u00e9gs\u0151 vad\u00e1szatra val\u00f3 felk\u00e9sz\u00fcl\u00e9st<\/strong>. Az ac\u00e9ll\u00f6ved\u00e9k elt\u00e1vol\u00edt\u00e1sa a vad\u00e9telekb\u0151l m\u00e9g soha nem volt ilyen <strong>egyszer\u0171!<\/strong> V\u00e1lassza ki az \u00d6nnek megfelel\u0151 ac\u00e9ls\u00f6r\u00e9t-elt\u00e1vol\u00edt\u00f3t. Min\u00e9l nagyobb a m\u00e1gnes, ann\u00e1l messzebbr\u0151l \u00e9rz\u00e9kelhet\u0151 a l\u00f6v\u00e9s. *A millim\u00e9terek sz\u00e1ma a m\u00e1gnes \u00e9rz\u00e9kel\u00e9si tartom\u00e1ny\u00e1t jelzi.<\/p>\n","protected":false},"featured_media":73362,"comment_status":"open","ping_status":"closed","template":"","meta":{"_acf_changed":false,"inline_featured_image":false},"product_brand":[],"product_cat":[536,540,1005],"product_tag":[1034],"class_list":{"0":"post-82558","1":"product","2":"type-product","3":"status-publish","4":"has-post-thumbnail","6":"product_cat-felszereles","7":"product_cat-magneses-kiegeszitok","8":"product_cat-osszes-termek","9":"product_tag-ingyenes-szallitas-2","11":"first","12":"instock","13":"taxable","14":"shipping-taxable","15":"purchasable","16":"product-type-variable"},"acf":[],"yoast_head":"<!-- This site is optimized with the Yoast SEO plugin v27.6 - https:\/\/yoast.com\/product\/yoast-seo-wordpress\/ -->\n<title>Staalhagel verwijderen doet u simpel en snel met de jachtmagneet (vide\u00f3)<\/title>\n<meta name=\"description\" content=\"K\u00f6nny\u0171 elt\u00e1vol\u00edtani az ac\u00e9ls\u00f6r\u00e9tet a vad\u00e1szm\u00e1gnessel\" \/>\n<meta name=\"robots\" content=\"index, follow, max-snippet:-1, max-image-preview:large, max-video-preview:-1\" \/>\n<link rel=\"canonical\" href=\"https:\/\/magnetarmagnets.com\/hu\/shop\/vadaszmagnes-acelsoret-eltavolito\/\" \/>\n<meta property=\"og:locale\" content=\"hu_HU\" \/>\n<meta property=\"og:type\" content=\"article\" \/>\n<meta property=\"og:title\" content=\"Staalhagel verwijderen doet u simpel en snel met de jachtmagneet (vide\u00f3)\" \/>\n<meta property=\"og:description\" content=\"K\u00f6nny\u0171 elt\u00e1vol\u00edtani az ac\u00e9ls\u00f6r\u00e9tet a vad\u00e1szm\u00e1gnessel\" \/>\n<meta property=\"og:url\" content=\"https:\/\/magnetarmagnets.com\/hu\/shop\/vadaszmagnes-acelsoret-eltavolito\/\" \/>\n<meta property=\"og:site_name\" content=\"Magnet fishing with a Magnetar fishing magnet\" \/>\n<meta property=\"article:publisher\" content=\"https:\/\/www.facebook.com\/fishingmagnets\/\" \/>\n<meta property=\"article:modified_time\" content=\"2026-05-16T07:01:33+00:00\" \/>\n<meta property=\"og:image\" content=\"https:\/\/magnetarmagnets.com\/wp-content\/uploads\/2023\/09\/JNF-Magnetar-Bedrijfsfotografie-01-09-2023-Foto-0142.jpg\" \/>\n\t<meta property=\"og:image:width\" content=\"1000\" \/>\n\t<meta property=\"og:image:height\" content=\"1000\" \/>\n\t<meta property=\"og:image:type\" content=\"image\/jpeg\" \/>\n<meta name=\"twitter:card\" content=\"summary_large_image\" \/>\n<meta name=\"twitter:label1\" content=\"Becs\u00fclt olvas\u00e1si id\u0151\" \/>\n\t<meta name=\"twitter:data1\" content=\"2 perc\" \/>\n<script type=\"application\/ld+json\" class=\"yoast-schema-graph\">{\"@context\":\"https:\\\/\\\/schema.org\",\"@graph\":[{\"@type\":[\"WebPage\",\"ItemPage\"],\"@id\":\"https:\\\/\\\/magnetarmagnets.com\\\/hu\\\/shop\\\/vadaszmagnes-acelsoret-eltavolito\\\/\",\"url\":\"https:\\\/\\\/magnetarmagnets.com\\\/hu\\\/shop\\\/vadaszmagnes-acelsoret-eltavolito\\\/\",\"name\":\"Staalhagel verwijderen doet u simpel en snel met de jachtmagneet (vide\u00f3)\",\"isPartOf\":{\"@id\":\"https:\\\/\\\/magnetarmagnets.com\\\/hu\\\/#website\"},\"primaryImageOfPage\":{\"@id\":\"https:\\\/\\\/magnetarmagnets.com\\\/hu\\\/shop\\\/vadaszmagnes-acelsoret-eltavolito\\\/#primaryimage\"},\"image\":{\"@id\":\"https:\\\/\\\/magnetarmagnets.com\\\/hu\\\/shop\\\/vadaszmagnes-acelsoret-eltavolito\\\/#primaryimage\"},\"thumbnailUrl\":\"https:\\\/\\\/magnetarmagnets.com\\\/wp-content\\\/uploads\\\/2023\\\/09\\\/JNF-Magnetar-Bedrijfsfotografie-01-09-2023-Foto-0142.jpg\",\"datePublished\":\"2025-06-05T07:54:42+00:00\",\"dateModified\":\"2026-05-16T07:01:33+00:00\",\"description\":\"K\u00f6nny\u0171 elt\u00e1vol\u00edtani az ac\u00e9ls\u00f6r\u00e9tet a vad\u00e1szm\u00e1gnessel\",\"breadcrumb\":{\"@id\":\"https:\\\/\\\/magnetarmagnets.com\\\/hu\\\/shop\\\/vadaszmagnes-acelsoret-eltavolito\\\/#breadcrumb\"},\"inLanguage\":\"hu\",\"potentialAction\":[{\"@type\":\"ReadAction\",\"target\":[\"https:\\\/\\\/magnetarmagnets.com\\\/hu\\\/shop\\\/vadaszmagnes-acelsoret-eltavolito\\\/\"]}]},{\"@type\":\"ImageObject\",\"inLanguage\":\"hu\",\"@id\":\"https:\\\/\\\/magnetarmagnets.com\\\/hu\\\/shop\\\/vadaszmagnes-acelsoret-eltavolito\\\/#primaryimage\",\"url\":\"https:\\\/\\\/magnetarmagnets.com\\\/wp-content\\\/uploads\\\/2023\\\/09\\\/JNF-Magnetar-Bedrijfsfotografie-01-09-2023-Foto-0142.jpg\",\"contentUrl\":\"https:\\\/\\\/magnetarmagnets.com\\\/wp-content\\\/uploads\\\/2023\\\/09\\\/JNF-Magnetar-Bedrijfsfotografie-01-09-2023-Foto-0142.jpg\",\"width\":1000,\"height\":1000},{\"@type\":\"BreadcrumbList\",\"@id\":\"https:\\\/\\\/magnetarmagnets.com\\\/hu\\\/shop\\\/vadaszmagnes-acelsoret-eltavolito\\\/#breadcrumb\",\"itemListElement\":[{\"@type\":\"ListItem\",\"position\":1,\"name\":\"Home\",\"item\":\"https:\\\/\\\/magnetarmagnets.com\\\/hu\\\/\"},{\"@type\":\"ListItem\",\"position\":2,\"name\":\"Webshop\",\"item\":\"https:\\\/\\\/magnetarmagnets.com\\\/webshop\\\/\"},{\"@type\":\"ListItem\",\"position\":3,\"name\":\"Felszerel\u00e9s\",\"item\":\"https:\\\/\\\/magnetarmagnets.com\\\/hu\\\/collections\\\/felszereles\\\/\"},{\"@type\":\"ListItem\",\"position\":4,\"name\":\"M\u00e1gneses kieg\u00e9sz\u00edt\u0151k\",\"item\":\"https:\\\/\\\/magnetarmagnets.com\\\/hu\\\/collections\\\/felszereles\\\/magneses-kiegeszitok\\\/\"},{\"@type\":\"ListItem\",\"position\":5,\"name\":\"Vad\u00e1szati m\u00e1gnes &#8211; ac\u00e9ll\u00f6ved\u00e9k elt\u00e1vol\u00edt\u00f3\"}]},{\"@type\":\"WebSite\",\"@id\":\"https:\\\/\\\/magnetarmagnets.com\\\/hu\\\/#website\",\"url\":\"https:\\\/\\\/magnetarmagnets.com\\\/hu\\\/\",\"name\":\"Magnet fishing with a Magnetar fishing magnet\",\"description\":\"Er\u0151s m\u00e1gnesek m\u00e1gneshorg\u00e1szathoz\",\"publisher\":{\"@id\":\"https:\\\/\\\/magnetarmagnets.com\\\/hu\\\/#organization\"},\"potentialAction\":[{\"@type\":\"SearchAction\",\"target\":{\"@type\":\"EntryPoint\",\"urlTemplate\":\"https:\\\/\\\/magnetarmagnets.com\\\/hu\\\/?s={search_term_string}\"},\"query-input\":{\"@type\":\"PropertyValueSpecification\",\"valueRequired\":true,\"valueName\":\"search_term_string\"}}],\"inLanguage\":\"hu\"},{\"@type\":\"Organization\",\"@id\":\"https:\\\/\\\/magnetarmagnets.com\\\/hu\\\/#organization\",\"name\":\"Magnetar\",\"url\":\"https:\\\/\\\/magnetarmagnets.com\\\/hu\\\/\",\"logo\":{\"@type\":\"ImageObject\",\"inLanguage\":\"hu\",\"@id\":\"https:\\\/\\\/magnetarmagnets.com\\\/hu\\\/#\\\/schema\\\/logo\\\/image\\\/\",\"url\":\"https:\\\/\\\/magnetarmagnets.com\\\/wp-content\\\/uploads\\\/2025\\\/05\\\/Logo-03_PNG-Black-scaled.png\",\"contentUrl\":\"https:\\\/\\\/magnetarmagnets.com\\\/wp-content\\\/uploads\\\/2025\\\/05\\\/Logo-03_PNG-Black-scaled.png\",\"width\":2560,\"height\":1658,\"caption\":\"Magnetar\"},\"image\":{\"@id\":\"https:\\\/\\\/magnetarmagnets.com\\\/hu\\\/#\\\/schema\\\/logo\\\/image\\\/\"},\"sameAs\":[\"https:\\\/\\\/www.facebook.com\\\/fishingmagnets\\\/\",\"https:\\\/\\\/www.instagram.com\\\/magnetar_magnets\\\/\",\"https:\\\/\\\/www.linkedin.com\\\/company\\\/magnetarbv\\\/?originalSubdomain=nl\",\"https:\\\/\\\/www.youtube.com\\\/c\\\/MagnetarVismagneet\"]}]}<\/script>\n<!-- \/ Yoast SEO plugin. -->","yoast_head_json":{"title":"Staalhagel verwijderen doet u simpel en snel met de jachtmagneet (vide\u00f3)","description":"K\u00f6nny\u0171 elt\u00e1vol\u00edtani az ac\u00e9ls\u00f6r\u00e9tet a vad\u00e1szm\u00e1gnessel","robots":{"index":"index","follow":"follow","max-snippet":"max-snippet:-1","max-image-preview":"max-image-preview:large","max-video-preview":"max-video-preview:-1"},"canonical":"https:\/\/magnetarmagnets.com\/hu\/shop\/vadaszmagnes-acelsoret-eltavolito\/","og_locale":"hu_HU","og_type":"article","og_title":"Staalhagel verwijderen doet u simpel en snel met de jachtmagneet (vide\u00f3)","og_description":"K\u00f6nny\u0171 elt\u00e1vol\u00edtani az ac\u00e9ls\u00f6r\u00e9tet a vad\u00e1szm\u00e1gnessel","og_url":"https:\/\/magnetarmagnets.com\/hu\/shop\/vadaszmagnes-acelsoret-eltavolito\/","og_site_name":"Magnet fishing with a Magnetar fishing magnet","article_publisher":"https:\/\/www.facebook.com\/fishingmagnets\/","article_modified_time":"2026-05-16T07:01:33+00:00","og_image":[{"width":1000,"height":1000,"url":"https:\/\/magnetarmagnets.com\/wp-content\/uploads\/2023\/09\/JNF-Magnetar-Bedrijfsfotografie-01-09-2023-Foto-0142.jpg","type":"image\/jpeg"}],"twitter_card":"summary_large_image","twitter_misc":{"Becs\u00fclt olvas\u00e1si id\u0151":"2 perc"},"schema":{"@context":"https:\/\/schema.org","@graph":[{"@type":["WebPage","ItemPage"],"@id":"https:\/\/magnetarmagnets.com\/hu\/shop\/vadaszmagnes-acelsoret-eltavolito\/","url":"https:\/\/magnetarmagnets.com\/hu\/shop\/vadaszmagnes-acelsoret-eltavolito\/","name":"Staalhagel verwijderen doet u simpel en snel met de jachtmagneet (vide\u00f3)","isPartOf":{"@id":"https:\/\/magnetarmagnets.com\/hu\/#website"},"primaryImageOfPage":{"@id":"https:\/\/magnetarmagnets.com\/hu\/shop\/vadaszmagnes-acelsoret-eltavolito\/#primaryimage"},"image":{"@id":"https:\/\/magnetarmagnets.com\/hu\/shop\/vadaszmagnes-acelsoret-eltavolito\/#primaryimage"},"thumbnailUrl":"https:\/\/magnetarmagnets.com\/wp-content\/uploads\/2023\/09\/JNF-Magnetar-Bedrijfsfotografie-01-09-2023-Foto-0142.jpg","datePublished":"2025-06-05T07:54:42+00:00","dateModified":"2026-05-16T07:01:33+00:00","description":"K\u00f6nny\u0171 elt\u00e1vol\u00edtani az ac\u00e9ls\u00f6r\u00e9tet a vad\u00e1szm\u00e1gnessel","breadcrumb":{"@id":"https:\/\/magnetarmagnets.com\/hu\/shop\/vadaszmagnes-acelsoret-eltavolito\/#breadcrumb"},"inLanguage":"hu","potentialAction":[{"@type":"ReadAction","target":["https:\/\/magnetarmagnets.com\/hu\/shop\/vadaszmagnes-acelsoret-eltavolito\/"]}]},{"@type":"ImageObject","inLanguage":"hu","@id":"https:\/\/magnetarmagnets.com\/hu\/shop\/vadaszmagnes-acelsoret-eltavolito\/#primaryimage","url":"https:\/\/magnetarmagnets.com\/wp-content\/uploads\/2023\/09\/JNF-Magnetar-Bedrijfsfotografie-01-09-2023-Foto-0142.jpg","contentUrl":"https:\/\/magnetarmagnets.com\/wp-content\/uploads\/2023\/09\/JNF-Magnetar-Bedrijfsfotografie-01-09-2023-Foto-0142.jpg","width":1000,"height":1000},{"@type":"BreadcrumbList","@id":"https:\/\/magnetarmagnets.com\/hu\/shop\/vadaszmagnes-acelsoret-eltavolito\/#breadcrumb","itemListElement":[{"@type":"ListItem","position":1,"name":"Home","item":"https:\/\/magnetarmagnets.com\/hu\/"},{"@type":"ListItem","position":2,"name":"Webshop","item":"https:\/\/magnetarmagnets.com\/webshop\/"},{"@type":"ListItem","position":3,"name":"Felszerel\u00e9s","item":"https:\/\/magnetarmagnets.com\/hu\/collections\/felszereles\/"},{"@type":"ListItem","position":4,"name":"M\u00e1gneses kieg\u00e9sz\u00edt\u0151k","item":"https:\/\/magnetarmagnets.com\/hu\/collections\/felszereles\/magneses-kiegeszitok\/"},{"@type":"ListItem","position":5,"name":"Vad\u00e1szati m\u00e1gnes &#8211; ac\u00e9ll\u00f6ved\u00e9k elt\u00e1vol\u00edt\u00f3"}]},{"@type":"WebSite","@id":"https:\/\/magnetarmagnets.com\/hu\/#website","url":"https:\/\/magnetarmagnets.com\/hu\/","name":"Magnet fishing with a Magnetar fishing magnet","description":"Er\u0151s m\u00e1gnesek m\u00e1gneshorg\u00e1szathoz","publisher":{"@id":"https:\/\/magnetarmagnets.com\/hu\/#organization"},"potentialAction":[{"@type":"SearchAction","target":{"@type":"EntryPoint","urlTemplate":"https:\/\/magnetarmagnets.com\/hu\/?s={search_term_string}"},"query-input":{"@type":"PropertyValueSpecification","valueRequired":true,"valueName":"search_term_string"}}],"inLanguage":"hu"},{"@type":"Organization","@id":"https:\/\/magnetarmagnets.com\/hu\/#organization","name":"Magnetar","url":"https:\/\/magnetarmagnets.com\/hu\/","logo":{"@type":"ImageObject","inLanguage":"hu","@id":"https:\/\/magnetarmagnets.com\/hu\/#\/schema\/logo\/image\/","url":"https:\/\/magnetarmagnets.com\/wp-content\/uploads\/2025\/05\/Logo-03_PNG-Black-scaled.png","contentUrl":"https:\/\/magnetarmagnets.com\/wp-content\/uploads\/2025\/05\/Logo-03_PNG-Black-scaled.png","width":2560,"height":1658,"caption":"Magnetar"},"image":{"@id":"https:\/\/magnetarmagnets.com\/hu\/#\/schema\/logo\/image\/"},"sameAs":["https:\/\/www.facebook.com\/fishingmagnets\/","https:\/\/www.instagram.com\/magnetar_magnets\/","https:\/\/www.linkedin.com\/company\/magnetarbv\/?originalSubdomain=nl","https:\/\/www.youtube.com\/c\/MagnetarVismagneet"]}]}},"_links":{"self":[{"href":"https:\/\/magnetarmagnets.com\/hu\/wp-json\/wp\/v2\/product\/82558","targetHints":{"allow":["GET"]}}],"collection":[{"href":"https:\/\/magnetarmagnets.com\/hu\/wp-json\/wp\/v2\/product"}],"about":[{"href":"https:\/\/magnetarmagnets.com\/hu\/wp-json\/wp\/v2\/types\/product"}],"replies":[{"embeddable":true,"href":"https:\/\/magnetarmagnets.com\/hu\/wp-json\/wp\/v2\/comments?post=82558"}],"version-history":[{"count":3,"href":"https:\/\/magnetarmagnets.com\/hu\/wp-json\/wp\/v2\/product\/82558\/revisions"}],"predecessor-version":[{"id":99325,"href":"https:\/\/magnetarmagnets.com\/hu\/wp-json\/wp\/v2\/product\/82558\/revisions\/99325"}],"wp:featuredmedia":[{"embeddable":true,"href":"https:\/\/magnetarmagnets.com\/hu\/wp-json\/wp\/v2\/media\/73362"}],"wp:attachment":[{"href":"https:\/\/magnetarmagnets.com\/hu\/wp-json\/wp\/v2\/media?parent=82558"}],"wp:term":[{"taxonomy":"product_brand","embeddable":true,"href":"https:\/\/magnetarmagnets.com\/hu\/wp-json\/wp\/v2\/product_brand?post=82558"},{"taxonomy":"product_cat","embeddable":true,"href":"https:\/\/magnetarmagnets.com\/hu\/wp-json\/wp\/v2\/product_cat?post=82558"},{"taxonomy":"product_tag","embeddable":true,"href":"https:\/\/magnetarmagnets.com\/hu\/wp-json\/wp\/v2\/product_tag?post=82558"}],"curies":[{"name":"wp","href":"https:\/\/api.w.org\/{rel}","templated":true}]}}