{"id":74982,"date":"2014-04-08T08:07:37","date_gmt":"2014-04-08T06:07:37","guid":{"rendered":"https:\/\/magnetarmagnets.com\/visszakuldesi-szabalyzat\/"},"modified":"2025-07-01T13:47:15","modified_gmt":"2025-07-01T11:47:15","slug":"visszakuldesi-szabalyzat","status":"publish","type":"page","link":"https:\/\/magnetarmagnets.com\/hu\/visszakuldesi-szabalyzat\/","title":{"rendered":"Visszak\u00fcld\u00e9si szab\u00e1lyzat"},"content":{"rendered":"\n<p>Rendelt\u00e9l egy term\u00e9ket, de nem olyan, mint amire sz\u00e1m\u00edtott\u00e1l? Lehet\u0151s\u00e9get k\u00edn\u00e1lunk a term\u00e9kek visszak\u00fcld\u00e9s\u00e9re a k\u00e9zhezv\u00e9telt\u0151l sz\u00e1m\u00edtott 30 napon bel\u00fcl, indokl\u00e1s n\u00e9lk\u00fcl. Az egyetlen felt\u00e9tel, hogy a term\u00e9ket nem haszn\u00e1lt\u00e1k.  <\/p>\n\n<p>A Magnetar k\u00e9ri, hogy a visszak\u00fcld\u00f6tt term\u00e9khez mell\u00e9keld (vagy csatold m\u00e1solatban) a rendel\u00e9si visszaigazol\u00e1st. Ha minden felt\u00e9tel teljes\u00fcl, a teljes v\u00e9tel\u00e1rat 10 munkanapon bel\u00fcl visszat\u00e9r\u00edtj\u00fck a sz\u00e1ml\u00e1dra. <\/p>\n\n<p><strong>USA visszak\u00fcld\u00e9si c\u00edm:<\/strong><\/p>\n\n<p>Simple Global, Inc. (Magnetar Returns)<br\/>2051 Old Coochs Bridge Rd<br\/>Suite 500<br\/>Newark, DE 19702.<br\/>United States<\/p>\n\n<p><strong>Eur\u00f3pai visszak\u00fcld\u00e9si c\u00edm:<\/strong><\/p>\n\n<p>Active Ants<br\/>Magnetar Retouren,<br\/>Borchwerf 5,<br\/>4704 RG Roosendaal,<br\/>The Netherlands<\/p>\n\n<h2 class=\"wp-block-heading\"><strong>El\u00e1ll\u00e1si jog<\/strong><\/h2>\n\n<p>Jogod van a v\u00e1s\u00e1rl\u00e1st\u00f3l val\u00f3 el\u00e1ll\u00e1shoz 30 napon bel\u00fcl, indokl\u00e1s n\u00e9lk\u00fcl. Az el\u00e1ll\u00e1si hat\u00e1rid\u0151 14 nappal azut\u00e1n j\u00e1r le, hogy \u00e1tvetted a term\u00e9keket. <\/p>\n\n<p>El\u00e1ll\u00e1si jogodat gyakorolhatod \u00fagy, hogy \u00e9rtes\u00edted a Magnetart v\u00e1s\u00e1rl\u00e1si sz\u00e1nd\u00e9kod visszavon\u00e1s\u00e1r\u00f3l e-mailben vagy a weboldalon tal\u00e1lhat\u00f3 kapcsolatfelv\u00e9teli \u0171rlapon kereszt\u00fcl. Haszn\u00e1lhatsz sablon nyomtatv\u00e1nyt is.  <\/p>\n\n<h2 class=\"wp-block-heading\"><strong>Az el\u00e1ll\u00e1s k\u00f6vetkezm\u00e9nyei<\/strong><\/h2>\n\n<p>Ha el\u00e1llsz a v\u00e1s\u00e1rl\u00e1st\u00f3l, a Magnetar visszat\u00e9r\u00edti az \u00f6sszes befizetett \u00f6sszeget, bele\u00e9rtve a sz\u00e1ll\u00edt\u00e1si d\u00edjat is. Az alternat\u00edv sz\u00e1ll\u00edt\u00e1si m\u00f3dok miatt felmer\u00fcl\u0151 extra k\u00f6lts\u00e9gek nem ker\u00fclnek visszat\u00e9r\u00edt\u00e9sre. <\/p>\n\n<p>A visszat\u00e9r\u00edt\u00e9st legk\u00e9s\u0151bb 10 napon bel\u00fcl teljes\u00edtj\u00fck az el\u00e1ll\u00e1s ut\u00e1n, ugyanazzal a fizet\u00e9si m\u00f3ddal, amellyel a v\u00e1s\u00e1rl\u00e1s t\u00f6rt\u00e9nt. A visszat\u00e9r\u00edt\u00e9s\u00e9rt nem sz\u00e1m\u00edtunk fel d\u00edjat. A Magnetar fenntartja a jogot, hogy megtagadja a visszat\u00e9r\u00edt\u00e9st addig, am\u00edg a term\u00e9ket vissza nem kaptuk, vagy am\u00edg nem bizony\u00edtod, hogy a term\u00e9ket visszak\u00fcldted.   <\/p>\n\n<p>Az el\u00e1ll\u00e1s ut\u00e1n a term\u00e9ket halad\u00e9ktalanul, de legk\u00e9s\u0151bb 30 napon bel\u00fcl vissza kell juttatni hozz\u00e1nk. Ezt a felt\u00e9telt akkor teljes\u00edted, ha a term\u00e9ket 30 napon bel\u00fcl post\u00e1ra adod. <\/p>\n\n<p>A visszak\u00fcld\u00e9s k\u00f6lts\u00e9geit neked kell fedezned. Ha a term\u00e9k \u00e9rt\u00e9kcs\u00f6kken\u00e9se abb\u00f3l ad\u00f3dik, hogy az elv\u00e1rhat\u00f3 haszn\u00e1laton t\u00fal haszn\u00e1ltad, akkor ezt az \u00e9rt\u00e9kcs\u00f6kken\u00e9st megt\u00e9r\u00edtj\u00fck veled. <a id=\"_msocom_1\"><\/a><\/p>\n\n<h2 class=\"wp-block-heading\"><strong>K\u00fcl\u00f6nleges felt\u00e9telek<\/strong><\/h2>\n\n<p>Ha v\u00e1s\u00e1rl\u00e1sodat hitellel finansz\u00edroztad, \u00e9s k\u00e9s\u0151bb visszavonod azt, a szerz\u0151d\u00e9s semmiss\u00e9 v\u00e1lik. Ez abban az esetben is \u00e9rv\u00e9nyes, ha a Magnetar volt a hitelez\u0151d vagy a Magnetar k\u00f6zrem\u0171k\u00f6d\u00f6tt a hitelny\u00fajt\u00e1sban. <\/p>\n\n<p>Ha az \u00f6sszeget m\u00e1r j\u00f3v\u00e1\u00edrt\u00e1k a Magnetarnak az el\u00e1ll\u00e1s el\u0151tt, a szerz\u0151d\u00e9s automatikusan megsz\u0171nik.<\/p>\n\n<p>Ha b\u00e1rmilyen k\u00e9rd\u00e9sed van a visszak\u00fcld\u00e9ssel kapcsolatban, k\u00e9rj\u00fck, l\u00e9pj vel\u00fcnk kapcsolatba az oldalunkon tal\u00e1lhat\u00f3 <strong><a href=\"https:\/\/magnetarmagnets.com\/hu\/kapcsolat\/\" target=\"_blank\" rel=\"noreferrer noopener nofollow\">kapcsolatfelv\u00e9teli \u0171rlapon<\/a><\/strong> kereszt\u00fcl.<\/p>\n\n<hr class=\"wp-block-separator has-alpha-channel-opacity\"\/>\n","protected":false},"excerpt":{"rendered":"<p>Rendelt\u00e9l egy term\u00e9ket, de nem olyan, mint amire sz\u00e1m\u00edtott\u00e1l? Lehet\u0151s\u00e9get k\u00edn\u00e1lunk a term\u00e9kek visszak\u00fcld\u00e9s\u00e9re a k\u00e9zhezv\u00e9telt\u0151l sz\u00e1m\u00edtott 30 napon bel\u00fcl, indokl\u00e1s n\u00e9lk\u00fcl. Az egyetlen felt\u00e9tel, hogy a term\u00e9ket nem haszn\u00e1lt\u00e1k. A Magnetar k\u00e9ri, hogy a visszak\u00fcld\u00f6tt term\u00e9khez mell\u00e9keld (vagy csatold m\u00e1solatban) a rendel\u00e9si visszaigazol\u00e1st. Ha minden felt\u00e9tel teljes\u00fcl, a teljes v\u00e9tel\u00e1rat 10 munkanapon bel\u00fcl visszat\u00e9r\u00edtj\u00fck [&hellip;]<\/p>\n","protected":false},"author":1,"featured_media":0,"parent":0,"menu_order":0,"comment_status":"open","ping_status":"open","template":"","meta":{"_acf_changed":false,"inline_featured_image":false,"footnotes":""},"class_list":["post-74982","page","type-page","status-publish","hentry"],"acf":[],"yoast_head":"<!-- This site is optimized with the Yoast SEO plugin v27.3 - https:\/\/yoast.com\/product\/yoast-seo-wordpress\/ -->\n<title>Visszak\u00fcld\u00e9si szab\u00e1lyzat - Magnet fishing with a Magnetar fishing magnet<\/title>\n<meta name=\"robots\" content=\"noindex, nofollow\" \/>\n<meta property=\"og:locale\" content=\"hu_HU\" \/>\n<meta property=\"og:type\" content=\"article\" \/>\n<meta property=\"og:title\" content=\"Visszak\u00fcld\u00e9si szab\u00e1lyzat - Magnet fishing with a Magnetar fishing magnet\" \/>\n<meta property=\"og:description\" content=\"Rendelt\u00e9l egy term\u00e9ket, de nem olyan, mint amire sz\u00e1m\u00edtott\u00e1l? Lehet\u0151s\u00e9get k\u00edn\u00e1lunk a term\u00e9kek visszak\u00fcld\u00e9s\u00e9re a k\u00e9zhezv\u00e9telt\u0151l sz\u00e1m\u00edtott 30 napon bel\u00fcl, indokl\u00e1s n\u00e9lk\u00fcl. Az egyetlen felt\u00e9tel, hogy a term\u00e9ket nem haszn\u00e1lt\u00e1k. A Magnetar k\u00e9ri, hogy a visszak\u00fcld\u00f6tt term\u00e9khez mell\u00e9keld (vagy csatold m\u00e1solatban) a rendel\u00e9si visszaigazol\u00e1st. Ha minden felt\u00e9tel teljes\u00fcl, a teljes v\u00e9tel\u00e1rat 10 munkanapon bel\u00fcl visszat\u00e9r\u00edtj\u00fck [&hellip;]\" \/>\n<meta property=\"og:url\" content=\"https:\/\/magnetarmagnets.com\/hu\/visszakuldesi-szabalyzat\/\" \/>\n<meta property=\"og:site_name\" content=\"Magnet fishing with a Magnetar fishing magnet\" \/>\n<meta property=\"article:publisher\" content=\"https:\/\/www.facebook.com\/fishingmagnets\/\" \/>\n<meta property=\"article:modified_time\" content=\"2025-07-01T11:47:15+00:00\" \/>\n<meta property=\"og:image\" content=\"https:\/\/magnetarmagnets.com\/wp-content\/uploads\/2025\/05\/Logo-03_PNG-Black-scaled.png\" \/>\n\t<meta property=\"og:image:width\" content=\"2560\" \/>\n\t<meta property=\"og:image:height\" content=\"1658\" \/>\n\t<meta property=\"og:image:type\" content=\"image\/png\" \/>\n<meta name=\"twitter:card\" content=\"summary_large_image\" \/>\n<meta name=\"twitter:label1\" content=\"Becs\u00fclt olvas\u00e1si id\u0151\" \/>\n\t<meta name=\"twitter:data1\" content=\"3 perc\" \/>\n<script type=\"application\/ld+json\" class=\"yoast-schema-graph\">{\"@context\":\"https:\\\/\\\/schema.org\",\"@graph\":[{\"@type\":\"WebPage\",\"@id\":\"https:\\\/\\\/magnetarmagnets.com\\\/hu\\\/visszakuldesi-szabalyzat\\\/\",\"url\":\"https:\\\/\\\/magnetarmagnets.com\\\/hu\\\/visszakuldesi-szabalyzat\\\/\",\"name\":\"Visszak\u00fcld\u00e9si szab\u00e1lyzat - Magnet fishing with a Magnetar fishing magnet\",\"isPartOf\":{\"@id\":\"https:\\\/\\\/magnetarmagnets.com\\\/hu\\\/#website\"},\"datePublished\":\"2014-04-08T06:07:37+00:00\",\"dateModified\":\"2025-07-01T11:47:15+00:00\",\"breadcrumb\":{\"@id\":\"https:\\\/\\\/magnetarmagnets.com\\\/hu\\\/visszakuldesi-szabalyzat\\\/#breadcrumb\"},\"inLanguage\":\"hu\",\"potentialAction\":[{\"@type\":\"ReadAction\",\"target\":[\"https:\\\/\\\/magnetarmagnets.com\\\/hu\\\/visszakuldesi-szabalyzat\\\/\"]}]},{\"@type\":\"BreadcrumbList\",\"@id\":\"https:\\\/\\\/magnetarmagnets.com\\\/hu\\\/visszakuldesi-szabalyzat\\\/#breadcrumb\",\"itemListElement\":[{\"@type\":\"ListItem\",\"position\":1,\"name\":\"Home\",\"item\":\"https:\\\/\\\/magnetarmagnets.com\\\/hu\\\/\"},{\"@type\":\"ListItem\",\"position\":2,\"name\":\"Visszak\u00fcld\u00e9si szab\u00e1lyzat\"}]},{\"@type\":\"WebSite\",\"@id\":\"https:\\\/\\\/magnetarmagnets.com\\\/hu\\\/#website\",\"url\":\"https:\\\/\\\/magnetarmagnets.com\\\/hu\\\/\",\"name\":\"Magnet fishing with a Magnetar fishing magnet\",\"description\":\"Er\u0151s m\u00e1gnesek m\u00e1gneshorg\u00e1szathoz\",\"publisher\":{\"@id\":\"https:\\\/\\\/magnetarmagnets.com\\\/hu\\\/#organization\"},\"potentialAction\":[{\"@type\":\"SearchAction\",\"target\":{\"@type\":\"EntryPoint\",\"urlTemplate\":\"https:\\\/\\\/magnetarmagnets.com\\\/hu\\\/?s={search_term_string}\"},\"query-input\":{\"@type\":\"PropertyValueSpecification\",\"valueRequired\":true,\"valueName\":\"search_term_string\"}}],\"inLanguage\":\"hu\"},{\"@type\":\"Organization\",\"@id\":\"https:\\\/\\\/magnetarmagnets.com\\\/hu\\\/#organization\",\"name\":\"Magnetar\",\"url\":\"https:\\\/\\\/magnetarmagnets.com\\\/hu\\\/\",\"logo\":{\"@type\":\"ImageObject\",\"inLanguage\":\"hu\",\"@id\":\"https:\\\/\\\/magnetarmagnets.com\\\/hu\\\/#\\\/schema\\\/logo\\\/image\\\/\",\"url\":\"https:\\\/\\\/magnetarmagnets.com\\\/wp-content\\\/uploads\\\/2025\\\/05\\\/Logo-03_PNG-Black-scaled.png\",\"contentUrl\":\"https:\\\/\\\/magnetarmagnets.com\\\/wp-content\\\/uploads\\\/2025\\\/05\\\/Logo-03_PNG-Black-scaled.png\",\"width\":2560,\"height\":1658,\"caption\":\"Magnetar\"},\"image\":{\"@id\":\"https:\\\/\\\/magnetarmagnets.com\\\/hu\\\/#\\\/schema\\\/logo\\\/image\\\/\"},\"sameAs\":[\"https:\\\/\\\/www.facebook.com\\\/fishingmagnets\\\/\",\"https:\\\/\\\/www.instagram.com\\\/magnetar_magnets\\\/\",\"https:\\\/\\\/www.linkedin.com\\\/company\\\/magnetarbv\\\/?originalSubdomain=nl\",\"https:\\\/\\\/www.youtube.com\\\/c\\\/MagnetarVismagneet\"]}]}<\/script>\n<!-- \/ Yoast SEO plugin. -->","yoast_head_json":{"title":"Visszak\u00fcld\u00e9si szab\u00e1lyzat - Magnet fishing with a Magnetar fishing magnet","robots":{"index":"noindex","follow":"nofollow"},"og_locale":"hu_HU","og_type":"article","og_title":"Visszak\u00fcld\u00e9si szab\u00e1lyzat - Magnet fishing with a Magnetar fishing magnet","og_description":"Rendelt\u00e9l egy term\u00e9ket, de nem olyan, mint amire sz\u00e1m\u00edtott\u00e1l? Lehet\u0151s\u00e9get k\u00edn\u00e1lunk a term\u00e9kek visszak\u00fcld\u00e9s\u00e9re a k\u00e9zhezv\u00e9telt\u0151l sz\u00e1m\u00edtott 30 napon bel\u00fcl, indokl\u00e1s n\u00e9lk\u00fcl. Az egyetlen felt\u00e9tel, hogy a term\u00e9ket nem haszn\u00e1lt\u00e1k. A Magnetar k\u00e9ri, hogy a visszak\u00fcld\u00f6tt term\u00e9khez mell\u00e9keld (vagy csatold m\u00e1solatban) a rendel\u00e9si visszaigazol\u00e1st. Ha minden felt\u00e9tel teljes\u00fcl, a teljes v\u00e9tel\u00e1rat 10 munkanapon bel\u00fcl visszat\u00e9r\u00edtj\u00fck [&hellip;]","og_url":"https:\/\/magnetarmagnets.com\/hu\/visszakuldesi-szabalyzat\/","og_site_name":"Magnet fishing with a Magnetar fishing magnet","article_publisher":"https:\/\/www.facebook.com\/fishingmagnets\/","article_modified_time":"2025-07-01T11:47:15+00:00","og_image":[{"width":2560,"height":1658,"url":"https:\/\/magnetarmagnets.com\/wp-content\/uploads\/2025\/05\/Logo-03_PNG-Black-scaled.png","type":"image\/png"}],"twitter_card":"summary_large_image","twitter_misc":{"Becs\u00fclt olvas\u00e1si id\u0151":"3 perc"},"schema":{"@context":"https:\/\/schema.org","@graph":[{"@type":"WebPage","@id":"https:\/\/magnetarmagnets.com\/hu\/visszakuldesi-szabalyzat\/","url":"https:\/\/magnetarmagnets.com\/hu\/visszakuldesi-szabalyzat\/","name":"Visszak\u00fcld\u00e9si szab\u00e1lyzat - Magnet fishing with a Magnetar fishing magnet","isPartOf":{"@id":"https:\/\/magnetarmagnets.com\/hu\/#website"},"datePublished":"2014-04-08T06:07:37+00:00","dateModified":"2025-07-01T11:47:15+00:00","breadcrumb":{"@id":"https:\/\/magnetarmagnets.com\/hu\/visszakuldesi-szabalyzat\/#breadcrumb"},"inLanguage":"hu","potentialAction":[{"@type":"ReadAction","target":["https:\/\/magnetarmagnets.com\/hu\/visszakuldesi-szabalyzat\/"]}]},{"@type":"BreadcrumbList","@id":"https:\/\/magnetarmagnets.com\/hu\/visszakuldesi-szabalyzat\/#breadcrumb","itemListElement":[{"@type":"ListItem","position":1,"name":"Home","item":"https:\/\/magnetarmagnets.com\/hu\/"},{"@type":"ListItem","position":2,"name":"Visszak\u00fcld\u00e9si szab\u00e1lyzat"}]},{"@type":"WebSite","@id":"https:\/\/magnetarmagnets.com\/hu\/#website","url":"https:\/\/magnetarmagnets.com\/hu\/","name":"Magnet fishing with a Magnetar fishing magnet","description":"Er\u0151s m\u00e1gnesek m\u00e1gneshorg\u00e1szathoz","publisher":{"@id":"https:\/\/magnetarmagnets.com\/hu\/#organization"},"potentialAction":[{"@type":"SearchAction","target":{"@type":"EntryPoint","urlTemplate":"https:\/\/magnetarmagnets.com\/hu\/?s={search_term_string}"},"query-input":{"@type":"PropertyValueSpecification","valueRequired":true,"valueName":"search_term_string"}}],"inLanguage":"hu"},{"@type":"Organization","@id":"https:\/\/magnetarmagnets.com\/hu\/#organization","name":"Magnetar","url":"https:\/\/magnetarmagnets.com\/hu\/","logo":{"@type":"ImageObject","inLanguage":"hu","@id":"https:\/\/magnetarmagnets.com\/hu\/#\/schema\/logo\/image\/","url":"https:\/\/magnetarmagnets.com\/wp-content\/uploads\/2025\/05\/Logo-03_PNG-Black-scaled.png","contentUrl":"https:\/\/magnetarmagnets.com\/wp-content\/uploads\/2025\/05\/Logo-03_PNG-Black-scaled.png","width":2560,"height":1658,"caption":"Magnetar"},"image":{"@id":"https:\/\/magnetarmagnets.com\/hu\/#\/schema\/logo\/image\/"},"sameAs":["https:\/\/www.facebook.com\/fishingmagnets\/","https:\/\/www.instagram.com\/magnetar_magnets\/","https:\/\/www.linkedin.com\/company\/magnetarbv\/?originalSubdomain=nl","https:\/\/www.youtube.com\/c\/MagnetarVismagneet"]}]}},"_links":{"self":[{"href":"https:\/\/magnetarmagnets.com\/hu\/wp-json\/wp\/v2\/pages\/74982","targetHints":{"allow":["GET"]}}],"collection":[{"href":"https:\/\/magnetarmagnets.com\/hu\/wp-json\/wp\/v2\/pages"}],"about":[{"href":"https:\/\/magnetarmagnets.com\/hu\/wp-json\/wp\/v2\/types\/page"}],"author":[{"embeddable":true,"href":"https:\/\/magnetarmagnets.com\/hu\/wp-json\/wp\/v2\/users\/1"}],"replies":[{"embeddable":true,"href":"https:\/\/magnetarmagnets.com\/hu\/wp-json\/wp\/v2\/comments?post=74982"}],"version-history":[{"count":0,"href":"https:\/\/magnetarmagnets.com\/hu\/wp-json\/wp\/v2\/pages\/74982\/revisions"}],"wp:attachment":[{"href":"https:\/\/magnetarmagnets.com\/hu\/wp-json\/wp\/v2\/media?parent=74982"}],"curies":[{"name":"wp","href":"https:\/\/api.w.org\/{rel}","templated":true}]}}