{"id":74973,"date":"2023-03-08T09:45:04","date_gmt":"2023-03-08T08:45:04","guid":{"rendered":"https:\/\/magnetarmagnets.com\/hasznalati-utmutatok\/"},"modified":"2025-07-01T11:59:06","modified_gmt":"2025-07-01T09:59:06","slug":"hasznalati-utmutatok","status":"publish","type":"page","link":"https:\/\/magnetarmagnets.com\/hu\/hasznalati-utmutatok\/","title":{"rendered":"Haszn\u00e1lati \u00fatmutat\u00f3k"},"content":{"rendered":"\n<p>\u00d6ssze szeretn\u00e9d szerelni a horg\u00e1sz m\u00e1gnest? Az al\u00e1bbi haszn\u00e1lati \u00fatmutat\u00f3k l\u00e9p\u00e9sr\u0151l l\u00e9p\u00e9sre bemutatj\u00e1k, hogyan szereld \u00f6ssze a Magnetar m\u00e1gnes horg\u00e1sz felszerel\u00e9sedet. Rem\u00e9lj\u00fck, hogy ezek az \u00fatmutat\u00f3k seg\u00edtenek abban, hogy min\u00e9l hamarabb elkezdhesd ezt a csod\u00e1latos hobbit.  <\/p>\n\n<p><a href=\"https:\/\/magnetarmagnets.com\/wp-content\/uploads\/2023\/07\/Handleiding-allround-zonder-beschermhoes-ENG2.pdf\" target=\"_blank\" rel=\"noreferrer noopener\">Haszn\u00e1lati \u00fatmutat\u00f3 let\u00f6lt\u00e9se \u2013 Teljes k\u00f6r\u0171 360\u00b0 horg\u00e1sz m\u00e1gnesek<\/a><\/p>\n\n<p><a href=\"https:\/\/magnetarmagnets.com\/wp-content\/uploads\/2023\/07\/Handleiding-allround-inclusief-beschermhoes-ENG2.pdf\" target=\"_blank\" rel=\"noreferrer noopener\">Haszn\u00e1lati \u00fatmutat\u00f3 let\u00f6lt\u00e9se \u2013 360\u00b0 m\u00e1gnes horg\u00e1szat m\u00e1gnesek v\u00e9d\u0151bor\u00edt\u00e1ssal<\/a><\/p>\n\n<p><a href=\"https:\/\/magnetarmagnets.com\/wp-content\/uploads\/2023\/07\/Handleiding-Classic-vismagneten-ENG2.pdf\" target=\"_blank\" rel=\"noreferrer noopener\">Haszn\u00e1lati \u00fatmutat\u00f3 let\u00f6lt\u00e9se \u2013 Egyoldalas Classic horg\u00e1sz m\u00e1gnesek<\/a><\/p>\n\n<p><a href=\"https:\/\/magnetarmagnets.com\/wp-content\/uploads\/2023\/07\/Handleiding-dubbelzijdige-vismagneten-ENG2.pdf\" target=\"_blank\" rel=\"noreferrer noopener\">Haszn\u00e1lati \u00fatmutat\u00f3 let\u00f6lt\u00e9se \u2013 K\u00e9toldalas Bulldog horg\u00e1sz m\u00e1gnesek<\/a><\/p>\n\n<p><a href=\"https:\/\/magnetarmagnets.com\/wp-content\/uploads\/2023\/07\/Handleiding-vismagneet-touw-ENG2.pdf\" target=\"_blank\" rel=\"noreferrer noopener\">Haszn\u00e1lati \u00fatmutat\u00f3 let\u00f6lt\u00e9se \u2013 Magnetar m\u00e1gnes horg\u00e1sz k\u00f6t\u00e9l<\/a><\/p>\n","protected":false},"excerpt":{"rendered":"<p>\u00d6ssze szeretn\u00e9d szerelni a horg\u00e1sz m\u00e1gnest? Az al\u00e1bbi haszn\u00e1lati \u00fatmutat\u00f3k l\u00e9p\u00e9sr\u0151l l\u00e9p\u00e9sre bemutatj\u00e1k, hogyan szereld \u00f6ssze a Magnetar m\u00e1gnes horg\u00e1sz felszerel\u00e9sedet. Rem\u00e9lj\u00fck, hogy ezek az \u00fatmutat\u00f3k seg\u00edtenek abban, hogy min\u00e9l hamarabb elkezdhesd ezt a csod\u00e1latos hobbit. Haszn\u00e1lati \u00fatmutat\u00f3 let\u00f6lt\u00e9se \u2013 Teljes k\u00f6r\u0171 360\u00b0 horg\u00e1sz m\u00e1gnesek Haszn\u00e1lati \u00fatmutat\u00f3 let\u00f6lt\u00e9se \u2013 360\u00b0 m\u00e1gnes horg\u00e1szat m\u00e1gnesek v\u00e9d\u0151bor\u00edt\u00e1ssal Haszn\u00e1lati [&hellip;]<\/p>\n","protected":false},"author":1,"featured_media":0,"parent":0,"menu_order":0,"comment_status":"closed","ping_status":"closed","template":"","meta":{"_acf_changed":false,"inline_featured_image":false,"footnotes":""},"class_list":["post-74973","page","type-page","status-publish","hentry"],"acf":[],"yoast_head":"<!-- This site is optimized with the Yoast SEO plugin v27.3 - https:\/\/yoast.com\/product\/yoast-seo-wordpress\/ -->\n<title>Haszn\u00e1lati \u00fatmutat\u00f3k - Magnet fishing with a Magnetar fishing magnet<\/title>\n<meta name=\"robots\" content=\"index, follow, max-snippet:-1, max-image-preview:large, max-video-preview:-1\" \/>\n<link rel=\"canonical\" href=\"https:\/\/magnetarmagnets.com\/hu\/hasznalati-utmutatok\/\" \/>\n<meta property=\"og:locale\" content=\"hu_HU\" \/>\n<meta property=\"og:type\" content=\"article\" \/>\n<meta property=\"og:title\" content=\"Haszn\u00e1lati \u00fatmutat\u00f3k - Magnet fishing with a Magnetar fishing magnet\" \/>\n<meta property=\"og:description\" content=\"\u00d6ssze szeretn\u00e9d szerelni a horg\u00e1sz m\u00e1gnest? Az al\u00e1bbi haszn\u00e1lati \u00fatmutat\u00f3k l\u00e9p\u00e9sr\u0151l l\u00e9p\u00e9sre bemutatj\u00e1k, hogyan szereld \u00f6ssze a Magnetar m\u00e1gnes horg\u00e1sz felszerel\u00e9sedet. Rem\u00e9lj\u00fck, hogy ezek az \u00fatmutat\u00f3k seg\u00edtenek abban, hogy min\u00e9l hamarabb elkezdhesd ezt a csod\u00e1latos hobbit. Haszn\u00e1lati \u00fatmutat\u00f3 let\u00f6lt\u00e9se \u2013 Teljes k\u00f6r\u0171 360\u00b0 horg\u00e1sz m\u00e1gnesek Haszn\u00e1lati \u00fatmutat\u00f3 let\u00f6lt\u00e9se \u2013 360\u00b0 m\u00e1gnes horg\u00e1szat m\u00e1gnesek v\u00e9d\u0151bor\u00edt\u00e1ssal Haszn\u00e1lati [&hellip;]\" \/>\n<meta property=\"og:url\" content=\"https:\/\/magnetarmagnets.com\/hu\/hasznalati-utmutatok\/\" \/>\n<meta property=\"og:site_name\" content=\"Magnet fishing with a Magnetar fishing magnet\" \/>\n<meta property=\"article:publisher\" content=\"https:\/\/www.facebook.com\/fishingmagnets\/\" \/>\n<meta property=\"article:modified_time\" content=\"2025-07-01T09:59:06+00:00\" \/>\n<meta property=\"og:image\" content=\"https:\/\/magnetarmagnets.com\/wp-content\/uploads\/2025\/05\/Logo-03_PNG-Black-scaled.png\" \/>\n\t<meta property=\"og:image:width\" content=\"2560\" \/>\n\t<meta property=\"og:image:height\" content=\"1658\" \/>\n\t<meta property=\"og:image:type\" content=\"image\/png\" \/>\n<meta name=\"twitter:card\" content=\"summary_large_image\" \/>\n<meta name=\"twitter:label1\" content=\"Becs\u00fclt olvas\u00e1si id\u0151\" \/>\n\t<meta name=\"twitter:data1\" content=\"1 perc\" \/>\n<script type=\"application\/ld+json\" class=\"yoast-schema-graph\">{\"@context\":\"https:\\\/\\\/schema.org\",\"@graph\":[{\"@type\":\"WebPage\",\"@id\":\"https:\\\/\\\/magnetarmagnets.com\\\/hu\\\/hasznalati-utmutatok\\\/\",\"url\":\"https:\\\/\\\/magnetarmagnets.com\\\/hu\\\/hasznalati-utmutatok\\\/\",\"name\":\"Haszn\u00e1lati \u00fatmutat\u00f3k - Magnet fishing with a Magnetar fishing magnet\",\"isPartOf\":{\"@id\":\"https:\\\/\\\/magnetarmagnets.com\\\/hu\\\/#website\"},\"datePublished\":\"2023-03-08T08:45:04+00:00\",\"dateModified\":\"2025-07-01T09:59:06+00:00\",\"breadcrumb\":{\"@id\":\"https:\\\/\\\/magnetarmagnets.com\\\/hu\\\/hasznalati-utmutatok\\\/#breadcrumb\"},\"inLanguage\":\"hu\",\"potentialAction\":[{\"@type\":\"ReadAction\",\"target\":[\"https:\\\/\\\/magnetarmagnets.com\\\/hu\\\/hasznalati-utmutatok\\\/\"]}]},{\"@type\":\"BreadcrumbList\",\"@id\":\"https:\\\/\\\/magnetarmagnets.com\\\/hu\\\/hasznalati-utmutatok\\\/#breadcrumb\",\"itemListElement\":[{\"@type\":\"ListItem\",\"position\":1,\"name\":\"Home\",\"item\":\"https:\\\/\\\/magnetarmagnets.com\\\/hu\\\/\"},{\"@type\":\"ListItem\",\"position\":2,\"name\":\"Haszn\u00e1lati \u00fatmutat\u00f3k\"}]},{\"@type\":\"WebSite\",\"@id\":\"https:\\\/\\\/magnetarmagnets.com\\\/hu\\\/#website\",\"url\":\"https:\\\/\\\/magnetarmagnets.com\\\/hu\\\/\",\"name\":\"Magnet fishing with a Magnetar fishing magnet\",\"description\":\"Er\u0151s m\u00e1gnesek m\u00e1gneshorg\u00e1szathoz\",\"publisher\":{\"@id\":\"https:\\\/\\\/magnetarmagnets.com\\\/hu\\\/#organization\"},\"potentialAction\":[{\"@type\":\"SearchAction\",\"target\":{\"@type\":\"EntryPoint\",\"urlTemplate\":\"https:\\\/\\\/magnetarmagnets.com\\\/hu\\\/?s={search_term_string}\"},\"query-input\":{\"@type\":\"PropertyValueSpecification\",\"valueRequired\":true,\"valueName\":\"search_term_string\"}}],\"inLanguage\":\"hu\"},{\"@type\":\"Organization\",\"@id\":\"https:\\\/\\\/magnetarmagnets.com\\\/hu\\\/#organization\",\"name\":\"Magnetar\",\"url\":\"https:\\\/\\\/magnetarmagnets.com\\\/hu\\\/\",\"logo\":{\"@type\":\"ImageObject\",\"inLanguage\":\"hu\",\"@id\":\"https:\\\/\\\/magnetarmagnets.com\\\/hu\\\/#\\\/schema\\\/logo\\\/image\\\/\",\"url\":\"https:\\\/\\\/magnetarmagnets.com\\\/wp-content\\\/uploads\\\/2025\\\/05\\\/Logo-03_PNG-Black-scaled.png\",\"contentUrl\":\"https:\\\/\\\/magnetarmagnets.com\\\/wp-content\\\/uploads\\\/2025\\\/05\\\/Logo-03_PNG-Black-scaled.png\",\"width\":2560,\"height\":1658,\"caption\":\"Magnetar\"},\"image\":{\"@id\":\"https:\\\/\\\/magnetarmagnets.com\\\/hu\\\/#\\\/schema\\\/logo\\\/image\\\/\"},\"sameAs\":[\"https:\\\/\\\/www.facebook.com\\\/fishingmagnets\\\/\",\"https:\\\/\\\/www.instagram.com\\\/magnetar_magnets\\\/\",\"https:\\\/\\\/www.linkedin.com\\\/company\\\/magnetarbv\\\/?originalSubdomain=nl\",\"https:\\\/\\\/www.youtube.com\\\/c\\\/MagnetarVismagneet\"]}]}<\/script>\n<!-- \/ Yoast SEO plugin. -->","yoast_head_json":{"title":"Haszn\u00e1lati \u00fatmutat\u00f3k - Magnet fishing with a Magnetar fishing magnet","robots":{"index":"index","follow":"follow","max-snippet":"max-snippet:-1","max-image-preview":"max-image-preview:large","max-video-preview":"max-video-preview:-1"},"canonical":"https:\/\/magnetarmagnets.com\/hu\/hasznalati-utmutatok\/","og_locale":"hu_HU","og_type":"article","og_title":"Haszn\u00e1lati \u00fatmutat\u00f3k - Magnet fishing with a Magnetar fishing magnet","og_description":"\u00d6ssze szeretn\u00e9d szerelni a horg\u00e1sz m\u00e1gnest? Az al\u00e1bbi haszn\u00e1lati \u00fatmutat\u00f3k l\u00e9p\u00e9sr\u0151l l\u00e9p\u00e9sre bemutatj\u00e1k, hogyan szereld \u00f6ssze a Magnetar m\u00e1gnes horg\u00e1sz felszerel\u00e9sedet. Rem\u00e9lj\u00fck, hogy ezek az \u00fatmutat\u00f3k seg\u00edtenek abban, hogy min\u00e9l hamarabb elkezdhesd ezt a csod\u00e1latos hobbit. Haszn\u00e1lati \u00fatmutat\u00f3 let\u00f6lt\u00e9se \u2013 Teljes k\u00f6r\u0171 360\u00b0 horg\u00e1sz m\u00e1gnesek Haszn\u00e1lati \u00fatmutat\u00f3 let\u00f6lt\u00e9se \u2013 360\u00b0 m\u00e1gnes horg\u00e1szat m\u00e1gnesek v\u00e9d\u0151bor\u00edt\u00e1ssal Haszn\u00e1lati [&hellip;]","og_url":"https:\/\/magnetarmagnets.com\/hu\/hasznalati-utmutatok\/","og_site_name":"Magnet fishing with a Magnetar fishing magnet","article_publisher":"https:\/\/www.facebook.com\/fishingmagnets\/","article_modified_time":"2025-07-01T09:59:06+00:00","og_image":[{"width":2560,"height":1658,"url":"https:\/\/magnetarmagnets.com\/wp-content\/uploads\/2025\/05\/Logo-03_PNG-Black-scaled.png","type":"image\/png"}],"twitter_card":"summary_large_image","twitter_misc":{"Becs\u00fclt olvas\u00e1si id\u0151":"1 perc"},"schema":{"@context":"https:\/\/schema.org","@graph":[{"@type":"WebPage","@id":"https:\/\/magnetarmagnets.com\/hu\/hasznalati-utmutatok\/","url":"https:\/\/magnetarmagnets.com\/hu\/hasznalati-utmutatok\/","name":"Haszn\u00e1lati \u00fatmutat\u00f3k - Magnet fishing with a Magnetar fishing magnet","isPartOf":{"@id":"https:\/\/magnetarmagnets.com\/hu\/#website"},"datePublished":"2023-03-08T08:45:04+00:00","dateModified":"2025-07-01T09:59:06+00:00","breadcrumb":{"@id":"https:\/\/magnetarmagnets.com\/hu\/hasznalati-utmutatok\/#breadcrumb"},"inLanguage":"hu","potentialAction":[{"@type":"ReadAction","target":["https:\/\/magnetarmagnets.com\/hu\/hasznalati-utmutatok\/"]}]},{"@type":"BreadcrumbList","@id":"https:\/\/magnetarmagnets.com\/hu\/hasznalati-utmutatok\/#breadcrumb","itemListElement":[{"@type":"ListItem","position":1,"name":"Home","item":"https:\/\/magnetarmagnets.com\/hu\/"},{"@type":"ListItem","position":2,"name":"Haszn\u00e1lati \u00fatmutat\u00f3k"}]},{"@type":"WebSite","@id":"https:\/\/magnetarmagnets.com\/hu\/#website","url":"https:\/\/magnetarmagnets.com\/hu\/","name":"Magnet fishing with a Magnetar fishing magnet","description":"Er\u0151s m\u00e1gnesek m\u00e1gneshorg\u00e1szathoz","publisher":{"@id":"https:\/\/magnetarmagnets.com\/hu\/#organization"},"potentialAction":[{"@type":"SearchAction","target":{"@type":"EntryPoint","urlTemplate":"https:\/\/magnetarmagnets.com\/hu\/?s={search_term_string}"},"query-input":{"@type":"PropertyValueSpecification","valueRequired":true,"valueName":"search_term_string"}}],"inLanguage":"hu"},{"@type":"Organization","@id":"https:\/\/magnetarmagnets.com\/hu\/#organization","name":"Magnetar","url":"https:\/\/magnetarmagnets.com\/hu\/","logo":{"@type":"ImageObject","inLanguage":"hu","@id":"https:\/\/magnetarmagnets.com\/hu\/#\/schema\/logo\/image\/","url":"https:\/\/magnetarmagnets.com\/wp-content\/uploads\/2025\/05\/Logo-03_PNG-Black-scaled.png","contentUrl":"https:\/\/magnetarmagnets.com\/wp-content\/uploads\/2025\/05\/Logo-03_PNG-Black-scaled.png","width":2560,"height":1658,"caption":"Magnetar"},"image":{"@id":"https:\/\/magnetarmagnets.com\/hu\/#\/schema\/logo\/image\/"},"sameAs":["https:\/\/www.facebook.com\/fishingmagnets\/","https:\/\/www.instagram.com\/magnetar_magnets\/","https:\/\/www.linkedin.com\/company\/magnetarbv\/?originalSubdomain=nl","https:\/\/www.youtube.com\/c\/MagnetarVismagneet"]}]}},"_links":{"self":[{"href":"https:\/\/magnetarmagnets.com\/hu\/wp-json\/wp\/v2\/pages\/74973","targetHints":{"allow":["GET"]}}],"collection":[{"href":"https:\/\/magnetarmagnets.com\/hu\/wp-json\/wp\/v2\/pages"}],"about":[{"href":"https:\/\/magnetarmagnets.com\/hu\/wp-json\/wp\/v2\/types\/page"}],"author":[{"embeddable":true,"href":"https:\/\/magnetarmagnets.com\/hu\/wp-json\/wp\/v2\/users\/1"}],"replies":[{"embeddable":true,"href":"https:\/\/magnetarmagnets.com\/hu\/wp-json\/wp\/v2\/comments?post=74973"}],"version-history":[{"count":0,"href":"https:\/\/magnetarmagnets.com\/hu\/wp-json\/wp\/v2\/pages\/74973\/revisions"}],"wp:attachment":[{"href":"https:\/\/magnetarmagnets.com\/hu\/wp-json\/wp\/v2\/media?parent=74973"}],"curies":[{"name":"wp","href":"https:\/\/api.w.org\/{rel}","templated":true}]}}