{"id":74964,"date":"2014-03-21T18:19:21","date_gmt":"2014-03-21T17:19:21","guid":{"rendered":"https:\/\/magnetarmagnets.com\/kapcsolat\/"},"modified":"2025-07-14T14:10:33","modified_gmt":"2025-07-14T12:10:33","slug":"kapcsolat","status":"publish","type":"page","link":"https:\/\/magnetarmagnets.com\/hu\/kapcsolat\/","title":{"rendered":"Kapcsolat"},"content":{"rendered":"\n<div class=\"wp-block-columns is-layout-flex wp-container-core-columns-is-layout-9d6595d7 wp-block-columns-is-layout-flex\">\n<div class=\"wp-block-column is-layout-flow wp-block-column-is-layout-flow\">\n<h2 class=\"wp-block-heading has-text-align-center\">L\u00e9pj kapcsolatba a Magnetarral<\/h2>\n\n\n\n<p class=\"has-text-align-center\">T\u00f6ltsd ki kapcsolatfelv\u00e9teli \u0171rlapunkat, vagy \u00edrj az <a href=\"mailto:info@magnetar.nl\">info@magnetarmagnets.com<\/a> e-mail c\u00edmre.<\/p>\n\n\n\n<h2 class=\"wp-block-heading has-text-align-center\"> L\u00e9pj kapcsolatba USA nagyk\u00f6veteinkkel <\/h2>\n\n\n<div class=\"wp-block-image\">\n<figure class=\"aligncenter size-large\"><img fetchpriority=\"high\" decoding=\"async\" width=\"1024\" height=\"362\" src=\"https:\/\/magnetarmagnets.com\/wp-content\/uploads\/2022\/02\/RTH-Team-1024x362.png\" alt=\"\" class=\"wp-image-53601\" srcset=\"https:\/\/magnetarmagnets.com\/wp-content\/uploads\/2022\/02\/RTH-Team-1024x362.png 1024w, https:\/\/magnetarmagnets.com\/wp-content\/uploads\/2022\/02\/RTH-Team-800x283.png 800w, https:\/\/magnetarmagnets.com\/wp-content\/uploads\/2022\/02\/RTH-Team-300x106.png 300w, https:\/\/magnetarmagnets.com\/wp-content\/uploads\/2022\/02\/RTH-Team-768x271.png 768w, https:\/\/magnetarmagnets.com\/wp-content\/uploads\/2022\/02\/RTH-Team-1536x543.png 1536w, https:\/\/magnetarmagnets.com\/wp-content\/uploads\/2022\/02\/RTH-Team-600x212.png 600w, https:\/\/magnetarmagnets.com\/wp-content\/uploads\/2022\/02\/RTH-Team.png 1560w\" sizes=\"(max-width: 1024px) 100vw, 1024px\" \/><figcaption class=\"wp-element-caption\">Ryan \u201cBear\u201d (and Lochlan &#8220;Lochness&#8221;) McCollum,<br>Chris &#8220;BC&#8221; Hample <br><br>E-mail: <a href=\"mailto:rustictreasurehunters@gmail.com\" target=\"_blank\" rel=\"noreferrer noopener\">rustictreasurehunters@gmail.com<\/a><br>Facebook: <a href=\"https:\/\/www.facebook.com\/rustictreasurehunters\" target=\"_blank\" rel=\"noreferrer noopener\">https:\/\/www.facebook.com\/rustictreasurehunters<\/a><br><br><\/figcaption><\/figure>\n<\/div>\n\n\n<p><\/p>\n\n\n\n<h2 class=\"wp-block-heading has-text-align-center\"> L\u00e9pj kapcsolatba Magnetar EU-val<\/h2>\n\n\n\n<p class=\"has-text-align-center\"><strong>EU <\/strong><strong>\u00fczleti telefon:<\/strong> <a href=\"tel:\/\/0031-6-50678719\">+31 6 50678719<\/a><br><strong>EU \u00fcgyf\u00e9lszolg\u00e1lat:<\/strong> <a href=\"tel:\/\/0031-6-51681066\">+31 6 51681066<\/a><\/p>\n\n\n\n<p class=\"has-text-align-center\"><strong>K\u00e9rj\u00fck, el\u0151sz\u00f6r mindig olvasd el a <a href=\"https:\/\/magnetarmagnets.com\/hu\/gyik\/\">GYIK-et<\/a> \u2013 lehet, hogy a v\u00e1laszod m\u00e1r ott szerepel. <\/strong><\/p>\n\n\n\n<div style=\"height:20px\" aria-hidden=\"true\" class=\"wp-block-spacer\"><\/div>\n<\/div>\n\n\n\n<div class=\"wp-block-column is-layout-flow wp-block-column-is-layout-flow\">\n<h2 class=\"wp-block-heading\">Contact form<\/h2>\n\n\n\n<div class=\"wp-block-contact-form-7-contact-form-selector\">\n<div class=\"wpcf7 no-js\" id=\"wpcf7-f74939-o1\" lang=\"hu-HU\" dir=\"ltr\" data-wpcf7-id=\"74939\">\n<div class=\"screen-reader-response\"><p role=\"status\" aria-live=\"polite\" aria-atomic=\"true\"><\/p> <ul><\/ul><\/div>\n<form action=\"\/hu\/wp-json\/wp\/v2\/pages\/74964#wpcf7-f74939-o1\" method=\"post\" class=\"wpcf7-form init wpcf7-acceptance-as-validation\" aria-label=\"Kapcsolatfelv\u00e9teli \u0171rlap\" novalidate=\"novalidate\" data-status=\"init\">\n<fieldset class=\"hidden-fields-container\"><input type=\"hidden\" name=\"_wpcf7\" value=\"74939\" \/><input type=\"hidden\" name=\"_wpcf7_version\" value=\"6.1.5\" \/><input type=\"hidden\" name=\"_wpcf7_locale\" value=\"hu_HU\" \/><input type=\"hidden\" name=\"_wpcf7_unit_tag\" value=\"wpcf7-f74939-o1\" \/><input type=\"hidden\" name=\"_wpcf7_container_post\" value=\"0\" \/><input type=\"hidden\" name=\"_wpcf7_posted_data_hash\" value=\"\" \/><input type=\"hidden\" name=\"_wpcf7_recaptcha_response\" value=\"\" \/>\n<\/fieldset>\n<label> Neved\n    <span class=\"wpcf7-form-control-wrap\" data-name=\"your-name\"><input size=\"40\" maxlength=\"400\" class=\"wpcf7-form-control wpcf7-text wpcf7-validates-as-required\" autocomplete=\"name\" aria-required=\"true\" aria-invalid=\"false\" value=\"\" type=\"text\" name=\"your-name\" \/><\/span> <\/label>\n\n<label> E-mail c\u00edmed\n    <span class=\"wpcf7-form-control-wrap\" data-name=\"your-email\"><input size=\"40\" maxlength=\"400\" class=\"wpcf7-form-control wpcf7-email wpcf7-validates-as-required wpcf7-text wpcf7-validates-as-email\" autocomplete=\"email\" aria-required=\"true\" aria-invalid=\"false\" value=\"\" type=\"email\" name=\"your-email\" \/><\/span> <\/label>\n\n<label> T\u00e1rgy\n    <span class=\"wpcf7-form-control-wrap\" data-name=\"your-subject\"><input size=\"40\" maxlength=\"400\" class=\"wpcf7-form-control wpcf7-text wpcf7-validates-as-required\" aria-required=\"true\" aria-invalid=\"false\" value=\"\" type=\"text\" name=\"your-subject\" \/><\/span> <\/label>\n\n<label> \u00dczeneted (nem k\u00f6telez\u0151)\n    <span class=\"wpcf7-form-control-wrap\" data-name=\"your-message\"><textarea cols=\"40\" rows=\"10\" maxlength=\"2000\" class=\"wpcf7-form-control wpcf7-textarea\" aria-invalid=\"false\" name=\"your-message\"><\/textarea><\/span> <\/label>\n\n<input class=\"wpcf7-form-control wpcf7-submit has-spinner\" type=\"submit\" value=\"K\u00fcld\u00e9s\" \/>\n\nEz az \u0171rlap az Akismet-et haszn\u00e1lja a spam cs\u00f6kkent\u00e9se \u00e9rdek\u00e9ben. <a target=\"_blank\" rel=\"nofollow noopener\" href=\"https:\/\/akismet.com\/privacy\/\">Tudd meg, hogyan dolgozzuk fel az adataidat.<\/a><p style=\"display: none !important;\" class=\"akismet-fields-container\" data-prefix=\"_wpcf7_ak_\"><label>&#916;<textarea name=\"_wpcf7_ak_hp_textarea\" cols=\"45\" rows=\"8\" maxlength=\"100\"><\/textarea><\/label><input type=\"hidden\" id=\"ak_js_1\" name=\"_wpcf7_ak_js\" value=\"210\"\/><script>document.getElementById( \"ak_js_1\" ).setAttribute( \"value\", ( new Date() ).getTime() );<\/script><\/p><div class=\"wpcf7-response-output\" aria-hidden=\"true\"><\/div>\n<\/form>\n<\/div>\n<\/div>\n\n\n\n<div id=\"sb_instagram\"  class=\"sbi sbi_mob_col_1 sbi_tab_col_2 sbi_col_3\" style=\"padding-bottom: 10px; background-color: rgb(0,0,0); width: 100%;\"\t data-feedid=\"*1\"  data-res=\"auto\" data-cols=\"3\" data-colsmobile=\"1\" data-colstablet=\"2\" data-num=\"3\" data-nummobile=\"\" data-item-padding=\"5\"\t data-shortcode-atts=\"{}\"  data-postid=\"74964\" data-locatornonce=\"6b9e6194b2\" data-imageaspectratio=\"1:1\" data-sbi-flags=\"favorLocal,gdpr\">\n\t\n\t<div id=\"sbi_images\"  style=\"gap: 10px;\">\n\t\t\t<\/div>\n\n\t<div id=\"sbi_load\" >\n\n\t\n\t\t\t<span class=\"sbi_follow_btn sbi_custom\" >\n\t\t\t<a target=\"_blank\"\n\t\t\t\trel=\"nofollow noopener\"  href=\"https:\/\/www.instagram.com\/magnetar_magnets\/\" style=\"background: rgb(254,80,79);\">\n\t\t\t\t<svg class=\"svg-inline--fa fa-instagram fa-w-14\" aria-hidden=\"true\" data-fa-processed=\"\" aria-label=\"Instagram\" data-prefix=\"fab\" data-icon=\"instagram\" role=\"img\" viewBox=\"0 0 448 512\">\n                    <path fill=\"currentColor\" d=\"M224.1 141c-63.6 0-114.9 51.3-114.9 114.9s51.3 114.9 114.9 114.9S339 319.5 339 255.9 287.7 141 224.1 141zm0 189.6c-41.1 0-74.7-33.5-74.7-74.7s33.5-74.7 74.7-74.7 74.7 33.5 74.7 74.7-33.6 74.7-74.7 74.7zm146.4-194.3c0 14.9-12 26.8-26.8 26.8-14.9 0-26.8-12-26.8-26.8s12-26.8 26.8-26.8 26.8 12 26.8 26.8zm76.1 27.2c-1.7-35.9-9.9-67.7-36.2-93.9-26.2-26.2-58-34.4-93.9-36.2-37-2.1-147.9-2.1-184.9 0-35.8 1.7-67.6 9.9-93.9 36.1s-34.4 58-36.2 93.9c-2.1 37-2.1 147.9 0 184.9 1.7 35.9 9.9 67.7 36.2 93.9s58 34.4 93.9 36.2c37 2.1 147.9 2.1 184.9 0 35.9-1.7 67.7-9.9 93.9-36.2 26.2-26.2 34.4-58 36.2-93.9 2.1-37 2.1-147.8 0-184.8zM398.8 388c-7.8 19.6-22.9 34.7-42.6 42.6-29.5 11.7-99.5 9-132.1 9s-102.7 2.6-132.1-9c-19.6-7.8-34.7-22.9-42.6-42.6-11.7-29.5-9-99.5-9-132.1s-2.6-102.7 9-132.1c7.8-19.6 22.9-34.7 42.6-42.6 29.5-11.7 99.5-9 132.1-9s102.7-2.6 132.1 9c19.6 7.8 34.7 22.9 42.6 42.6 11.7 29.5 9 99.5 9 132.1s2.7 102.7-9 132.1z\"><\/path>\n                <\/svg>\t\t\t\t<span>Check our profile<\/span>\n\t\t\t<\/a>\n\t\t<\/span>\n\t\n<\/div>\n\t\t<span class=\"sbi_resized_image_data\" data-feed-id=\"*1\"\n\t\t  data-resized=\"[]\">\n\t<\/span>\n\t<\/div>\n\n<\/div>\n<\/div>\n","protected":false},"excerpt":{"rendered":"<p>L\u00e9pj kapcsolatba a Magnetarral T\u00f6ltsd ki kapcsolatfelv\u00e9teli \u0171rlapunkat, vagy \u00edrj az info@magnetarmagnets.com e-mail c\u00edmre. L\u00e9pj kapcsolatba USA nagyk\u00f6veteinkkel L\u00e9pj kapcsolatba Magnetar EU-val EU \u00fczleti telefon: +31 6 50678719EU \u00fcgyf\u00e9lszolg\u00e1lat: +31 6 51681066 K\u00e9rj\u00fck, el\u0151sz\u00f6r mindig olvasd el a GYIK-et \u2013 lehet, hogy a v\u00e1laszod m\u00e1r ott szerepel. Contact form<\/p>\n","protected":false},"author":1,"featured_media":0,"parent":0,"menu_order":0,"comment_status":"closed","ping_status":"closed","template":"","meta":{"_acf_changed":false,"inline_featured_image":false,"footnotes":""},"class_list":["post-74964","page","type-page","status-publish","hentry"],"acf":[],"yoast_head":"<!-- This site is optimized with the Yoast SEO plugin v27.3 - https:\/\/yoast.com\/product\/yoast-seo-wordpress\/ -->\n<title>Magnetar horg\u00e1sz m\u00e1gnesek \u2013 kapcsolatfelv\u00e9teli oldal k\u00e9rd\u00e9sekhez vagy kommunik\u00e1ci\u00f3hoz<\/title>\n<meta name=\"description\" content=\"Magnetar m\u00e1gnesek \u2013 l\u00e9pj vel\u00fcnk kapcsolatba k\u00e9rd\u00e9seiddel\" \/>\n<meta name=\"robots\" content=\"index, follow, max-snippet:-1, max-image-preview:large, max-video-preview:-1\" \/>\n<link rel=\"canonical\" href=\"https:\/\/magnetarmagnets.com\/hu\/kapcsolat\/\" \/>\n<meta property=\"og:locale\" content=\"hu_HU\" \/>\n<meta property=\"og:type\" content=\"article\" \/>\n<meta property=\"og:title\" content=\"Magnetar horg\u00e1sz m\u00e1gnesek \u2013 kapcsolatfelv\u00e9teli oldal k\u00e9rd\u00e9sekhez vagy kommunik\u00e1ci\u00f3hoz\" \/>\n<meta property=\"og:description\" content=\"Magnetar m\u00e1gnesek \u2013 l\u00e9pj vel\u00fcnk kapcsolatba k\u00e9rd\u00e9seiddel\" \/>\n<meta property=\"og:url\" content=\"https:\/\/magnetarmagnets.com\/hu\/kapcsolat\/\" \/>\n<meta property=\"og:site_name\" content=\"Magnet fishing with a Magnetar fishing magnet\" \/>\n<meta property=\"article:publisher\" content=\"https:\/\/www.facebook.com\/fishingmagnets\/\" \/>\n<meta property=\"article:modified_time\" content=\"2025-07-14T12:10:33+00:00\" \/>\n<meta property=\"og:image\" content=\"https:\/\/magnetarmagnets.com\/wp-content\/uploads\/2022\/02\/RTH-Team.png\" \/>\n\t<meta property=\"og:image:width\" content=\"1560\" \/>\n\t<meta property=\"og:image:height\" content=\"551\" \/>\n\t<meta property=\"og:image:type\" content=\"image\/png\" \/>\n<meta name=\"twitter:card\" content=\"summary_large_image\" \/>\n<meta name=\"twitter:label1\" content=\"Becs\u00fclt olvas\u00e1si id\u0151\" \/>\n\t<meta name=\"twitter:data1\" content=\"1 perc\" \/>\n<script type=\"application\/ld+json\" class=\"yoast-schema-graph\">{\"@context\":\"https:\\\/\\\/schema.org\",\"@graph\":[{\"@type\":\"WebPage\",\"@id\":\"https:\\\/\\\/magnetarmagnets.com\\\/hu\\\/kapcsolat\\\/\",\"url\":\"https:\\\/\\\/magnetarmagnets.com\\\/hu\\\/kapcsolat\\\/\",\"name\":\"Magnetar horg\u00e1sz m\u00e1gnesek \u2013 kapcsolatfelv\u00e9teli oldal k\u00e9rd\u00e9sekhez vagy kommunik\u00e1ci\u00f3hoz\",\"isPartOf\":{\"@id\":\"https:\\\/\\\/magnetarmagnets.com\\\/hu\\\/#website\"},\"primaryImageOfPage\":{\"@id\":\"https:\\\/\\\/magnetarmagnets.com\\\/hu\\\/kapcsolat\\\/#primaryimage\"},\"image\":{\"@id\":\"https:\\\/\\\/magnetarmagnets.com\\\/hu\\\/kapcsolat\\\/#primaryimage\"},\"thumbnailUrl\":\"https:\\\/\\\/magnetarmagnets.com\\\/wp-content\\\/uploads\\\/2022\\\/02\\\/RTH-Team-1024x362.png\",\"datePublished\":\"2014-03-21T17:19:21+00:00\",\"dateModified\":\"2025-07-14T12:10:33+00:00\",\"description\":\"Magnetar m\u00e1gnesek \u2013 l\u00e9pj vel\u00fcnk kapcsolatba k\u00e9rd\u00e9seiddel\",\"breadcrumb\":{\"@id\":\"https:\\\/\\\/magnetarmagnets.com\\\/hu\\\/kapcsolat\\\/#breadcrumb\"},\"inLanguage\":\"hu\",\"potentialAction\":[{\"@type\":\"ReadAction\",\"target\":[\"https:\\\/\\\/magnetarmagnets.com\\\/hu\\\/kapcsolat\\\/\"]}]},{\"@type\":\"ImageObject\",\"inLanguage\":\"hu\",\"@id\":\"https:\\\/\\\/magnetarmagnets.com\\\/hu\\\/kapcsolat\\\/#primaryimage\",\"url\":\"https:\\\/\\\/magnetarmagnets.com\\\/wp-content\\\/uploads\\\/2022\\\/02\\\/RTH-Team-1024x362.png\",\"contentUrl\":\"https:\\\/\\\/magnetarmagnets.com\\\/wp-content\\\/uploads\\\/2022\\\/02\\\/RTH-Team-1024x362.png\"},{\"@type\":\"BreadcrumbList\",\"@id\":\"https:\\\/\\\/magnetarmagnets.com\\\/hu\\\/kapcsolat\\\/#breadcrumb\",\"itemListElement\":[{\"@type\":\"ListItem\",\"position\":1,\"name\":\"Home\",\"item\":\"https:\\\/\\\/magnetarmagnets.com\\\/hu\\\/\"},{\"@type\":\"ListItem\",\"position\":2,\"name\":\"Kapcsolat\"}]},{\"@type\":\"WebSite\",\"@id\":\"https:\\\/\\\/magnetarmagnets.com\\\/hu\\\/#website\",\"url\":\"https:\\\/\\\/magnetarmagnets.com\\\/hu\\\/\",\"name\":\"Magnet fishing with a Magnetar fishing magnet\",\"description\":\"Er\u0151s m\u00e1gnesek m\u00e1gneshorg\u00e1szathoz\",\"publisher\":{\"@id\":\"https:\\\/\\\/magnetarmagnets.com\\\/hu\\\/#organization\"},\"potentialAction\":[{\"@type\":\"SearchAction\",\"target\":{\"@type\":\"EntryPoint\",\"urlTemplate\":\"https:\\\/\\\/magnetarmagnets.com\\\/hu\\\/?s={search_term_string}\"},\"query-input\":{\"@type\":\"PropertyValueSpecification\",\"valueRequired\":true,\"valueName\":\"search_term_string\"}}],\"inLanguage\":\"hu\"},{\"@type\":\"Organization\",\"@id\":\"https:\\\/\\\/magnetarmagnets.com\\\/hu\\\/#organization\",\"name\":\"Magnetar\",\"url\":\"https:\\\/\\\/magnetarmagnets.com\\\/hu\\\/\",\"logo\":{\"@type\":\"ImageObject\",\"inLanguage\":\"hu\",\"@id\":\"https:\\\/\\\/magnetarmagnets.com\\\/hu\\\/#\\\/schema\\\/logo\\\/image\\\/\",\"url\":\"https:\\\/\\\/magnetarmagnets.com\\\/wp-content\\\/uploads\\\/2025\\\/05\\\/Logo-03_PNG-Black-scaled.png\",\"contentUrl\":\"https:\\\/\\\/magnetarmagnets.com\\\/wp-content\\\/uploads\\\/2025\\\/05\\\/Logo-03_PNG-Black-scaled.png\",\"width\":2560,\"height\":1658,\"caption\":\"Magnetar\"},\"image\":{\"@id\":\"https:\\\/\\\/magnetarmagnets.com\\\/hu\\\/#\\\/schema\\\/logo\\\/image\\\/\"},\"sameAs\":[\"https:\\\/\\\/www.facebook.com\\\/fishingmagnets\\\/\",\"https:\\\/\\\/www.instagram.com\\\/magnetar_magnets\\\/\",\"https:\\\/\\\/www.linkedin.com\\\/company\\\/magnetarbv\\\/?originalSubdomain=nl\",\"https:\\\/\\\/www.youtube.com\\\/c\\\/MagnetarVismagneet\"]}]}<\/script>\n<!-- \/ Yoast SEO plugin. -->","yoast_head_json":{"title":"Magnetar horg\u00e1sz m\u00e1gnesek \u2013 kapcsolatfelv\u00e9teli oldal k\u00e9rd\u00e9sekhez vagy kommunik\u00e1ci\u00f3hoz","description":"Magnetar m\u00e1gnesek \u2013 l\u00e9pj vel\u00fcnk kapcsolatba k\u00e9rd\u00e9seiddel","robots":{"index":"index","follow":"follow","max-snippet":"max-snippet:-1","max-image-preview":"max-image-preview:large","max-video-preview":"max-video-preview:-1"},"canonical":"https:\/\/magnetarmagnets.com\/hu\/kapcsolat\/","og_locale":"hu_HU","og_type":"article","og_title":"Magnetar horg\u00e1sz m\u00e1gnesek \u2013 kapcsolatfelv\u00e9teli oldal k\u00e9rd\u00e9sekhez vagy kommunik\u00e1ci\u00f3hoz","og_description":"Magnetar m\u00e1gnesek \u2013 l\u00e9pj vel\u00fcnk kapcsolatba k\u00e9rd\u00e9seiddel","og_url":"https:\/\/magnetarmagnets.com\/hu\/kapcsolat\/","og_site_name":"Magnet fishing with a Magnetar fishing magnet","article_publisher":"https:\/\/www.facebook.com\/fishingmagnets\/","article_modified_time":"2025-07-14T12:10:33+00:00","og_image":[{"width":1560,"height":551,"url":"https:\/\/magnetarmagnets.com\/wp-content\/uploads\/2022\/02\/RTH-Team.png","type":"image\/png"}],"twitter_card":"summary_large_image","twitter_misc":{"Becs\u00fclt olvas\u00e1si id\u0151":"1 perc"},"schema":{"@context":"https:\/\/schema.org","@graph":[{"@type":"WebPage","@id":"https:\/\/magnetarmagnets.com\/hu\/kapcsolat\/","url":"https:\/\/magnetarmagnets.com\/hu\/kapcsolat\/","name":"Magnetar horg\u00e1sz m\u00e1gnesek \u2013 kapcsolatfelv\u00e9teli oldal k\u00e9rd\u00e9sekhez vagy kommunik\u00e1ci\u00f3hoz","isPartOf":{"@id":"https:\/\/magnetarmagnets.com\/hu\/#website"},"primaryImageOfPage":{"@id":"https:\/\/magnetarmagnets.com\/hu\/kapcsolat\/#primaryimage"},"image":{"@id":"https:\/\/magnetarmagnets.com\/hu\/kapcsolat\/#primaryimage"},"thumbnailUrl":"https:\/\/magnetarmagnets.com\/wp-content\/uploads\/2022\/02\/RTH-Team-1024x362.png","datePublished":"2014-03-21T17:19:21+00:00","dateModified":"2025-07-14T12:10:33+00:00","description":"Magnetar m\u00e1gnesek \u2013 l\u00e9pj vel\u00fcnk kapcsolatba k\u00e9rd\u00e9seiddel","breadcrumb":{"@id":"https:\/\/magnetarmagnets.com\/hu\/kapcsolat\/#breadcrumb"},"inLanguage":"hu","potentialAction":[{"@type":"ReadAction","target":["https:\/\/magnetarmagnets.com\/hu\/kapcsolat\/"]}]},{"@type":"ImageObject","inLanguage":"hu","@id":"https:\/\/magnetarmagnets.com\/hu\/kapcsolat\/#primaryimage","url":"https:\/\/magnetarmagnets.com\/wp-content\/uploads\/2022\/02\/RTH-Team-1024x362.png","contentUrl":"https:\/\/magnetarmagnets.com\/wp-content\/uploads\/2022\/02\/RTH-Team-1024x362.png"},{"@type":"BreadcrumbList","@id":"https:\/\/magnetarmagnets.com\/hu\/kapcsolat\/#breadcrumb","itemListElement":[{"@type":"ListItem","position":1,"name":"Home","item":"https:\/\/magnetarmagnets.com\/hu\/"},{"@type":"ListItem","position":2,"name":"Kapcsolat"}]},{"@type":"WebSite","@id":"https:\/\/magnetarmagnets.com\/hu\/#website","url":"https:\/\/magnetarmagnets.com\/hu\/","name":"Magnet fishing with a Magnetar fishing magnet","description":"Er\u0151s m\u00e1gnesek m\u00e1gneshorg\u00e1szathoz","publisher":{"@id":"https:\/\/magnetarmagnets.com\/hu\/#organization"},"potentialAction":[{"@type":"SearchAction","target":{"@type":"EntryPoint","urlTemplate":"https:\/\/magnetarmagnets.com\/hu\/?s={search_term_string}"},"query-input":{"@type":"PropertyValueSpecification","valueRequired":true,"valueName":"search_term_string"}}],"inLanguage":"hu"},{"@type":"Organization","@id":"https:\/\/magnetarmagnets.com\/hu\/#organization","name":"Magnetar","url":"https:\/\/magnetarmagnets.com\/hu\/","logo":{"@type":"ImageObject","inLanguage":"hu","@id":"https:\/\/magnetarmagnets.com\/hu\/#\/schema\/logo\/image\/","url":"https:\/\/magnetarmagnets.com\/wp-content\/uploads\/2025\/05\/Logo-03_PNG-Black-scaled.png","contentUrl":"https:\/\/magnetarmagnets.com\/wp-content\/uploads\/2025\/05\/Logo-03_PNG-Black-scaled.png","width":2560,"height":1658,"caption":"Magnetar"},"image":{"@id":"https:\/\/magnetarmagnets.com\/hu\/#\/schema\/logo\/image\/"},"sameAs":["https:\/\/www.facebook.com\/fishingmagnets\/","https:\/\/www.instagram.com\/magnetar_magnets\/","https:\/\/www.linkedin.com\/company\/magnetarbv\/?originalSubdomain=nl","https:\/\/www.youtube.com\/c\/MagnetarVismagneet"]}]}},"_links":{"self":[{"href":"https:\/\/magnetarmagnets.com\/hu\/wp-json\/wp\/v2\/pages\/74964","targetHints":{"allow":["GET"]}}],"collection":[{"href":"https:\/\/magnetarmagnets.com\/hu\/wp-json\/wp\/v2\/pages"}],"about":[{"href":"https:\/\/magnetarmagnets.com\/hu\/wp-json\/wp\/v2\/types\/page"}],"author":[{"embeddable":true,"href":"https:\/\/magnetarmagnets.com\/hu\/wp-json\/wp\/v2\/users\/1"}],"replies":[{"embeddable":true,"href":"https:\/\/magnetarmagnets.com\/hu\/wp-json\/wp\/v2\/comments?post=74964"}],"version-history":[{"count":0,"href":"https:\/\/magnetarmagnets.com\/hu\/wp-json\/wp\/v2\/pages\/74964\/revisions"}],"wp:attachment":[{"href":"https:\/\/magnetarmagnets.com\/hu\/wp-json\/wp\/v2\/media?parent=74964"}],"curies":[{"name":"wp","href":"https:\/\/api.w.org\/{rel}","templated":true}]}}