{"id":74963,"date":"2014-03-21T18:21:41","date_gmt":"2014-03-21T17:21:41","guid":{"rendered":"https:\/\/magnetarmagnets.com\/magnes-horgaszat-blog\/"},"modified":"2014-03-21T18:21:41","modified_gmt":"2014-03-21T17:21:41","slug":"magnes-horgaszat-blog","status":"publish","type":"page","link":"https:\/\/magnetarmagnets.com\/hu\/magnes-horgaszat-blog\/","title":{"rendered":"M\u00e1gnes horg\u00e1szat blog"},"content":{"rendered":"","protected":false},"excerpt":{"rendered":"","protected":false},"author":1,"featured_media":0,"parent":0,"menu_order":0,"comment_status":"open","ping_status":"open","template":"blog-archive.php","meta":{"_acf_changed":false,"inline_featured_image":false,"footnotes":""},"class_list":["post-74963","page","type-page","status-publish","hentry"],"acf":[],"yoast_head":"<!-- This site is optimized with the Yoast SEO plugin v27.3 - https:\/\/yoast.com\/product\/yoast-seo-wordpress\/ -->\n<title>M\u00e1gnes horg\u00e1szat blogunk \u00e9rt\u00e9kes tippekkel \u00e9s tr\u00fckk\u00f6kkel - Magnetar\u00ae<\/title>\n<meta name=\"description\" content=\"Ismerd meg jobban a m\u00e1gnes horg\u00e1szatot, \u00e9s szerezz tippeket \u00e9s tr\u00fckk\u00f6ket az igazi m\u00e1gneshorg\u00e1sz gurukt\u00f3l a blogunkon. Legy\u00e9l te is szak\u00e9rt\u0151!\" \/>\n<meta name=\"robots\" content=\"index, follow, max-snippet:-1, max-image-preview:large, max-video-preview:-1\" \/>\n<link rel=\"canonical\" href=\"https:\/\/magnetarmagnets.com\/hu\/magnes-horgaszat-blog\/\" \/>\n<meta property=\"og:locale\" content=\"hu_HU\" \/>\n<meta property=\"og:type\" content=\"article\" \/>\n<meta property=\"og:title\" content=\"M\u00e1gnes horg\u00e1szat blogunk \u00e9rt\u00e9kes tippekkel \u00e9s tr\u00fckk\u00f6kkel - Magnetar\u00ae\" \/>\n<meta property=\"og:description\" content=\"Ismerd meg jobban a m\u00e1gnes horg\u00e1szatot, \u00e9s szerezz tippeket \u00e9s tr\u00fckk\u00f6ket az igazi m\u00e1gneshorg\u00e1sz gurukt\u00f3l a blogunkon. Legy\u00e9l te is szak\u00e9rt\u0151!\" \/>\n<meta property=\"og:url\" content=\"https:\/\/magnetarmagnets.com\/hu\/magnes-horgaszat-blog\/\" \/>\n<meta property=\"og:site_name\" content=\"Magnet fishing with a Magnetar fishing magnet\" \/>\n<meta property=\"article:publisher\" content=\"https:\/\/www.facebook.com\/fishingmagnets\/\" \/>\n<meta property=\"og:image\" content=\"https:\/\/magnetarmagnets.com\/wp-content\/uploads\/2025\/05\/Logo-03_PNG-Black-scaled.png\" \/>\n\t<meta property=\"og:image:width\" content=\"2560\" \/>\n\t<meta property=\"og:image:height\" content=\"1658\" \/>\n\t<meta property=\"og:image:type\" content=\"image\/png\" \/>\n<meta name=\"twitter:card\" content=\"summary_large_image\" \/>\n<script type=\"application\/ld+json\" class=\"yoast-schema-graph\">{\"@context\":\"https:\\\/\\\/schema.org\",\"@graph\":[{\"@type\":\"WebPage\",\"@id\":\"https:\\\/\\\/magnetarmagnets.com\\\/hu\\\/magnes-horgaszat-blog\\\/\",\"url\":\"https:\\\/\\\/magnetarmagnets.com\\\/hu\\\/magnes-horgaszat-blog\\\/\",\"name\":\"M\u00e1gnes horg\u00e1szat blogunk \u00e9rt\u00e9kes tippekkel \u00e9s tr\u00fckk\u00f6kkel - Magnetar\u00ae\",\"isPartOf\":{\"@id\":\"https:\\\/\\\/magnetarmagnets.com\\\/hu\\\/#website\"},\"datePublished\":\"2014-03-21T17:21:41+00:00\",\"description\":\"Ismerd meg jobban a m\u00e1gnes horg\u00e1szatot, \u00e9s szerezz tippeket \u00e9s tr\u00fckk\u00f6ket az igazi m\u00e1gneshorg\u00e1sz gurukt\u00f3l a blogunkon. Legy\u00e9l te is szak\u00e9rt\u0151!\",\"breadcrumb\":{\"@id\":\"https:\\\/\\\/magnetarmagnets.com\\\/hu\\\/magnes-horgaszat-blog\\\/#breadcrumb\"},\"inLanguage\":\"hu\",\"potentialAction\":[{\"@type\":\"ReadAction\",\"target\":[\"https:\\\/\\\/magnetarmagnets.com\\\/hu\\\/magnes-horgaszat-blog\\\/\"]}]},{\"@type\":\"BreadcrumbList\",\"@id\":\"https:\\\/\\\/magnetarmagnets.com\\\/hu\\\/magnes-horgaszat-blog\\\/#breadcrumb\",\"itemListElement\":[{\"@type\":\"ListItem\",\"position\":1,\"name\":\"Home\",\"item\":\"https:\\\/\\\/magnetarmagnets.com\\\/hu\\\/\"},{\"@type\":\"ListItem\",\"position\":2,\"name\":\"M\u00e1gnes horg\u00e1szat blog\"}]},{\"@type\":\"WebSite\",\"@id\":\"https:\\\/\\\/magnetarmagnets.com\\\/hu\\\/#website\",\"url\":\"https:\\\/\\\/magnetarmagnets.com\\\/hu\\\/\",\"name\":\"Magnet fishing with a Magnetar fishing magnet\",\"description\":\"Er\u0151s m\u00e1gnesek m\u00e1gneshorg\u00e1szathoz\",\"publisher\":{\"@id\":\"https:\\\/\\\/magnetarmagnets.com\\\/hu\\\/#organization\"},\"potentialAction\":[{\"@type\":\"SearchAction\",\"target\":{\"@type\":\"EntryPoint\",\"urlTemplate\":\"https:\\\/\\\/magnetarmagnets.com\\\/hu\\\/?s={search_term_string}\"},\"query-input\":{\"@type\":\"PropertyValueSpecification\",\"valueRequired\":true,\"valueName\":\"search_term_string\"}}],\"inLanguage\":\"hu\"},{\"@type\":\"Organization\",\"@id\":\"https:\\\/\\\/magnetarmagnets.com\\\/hu\\\/#organization\",\"name\":\"Magnetar\",\"url\":\"https:\\\/\\\/magnetarmagnets.com\\\/hu\\\/\",\"logo\":{\"@type\":\"ImageObject\",\"inLanguage\":\"hu\",\"@id\":\"https:\\\/\\\/magnetarmagnets.com\\\/hu\\\/#\\\/schema\\\/logo\\\/image\\\/\",\"url\":\"https:\\\/\\\/magnetarmagnets.com\\\/wp-content\\\/uploads\\\/2025\\\/05\\\/Logo-03_PNG-Black-scaled.png\",\"contentUrl\":\"https:\\\/\\\/magnetarmagnets.com\\\/wp-content\\\/uploads\\\/2025\\\/05\\\/Logo-03_PNG-Black-scaled.png\",\"width\":2560,\"height\":1658,\"caption\":\"Magnetar\"},\"image\":{\"@id\":\"https:\\\/\\\/magnetarmagnets.com\\\/hu\\\/#\\\/schema\\\/logo\\\/image\\\/\"},\"sameAs\":[\"https:\\\/\\\/www.facebook.com\\\/fishingmagnets\\\/\",\"https:\\\/\\\/www.instagram.com\\\/magnetar_magnets\\\/\",\"https:\\\/\\\/www.linkedin.com\\\/company\\\/magnetarbv\\\/?originalSubdomain=nl\",\"https:\\\/\\\/www.youtube.com\\\/c\\\/MagnetarVismagneet\"]}]}<\/script>\n<!-- \/ Yoast SEO plugin. -->","yoast_head_json":{"title":"M\u00e1gnes horg\u00e1szat blogunk \u00e9rt\u00e9kes tippekkel \u00e9s tr\u00fckk\u00f6kkel - Magnetar\u00ae","description":"Ismerd meg jobban a m\u00e1gnes horg\u00e1szatot, \u00e9s szerezz tippeket \u00e9s tr\u00fckk\u00f6ket az igazi m\u00e1gneshorg\u00e1sz gurukt\u00f3l a blogunkon. Legy\u00e9l te is szak\u00e9rt\u0151!","robots":{"index":"index","follow":"follow","max-snippet":"max-snippet:-1","max-image-preview":"max-image-preview:large","max-video-preview":"max-video-preview:-1"},"canonical":"https:\/\/magnetarmagnets.com\/hu\/magnes-horgaszat-blog\/","og_locale":"hu_HU","og_type":"article","og_title":"M\u00e1gnes horg\u00e1szat blogunk \u00e9rt\u00e9kes tippekkel \u00e9s tr\u00fckk\u00f6kkel - Magnetar\u00ae","og_description":"Ismerd meg jobban a m\u00e1gnes horg\u00e1szatot, \u00e9s szerezz tippeket \u00e9s tr\u00fckk\u00f6ket az igazi m\u00e1gneshorg\u00e1sz gurukt\u00f3l a blogunkon. Legy\u00e9l te is szak\u00e9rt\u0151!","og_url":"https:\/\/magnetarmagnets.com\/hu\/magnes-horgaszat-blog\/","og_site_name":"Magnet fishing with a Magnetar fishing magnet","article_publisher":"https:\/\/www.facebook.com\/fishingmagnets\/","og_image":[{"width":2560,"height":1658,"url":"https:\/\/magnetarmagnets.com\/wp-content\/uploads\/2025\/05\/Logo-03_PNG-Black-scaled.png","type":"image\/png"}],"twitter_card":"summary_large_image","schema":{"@context":"https:\/\/schema.org","@graph":[{"@type":"WebPage","@id":"https:\/\/magnetarmagnets.com\/hu\/magnes-horgaszat-blog\/","url":"https:\/\/magnetarmagnets.com\/hu\/magnes-horgaszat-blog\/","name":"M\u00e1gnes horg\u00e1szat blogunk \u00e9rt\u00e9kes tippekkel \u00e9s tr\u00fckk\u00f6kkel - Magnetar\u00ae","isPartOf":{"@id":"https:\/\/magnetarmagnets.com\/hu\/#website"},"datePublished":"2014-03-21T17:21:41+00:00","description":"Ismerd meg jobban a m\u00e1gnes horg\u00e1szatot, \u00e9s szerezz tippeket \u00e9s tr\u00fckk\u00f6ket az igazi m\u00e1gneshorg\u00e1sz gurukt\u00f3l a blogunkon. Legy\u00e9l te is szak\u00e9rt\u0151!","breadcrumb":{"@id":"https:\/\/magnetarmagnets.com\/hu\/magnes-horgaszat-blog\/#breadcrumb"},"inLanguage":"hu","potentialAction":[{"@type":"ReadAction","target":["https:\/\/magnetarmagnets.com\/hu\/magnes-horgaszat-blog\/"]}]},{"@type":"BreadcrumbList","@id":"https:\/\/magnetarmagnets.com\/hu\/magnes-horgaszat-blog\/#breadcrumb","itemListElement":[{"@type":"ListItem","position":1,"name":"Home","item":"https:\/\/magnetarmagnets.com\/hu\/"},{"@type":"ListItem","position":2,"name":"M\u00e1gnes horg\u00e1szat blog"}]},{"@type":"WebSite","@id":"https:\/\/magnetarmagnets.com\/hu\/#website","url":"https:\/\/magnetarmagnets.com\/hu\/","name":"Magnet fishing with a Magnetar fishing magnet","description":"Er\u0151s m\u00e1gnesek m\u00e1gneshorg\u00e1szathoz","publisher":{"@id":"https:\/\/magnetarmagnets.com\/hu\/#organization"},"potentialAction":[{"@type":"SearchAction","target":{"@type":"EntryPoint","urlTemplate":"https:\/\/magnetarmagnets.com\/hu\/?s={search_term_string}"},"query-input":{"@type":"PropertyValueSpecification","valueRequired":true,"valueName":"search_term_string"}}],"inLanguage":"hu"},{"@type":"Organization","@id":"https:\/\/magnetarmagnets.com\/hu\/#organization","name":"Magnetar","url":"https:\/\/magnetarmagnets.com\/hu\/","logo":{"@type":"ImageObject","inLanguage":"hu","@id":"https:\/\/magnetarmagnets.com\/hu\/#\/schema\/logo\/image\/","url":"https:\/\/magnetarmagnets.com\/wp-content\/uploads\/2025\/05\/Logo-03_PNG-Black-scaled.png","contentUrl":"https:\/\/magnetarmagnets.com\/wp-content\/uploads\/2025\/05\/Logo-03_PNG-Black-scaled.png","width":2560,"height":1658,"caption":"Magnetar"},"image":{"@id":"https:\/\/magnetarmagnets.com\/hu\/#\/schema\/logo\/image\/"},"sameAs":["https:\/\/www.facebook.com\/fishingmagnets\/","https:\/\/www.instagram.com\/magnetar_magnets\/","https:\/\/www.linkedin.com\/company\/magnetarbv\/?originalSubdomain=nl","https:\/\/www.youtube.com\/c\/MagnetarVismagneet"]}]}},"_links":{"self":[{"href":"https:\/\/magnetarmagnets.com\/hu\/wp-json\/wp\/v2\/pages\/74963","targetHints":{"allow":["GET"]}}],"collection":[{"href":"https:\/\/magnetarmagnets.com\/hu\/wp-json\/wp\/v2\/pages"}],"about":[{"href":"https:\/\/magnetarmagnets.com\/hu\/wp-json\/wp\/v2\/types\/page"}],"author":[{"embeddable":true,"href":"https:\/\/magnetarmagnets.com\/hu\/wp-json\/wp\/v2\/users\/1"}],"replies":[{"embeddable":true,"href":"https:\/\/magnetarmagnets.com\/hu\/wp-json\/wp\/v2\/comments?post=74963"}],"version-history":[{"count":0,"href":"https:\/\/magnetarmagnets.com\/hu\/wp-json\/wp\/v2\/pages\/74963\/revisions"}],"wp:attachment":[{"href":"https:\/\/magnetarmagnets.com\/hu\/wp-json\/wp\/v2\/media?parent=74963"}],"curies":[{"name":"wp","href":"https:\/\/api.w.org\/{rel}","templated":true}]}}