{"id":74958,"date":"2018-02-15T19:59:07","date_gmt":"2018-02-15T18:59:07","guid":{"rendered":"https:\/\/magnetarmagnets.com\/rolunk\/"},"modified":"2025-07-01T11:35:55","modified_gmt":"2025-07-01T09:35:55","slug":"rolunk","status":"publish","type":"page","link":"https:\/\/magnetarmagnets.com\/hu\/rolunk\/","title":{"rendered":"R\u00f3lunk"},"content":{"rendered":"\n<p>T\u00f6bb mint 10 \u00e9ve csal\u00e1di v\u00e1llalkoz\u00e1sk\u00e9nt \u00e1rulunk horg\u00e1sz m\u00e1gneseket olyan embereknek, akik ugyan\u00fagy im\u00e1dj\u00e1k ezt a hobbit, mint mi. <\/p>\n<div class=\"wp-block-image\">\n<figure class=\"aligncenter size-large\"><img fetchpriority=\"high\" decoding=\"async\" width=\"1024\" height=\"576\" src=\"https:\/\/magnetarmagnets.com\/wp-content\/uploads\/2023\/10\/magnetar-team-1024x576.jpg\" alt=\"\" class=\"wp-image-58869\" srcset=\"https:\/\/magnetarmagnets.com\/wp-content\/uploads\/2023\/10\/magnetar-team-1024x576.jpg 1024w, https:\/\/magnetarmagnets.com\/wp-content\/uploads\/2023\/10\/magnetar-team-300x169.jpg 300w, https:\/\/magnetarmagnets.com\/wp-content\/uploads\/2023\/10\/magnetar-team-768x432.jpg 768w, https:\/\/magnetarmagnets.com\/wp-content\/uploads\/2023\/10\/magnetar-team-800x450.jpg 800w, https:\/\/magnetarmagnets.com\/wp-content\/uploads\/2023\/10\/magnetar-team.jpg 1280w\" sizes=\"(max-width: 1024px) 100vw, 1024px\" \/><\/figure>\n<\/div>\n<p>Alap\u00edt\u00f3nk, Reinout Volkers m\u00e1r 16 \u00e9ves kora \u00f3ta rajong a m\u00e1gnes horg\u00e1szat\u00e9rt. A Small Business &amp; Retail Management tanulm\u00e1nyai alatt a Magnetar v\u00e1llalkoz\u00e1st sz\u00fclei f\u00e9szer\u00e9ben ind\u00edtotta azzal az \u00e1lommal, hogy szenved\u00e9ly\u00e9b\u0151l hivat\u00e1st csin\u00e1l. Az\u00f3ta t\u00f6bb mint 20.000 m\u00e1gnest \u00e9rt\u00e9kes\u00edtett\u00fcnk t\u00f6bb mint 50 orsz\u00e1gban, helyi partnereken kereszt\u00fcl vil\u00e1gszerte. A Magnetar a vezet\u0151 horg\u00e1sz m\u00e1gnes besz\u00e1ll\u00edt\u00f3 Eur\u00f3p\u00e1ban, \u00e9s most m\u00e1r \u00c9szak-Amerik\u00e1ba is sz\u00e1ll\u00edtunk!    <\/p>\n\n<p>Tiszt\u00e1ban vagyunk vele, hogy a sz\u00e1ll\u00edt\u00e1s v\u00e1ratlan k\u00f6lts\u00e9gekkel j\u00e1rhat. Ez\u00e9rt bizonyos orsz\u00e1gokba ingyenes sz\u00e1ll\u00edt\u00e1st k\u00edn\u00e1lunk, \u00e9s minden v\u00e1s\u00e1rl\u00f3nknak 30 napos visszat\u00e9r\u00edt\u00e9si id\u0151szakot biztos\u00edtunk. Ak\u00e1r a term\u00e9kekkel, szolg\u00e1ltat\u00e1ssal vagy k\u00e9zbes\u00edt\u00e9ssel kapcsolatban van k\u00e9rd\u00e9sed \u2013 \u00f6r\u00f6mmel seg\u00edt\u00fcnk! Tov\u00e1bbi inform\u00e1ci\u00f3\u00e9rt vagy ha meg szeretn\u00e9d osztani a m\u00e1gnes horg\u00e1szat sor\u00e1n tal\u00e1lt kincseidet, \u00edrj nek\u00fcnk az info@magnetarmagnets.com e-mail c\u00edmre.   <\/p>\n\n<h2 class=\"wp-block-heading\">Csapatunk<\/h2>\n\n<p>A Magnetar c\u00e9lja mindig is az volt, hogy szenved\u00e9lyes m\u00e1gneshorg\u00e1szokat l\u00e1sson el a legmagasabb min\u0151s\u00e9g\u0171 horg\u00e1sz m\u00e1gnesekkel, kieg\u00e9sz\u00edt\u0151kkel \u00e9s kiv\u00e1l\u00f3 \u00fcgyf\u00e9lszolg\u00e1lattal. A legjobb \u00e9lm\u00e9nyt szeretn\u00e9nk biztos\u00edtani, ez\u00e9rt \u00e9veket t\u00f6lt\u00f6tt\u00fcnk a leger\u0151sebb, legnagyobb teljes\u00edtm\u00e9ny\u0171 360 m\u00e1gnes t\u00edpusok fejleszt\u00e9s\u00e9vel. Csapatunk \u00f6t f\u0151b\u0151l \u00e1ll\u00f3 szenved\u00e9lyes \u00e9s elk\u00f6telezett t\u00e1rsas\u00e1g, akik im\u00e1dj\u00e1k a m\u00e1gnes horg\u00e1szatot \u2013 rem\u00e9lhet\u0151leg Reinout \u00e9s Annelies \u00fajsz\u00fcl\u00f6tt fia, Jurre is az lesz!   <\/p>\n\n<div id=\"text-image-block_1d8cf0edadfa1e1ff6479469a0186518\" class=\"block text-image\">\n\t\t\n\n\t<section class=\"text_image align_left bgr_nobgr\" >\n\t\t<div class=\"container-fluid\">\n\t\t\t<div class=\"row\">\n\t\t\t\t<div class=\"col-md-6 col_content\">\n\t\t\t\t\t\t\t\t\t\t\t<div class=\"small_top_title\">\n\t\t\t\t\t\t\tMaurice\t\t\t\t\t\t<\/div>\n\t\t\t\t\t\t\t\t\t\t\t\t\t\t\t\t\t\t\t\t\t<div class=\"text\" style=\"color:#000000\">\n\t\t\t\t\t\t\t<p style=\"text-align: left\">\u00c9n csomagolom \u00e9s ellen\u0151rz\u00f6m a rendel\u00e9sedet. \u00cdgy pontosan azt kapod meg, amit rendelt\u00e9l, \u00e9s id\u0151ben! A h\u00e1tt\u00e9rben mindig k\u00e9szen \u00e1llok seg\u00edteni az \u00fcgyfeleknek, \u00e9s ezt nagy b\u00fcszkes\u00e9ggel teszem! Tal\u00e1lkozunk a rendel\u00e9sedn\u00e9l?   <\/p>\n\t\t\t\t\t\t<\/div>\n\t\t\t\t\t\t\n\t\t\t\t\t\t\t\t\t\n\t\t\t\t<\/div>\n\t\t\t\t\t\t\t\t\t\t\t\t\t\t\t<div class=\"col-md-6 col_image image_not_bgr\" >\n\t\t\t\t\t\t\t<div class=\"text_image_wrap\">\t\t\t\t\t\t\n\t\t\t\t\t\t\t\t<img decoding=\"async\" src=\"https:\/\/magnetarmagnets.com\/wp-content\/uploads\/2023\/10\/magnetar-team-maurice.jpg\" alt=\"\" \/>\n\t\t\t\t\t\t\t<\/div>\n\t\t\t\t\t\t<\/div>\n\t\t\t\t\t\t\t\t\t\t\t\t<\/div>\n\t\t<\/div>\n\t<\/section>\n<\/div>\n<div id=\"text-image-block_670b8653e02ecf05f675073238123d56\" class=\"block text-image\">\n\t\t\n\n\t<section class=\"text_image align_right bgr_nobgr\" >\n\t\t<div class=\"container-fluid\">\n\t\t\t<div class=\"row\">\n\t\t\t\t<div class=\"col-md-6 col_content\">\n\t\t\t\t\t\t\t\t\t\t\t<div class=\"small_top_title\">\n\t\t\t\t\t\t\tDennis\t\t\t\t\t\t<\/div>\n\t\t\t\t\t\t\t\t\t\t\t\t\t\t\t\t\t\t\t\t\t<div class=\"text\" style=\"color:#000000\">\n\t\t\t\t\t\t\t<p style=\"text-align: left\">A Magnetar vil\u00e1gszerte \u00e9rt\u00e9kes\u00edt term\u00e9keket, \u00e9s \u00e9n kifejezetten az Egyes\u00fclt \u00c1llamokra \u00e9s Kanad\u00e1ra \u00f6sszpontos\u00edtok. Ha \u00e9rdekelne, hogy mint szakember n\u00e9pszer\u0171s\u00edtsd a Magnetart az USA-ban, l\u00e9pj velem kapcsolatba, \u00e9s megbesz\u00e9lj\u00fck a lehet\u0151s\u00e9geket! K\u00fcldj e-mailt a k\u00f6vetkez\u0151 c\u00edmre: <a href=\"mailto:dennis@magnetarmagnets.com\" target=\"_new\">dennis@magnetarmagnets.com<\/a>.  <\/p>\n\t\t\t\t\t\t<\/div>\n\t\t\t\t\t\t\n\t\t\t\t\t\t\t\t\t\n\t\t\t\t<\/div>\n\t\t\t\t\t\t\t\t\t\t\t\t\t\t\t<div class=\"col-md-6 col_image image_not_bgr\" >\n\t\t\t\t\t\t\t<div class=\"text_image_wrap\">\t\t\t\t\t\t\n\t\t\t\t\t\t\t\t<img decoding=\"async\" src=\"https:\/\/magnetarmagnets.com\/wp-content\/uploads\/2023\/10\/magnetar-team-dennis.jpg\" alt=\"\" \/>\n\t\t\t\t\t\t\t<\/div>\n\t\t\t\t\t\t<\/div>\n\t\t\t\t\t\t\t\t\t\t\t\t<\/div>\n\t\t<\/div>\n\t<\/section>\n<\/div>\n<div id=\"text-image-block_07ff66e3efff337cc4ea656622290710\" class=\"block text-image\">\n\t\t\n\n\t<section class=\"text_image align_left bgr_nobgr\" >\n\t\t<div class=\"container-fluid\">\n\t\t\t<div class=\"row\">\n\t\t\t\t<div class=\"col-md-6 col_content\">\n\t\t\t\t\t\t\t\t\t\t\t<div class=\"small_top_title\">\n\t\t\t\t\t\t\tAnnelies\t\t\t\t\t\t<\/div>\n\t\t\t\t\t\t\t\t\t\t\t\t\t\t\t\t\t\t\t\t\t<div class=\"text\" style=\"color:#000000\">\n\t\t\t\t\t\t\t<p>T\u00f6bb \u00e9ve akt\u00edvan r\u00e9szt veszek a Magnetar \u00e9let\u00e9ben. Ha informat\u00edv e-mailt kapsz vagy egy men\u0151 k\u00f6z\u00f6ss\u00e9gi m\u00e9di\u00e1s posztot l\u00e1tsz \u2013 \u00e9n \u00e1llok m\u00f6g\u00f6tte. Te is tal\u00e1lt\u00e1l m\u00e1r izgalmas kincset? \u00cdrd meg nek\u00fcnk az <a href=\"mailto:info@magnetar.com\" target=\"_new\">info@magnetarmagnets.com c\u00edmre<\/a>!   <\/p>\n\t\t\t\t\t\t<\/div>\n\t\t\t\t\t\t\n\t\t\t\t\t\t\t\t\t\n\t\t\t\t<\/div>\n\t\t\t\t\t\t\t\t\t\t\t\t\t\t\t<div class=\"col-md-6 col_image image_not_bgr\" >\n\t\t\t\t\t\t\t<div class=\"text_image_wrap\">\t\t\t\t\t\t\n\t\t\t\t\t\t\t\t<img decoding=\"async\" src=\"https:\/\/magnetarmagnets.com\/wp-content\/uploads\/2023\/10\/magnetar-team-annelies.jpg\" alt=\"\" \/>\n\t\t\t\t\t\t\t<\/div>\n\t\t\t\t\t\t<\/div>\n\t\t\t\t\t\t\t\t\t\t\t\t<\/div>\n\t\t<\/div>\n\t<\/section>\n<\/div>\n<div id=\"text-image-block_874511c7e3025db9826ec534c3f38a91\" class=\"block text-image\">\n\t\t\n\n\t<section class=\"text_image align_right bgr_nobgr\" >\n\t\t<div class=\"container-fluid\">\n\t\t\t<div class=\"row\">\n\t\t\t\t<div class=\"col-md-6 col_content\">\n\t\t\t\t\t\t\t\t\t\t\t<div class=\"small_top_title\">\n\t\t\t\t\t\t\tReinout\t\t\t\t\t\t<\/div>\n\t\t\t\t\t\t\t\t\t\t\t\t\t\t\t\t\t\t\t\t\t<div class=\"text\" style=\"color:#000000\">\n\t\t\t\t\t\t\t<p>B\u00fcszk\u00e9n ind\u00edtottam el a Magnetart n\u00e9h\u00e1ny \u00e9vvel ezel\u0151tt. M\u00e9g mindig \u00f6r\u00f6mmel \u00e9bredek minden reggel, hogy kiszolg\u00e1lhassalak, \u00e9s a legjobb horg\u00e1sz m\u00e1gneseket \u00e9s kieg\u00e9sz\u00edt\u0151ket k\u00edn\u00e1lhassam. Szenved\u00e9lyem a m\u00e1gnes horg\u00e1szat, \u00e9s minden \u00fcgyfel\u00fcnk fontos sz\u00e1momra! K\u00e9rd\u00e9sed van hozz\u00e1m, vagy szeretn\u00e9l egy\u00fcttm\u0171k\u00f6dni? \u00cdrj nekem a <a href=\"reinout@magnetarmagnets.com\" target=\"_new\">reinout@magnetarmagnets.com<\/a> c\u00edmre.    <\/p>\n\t\t\t\t\t\t<\/div>\n\t\t\t\t\t\t\n\t\t\t\t\t\t\t\t\t\n\t\t\t\t<\/div>\n\t\t\t\t\t\t\t\t\t\t\t\t\t\t\t<div class=\"col-md-6 col_image image_not_bgr\" >\n\t\t\t\t\t\t\t<div class=\"text_image_wrap\">\t\t\t\t\t\t\n\t\t\t\t\t\t\t\t<img decoding=\"async\" src=\"https:\/\/magnetarmagnets.com\/wp-content\/uploads\/2023\/10\/magnetar-team-reinout.jpg\" alt=\"\" \/>\n\t\t\t\t\t\t\t<\/div>\n\t\t\t\t\t\t<\/div>\n\t\t\t\t\t\t\t\t\t\t\t\t<\/div>\n\t\t<\/div>\n\t<\/section>\n<\/div>\n<p><\/p>\n\n<p>K\u00e9rd\u00e9sed van a m\u00e1gnes horg\u00e1szattal vagy a rendel\u00e9seddel kapcsolatban? Koll\u00e9g\u00e1nk, Peter \u00f6r\u00f6mmel seg\u00edt! \u00cdrj az <a href=\"mailto:info@magnetarmagnets.com\">info@magnetarmagnets.com<\/a> c\u00edmre, \u00e9s a lehet\u0151 leghamarabb v\u00e1laszol neked.  <\/p>\n\n<h2 class=\"wp-block-heading\">\u00dcgyfeleink<\/h2>\n\n<figure class=\"wp-block-pullquote\"><blockquote><p>Marc (36): \u201eEl\u0151sz\u00f6r olcs\u00f3bb m\u00e1gneseket vettem m\u00e1shonnan. K\u00e9s\u0151bb egy Magnetar m\u00e1gnest\u2026 micsoda k\u00fcl\u00f6nbs\u00e9g! Sokkal t\u00f6bb fog\u00e1s! M\u00e1r t\u00f6bbsz\u00f6r\u00f6sen visszakerestem az \u00e1r\u00e1t vas hullad\u00e9kkal \u00e9s k\u00fcl\u00f6nleges leletekkel. Fantasztikus min\u0151s\u00e9g!\u201d    <\/p><\/blockquote><\/figure>\n\n<figure class=\"wp-block-pullquote\"><blockquote><p>Fred: \u201eSzuper cuccok, gyors sz\u00e1ll\u00edt\u00e1s \u00e9s els\u0151 oszt\u00e1ly\u00fa kiszolg\u00e1l\u00e1s! Csak mondom: j\u00f3 felszerel\u00e9s n\u00e9lk\u00fcl nem lehet csin\u00e1lni semmit!\u201d<\/p><\/blockquote><\/figure>\n\n<figure class=\"wp-block-pullquote\"><blockquote><p>Gerard: \u201eNagyszer\u0171 kiszolg\u00e1l\u00e1s! Kiv\u00e1l\u00f3 seg\u00edts\u00e9g \u00e9s vil\u00e1gos magyar\u00e1zat! Valaki, aki komolyan veszi a munk\u00e1j\u00e1t\/hobbij\u00e1t. Mindenk\u00e9pp visszaj\u00f6v\u00fcnk!\u201d<\/p><\/blockquote><\/figure>\n","protected":false},"excerpt":{"rendered":"<p>T\u00f6bb mint 10 \u00e9ve csal\u00e1di v\u00e1llalkoz\u00e1sk\u00e9nt \u00e1rulunk horg\u00e1sz m\u00e1gneseket olyan embereknek, akik ugyan\u00fagy im\u00e1dj\u00e1k ezt a hobbit, mint mi. Alap\u00edt\u00f3nk, Reinout Volkers m\u00e1r 16 \u00e9ves kora \u00f3ta rajong a m\u00e1gnes horg\u00e1szat\u00e9rt. A Small Business &amp; Retail Management tanulm\u00e1nyai alatt a Magnetar v\u00e1llalkoz\u00e1st sz\u00fclei f\u00e9szer\u00e9ben ind\u00edtotta azzal az \u00e1lommal, hogy szenved\u00e9ly\u00e9b\u0151l hivat\u00e1st csin\u00e1l. Az\u00f3ta t\u00f6bb mint [&hellip;]<\/p>\n","protected":false},"author":1,"featured_media":0,"parent":0,"menu_order":0,"comment_status":"open","ping_status":"open","template":"","meta":{"_acf_changed":false,"inline_featured_image":false,"footnotes":""},"class_list":["post-74958","page","type-page","status-publish","hentry"],"acf":[],"yoast_head":"<!-- This site is optimized with the Yoast SEO plugin v27.3 - https:\/\/yoast.com\/product\/yoast-seo-wordpress\/ -->\n<title>R\u00f3lunk | A Magnetar csal\u00e1d<\/title>\n<meta name=\"robots\" content=\"index, follow, max-snippet:-1, max-image-preview:large, max-video-preview:-1\" \/>\n<link rel=\"canonical\" href=\"https:\/\/magnetarmagnets.com\/hu\/rolunk\/\" \/>\n<meta property=\"og:locale\" content=\"hu_HU\" \/>\n<meta property=\"og:type\" content=\"article\" \/>\n<meta property=\"og:title\" content=\"R\u00f3lunk | A Magnetar csal\u00e1d\" \/>\n<meta property=\"og:description\" content=\"T\u00f6bb mint 10 \u00e9ve csal\u00e1di v\u00e1llalkoz\u00e1sk\u00e9nt \u00e1rulunk horg\u00e1sz m\u00e1gneseket olyan embereknek, akik ugyan\u00fagy im\u00e1dj\u00e1k ezt a hobbit, mint mi. Alap\u00edt\u00f3nk, Reinout Volkers m\u00e1r 16 \u00e9ves kora \u00f3ta rajong a m\u00e1gnes horg\u00e1szat\u00e9rt. A Small Business &amp; Retail Management tanulm\u00e1nyai alatt a Magnetar v\u00e1llalkoz\u00e1st sz\u00fclei f\u00e9szer\u00e9ben ind\u00edtotta azzal az \u00e1lommal, hogy szenved\u00e9ly\u00e9b\u0151l hivat\u00e1st csin\u00e1l. Az\u00f3ta t\u00f6bb mint [&hellip;]\" \/>\n<meta property=\"og:url\" content=\"https:\/\/magnetarmagnets.com\/hu\/rolunk\/\" \/>\n<meta property=\"og:site_name\" content=\"Magnet fishing with a Magnetar fishing magnet\" \/>\n<meta property=\"article:publisher\" content=\"https:\/\/www.facebook.com\/fishingmagnets\/\" \/>\n<meta property=\"article:modified_time\" content=\"2025-07-01T09:35:55+00:00\" \/>\n<meta property=\"og:image\" content=\"https:\/\/magnetarmagnets.com\/wp-content\/uploads\/2023\/10\/magnetar-team.jpg\" \/>\n\t<meta property=\"og:image:width\" content=\"1280\" \/>\n\t<meta property=\"og:image:height\" content=\"720\" \/>\n\t<meta property=\"og:image:type\" content=\"image\/jpeg\" \/>\n<meta name=\"twitter:card\" content=\"summary_large_image\" \/>\n<meta name=\"twitter:label1\" content=\"Becs\u00fclt olvas\u00e1si id\u0151\" \/>\n\t<meta name=\"twitter:data1\" content=\"2 perc\" \/>\n<script type=\"application\/ld+json\" class=\"yoast-schema-graph\">{\"@context\":\"https:\\\/\\\/schema.org\",\"@graph\":[{\"@type\":\"WebPage\",\"@id\":\"https:\\\/\\\/magnetarmagnets.com\\\/hu\\\/rolunk\\\/\",\"url\":\"https:\\\/\\\/magnetarmagnets.com\\\/hu\\\/rolunk\\\/\",\"name\":\"R\u00f3lunk | A Magnetar csal\u00e1d\",\"isPartOf\":{\"@id\":\"https:\\\/\\\/magnetarmagnets.com\\\/hu\\\/#website\"},\"primaryImageOfPage\":{\"@id\":\"https:\\\/\\\/magnetarmagnets.com\\\/hu\\\/rolunk\\\/#primaryimage\"},\"image\":{\"@id\":\"https:\\\/\\\/magnetarmagnets.com\\\/hu\\\/rolunk\\\/#primaryimage\"},\"thumbnailUrl\":\"https:\\\/\\\/magnetarmagnets.com\\\/wp-content\\\/uploads\\\/2023\\\/10\\\/magnetar-team-1024x576.jpg\",\"datePublished\":\"2018-02-15T18:59:07+00:00\",\"dateModified\":\"2025-07-01T09:35:55+00:00\",\"breadcrumb\":{\"@id\":\"https:\\\/\\\/magnetarmagnets.com\\\/hu\\\/rolunk\\\/#breadcrumb\"},\"inLanguage\":\"hu\",\"potentialAction\":[{\"@type\":\"ReadAction\",\"target\":[\"https:\\\/\\\/magnetarmagnets.com\\\/hu\\\/rolunk\\\/\"]}]},{\"@type\":\"ImageObject\",\"inLanguage\":\"hu\",\"@id\":\"https:\\\/\\\/magnetarmagnets.com\\\/hu\\\/rolunk\\\/#primaryimage\",\"url\":\"https:\\\/\\\/magnetarmagnets.com\\\/wp-content\\\/uploads\\\/2023\\\/10\\\/magnetar-team-1024x576.jpg\",\"contentUrl\":\"https:\\\/\\\/magnetarmagnets.com\\\/wp-content\\\/uploads\\\/2023\\\/10\\\/magnetar-team-1024x576.jpg\"},{\"@type\":\"BreadcrumbList\",\"@id\":\"https:\\\/\\\/magnetarmagnets.com\\\/hu\\\/rolunk\\\/#breadcrumb\",\"itemListElement\":[{\"@type\":\"ListItem\",\"position\":1,\"name\":\"Home\",\"item\":\"https:\\\/\\\/magnetarmagnets.com\\\/hu\\\/\"},{\"@type\":\"ListItem\",\"position\":2,\"name\":\"R\u00f3lunk\"}]},{\"@type\":\"WebSite\",\"@id\":\"https:\\\/\\\/magnetarmagnets.com\\\/hu\\\/#website\",\"url\":\"https:\\\/\\\/magnetarmagnets.com\\\/hu\\\/\",\"name\":\"Magnet fishing with a Magnetar fishing magnet\",\"description\":\"Er\u0151s m\u00e1gnesek m\u00e1gneshorg\u00e1szathoz\",\"publisher\":{\"@id\":\"https:\\\/\\\/magnetarmagnets.com\\\/hu\\\/#organization\"},\"potentialAction\":[{\"@type\":\"SearchAction\",\"target\":{\"@type\":\"EntryPoint\",\"urlTemplate\":\"https:\\\/\\\/magnetarmagnets.com\\\/hu\\\/?s={search_term_string}\"},\"query-input\":{\"@type\":\"PropertyValueSpecification\",\"valueRequired\":true,\"valueName\":\"search_term_string\"}}],\"inLanguage\":\"hu\"},{\"@type\":\"Organization\",\"@id\":\"https:\\\/\\\/magnetarmagnets.com\\\/hu\\\/#organization\",\"name\":\"Magnetar\",\"url\":\"https:\\\/\\\/magnetarmagnets.com\\\/hu\\\/\",\"logo\":{\"@type\":\"ImageObject\",\"inLanguage\":\"hu\",\"@id\":\"https:\\\/\\\/magnetarmagnets.com\\\/hu\\\/#\\\/schema\\\/logo\\\/image\\\/\",\"url\":\"https:\\\/\\\/magnetarmagnets.com\\\/wp-content\\\/uploads\\\/2025\\\/05\\\/Logo-03_PNG-Black-scaled.png\",\"contentUrl\":\"https:\\\/\\\/magnetarmagnets.com\\\/wp-content\\\/uploads\\\/2025\\\/05\\\/Logo-03_PNG-Black-scaled.png\",\"width\":2560,\"height\":1658,\"caption\":\"Magnetar\"},\"image\":{\"@id\":\"https:\\\/\\\/magnetarmagnets.com\\\/hu\\\/#\\\/schema\\\/logo\\\/image\\\/\"},\"sameAs\":[\"https:\\\/\\\/www.facebook.com\\\/fishingmagnets\\\/\",\"https:\\\/\\\/www.instagram.com\\\/magnetar_magnets\\\/\",\"https:\\\/\\\/www.linkedin.com\\\/company\\\/magnetarbv\\\/?originalSubdomain=nl\",\"https:\\\/\\\/www.youtube.com\\\/c\\\/MagnetarVismagneet\"]}]}<\/script>\n<!-- \/ Yoast SEO plugin. -->","yoast_head_json":{"title":"R\u00f3lunk | A Magnetar csal\u00e1d","robots":{"index":"index","follow":"follow","max-snippet":"max-snippet:-1","max-image-preview":"max-image-preview:large","max-video-preview":"max-video-preview:-1"},"canonical":"https:\/\/magnetarmagnets.com\/hu\/rolunk\/","og_locale":"hu_HU","og_type":"article","og_title":"R\u00f3lunk | A Magnetar csal\u00e1d","og_description":"T\u00f6bb mint 10 \u00e9ve csal\u00e1di v\u00e1llalkoz\u00e1sk\u00e9nt \u00e1rulunk horg\u00e1sz m\u00e1gneseket olyan embereknek, akik ugyan\u00fagy im\u00e1dj\u00e1k ezt a hobbit, mint mi. Alap\u00edt\u00f3nk, Reinout Volkers m\u00e1r 16 \u00e9ves kora \u00f3ta rajong a m\u00e1gnes horg\u00e1szat\u00e9rt. A Small Business &amp; Retail Management tanulm\u00e1nyai alatt a Magnetar v\u00e1llalkoz\u00e1st sz\u00fclei f\u00e9szer\u00e9ben ind\u00edtotta azzal az \u00e1lommal, hogy szenved\u00e9ly\u00e9b\u0151l hivat\u00e1st csin\u00e1l. Az\u00f3ta t\u00f6bb mint [&hellip;]","og_url":"https:\/\/magnetarmagnets.com\/hu\/rolunk\/","og_site_name":"Magnet fishing with a Magnetar fishing magnet","article_publisher":"https:\/\/www.facebook.com\/fishingmagnets\/","article_modified_time":"2025-07-01T09:35:55+00:00","og_image":[{"width":1280,"height":720,"url":"https:\/\/magnetarmagnets.com\/wp-content\/uploads\/2023\/10\/magnetar-team.jpg","type":"image\/jpeg"}],"twitter_card":"summary_large_image","twitter_misc":{"Becs\u00fclt olvas\u00e1si id\u0151":"2 perc"},"schema":{"@context":"https:\/\/schema.org","@graph":[{"@type":"WebPage","@id":"https:\/\/magnetarmagnets.com\/hu\/rolunk\/","url":"https:\/\/magnetarmagnets.com\/hu\/rolunk\/","name":"R\u00f3lunk | A Magnetar csal\u00e1d","isPartOf":{"@id":"https:\/\/magnetarmagnets.com\/hu\/#website"},"primaryImageOfPage":{"@id":"https:\/\/magnetarmagnets.com\/hu\/rolunk\/#primaryimage"},"image":{"@id":"https:\/\/magnetarmagnets.com\/hu\/rolunk\/#primaryimage"},"thumbnailUrl":"https:\/\/magnetarmagnets.com\/wp-content\/uploads\/2023\/10\/magnetar-team-1024x576.jpg","datePublished":"2018-02-15T18:59:07+00:00","dateModified":"2025-07-01T09:35:55+00:00","breadcrumb":{"@id":"https:\/\/magnetarmagnets.com\/hu\/rolunk\/#breadcrumb"},"inLanguage":"hu","potentialAction":[{"@type":"ReadAction","target":["https:\/\/magnetarmagnets.com\/hu\/rolunk\/"]}]},{"@type":"ImageObject","inLanguage":"hu","@id":"https:\/\/magnetarmagnets.com\/hu\/rolunk\/#primaryimage","url":"https:\/\/magnetarmagnets.com\/wp-content\/uploads\/2023\/10\/magnetar-team-1024x576.jpg","contentUrl":"https:\/\/magnetarmagnets.com\/wp-content\/uploads\/2023\/10\/magnetar-team-1024x576.jpg"},{"@type":"BreadcrumbList","@id":"https:\/\/magnetarmagnets.com\/hu\/rolunk\/#breadcrumb","itemListElement":[{"@type":"ListItem","position":1,"name":"Home","item":"https:\/\/magnetarmagnets.com\/hu\/"},{"@type":"ListItem","position":2,"name":"R\u00f3lunk"}]},{"@type":"WebSite","@id":"https:\/\/magnetarmagnets.com\/hu\/#website","url":"https:\/\/magnetarmagnets.com\/hu\/","name":"Magnet fishing with a Magnetar fishing magnet","description":"Er\u0151s m\u00e1gnesek m\u00e1gneshorg\u00e1szathoz","publisher":{"@id":"https:\/\/magnetarmagnets.com\/hu\/#organization"},"potentialAction":[{"@type":"SearchAction","target":{"@type":"EntryPoint","urlTemplate":"https:\/\/magnetarmagnets.com\/hu\/?s={search_term_string}"},"query-input":{"@type":"PropertyValueSpecification","valueRequired":true,"valueName":"search_term_string"}}],"inLanguage":"hu"},{"@type":"Organization","@id":"https:\/\/magnetarmagnets.com\/hu\/#organization","name":"Magnetar","url":"https:\/\/magnetarmagnets.com\/hu\/","logo":{"@type":"ImageObject","inLanguage":"hu","@id":"https:\/\/magnetarmagnets.com\/hu\/#\/schema\/logo\/image\/","url":"https:\/\/magnetarmagnets.com\/wp-content\/uploads\/2025\/05\/Logo-03_PNG-Black-scaled.png","contentUrl":"https:\/\/magnetarmagnets.com\/wp-content\/uploads\/2025\/05\/Logo-03_PNG-Black-scaled.png","width":2560,"height":1658,"caption":"Magnetar"},"image":{"@id":"https:\/\/magnetarmagnets.com\/hu\/#\/schema\/logo\/image\/"},"sameAs":["https:\/\/www.facebook.com\/fishingmagnets\/","https:\/\/www.instagram.com\/magnetar_magnets\/","https:\/\/www.linkedin.com\/company\/magnetarbv\/?originalSubdomain=nl","https:\/\/www.youtube.com\/c\/MagnetarVismagneet"]}]}},"_links":{"self":[{"href":"https:\/\/magnetarmagnets.com\/hu\/wp-json\/wp\/v2\/pages\/74958","targetHints":{"allow":["GET"]}}],"collection":[{"href":"https:\/\/magnetarmagnets.com\/hu\/wp-json\/wp\/v2\/pages"}],"about":[{"href":"https:\/\/magnetarmagnets.com\/hu\/wp-json\/wp\/v2\/types\/page"}],"author":[{"embeddable":true,"href":"https:\/\/magnetarmagnets.com\/hu\/wp-json\/wp\/v2\/users\/1"}],"replies":[{"embeddable":true,"href":"https:\/\/magnetarmagnets.com\/hu\/wp-json\/wp\/v2\/comments?post=74958"}],"version-history":[{"count":0,"href":"https:\/\/magnetarmagnets.com\/hu\/wp-json\/wp\/v2\/pages\/74958\/revisions"}],"wp:attachment":[{"href":"https:\/\/magnetarmagnets.com\/hu\/wp-json\/wp\/v2\/media?parent=74958"}],"curies":[{"name":"wp","href":"https:\/\/api.w.org\/{rel}","templated":true}]}}