{"id":68783,"date":"2014-04-08T08:47:46","date_gmt":"2014-04-08T06:47:46","guid":{"rendered":"https:\/\/magnetarmagnets.com\/?page_id=68783"},"modified":"2025-07-01T16:48:49","modified_gmt":"2025-07-01T14:48:49","slug":"adatvedelmi-szabalyzat","status":"publish","type":"page","link":"https:\/\/magnetarmagnets.com\/hu\/adatvedelmi-szabalyzat\/","title":{"rendered":"Adatv\u00e9delmi szab\u00e1lyzat"},"content":{"rendered":"\n<p>Utols\u00f3 friss\u00edt\u00e9s: 2021. november 19.<\/p>\n\n\n\n<p>Ez a Magnetar US, Inc., a tov\u00e1bbiakban: Magnetar, adatv\u00e9delmi nyilatkozata. Ez a dokumentum ismerteti, hogyan kezeli a Magnetar az \u00d6n szem\u00e9lyes adatait. A szem\u00e9lyes adatok kezel\u00e9se sor\u00e1n a Magnetar a lehet\u0151 legnagyobb gondoss\u00e1ggal j\u00e1r el.<\/p>\n\n\n\n<h2 class=\"wp-block-heading\"><strong>Szem\u00e9lyes adatok megszerz\u00e9se<\/strong><\/h2>\n\n\n\n<p>Ha \u00d6n ig\u00e9nybe veszi a Magnetar szolg\u00e1ltat\u00e1sait, akkor \u00d6n maga ad meg bizonyos szem\u00e9lyes adatokat, vagy azok a szerz\u0151d\u00e9s keret\u00e9ben ker\u00fclnek begy\u0171jt\u00e9sre. Szem\u00e9lyes adatnak min\u0151s\u00fcl minden olyan adat, amely egy azonos\u00edtott vagy azonos\u00edthat\u00f3 term\u00e9szetes szem\u00e9lyre vonatkozik.<\/p>\n\n\n\n<h2 class=\"wp-block-heading\"><strong>A feldolgozott szem\u00e9lyes adatok kateg\u00f3ri\u00e1i<\/strong><\/h2>\n\n\n\n<p>A Magnetar az al\u00e1bbi szem\u00e9lyes adatkateg\u00f3ri\u00e1kat dolgozza fel:<\/p>\n\n\n\n<ul class=\"wp-block-list\">\n<li>N\u00e9v \u00e9s c\u00edm, helymeghat\u00e1roz\u00e1ssal, telefonsz\u00e1m, e-mail c\u00edm.<\/li>\n\n\n\n<li>C\u00e9gadatok, bele\u00e9rtve az ad\u00f3sz\u00e1mot \u00e9s c\u00e9gjegyz\u00e9ksz\u00e1mot.<\/li>\n\n\n\n<li>Elt\u00e9r\u0151 sz\u00e1ll\u00edt\u00e1si c\u00edm.<\/li>\n\n\n\n<li>Fi\u00f3kinform\u00e1ci\u00f3k, bele\u00e9rtve a felhaszn\u00e1l\u00f3nevet \u00e9s jelsz\u00f3t.<\/li>\n\n\n\n<li><\/li>\n<\/ul>\n\n\n\n<h2 class=\"wp-block-heading\"><strong>Az adatkezel\u00e9s c\u00e9ljai<\/strong><\/h2>\n\n\n\n<p>A Magnetar \u00e1ltal kezelt szem\u00e9lyes adatok c\u00e9ljai:<\/p>\n\n\n\n<ul class=\"wp-block-list\">\n<li>Kapcsolatfelv\u00e9tel az \u00d6n \u00e1ltal megv\u00e1s\u00e1rolt szolg\u00e1ltat\u00e1sokkal \u00e9s azok teljes\u00edt\u00e9s\u00e9vel kapcsolatban.<\/li>\n\n\n\n<li>A szolg\u00e1ltat\u00e1sok ny\u00fajt\u00e1sa.<\/li>\n\n\n\n<li>A szolg\u00e1ltat\u00e1sok fejleszt\u00e9se.<\/li>\n\n\n\n<li>Kifizet\u00e9sek lebonyol\u00edt\u00e1sa.<\/li>\n\n\n\n<li>Jogi k\u00f6telezetts\u00e9gek teljes\u00edt\u00e9se.<\/li>\n\n\n\n<li>Marketing \u00e9s kommunik\u00e1ci\u00f3, bele\u00e9rtve a weboldal l\u00e1togat\u00f3i viselked\u00e9s\u00e9nek elemz\u00e9s\u00e9t.<\/li>\n\n\n\n<li>H\u00edrlevelek k\u00fcld\u00e9se.<\/li>\n\n\n\n<li>Adatok megoszt\u00e1sa harmadik felekkel a szolg\u00e1ltat\u00e1sny\u00fajt\u00e1s \u00e9rdek\u00e9ben, amennyiben sz\u00fcks\u00e9ges.<\/li>\n<\/ul>\n\n\n\n<h2 class=\"wp-block-heading\"><strong>Az adatkezel\u00e9s jogalapja<\/strong><\/h2>\n\n\n\n<p>Szem\u00e9lyes adatokat csak a k\u00f6vetkez\u0151 jogalapok egyik\u00e9n lehet kezelni: (i) jogi k\u00f6telezetts\u00e9g, (ii) szerz\u0151d\u00e9s teljes\u00edt\u00e9se, (iii) az \u00e9rintett (kifejezett) hozz\u00e1j\u00e1rul\u00e1sa, (iv) jogos \u00e9rdek. A Magnetar szolg\u00e1ltat\u00e1sai ny\u00fajt\u00e1sa sor\u00e1n kiz\u00e1r\u00f3lag az ehhez sz\u00fcks\u00e9ges adatokat dolgozza fel. A jogalap a Magnetarral k\u00f6t\u00f6tt szerz\u0151d\u00e9s, illetve adott esetben az \u00d6n hozz\u00e1j\u00e1rul\u00e1sa.<\/p>\n\n\n\n<h2 class=\"wp-block-heading\"><strong>Az adatkezel\u00e9s sz\u00fcks\u00e9gess\u00e9ge<\/strong><\/h2>\n\n\n\n<p>A szem\u00e9lyes adatok kezel\u00e9se sz\u00fcks\u00e9ges a szolg\u00e1ltat\u00e1sok ny\u00fajt\u00e1s\u00e1hoz. Bizonyos c\u00e9lokhoz k\u00fcl\u00f6n hozz\u00e1j\u00e1rul\u00e1s is sz\u00fcks\u00e9ges lehet, amelyet k\u00fcl\u00f6n kell megadni.<\/p>\n\n\n\n<h2 class=\"wp-block-heading\"><strong>Automatiz\u00e1lt d\u00f6nt\u00e9shozatal<\/strong><\/h2>\n\n\n\n<p>Automatiz\u00e1lt d\u00f6nt\u00e9shozatal nem t\u00f6rt\u00e9nik.<\/p>\n\n\n\n<h2 class=\"wp-block-heading\"><strong>Adatmeg\u0151rz\u00e9si id\u0151<\/strong><\/h2>\n\n\n\n<p>A szem\u00e9lyes adatokat a jogszab\u00e1lyoknak megfelel\u0151en \u0151rizz\u00fck meg. Hosszabb meg\u0151rz\u00e9si id\u0151 eset\u00e9n az el\u0151\u00edr\u00e1sok szerint j\u00e1runk el. Az adatokat nem \u0151rizz\u00fck a sz\u00fcks\u00e9gesn\u00e9l tov\u00e1bb.<\/p>\n\n\n\n<h2 class=\"wp-block-heading\"><strong>Adatok tov\u00e1bb\u00edt\u00e1sa harmadik feleknek<\/strong><\/h2>\n\n\n\n<p>A Magnetar csak akkor oszt meg szem\u00e9lyes adatokat harmadik felekkel, ha az a szerz\u0151d\u00e9s teljes\u00edt\u00e9s\u00e9hez \u00e9s jogszab\u00e1lyi k\u00f6telezetts\u00e9gek teljes\u00edt\u00e9s\u00e9hez sz\u00fcks\u00e9ges. Az al\u00e1bbi harmadik felek kaphatnak hozz\u00e1f\u00e9r\u00e9st:<\/p>\n\n\n\n<ul class=\"wp-block-list\">\n<li>Fut\u00e1rszolg\u00e1latok (n\u00e9v \u00e9s c\u00edmadatok).<\/li>\n\n\n\n<li>Fizet\u00e9si szolg\u00e1ltat\u00f3k (p\u00e9nz\u00fcgyi adatok).<\/li>\n\n\n\n<li>K\u00f6nyvel\u0151k (n\u00e9v, c\u00edm \u00e9s p\u00e9nz\u00fcgyi adatok).<\/li>\n\n\n\n<li>Szoftverszolg\u00e1ltat\u00f3k, weboldal adminisztr\u00e1torok (el\u00e9rhet\u0151s\u00e9gi adatok).<\/li>\n<\/ul>\n\n\n\n<h2 class=\"wp-block-heading\"><strong>A szem\u00e9lyes adatok biztons\u00e1ga<\/strong><\/h2>\n\n\n\n<p>A Magnetar technikai \u00e9s szervezeti int\u00e9zked\u00e9sekkel v\u00e9di a szem\u00e9lyes adatokat, figyelembe v\u00e9ve a technol\u00f3gia \u00e1ll\u00e1s\u00e1t, k\u00f6lts\u00e9geket, a feldolgoz\u00e1s term\u00e9szet\u00e9t, c\u00e9lj\u00e1t, m\u00e9rt\u00e9k\u00e9t \u00e9s a kock\u00e1zatokat.<\/p>\n\n\n\n<h2 class=\"wp-block-heading\"><strong>Jogi nyilatkozat<\/strong><\/h2>\n\n\n\n<p>A weboldal haszn\u00e1lat\u00e1val elfogadja a felel\u0151ss\u00e9gkiz\u00e1r\u00e1st. A Magnetar fenntartja a jogot a weboldal \u00e9s a nyilatkozat m\u00f3dos\u00edt\u00e1s\u00e1ra. Az oldalon szerepl\u0151 tartalmakat gondosan \u00e1ll\u00edtott\u00e1k \u00f6ssze, de el\u0151fordulhatnak pontatlans\u00e1gok. A haszn\u00e1lat a felhaszn\u00e1l\u00f3 saj\u00e1t felel\u0151ss\u00e9g\u00e9re t\u00f6rt\u00e9nik. A sz\u00f6vegek szerz\u0151i jogi v\u00e9delem alatt \u00e1llnak.<\/p>\n\n\n\n<h2 class=\"wp-block-heading\"><strong>Cookie-k<\/strong><\/h2>\n\n\n\n<p>A Magnetar funkcion\u00e1lis \u00e9s technikai cookie-kat haszn\u00e1l. Ezek jav\u00edtj\u00e1k a weboldal m\u0171k\u00f6d\u00e9s\u00e9t. M\u00e1s t\u00edpus\u00fa cookie-khoz hozz\u00e1j\u00e1rul\u00e1s sz\u00fcks\u00e9ges. Elemz\u0151 cookie-kat (pl. Google Analytics) \u00e9s nyomk\u00f6vet\u0151 cookie-kat is haszn\u00e1lhatunk. A cookie-kr\u00f3l r\u00e9szletesen olvashat a weboldalon.<\/p>\n\n\n\n<h2 class=\"wp-block-heading\"><strong>K\u00f6z\u00f6ss\u00e9gi m\u00e9dia haszn\u00e1lata<\/strong><\/h2>\n\n\n\n<p>A Magnetar harmadik f\u00e9l cookie-jait is haszn\u00e1lhatja, p\u00e9ld\u00e1ul a k\u00f6z\u00f6ss\u00e9gi m\u00e9dia gombok r\u00e9v\u00e9n. Az ezek \u00e1ltal gy\u0171jt\u00f6tt adatokra a saj\u00e1t adatv\u00e9delmi nyilatkozatuk vonatkozik.<\/p>\n\n\n\n<h2 class=\"wp-block-heading\"><strong>H\u00edrlev\u00e9l \u00e9s marketing e-mailek<\/strong><\/h2>\n\n\n\n<p>A h\u00edrlev\u00e9lre t\u00f6rt\u00e9n\u0151 feliratkoz\u00e1s sor\u00e1n hozz\u00e1j\u00e1rul az e-mail c\u00edm\u00e9nek marketingc\u00e9l\u00fa kezel\u00e9s\u00e9hez. A hozz\u00e1j\u00e1rul\u00e1s b\u00e1rmikor visszavonhat\u00f3 a \u201cLeiratkoz\u00e1s\u201d gombbal.<\/p>\n\n\n\n<h2 class=\"wp-block-heading\"><strong>B\u00f6ng\u00e9sz\u0151 be\u00e1ll\u00edt\u00e1sok<\/strong><\/h2>\n\n\n\n<p>A b\u00f6ng\u00e9sz\u0151 be\u00e1ll\u00edt\u00e1saival megakad\u00e1lyozhatja a cookie-k elhelyez\u00e9s\u00e9t. A weboldal bizonyos funkci\u00f3i m\u0171k\u00f6d\u00e9sk\u00e9ptelenn\u00e9 v\u00e1lhatnak ennek k\u00f6vetkezt\u00e9ben. Harmadik f\u00e9l weboldalakra a saj\u00e1t adatv\u00e9delmi nyilatkozatuk vonatkozik.<\/p>\n\n\n\n<h2 class=\"wp-block-heading\"><strong>\u00c9rintetti jogok<\/strong><\/h2>\n\n\n\n<p><strong>Az \u00e9rintettek jogai<\/strong><\/p>\n\n\n\n<p>Az \u00e9rintettk\u00e9nt \u00d6nt az al\u00e1bbi jogok illetik meg:<\/p>\n\n\n\n<p><strong>Hozz\u00e1f\u00e9r\u00e9si jog<\/strong><br>\u00d6n jogosult arra, hogy t\u00e1j\u00e9koztat\u00e1st kapjon arr\u00f3l, hogy szem\u00e9lyes adatainak kezel\u00e9se folyamatban van-e, \u00e9s ha igen, hozz\u00e1f\u00e9r\u00e9st k\u00e9rhet ezekhez az adatokhoz, valamint az adatkezel\u00e9s r\u00e9szleteihez.<\/p>\n\n\n\n<p><strong>Helyesb\u00edt\u00e9shez val\u00f3 jog<\/strong><br>\u00d6n jogosult pontatlan vagy hi\u00e1nyos szem\u00e9lyes adatainak helyesb\u00edt\u00e9s\u00e9t vagy kieg\u00e9sz\u00edt\u00e9s\u00e9t k\u00e9rni.<\/p>\n\n\n\n<p><strong>T\u00f6rl\u00e9shez val\u00f3 jog<\/strong><br>\u00d6n jogosult szem\u00e9lyes adatainak indokolatlan k\u00e9sedelem n\u00e9lk\u00fcli t\u00f6rl\u00e9s\u00e9t k\u00e9rni, amennyiben az adatkezel\u00e9snek nincs tov\u00e1bbi jogalapja.<\/p>\n\n\n\n<p><strong>Az adatkezel\u00e9s korl\u00e1toz\u00e1s\u00e1hoz val\u00f3 jog<\/strong><br>\u00d6n jogosult k\u00e9rni szem\u00e9lyes adatainak kezel\u00e9s\u00e9nek korl\u00e1toz\u00e1s\u00e1t. Ennek \u00e9rdek\u00e9ben k\u00e9rj\u00fck, vegye fel a kapcsolatot a Magnetar-ral.<\/p>\n\n\n\n<p><strong>Adathordozhat\u00f3s\u00e1ghoz val\u00f3 jog<\/strong><br>\u00d6n jogosult arra, hogy az \u00d6n \u00e1ltal a Magnetar r\u00e9sz\u00e9re megadott szem\u00e9lyes adatokat tagolt, sz\u00e9les k\u00f6rben haszn\u00e1lt, g\u00e9ppel olvashat\u00f3 form\u00e1tumban megkapja, valamint jogosult lehet ezen adatok tov\u00e1bb\u00edt\u00e1s\u00e1t k\u00e9rni egy m\u00e1sik adatkezel\u0151 r\u00e9sz\u00e9re. \u00d6n k\u00e9rheti azt is, hogy a Magnetar k\u00f6zvetlen\u00fcl tov\u00e1bb\u00edtsa ezeket az adatokat a megjel\u00f6lt harmadik f\u00e9l r\u00e9sz\u00e9re.<\/p>\n\n\n\n<p><strong>Tiltakoz\u00e1shoz val\u00f3 jog<\/strong><br>\u00d6n jogosult arra, hogy b\u00e1rmikor, saj\u00e1t helyzet\u00e9vel kapcsolatos okokb\u00f3l, tiltakozzon szem\u00e9lyes adatainak kezel\u00e9se \u2013 ide\u00e9rtve a profilalkot\u00e1st is \u2013 ellen. A Magnetar az adatkezel\u00e9st megsz\u00fcnteti, kiv\u00e9ve, ha olyan k\u00e9nyszer\u00edt\u0151 erej\u0171 jogos ok \u00e1ll fenn, amely els\u0151bbs\u00e9get \u00e9lvez az \u00d6n \u00e9rdekeivel, jogaival \u00e9s szabads\u00e1gaival szemben, vagy amely jogi ig\u00e9ny el\u0151terjeszt\u00e9s\u00e9hez, \u00e9rv\u00e9nyes\u00edt\u00e9s\u00e9hez vagy v\u00e9delm\u00e9hez kapcsol\u00f3dik.<\/p>\n\n\n\n<h2 class=\"wp-block-heading\"><strong>Panasz<\/strong><\/h2>\n\n\n\n<p>Ha panasza van, k\u00e9rj\u00fck, vegye fel vel\u00fcnk a kapcsolatot az <a>info@magnetarmagnets.com<\/a> e-mail c\u00edmen. A panaszokkal fordulhat a hat\u00f3s\u00e1ghoz is: <a class=\"\" href=\"https:\/\/autoriteitpersoonsgegevens.nl\">https:\/\/autoriteitpersoonsgegevens.nl<\/a>.<\/p>\n\n\n\n<h2 class=\"wp-block-heading\"><strong>Adatv\u00e9delmi nyilatkozat m\u00f3dos\u00edt\u00e1sa<\/strong><\/h2>\n\n\n\n<p>A Magnetar fenntartja a jogot, hogy b\u00e1rmikor m\u00f3dos\u00edtsa ezt a nyilatkozatot. A legfrissebb verzi\u00f3 mindig el\u00e9rhet\u0151 a weboldalon. Ha a m\u00f3dos\u00edt\u00e1s \u00d6nt is \u00e9rinti, e-mailben \u00e9rtes\u00edtj\u00fck.<\/p>\n\n\n\n<p><\/p>\n","protected":false},"excerpt":{"rendered":"<p>Utols\u00f3 friss\u00edt\u00e9s: 2021. november 19. Ez a Magnetar US, Inc., a tov\u00e1bbiakban: Magnetar, adatv\u00e9delmi nyilatkozata. Ez a dokumentum ismerteti, hogyan kezeli a Magnetar az \u00d6n szem\u00e9lyes adatait. A szem\u00e9lyes adatok kezel\u00e9se sor\u00e1n a Magnetar a lehet\u0151 legnagyobb gondoss\u00e1ggal j\u00e1r el. Szem\u00e9lyes adatok megszerz\u00e9se Ha \u00d6n ig\u00e9nybe veszi a Magnetar szolg\u00e1ltat\u00e1sait, akkor \u00d6n maga ad meg [&hellip;]<\/p>\n","protected":false},"author":1,"featured_media":0,"parent":0,"menu_order":0,"comment_status":"open","ping_status":"open","template":"","meta":{"_acf_changed":false,"inline_featured_image":false,"footnotes":""},"class_list":["post-68783","page","type-page","status-publish","hentry"],"acf":[],"yoast_head":"<!-- This site is optimized with the Yoast SEO plugin v27.3 - https:\/\/yoast.com\/product\/yoast-seo-wordpress\/ -->\n<title>Adatv\u00e9delmi szab\u00e1lyzat - Magnet fishing with a Magnetar fishing magnet<\/title>\n<meta name=\"robots\" content=\"noindex, nofollow\" \/>\n<meta property=\"og:locale\" content=\"hu_HU\" \/>\n<meta property=\"og:type\" content=\"article\" \/>\n<meta property=\"og:title\" content=\"Adatv\u00e9delmi szab\u00e1lyzat - Magnet fishing with a Magnetar fishing magnet\" \/>\n<meta property=\"og:description\" content=\"Utols\u00f3 friss\u00edt\u00e9s: 2021. november 19. Ez a Magnetar US, Inc., a tov\u00e1bbiakban: Magnetar, adatv\u00e9delmi nyilatkozata. Ez a dokumentum ismerteti, hogyan kezeli a Magnetar az \u00d6n szem\u00e9lyes adatait. A szem\u00e9lyes adatok kezel\u00e9se sor\u00e1n a Magnetar a lehet\u0151 legnagyobb gondoss\u00e1ggal j\u00e1r el. Szem\u00e9lyes adatok megszerz\u00e9se Ha \u00d6n ig\u00e9nybe veszi a Magnetar szolg\u00e1ltat\u00e1sait, akkor \u00d6n maga ad meg [&hellip;]\" \/>\n<meta property=\"og:url\" content=\"https:\/\/magnetarmagnets.com\/hu\/adatvedelmi-szabalyzat\/\" \/>\n<meta property=\"og:site_name\" content=\"Magnet fishing with a Magnetar fishing magnet\" \/>\n<meta property=\"article:publisher\" content=\"https:\/\/www.facebook.com\/fishingmagnets\/\" \/>\n<meta property=\"article:modified_time\" content=\"2025-07-01T14:48:49+00:00\" \/>\n<meta property=\"og:image\" content=\"https:\/\/magnetarmagnets.com\/wp-content\/uploads\/2025\/05\/Logo-03_PNG-Black-scaled.png\" \/>\n\t<meta property=\"og:image:width\" content=\"2560\" \/>\n\t<meta property=\"og:image:height\" content=\"1658\" \/>\n\t<meta property=\"og:image:type\" content=\"image\/png\" \/>\n<meta name=\"twitter:card\" content=\"summary_large_image\" \/>\n<meta name=\"twitter:label1\" content=\"Becs\u00fclt olvas\u00e1si id\u0151\" \/>\n\t<meta name=\"twitter:data1\" content=\"4 perc\" \/>\n<script type=\"application\/ld+json\" class=\"yoast-schema-graph\">{\"@context\":\"https:\\\/\\\/schema.org\",\"@graph\":[{\"@type\":\"WebPage\",\"@id\":\"https:\\\/\\\/magnetarmagnets.com\\\/hu\\\/adatvedelmi-szabalyzat\\\/\",\"url\":\"https:\\\/\\\/magnetarmagnets.com\\\/hu\\\/adatvedelmi-szabalyzat\\\/\",\"name\":\"Adatv\u00e9delmi szab\u00e1lyzat - Magnet fishing with a Magnetar fishing magnet\",\"isPartOf\":{\"@id\":\"https:\\\/\\\/magnetarmagnets.com\\\/hu\\\/#website\"},\"datePublished\":\"2014-04-08T06:47:46+00:00\",\"dateModified\":\"2025-07-01T14:48:49+00:00\",\"breadcrumb\":{\"@id\":\"https:\\\/\\\/magnetarmagnets.com\\\/hu\\\/adatvedelmi-szabalyzat\\\/#breadcrumb\"},\"inLanguage\":\"hu\",\"potentialAction\":[{\"@type\":\"ReadAction\",\"target\":[\"https:\\\/\\\/magnetarmagnets.com\\\/hu\\\/adatvedelmi-szabalyzat\\\/\"]}]},{\"@type\":\"BreadcrumbList\",\"@id\":\"https:\\\/\\\/magnetarmagnets.com\\\/hu\\\/adatvedelmi-szabalyzat\\\/#breadcrumb\",\"itemListElement\":[{\"@type\":\"ListItem\",\"position\":1,\"name\":\"Home\",\"item\":\"https:\\\/\\\/magnetarmagnets.com\\\/hu\\\/\"},{\"@type\":\"ListItem\",\"position\":2,\"name\":\"Adatv\u00e9delmi szab\u00e1lyzat\"}]},{\"@type\":\"WebSite\",\"@id\":\"https:\\\/\\\/magnetarmagnets.com\\\/hu\\\/#website\",\"url\":\"https:\\\/\\\/magnetarmagnets.com\\\/hu\\\/\",\"name\":\"Magnet fishing with a Magnetar fishing magnet\",\"description\":\"Er\u0151s m\u00e1gnesek m\u00e1gneshorg\u00e1szathoz\",\"publisher\":{\"@id\":\"https:\\\/\\\/magnetarmagnets.com\\\/hu\\\/#organization\"},\"potentialAction\":[{\"@type\":\"SearchAction\",\"target\":{\"@type\":\"EntryPoint\",\"urlTemplate\":\"https:\\\/\\\/magnetarmagnets.com\\\/hu\\\/?s={search_term_string}\"},\"query-input\":{\"@type\":\"PropertyValueSpecification\",\"valueRequired\":true,\"valueName\":\"search_term_string\"}}],\"inLanguage\":\"hu\"},{\"@type\":\"Organization\",\"@id\":\"https:\\\/\\\/magnetarmagnets.com\\\/hu\\\/#organization\",\"name\":\"Magnetar\",\"url\":\"https:\\\/\\\/magnetarmagnets.com\\\/hu\\\/\",\"logo\":{\"@type\":\"ImageObject\",\"inLanguage\":\"hu\",\"@id\":\"https:\\\/\\\/magnetarmagnets.com\\\/hu\\\/#\\\/schema\\\/logo\\\/image\\\/\",\"url\":\"https:\\\/\\\/magnetarmagnets.com\\\/wp-content\\\/uploads\\\/2025\\\/05\\\/Logo-03_PNG-Black-scaled.png\",\"contentUrl\":\"https:\\\/\\\/magnetarmagnets.com\\\/wp-content\\\/uploads\\\/2025\\\/05\\\/Logo-03_PNG-Black-scaled.png\",\"width\":2560,\"height\":1658,\"caption\":\"Magnetar\"},\"image\":{\"@id\":\"https:\\\/\\\/magnetarmagnets.com\\\/hu\\\/#\\\/schema\\\/logo\\\/image\\\/\"},\"sameAs\":[\"https:\\\/\\\/www.facebook.com\\\/fishingmagnets\\\/\",\"https:\\\/\\\/www.instagram.com\\\/magnetar_magnets\\\/\",\"https:\\\/\\\/www.linkedin.com\\\/company\\\/magnetarbv\\\/?originalSubdomain=nl\",\"https:\\\/\\\/www.youtube.com\\\/c\\\/MagnetarVismagneet\"]}]}<\/script>\n<!-- \/ Yoast SEO plugin. -->","yoast_head_json":{"title":"Adatv\u00e9delmi szab\u00e1lyzat - Magnet fishing with a Magnetar fishing magnet","robots":{"index":"noindex","follow":"nofollow"},"og_locale":"hu_HU","og_type":"article","og_title":"Adatv\u00e9delmi szab\u00e1lyzat - Magnet fishing with a Magnetar fishing magnet","og_description":"Utols\u00f3 friss\u00edt\u00e9s: 2021. november 19. Ez a Magnetar US, Inc., a tov\u00e1bbiakban: Magnetar, adatv\u00e9delmi nyilatkozata. Ez a dokumentum ismerteti, hogyan kezeli a Magnetar az \u00d6n szem\u00e9lyes adatait. A szem\u00e9lyes adatok kezel\u00e9se sor\u00e1n a Magnetar a lehet\u0151 legnagyobb gondoss\u00e1ggal j\u00e1r el. Szem\u00e9lyes adatok megszerz\u00e9se Ha \u00d6n ig\u00e9nybe veszi a Magnetar szolg\u00e1ltat\u00e1sait, akkor \u00d6n maga ad meg [&hellip;]","og_url":"https:\/\/magnetarmagnets.com\/hu\/adatvedelmi-szabalyzat\/","og_site_name":"Magnet fishing with a Magnetar fishing magnet","article_publisher":"https:\/\/www.facebook.com\/fishingmagnets\/","article_modified_time":"2025-07-01T14:48:49+00:00","og_image":[{"width":2560,"height":1658,"url":"https:\/\/magnetarmagnets.com\/wp-content\/uploads\/2025\/05\/Logo-03_PNG-Black-scaled.png","type":"image\/png"}],"twitter_card":"summary_large_image","twitter_misc":{"Becs\u00fclt olvas\u00e1si id\u0151":"4 perc"},"schema":{"@context":"https:\/\/schema.org","@graph":[{"@type":"WebPage","@id":"https:\/\/magnetarmagnets.com\/hu\/adatvedelmi-szabalyzat\/","url":"https:\/\/magnetarmagnets.com\/hu\/adatvedelmi-szabalyzat\/","name":"Adatv\u00e9delmi szab\u00e1lyzat - Magnet fishing with a Magnetar fishing magnet","isPartOf":{"@id":"https:\/\/magnetarmagnets.com\/hu\/#website"},"datePublished":"2014-04-08T06:47:46+00:00","dateModified":"2025-07-01T14:48:49+00:00","breadcrumb":{"@id":"https:\/\/magnetarmagnets.com\/hu\/adatvedelmi-szabalyzat\/#breadcrumb"},"inLanguage":"hu","potentialAction":[{"@type":"ReadAction","target":["https:\/\/magnetarmagnets.com\/hu\/adatvedelmi-szabalyzat\/"]}]},{"@type":"BreadcrumbList","@id":"https:\/\/magnetarmagnets.com\/hu\/adatvedelmi-szabalyzat\/#breadcrumb","itemListElement":[{"@type":"ListItem","position":1,"name":"Home","item":"https:\/\/magnetarmagnets.com\/hu\/"},{"@type":"ListItem","position":2,"name":"Adatv\u00e9delmi szab\u00e1lyzat"}]},{"@type":"WebSite","@id":"https:\/\/magnetarmagnets.com\/hu\/#website","url":"https:\/\/magnetarmagnets.com\/hu\/","name":"Magnet fishing with a Magnetar fishing magnet","description":"Er\u0151s m\u00e1gnesek m\u00e1gneshorg\u00e1szathoz","publisher":{"@id":"https:\/\/magnetarmagnets.com\/hu\/#organization"},"potentialAction":[{"@type":"SearchAction","target":{"@type":"EntryPoint","urlTemplate":"https:\/\/magnetarmagnets.com\/hu\/?s={search_term_string}"},"query-input":{"@type":"PropertyValueSpecification","valueRequired":true,"valueName":"search_term_string"}}],"inLanguage":"hu"},{"@type":"Organization","@id":"https:\/\/magnetarmagnets.com\/hu\/#organization","name":"Magnetar","url":"https:\/\/magnetarmagnets.com\/hu\/","logo":{"@type":"ImageObject","inLanguage":"hu","@id":"https:\/\/magnetarmagnets.com\/hu\/#\/schema\/logo\/image\/","url":"https:\/\/magnetarmagnets.com\/wp-content\/uploads\/2025\/05\/Logo-03_PNG-Black-scaled.png","contentUrl":"https:\/\/magnetarmagnets.com\/wp-content\/uploads\/2025\/05\/Logo-03_PNG-Black-scaled.png","width":2560,"height":1658,"caption":"Magnetar"},"image":{"@id":"https:\/\/magnetarmagnets.com\/hu\/#\/schema\/logo\/image\/"},"sameAs":["https:\/\/www.facebook.com\/fishingmagnets\/","https:\/\/www.instagram.com\/magnetar_magnets\/","https:\/\/www.linkedin.com\/company\/magnetarbv\/?originalSubdomain=nl","https:\/\/www.youtube.com\/c\/MagnetarVismagneet"]}]}},"_links":{"self":[{"href":"https:\/\/magnetarmagnets.com\/hu\/wp-json\/wp\/v2\/pages\/68783","targetHints":{"allow":["GET"]}}],"collection":[{"href":"https:\/\/magnetarmagnets.com\/hu\/wp-json\/wp\/v2\/pages"}],"about":[{"href":"https:\/\/magnetarmagnets.com\/hu\/wp-json\/wp\/v2\/types\/page"}],"author":[{"embeddable":true,"href":"https:\/\/magnetarmagnets.com\/hu\/wp-json\/wp\/v2\/users\/1"}],"replies":[{"embeddable":true,"href":"https:\/\/magnetarmagnets.com\/hu\/wp-json\/wp\/v2\/comments?post=68783"}],"version-history":[{"count":0,"href":"https:\/\/magnetarmagnets.com\/hu\/wp-json\/wp\/v2\/pages\/68783\/revisions"}],"wp:attachment":[{"href":"https:\/\/magnetarmagnets.com\/hu\/wp-json\/wp\/v2\/media?parent=68783"}],"curies":[{"name":"wp","href":"https:\/\/api.w.org\/{rel}","templated":true}]}}