{"id":99878,"date":"2026-04-22T14:49:46","date_gmt":"2026-04-22T12:49:46","guid":{"rendered":"https:\/\/magnetarmagnets.com\/shop\/turvallinen-kuljetuslaukku-kalastusmagneeteille-magshield\/"},"modified":"2026-04-22T14:49:46","modified_gmt":"2026-04-22T12:49:46","slug":"turvallinen-kuljetuslaukku-kalastusmagneeteille-magshield","status":"publish","type":"product","link":"https:\/\/magnetarmagnets.com\/fi\/shop\/turvallinen-kuljetuslaukku-kalastusmagneeteille-magshield\/","title":{"rendered":"Turvallinen kuljetuslaukku kalastusmagneeteille &#8211; MagShield\u2122"},"content":{"rendered":"<strong>Tuotetiedot<\/strong>\n\n&#8211; MagShield\u2122-vaahtomuovi auttaa v\u00e4hent\u00e4m\u00e4\u00e4n magneettikentt\u00e4\u00e4 kuljetuksen aikana.\n&#8211; Mitat: 42 x 28 x 21,5 cm\n&#8211; K\u00f6ysi voi pysy\u00e4 kiinni magneetissa, kun sit\u00e4 s\u00e4ilytet\u00e4\u00e4n pussissa.\n&#8211; S\u00e4\u00e4dett\u00e4v\u00e4t sis\u00e4osastot joustavaa organisointia varten\n&#8211; Lis\u00e4tilaa l\u00f6yt\u00f6j\u00e4, tarvikkeita, ruokaa ja juomia varten.\n&#8211; Vetoketjullinen sis\u00e4tasku pienille tavaroille\n&#8211; Ulkopuoliset silmukat karabiinille ja lis\u00e4varusteille\n&#8211; Kaksi kantovaihtoehtoa: s\u00e4\u00e4dett\u00e4v\u00e4 olkahihna ja lyhyet kahvat\n&#8211; Soveltuu magneettikalastusv\u00e4lineiden turvalliseen s\u00e4ilytykseen ja kuljetukseen.\n<strong>\nKenelle se on tarkoitettu<\/strong>\n\n&#8211; Jokainen, joka omistaa vahvan Magnetar-kalastusmagneetin, &#8211;\n&#8211; Magneettikalastajat, jotka haluavat kuljettaa magneettinsa turvallisesti.\n&#8211; Kuka tahansa, joka haluaa pit\u00e4\u00e4 varusteensa j\u00e4rjestyksess\u00e4\n&#8211; Magneettikalastajat etsiv\u00e4t turvallista magneettien s\u00e4ilytyst\u00e4\n&#8211; Sopii sek\u00e4 aloittelijoille ett\u00e4 kokeneille magneettikalastajille.\n&#8211; Kaikki, jotka arvostavat k\u00e4yt\u00e4nn\u00f6llisi\u00e4 ja toimivia varusteita\n\n<strong>Miksi valita t\u00e4m\u00e4 laukku<\/strong>\n\n&#8211; Turvallinen kuljetus MagShield\u2122-vaahdon avulla\n&#8211; K\u00e4yt\u00e4nn\u00f6llinen muotoilu veden \u00e4\u00e4rell\u00e4 k\u00e4ytett\u00e4v\u00e4ksi\n&#8211; Joustava ulkoasu, joka sopii laitteistoosi\n&#8211; Kest\u00e4v\u00e4t materiaalit pitk\u00e4aikaiseen k\u00e4ytt\u00f6\u00f6n\n&#8211; Helppo kuljettaa kaksoiskahvoilla\n<img fetchpriority=\"high\" decoding=\"async\" src=\"https:\/\/magnetarmagnets.com\/wp-content\/uploads\/2026\/04\/JNF-Magnetar-B.V.-Bedrijfsfotografie-20-09-2023-Foto-2614-scaled-e1756284278508-300x300.jpg\" alt=\"\" width=\"300\" height=\"300\" class=\"alignnone size-medium wp-image-95093\" srcset=\"https:\/\/magnetarmagnets.com\/wp-content\/uploads\/2026\/04\/JNF-Magnetar-B.V.-Bedrijfsfotografie-20-09-2023-Foto-2614-scaled-e1756284278508-300x300.jpg 300w, https:\/\/magnetarmagnets.com\/wp-content\/uploads\/2026\/04\/JNF-Magnetar-B.V.-Bedrijfsfotografie-20-09-2023-Foto-2614-scaled-e1756284278508-1024x1024.jpg 1024w, https:\/\/magnetarmagnets.com\/wp-content\/uploads\/2026\/04\/JNF-Magnetar-B.V.-Bedrijfsfotografie-20-09-2023-Foto-2614-scaled-e1756284278508-150x150.jpg 150w, https:\/\/magnetarmagnets.com\/wp-content\/uploads\/2026\/04\/JNF-Magnetar-B.V.-Bedrijfsfotografie-20-09-2023-Foto-2614-scaled-e1756284278508-768x768.jpg 768w, https:\/\/magnetarmagnets.com\/wp-content\/uploads\/2026\/04\/JNF-Magnetar-B.V.-Bedrijfsfotografie-20-09-2023-Foto-2614-scaled-e1756284278508-400x400.jpg 400w, https:\/\/magnetarmagnets.com\/wp-content\/uploads\/2026\/04\/JNF-Magnetar-B.V.-Bedrijfsfotografie-20-09-2023-Foto-2614-scaled-e1756284278508-800x800.jpg 800w, https:\/\/magnetarmagnets.com\/wp-content\/uploads\/2026\/04\/JNF-Magnetar-B.V.-Bedrijfsfotografie-20-09-2023-Foto-2614-scaled-e1756284278508-100x100.jpg 100w, https:\/\/magnetarmagnets.com\/wp-content\/uploads\/2026\/04\/JNF-Magnetar-B.V.-Bedrijfsfotografie-20-09-2023-Foto-2614-scaled-e1756284278508.jpg 1440w\" sizes=\"(max-width: 300px) 100vw, 300px\" \/>\n<strong>Miksi Magnetar\u00ae<\/strong>\n\n&#8211; Alkuper\u00e4isten 360-magneettien kehitt\u00e4j\u00e4\n&#8211; Yli 12 vuoden kokemus magneettikalastuksesta\n&#8211; Laatuun keskittyv\u00e4 perheyritys\n&#8211; Maailmanlaajuinen toimitus ja nopea toimitus\n&#8211; Kokeneet magneettikalastajat luottavat siihen\n\n","protected":false},"excerpt":{"rendered":"<p>V\u00e4ltt\u00e4m\u00e4t\u00f6n vahvoja magneetteja k\u00e4ytett\u00e4ess\u00e4. <strong>Magnetar\u00ae-kuljetuslaukku<\/strong> on suunniteltu <strong>turvalliseen kuljetukseen,<\/strong> \u00e4lykk\u00e4\u00e4seen <strong>s\u00e4ilytykseen ja<\/strong> k\u00e4yt\u00e4nn\u00f6lliseen <strong>p\u00e4ivitt\u00e4iseen k\u00e4ytt\u00f6\u00f6n.<\/strong><\/p>\n<p>Yhteensopiva kaikkien Magnetar-kalastusmagneettien kanssa.<\/p>\n","protected":false},"featured_media":98701,"comment_status":"open","ping_status":"closed","template":"","meta":{"_acf_changed":false,"inline_featured_image":false},"product_brand":[],"product_cat":[720,1023,722,718],"product_tag":[],"class_list":{"0":"post-99878","1":"product","2":"type-product","3":"status-publish","4":"has-post-thumbnail","6":"product_cat-kalastusmagneettivarusteet","7":"product_cat-luokittelematon","8":"product_cat-oheistuotteet","9":"product_cat-varusteet","11":"first","12":"instock","13":"taxable","14":"shipping-taxable","15":"purchasable","16":"product-type-simple"},"acf":[],"yoast_head":"<!-- This site is optimized with the Yoast SEO plugin v27.6 - https:\/\/yoast.com\/product\/yoast-seo-wordpress\/ -->\n<title>Turvallinen kuljetuslaukku kalastusmagneeteille - MagShield\u2122 - Magnet fishing with a Magnetar fishing magnet<\/title>\n<meta name=\"description\" content=\"Magnetar\u00ae-kuljetuslaukku on suunniteltu turvalliseen kuljetukseen, \u00e4lykk\u00e4\u00e4seen s\u00e4ilytykseen ja k\u00e4yt\u00e4nn\u00f6lliseen p\u00e4ivitt\u00e4iseen k\u00e4ytt\u00f6\u00f6n.\" \/>\n<meta name=\"robots\" content=\"index, follow, max-snippet:-1, max-image-preview:large, max-video-preview:-1\" \/>\n<link rel=\"canonical\" href=\"https:\/\/magnetarmagnets.com\/fi\/shop\/turvallinen-kuljetuslaukku-kalastusmagneeteille-magshield\/\" \/>\n<meta property=\"og:locale\" content=\"fi_FI\" \/>\n<meta property=\"og:type\" content=\"article\" \/>\n<meta property=\"og:title\" content=\"Turvallinen kuljetuslaukku kalastusmagneeteille - MagShield\u2122 - Magnet fishing with a Magnetar fishing magnet\" \/>\n<meta property=\"og:description\" content=\"Magnetar\u00ae-kuljetuslaukku on suunniteltu turvalliseen kuljetukseen, \u00e4lykk\u00e4\u00e4seen s\u00e4ilytykseen ja k\u00e4yt\u00e4nn\u00f6lliseen p\u00e4ivitt\u00e4iseen k\u00e4ytt\u00f6\u00f6n.\" \/>\n<meta property=\"og:url\" content=\"https:\/\/magnetarmagnets.com\/fi\/shop\/turvallinen-kuljetuslaukku-kalastusmagneeteille-magshield\/\" \/>\n<meta property=\"og:site_name\" content=\"Magnet fishing with a Magnetar fishing magnet\" \/>\n<meta property=\"article:publisher\" content=\"https:\/\/www.facebook.com\/fishingmagnets\/\" \/>\n<meta property=\"og:image\" content=\"https:\/\/magnetarmagnets.com\/wp-content\/uploads\/2026\/04\/BEAST-X-1024x1024.png\" \/>\n\t<meta property=\"og:image:width\" content=\"1024\" \/>\n\t<meta property=\"og:image:height\" content=\"1024\" \/>\n\t<meta property=\"og:image:type\" content=\"image\/png\" \/>\n<meta name=\"twitter:card\" content=\"summary_large_image\" \/>\n<meta name=\"twitter:label1\" content=\"Arvioitu lukuaika\" \/>\n\t<meta name=\"twitter:data1\" content=\"1 minuutti\" \/>\n<script type=\"application\/ld+json\" class=\"yoast-schema-graph\">{\"@context\":\"https:\\\/\\\/schema.org\",\"@graph\":[{\"@type\":[\"WebPage\",\"ItemPage\"],\"@id\":\"https:\\\/\\\/magnetarmagnets.com\\\/fi\\\/shop\\\/turvallinen-kuljetuslaukku-kalastusmagneeteille-magshield\\\/\",\"url\":\"https:\\\/\\\/magnetarmagnets.com\\\/fi\\\/shop\\\/turvallinen-kuljetuslaukku-kalastusmagneeteille-magshield\\\/\",\"name\":\"Turvallinen kuljetuslaukku kalastusmagneeteille - MagShield\u2122 - Magnet fishing with a Magnetar fishing magnet\",\"isPartOf\":{\"@id\":\"https:\\\/\\\/magnetarmagnets.com\\\/fi\\\/#website\"},\"primaryImageOfPage\":{\"@id\":\"https:\\\/\\\/magnetarmagnets.com\\\/fi\\\/shop\\\/turvallinen-kuljetuslaukku-kalastusmagneeteille-magshield\\\/#primaryimage\"},\"image\":{\"@id\":\"https:\\\/\\\/magnetarmagnets.com\\\/fi\\\/shop\\\/turvallinen-kuljetuslaukku-kalastusmagneeteille-magshield\\\/#primaryimage\"},\"thumbnailUrl\":\"https:\\\/\\\/magnetarmagnets.com\\\/wp-content\\\/uploads\\\/2026\\\/04\\\/BEAST-X.png\",\"datePublished\":\"2026-04-22T12:49:46+00:00\",\"description\":\"Magnetar\u00ae-kuljetuslaukku on suunniteltu turvalliseen kuljetukseen, \u00e4lykk\u00e4\u00e4seen s\u00e4ilytykseen ja k\u00e4yt\u00e4nn\u00f6lliseen p\u00e4ivitt\u00e4iseen k\u00e4ytt\u00f6\u00f6n.\",\"breadcrumb\":{\"@id\":\"https:\\\/\\\/magnetarmagnets.com\\\/fi\\\/shop\\\/turvallinen-kuljetuslaukku-kalastusmagneeteille-magshield\\\/#breadcrumb\"},\"inLanguage\":\"fi\",\"potentialAction\":[{\"@type\":\"ReadAction\",\"target\":[\"https:\\\/\\\/magnetarmagnets.com\\\/fi\\\/shop\\\/turvallinen-kuljetuslaukku-kalastusmagneeteille-magshield\\\/\"]}]},{\"@type\":\"ImageObject\",\"inLanguage\":\"fi\",\"@id\":\"https:\\\/\\\/magnetarmagnets.com\\\/fi\\\/shop\\\/turvallinen-kuljetuslaukku-kalastusmagneeteille-magshield\\\/#primaryimage\",\"url\":\"https:\\\/\\\/magnetarmagnets.com\\\/wp-content\\\/uploads\\\/2026\\\/04\\\/BEAST-X.png\",\"contentUrl\":\"https:\\\/\\\/magnetarmagnets.com\\\/wp-content\\\/uploads\\\/2026\\\/04\\\/BEAST-X.png\",\"width\":2000,\"height\":2000},{\"@type\":\"BreadcrumbList\",\"@id\":\"https:\\\/\\\/magnetarmagnets.com\\\/fi\\\/shop\\\/turvallinen-kuljetuslaukku-kalastusmagneeteille-magshield\\\/#breadcrumb\",\"itemListElement\":[{\"@type\":\"ListItem\",\"position\":1,\"name\":\"Home\",\"item\":\"https:\\\/\\\/magnetarmagnets.com\\\/fi\\\/\"},{\"@type\":\"ListItem\",\"position\":2,\"name\":\"Verkkokauppa\",\"item\":\"https:\\\/\\\/magnetarmagnets.com\\\/verkkokauppa\\\/\"},{\"@type\":\"ListItem\",\"position\":3,\"name\":\"Turvallinen kuljetuslaukku kalastusmagneeteille &#8211; MagShield\u2122\"}]},{\"@type\":\"WebSite\",\"@id\":\"https:\\\/\\\/magnetarmagnets.com\\\/fi\\\/#website\",\"url\":\"https:\\\/\\\/magnetarmagnets.com\\\/fi\\\/\",\"name\":\"Magnet fishing with a Magnetar fishing magnet\",\"description\":\"Vahvat magneetit magneettikalastukseen\\n\\n\",\"publisher\":{\"@id\":\"https:\\\/\\\/magnetarmagnets.com\\\/fi\\\/#organization\"},\"potentialAction\":[{\"@type\":\"SearchAction\",\"target\":{\"@type\":\"EntryPoint\",\"urlTemplate\":\"https:\\\/\\\/magnetarmagnets.com\\\/fi\\\/?s={search_term_string}\"},\"query-input\":{\"@type\":\"PropertyValueSpecification\",\"valueRequired\":true,\"valueName\":\"search_term_string\"}}],\"inLanguage\":\"fi\"},{\"@type\":\"Organization\",\"@id\":\"https:\\\/\\\/magnetarmagnets.com\\\/fi\\\/#organization\",\"name\":\"Magnetar\",\"url\":\"https:\\\/\\\/magnetarmagnets.com\\\/fi\\\/\",\"logo\":{\"@type\":\"ImageObject\",\"inLanguage\":\"fi\",\"@id\":\"https:\\\/\\\/magnetarmagnets.com\\\/fi\\\/#\\\/schema\\\/logo\\\/image\\\/\",\"url\":\"https:\\\/\\\/magnetarmagnets.com\\\/wp-content\\\/uploads\\\/2025\\\/05\\\/Logo-03_PNG-Black-scaled.png\",\"contentUrl\":\"https:\\\/\\\/magnetarmagnets.com\\\/wp-content\\\/uploads\\\/2025\\\/05\\\/Logo-03_PNG-Black-scaled.png\",\"width\":2560,\"height\":1658,\"caption\":\"Magnetar\"},\"image\":{\"@id\":\"https:\\\/\\\/magnetarmagnets.com\\\/fi\\\/#\\\/schema\\\/logo\\\/image\\\/\"},\"sameAs\":[\"https:\\\/\\\/www.facebook.com\\\/fishingmagnets\\\/\",\"https:\\\/\\\/www.instagram.com\\\/magnetar_magnets\\\/\",\"https:\\\/\\\/www.linkedin.com\\\/company\\\/magnetarbv\\\/?originalSubdomain=nl\",\"https:\\\/\\\/www.youtube.com\\\/c\\\/MagnetarVismagneet\"]}]}<\/script>\n<!-- \/ Yoast SEO plugin. -->","yoast_head_json":{"title":"Turvallinen kuljetuslaukku kalastusmagneeteille - MagShield\u2122 - Magnet fishing with a Magnetar fishing magnet","description":"Magnetar\u00ae-kuljetuslaukku on suunniteltu turvalliseen kuljetukseen, \u00e4lykk\u00e4\u00e4seen s\u00e4ilytykseen ja k\u00e4yt\u00e4nn\u00f6lliseen p\u00e4ivitt\u00e4iseen k\u00e4ytt\u00f6\u00f6n.","robots":{"index":"index","follow":"follow","max-snippet":"max-snippet:-1","max-image-preview":"max-image-preview:large","max-video-preview":"max-video-preview:-1"},"canonical":"https:\/\/magnetarmagnets.com\/fi\/shop\/turvallinen-kuljetuslaukku-kalastusmagneeteille-magshield\/","og_locale":"fi_FI","og_type":"article","og_title":"Turvallinen kuljetuslaukku kalastusmagneeteille - MagShield\u2122 - Magnet fishing with a Magnetar fishing magnet","og_description":"Magnetar\u00ae-kuljetuslaukku on suunniteltu turvalliseen kuljetukseen, \u00e4lykk\u00e4\u00e4seen s\u00e4ilytykseen ja k\u00e4yt\u00e4nn\u00f6lliseen p\u00e4ivitt\u00e4iseen k\u00e4ytt\u00f6\u00f6n.","og_url":"https:\/\/magnetarmagnets.com\/fi\/shop\/turvallinen-kuljetuslaukku-kalastusmagneeteille-magshield\/","og_site_name":"Magnet fishing with a Magnetar fishing magnet","article_publisher":"https:\/\/www.facebook.com\/fishingmagnets\/","og_image":[{"width":1024,"height":1024,"url":"https:\/\/magnetarmagnets.com\/wp-content\/uploads\/2026\/04\/BEAST-X-1024x1024.png","type":"image\/png"}],"twitter_card":"summary_large_image","twitter_misc":{"Arvioitu lukuaika":"1 minuutti"},"schema":{"@context":"https:\/\/schema.org","@graph":[{"@type":["WebPage","ItemPage"],"@id":"https:\/\/magnetarmagnets.com\/fi\/shop\/turvallinen-kuljetuslaukku-kalastusmagneeteille-magshield\/","url":"https:\/\/magnetarmagnets.com\/fi\/shop\/turvallinen-kuljetuslaukku-kalastusmagneeteille-magshield\/","name":"Turvallinen kuljetuslaukku kalastusmagneeteille - MagShield\u2122 - Magnet fishing with a Magnetar fishing magnet","isPartOf":{"@id":"https:\/\/magnetarmagnets.com\/fi\/#website"},"primaryImageOfPage":{"@id":"https:\/\/magnetarmagnets.com\/fi\/shop\/turvallinen-kuljetuslaukku-kalastusmagneeteille-magshield\/#primaryimage"},"image":{"@id":"https:\/\/magnetarmagnets.com\/fi\/shop\/turvallinen-kuljetuslaukku-kalastusmagneeteille-magshield\/#primaryimage"},"thumbnailUrl":"https:\/\/magnetarmagnets.com\/wp-content\/uploads\/2026\/04\/BEAST-X.png","datePublished":"2026-04-22T12:49:46+00:00","description":"Magnetar\u00ae-kuljetuslaukku on suunniteltu turvalliseen kuljetukseen, \u00e4lykk\u00e4\u00e4seen s\u00e4ilytykseen ja k\u00e4yt\u00e4nn\u00f6lliseen p\u00e4ivitt\u00e4iseen k\u00e4ytt\u00f6\u00f6n.","breadcrumb":{"@id":"https:\/\/magnetarmagnets.com\/fi\/shop\/turvallinen-kuljetuslaukku-kalastusmagneeteille-magshield\/#breadcrumb"},"inLanguage":"fi","potentialAction":[{"@type":"ReadAction","target":["https:\/\/magnetarmagnets.com\/fi\/shop\/turvallinen-kuljetuslaukku-kalastusmagneeteille-magshield\/"]}]},{"@type":"ImageObject","inLanguage":"fi","@id":"https:\/\/magnetarmagnets.com\/fi\/shop\/turvallinen-kuljetuslaukku-kalastusmagneeteille-magshield\/#primaryimage","url":"https:\/\/magnetarmagnets.com\/wp-content\/uploads\/2026\/04\/BEAST-X.png","contentUrl":"https:\/\/magnetarmagnets.com\/wp-content\/uploads\/2026\/04\/BEAST-X.png","width":2000,"height":2000},{"@type":"BreadcrumbList","@id":"https:\/\/magnetarmagnets.com\/fi\/shop\/turvallinen-kuljetuslaukku-kalastusmagneeteille-magshield\/#breadcrumb","itemListElement":[{"@type":"ListItem","position":1,"name":"Home","item":"https:\/\/magnetarmagnets.com\/fi\/"},{"@type":"ListItem","position":2,"name":"Verkkokauppa","item":"https:\/\/magnetarmagnets.com\/verkkokauppa\/"},{"@type":"ListItem","position":3,"name":"Turvallinen kuljetuslaukku kalastusmagneeteille &#8211; MagShield\u2122"}]},{"@type":"WebSite","@id":"https:\/\/magnetarmagnets.com\/fi\/#website","url":"https:\/\/magnetarmagnets.com\/fi\/","name":"Magnet fishing with a Magnetar fishing magnet","description":"Vahvat magneetit magneettikalastukseen\n\n","publisher":{"@id":"https:\/\/magnetarmagnets.com\/fi\/#organization"},"potentialAction":[{"@type":"SearchAction","target":{"@type":"EntryPoint","urlTemplate":"https:\/\/magnetarmagnets.com\/fi\/?s={search_term_string}"},"query-input":{"@type":"PropertyValueSpecification","valueRequired":true,"valueName":"search_term_string"}}],"inLanguage":"fi"},{"@type":"Organization","@id":"https:\/\/magnetarmagnets.com\/fi\/#organization","name":"Magnetar","url":"https:\/\/magnetarmagnets.com\/fi\/","logo":{"@type":"ImageObject","inLanguage":"fi","@id":"https:\/\/magnetarmagnets.com\/fi\/#\/schema\/logo\/image\/","url":"https:\/\/magnetarmagnets.com\/wp-content\/uploads\/2025\/05\/Logo-03_PNG-Black-scaled.png","contentUrl":"https:\/\/magnetarmagnets.com\/wp-content\/uploads\/2025\/05\/Logo-03_PNG-Black-scaled.png","width":2560,"height":1658,"caption":"Magnetar"},"image":{"@id":"https:\/\/magnetarmagnets.com\/fi\/#\/schema\/logo\/image\/"},"sameAs":["https:\/\/www.facebook.com\/fishingmagnets\/","https:\/\/www.instagram.com\/magnetar_magnets\/","https:\/\/www.linkedin.com\/company\/magnetarbv\/?originalSubdomain=nl","https:\/\/www.youtube.com\/c\/MagnetarVismagneet"]}]}},"_links":{"self":[{"href":"https:\/\/magnetarmagnets.com\/fi\/wp-json\/wp\/v2\/product\/99878","targetHints":{"allow":["GET"]}}],"collection":[{"href":"https:\/\/magnetarmagnets.com\/fi\/wp-json\/wp\/v2\/product"}],"about":[{"href":"https:\/\/magnetarmagnets.com\/fi\/wp-json\/wp\/v2\/types\/product"}],"replies":[{"embeddable":true,"href":"https:\/\/magnetarmagnets.com\/fi\/wp-json\/wp\/v2\/comments?post=99878"}],"version-history":[{"count":0,"href":"https:\/\/magnetarmagnets.com\/fi\/wp-json\/wp\/v2\/product\/99878\/revisions"}],"wp:featuredmedia":[{"embeddable":true,"href":"https:\/\/magnetarmagnets.com\/fi\/wp-json\/wp\/v2\/media\/98701"}],"wp:attachment":[{"href":"https:\/\/magnetarmagnets.com\/fi\/wp-json\/wp\/v2\/media?parent=99878"}],"wp:term":[{"taxonomy":"product_brand","embeddable":true,"href":"https:\/\/magnetarmagnets.com\/fi\/wp-json\/wp\/v2\/product_brand?post=99878"},{"taxonomy":"product_cat","embeddable":true,"href":"https:\/\/magnetarmagnets.com\/fi\/wp-json\/wp\/v2\/product_cat?post=99878"},{"taxonomy":"product_tag","embeddable":true,"href":"https:\/\/magnetarmagnets.com\/fi\/wp-json\/wp\/v2\/product_tag?post=99878"}],"curies":[{"name":"wp","href":"https:\/\/api.w.org\/{rel}","templated":true}]}}