{"id":97368,"date":"2026-04-16T10:16:19","date_gmt":"2026-04-16T08:16:19","guid":{"rendered":"https:\/\/magnetarmagnets.com\/shop\/barbarian-x-setti-3500-lb-1600-kg-barbarian-x-yleismalli-360\/"},"modified":"2026-04-16T13:55:01","modified_gmt":"2026-04-16T11:55:01","slug":"barbarian-x-setti-3500-lb-1600-kg-barbarian-x-yleismalli-360","status":"publish","type":"product","link":"https:\/\/magnetarmagnets.com\/fi\/shop\/barbarian-x-setti-3500-lb-1600-kg-barbarian-x-yleismalli-360\/","title":{"rendered":"Barbarian X -setti \u2013 3500 lb \/ 1600 kg \u2013 Barbarian X \u2013 yleismalli 360\u00b0"},"content":{"rendered":"","protected":false},"excerpt":{"rendered":"<p><strong>Barbarian X<\/strong> on tehokas <strong>360\u00b0 magneettikalastusmagneetti<\/strong> <strong>X Line<\/strong> -sarjasta. Ihanteellinen ammattimaisille magneettikalastajille, jotka etsiv\u00e4t voimaa, laatua ja kilpailukykyist\u00e4 hintaa.<\/p>\n<p>T\u00e4ysin koottu, pakattu <strong>MagShield\u2122<\/strong>-laukkuun turvallista kuljetusta ja helppoa k\u00e4ytt\u00f6\u00e4 varten.<\/p>\n","protected":false},"featured_media":97009,"comment_status":"open","ping_status":"closed","template":"","meta":{"_acf_changed":false,"inline_featured_image":false},"product_brand":[],"product_cat":[717,726,712,719,1023,714,1024],"product_tag":[],"class_list":{"0":"post-97368","1":"product","2":"type-product","3":"status-publish","4":"has-post-thumbnail","6":"product_cat-allround-360-kalastusmagneetit","7":"product_cat-ammattilaiset","8":"product_cat-kalastusmagneetit","9":"product_cat-kalastusmagneettipaketti","10":"product_cat-luokittelematon","11":"product_cat-vahvimmat-kalastusmagneetit","12":"product_cat-x-line","14":"first","15":"instock","16":"taxable","17":"shipping-taxable","18":"purchasable","19":"product-type-simple"},"acf":[],"yoast_head":"<!-- This site is optimized with the Yoast SEO plugin v27.4 - https:\/\/yoast.com\/product\/yoast-seo-wordpress\/ -->\n<title>Barbarian X -setti \u2013 3500 lb \/ 1600 kg \u2013 Barbarian X \u2013 yleismalli 360\u00b0 - Magnet fishing with a Magnetar fishing magnet<\/title>\n<meta name=\"description\" content=\"Barbarian X on tehokas 360\u00b0 magneettikalastusmagneetti, jonka vetovoima on 1600 kg. Sis\u00e4lt\u00e4\u00e4 k\u00f6yden, k\u00e4sineet ja kantolaukun. Kokeneille magneettikalastajille.\" \/>\n<meta name=\"robots\" content=\"index, follow, max-snippet:-1, max-image-preview:large, max-video-preview:-1\" \/>\n<link rel=\"canonical\" href=\"https:\/\/magnetarmagnets.com\/fi\/shop\/barbarian-x-setti-3500-lb-1600-kg-barbarian-x-yleismalli-360\/\" \/>\n<meta property=\"og:locale\" content=\"fi_FI\" \/>\n<meta property=\"og:type\" content=\"article\" \/>\n<meta property=\"og:title\" content=\"Barbarian X -setti \u2013 3500 lb \/ 1600 kg \u2013 Barbarian X \u2013 yleismalli 360\u00b0 - Magnet fishing with a Magnetar fishing magnet\" \/>\n<meta property=\"og:description\" content=\"Barbarian X on tehokas 360\u00b0 magneettikalastusmagneetti, jonka vetovoima on 1600 kg. Sis\u00e4lt\u00e4\u00e4 k\u00f6yden, k\u00e4sineet ja kantolaukun. Kokeneille magneettikalastajille.\" \/>\n<meta property=\"og:url\" content=\"https:\/\/magnetarmagnets.com\/fi\/shop\/barbarian-x-setti-3500-lb-1600-kg-barbarian-x-yleismalli-360\/\" \/>\n<meta property=\"og:site_name\" content=\"Magnet fishing with a Magnetar fishing magnet\" \/>\n<meta property=\"article:publisher\" content=\"https:\/\/www.facebook.com\/fishingmagnets\/\" \/>\n<meta property=\"article:modified_time\" content=\"2026-04-16T11:55:01+00:00\" \/>\n<meta property=\"og:image\" content=\"https:\/\/magnetarmagnets.com\/wp-content\/uploads\/2026\/04\/MagnetarMagnets_BARBARIAN_X_listing-1-1024x1024.png\" \/>\n\t<meta property=\"og:image:width\" content=\"1024\" \/>\n\t<meta property=\"og:image:height\" content=\"1024\" \/>\n\t<meta property=\"og:image:type\" content=\"image\/png\" \/>\n<meta name=\"twitter:card\" content=\"summary_large_image\" \/>\n<meta name=\"twitter:label1\" content=\"Arvioitu lukuaika\" \/>\n\t<meta name=\"twitter:data1\" content=\"1 minuutti\" \/>\n<script type=\"application\/ld+json\" class=\"yoast-schema-graph\">{\"@context\":\"https:\\\/\\\/schema.org\",\"@graph\":[{\"@type\":[\"WebPage\",\"ItemPage\"],\"@id\":\"https:\\\/\\\/magnetarmagnets.com\\\/fi\\\/shop\\\/barbarian-x-setti-3500-lb-1600-kg-barbarian-x-yleismalli-360\\\/\",\"url\":\"https:\\\/\\\/magnetarmagnets.com\\\/fi\\\/shop\\\/barbarian-x-setti-3500-lb-1600-kg-barbarian-x-yleismalli-360\\\/\",\"name\":\"Barbarian X -setti \u2013 3500 lb \\\/ 1600 kg \u2013 Barbarian X \u2013 yleismalli 360\u00b0 - Magnet fishing with a Magnetar fishing magnet\",\"isPartOf\":{\"@id\":\"https:\\\/\\\/magnetarmagnets.com\\\/fi\\\/#website\"},\"primaryImageOfPage\":{\"@id\":\"https:\\\/\\\/magnetarmagnets.com\\\/fi\\\/shop\\\/barbarian-x-setti-3500-lb-1600-kg-barbarian-x-yleismalli-360\\\/#primaryimage\"},\"image\":{\"@id\":\"https:\\\/\\\/magnetarmagnets.com\\\/fi\\\/shop\\\/barbarian-x-setti-3500-lb-1600-kg-barbarian-x-yleismalli-360\\\/#primaryimage\"},\"thumbnailUrl\":\"https:\\\/\\\/magnetarmagnets.com\\\/wp-content\\\/uploads\\\/2026\\\/04\\\/MagnetarMagnets_BARBARIAN_X_listing-1.png\",\"datePublished\":\"2026-04-16T08:16:19+00:00\",\"dateModified\":\"2026-04-16T11:55:01+00:00\",\"description\":\"Barbarian X on tehokas 360\u00b0 magneettikalastusmagneetti, jonka vetovoima on 1600 kg. Sis\u00e4lt\u00e4\u00e4 k\u00f6yden, k\u00e4sineet ja kantolaukun. Kokeneille magneettikalastajille.\",\"breadcrumb\":{\"@id\":\"https:\\\/\\\/magnetarmagnets.com\\\/fi\\\/shop\\\/barbarian-x-setti-3500-lb-1600-kg-barbarian-x-yleismalli-360\\\/#breadcrumb\"},\"inLanguage\":\"fi\",\"potentialAction\":[{\"@type\":\"ReadAction\",\"target\":[\"https:\\\/\\\/magnetarmagnets.com\\\/fi\\\/shop\\\/barbarian-x-setti-3500-lb-1600-kg-barbarian-x-yleismalli-360\\\/\"]}]},{\"@type\":\"ImageObject\",\"inLanguage\":\"fi\",\"@id\":\"https:\\\/\\\/magnetarmagnets.com\\\/fi\\\/shop\\\/barbarian-x-setti-3500-lb-1600-kg-barbarian-x-yleismalli-360\\\/#primaryimage\",\"url\":\"https:\\\/\\\/magnetarmagnets.com\\\/wp-content\\\/uploads\\\/2026\\\/04\\\/MagnetarMagnets_BARBARIAN_X_listing-1.png\",\"contentUrl\":\"https:\\\/\\\/magnetarmagnets.com\\\/wp-content\\\/uploads\\\/2026\\\/04\\\/MagnetarMagnets_BARBARIAN_X_listing-1.png\",\"width\":2000,\"height\":2000},{\"@type\":\"BreadcrumbList\",\"@id\":\"https:\\\/\\\/magnetarmagnets.com\\\/fi\\\/shop\\\/barbarian-x-setti-3500-lb-1600-kg-barbarian-x-yleismalli-360\\\/#breadcrumb\",\"itemListElement\":[{\"@type\":\"ListItem\",\"position\":1,\"name\":\"Home\",\"item\":\"https:\\\/\\\/magnetarmagnets.com\\\/fi\\\/\"},{\"@type\":\"ListItem\",\"position\":2,\"name\":\"Verkkokauppa\",\"item\":\"https:\\\/\\\/magnetarmagnets.com\\\/verkkokauppa\\\/\"},{\"@type\":\"ListItem\",\"position\":3,\"name\":\"Kalastusmagneetit\",\"item\":\"https:\\\/\\\/magnetarmagnets.com\\\/fi\\\/collections\\\/kalastusmagneetit\\\/\"},{\"@type\":\"ListItem\",\"position\":4,\"name\":\"Allround 360\u00b0 kalastusmagneetit\",\"item\":\"https:\\\/\\\/magnetarmagnets.com\\\/fi\\\/collections\\\/kalastusmagneetit\\\/allround-360-kalastusmagneetit\\\/\"},{\"@type\":\"ListItem\",\"position\":5,\"name\":\"Barbarian X -setti \u2013 3500 lb \\\/ 1600 kg \u2013 Barbarian X \u2013 yleismalli 360\u00b0\"}]},{\"@type\":\"WebSite\",\"@id\":\"https:\\\/\\\/magnetarmagnets.com\\\/fi\\\/#website\",\"url\":\"https:\\\/\\\/magnetarmagnets.com\\\/fi\\\/\",\"name\":\"Magnet fishing with a Magnetar fishing magnet\",\"description\":\"Vahvat magneetit magneettikalastukseen\\n\\n\",\"publisher\":{\"@id\":\"https:\\\/\\\/magnetarmagnets.com\\\/fi\\\/#organization\"},\"potentialAction\":[{\"@type\":\"SearchAction\",\"target\":{\"@type\":\"EntryPoint\",\"urlTemplate\":\"https:\\\/\\\/magnetarmagnets.com\\\/fi\\\/?s={search_term_string}\"},\"query-input\":{\"@type\":\"PropertyValueSpecification\",\"valueRequired\":true,\"valueName\":\"search_term_string\"}}],\"inLanguage\":\"fi\"},{\"@type\":\"Organization\",\"@id\":\"https:\\\/\\\/magnetarmagnets.com\\\/fi\\\/#organization\",\"name\":\"Magnetar\",\"url\":\"https:\\\/\\\/magnetarmagnets.com\\\/fi\\\/\",\"logo\":{\"@type\":\"ImageObject\",\"inLanguage\":\"fi\",\"@id\":\"https:\\\/\\\/magnetarmagnets.com\\\/fi\\\/#\\\/schema\\\/logo\\\/image\\\/\",\"url\":\"https:\\\/\\\/magnetarmagnets.com\\\/wp-content\\\/uploads\\\/2025\\\/05\\\/Logo-03_PNG-Black-scaled.png\",\"contentUrl\":\"https:\\\/\\\/magnetarmagnets.com\\\/wp-content\\\/uploads\\\/2025\\\/05\\\/Logo-03_PNG-Black-scaled.png\",\"width\":2560,\"height\":1658,\"caption\":\"Magnetar\"},\"image\":{\"@id\":\"https:\\\/\\\/magnetarmagnets.com\\\/fi\\\/#\\\/schema\\\/logo\\\/image\\\/\"},\"sameAs\":[\"https:\\\/\\\/www.facebook.com\\\/fishingmagnets\\\/\",\"https:\\\/\\\/www.instagram.com\\\/magnetar_magnets\\\/\",\"https:\\\/\\\/www.linkedin.com\\\/company\\\/magnetarbv\\\/?originalSubdomain=nl\",\"https:\\\/\\\/www.youtube.com\\\/c\\\/MagnetarVismagneet\"]}]}<\/script>\n<!-- \/ Yoast SEO plugin. -->","yoast_head_json":{"title":"Barbarian X -setti \u2013 3500 lb \/ 1600 kg \u2013 Barbarian X \u2013 yleismalli 360\u00b0 - Magnet fishing with a Magnetar fishing magnet","description":"Barbarian X on tehokas 360\u00b0 magneettikalastusmagneetti, jonka vetovoima on 1600 kg. Sis\u00e4lt\u00e4\u00e4 k\u00f6yden, k\u00e4sineet ja kantolaukun. Kokeneille magneettikalastajille.","robots":{"index":"index","follow":"follow","max-snippet":"max-snippet:-1","max-image-preview":"max-image-preview:large","max-video-preview":"max-video-preview:-1"},"canonical":"https:\/\/magnetarmagnets.com\/fi\/shop\/barbarian-x-setti-3500-lb-1600-kg-barbarian-x-yleismalli-360\/","og_locale":"fi_FI","og_type":"article","og_title":"Barbarian X -setti \u2013 3500 lb \/ 1600 kg \u2013 Barbarian X \u2013 yleismalli 360\u00b0 - Magnet fishing with a Magnetar fishing magnet","og_description":"Barbarian X on tehokas 360\u00b0 magneettikalastusmagneetti, jonka vetovoima on 1600 kg. Sis\u00e4lt\u00e4\u00e4 k\u00f6yden, k\u00e4sineet ja kantolaukun. Kokeneille magneettikalastajille.","og_url":"https:\/\/magnetarmagnets.com\/fi\/shop\/barbarian-x-setti-3500-lb-1600-kg-barbarian-x-yleismalli-360\/","og_site_name":"Magnet fishing with a Magnetar fishing magnet","article_publisher":"https:\/\/www.facebook.com\/fishingmagnets\/","article_modified_time":"2026-04-16T11:55:01+00:00","og_image":[{"width":1024,"height":1024,"url":"https:\/\/magnetarmagnets.com\/wp-content\/uploads\/2026\/04\/MagnetarMagnets_BARBARIAN_X_listing-1-1024x1024.png","type":"image\/png"}],"twitter_card":"summary_large_image","twitter_misc":{"Arvioitu lukuaika":"1 minuutti"},"schema":{"@context":"https:\/\/schema.org","@graph":[{"@type":["WebPage","ItemPage"],"@id":"https:\/\/magnetarmagnets.com\/fi\/shop\/barbarian-x-setti-3500-lb-1600-kg-barbarian-x-yleismalli-360\/","url":"https:\/\/magnetarmagnets.com\/fi\/shop\/barbarian-x-setti-3500-lb-1600-kg-barbarian-x-yleismalli-360\/","name":"Barbarian X -setti \u2013 3500 lb \/ 1600 kg \u2013 Barbarian X \u2013 yleismalli 360\u00b0 - Magnet fishing with a Magnetar fishing magnet","isPartOf":{"@id":"https:\/\/magnetarmagnets.com\/fi\/#website"},"primaryImageOfPage":{"@id":"https:\/\/magnetarmagnets.com\/fi\/shop\/barbarian-x-setti-3500-lb-1600-kg-barbarian-x-yleismalli-360\/#primaryimage"},"image":{"@id":"https:\/\/magnetarmagnets.com\/fi\/shop\/barbarian-x-setti-3500-lb-1600-kg-barbarian-x-yleismalli-360\/#primaryimage"},"thumbnailUrl":"https:\/\/magnetarmagnets.com\/wp-content\/uploads\/2026\/04\/MagnetarMagnets_BARBARIAN_X_listing-1.png","datePublished":"2026-04-16T08:16:19+00:00","dateModified":"2026-04-16T11:55:01+00:00","description":"Barbarian X on tehokas 360\u00b0 magneettikalastusmagneetti, jonka vetovoima on 1600 kg. Sis\u00e4lt\u00e4\u00e4 k\u00f6yden, k\u00e4sineet ja kantolaukun. Kokeneille magneettikalastajille.","breadcrumb":{"@id":"https:\/\/magnetarmagnets.com\/fi\/shop\/barbarian-x-setti-3500-lb-1600-kg-barbarian-x-yleismalli-360\/#breadcrumb"},"inLanguage":"fi","potentialAction":[{"@type":"ReadAction","target":["https:\/\/magnetarmagnets.com\/fi\/shop\/barbarian-x-setti-3500-lb-1600-kg-barbarian-x-yleismalli-360\/"]}]},{"@type":"ImageObject","inLanguage":"fi","@id":"https:\/\/magnetarmagnets.com\/fi\/shop\/barbarian-x-setti-3500-lb-1600-kg-barbarian-x-yleismalli-360\/#primaryimage","url":"https:\/\/magnetarmagnets.com\/wp-content\/uploads\/2026\/04\/MagnetarMagnets_BARBARIAN_X_listing-1.png","contentUrl":"https:\/\/magnetarmagnets.com\/wp-content\/uploads\/2026\/04\/MagnetarMagnets_BARBARIAN_X_listing-1.png","width":2000,"height":2000},{"@type":"BreadcrumbList","@id":"https:\/\/magnetarmagnets.com\/fi\/shop\/barbarian-x-setti-3500-lb-1600-kg-barbarian-x-yleismalli-360\/#breadcrumb","itemListElement":[{"@type":"ListItem","position":1,"name":"Home","item":"https:\/\/magnetarmagnets.com\/fi\/"},{"@type":"ListItem","position":2,"name":"Verkkokauppa","item":"https:\/\/magnetarmagnets.com\/verkkokauppa\/"},{"@type":"ListItem","position":3,"name":"Kalastusmagneetit","item":"https:\/\/magnetarmagnets.com\/fi\/collections\/kalastusmagneetit\/"},{"@type":"ListItem","position":4,"name":"Allround 360\u00b0 kalastusmagneetit","item":"https:\/\/magnetarmagnets.com\/fi\/collections\/kalastusmagneetit\/allround-360-kalastusmagneetit\/"},{"@type":"ListItem","position":5,"name":"Barbarian X -setti \u2013 3500 lb \/ 1600 kg \u2013 Barbarian X \u2013 yleismalli 360\u00b0"}]},{"@type":"WebSite","@id":"https:\/\/magnetarmagnets.com\/fi\/#website","url":"https:\/\/magnetarmagnets.com\/fi\/","name":"Magnet fishing with a Magnetar fishing magnet","description":"Vahvat magneetit magneettikalastukseen\n\n","publisher":{"@id":"https:\/\/magnetarmagnets.com\/fi\/#organization"},"potentialAction":[{"@type":"SearchAction","target":{"@type":"EntryPoint","urlTemplate":"https:\/\/magnetarmagnets.com\/fi\/?s={search_term_string}"},"query-input":{"@type":"PropertyValueSpecification","valueRequired":true,"valueName":"search_term_string"}}],"inLanguage":"fi"},{"@type":"Organization","@id":"https:\/\/magnetarmagnets.com\/fi\/#organization","name":"Magnetar","url":"https:\/\/magnetarmagnets.com\/fi\/","logo":{"@type":"ImageObject","inLanguage":"fi","@id":"https:\/\/magnetarmagnets.com\/fi\/#\/schema\/logo\/image\/","url":"https:\/\/magnetarmagnets.com\/wp-content\/uploads\/2025\/05\/Logo-03_PNG-Black-scaled.png","contentUrl":"https:\/\/magnetarmagnets.com\/wp-content\/uploads\/2025\/05\/Logo-03_PNG-Black-scaled.png","width":2560,"height":1658,"caption":"Magnetar"},"image":{"@id":"https:\/\/magnetarmagnets.com\/fi\/#\/schema\/logo\/image\/"},"sameAs":["https:\/\/www.facebook.com\/fishingmagnets\/","https:\/\/www.instagram.com\/magnetar_magnets\/","https:\/\/www.linkedin.com\/company\/magnetarbv\/?originalSubdomain=nl","https:\/\/www.youtube.com\/c\/MagnetarVismagneet"]}]}},"_links":{"self":[{"href":"https:\/\/magnetarmagnets.com\/fi\/wp-json\/wp\/v2\/product\/97368","targetHints":{"allow":["GET"]}}],"collection":[{"href":"https:\/\/magnetarmagnets.com\/fi\/wp-json\/wp\/v2\/product"}],"about":[{"href":"https:\/\/magnetarmagnets.com\/fi\/wp-json\/wp\/v2\/types\/product"}],"replies":[{"embeddable":true,"href":"https:\/\/magnetarmagnets.com\/fi\/wp-json\/wp\/v2\/comments?post=97368"}],"version-history":[{"count":1,"href":"https:\/\/magnetarmagnets.com\/fi\/wp-json\/wp\/v2\/product\/97368\/revisions"}],"predecessor-version":[{"id":97369,"href":"https:\/\/magnetarmagnets.com\/fi\/wp-json\/wp\/v2\/product\/97368\/revisions\/97369"}],"wp:featuredmedia":[{"embeddable":true,"href":"https:\/\/magnetarmagnets.com\/fi\/wp-json\/wp\/v2\/media\/97009"}],"wp:attachment":[{"href":"https:\/\/magnetarmagnets.com\/fi\/wp-json\/wp\/v2\/media?parent=97368"}],"wp:term":[{"taxonomy":"product_brand","embeddable":true,"href":"https:\/\/magnetarmagnets.com\/fi\/wp-json\/wp\/v2\/product_brand?post=97368"},{"taxonomy":"product_cat","embeddable":true,"href":"https:\/\/magnetarmagnets.com\/fi\/wp-json\/wp\/v2\/product_cat?post=97368"},{"taxonomy":"product_tag","embeddable":true,"href":"https:\/\/magnetarmagnets.com\/fi\/wp-json\/wp\/v2\/product_tag?post=97368"}],"curies":[{"name":"wp","href":"https:\/\/api.w.org\/{rel}","templated":true}]}}