{"id":85532,"date":"2025-06-05T09:53:04","date_gmt":"2025-06-05T07:53:04","guid":{"rendered":"https:\/\/magnetarmagnets.com\/shop\/lammitettava-bodywarmer\/"},"modified":"2026-04-07T20:16:14","modified_gmt":"2026-04-07T18:16:14","slug":"lammitettava-bodywarmer","status":"publish","type":"product","link":"https:\/\/magnetarmagnets.com\/fi\/shop\/lammitettava-bodywarmer\/","title":{"rendered":"L\u00e4mmitett\u00e4v\u00e4 bodywarmer"},"content":{"rendered":"Syksyll\u00e4 ja talvella kohtaat monia kylmi\u00e4 ja ankaraita p\u00e4ivi\u00e4. Haluatko kest\u00e4\u00e4 kylmyytt\u00e4 t\u00e4n\u00e4 aikana? Se onnistuu Magnetar Heatin Lava-l\u00e4mmitett\u00e4v\u00e4ll\u00e4 bodywarmerilla. Magnetar Heat -vaatteet pit\u00e4v\u00e4t kehosi mukavan l\u00e4mpim\u00e4n\u00e4. Ihastu kolmeen l\u00e4mmitett\u00e4v\u00e4\u00e4n vy\u00f6hykkeeseen, vahvaan akkuun ja erinomaiseen laatuun.\r\n<h2>Kolme l\u00e4mmitett\u00e4v\u00e4\u00e4 vy\u00f6hykett\u00e4 ja l\u00e4mmitysvaihtoehtoa<\/h2>\r\nLava-l\u00e4mmitett\u00e4v\u00e4 bodywarmer on varustettu kolmella l\u00e4mmitett\u00e4v\u00e4ll\u00e4 vy\u00f6hykkeell\u00e4. Kaksi niist\u00e4 on edess\u00e4 ja yksi takana, varmistaen, ett\u00e4 koko vartalosi pysyy mukavan l\u00e4mpim\u00e4n\u00e4. Vy\u00f6hykkeet voidaan s\u00e4\u00e4t\u00e4\u00e4 kolmelle eri l\u00e4mp\u00f6tilalle: 45 \u00b0C, 55 \u00b0C ja 65 \u00b0C.\r\n\r\nL\u00e4mmitysvaihtoehtojen s\u00e4\u00e4t\u00e4minen on yll\u00e4tt\u00e4v\u00e4n helppoa. Teet sen k\u00e4ytt\u00e4m\u00e4ll\u00e4 bodywarmerin etuosassa olevaa painiketta. Yksi painallus k\u00e4ynnist\u00e4\u00e4 l\u00e4mmityksen, ja jokainen seuraava painallus nostaa l\u00e4mp\u00f6tilaa yhdell\u00e4 tasolla. Jos l\u00e4mp\u00f6tila nousee liikaa, voit helposti sammuttaa bodywarmerin.\r\n<h2>Kest\u00e4v\u00e4 l\u00e4mp\u00f6 vahvan akun ansiosta<\/h2>\r\nNauti kest\u00e4vist\u00e4 l\u00e4mm\u00f6ist\u00e4 koko p\u00e4iv\u00e4n Magnetar Heatin avulla. Vahva akku tarjoaa l\u00e4mp\u00f6\u00e4 jopa vaikuttavan 10 tunnin ajan. Tarkka kesto riippuu l\u00e4mmitysvaihtoehdosta. T\u00e4ss\u00e4 on yhteenveto akun kestosta eri l\u00e4mmitystasojen mukaan:\r\n<ul>\r\n \t<li>45 \u00b0C: 10 tuntia<\/li>\r\n \t<li>55 \u00b0C: 8 tuntia<\/li>\r\n \t<li>65 \u00b0C: 6 tuntia<\/li>\r\n<\/ul>\r\nAkku\/powerbank (13000 mAh) toimitetaan laturin kanssa ja se on helposti vaihdettavissa. T\u00e4m\u00e4 tarkoittaa, ett\u00e4 teoreettisesti voit k\u00e4ytt\u00e4\u00e4 useamman akun avulla Lava-l\u00e4mmitett\u00e4v\u00e4\u00e4 bodywarmeria pidemp\u00e4\u00e4n. Lis\u00e4ksi akussa on USB- ja 4.0 DC -l\u00e4ht\u00f6 sek\u00e4 USB-C-tulo.\r\n<h2>Tuulta ja vett\u00e4 hylkiv\u00e4<\/h2>\r\nTuuli ja vesi eiv\u00e4t ole vastus Lava-l\u00e4mmitett\u00e4v\u00e4lle bodywarmerille. Suojavaatteeseen on k\u00e4ytetty korkealaatuista nylonia sek\u00e4 sis\u00e4ll\u00e4 ett\u00e4 ulkona. Nyloni varmistaa my\u00f6s, ett\u00e4 vaate pysyy kevyen\u00e4 ja tuntuu tavalliselta, laadukkaalta bodywarmerilta.\r\n<h2>Sopii pesukoneeseen<\/h2>\r\nP\u00e4iv\u00e4n ulkoilun j\u00e4lkeen, jos sinun t\u00e4ytyy puhdistaa bodywarmer, voit tehd\u00e4 sen! Voit huoletta laittaa sen pesukoneeseen. Muistathan kuitenkin poistaa akun ennen pesua!","protected":false},"excerpt":{"rendered":"<p>T\u00e4m\u00e4 <strong>l\u00e4mmitett\u00e4v\u00e4<\/strong> <strong>bodywarmer<\/strong> pit\u00e4\u00e4 kehosi oikeassa l\u00e4mp\u00f6tilassa <strong>kolmen l\u00e4mmitysvy\u00f6hykkeen<\/strong>, <strong>vahvan akun<\/strong> ja <strong>kolmen l\u00e4mmitysvaihtoehdon<\/strong> avulla.<\/p>\n","protected":false},"featured_media":88115,"comment_status":"open","ping_status":"closed","template":"","meta":{"_acf_changed":false,"inline_featured_image":false},"product_brand":[],"product_cat":[591,588],"product_tag":[],"class_list":{"0":"post-85532","1":"product","2":"type-product","3":"status-publish","4":"has-post-thumbnail","6":"product_cat-odziez-podgrzewana","7":"product_cat-sprzet","9":"first","10":"instock","11":"taxable","12":"shipping-taxable","13":"purchasable","14":"product-type-variable"},"acf":[],"yoast_head":"<!-- This site is optimized with the Yoast SEO plugin v27.3 - https:\/\/yoast.com\/product\/yoast-seo-wordpress\/ -->\n<title>L\u00e4mmitett\u00e4v\u00e4 bodywarmer - Magnet fishing with a Magnetar fishing magnet<\/title>\n<meta name=\"description\" content=\"L\u00e4mmitett\u00e4v\u00e4 bodywarmer - Pysy l\u00e4mpim\u00e4n\u00e4 magneettikalastuksen aikana\" \/>\n<meta name=\"robots\" content=\"index, follow, max-snippet:-1, max-image-preview:large, max-video-preview:-1\" \/>\n<link rel=\"canonical\" href=\"https:\/\/magnetarmagnets.com\/fi\/shop\/lammitettava-bodywarmer\/\" \/>\n<meta property=\"og:locale\" content=\"fi_FI\" \/>\n<meta property=\"og:type\" content=\"article\" \/>\n<meta property=\"og:title\" content=\"L\u00e4mmitett\u00e4v\u00e4 bodywarmer - Magnet fishing with a Magnetar fishing magnet\" \/>\n<meta property=\"og:description\" content=\"L\u00e4mmitett\u00e4v\u00e4 bodywarmer - Pysy l\u00e4mpim\u00e4n\u00e4 magneettikalastuksen aikana\" \/>\n<meta property=\"og:url\" content=\"https:\/\/magnetarmagnets.com\/fi\/shop\/lammitettava-bodywarmer\/\" \/>\n<meta property=\"og:site_name\" content=\"Magnet fishing with a Magnetar fishing magnet\" \/>\n<meta property=\"article:publisher\" content=\"https:\/\/www.facebook.com\/fishingmagnets\/\" \/>\n<meta property=\"article:modified_time\" content=\"2026-04-07T18:16:14+00:00\" \/>\n<meta property=\"og:image\" content=\"https:\/\/magnetarmagnets.com\/wp-content\/uploads\/2025\/06\/LAVA-BLACK-HEATED-VOOR-ACHTER.jpg\" \/>\n\t<meta property=\"og:image:width\" content=\"1000\" \/>\n\t<meta property=\"og:image:height\" content=\"1000\" \/>\n\t<meta property=\"og:image:type\" content=\"image\/jpeg\" \/>\n<meta name=\"twitter:card\" content=\"summary_large_image\" \/>\n<meta name=\"twitter:label1\" content=\"Arvioitu lukuaika\" \/>\n\t<meta name=\"twitter:data1\" content=\"2 minuuttia\" \/>\n<script type=\"application\/ld+json\" class=\"yoast-schema-graph\">{\"@context\":\"https:\\\/\\\/schema.org\",\"@graph\":[{\"@type\":[\"WebPage\",\"ItemPage\"],\"@id\":\"https:\\\/\\\/magnetarmagnets.com\\\/fi\\\/shop\\\/lammitettava-bodywarmer\\\/\",\"url\":\"https:\\\/\\\/magnetarmagnets.com\\\/fi\\\/shop\\\/lammitettava-bodywarmer\\\/\",\"name\":\"L\u00e4mmitett\u00e4v\u00e4 bodywarmer - Magnet fishing with a Magnetar fishing magnet\",\"isPartOf\":{\"@id\":\"https:\\\/\\\/magnetarmagnets.com\\\/fi\\\/#website\"},\"primaryImageOfPage\":{\"@id\":\"https:\\\/\\\/magnetarmagnets.com\\\/fi\\\/shop\\\/lammitettava-bodywarmer\\\/#primaryimage\"},\"image\":{\"@id\":\"https:\\\/\\\/magnetarmagnets.com\\\/fi\\\/shop\\\/lammitettava-bodywarmer\\\/#primaryimage\"},\"thumbnailUrl\":\"https:\\\/\\\/magnetarmagnets.com\\\/wp-content\\\/uploads\\\/2025\\\/06\\\/LAVA-BLACK-HEATED-VOOR-ACHTER.jpg\",\"datePublished\":\"2025-06-05T07:53:04+00:00\",\"dateModified\":\"2026-04-07T18:16:14+00:00\",\"description\":\"L\u00e4mmitett\u00e4v\u00e4 bodywarmer - Pysy l\u00e4mpim\u00e4n\u00e4 magneettikalastuksen aikana\",\"breadcrumb\":{\"@id\":\"https:\\\/\\\/magnetarmagnets.com\\\/fi\\\/shop\\\/lammitettava-bodywarmer\\\/#breadcrumb\"},\"inLanguage\":\"fi\",\"potentialAction\":[{\"@type\":\"ReadAction\",\"target\":[\"https:\\\/\\\/magnetarmagnets.com\\\/fi\\\/shop\\\/lammitettava-bodywarmer\\\/\"]}]},{\"@type\":\"ImageObject\",\"inLanguage\":\"fi\",\"@id\":\"https:\\\/\\\/magnetarmagnets.com\\\/fi\\\/shop\\\/lammitettava-bodywarmer\\\/#primaryimage\",\"url\":\"https:\\\/\\\/magnetarmagnets.com\\\/wp-content\\\/uploads\\\/2025\\\/06\\\/LAVA-BLACK-HEATED-VOOR-ACHTER.jpg\",\"contentUrl\":\"https:\\\/\\\/magnetarmagnets.com\\\/wp-content\\\/uploads\\\/2025\\\/06\\\/LAVA-BLACK-HEATED-VOOR-ACHTER.jpg\",\"width\":1000,\"height\":1000},{\"@type\":\"BreadcrumbList\",\"@id\":\"https:\\\/\\\/magnetarmagnets.com\\\/fi\\\/shop\\\/lammitettava-bodywarmer\\\/#breadcrumb\",\"itemListElement\":[{\"@type\":\"ListItem\",\"position\":1,\"name\":\"Home\",\"item\":\"https:\\\/\\\/magnetarmagnets.com\\\/fi\\\/\"},{\"@type\":\"ListItem\",\"position\":2,\"name\":\"Verkkokauppa\",\"item\":\"https:\\\/\\\/magnetarmagnets.com\\\/verkkokauppa\\\/\"},{\"@type\":\"ListItem\",\"position\":3,\"name\":\"Varusteet\",\"item\":\"https:\\\/\\\/magnetarmagnets.com\\\/fi\\\/collections\\\/varusteet\\\/\"},{\"@type\":\"ListItem\",\"position\":4,\"name\":\"L\u00e4mmitett\u00e4v\u00e4t vaatteet\",\"item\":\"https:\\\/\\\/magnetarmagnets.com\\\/fi\\\/collections\\\/varusteet\\\/lammitettavat-vaatteet\\\/\"},{\"@type\":\"ListItem\",\"position\":5,\"name\":\"L\u00e4mmitett\u00e4v\u00e4 bodywarmer\"}]},{\"@type\":\"WebSite\",\"@id\":\"https:\\\/\\\/magnetarmagnets.com\\\/fi\\\/#website\",\"url\":\"https:\\\/\\\/magnetarmagnets.com\\\/fi\\\/\",\"name\":\"Magnet fishing with a Magnetar fishing magnet\",\"description\":\"Vahvat magneetit magneettikalastukseen\\n\\n\",\"publisher\":{\"@id\":\"https:\\\/\\\/magnetarmagnets.com\\\/fi\\\/#organization\"},\"potentialAction\":[{\"@type\":\"SearchAction\",\"target\":{\"@type\":\"EntryPoint\",\"urlTemplate\":\"https:\\\/\\\/magnetarmagnets.com\\\/fi\\\/?s={search_term_string}\"},\"query-input\":{\"@type\":\"PropertyValueSpecification\",\"valueRequired\":true,\"valueName\":\"search_term_string\"}}],\"inLanguage\":\"fi\"},{\"@type\":\"Organization\",\"@id\":\"https:\\\/\\\/magnetarmagnets.com\\\/fi\\\/#organization\",\"name\":\"Magnetar\",\"url\":\"https:\\\/\\\/magnetarmagnets.com\\\/fi\\\/\",\"logo\":{\"@type\":\"ImageObject\",\"inLanguage\":\"fi\",\"@id\":\"https:\\\/\\\/magnetarmagnets.com\\\/fi\\\/#\\\/schema\\\/logo\\\/image\\\/\",\"url\":\"https:\\\/\\\/magnetarmagnets.com\\\/wp-content\\\/uploads\\\/2025\\\/05\\\/Logo-03_PNG-Black-scaled.png\",\"contentUrl\":\"https:\\\/\\\/magnetarmagnets.com\\\/wp-content\\\/uploads\\\/2025\\\/05\\\/Logo-03_PNG-Black-scaled.png\",\"width\":2560,\"height\":1658,\"caption\":\"Magnetar\"},\"image\":{\"@id\":\"https:\\\/\\\/magnetarmagnets.com\\\/fi\\\/#\\\/schema\\\/logo\\\/image\\\/\"},\"sameAs\":[\"https:\\\/\\\/www.facebook.com\\\/fishingmagnets\\\/\",\"https:\\\/\\\/www.instagram.com\\\/magnetar_magnets\\\/\",\"https:\\\/\\\/www.linkedin.com\\\/company\\\/magnetarbv\\\/?originalSubdomain=nl\",\"https:\\\/\\\/www.youtube.com\\\/c\\\/MagnetarVismagneet\"]}]}<\/script>\n<!-- \/ Yoast SEO plugin. -->","yoast_head_json":{"title":"L\u00e4mmitett\u00e4v\u00e4 bodywarmer - Magnet fishing with a Magnetar fishing magnet","description":"L\u00e4mmitett\u00e4v\u00e4 bodywarmer - Pysy l\u00e4mpim\u00e4n\u00e4 magneettikalastuksen aikana","robots":{"index":"index","follow":"follow","max-snippet":"max-snippet:-1","max-image-preview":"max-image-preview:large","max-video-preview":"max-video-preview:-1"},"canonical":"https:\/\/magnetarmagnets.com\/fi\/shop\/lammitettava-bodywarmer\/","og_locale":"fi_FI","og_type":"article","og_title":"L\u00e4mmitett\u00e4v\u00e4 bodywarmer - Magnet fishing with a Magnetar fishing magnet","og_description":"L\u00e4mmitett\u00e4v\u00e4 bodywarmer - Pysy l\u00e4mpim\u00e4n\u00e4 magneettikalastuksen aikana","og_url":"https:\/\/magnetarmagnets.com\/fi\/shop\/lammitettava-bodywarmer\/","og_site_name":"Magnet fishing with a Magnetar fishing magnet","article_publisher":"https:\/\/www.facebook.com\/fishingmagnets\/","article_modified_time":"2026-04-07T18:16:14+00:00","og_image":[{"width":1000,"height":1000,"url":"https:\/\/magnetarmagnets.com\/wp-content\/uploads\/2025\/06\/LAVA-BLACK-HEATED-VOOR-ACHTER.jpg","type":"image\/jpeg"}],"twitter_card":"summary_large_image","twitter_misc":{"Arvioitu lukuaika":"2 minuuttia"},"schema":{"@context":"https:\/\/schema.org","@graph":[{"@type":["WebPage","ItemPage"],"@id":"https:\/\/magnetarmagnets.com\/fi\/shop\/lammitettava-bodywarmer\/","url":"https:\/\/magnetarmagnets.com\/fi\/shop\/lammitettava-bodywarmer\/","name":"L\u00e4mmitett\u00e4v\u00e4 bodywarmer - Magnet fishing with a Magnetar fishing magnet","isPartOf":{"@id":"https:\/\/magnetarmagnets.com\/fi\/#website"},"primaryImageOfPage":{"@id":"https:\/\/magnetarmagnets.com\/fi\/shop\/lammitettava-bodywarmer\/#primaryimage"},"image":{"@id":"https:\/\/magnetarmagnets.com\/fi\/shop\/lammitettava-bodywarmer\/#primaryimage"},"thumbnailUrl":"https:\/\/magnetarmagnets.com\/wp-content\/uploads\/2025\/06\/LAVA-BLACK-HEATED-VOOR-ACHTER.jpg","datePublished":"2025-06-05T07:53:04+00:00","dateModified":"2026-04-07T18:16:14+00:00","description":"L\u00e4mmitett\u00e4v\u00e4 bodywarmer - Pysy l\u00e4mpim\u00e4n\u00e4 magneettikalastuksen aikana","breadcrumb":{"@id":"https:\/\/magnetarmagnets.com\/fi\/shop\/lammitettava-bodywarmer\/#breadcrumb"},"inLanguage":"fi","potentialAction":[{"@type":"ReadAction","target":["https:\/\/magnetarmagnets.com\/fi\/shop\/lammitettava-bodywarmer\/"]}]},{"@type":"ImageObject","inLanguage":"fi","@id":"https:\/\/magnetarmagnets.com\/fi\/shop\/lammitettava-bodywarmer\/#primaryimage","url":"https:\/\/magnetarmagnets.com\/wp-content\/uploads\/2025\/06\/LAVA-BLACK-HEATED-VOOR-ACHTER.jpg","contentUrl":"https:\/\/magnetarmagnets.com\/wp-content\/uploads\/2025\/06\/LAVA-BLACK-HEATED-VOOR-ACHTER.jpg","width":1000,"height":1000},{"@type":"BreadcrumbList","@id":"https:\/\/magnetarmagnets.com\/fi\/shop\/lammitettava-bodywarmer\/#breadcrumb","itemListElement":[{"@type":"ListItem","position":1,"name":"Home","item":"https:\/\/magnetarmagnets.com\/fi\/"},{"@type":"ListItem","position":2,"name":"Verkkokauppa","item":"https:\/\/magnetarmagnets.com\/verkkokauppa\/"},{"@type":"ListItem","position":3,"name":"Varusteet","item":"https:\/\/magnetarmagnets.com\/fi\/collections\/varusteet\/"},{"@type":"ListItem","position":4,"name":"L\u00e4mmitett\u00e4v\u00e4t vaatteet","item":"https:\/\/magnetarmagnets.com\/fi\/collections\/varusteet\/lammitettavat-vaatteet\/"},{"@type":"ListItem","position":5,"name":"L\u00e4mmitett\u00e4v\u00e4 bodywarmer"}]},{"@type":"WebSite","@id":"https:\/\/magnetarmagnets.com\/fi\/#website","url":"https:\/\/magnetarmagnets.com\/fi\/","name":"Magnet fishing with a Magnetar fishing magnet","description":"Vahvat magneetit magneettikalastukseen\n\n","publisher":{"@id":"https:\/\/magnetarmagnets.com\/fi\/#organization"},"potentialAction":[{"@type":"SearchAction","target":{"@type":"EntryPoint","urlTemplate":"https:\/\/magnetarmagnets.com\/fi\/?s={search_term_string}"},"query-input":{"@type":"PropertyValueSpecification","valueRequired":true,"valueName":"search_term_string"}}],"inLanguage":"fi"},{"@type":"Organization","@id":"https:\/\/magnetarmagnets.com\/fi\/#organization","name":"Magnetar","url":"https:\/\/magnetarmagnets.com\/fi\/","logo":{"@type":"ImageObject","inLanguage":"fi","@id":"https:\/\/magnetarmagnets.com\/fi\/#\/schema\/logo\/image\/","url":"https:\/\/magnetarmagnets.com\/wp-content\/uploads\/2025\/05\/Logo-03_PNG-Black-scaled.png","contentUrl":"https:\/\/magnetarmagnets.com\/wp-content\/uploads\/2025\/05\/Logo-03_PNG-Black-scaled.png","width":2560,"height":1658,"caption":"Magnetar"},"image":{"@id":"https:\/\/magnetarmagnets.com\/fi\/#\/schema\/logo\/image\/"},"sameAs":["https:\/\/www.facebook.com\/fishingmagnets\/","https:\/\/www.instagram.com\/magnetar_magnets\/","https:\/\/www.linkedin.com\/company\/magnetarbv\/?originalSubdomain=nl","https:\/\/www.youtube.com\/c\/MagnetarVismagneet"]}]}},"_links":{"self":[{"href":"https:\/\/magnetarmagnets.com\/fi\/wp-json\/wp\/v2\/product\/85532","targetHints":{"allow":["GET"]}}],"collection":[{"href":"https:\/\/magnetarmagnets.com\/fi\/wp-json\/wp\/v2\/product"}],"about":[{"href":"https:\/\/magnetarmagnets.com\/fi\/wp-json\/wp\/v2\/types\/product"}],"replies":[{"embeddable":true,"href":"https:\/\/magnetarmagnets.com\/fi\/wp-json\/wp\/v2\/comments?post=85532"}],"version-history":[{"count":0,"href":"https:\/\/magnetarmagnets.com\/fi\/wp-json\/wp\/v2\/product\/85532\/revisions"}],"wp:featuredmedia":[{"embeddable":true,"href":"https:\/\/magnetarmagnets.com\/fi\/wp-json\/wp\/v2\/media\/88115"}],"wp:attachment":[{"href":"https:\/\/magnetarmagnets.com\/fi\/wp-json\/wp\/v2\/media?parent=85532"}],"wp:term":[{"taxonomy":"product_brand","embeddable":true,"href":"https:\/\/magnetarmagnets.com\/fi\/wp-json\/wp\/v2\/product_brand?post=85532"},{"taxonomy":"product_cat","embeddable":true,"href":"https:\/\/magnetarmagnets.com\/fi\/wp-json\/wp\/v2\/product_cat?post=85532"},{"taxonomy":"product_tag","embeddable":true,"href":"https:\/\/magnetarmagnets.com\/fi\/wp-json\/wp\/v2\/product_tag?post=85532"}],"curies":[{"name":"wp","href":"https:\/\/api.w.org\/{rel}","templated":true}]}}