{"id":85528,"date":"2025-06-05T09:53:06","date_gmt":"2025-06-05T07:53:06","guid":{"rendered":"https:\/\/magnetarmagnets.com\/shop\/magneettikalastus-kasineet\/"},"modified":"2026-04-07T20:53:49","modified_gmt":"2026-04-07T18:53:49","slug":"magneettikalastus-kasineet","status":"publish","type":"product","link":"https:\/\/magnetarmagnets.com\/fi\/shop\/magneettikalastus-kasineet\/","title":{"rendered":"Magneettikalastus-k\u00e4sineet"},"content":{"rendered":"<h2><b>Triton Magnetar -k\u00e4sineet<\/b><\/h2>\r\n<span style=\"font-weight: 400;\">Magnetar on kehitt\u00e4nyt omat k\u00e4sineens\u00e4 erityisesti <a href=\"https:\/\/magnetarmagnets.com\/\" target=\"_blank\" rel=\"noopener\">magneettikalastukseen<\/a>! K\u00e4sineet tarjoavat erinomaisen pidon, ovat vedenkest\u00e4v\u00e4t, tiukasti istuvat ja korkealaatuiset. Ja kaikki t\u00e4m\u00e4 edulliseen hintaan!<\/span>\r\n<h2><b>Magneettikalastus-k\u00e4sineet<\/b><\/h2>\r\n<span style=\"font-weight: 400;\">Etsitk\u00f6 laadukkaita k\u00e4sineit\u00e4 magneettikalastukseen? N\u00e4m\u00e4 Triton-k\u00e4sineet on kehitetty erityisesti magneettikalastukseen, ja ne ovat juuri sit\u00e4, mit\u00e4 tarvitset! N\u00e4m\u00e4 k\u00e4sineet ovat korvaamattomat p\u00e4iv\u00e4n magneettikalastuksen aikana. Tarvitset ne jokaisen saaliin nostamiseen vedest\u00e4, kun poistat esineit\u00e4 kalastusmagneetistasi turvallisesti. T\u00e4m\u00e4 sis\u00e4lt\u00e4\u00e4 my\u00f6s ter\u00e4v\u00e4t ja ruostuneet esineet, joita on mukavampi k\u00e4sitell\u00e4 Triton-k\u00e4sineiden kanssa Magnetarilta! Lis\u00e4ksi olet tyytyv\u00e4inen k\u00e4sineisiin, jos k\u00e4tesi joutuu voimakkaan magneetin ja metalliesineen v\u00e4liin. Magneettikalastuksen aikana ja sen j\u00e4lkeen olet tyytyv\u00e4inen n\u00e4ihin kalastusmagneetin k\u00e4sineisiin!<\/span>\r\n\r\n<span style=\"font-weight: 400;\">Triton-k\u00e4sineit\u00e4 on saatavana kooissa L, XL ja XXL. Huomioi: \u00e4l\u00e4 osta k\u00e4sineit\u00e4 liian pieni\u00e4, sill\u00e4 malli istuu tiukasti. K\u00e4sineet myyd\u00e4\u00e4n pareittain.<\/span>\r\n<h2><b>Triton magneettikalastusk\u00e4sineiden edut<\/b><\/h2>\r\n<ul>\r\n \t<li style=\"font-weight: 400;\" aria-level=\"1\"><span style=\"font-weight: 400;\">Erinomainen pito liukastumisenesto-pinnoitteen ansiosta;<\/span><\/li>\r\n \t<li style=\"font-weight: 400;\" aria-level=\"1\"><span style=\"font-weight: 400;\">Extra paksu pinnoite: tarjoaa hyv\u00e4n suojan k\u00e4sillesi;<\/span><\/li>\r\n \t<li style=\"font-weight: 400;\" aria-level=\"1\"><span style=\"font-weight: 400;\">Tiukasti istuvat, jotta roskat eiv\u00e4t p\u00e4\u00e4se k\u00e4sineisiin;<\/span><\/li>\r\n \t<li style=\"font-weight: 400;\" aria-level=\"1\"><span style=\"font-weight: 400;\">K\u00e4sineet eiv\u00e4t \u00e4rsyt\u00e4 saumattoman muotoilun ansiosta;<\/span><\/li>\r\n \t<li style=\"font-weight: 400;\" aria-level=\"1\"><span style=\"font-weight: 400;\">Vedenkest\u00e4v\u00e4t: t\u00e4ydelliset k\u00e4sineet magneettikalastukseen!<\/span><\/li>\r\n<\/ul>\r\n<h2><b>K\u00e4sinemateriaali<\/b><\/h2>\r\n<span style=\"font-weight: 400;\">K\u00e4sineet on valmistettu lateksista ja nylonista. T\u00e4m\u00e4 tekee Triton magneettikalastusk\u00e4sineist\u00e4 kest\u00e4v\u00e4t, vedenkest\u00e4v\u00e4t ja laadukkaat.<\/span>\r\n\r\nOsta magneettikalastusk\u00e4sineesi yhdess\u00e4 <a href=\"https:\/\/magnetarmagnets.com\/collections\/fishing-magnets\/magnet-fishing-kit\/\" target=\"_blank\" rel=\"noopener\">Magnet Fishing -paketin<\/a> kanssa ja olet valmis aloittamaan!","protected":false},"excerpt":{"rendered":"<p><span style=\"font-weight: 400;\"><strong>Erinomainen pito, vedenkest\u00e4v\u00e4t, tiukasti istuvat ja erinomaista laatua<\/strong>. Ja kaikki t\u00e4m\u00e4 my\u00f6s <strong>edulliseen<\/strong> hintaan!<\/span><\/p>\n","protected":false},"featured_media":71665,"comment_status":"open","ping_status":"closed","template":"","meta":{"_acf_changed":false,"inline_featured_image":false},"product_brand":[],"product_cat":[720,720,718,718],"product_tag":[],"class_list":{"0":"post-85528","1":"product","2":"type-product","3":"status-publish","4":"has-post-thumbnail","6":"product_cat-kalastusmagneettivarusteet","8":"product_cat-varusteet","11":"first","12":"outofstock","13":"taxable","14":"shipping-taxable","15":"product-type-variable"},"acf":[],"yoast_head":"<!-- This site is optimized with the Yoast SEO plugin v27.3 - https:\/\/yoast.com\/product\/yoast-seo-wordpress\/ -->\n<title>Magneettikalastus-k\u00e4sineet - Magnet fishing with a Magnetar fishing magnet<\/title>\n<meta name=\"description\" content=\"Magneettikalastus-k\u00e4sineet - Magnetarin v\u00e4ltt\u00e4m\u00e4t\u00f6n varuste\" \/>\n<meta name=\"robots\" content=\"index, follow, max-snippet:-1, max-image-preview:large, max-video-preview:-1\" \/>\n<link rel=\"canonical\" href=\"https:\/\/magnetarmagnets.com\/fi\/shop\/magneettikalastus-kasineet\/\" \/>\n<meta property=\"og:locale\" content=\"fi_FI\" \/>\n<meta property=\"og:type\" content=\"article\" \/>\n<meta property=\"og:title\" content=\"Magneettikalastus-k\u00e4sineet - Magnet fishing with a Magnetar fishing magnet\" \/>\n<meta property=\"og:description\" content=\"Magneettikalastus-k\u00e4sineet - Magnetarin v\u00e4ltt\u00e4m\u00e4t\u00f6n varuste\" \/>\n<meta property=\"og:url\" content=\"https:\/\/magnetarmagnets.com\/fi\/shop\/magneettikalastus-kasineet\/\" \/>\n<meta property=\"og:site_name\" content=\"Magnet fishing with a Magnetar fishing magnet\" \/>\n<meta property=\"article:publisher\" content=\"https:\/\/www.facebook.com\/fishingmagnets\/\" \/>\n<meta property=\"article:modified_time\" content=\"2026-04-07T18:53:49+00:00\" \/>\n<meta property=\"og:image\" content=\"https:\/\/magnetarmagnets.com\/wp-content\/uploads\/2021\/06\/Vismagneet-handschoen-scaled.jpg\" \/>\n\t<meta property=\"og:image:width\" content=\"2560\" \/>\n\t<meta property=\"og:image:height\" content=\"2560\" \/>\n\t<meta property=\"og:image:type\" content=\"image\/jpeg\" \/>\n<meta name=\"twitter:card\" content=\"summary_large_image\" \/>\n<meta name=\"twitter:label1\" content=\"Arvioitu lukuaika\" \/>\n\t<meta name=\"twitter:data1\" content=\"1 minuutti\" \/>\n<script type=\"application\/ld+json\" class=\"yoast-schema-graph\">{\"@context\":\"https:\\\/\\\/schema.org\",\"@graph\":[{\"@type\":[\"WebPage\",\"ItemPage\"],\"@id\":\"https:\\\/\\\/magnetarmagnets.com\\\/fi\\\/shop\\\/magneettikalastus-kasineet\\\/\",\"url\":\"https:\\\/\\\/magnetarmagnets.com\\\/fi\\\/shop\\\/magneettikalastus-kasineet\\\/\",\"name\":\"Magneettikalastus-k\u00e4sineet - Magnet fishing with a Magnetar fishing magnet\",\"isPartOf\":{\"@id\":\"https:\\\/\\\/magnetarmagnets.com\\\/fi\\\/#website\"},\"primaryImageOfPage\":{\"@id\":\"https:\\\/\\\/magnetarmagnets.com\\\/fi\\\/shop\\\/magneettikalastus-kasineet\\\/#primaryimage\"},\"image\":{\"@id\":\"https:\\\/\\\/magnetarmagnets.com\\\/fi\\\/shop\\\/magneettikalastus-kasineet\\\/#primaryimage\"},\"thumbnailUrl\":\"https:\\\/\\\/magnetarmagnets.com\\\/wp-content\\\/uploads\\\/2021\\\/06\\\/Vismagneet-handschoen-scaled.jpg\",\"datePublished\":\"2025-06-05T07:53:06+00:00\",\"dateModified\":\"2026-04-07T18:53:49+00:00\",\"description\":\"Magneettikalastus-k\u00e4sineet - Magnetarin v\u00e4ltt\u00e4m\u00e4t\u00f6n varuste\",\"breadcrumb\":{\"@id\":\"https:\\\/\\\/magnetarmagnets.com\\\/fi\\\/shop\\\/magneettikalastus-kasineet\\\/#breadcrumb\"},\"inLanguage\":\"fi\",\"potentialAction\":[{\"@type\":\"ReadAction\",\"target\":[\"https:\\\/\\\/magnetarmagnets.com\\\/fi\\\/shop\\\/magneettikalastus-kasineet\\\/\"]}]},{\"@type\":\"ImageObject\",\"inLanguage\":\"fi\",\"@id\":\"https:\\\/\\\/magnetarmagnets.com\\\/fi\\\/shop\\\/magneettikalastus-kasineet\\\/#primaryimage\",\"url\":\"https:\\\/\\\/magnetarmagnets.com\\\/wp-content\\\/uploads\\\/2021\\\/06\\\/Vismagneet-handschoen-scaled.jpg\",\"contentUrl\":\"https:\\\/\\\/magnetarmagnets.com\\\/wp-content\\\/uploads\\\/2021\\\/06\\\/Vismagneet-handschoen-scaled.jpg\",\"width\":2560,\"height\":2560,\"caption\":\"magnet-fishing-gloves\"},{\"@type\":\"BreadcrumbList\",\"@id\":\"https:\\\/\\\/magnetarmagnets.com\\\/fi\\\/shop\\\/magneettikalastus-kasineet\\\/#breadcrumb\",\"itemListElement\":[{\"@type\":\"ListItem\",\"position\":1,\"name\":\"Home\",\"item\":\"https:\\\/\\\/magnetarmagnets.com\\\/fi\\\/\"},{\"@type\":\"ListItem\",\"position\":2,\"name\":\"Verkkokauppa\",\"item\":\"https:\\\/\\\/magnetarmagnets.com\\\/verkkokauppa\\\/\"},{\"@type\":\"ListItem\",\"position\":3,\"name\":\"Varusteet\",\"item\":\"https:\\\/\\\/magnetarmagnets.com\\\/fi\\\/collections\\\/varusteet\\\/\"},{\"@type\":\"ListItem\",\"position\":4,\"name\":\"Kalastusmagneettivarusteet\",\"item\":\"https:\\\/\\\/magnetarmagnets.com\\\/fi\\\/collections\\\/varusteet\\\/kalastusmagneettivarusteet\\\/\"},{\"@type\":\"ListItem\",\"position\":5,\"name\":\"Magneettikalastus-k\u00e4sineet\"}]},{\"@type\":\"WebSite\",\"@id\":\"https:\\\/\\\/magnetarmagnets.com\\\/fi\\\/#website\",\"url\":\"https:\\\/\\\/magnetarmagnets.com\\\/fi\\\/\",\"name\":\"Magnet fishing with a Magnetar fishing magnet\",\"description\":\"Vahvat magneetit magneettikalastukseen\\n\\n\",\"publisher\":{\"@id\":\"https:\\\/\\\/magnetarmagnets.com\\\/fi\\\/#organization\"},\"potentialAction\":[{\"@type\":\"SearchAction\",\"target\":{\"@type\":\"EntryPoint\",\"urlTemplate\":\"https:\\\/\\\/magnetarmagnets.com\\\/fi\\\/?s={search_term_string}\"},\"query-input\":{\"@type\":\"PropertyValueSpecification\",\"valueRequired\":true,\"valueName\":\"search_term_string\"}}],\"inLanguage\":\"fi\"},{\"@type\":\"Organization\",\"@id\":\"https:\\\/\\\/magnetarmagnets.com\\\/fi\\\/#organization\",\"name\":\"Magnetar\",\"url\":\"https:\\\/\\\/magnetarmagnets.com\\\/fi\\\/\",\"logo\":{\"@type\":\"ImageObject\",\"inLanguage\":\"fi\",\"@id\":\"https:\\\/\\\/magnetarmagnets.com\\\/fi\\\/#\\\/schema\\\/logo\\\/image\\\/\",\"url\":\"https:\\\/\\\/magnetarmagnets.com\\\/wp-content\\\/uploads\\\/2025\\\/05\\\/Logo-03_PNG-Black-scaled.png\",\"contentUrl\":\"https:\\\/\\\/magnetarmagnets.com\\\/wp-content\\\/uploads\\\/2025\\\/05\\\/Logo-03_PNG-Black-scaled.png\",\"width\":2560,\"height\":1658,\"caption\":\"Magnetar\"},\"image\":{\"@id\":\"https:\\\/\\\/magnetarmagnets.com\\\/fi\\\/#\\\/schema\\\/logo\\\/image\\\/\"},\"sameAs\":[\"https:\\\/\\\/www.facebook.com\\\/fishingmagnets\\\/\",\"https:\\\/\\\/www.instagram.com\\\/magnetar_magnets\\\/\",\"https:\\\/\\\/www.linkedin.com\\\/company\\\/magnetarbv\\\/?originalSubdomain=nl\",\"https:\\\/\\\/www.youtube.com\\\/c\\\/MagnetarVismagneet\"]}]}<\/script>\n<!-- \/ Yoast SEO plugin. -->","yoast_head_json":{"title":"Magneettikalastus-k\u00e4sineet - Magnet fishing with a Magnetar fishing magnet","description":"Magneettikalastus-k\u00e4sineet - Magnetarin v\u00e4ltt\u00e4m\u00e4t\u00f6n varuste","robots":{"index":"index","follow":"follow","max-snippet":"max-snippet:-1","max-image-preview":"max-image-preview:large","max-video-preview":"max-video-preview:-1"},"canonical":"https:\/\/magnetarmagnets.com\/fi\/shop\/magneettikalastus-kasineet\/","og_locale":"fi_FI","og_type":"article","og_title":"Magneettikalastus-k\u00e4sineet - Magnet fishing with a Magnetar fishing magnet","og_description":"Magneettikalastus-k\u00e4sineet - Magnetarin v\u00e4ltt\u00e4m\u00e4t\u00f6n varuste","og_url":"https:\/\/magnetarmagnets.com\/fi\/shop\/magneettikalastus-kasineet\/","og_site_name":"Magnet fishing with a Magnetar fishing magnet","article_publisher":"https:\/\/www.facebook.com\/fishingmagnets\/","article_modified_time":"2026-04-07T18:53:49+00:00","og_image":[{"width":2560,"height":2560,"url":"https:\/\/magnetarmagnets.com\/wp-content\/uploads\/2021\/06\/Vismagneet-handschoen-scaled.jpg","type":"image\/jpeg"}],"twitter_card":"summary_large_image","twitter_misc":{"Arvioitu lukuaika":"1 minuutti"},"schema":{"@context":"https:\/\/schema.org","@graph":[{"@type":["WebPage","ItemPage"],"@id":"https:\/\/magnetarmagnets.com\/fi\/shop\/magneettikalastus-kasineet\/","url":"https:\/\/magnetarmagnets.com\/fi\/shop\/magneettikalastus-kasineet\/","name":"Magneettikalastus-k\u00e4sineet - Magnet fishing with a Magnetar fishing magnet","isPartOf":{"@id":"https:\/\/magnetarmagnets.com\/fi\/#website"},"primaryImageOfPage":{"@id":"https:\/\/magnetarmagnets.com\/fi\/shop\/magneettikalastus-kasineet\/#primaryimage"},"image":{"@id":"https:\/\/magnetarmagnets.com\/fi\/shop\/magneettikalastus-kasineet\/#primaryimage"},"thumbnailUrl":"https:\/\/magnetarmagnets.com\/wp-content\/uploads\/2021\/06\/Vismagneet-handschoen-scaled.jpg","datePublished":"2025-06-05T07:53:06+00:00","dateModified":"2026-04-07T18:53:49+00:00","description":"Magneettikalastus-k\u00e4sineet - Magnetarin v\u00e4ltt\u00e4m\u00e4t\u00f6n varuste","breadcrumb":{"@id":"https:\/\/magnetarmagnets.com\/fi\/shop\/magneettikalastus-kasineet\/#breadcrumb"},"inLanguage":"fi","potentialAction":[{"@type":"ReadAction","target":["https:\/\/magnetarmagnets.com\/fi\/shop\/magneettikalastus-kasineet\/"]}]},{"@type":"ImageObject","inLanguage":"fi","@id":"https:\/\/magnetarmagnets.com\/fi\/shop\/magneettikalastus-kasineet\/#primaryimage","url":"https:\/\/magnetarmagnets.com\/wp-content\/uploads\/2021\/06\/Vismagneet-handschoen-scaled.jpg","contentUrl":"https:\/\/magnetarmagnets.com\/wp-content\/uploads\/2021\/06\/Vismagneet-handschoen-scaled.jpg","width":2560,"height":2560,"caption":"magnet-fishing-gloves"},{"@type":"BreadcrumbList","@id":"https:\/\/magnetarmagnets.com\/fi\/shop\/magneettikalastus-kasineet\/#breadcrumb","itemListElement":[{"@type":"ListItem","position":1,"name":"Home","item":"https:\/\/magnetarmagnets.com\/fi\/"},{"@type":"ListItem","position":2,"name":"Verkkokauppa","item":"https:\/\/magnetarmagnets.com\/verkkokauppa\/"},{"@type":"ListItem","position":3,"name":"Varusteet","item":"https:\/\/magnetarmagnets.com\/fi\/collections\/varusteet\/"},{"@type":"ListItem","position":4,"name":"Kalastusmagneettivarusteet","item":"https:\/\/magnetarmagnets.com\/fi\/collections\/varusteet\/kalastusmagneettivarusteet\/"},{"@type":"ListItem","position":5,"name":"Magneettikalastus-k\u00e4sineet"}]},{"@type":"WebSite","@id":"https:\/\/magnetarmagnets.com\/fi\/#website","url":"https:\/\/magnetarmagnets.com\/fi\/","name":"Magnet fishing with a Magnetar fishing magnet","description":"Vahvat magneetit magneettikalastukseen\n\n","publisher":{"@id":"https:\/\/magnetarmagnets.com\/fi\/#organization"},"potentialAction":[{"@type":"SearchAction","target":{"@type":"EntryPoint","urlTemplate":"https:\/\/magnetarmagnets.com\/fi\/?s={search_term_string}"},"query-input":{"@type":"PropertyValueSpecification","valueRequired":true,"valueName":"search_term_string"}}],"inLanguage":"fi"},{"@type":"Organization","@id":"https:\/\/magnetarmagnets.com\/fi\/#organization","name":"Magnetar","url":"https:\/\/magnetarmagnets.com\/fi\/","logo":{"@type":"ImageObject","inLanguage":"fi","@id":"https:\/\/magnetarmagnets.com\/fi\/#\/schema\/logo\/image\/","url":"https:\/\/magnetarmagnets.com\/wp-content\/uploads\/2025\/05\/Logo-03_PNG-Black-scaled.png","contentUrl":"https:\/\/magnetarmagnets.com\/wp-content\/uploads\/2025\/05\/Logo-03_PNG-Black-scaled.png","width":2560,"height":1658,"caption":"Magnetar"},"image":{"@id":"https:\/\/magnetarmagnets.com\/fi\/#\/schema\/logo\/image\/"},"sameAs":["https:\/\/www.facebook.com\/fishingmagnets\/","https:\/\/www.instagram.com\/magnetar_magnets\/","https:\/\/www.linkedin.com\/company\/magnetarbv\/?originalSubdomain=nl","https:\/\/www.youtube.com\/c\/MagnetarVismagneet"]}]}},"_links":{"self":[{"href":"https:\/\/magnetarmagnets.com\/fi\/wp-json\/wp\/v2\/product\/85528","targetHints":{"allow":["GET"]}}],"collection":[{"href":"https:\/\/magnetarmagnets.com\/fi\/wp-json\/wp\/v2\/product"}],"about":[{"href":"https:\/\/magnetarmagnets.com\/fi\/wp-json\/wp\/v2\/types\/product"}],"replies":[{"embeddable":true,"href":"https:\/\/magnetarmagnets.com\/fi\/wp-json\/wp\/v2\/comments?post=85528"}],"version-history":[{"count":0,"href":"https:\/\/magnetarmagnets.com\/fi\/wp-json\/wp\/v2\/product\/85528\/revisions"}],"wp:featuredmedia":[{"embeddable":true,"href":"https:\/\/magnetarmagnets.com\/fi\/wp-json\/wp\/v2\/media\/71665"}],"wp:attachment":[{"href":"https:\/\/magnetarmagnets.com\/fi\/wp-json\/wp\/v2\/media?parent=85528"}],"wp:term":[{"taxonomy":"product_brand","embeddable":true,"href":"https:\/\/magnetarmagnets.com\/fi\/wp-json\/wp\/v2\/product_brand?post=85528"},{"taxonomy":"product_cat","embeddable":true,"href":"https:\/\/magnetarmagnets.com\/fi\/wp-json\/wp\/v2\/product_cat?post=85528"},{"taxonomy":"product_tag","embeddable":true,"href":"https:\/\/magnetarmagnets.com\/fi\/wp-json\/wp\/v2\/product_tag?post=85528"}],"curies":[{"name":"wp","href":"https:\/\/api.w.org\/{rel}","templated":true}]}}