{"id":85514,"date":"2025-06-05T09:53:06","date_gmt":"2025-06-05T07:53:06","guid":{"rendered":"https:\/\/magnetarmagnets.com\/?post_type=product&#038;p=85514"},"modified":"2026-04-08T12:04:48","modified_gmt":"2026-04-08T10:04:48","slug":"magneettinen-kaivonkansien-nostaja-vasaralla","status":"publish","type":"product","link":"https:\/\/magnetarmagnets.com\/fi\/shop\/magneettinen-kaivonkansien-nostaja-vasaralla\/","title":{"rendered":"Magneettinen kaivonkansien nostaja vasaralla"},"content":{"rendered":"Avaatko kaivonkansia usein? T\u00e4m\u00e4 magneettinen kaivonkannen nostaja tekee ty\u00f6prosessistasi huomattavasti helpompaa. Viem\u00e4rikansien avaaminen voi olla ty\u00f6l\u00e4s teht\u00e4v\u00e4. Siksi loimme Magnetar THOR:n, joka on suunniteltu avaamaan erilaisia kaivonkansia magneettisella vetovoimallaan, irrottamaan ne tai &#8211; jos ne jumissa &#8211; kopauttamaan ne irti.\r\n\r\nPerinteiset kaivonkansien nostimet pakottavat sinut yleens\u00e4 kumartumaan, kun taas Magnetar THOR:lla voit nostaa kaikkia tyyppej\u00e4 kansia pystyasennosta. T\u00e4m\u00e4n magneettisen nostajan ja koukun k\u00e4ytt\u00f6 tekee ty\u00f6st\u00e4si varmasti fyysisesti v\u00e4hemm\u00e4n rasittavaa.\r\n<h2>Tuotekuvaus<\/h2>\r\nMagnetar THOR on omaa luokkaansa. T\u00e4m\u00e4 magneettinen kaivonkannen nostaja on varustettu tehokkaalla neodyymimagneetilla. Lis\u00e4ksi siin\u00e4 on perinteinen kansinostokoukku ja vasara. N\u00e4m\u00e4 sis\u00e4\u00e4nrakennetut ty\u00f6kalut tekev\u00e4t mink\u00e4 tahansa kaivonkannen nostamisesta, irrottamisesta tai koputtamisesta helppoa. Kaikki t\u00e4m\u00e4 ergonomisesta asennosta, jotta toistuvasta ty\u00f6st\u00e4 tulee v\u00e4hemm\u00e4n rasittavaa. Helppoa, eik\u00f6?\r\n<h2>Magnetar THOR ylitt\u00e4\u00e4 perinteiset kaivonkannen nostimet<\/h2>\r\nNiille, jotka kohtaavat paljon kaivonkansia, huoltokaivoja tai viem\u00e4riaukkoja, perinteinen kaivonkannen nostin, koukku tai vastaava on tuttu v\u00e4line. N\u00e4it\u00e4 v\u00e4lineit\u00e4 k\u00e4ytt\u00e4ess\u00e4 vaaditaan usein paljon fyysist\u00e4 voimaa. Raskaiden kansien avaaminen voi olla todella rasittavaa. Joissain tapauksissa t\u00e4m\u00e4 saattaa jopa johtaa vammoihin, joita haluat ehdottomasti v\u00e4ltt\u00e4\u00e4.\r\n\r\nMagnetar THOR l\u00e4hestyy asiaa eri tavalla. Tehokkaan magneetin avulla on mahdollista nostaa suurin osa kaivonkansista pystyasennosta. N\u00e4in sinun ei tarvitse k\u00e4ytt\u00e4\u00e4 yht\u00e4 paljon voimaa jaloissasi ja sel\u00e4ss\u00e4si, mik\u00e4 puolestaan edist\u00e4\u00e4 terveytt\u00e4si pitk\u00e4ll\u00e4 aikav\u00e4lill\u00e4.\r\n<h2>Magnetar THOR:n kolme ominaisuutta<\/h2>\r\nMagnetar THOR yhdist\u00e4\u00e4 kaivonkansikoukun, nostimen ja vasaran yhdeksi tuotteeksi. N\u00e4in olet valmistautunut mihin tahansa tilanteeseen, v\u00e4lt\u00e4t fyysisen rasituksen ja s\u00e4\u00e4st\u00e4t arvokasta tilaa. Tuote erottuu n\u00e4ill\u00e4 kolmella tunnusomaisella ominaisuudella.\r\n<ul>\r\n \t<li>Nosto<\/li>\r\n \t<li>Irrottaminen<\/li>\r\n \t<li>Iskutoiminto<\/li>\r\n<\/ul>\r\nTarvitsetko avata kaivonkannen? Useimmissa tapauksissa se onnistuu vahvalla neodyymimagneetilla, joka on samanlainen kuin kalastukseen k\u00e4ytt\u00e4m\u00e4mme magneetti. N\u00e4m\u00e4 magneetit kest\u00e4v\u00e4t noin 660 paunaa (300 kg) vetovoimaa. K\u00e4\u00e4nt\u00e4m\u00e4ll\u00e4 THOR:n ymp\u00e4ri, tarttumalla koukkuun ja vasaraan, voit helposti nostaa kannen pois renkaastaan.\r\n\r\nPelk\u00e4st\u00e4\u00e4n magneetti ei aina riit\u00e4. T\u00e4ll\u00f6in koukulla voi irrottaa jumissa olevat kannet. Lis\u00e4ksi riitt\u00e4v\u00e4n nostovoiman luomiseen auttaa 67 cm pitk\u00e4 varsi, jonka vipuvoimaa voi hy\u00f6dynt\u00e4\u00e4. Tuntuuko kansi liikkuvan? Nyt on aika k\u00e4ytt\u00e4\u00e4 magneettia sen nostamiseen.\r\n\r\nJos kansi ei liiku lainkaan, vasaralla koputtaminen auttaa irrottamaan kantta renkaasta, ja sen j\u00e4lkeen kansi voidaan irrottaa koukulla ja nostaa magneetilla.","protected":false},"excerpt":{"rendered":"<p>K\u00e4sitteletk\u00f6 <strong>kaivonkansia<\/strong> s\u00e4\u00e4nn\u00f6llisesti? Silloin meid\u00e4n <strong>magneettinen kaivonkannen koukku vasaralla<\/strong> tekee ty\u00f6st\u00e4si paljon helpompaa.<\/p>\n<p>Perinteiset kaivonkansien nostimet pakottavat sinut yleens\u00e4 kumartumaan, mutta Magnetar THOR:n avulla voit <strong>avaa useita kaivonkansia seisten<\/strong>. T\u00e4m\u00e4n magneettisen nostajan ja koukun k\u00e4ytt\u00f6 tekee ty\u00f6st\u00e4si <strong>fyysisesti vaivattomampaa<\/strong>.<\/p>\n","protected":false},"featured_media":65301,"comment_status":"open","ping_status":"closed","template":"","meta":{"_acf_changed":false,"inline_featured_image":false},"product_brand":[],"product_cat":[721,727,718],"product_tag":[],"class_list":{"0":"post-85514","1":"product","2":"type-product","3":"status-publish","4":"has-post-thumbnail","6":"product_cat-magneettiset-lisavarusteet","7":"product_cat-muut","8":"product_cat-varusteet","10":"first","11":"onbackorder","12":"taxable","13":"shipping-taxable","14":"purchasable","15":"product-type-variable"},"acf":[],"yoast_head":"<!-- This site is optimized with the Yoast SEO plugin v27.3 - https:\/\/yoast.com\/product\/yoast-seo-wordpress\/ -->\n<title>Magneettinen kaivonkansien nostaja vasaralla - Magnetar THOR<\/title>\n<meta name=\"description\" content=\"Avaatko kaivonkansia usein? Magneettinen kaivonkannen nostaja Magnetar THOR tekee ty\u00f6prosessistasi huomattavasti helpompaa.\" \/>\n<meta name=\"robots\" content=\"index, follow, max-snippet:-1, max-image-preview:large, max-video-preview:-1\" \/>\n<link rel=\"canonical\" href=\"https:\/\/magnetarmagnets.com\/fi\/shop\/magneettinen-kaivonkansien-nostaja-vasaralla\/\" \/>\n<meta property=\"og:locale\" content=\"fi_FI\" \/>\n<meta property=\"og:type\" content=\"article\" \/>\n<meta property=\"og:title\" content=\"Magneettinen kaivonkansien nostaja vasaralla - Magnetar THOR\" \/>\n<meta property=\"og:description\" content=\"Avaatko kaivonkansia usein? Magneettinen kaivonkannen nostaja Magnetar THOR tekee ty\u00f6prosessistasi huomattavasti helpompaa.\" \/>\n<meta property=\"og:url\" content=\"https:\/\/magnetarmagnets.com\/fi\/shop\/magneettinen-kaivonkansien-nostaja-vasaralla\/\" \/>\n<meta property=\"og:site_name\" content=\"Magnet fishing with a Magnetar fishing magnet\" \/>\n<meta property=\"article:publisher\" content=\"https:\/\/www.facebook.com\/fishingmagnets\/\" \/>\n<meta property=\"article:modified_time\" content=\"2026-04-08T10:04:48+00:00\" \/>\n<meta property=\"og:image\" content=\"https:\/\/magnetarmagnets.com\/wp-content\/uploads\/2023\/09\/JNF-Magnetar-Bedrijfsfotografie-01-09-2023-Foto-9955.jpg\" \/>\n\t<meta property=\"og:image:width\" content=\"1000\" \/>\n\t<meta property=\"og:image:height\" content=\"1000\" \/>\n\t<meta property=\"og:image:type\" content=\"image\/jpeg\" \/>\n<meta name=\"twitter:card\" content=\"summary_large_image\" \/>\n<meta name=\"twitter:label1\" content=\"Arvioitu lukuaika\" \/>\n\t<meta name=\"twitter:data1\" content=\"2 minuuttia\" \/>\n<script type=\"application\/ld+json\" class=\"yoast-schema-graph\">{\"@context\":\"https:\\\/\\\/schema.org\",\"@graph\":[{\"@type\":[\"WebPage\",\"ItemPage\"],\"@id\":\"https:\\\/\\\/magnetarmagnets.com\\\/fi\\\/shop\\\/magneettinen-kaivonkansien-nostaja-vasaralla\\\/\",\"url\":\"https:\\\/\\\/magnetarmagnets.com\\\/fi\\\/shop\\\/magneettinen-kaivonkansien-nostaja-vasaralla\\\/\",\"name\":\"Magneettinen kaivonkansien nostaja vasaralla - Magnetar THOR\",\"isPartOf\":{\"@id\":\"https:\\\/\\\/magnetarmagnets.com\\\/fi\\\/#website\"},\"primaryImageOfPage\":{\"@id\":\"https:\\\/\\\/magnetarmagnets.com\\\/fi\\\/shop\\\/magneettinen-kaivonkansien-nostaja-vasaralla\\\/#primaryimage\"},\"image\":{\"@id\":\"https:\\\/\\\/magnetarmagnets.com\\\/fi\\\/shop\\\/magneettinen-kaivonkansien-nostaja-vasaralla\\\/#primaryimage\"},\"thumbnailUrl\":\"https:\\\/\\\/magnetarmagnets.com\\\/wp-content\\\/uploads\\\/2023\\\/09\\\/JNF-Magnetar-Bedrijfsfotografie-01-09-2023-Foto-9955.jpg\",\"datePublished\":\"2025-06-05T07:53:06+00:00\",\"dateModified\":\"2026-04-08T10:04:48+00:00\",\"description\":\"Avaatko kaivonkansia usein? Magneettinen kaivonkannen nostaja Magnetar THOR tekee ty\u00f6prosessistasi huomattavasti helpompaa.\",\"breadcrumb\":{\"@id\":\"https:\\\/\\\/magnetarmagnets.com\\\/fi\\\/shop\\\/magneettinen-kaivonkansien-nostaja-vasaralla\\\/#breadcrumb\"},\"inLanguage\":\"fi\",\"potentialAction\":[{\"@type\":\"ReadAction\",\"target\":[\"https:\\\/\\\/magnetarmagnets.com\\\/fi\\\/shop\\\/magneettinen-kaivonkansien-nostaja-vasaralla\\\/\"]}]},{\"@type\":\"ImageObject\",\"inLanguage\":\"fi\",\"@id\":\"https:\\\/\\\/magnetarmagnets.com\\\/fi\\\/shop\\\/magneettinen-kaivonkansien-nostaja-vasaralla\\\/#primaryimage\",\"url\":\"https:\\\/\\\/magnetarmagnets.com\\\/wp-content\\\/uploads\\\/2023\\\/09\\\/JNF-Magnetar-Bedrijfsfotografie-01-09-2023-Foto-9955.jpg\",\"contentUrl\":\"https:\\\/\\\/magnetarmagnets.com\\\/wp-content\\\/uploads\\\/2023\\\/09\\\/JNF-Magnetar-Bedrijfsfotografie-01-09-2023-Foto-9955.jpg\",\"width\":1000,\"height\":1000},{\"@type\":\"BreadcrumbList\",\"@id\":\"https:\\\/\\\/magnetarmagnets.com\\\/fi\\\/shop\\\/magneettinen-kaivonkansien-nostaja-vasaralla\\\/#breadcrumb\",\"itemListElement\":[{\"@type\":\"ListItem\",\"position\":1,\"name\":\"Home\",\"item\":\"https:\\\/\\\/magnetarmagnets.com\\\/fi\\\/\"},{\"@type\":\"ListItem\",\"position\":2,\"name\":\"Verkkokauppa\",\"item\":\"https:\\\/\\\/magnetarmagnets.com\\\/verkkokauppa\\\/\"},{\"@type\":\"ListItem\",\"position\":3,\"name\":\"Varusteet\",\"item\":\"https:\\\/\\\/magnetarmagnets.com\\\/fi\\\/collections\\\/varusteet\\\/\"},{\"@type\":\"ListItem\",\"position\":4,\"name\":\"Magneettiset lis\u00e4varusteet\",\"item\":\"https:\\\/\\\/magnetarmagnets.com\\\/fi\\\/collections\\\/varusteet\\\/magneettiset-lisavarusteet\\\/\"},{\"@type\":\"ListItem\",\"position\":5,\"name\":\"Magneettinen kaivonkansien nostaja vasaralla\"}]},{\"@type\":\"WebSite\",\"@id\":\"https:\\\/\\\/magnetarmagnets.com\\\/fi\\\/#website\",\"url\":\"https:\\\/\\\/magnetarmagnets.com\\\/fi\\\/\",\"name\":\"Magnet fishing with a Magnetar fishing magnet\",\"description\":\"Vahvat magneetit magneettikalastukseen\\n\\n\",\"publisher\":{\"@id\":\"https:\\\/\\\/magnetarmagnets.com\\\/fi\\\/#organization\"},\"potentialAction\":[{\"@type\":\"SearchAction\",\"target\":{\"@type\":\"EntryPoint\",\"urlTemplate\":\"https:\\\/\\\/magnetarmagnets.com\\\/fi\\\/?s={search_term_string}\"},\"query-input\":{\"@type\":\"PropertyValueSpecification\",\"valueRequired\":true,\"valueName\":\"search_term_string\"}}],\"inLanguage\":\"fi\"},{\"@type\":\"Organization\",\"@id\":\"https:\\\/\\\/magnetarmagnets.com\\\/fi\\\/#organization\",\"name\":\"Magnetar\",\"url\":\"https:\\\/\\\/magnetarmagnets.com\\\/fi\\\/\",\"logo\":{\"@type\":\"ImageObject\",\"inLanguage\":\"fi\",\"@id\":\"https:\\\/\\\/magnetarmagnets.com\\\/fi\\\/#\\\/schema\\\/logo\\\/image\\\/\",\"url\":\"https:\\\/\\\/magnetarmagnets.com\\\/wp-content\\\/uploads\\\/2025\\\/05\\\/Logo-03_PNG-Black-scaled.png\",\"contentUrl\":\"https:\\\/\\\/magnetarmagnets.com\\\/wp-content\\\/uploads\\\/2025\\\/05\\\/Logo-03_PNG-Black-scaled.png\",\"width\":2560,\"height\":1658,\"caption\":\"Magnetar\"},\"image\":{\"@id\":\"https:\\\/\\\/magnetarmagnets.com\\\/fi\\\/#\\\/schema\\\/logo\\\/image\\\/\"},\"sameAs\":[\"https:\\\/\\\/www.facebook.com\\\/fishingmagnets\\\/\",\"https:\\\/\\\/www.instagram.com\\\/magnetar_magnets\\\/\",\"https:\\\/\\\/www.linkedin.com\\\/company\\\/magnetarbv\\\/?originalSubdomain=nl\",\"https:\\\/\\\/www.youtube.com\\\/c\\\/MagnetarVismagneet\"]}]}<\/script>\n<!-- \/ Yoast SEO plugin. -->","yoast_head_json":{"title":"Magneettinen kaivonkansien nostaja vasaralla - Magnetar THOR","description":"Avaatko kaivonkansia usein? Magneettinen kaivonkannen nostaja Magnetar THOR tekee ty\u00f6prosessistasi huomattavasti helpompaa.","robots":{"index":"index","follow":"follow","max-snippet":"max-snippet:-1","max-image-preview":"max-image-preview:large","max-video-preview":"max-video-preview:-1"},"canonical":"https:\/\/magnetarmagnets.com\/fi\/shop\/magneettinen-kaivonkansien-nostaja-vasaralla\/","og_locale":"fi_FI","og_type":"article","og_title":"Magneettinen kaivonkansien nostaja vasaralla - Magnetar THOR","og_description":"Avaatko kaivonkansia usein? Magneettinen kaivonkannen nostaja Magnetar THOR tekee ty\u00f6prosessistasi huomattavasti helpompaa.","og_url":"https:\/\/magnetarmagnets.com\/fi\/shop\/magneettinen-kaivonkansien-nostaja-vasaralla\/","og_site_name":"Magnet fishing with a Magnetar fishing magnet","article_publisher":"https:\/\/www.facebook.com\/fishingmagnets\/","article_modified_time":"2026-04-08T10:04:48+00:00","og_image":[{"width":1000,"height":1000,"url":"https:\/\/magnetarmagnets.com\/wp-content\/uploads\/2023\/09\/JNF-Magnetar-Bedrijfsfotografie-01-09-2023-Foto-9955.jpg","type":"image\/jpeg"}],"twitter_card":"summary_large_image","twitter_misc":{"Arvioitu lukuaika":"2 minuuttia"},"schema":{"@context":"https:\/\/schema.org","@graph":[{"@type":["WebPage","ItemPage"],"@id":"https:\/\/magnetarmagnets.com\/fi\/shop\/magneettinen-kaivonkansien-nostaja-vasaralla\/","url":"https:\/\/magnetarmagnets.com\/fi\/shop\/magneettinen-kaivonkansien-nostaja-vasaralla\/","name":"Magneettinen kaivonkansien nostaja vasaralla - Magnetar THOR","isPartOf":{"@id":"https:\/\/magnetarmagnets.com\/fi\/#website"},"primaryImageOfPage":{"@id":"https:\/\/magnetarmagnets.com\/fi\/shop\/magneettinen-kaivonkansien-nostaja-vasaralla\/#primaryimage"},"image":{"@id":"https:\/\/magnetarmagnets.com\/fi\/shop\/magneettinen-kaivonkansien-nostaja-vasaralla\/#primaryimage"},"thumbnailUrl":"https:\/\/magnetarmagnets.com\/wp-content\/uploads\/2023\/09\/JNF-Magnetar-Bedrijfsfotografie-01-09-2023-Foto-9955.jpg","datePublished":"2025-06-05T07:53:06+00:00","dateModified":"2026-04-08T10:04:48+00:00","description":"Avaatko kaivonkansia usein? Magneettinen kaivonkannen nostaja Magnetar THOR tekee ty\u00f6prosessistasi huomattavasti helpompaa.","breadcrumb":{"@id":"https:\/\/magnetarmagnets.com\/fi\/shop\/magneettinen-kaivonkansien-nostaja-vasaralla\/#breadcrumb"},"inLanguage":"fi","potentialAction":[{"@type":"ReadAction","target":["https:\/\/magnetarmagnets.com\/fi\/shop\/magneettinen-kaivonkansien-nostaja-vasaralla\/"]}]},{"@type":"ImageObject","inLanguage":"fi","@id":"https:\/\/magnetarmagnets.com\/fi\/shop\/magneettinen-kaivonkansien-nostaja-vasaralla\/#primaryimage","url":"https:\/\/magnetarmagnets.com\/wp-content\/uploads\/2023\/09\/JNF-Magnetar-Bedrijfsfotografie-01-09-2023-Foto-9955.jpg","contentUrl":"https:\/\/magnetarmagnets.com\/wp-content\/uploads\/2023\/09\/JNF-Magnetar-Bedrijfsfotografie-01-09-2023-Foto-9955.jpg","width":1000,"height":1000},{"@type":"BreadcrumbList","@id":"https:\/\/magnetarmagnets.com\/fi\/shop\/magneettinen-kaivonkansien-nostaja-vasaralla\/#breadcrumb","itemListElement":[{"@type":"ListItem","position":1,"name":"Home","item":"https:\/\/magnetarmagnets.com\/fi\/"},{"@type":"ListItem","position":2,"name":"Verkkokauppa","item":"https:\/\/magnetarmagnets.com\/verkkokauppa\/"},{"@type":"ListItem","position":3,"name":"Varusteet","item":"https:\/\/magnetarmagnets.com\/fi\/collections\/varusteet\/"},{"@type":"ListItem","position":4,"name":"Magneettiset lis\u00e4varusteet","item":"https:\/\/magnetarmagnets.com\/fi\/collections\/varusteet\/magneettiset-lisavarusteet\/"},{"@type":"ListItem","position":5,"name":"Magneettinen kaivonkansien nostaja vasaralla"}]},{"@type":"WebSite","@id":"https:\/\/magnetarmagnets.com\/fi\/#website","url":"https:\/\/magnetarmagnets.com\/fi\/","name":"Magnet fishing with a Magnetar fishing magnet","description":"Vahvat magneetit magneettikalastukseen\n\n","publisher":{"@id":"https:\/\/magnetarmagnets.com\/fi\/#organization"},"potentialAction":[{"@type":"SearchAction","target":{"@type":"EntryPoint","urlTemplate":"https:\/\/magnetarmagnets.com\/fi\/?s={search_term_string}"},"query-input":{"@type":"PropertyValueSpecification","valueRequired":true,"valueName":"search_term_string"}}],"inLanguage":"fi"},{"@type":"Organization","@id":"https:\/\/magnetarmagnets.com\/fi\/#organization","name":"Magnetar","url":"https:\/\/magnetarmagnets.com\/fi\/","logo":{"@type":"ImageObject","inLanguage":"fi","@id":"https:\/\/magnetarmagnets.com\/fi\/#\/schema\/logo\/image\/","url":"https:\/\/magnetarmagnets.com\/wp-content\/uploads\/2025\/05\/Logo-03_PNG-Black-scaled.png","contentUrl":"https:\/\/magnetarmagnets.com\/wp-content\/uploads\/2025\/05\/Logo-03_PNG-Black-scaled.png","width":2560,"height":1658,"caption":"Magnetar"},"image":{"@id":"https:\/\/magnetarmagnets.com\/fi\/#\/schema\/logo\/image\/"},"sameAs":["https:\/\/www.facebook.com\/fishingmagnets\/","https:\/\/www.instagram.com\/magnetar_magnets\/","https:\/\/www.linkedin.com\/company\/magnetarbv\/?originalSubdomain=nl","https:\/\/www.youtube.com\/c\/MagnetarVismagneet"]}]}},"_links":{"self":[{"href":"https:\/\/magnetarmagnets.com\/fi\/wp-json\/wp\/v2\/product\/85514","targetHints":{"allow":["GET"]}}],"collection":[{"href":"https:\/\/magnetarmagnets.com\/fi\/wp-json\/wp\/v2\/product"}],"about":[{"href":"https:\/\/magnetarmagnets.com\/fi\/wp-json\/wp\/v2\/types\/product"}],"replies":[{"embeddable":true,"href":"https:\/\/magnetarmagnets.com\/fi\/wp-json\/wp\/v2\/comments?post=85514"}],"version-history":[{"count":1,"href":"https:\/\/magnetarmagnets.com\/fi\/wp-json\/wp\/v2\/product\/85514\/revisions"}],"predecessor-version":[{"id":95676,"href":"https:\/\/magnetarmagnets.com\/fi\/wp-json\/wp\/v2\/product\/85514\/revisions\/95676"}],"wp:featuredmedia":[{"embeddable":true,"href":"https:\/\/magnetarmagnets.com\/fi\/wp-json\/wp\/v2\/media\/65301"}],"wp:attachment":[{"href":"https:\/\/magnetarmagnets.com\/fi\/wp-json\/wp\/v2\/media?parent=85514"}],"wp:term":[{"taxonomy":"product_brand","embeddable":true,"href":"https:\/\/magnetarmagnets.com\/fi\/wp-json\/wp\/v2\/product_brand?post=85514"},{"taxonomy":"product_cat","embeddable":true,"href":"https:\/\/magnetarmagnets.com\/fi\/wp-json\/wp\/v2\/product_cat?post=85514"},{"taxonomy":"product_tag","embeddable":true,"href":"https:\/\/magnetarmagnets.com\/fi\/wp-json\/wp\/v2\/product_tag?post=85514"}],"curies":[{"name":"wp","href":"https:\/\/api.w.org\/{rel}","templated":true}]}}