{"id":85502,"date":"2025-06-05T09:53:48","date_gmt":"2025-06-05T07:53:48","guid":{"rendered":"https:\/\/magnetarmagnets.com\/?post_type=product&#038;p=85502"},"modified":"2026-04-03T06:22:59","modified_gmt":"2026-04-03T04:22:59","slug":"magneettiharja","status":"publish","type":"product","link":"https:\/\/magnetarmagnets.com\/fi\/shop\/magneettiharja\/","title":{"rendered":"Magneettiharja"},"content":{"rendered":"<h2>Magnetti py\u00f6rill\u00e4<\/h2>\r\nT\u00e4m\u00e4 py\u00f6rill\u00e4 varustettu magneetti on korvaamaton jokaisessa ty\u00f6pajassa! Nouda muttereita, pultteja ja nauloja vaivattomasti ilman sel\u00e4n rasittamista. Poista rauta ja muut metallit ty\u00f6pisteelt\u00e4si, jalkak\u00e4yt\u00e4v\u00e4lt\u00e4, nurmikolta ja pys\u00e4k\u00f6intialueelta hetkess\u00e4.\r\n\r\nK\u00e4yt\u00e4nn\u00f6llisess\u00e4 py\u00f6r\u00e4llisess\u00e4 magneettiharjassa on kest\u00e4v\u00e4 pysyv\u00e4 magneetti. N\u00e4in voit heti aloittaa magneettisten esineiden ker\u00e4\u00e4misen. Magneettiharjassa on py\u00f6r\u00e4t ja s\u00e4\u00e4dett\u00e4v\u00e4 kahva, mik\u00e4 tekee lakaistamisesta mahdollisimman sujuvaa.\r\n<h2>Magneettiharja jokaiseen ty\u00f6pajaan<\/h2>\r\nMagneettiharja ker\u00e4\u00e4 helposti roskat maasta, kuten ruuvit, naulat, lastut, kieput, olutt\u00f6lkinkannet ja pit\u00e4\u00e4 ne ruostumattoman ter\u00e4ksen roskalaatikossa. Kun olet valmis, voit nostaa magneetin kahvalla ja n\u00e4in magneettiharja pudottaa kaiken haluamaasi paikkaan.\r\n<h2>Magneetti tee-se-itse-miehelle<\/h2>\r\nMagneettiharja on ihanteellinen ty\u00f6kalu puhdistamaan ty\u00f6pajasi, urheilukent\u00e4t, varastotilat ja pys\u00e4k\u00f6intialueet ei-toivotuista magneettisista materiaaleista. Vahva magneetti, joka on jokaisen k\u00e4sity\u00f6l\u00e4isen v\u00e4ltt\u00e4m\u00e4tt\u00f6myys!\r\n\r\n<strong>Magnetin leveys py\u00f6rill\u00e4:<\/strong>\r\n\r\n<a href=\"https:\/\/magnetarmagnets.com\/?post_type=product&amp;p=52751&amp;preview=true\">45 cm \/ 18 tuumaa<\/a> ,\u00a0 \u00a0<a href=\"https:\/\/magnetarmagnets.com\/shop\/magnet-on-wheels-short\/\">60 cm \/ 24 tuumaa<\/a> tai <a href=\"https:\/\/magnetarmagnets.com\/shop\/magnet-on-wheels-long\/\">90 cm \/ 36 tuumaa<\/a>\r\n<h2>Muita magneetteja k\u00e4sity\u00f6l\u00e4isille<\/h2>\r\nTutustu monik\u00e4ytt\u00f6isiin <a href=\"https:\/\/magnetarmagnets.com\/shop\/magnetic-tool-holder\/\">Magneettity\u00f6kalutelineisiimme<\/a>! Monitoimiset ripustuskoukut ovat k\u00e4tevi\u00e4 ja monipuolisia. Voit k\u00e4ytt\u00e4\u00e4 niit\u00e4 l\u00e4hes mihin tahansa. Voit esimerkiksi ripustaa raudasta valmistetut esineet n\u00e4ihin magneetteihin. Ajattele ty\u00f6kaluja, puutarhaty\u00f6kaluja, pannuja, nauloja.. Koukuilla varustetuilla neodyymimagneeteilla on vetoisuus jopa 25 kg! N\u00e4m\u00e4 neodyymimagneetit ovat N50-luokan, mik\u00e4 tekee niist\u00e4 entist\u00e4 vahvempia.","protected":false},"excerpt":{"rendered":"<p><span style=\"font-weight: 400;\">Magneettiharja on <strong>ihanteellinen ty\u00f6kalu<\/strong> <strong>puhdistamaan ty\u00f6tilasi, urheilukent\u00e4t, varastotilat ja pys\u00e4k\u00f6intialueet<\/strong> ei-toivotuista magneettisista materiaaleista.<\/span><\/p>\n","protected":false},"featured_media":64719,"comment_status":"open","ping_status":"closed","template":"","meta":{"_acf_changed":false,"inline_featured_image":false},"product_brand":[],"product_cat":[721,272,727,258,268,718,167],"product_tag":[],"class_list":{"0":"post-85502","1":"product","2":"type-product","3":"status-publish","4":"has-post-thumbnail","6":"product_cat-magneettiset-lisavarusteet","7":"product_cat-magnetiska-tillbehor","8":"product_cat-muut","9":"product_cat-ovrigt-tillbehor","10":"product_cat-utrustning","11":"product_cat-varusteet","12":"product_cat-okategoriserad","14":"first","15":"instock","16":"taxable","17":"shipping-taxable","18":"purchasable","19":"product-type-variable"},"acf":[],"yoast_head":"<!-- This site is optimized with the Yoast SEO plugin v27.3 - https:\/\/yoast.com\/product\/yoast-seo-wordpress\/ -->\n<title>Magneettiharja - Magnet fishing with a Magnetar fishing magnet<\/title>\n<meta name=\"description\" content=\"Magneettiharja \u2013 Magnetarin v\u00e4ltt\u00e4m\u00e4t\u00f6n puhdistusty\u00f6kalu\" \/>\n<meta name=\"robots\" content=\"index, follow, max-snippet:-1, max-image-preview:large, max-video-preview:-1\" \/>\n<link rel=\"canonical\" href=\"https:\/\/magnetarmagnets.com\/fi\/shop\/magneettiharja\/\" \/>\n<meta property=\"og:locale\" content=\"fi_FI\" \/>\n<meta property=\"og:type\" content=\"article\" \/>\n<meta property=\"og:title\" content=\"Magneettiharja - Magnet fishing with a Magnetar fishing magnet\" \/>\n<meta property=\"og:description\" content=\"Magneettiharja \u2013 Magnetarin v\u00e4ltt\u00e4m\u00e4t\u00f6n puhdistusty\u00f6kalu\" \/>\n<meta property=\"og:url\" content=\"https:\/\/magnetarmagnets.com\/fi\/shop\/magneettiharja\/\" \/>\n<meta property=\"og:site_name\" content=\"Magnet fishing with a Magnetar fishing magnet\" \/>\n<meta property=\"article:publisher\" content=\"https:\/\/www.facebook.com\/fishingmagnets\/\" \/>\n<meta property=\"article:modified_time\" content=\"2026-04-03T04:22:59+00:00\" \/>\n<meta property=\"og:image\" content=\"https:\/\/magnetarmagnets.com\/wp-content\/uploads\/2020\/10\/FOTO3200.jpg\" \/>\n\t<meta property=\"og:image:width\" content=\"1000\" \/>\n\t<meta property=\"og:image:height\" content=\"1000\" \/>\n\t<meta property=\"og:image:type\" content=\"image\/jpeg\" \/>\n<meta name=\"twitter:card\" content=\"summary_large_image\" \/>\n<meta name=\"twitter:label1\" content=\"Arvioitu lukuaika\" \/>\n\t<meta name=\"twitter:data1\" content=\"1 minuutti\" \/>\n<script type=\"application\/ld+json\" class=\"yoast-schema-graph\">{\"@context\":\"https:\\\/\\\/schema.org\",\"@graph\":[{\"@type\":[\"WebPage\",\"ItemPage\"],\"@id\":\"https:\\\/\\\/magnetarmagnets.com\\\/fi\\\/shop\\\/magneettiharja\\\/\",\"url\":\"https:\\\/\\\/magnetarmagnets.com\\\/fi\\\/shop\\\/magneettiharja\\\/\",\"name\":\"Magneettiharja - Magnet fishing with a Magnetar fishing magnet\",\"isPartOf\":{\"@id\":\"https:\\\/\\\/magnetarmagnets.com\\\/fi\\\/#website\"},\"primaryImageOfPage\":{\"@id\":\"https:\\\/\\\/magnetarmagnets.com\\\/fi\\\/shop\\\/magneettiharja\\\/#primaryimage\"},\"image\":{\"@id\":\"https:\\\/\\\/magnetarmagnets.com\\\/fi\\\/shop\\\/magneettiharja\\\/#primaryimage\"},\"thumbnailUrl\":\"https:\\\/\\\/magnetarmagnets.com\\\/wp-content\\\/uploads\\\/2020\\\/10\\\/FOTO3200.jpg\",\"datePublished\":\"2025-06-05T07:53:48+00:00\",\"dateModified\":\"2026-04-03T04:22:59+00:00\",\"description\":\"Magneettiharja \u2013 Magnetarin v\u00e4ltt\u00e4m\u00e4t\u00f6n puhdistusty\u00f6kalu\",\"breadcrumb\":{\"@id\":\"https:\\\/\\\/magnetarmagnets.com\\\/fi\\\/shop\\\/magneettiharja\\\/#breadcrumb\"},\"inLanguage\":\"fi\",\"potentialAction\":[{\"@type\":\"ReadAction\",\"target\":[\"https:\\\/\\\/magnetarmagnets.com\\\/fi\\\/shop\\\/magneettiharja\\\/\"]}]},{\"@type\":\"ImageObject\",\"inLanguage\":\"fi\",\"@id\":\"https:\\\/\\\/magnetarmagnets.com\\\/fi\\\/shop\\\/magneettiharja\\\/#primaryimage\",\"url\":\"https:\\\/\\\/magnetarmagnets.com\\\/wp-content\\\/uploads\\\/2020\\\/10\\\/FOTO3200.jpg\",\"contentUrl\":\"https:\\\/\\\/magnetarmagnets.com\\\/wp-content\\\/uploads\\\/2020\\\/10\\\/FOTO3200.jpg\",\"width\":1000,\"height\":1000},{\"@type\":\"BreadcrumbList\",\"@id\":\"https:\\\/\\\/magnetarmagnets.com\\\/fi\\\/shop\\\/magneettiharja\\\/#breadcrumb\",\"itemListElement\":[{\"@type\":\"ListItem\",\"position\":1,\"name\":\"Home\",\"item\":\"https:\\\/\\\/magnetarmagnets.com\\\/fi\\\/\"},{\"@type\":\"ListItem\",\"position\":2,\"name\":\"Verkkokauppa\",\"item\":\"https:\\\/\\\/magnetarmagnets.com\\\/verkkokauppa\\\/\"},{\"@type\":\"ListItem\",\"position\":3,\"name\":\"Muut\",\"item\":\"https:\\\/\\\/magnetarmagnets.com\\\/fi\\\/collections\\\/muut\\\/\"},{\"@type\":\"ListItem\",\"position\":4,\"name\":\"Magneettiharja\"}]},{\"@type\":\"WebSite\",\"@id\":\"https:\\\/\\\/magnetarmagnets.com\\\/fi\\\/#website\",\"url\":\"https:\\\/\\\/magnetarmagnets.com\\\/fi\\\/\",\"name\":\"Magnet fishing with a Magnetar fishing magnet\",\"description\":\"Vahvat magneetit magneettikalastukseen\\n\\n\",\"publisher\":{\"@id\":\"https:\\\/\\\/magnetarmagnets.com\\\/fi\\\/#organization\"},\"potentialAction\":[{\"@type\":\"SearchAction\",\"target\":{\"@type\":\"EntryPoint\",\"urlTemplate\":\"https:\\\/\\\/magnetarmagnets.com\\\/fi\\\/?s={search_term_string}\"},\"query-input\":{\"@type\":\"PropertyValueSpecification\",\"valueRequired\":true,\"valueName\":\"search_term_string\"}}],\"inLanguage\":\"fi\"},{\"@type\":\"Organization\",\"@id\":\"https:\\\/\\\/magnetarmagnets.com\\\/fi\\\/#organization\",\"name\":\"Magnetar\",\"url\":\"https:\\\/\\\/magnetarmagnets.com\\\/fi\\\/\",\"logo\":{\"@type\":\"ImageObject\",\"inLanguage\":\"fi\",\"@id\":\"https:\\\/\\\/magnetarmagnets.com\\\/fi\\\/#\\\/schema\\\/logo\\\/image\\\/\",\"url\":\"https:\\\/\\\/magnetarmagnets.com\\\/wp-content\\\/uploads\\\/2025\\\/05\\\/Logo-03_PNG-Black-scaled.png\",\"contentUrl\":\"https:\\\/\\\/magnetarmagnets.com\\\/wp-content\\\/uploads\\\/2025\\\/05\\\/Logo-03_PNG-Black-scaled.png\",\"width\":2560,\"height\":1658,\"caption\":\"Magnetar\"},\"image\":{\"@id\":\"https:\\\/\\\/magnetarmagnets.com\\\/fi\\\/#\\\/schema\\\/logo\\\/image\\\/\"},\"sameAs\":[\"https:\\\/\\\/www.facebook.com\\\/fishingmagnets\\\/\",\"https:\\\/\\\/www.instagram.com\\\/magnetar_magnets\\\/\",\"https:\\\/\\\/www.linkedin.com\\\/company\\\/magnetarbv\\\/?originalSubdomain=nl\",\"https:\\\/\\\/www.youtube.com\\\/c\\\/MagnetarVismagneet\"]}]}<\/script>\n<!-- \/ Yoast SEO plugin. -->","yoast_head_json":{"title":"Magneettiharja - Magnet fishing with a Magnetar fishing magnet","description":"Magneettiharja \u2013 Magnetarin v\u00e4ltt\u00e4m\u00e4t\u00f6n puhdistusty\u00f6kalu","robots":{"index":"index","follow":"follow","max-snippet":"max-snippet:-1","max-image-preview":"max-image-preview:large","max-video-preview":"max-video-preview:-1"},"canonical":"https:\/\/magnetarmagnets.com\/fi\/shop\/magneettiharja\/","og_locale":"fi_FI","og_type":"article","og_title":"Magneettiharja - Magnet fishing with a Magnetar fishing magnet","og_description":"Magneettiharja \u2013 Magnetarin v\u00e4ltt\u00e4m\u00e4t\u00f6n puhdistusty\u00f6kalu","og_url":"https:\/\/magnetarmagnets.com\/fi\/shop\/magneettiharja\/","og_site_name":"Magnet fishing with a Magnetar fishing magnet","article_publisher":"https:\/\/www.facebook.com\/fishingmagnets\/","article_modified_time":"2026-04-03T04:22:59+00:00","og_image":[{"width":1000,"height":1000,"url":"https:\/\/magnetarmagnets.com\/wp-content\/uploads\/2020\/10\/FOTO3200.jpg","type":"image\/jpeg"}],"twitter_card":"summary_large_image","twitter_misc":{"Arvioitu lukuaika":"1 minuutti"},"schema":{"@context":"https:\/\/schema.org","@graph":[{"@type":["WebPage","ItemPage"],"@id":"https:\/\/magnetarmagnets.com\/fi\/shop\/magneettiharja\/","url":"https:\/\/magnetarmagnets.com\/fi\/shop\/magneettiharja\/","name":"Magneettiharja - Magnet fishing with a Magnetar fishing magnet","isPartOf":{"@id":"https:\/\/magnetarmagnets.com\/fi\/#website"},"primaryImageOfPage":{"@id":"https:\/\/magnetarmagnets.com\/fi\/shop\/magneettiharja\/#primaryimage"},"image":{"@id":"https:\/\/magnetarmagnets.com\/fi\/shop\/magneettiharja\/#primaryimage"},"thumbnailUrl":"https:\/\/magnetarmagnets.com\/wp-content\/uploads\/2020\/10\/FOTO3200.jpg","datePublished":"2025-06-05T07:53:48+00:00","dateModified":"2026-04-03T04:22:59+00:00","description":"Magneettiharja \u2013 Magnetarin v\u00e4ltt\u00e4m\u00e4t\u00f6n puhdistusty\u00f6kalu","breadcrumb":{"@id":"https:\/\/magnetarmagnets.com\/fi\/shop\/magneettiharja\/#breadcrumb"},"inLanguage":"fi","potentialAction":[{"@type":"ReadAction","target":["https:\/\/magnetarmagnets.com\/fi\/shop\/magneettiharja\/"]}]},{"@type":"ImageObject","inLanguage":"fi","@id":"https:\/\/magnetarmagnets.com\/fi\/shop\/magneettiharja\/#primaryimage","url":"https:\/\/magnetarmagnets.com\/wp-content\/uploads\/2020\/10\/FOTO3200.jpg","contentUrl":"https:\/\/magnetarmagnets.com\/wp-content\/uploads\/2020\/10\/FOTO3200.jpg","width":1000,"height":1000},{"@type":"BreadcrumbList","@id":"https:\/\/magnetarmagnets.com\/fi\/shop\/magneettiharja\/#breadcrumb","itemListElement":[{"@type":"ListItem","position":1,"name":"Home","item":"https:\/\/magnetarmagnets.com\/fi\/"},{"@type":"ListItem","position":2,"name":"Verkkokauppa","item":"https:\/\/magnetarmagnets.com\/verkkokauppa\/"},{"@type":"ListItem","position":3,"name":"Muut","item":"https:\/\/magnetarmagnets.com\/fi\/collections\/muut\/"},{"@type":"ListItem","position":4,"name":"Magneettiharja"}]},{"@type":"WebSite","@id":"https:\/\/magnetarmagnets.com\/fi\/#website","url":"https:\/\/magnetarmagnets.com\/fi\/","name":"Magnet fishing with a Magnetar fishing magnet","description":"Vahvat magneetit magneettikalastukseen\n\n","publisher":{"@id":"https:\/\/magnetarmagnets.com\/fi\/#organization"},"potentialAction":[{"@type":"SearchAction","target":{"@type":"EntryPoint","urlTemplate":"https:\/\/magnetarmagnets.com\/fi\/?s={search_term_string}"},"query-input":{"@type":"PropertyValueSpecification","valueRequired":true,"valueName":"search_term_string"}}],"inLanguage":"fi"},{"@type":"Organization","@id":"https:\/\/magnetarmagnets.com\/fi\/#organization","name":"Magnetar","url":"https:\/\/magnetarmagnets.com\/fi\/","logo":{"@type":"ImageObject","inLanguage":"fi","@id":"https:\/\/magnetarmagnets.com\/fi\/#\/schema\/logo\/image\/","url":"https:\/\/magnetarmagnets.com\/wp-content\/uploads\/2025\/05\/Logo-03_PNG-Black-scaled.png","contentUrl":"https:\/\/magnetarmagnets.com\/wp-content\/uploads\/2025\/05\/Logo-03_PNG-Black-scaled.png","width":2560,"height":1658,"caption":"Magnetar"},"image":{"@id":"https:\/\/magnetarmagnets.com\/fi\/#\/schema\/logo\/image\/"},"sameAs":["https:\/\/www.facebook.com\/fishingmagnets\/","https:\/\/www.instagram.com\/magnetar_magnets\/","https:\/\/www.linkedin.com\/company\/magnetarbv\/?originalSubdomain=nl","https:\/\/www.youtube.com\/c\/MagnetarVismagneet"]}]}},"_links":{"self":[{"href":"https:\/\/magnetarmagnets.com\/fi\/wp-json\/wp\/v2\/product\/85502","targetHints":{"allow":["GET"]}}],"collection":[{"href":"https:\/\/magnetarmagnets.com\/fi\/wp-json\/wp\/v2\/product"}],"about":[{"href":"https:\/\/magnetarmagnets.com\/fi\/wp-json\/wp\/v2\/types\/product"}],"replies":[{"embeddable":true,"href":"https:\/\/magnetarmagnets.com\/fi\/wp-json\/wp\/v2\/comments?post=85502"}],"version-history":[{"count":1,"href":"https:\/\/magnetarmagnets.com\/fi\/wp-json\/wp\/v2\/product\/85502\/revisions"}],"predecessor-version":[{"id":94518,"href":"https:\/\/magnetarmagnets.com\/fi\/wp-json\/wp\/v2\/product\/85502\/revisions\/94518"}],"wp:featuredmedia":[{"embeddable":true,"href":"https:\/\/magnetarmagnets.com\/fi\/wp-json\/wp\/v2\/media\/64719"}],"wp:attachment":[{"href":"https:\/\/magnetarmagnets.com\/fi\/wp-json\/wp\/v2\/media?parent=85502"}],"wp:term":[{"taxonomy":"product_brand","embeddable":true,"href":"https:\/\/magnetarmagnets.com\/fi\/wp-json\/wp\/v2\/product_brand?post=85502"},{"taxonomy":"product_cat","embeddable":true,"href":"https:\/\/magnetarmagnets.com\/fi\/wp-json\/wp\/v2\/product_cat?post=85502"},{"taxonomy":"product_tag","embeddable":true,"href":"https:\/\/magnetarmagnets.com\/fi\/wp-json\/wp\/v2\/product_tag?post=85502"}],"curies":[{"name":"wp","href":"https:\/\/api.w.org\/{rel}","templated":true}]}}