{"id":85499,"date":"2025-06-19T13:55:40","date_gmt":"2025-06-19T11:55:40","guid":{"rendered":"https:\/\/magnetarmagnets.com\/?post_type=product&#038;p=85499"},"modified":"2026-04-07T17:06:24","modified_gmt":"2026-04-07T15:06:24","slug":"magneettikalastuskoysi-65-jalkaa-20-metria","status":"publish","type":"product","link":"https:\/\/magnetarmagnets.com\/fi\/shop\/magneettikalastuskoysi-65-jalkaa-20-metria\/","title":{"rendered":"Magneettikalastusk\u00f6ysi || 65 jalkaa \/ 20 metri\u00e4"},"content":{"rendered":"<span style=\"font-weight: 400;\">Paras k\u00f6ysi <a href=\"https:\/\/magnetarmagnets.com\/\" target=\"_blank\" rel=\"noopener\">magneettikalastukseen<\/a>. Kaksinkertaisesti punottu k\u00f6ysi kest\u00e4\u00e4 jopa 4000 paunaa. Katso t\u00e4m\u00e4 YouTube-arvostelu. Ilmainen karabiinihakas kaupan p\u00e4\u00e4lle ja ilmainen toimitus valituille alueille\u2026<\/span>\r\n\r\n<span style=\"font-weight: 400;\">K\u00f6ysi tai nailonlanka on yksi oleellisimmista osista magneettikalastuksessa. Kalastusmagneettik\u00f6yden on oltava tarpeeksi vahva kantamaan jopa raskaat metallit, eik\u00e4 se saa katketa kiinnittyess\u00e4\u00e4n. Samoin kuin laadukasta kalastusmagneettia ostaessasi, sinun on varmistettava, ett\u00e4 hankit hyv\u00e4n magneettikalastusk\u00f6yden. Kalastusmagneettik\u00f6ysi on k\u00f6ysi, joka kiinnitet\u00e4\u00e4n magneettiin. Jos haluat vet\u00e4\u00e4 metalliesineit\u00e4 vedest\u00e4, tarvitset magneettikalastusk\u00f6yden, jolla on korkea vetoisuus ja pituus noin 65 jalkaa\/20 metri\u00e4.<\/span>\r\n<h2><strong>Magneettikalastusk\u00f6ysi, miksi tarvitsen sellaisen?<\/strong><\/h2>\r\n<span style=\"font-weight: 400;\">Useimmat magneettikalastajat keskittyv\u00e4t pelk\u00e4st\u00e4\u00e4n parhaan kalastusmagneetin ostamiseen. Toiseksi t\u00e4rkein varuste, joka voi ratkaista menestyksen magneettikalastuksessa, on k\u00f6ysi.<\/span>\r\n<h2><strong>Mit\u00e4 magneettikalastusk\u00f6ydess\u00e4 tulee ottaa huomioon?<\/strong><\/h2>\r\n<span style=\"font-weight: 400;\">On todella t\u00e4rke\u00e4\u00e4 ostaa vahva, joustamaton, kaksinkertaisesti punottu k\u00f6ysi, sill\u00e4 muuten on suuri riski menett\u00e4\u00e4 magneetti veteen. Halpa tai joustava k\u00f6ysi ei pid\u00e4 magneettia tukevasti ja voi irrota vedess\u00e4 kosketuksessa ter\u00e4viin esineisiin tai reunoihin tai k\u00f6ysi voi katketa.<\/span>\r\n\r\n<span style=\"font-weight: 400;\">Magneettikalastusk\u00f6yden tulee kest\u00e4\u00e4 suuri vetoisuus. Pidempi k\u00f6ysi antaa mahdollisuuden heitt\u00e4\u00e4 kalastusmagneetti kauas veteen ja vet\u00e4\u00e4 se rannalle yh\u00e4 uudelleen. Useimmat magneettikalastajat sanovat, ett\u00e4 t\u00e4ydellinen pituus on noin 65 jalkaa\/20 metri\u00e4.<\/span>\r\n\r\n<span style=\"font-weight: 400;\">On my\u00f6s mukavaa, kun saa juuri magneettikalastukseen tarkoitetun k\u00f6yden sen sijaan, ett\u00e4 k\u00e4ytt\u00e4\u00e4 kiipeilyk\u00f6ytt\u00e4. Magneettikalastusk\u00f6ydet tarjoavat enemm\u00e4n ominaisuuksia kuin tarvitset magneettikalastuksella.<\/span>\r\n<h2><strong>Kuinka k\u00e4yt\u00e4n k\u00f6ytt\u00e4?<\/strong><\/h2>\r\n<span style=\"font-weight: 400;\">Katso alla vaiheittainen ohje oranssin k\u00f6yden kiinnitt\u00e4miseksi magneettiin:<\/span>\r\n<ol>\r\n \t<li style=\"font-weight: 400;\"><span style=\"font-weight: 400;\"><img decoding=\"async\" class=\"\" src=\"https:\/\/magnetarmagnets.com\/wp-content\/uploads\/2021\/09\/0435-300x300-1.png\" alt=\"vismagneet touw\" width=\"78\" height=\"78\" \/>Ota Magnetar-kalastusk\u00f6ysi pakkauksesta ja ota kalastusmagneetti esiin;<\/span><\/li>\r\n \t<li style=\"font-weight: 400;\"><span style=\"font-weight: 400;\"><img decoding=\"async\" class=\"\" src=\"https:\/\/magnetarmagnets.com\/wp-content\/uploads\/2021\/09\/0436-300x300-1.png\" alt=\"magneetvis touw\" width=\"78\" height=\"78\" \/>Ty\u00f6nn\u00e4 k\u00f6ysi magneetin lenkin l\u00e4pi;<\/span><\/li>\r\n \t<li style=\"font-weight: 400;\"><span style=\"font-weight: 400;\"><img decoding=\"async\" class=\"\" src=\"https:\/\/magnetarmagnets.com\/wp-content\/uploads\/2021\/09\/0437-300x300-1.png\" alt=\"touw voor magneetvissen\" width=\"77\" height=\"77\" \/>Ved\u00e4 k\u00f6ysi magneetin alle ennen magneettikalastusta;<\/span><\/li>\r\n \t<li style=\"font-weight: 400;\"><span style=\"font-weight: 400;\"><img loading=\"lazy\" decoding=\"async\" class=\"\" src=\"https:\/\/magnetarmagnets.com\/wp-content\/uploads\/2021\/09\/0438-300x300-1.png\" alt=\"touw magneetvissen\" width=\"79\" height=\"79\" \/>Ved\u00e4 k\u00f6ytt\u00e4. N\u00e4in k\u00f6ysi kiristyy itse. L\u00e4hde magneettikalastamaan!<\/span><\/li>\r\n<\/ol>\r\n<span style=\"font-weight: 400;\"><strong>Varoitus<\/strong>: Kiinnit\u00e4tk\u00f6 k\u00f6yden ja magneetin karabiinihakaan? Voit tehd\u00e4 sen, mutta varmista, ett\u00e4 silm\u00e4 on liimattu lukitusliimalla magneettiin. Kirist\u00e4 silmukka kunnolla. Magneetilla on enemm\u00e4n liikkumatilaa karabiinihakaan takia, joten varmista, ett\u00e4 silmukka on tiukasti kunnolla.<\/span>\r\n\r\n<span style=\"font-weight: 400;\"><strong>Varoitus<\/strong>: Onko sinulla isompi allround-magneetti eik\u00e4 lenkki sovi yll\u00e4 kuvatulla tavalla magneetin silm\u00e4\u00e4n? Silloin leikkaa lenkki veitsell\u00e4 ja katso t\u00e4m\u00e4 <a href=\"https:\/\/www.youtube.com\/watch?v=CNox7cn2-Gs&amp;t=9s\" target=\"_blank\" rel=\"noopener\">video.<\/a><\/span>\r\n\r\n<span style=\"font-weight: 400;\">Voit sitoa Palomar-solmun k\u00f6yden p\u00e4\u00e4h\u00e4n magneettiin. T\u00e4m\u00e4 ei v\u00e4ltt\u00e4m\u00e4tt\u00e4 pysy kaikissa olosuhteissa. Me suosimme k\u00e4ytt\u00e4\u00e4 vahvaa karabiinihakaa, mink\u00e4 vuoksi sis\u00e4llyt\u00e4mme sen jokaiseen k\u00f6yden ostoon.<\/span>\r\n\r\n<span style=\"font-weight: 400;\">Katso <\/span><a href=\"https:\/\/www.youtube.com\/watch?v=1izvqgYbtd8\" target=\"_blank\" rel=\"noopener\"><span style=\"font-weight: 400;\">t\u00e4m\u00e4 video<\/span><\/a><span style=\"font-weight: 400;\"> n\u00e4hd\u00e4ksesi, kuinka tunnettu <\/span><i><span style=\"font-weight: 400;\">Magnet Fishing A to Z<\/span><\/i><span style=\"font-weight: 400;\"> k\u00e4ytt\u00e4\u00e4 oranssia k\u00f6ytt\u00e4mme allround 360\u00b0 -magneetin kanssa.<\/span>","protected":false},"excerpt":{"rendered":"<p><span style=\"font-weight: 400;\">Erityisesti suunniteltu magneettikalastusk\u00f6ysi, jossa on <strong>lenkki<\/strong> ja <strong>karabiinihaka<\/strong>. Ei en\u00e4\u00e4 solmuja ja <strong>100 % laatutakuu<\/strong>.<\/span><\/p>\n","protected":false},"featured_media":64691,"comment_status":"open","ping_status":"closed","template":"","meta":{"_acf_changed":false,"inline_featured_image":false},"product_brand":[],"product_cat":[1003,720,718],"product_tag":[],"class_list":{"0":"post-85499","1":"product","2":"type-product","3":"status-publish","4":"has-post-thumbnail","6":"product_cat-kaikki-tuotteet","7":"product_cat-kalastusmagneettivarusteet","8":"product_cat-varusteet","10":"first","11":"instock","12":"taxable","13":"shipping-taxable","14":"purchasable","15":"product-type-variable"},"acf":[],"yoast_head":"<!-- This site is optimized with the Yoast SEO plugin v27.3 - https:\/\/yoast.com\/product\/yoast-seo-wordpress\/ -->\n<title>Magneettikalastusk\u00f6ysi - Magnetar \u00ae [OSTA NYT]<\/title>\n<meta name=\"description\" content=\"Osta paras magneettikalastusk\u00f6ysi \u27a4 Magnetar \u00ae. Tarvikkeet kaikkeen magneettikalastukseen. L\u00e4het\u00e4mme tilauksesi samana p\u00e4iv\u00e4n\u00e4!\" \/>\n<meta name=\"robots\" content=\"index, follow, max-snippet:-1, max-image-preview:large, max-video-preview:-1\" \/>\n<link rel=\"canonical\" href=\"https:\/\/magnetarmagnets.com\/fi\/shop\/magneettikalastuskoysi-65-jalkaa-20-metria\/\" \/>\n<meta property=\"og:locale\" content=\"fi_FI\" \/>\n<meta property=\"og:type\" content=\"article\" \/>\n<meta property=\"og:title\" content=\"Magneettikalastusk\u00f6ysi - Magnetar \u00ae [OSTA NYT]\" \/>\n<meta property=\"og:description\" content=\"Osta paras magneettikalastusk\u00f6ysi \u27a4 Magnetar \u00ae. Tarvikkeet kaikkeen magneettikalastukseen. L\u00e4het\u00e4mme tilauksesi samana p\u00e4iv\u00e4n\u00e4!\" \/>\n<meta property=\"og:url\" content=\"https:\/\/magnetarmagnets.com\/fi\/shop\/magneettikalastuskoysi-65-jalkaa-20-metria\/\" \/>\n<meta property=\"og:site_name\" content=\"Magnet fishing with a Magnetar fishing magnet\" \/>\n<meta property=\"article:publisher\" content=\"https:\/\/www.facebook.com\/fishingmagnets\/\" \/>\n<meta property=\"article:modified_time\" content=\"2026-04-07T15:06:24+00:00\" \/>\n<meta property=\"og:image\" content=\"https:\/\/magnetarmagnets.com\/wp-content\/uploads\/2014\/04\/Vismagneet-touw-1.jpg\" \/>\n\t<meta property=\"og:image:width\" content=\"1000\" \/>\n\t<meta property=\"og:image:height\" content=\"1000\" \/>\n\t<meta property=\"og:image:type\" content=\"image\/jpeg\" \/>\n<meta name=\"twitter:card\" content=\"summary_large_image\" \/>\n<meta name=\"twitter:label1\" content=\"Arvioitu lukuaika\" \/>\n\t<meta name=\"twitter:data1\" content=\"3 minuuttia\" \/>\n<script type=\"application\/ld+json\" class=\"yoast-schema-graph\">{\"@context\":\"https:\\\/\\\/schema.org\",\"@graph\":[{\"@type\":[\"WebPage\",\"ItemPage\"],\"@id\":\"https:\\\/\\\/magnetarmagnets.com\\\/fi\\\/shop\\\/magneettikalastuskoysi-65-jalkaa-20-metria\\\/\",\"url\":\"https:\\\/\\\/magnetarmagnets.com\\\/fi\\\/shop\\\/magneettikalastuskoysi-65-jalkaa-20-metria\\\/\",\"name\":\"Magneettikalastusk\u00f6ysi - Magnetar \u00ae [OSTA NYT]\",\"isPartOf\":{\"@id\":\"https:\\\/\\\/magnetarmagnets.com\\\/fi\\\/#website\"},\"primaryImageOfPage\":{\"@id\":\"https:\\\/\\\/magnetarmagnets.com\\\/fi\\\/shop\\\/magneettikalastuskoysi-65-jalkaa-20-metria\\\/#primaryimage\"},\"image\":{\"@id\":\"https:\\\/\\\/magnetarmagnets.com\\\/fi\\\/shop\\\/magneettikalastuskoysi-65-jalkaa-20-metria\\\/#primaryimage\"},\"thumbnailUrl\":\"https:\\\/\\\/magnetarmagnets.com\\\/wp-content\\\/uploads\\\/2014\\\/04\\\/Vismagneet-touw-1.jpg\",\"datePublished\":\"2025-06-19T11:55:40+00:00\",\"dateModified\":\"2026-04-07T15:06:24+00:00\",\"description\":\"Osta paras magneettikalastusk\u00f6ysi \u27a4 Magnetar \u00ae. Tarvikkeet kaikkeen magneettikalastukseen. L\u00e4het\u00e4mme tilauksesi samana p\u00e4iv\u00e4n\u00e4!\",\"breadcrumb\":{\"@id\":\"https:\\\/\\\/magnetarmagnets.com\\\/fi\\\/shop\\\/magneettikalastuskoysi-65-jalkaa-20-metria\\\/#breadcrumb\"},\"inLanguage\":\"fi\",\"potentialAction\":[{\"@type\":\"ReadAction\",\"target\":[\"https:\\\/\\\/magnetarmagnets.com\\\/fi\\\/shop\\\/magneettikalastuskoysi-65-jalkaa-20-metria\\\/\"]}]},{\"@type\":\"ImageObject\",\"inLanguage\":\"fi\",\"@id\":\"https:\\\/\\\/magnetarmagnets.com\\\/fi\\\/shop\\\/magneettikalastuskoysi-65-jalkaa-20-metria\\\/#primaryimage\",\"url\":\"https:\\\/\\\/magnetarmagnets.com\\\/wp-content\\\/uploads\\\/2014\\\/04\\\/Vismagneet-touw-1.jpg\",\"contentUrl\":\"https:\\\/\\\/magnetarmagnets.com\\\/wp-content\\\/uploads\\\/2014\\\/04\\\/Vismagneet-touw-1.jpg\",\"width\":1000,\"height\":1000},{\"@type\":\"BreadcrumbList\",\"@id\":\"https:\\\/\\\/magnetarmagnets.com\\\/fi\\\/shop\\\/magneettikalastuskoysi-65-jalkaa-20-metria\\\/#breadcrumb\",\"itemListElement\":[{\"@type\":\"ListItem\",\"position\":1,\"name\":\"Home\",\"item\":\"https:\\\/\\\/magnetarmagnets.com\\\/fi\\\/\"},{\"@type\":\"ListItem\",\"position\":2,\"name\":\"Verkkokauppa\",\"item\":\"https:\\\/\\\/magnetarmagnets.com\\\/verkkokauppa\\\/\"},{\"@type\":\"ListItem\",\"position\":3,\"name\":\"Varusteet\",\"item\":\"https:\\\/\\\/magnetarmagnets.com\\\/fi\\\/collections\\\/varusteet\\\/\"},{\"@type\":\"ListItem\",\"position\":4,\"name\":\"Kalastusmagneettivarusteet\",\"item\":\"https:\\\/\\\/magnetarmagnets.com\\\/fi\\\/collections\\\/varusteet\\\/kalastusmagneettivarusteet\\\/\"},{\"@type\":\"ListItem\",\"position\":5,\"name\":\"Magneettikalastusk\u00f6ysi || 65 jalkaa \\\/ 20 metri\u00e4\"}]},{\"@type\":\"WebSite\",\"@id\":\"https:\\\/\\\/magnetarmagnets.com\\\/fi\\\/#website\",\"url\":\"https:\\\/\\\/magnetarmagnets.com\\\/fi\\\/\",\"name\":\"Magnet fishing with a Magnetar fishing magnet\",\"description\":\"Vahvat magneetit magneettikalastukseen\\n\\n\",\"publisher\":{\"@id\":\"https:\\\/\\\/magnetarmagnets.com\\\/fi\\\/#organization\"},\"potentialAction\":[{\"@type\":\"SearchAction\",\"target\":{\"@type\":\"EntryPoint\",\"urlTemplate\":\"https:\\\/\\\/magnetarmagnets.com\\\/fi\\\/?s={search_term_string}\"},\"query-input\":{\"@type\":\"PropertyValueSpecification\",\"valueRequired\":true,\"valueName\":\"search_term_string\"}}],\"inLanguage\":\"fi\"},{\"@type\":\"Organization\",\"@id\":\"https:\\\/\\\/magnetarmagnets.com\\\/fi\\\/#organization\",\"name\":\"Magnetar\",\"url\":\"https:\\\/\\\/magnetarmagnets.com\\\/fi\\\/\",\"logo\":{\"@type\":\"ImageObject\",\"inLanguage\":\"fi\",\"@id\":\"https:\\\/\\\/magnetarmagnets.com\\\/fi\\\/#\\\/schema\\\/logo\\\/image\\\/\",\"url\":\"https:\\\/\\\/magnetarmagnets.com\\\/wp-content\\\/uploads\\\/2025\\\/05\\\/Logo-03_PNG-Black-scaled.png\",\"contentUrl\":\"https:\\\/\\\/magnetarmagnets.com\\\/wp-content\\\/uploads\\\/2025\\\/05\\\/Logo-03_PNG-Black-scaled.png\",\"width\":2560,\"height\":1658,\"caption\":\"Magnetar\"},\"image\":{\"@id\":\"https:\\\/\\\/magnetarmagnets.com\\\/fi\\\/#\\\/schema\\\/logo\\\/image\\\/\"},\"sameAs\":[\"https:\\\/\\\/www.facebook.com\\\/fishingmagnets\\\/\",\"https:\\\/\\\/www.instagram.com\\\/magnetar_magnets\\\/\",\"https:\\\/\\\/www.linkedin.com\\\/company\\\/magnetarbv\\\/?originalSubdomain=nl\",\"https:\\\/\\\/www.youtube.com\\\/c\\\/MagnetarVismagneet\"]}]}<\/script>\n<!-- \/ Yoast SEO plugin. -->","yoast_head_json":{"title":"Magneettikalastusk\u00f6ysi - Magnetar \u00ae [OSTA NYT]","description":"Osta paras magneettikalastusk\u00f6ysi \u27a4 Magnetar \u00ae. Tarvikkeet kaikkeen magneettikalastukseen. L\u00e4het\u00e4mme tilauksesi samana p\u00e4iv\u00e4n\u00e4!","robots":{"index":"index","follow":"follow","max-snippet":"max-snippet:-1","max-image-preview":"max-image-preview:large","max-video-preview":"max-video-preview:-1"},"canonical":"https:\/\/magnetarmagnets.com\/fi\/shop\/magneettikalastuskoysi-65-jalkaa-20-metria\/","og_locale":"fi_FI","og_type":"article","og_title":"Magneettikalastusk\u00f6ysi - Magnetar \u00ae [OSTA NYT]","og_description":"Osta paras magneettikalastusk\u00f6ysi \u27a4 Magnetar \u00ae. Tarvikkeet kaikkeen magneettikalastukseen. L\u00e4het\u00e4mme tilauksesi samana p\u00e4iv\u00e4n\u00e4!","og_url":"https:\/\/magnetarmagnets.com\/fi\/shop\/magneettikalastuskoysi-65-jalkaa-20-metria\/","og_site_name":"Magnet fishing with a Magnetar fishing magnet","article_publisher":"https:\/\/www.facebook.com\/fishingmagnets\/","article_modified_time":"2026-04-07T15:06:24+00:00","og_image":[{"width":1000,"height":1000,"url":"https:\/\/magnetarmagnets.com\/wp-content\/uploads\/2014\/04\/Vismagneet-touw-1.jpg","type":"image\/jpeg"}],"twitter_card":"summary_large_image","twitter_misc":{"Arvioitu lukuaika":"3 minuuttia"},"schema":{"@context":"https:\/\/schema.org","@graph":[{"@type":["WebPage","ItemPage"],"@id":"https:\/\/magnetarmagnets.com\/fi\/shop\/magneettikalastuskoysi-65-jalkaa-20-metria\/","url":"https:\/\/magnetarmagnets.com\/fi\/shop\/magneettikalastuskoysi-65-jalkaa-20-metria\/","name":"Magneettikalastusk\u00f6ysi - Magnetar \u00ae [OSTA NYT]","isPartOf":{"@id":"https:\/\/magnetarmagnets.com\/fi\/#website"},"primaryImageOfPage":{"@id":"https:\/\/magnetarmagnets.com\/fi\/shop\/magneettikalastuskoysi-65-jalkaa-20-metria\/#primaryimage"},"image":{"@id":"https:\/\/magnetarmagnets.com\/fi\/shop\/magneettikalastuskoysi-65-jalkaa-20-metria\/#primaryimage"},"thumbnailUrl":"https:\/\/magnetarmagnets.com\/wp-content\/uploads\/2014\/04\/Vismagneet-touw-1.jpg","datePublished":"2025-06-19T11:55:40+00:00","dateModified":"2026-04-07T15:06:24+00:00","description":"Osta paras magneettikalastusk\u00f6ysi \u27a4 Magnetar \u00ae. Tarvikkeet kaikkeen magneettikalastukseen. L\u00e4het\u00e4mme tilauksesi samana p\u00e4iv\u00e4n\u00e4!","breadcrumb":{"@id":"https:\/\/magnetarmagnets.com\/fi\/shop\/magneettikalastuskoysi-65-jalkaa-20-metria\/#breadcrumb"},"inLanguage":"fi","potentialAction":[{"@type":"ReadAction","target":["https:\/\/magnetarmagnets.com\/fi\/shop\/magneettikalastuskoysi-65-jalkaa-20-metria\/"]}]},{"@type":"ImageObject","inLanguage":"fi","@id":"https:\/\/magnetarmagnets.com\/fi\/shop\/magneettikalastuskoysi-65-jalkaa-20-metria\/#primaryimage","url":"https:\/\/magnetarmagnets.com\/wp-content\/uploads\/2014\/04\/Vismagneet-touw-1.jpg","contentUrl":"https:\/\/magnetarmagnets.com\/wp-content\/uploads\/2014\/04\/Vismagneet-touw-1.jpg","width":1000,"height":1000},{"@type":"BreadcrumbList","@id":"https:\/\/magnetarmagnets.com\/fi\/shop\/magneettikalastuskoysi-65-jalkaa-20-metria\/#breadcrumb","itemListElement":[{"@type":"ListItem","position":1,"name":"Home","item":"https:\/\/magnetarmagnets.com\/fi\/"},{"@type":"ListItem","position":2,"name":"Verkkokauppa","item":"https:\/\/magnetarmagnets.com\/verkkokauppa\/"},{"@type":"ListItem","position":3,"name":"Varusteet","item":"https:\/\/magnetarmagnets.com\/fi\/collections\/varusteet\/"},{"@type":"ListItem","position":4,"name":"Kalastusmagneettivarusteet","item":"https:\/\/magnetarmagnets.com\/fi\/collections\/varusteet\/kalastusmagneettivarusteet\/"},{"@type":"ListItem","position":5,"name":"Magneettikalastusk\u00f6ysi || 65 jalkaa \/ 20 metri\u00e4"}]},{"@type":"WebSite","@id":"https:\/\/magnetarmagnets.com\/fi\/#website","url":"https:\/\/magnetarmagnets.com\/fi\/","name":"Magnet fishing with a Magnetar fishing magnet","description":"Vahvat magneetit magneettikalastukseen\n\n","publisher":{"@id":"https:\/\/magnetarmagnets.com\/fi\/#organization"},"potentialAction":[{"@type":"SearchAction","target":{"@type":"EntryPoint","urlTemplate":"https:\/\/magnetarmagnets.com\/fi\/?s={search_term_string}"},"query-input":{"@type":"PropertyValueSpecification","valueRequired":true,"valueName":"search_term_string"}}],"inLanguage":"fi"},{"@type":"Organization","@id":"https:\/\/magnetarmagnets.com\/fi\/#organization","name":"Magnetar","url":"https:\/\/magnetarmagnets.com\/fi\/","logo":{"@type":"ImageObject","inLanguage":"fi","@id":"https:\/\/magnetarmagnets.com\/fi\/#\/schema\/logo\/image\/","url":"https:\/\/magnetarmagnets.com\/wp-content\/uploads\/2025\/05\/Logo-03_PNG-Black-scaled.png","contentUrl":"https:\/\/magnetarmagnets.com\/wp-content\/uploads\/2025\/05\/Logo-03_PNG-Black-scaled.png","width":2560,"height":1658,"caption":"Magnetar"},"image":{"@id":"https:\/\/magnetarmagnets.com\/fi\/#\/schema\/logo\/image\/"},"sameAs":["https:\/\/www.facebook.com\/fishingmagnets\/","https:\/\/www.instagram.com\/magnetar_magnets\/","https:\/\/www.linkedin.com\/company\/magnetarbv\/?originalSubdomain=nl","https:\/\/www.youtube.com\/c\/MagnetarVismagneet"]}]}},"_links":{"self":[{"href":"https:\/\/magnetarmagnets.com\/fi\/wp-json\/wp\/v2\/product\/85499","targetHints":{"allow":["GET"]}}],"collection":[{"href":"https:\/\/magnetarmagnets.com\/fi\/wp-json\/wp\/v2\/product"}],"about":[{"href":"https:\/\/magnetarmagnets.com\/fi\/wp-json\/wp\/v2\/types\/product"}],"replies":[{"embeddable":true,"href":"https:\/\/magnetarmagnets.com\/fi\/wp-json\/wp\/v2\/comments?post=85499"}],"version-history":[{"count":1,"href":"https:\/\/magnetarmagnets.com\/fi\/wp-json\/wp\/v2\/product\/85499\/revisions"}],"predecessor-version":[{"id":95655,"href":"https:\/\/magnetarmagnets.com\/fi\/wp-json\/wp\/v2\/product\/85499\/revisions\/95655"}],"wp:featuredmedia":[{"embeddable":true,"href":"https:\/\/magnetarmagnets.com\/fi\/wp-json\/wp\/v2\/media\/64691"}],"wp:attachment":[{"href":"https:\/\/magnetarmagnets.com\/fi\/wp-json\/wp\/v2\/media?parent=85499"}],"wp:term":[{"taxonomy":"product_brand","embeddable":true,"href":"https:\/\/magnetarmagnets.com\/fi\/wp-json\/wp\/v2\/product_brand?post=85499"},{"taxonomy":"product_cat","embeddable":true,"href":"https:\/\/magnetarmagnets.com\/fi\/wp-json\/wp\/v2\/product_cat?post=85499"},{"taxonomy":"product_tag","embeddable":true,"href":"https:\/\/magnetarmagnets.com\/fi\/wp-json\/wp\/v2\/product_tag?post=85499"}],"curies":[{"name":"wp","href":"https:\/\/api.w.org\/{rel}","templated":true}]}}