{"id":85497,"date":"2025-06-05T09:54:42","date_gmt":"2025-06-05T07:54:42","guid":{"rendered":"https:\/\/magnetarmagnets.com\/?post_type=product&#038;p=85497"},"modified":"2026-04-07T19:27:51","modified_gmt":"2026-04-07T17:27:51","slug":"vahva-metsastysmagneetti-teraspelletin-poistaja","status":"publish","type":"product","link":"https:\/\/magnetarmagnets.com\/fi\/shop\/vahva-metsastysmagneetti-teraspelletin-poistaja\/","title":{"rendered":"Vahva mets\u00e4stysmagneetti &#8211; Ter\u00e4spelletin poistaja"},"content":{"rendered":"L\u00f6yd\u00e4 paras riistan valmistus mielenrauha mets\u00e4stysmagneetin ja ter\u00e4spelletin magneetin avulla. Ter\u00e4spelletin poistaminen riistaruoista ei ole koskaan ollut n\u00e4in helppoa! Unohda ne ep\u00e4miellytt\u00e4v\u00e4t yll\u00e4tykset hampaidesi v\u00e4liss\u00e4 nauttiessasi herkullisesta riista-ateriasta. *Millimetrit osoittavat magneetin tunnistusalueen.\r\n\r\nTer\u00e4spelletin poistaminen riistaruoistasi ei ole koskaan ollut n\u00e4in helppoa! Unohda ne ik\u00e4v\u00e4t yll\u00e4tykset hampaiden v\u00e4liss\u00e4 herkullista riista-ateriaasi nauttiessasi. Innovatiivisten mets\u00e4stysmagneettiemme ja ter\u00e4spelletin magneettien valikoiman avulla t\u00e4m\u00e4 ongelma kuuluu menneisyyteen. Riistaa sy\u00f6dess\u00e4 on tavallista t\u00f6rm\u00e4t\u00e4 ter\u00e4spelletteihin, jotka eiv\u00e4t ole pelk\u00e4st\u00e4\u00e4n \u00e4rsytt\u00e4vi\u00e4, vaan voivat my\u00f6s vahingoittaa hampaitasi. Vahvat magneettikalastusratkaisumme poistavat nopeasti ja vaivattomasti ter\u00e4spelletit lihasta. Ajattele j\u00e4nist\u00e4, hanhea, pient\u00e4 sorsaa, fasaaneja ja muita.\r\n\r\nMiksi valita meid\u00e4n vahva magneetti ja magneettikalastusratkaisut?\r\n\r\nMonipuolinen magneettinen voima: Valikoimaamme kuuluu kolme erilaista mets\u00e4stysmagneettia, joiden magneettinen voima vaihtelee. Mit\u00e4 voimakkaampi magneetti, sit\u00e4 kauempaa ter\u00e4spelletit voidaan vet\u00e4\u00e4 pois riistasta. Valitse sinulle parhaiten sopiva malli.\r\n\r\nHelppo k\u00e4ytt\u00e4\u00e4: Peit\u00e4 magneetti kelmulla ja siirr\u00e4 sit\u00e4 hitaasti riistapalasen yli. Vahvat mets\u00e4stysmagneettimme ja ter\u00e4spelletin magneetti irrottavat tehokkaasti lihaan juuttuneet pelletit.\r\n\r\nHampaiden turvallisuus: Et en\u00e4\u00e4 tarvitse huolehtia kovista ter\u00e4spelleteist\u00e4, jotka voivat vahingoittaa hampaita. Nauti riistaruoka ilman ik\u00e4vi\u00e4 yll\u00e4tyksi\u00e4.\r\n\r\nMonipuolinen k\u00e4ytt\u00f6alue: Valmistatpa sitten ankan, hanhen, pienen sorsan, fasaanin tai muuta riistaa, vahvat magneettikalastusv\u00e4lineemme ovat aina valmiita auttamaan.","protected":false},"excerpt":{"rendered":"<p><strong>L\u00f6yd\u00e4 paras riistan valmistustapa<\/strong> mets\u00e4stysmagneettimme ja ter\u00e4spelletin poistajan avulla. Ter\u00e4spelletin poistaminen riistaruoistasi ei ole koskaan ollut n\u00e4in <strong>helppoa<\/strong>! Valitse sinulle sopiva ter\u00e4spelletin poistaja. Mit\u00e4 suurempi magneetti, sit\u00e4 kauempaa pelletit voidaan havaita. *Millimetrit ilmaisevat magneetin tunnistusalueen.<\/p>\n","protected":false},"featured_media":65227,"comment_status":"open","ping_status":"closed","template":"","meta":{"_acf_changed":false,"inline_featured_image":false},"product_brand":[],"product_cat":[1003,721,718],"product_tag":[],"class_list":{"0":"post-85497","1":"product","2":"type-product","3":"status-publish","4":"has-post-thumbnail","6":"product_cat-kaikki-tuotteet","7":"product_cat-magneettiset-lisavarusteet","8":"product_cat-varusteet","10":"first","11":"instock","12":"taxable","13":"shipping-taxable","14":"purchasable","15":"product-type-variable"},"acf":[],"yoast_head":"<!-- This site is optimized with the Yoast SEO plugin v27.3 - https:\/\/yoast.com\/product\/yoast-seo-wordpress\/ -->\n<title>Ter\u00e4spelletin poisto on helppoa ja nopeaa mets\u00e4stysmagneetilla (video)<\/title>\n<meta name=\"description\" content=\"Poista ter\u00e4spelletit helposti mets\u00e4stysmagneetilla\" \/>\n<meta name=\"robots\" content=\"index, follow, max-snippet:-1, max-image-preview:large, max-video-preview:-1\" \/>\n<link rel=\"canonical\" href=\"https:\/\/magnetarmagnets.com\/fi\/shop\/vahva-metsastysmagneetti-teraspelletin-poistaja\/\" \/>\n<meta property=\"og:locale\" content=\"fi_FI\" \/>\n<meta property=\"og:type\" content=\"article\" \/>\n<meta property=\"og:title\" content=\"Ter\u00e4spelletin poisto on helppoa ja nopeaa mets\u00e4stysmagneetilla (video)\" \/>\n<meta property=\"og:description\" content=\"Poista ter\u00e4spelletit helposti mets\u00e4stysmagneetilla\" \/>\n<meta property=\"og:url\" content=\"https:\/\/magnetarmagnets.com\/fi\/shop\/vahva-metsastysmagneetti-teraspelletin-poistaja\/\" \/>\n<meta property=\"og:site_name\" content=\"Magnet fishing with a Magnetar fishing magnet\" \/>\n<meta property=\"article:publisher\" content=\"https:\/\/www.facebook.com\/fishingmagnets\/\" \/>\n<meta property=\"article:modified_time\" content=\"2026-04-07T17:27:51+00:00\" \/>\n<meta property=\"og:image\" content=\"https:\/\/magnetarmagnets.com\/wp-content\/uploads\/2023\/09\/JNF-Magnetar-Bedrijfsfotografie-01-09-2023-Foto-0142.jpg\" \/>\n\t<meta property=\"og:image:width\" content=\"1000\" \/>\n\t<meta property=\"og:image:height\" content=\"1000\" \/>\n\t<meta property=\"og:image:type\" content=\"image\/jpeg\" \/>\n<meta name=\"twitter:card\" content=\"summary_large_image\" \/>\n<meta name=\"twitter:label1\" content=\"Arvioitu lukuaika\" \/>\n\t<meta name=\"twitter:data1\" content=\"2 minuuttia\" \/>\n<script type=\"application\/ld+json\" class=\"yoast-schema-graph\">{\"@context\":\"https:\\\/\\\/schema.org\",\"@graph\":[{\"@type\":[\"WebPage\",\"ItemPage\"],\"@id\":\"https:\\\/\\\/magnetarmagnets.com\\\/fi\\\/shop\\\/vahva-metsastysmagneetti-teraspelletin-poistaja\\\/\",\"url\":\"https:\\\/\\\/magnetarmagnets.com\\\/fi\\\/shop\\\/vahva-metsastysmagneetti-teraspelletin-poistaja\\\/\",\"name\":\"Ter\u00e4spelletin poisto on helppoa ja nopeaa mets\u00e4stysmagneetilla (video)\",\"isPartOf\":{\"@id\":\"https:\\\/\\\/magnetarmagnets.com\\\/fi\\\/#website\"},\"primaryImageOfPage\":{\"@id\":\"https:\\\/\\\/magnetarmagnets.com\\\/fi\\\/shop\\\/vahva-metsastysmagneetti-teraspelletin-poistaja\\\/#primaryimage\"},\"image\":{\"@id\":\"https:\\\/\\\/magnetarmagnets.com\\\/fi\\\/shop\\\/vahva-metsastysmagneetti-teraspelletin-poistaja\\\/#primaryimage\"},\"thumbnailUrl\":\"https:\\\/\\\/magnetarmagnets.com\\\/wp-content\\\/uploads\\\/2023\\\/09\\\/JNF-Magnetar-Bedrijfsfotografie-01-09-2023-Foto-0142.jpg\",\"datePublished\":\"2025-06-05T07:54:42+00:00\",\"dateModified\":\"2026-04-07T17:27:51+00:00\",\"description\":\"Poista ter\u00e4spelletit helposti mets\u00e4stysmagneetilla\",\"breadcrumb\":{\"@id\":\"https:\\\/\\\/magnetarmagnets.com\\\/fi\\\/shop\\\/vahva-metsastysmagneetti-teraspelletin-poistaja\\\/#breadcrumb\"},\"inLanguage\":\"fi\",\"potentialAction\":[{\"@type\":\"ReadAction\",\"target\":[\"https:\\\/\\\/magnetarmagnets.com\\\/fi\\\/shop\\\/vahva-metsastysmagneetti-teraspelletin-poistaja\\\/\"]}]},{\"@type\":\"ImageObject\",\"inLanguage\":\"fi\",\"@id\":\"https:\\\/\\\/magnetarmagnets.com\\\/fi\\\/shop\\\/vahva-metsastysmagneetti-teraspelletin-poistaja\\\/#primaryimage\",\"url\":\"https:\\\/\\\/magnetarmagnets.com\\\/wp-content\\\/uploads\\\/2023\\\/09\\\/JNF-Magnetar-Bedrijfsfotografie-01-09-2023-Foto-0142.jpg\",\"contentUrl\":\"https:\\\/\\\/magnetarmagnets.com\\\/wp-content\\\/uploads\\\/2023\\\/09\\\/JNF-Magnetar-Bedrijfsfotografie-01-09-2023-Foto-0142.jpg\",\"width\":1000,\"height\":1000},{\"@type\":\"BreadcrumbList\",\"@id\":\"https:\\\/\\\/magnetarmagnets.com\\\/fi\\\/shop\\\/vahva-metsastysmagneetti-teraspelletin-poistaja\\\/#breadcrumb\",\"itemListElement\":[{\"@type\":\"ListItem\",\"position\":1,\"name\":\"Home\",\"item\":\"https:\\\/\\\/magnetarmagnets.com\\\/fi\\\/\"},{\"@type\":\"ListItem\",\"position\":2,\"name\":\"Verkkokauppa\",\"item\":\"https:\\\/\\\/magnetarmagnets.com\\\/verkkokauppa\\\/\"},{\"@type\":\"ListItem\",\"position\":3,\"name\":\"Varusteet\",\"item\":\"https:\\\/\\\/magnetarmagnets.com\\\/fi\\\/collections\\\/varusteet\\\/\"},{\"@type\":\"ListItem\",\"position\":4,\"name\":\"Oheistuotteet\",\"item\":\"https:\\\/\\\/magnetarmagnets.com\\\/fi\\\/collections\\\/varusteet\\\/oheistuotteet\\\/\"},{\"@type\":\"ListItem\",\"position\":5,\"name\":\"Vahva mets\u00e4stysmagneetti &#8211; Ter\u00e4spelletin poistaja\"}]},{\"@type\":\"WebSite\",\"@id\":\"https:\\\/\\\/magnetarmagnets.com\\\/fi\\\/#website\",\"url\":\"https:\\\/\\\/magnetarmagnets.com\\\/fi\\\/\",\"name\":\"Magnet fishing with a Magnetar fishing magnet\",\"description\":\"Vahvat magneetit magneettikalastukseen\\n\\n\",\"publisher\":{\"@id\":\"https:\\\/\\\/magnetarmagnets.com\\\/fi\\\/#organization\"},\"potentialAction\":[{\"@type\":\"SearchAction\",\"target\":{\"@type\":\"EntryPoint\",\"urlTemplate\":\"https:\\\/\\\/magnetarmagnets.com\\\/fi\\\/?s={search_term_string}\"},\"query-input\":{\"@type\":\"PropertyValueSpecification\",\"valueRequired\":true,\"valueName\":\"search_term_string\"}}],\"inLanguage\":\"fi\"},{\"@type\":\"Organization\",\"@id\":\"https:\\\/\\\/magnetarmagnets.com\\\/fi\\\/#organization\",\"name\":\"Magnetar\",\"url\":\"https:\\\/\\\/magnetarmagnets.com\\\/fi\\\/\",\"logo\":{\"@type\":\"ImageObject\",\"inLanguage\":\"fi\",\"@id\":\"https:\\\/\\\/magnetarmagnets.com\\\/fi\\\/#\\\/schema\\\/logo\\\/image\\\/\",\"url\":\"https:\\\/\\\/magnetarmagnets.com\\\/wp-content\\\/uploads\\\/2025\\\/05\\\/Logo-03_PNG-Black-scaled.png\",\"contentUrl\":\"https:\\\/\\\/magnetarmagnets.com\\\/wp-content\\\/uploads\\\/2025\\\/05\\\/Logo-03_PNG-Black-scaled.png\",\"width\":2560,\"height\":1658,\"caption\":\"Magnetar\"},\"image\":{\"@id\":\"https:\\\/\\\/magnetarmagnets.com\\\/fi\\\/#\\\/schema\\\/logo\\\/image\\\/\"},\"sameAs\":[\"https:\\\/\\\/www.facebook.com\\\/fishingmagnets\\\/\",\"https:\\\/\\\/www.instagram.com\\\/magnetar_magnets\\\/\",\"https:\\\/\\\/www.linkedin.com\\\/company\\\/magnetarbv\\\/?originalSubdomain=nl\",\"https:\\\/\\\/www.youtube.com\\\/c\\\/MagnetarVismagneet\"]}]}<\/script>\n<!-- \/ Yoast SEO plugin. -->","yoast_head_json":{"title":"Ter\u00e4spelletin poisto on helppoa ja nopeaa mets\u00e4stysmagneetilla (video)","description":"Poista ter\u00e4spelletit helposti mets\u00e4stysmagneetilla","robots":{"index":"index","follow":"follow","max-snippet":"max-snippet:-1","max-image-preview":"max-image-preview:large","max-video-preview":"max-video-preview:-1"},"canonical":"https:\/\/magnetarmagnets.com\/fi\/shop\/vahva-metsastysmagneetti-teraspelletin-poistaja\/","og_locale":"fi_FI","og_type":"article","og_title":"Ter\u00e4spelletin poisto on helppoa ja nopeaa mets\u00e4stysmagneetilla (video)","og_description":"Poista ter\u00e4spelletit helposti mets\u00e4stysmagneetilla","og_url":"https:\/\/magnetarmagnets.com\/fi\/shop\/vahva-metsastysmagneetti-teraspelletin-poistaja\/","og_site_name":"Magnet fishing with a Magnetar fishing magnet","article_publisher":"https:\/\/www.facebook.com\/fishingmagnets\/","article_modified_time":"2026-04-07T17:27:51+00:00","og_image":[{"width":1000,"height":1000,"url":"https:\/\/magnetarmagnets.com\/wp-content\/uploads\/2023\/09\/JNF-Magnetar-Bedrijfsfotografie-01-09-2023-Foto-0142.jpg","type":"image\/jpeg"}],"twitter_card":"summary_large_image","twitter_misc":{"Arvioitu lukuaika":"2 minuuttia"},"schema":{"@context":"https:\/\/schema.org","@graph":[{"@type":["WebPage","ItemPage"],"@id":"https:\/\/magnetarmagnets.com\/fi\/shop\/vahva-metsastysmagneetti-teraspelletin-poistaja\/","url":"https:\/\/magnetarmagnets.com\/fi\/shop\/vahva-metsastysmagneetti-teraspelletin-poistaja\/","name":"Ter\u00e4spelletin poisto on helppoa ja nopeaa mets\u00e4stysmagneetilla (video)","isPartOf":{"@id":"https:\/\/magnetarmagnets.com\/fi\/#website"},"primaryImageOfPage":{"@id":"https:\/\/magnetarmagnets.com\/fi\/shop\/vahva-metsastysmagneetti-teraspelletin-poistaja\/#primaryimage"},"image":{"@id":"https:\/\/magnetarmagnets.com\/fi\/shop\/vahva-metsastysmagneetti-teraspelletin-poistaja\/#primaryimage"},"thumbnailUrl":"https:\/\/magnetarmagnets.com\/wp-content\/uploads\/2023\/09\/JNF-Magnetar-Bedrijfsfotografie-01-09-2023-Foto-0142.jpg","datePublished":"2025-06-05T07:54:42+00:00","dateModified":"2026-04-07T17:27:51+00:00","description":"Poista ter\u00e4spelletit helposti mets\u00e4stysmagneetilla","breadcrumb":{"@id":"https:\/\/magnetarmagnets.com\/fi\/shop\/vahva-metsastysmagneetti-teraspelletin-poistaja\/#breadcrumb"},"inLanguage":"fi","potentialAction":[{"@type":"ReadAction","target":["https:\/\/magnetarmagnets.com\/fi\/shop\/vahva-metsastysmagneetti-teraspelletin-poistaja\/"]}]},{"@type":"ImageObject","inLanguage":"fi","@id":"https:\/\/magnetarmagnets.com\/fi\/shop\/vahva-metsastysmagneetti-teraspelletin-poistaja\/#primaryimage","url":"https:\/\/magnetarmagnets.com\/wp-content\/uploads\/2023\/09\/JNF-Magnetar-Bedrijfsfotografie-01-09-2023-Foto-0142.jpg","contentUrl":"https:\/\/magnetarmagnets.com\/wp-content\/uploads\/2023\/09\/JNF-Magnetar-Bedrijfsfotografie-01-09-2023-Foto-0142.jpg","width":1000,"height":1000},{"@type":"BreadcrumbList","@id":"https:\/\/magnetarmagnets.com\/fi\/shop\/vahva-metsastysmagneetti-teraspelletin-poistaja\/#breadcrumb","itemListElement":[{"@type":"ListItem","position":1,"name":"Home","item":"https:\/\/magnetarmagnets.com\/fi\/"},{"@type":"ListItem","position":2,"name":"Verkkokauppa","item":"https:\/\/magnetarmagnets.com\/verkkokauppa\/"},{"@type":"ListItem","position":3,"name":"Varusteet","item":"https:\/\/magnetarmagnets.com\/fi\/collections\/varusteet\/"},{"@type":"ListItem","position":4,"name":"Oheistuotteet","item":"https:\/\/magnetarmagnets.com\/fi\/collections\/varusteet\/oheistuotteet\/"},{"@type":"ListItem","position":5,"name":"Vahva mets\u00e4stysmagneetti &#8211; Ter\u00e4spelletin poistaja"}]},{"@type":"WebSite","@id":"https:\/\/magnetarmagnets.com\/fi\/#website","url":"https:\/\/magnetarmagnets.com\/fi\/","name":"Magnet fishing with a Magnetar fishing magnet","description":"Vahvat magneetit magneettikalastukseen\n\n","publisher":{"@id":"https:\/\/magnetarmagnets.com\/fi\/#organization"},"potentialAction":[{"@type":"SearchAction","target":{"@type":"EntryPoint","urlTemplate":"https:\/\/magnetarmagnets.com\/fi\/?s={search_term_string}"},"query-input":{"@type":"PropertyValueSpecification","valueRequired":true,"valueName":"search_term_string"}}],"inLanguage":"fi"},{"@type":"Organization","@id":"https:\/\/magnetarmagnets.com\/fi\/#organization","name":"Magnetar","url":"https:\/\/magnetarmagnets.com\/fi\/","logo":{"@type":"ImageObject","inLanguage":"fi","@id":"https:\/\/magnetarmagnets.com\/fi\/#\/schema\/logo\/image\/","url":"https:\/\/magnetarmagnets.com\/wp-content\/uploads\/2025\/05\/Logo-03_PNG-Black-scaled.png","contentUrl":"https:\/\/magnetarmagnets.com\/wp-content\/uploads\/2025\/05\/Logo-03_PNG-Black-scaled.png","width":2560,"height":1658,"caption":"Magnetar"},"image":{"@id":"https:\/\/magnetarmagnets.com\/fi\/#\/schema\/logo\/image\/"},"sameAs":["https:\/\/www.facebook.com\/fishingmagnets\/","https:\/\/www.instagram.com\/magnetar_magnets\/","https:\/\/www.linkedin.com\/company\/magnetarbv\/?originalSubdomain=nl","https:\/\/www.youtube.com\/c\/MagnetarVismagneet"]}]}},"_links":{"self":[{"href":"https:\/\/magnetarmagnets.com\/fi\/wp-json\/wp\/v2\/product\/85497","targetHints":{"allow":["GET"]}}],"collection":[{"href":"https:\/\/magnetarmagnets.com\/fi\/wp-json\/wp\/v2\/product"}],"about":[{"href":"https:\/\/magnetarmagnets.com\/fi\/wp-json\/wp\/v2\/types\/product"}],"replies":[{"embeddable":true,"href":"https:\/\/magnetarmagnets.com\/fi\/wp-json\/wp\/v2\/comments?post=85497"}],"version-history":[{"count":0,"href":"https:\/\/magnetarmagnets.com\/fi\/wp-json\/wp\/v2\/product\/85497\/revisions"}],"wp:featuredmedia":[{"embeddable":true,"href":"https:\/\/magnetarmagnets.com\/fi\/wp-json\/wp\/v2\/media\/65227"}],"wp:attachment":[{"href":"https:\/\/magnetarmagnets.com\/fi\/wp-json\/wp\/v2\/media?parent=85497"}],"wp:term":[{"taxonomy":"product_brand","embeddable":true,"href":"https:\/\/magnetarmagnets.com\/fi\/wp-json\/wp\/v2\/product_brand?post=85497"},{"taxonomy":"product_cat","embeddable":true,"href":"https:\/\/magnetarmagnets.com\/fi\/wp-json\/wp\/v2\/product_cat?post=85497"},{"taxonomy":"product_tag","embeddable":true,"href":"https:\/\/magnetarmagnets.com\/fi\/wp-json\/wp\/v2\/product_tag?post=85497"}],"curies":[{"name":"wp","href":"https:\/\/api.w.org\/{rel}","templated":true}]}}