{"id":85485,"date":"2025-06-05T09:53:03","date_gmt":"2025-06-05T07:53:03","guid":{"rendered":"https:\/\/magnetarmagnets.com\/?post_type=product&#038;p=85485"},"modified":"2026-04-07T17:59:38","modified_gmt":"2026-04-07T15:59:38","slug":"cube-sarja-1350-kg-360-kulmamagneetti","status":"publish","type":"product","link":"https:\/\/magnetarmagnets.com\/fi\/shop\/cube-sarja-1350-kg-360-kulmamagneetti\/","title":{"rendered":"CUBE\u2122 -sarja &#8211; 1350 kg &#8211; 360\u00b0 Kulmamagneetti"},"content":{"rendered":"CUBE\u2122 on yksi maailman <strong>vahvimmista<\/strong> kalastusmagneeteista. Kuudella tehokkaalla magneettipintakis\u00e4tasolla sinulla on <strong>suurimmat saantimahdollisuudet<\/strong>. Kulmamagneettimme on erinomainen valinta ammattilaiselle magneettikalastajalle. Haluatko viel\u00e4 enemm\u00e4n tehoa? Tutustu silloin <a href=\"https:\/\/magnetarmagnets.com\/shop\/megacube\/\">MEGACUBE\u2122<\/a>-malliin.\n\n<h2>Miksi valita CUBE\u2122?<\/h2>\n\nMarkkinoilla on runsaasti vahvoja kalastusmagneetteja. Miksi siis valita CUBE\u2122 tavallisen <a href=\"https:\/\/magnetarmagnets.com\/collections\/fishing-magnets\/single-sided-classic\/\">yksipuolisen<\/a>, <a href=\"https:\/\/magnetarmagnets.com\/double-sided-fishing-magnet\/\">kaksipuolisen<\/a> tai <a href=\"https:\/\/magnetarmagnets.com\/collections\/fishing-magnets\/allround-magnets-360\/\">360 asteen<\/a> kalastusmagneetin sijaan?\n\n<ul>\n\n<li><strong>Suurimmat saantimahdollisuudet<\/strong>: CUBE\u2122 on magneettinen kaikilla kuudella sivullaan. T\u00e4m\u00e4 ylitt\u00e4\u00e4 tavallisen 360\u00b0 kalastusmagneetin ja muodostaa huomattavasti suuremman magneettikent\u00e4n;<\/li>\n\n<li><strong>Design<\/strong>: kuusi suoraa pintaa tarjoaa paremman pidon kuin py\u00f6re\u00e4t magneetit, mik\u00e4 lis\u00e4\u00e4 esineiden, kuten kassakaappien, nostamisen todenn\u00e4k\u00f6isyytt\u00e4;<\/li>\n\n<li><strong>Tuhoamaton<\/strong>: toisin kuin muut neodyymimagneetit, t\u00e4m\u00e4 kulmamagneetti on 100 % suojattu ja s\u00e4ilytt\u00e4\u00e4 100 % vetovoimastaan;<\/li>\n\n<li><strong>Pidempi vetovoima<\/strong>: vetovoima on vaikuttavat 17 cm, huomattavasti pidempi kuin muilla kalastusmagneeteilla;<\/li>\n\n<li><strong>Valmis k\u00e4ytt\u00f6\u00f6n<\/strong>: t\u00e4ysin koottu, liimattu ja varmistettu &#8211; CUBE\u2122 on heti k\u00e4ytt\u00f6valmis;<\/li>\n\n<li><strong>T\u00e4ydellinen paketti<\/strong>: CUBE\u2122 tulee vahvassa kotelossa, <a href=\"https:\/\/magnetarmagnets.com\/shop\/magnet-fishing-rope\/\">8 mm k\u00f6ydell\u00e4<\/a> ja <a href=\"https:\/\/magnetarmagnets.com\/shop\/magnet-fishing-glove\/\">k\u00e4sineill\u00e4<\/a>.<\/li>\n\n<\/ul>\n\n&nbsp;\n\n<p class=\"x_elementToProof\" data-ogsb=\"rgb(255, 255, 255)\"><em>Suojattu rekister\u00f6idyll\u00e4 yhteis\u00f6mallilla (015054920-0001 \/ -0004)<\/em><\/p>","protected":false},"excerpt":{"rendered":"<p>Tutustu vallankumoukselliseen CUBE\u2122-magneettiin. T\u00e4m\u00e4 <strong>kulmamagneetti<\/strong> on yksi maailman <strong>vahvimmista kalastusmagneeteista<\/strong> ja se toimitetaan <strong>t\u00e4ydellisen\u00e4 pakettina<\/strong> ammattimaisessa kotelossa, k\u00f6ydess\u00e4 ja k\u00e4sineiss\u00e4.<\/p>\n","protected":false},"featured_media":80606,"comment_status":"open","ping_status":"closed","template":"","meta":{"_acf_changed":false,"inline_featured_image":false},"product_brand":[],"product_cat":[726,713,712,719,725,714],"product_tag":[],"class_list":{"0":"post-85485","1":"product","2":"type-product","3":"status-publish","4":"has-post-thumbnail","6":"product_cat-ammattilaiset","7":"product_cat-block-360-kalastusmagneetit","8":"product_cat-kalastusmagneetit","9":"product_cat-kalastusmagneettipaketti","10":"product_cat-kokeneet-seikkailijat","11":"product_cat-vahvimmat-kalastusmagneetit","13":"first","14":"onbackorder","15":"taxable","16":"shipping-taxable","17":"purchasable","18":"product-type-simple"},"acf":[],"yoast_head":"<!-- This site is optimized with the Yoast SEO plugin v27.3 - https:\/\/yoast.com\/product\/yoast-seo-wordpress\/ -->\n<title>CUBE\u2122 -sarja - 1350 kg - 360\u00b0 Kulmamagneetti - Magnet fishing with a Magnetar fishing magnet<\/title>\n<meta name=\"description\" content=\"CUBE\u2122 on yksi maailman vahvimmista kalastusmagneeteista. T\u00e4m\u00e4 kulmamagneetti toimitetaan valmiissa paketissa. Paras valinta magneettikalastukseen.\" \/>\n<meta name=\"robots\" content=\"index, follow, max-snippet:-1, max-image-preview:large, max-video-preview:-1\" \/>\n<link rel=\"canonical\" href=\"https:\/\/magnetarmagnets.com\/fi\/shop\/cube-sarja-1350-kg-360-kulmamagneetti\/\" \/>\n<meta property=\"og:locale\" content=\"fi_FI\" \/>\n<meta property=\"og:type\" content=\"article\" \/>\n<meta property=\"og:title\" content=\"CUBE\u2122 -sarja - 1350 kg - 360\u00b0 Kulmamagneetti - Magnet fishing with a Magnetar fishing magnet\" \/>\n<meta property=\"og:description\" content=\"CUBE\u2122 on yksi maailman vahvimmista kalastusmagneeteista. T\u00e4m\u00e4 kulmamagneetti toimitetaan valmiissa paketissa. Paras valinta magneettikalastukseen.\" \/>\n<meta property=\"og:url\" content=\"https:\/\/magnetarmagnets.com\/fi\/shop\/cube-sarja-1350-kg-360-kulmamagneetti\/\" \/>\n<meta property=\"og:site_name\" content=\"Magnet fishing with a Magnetar fishing magnet\" \/>\n<meta property=\"article:publisher\" content=\"https:\/\/www.facebook.com\/fishingmagnets\/\" \/>\n<meta property=\"article:modified_time\" content=\"2026-04-07T15:59:38+00:00\" \/>\n<meta property=\"og:image\" content=\"https:\/\/magnetarmagnets.com\/wp-content\/uploads\/2024\/04\/4.png\" \/>\n\t<meta property=\"og:image:width\" content=\"1500\" \/>\n\t<meta property=\"og:image:height\" content=\"1500\" \/>\n\t<meta property=\"og:image:type\" content=\"image\/png\" \/>\n<meta name=\"twitter:card\" content=\"summary_large_image\" \/>\n<meta name=\"twitter:label1\" content=\"Arvioitu lukuaika\" \/>\n\t<meta name=\"twitter:data1\" content=\"2 minuuttia\" \/>\n<script type=\"application\/ld+json\" class=\"yoast-schema-graph\">{\"@context\":\"https:\\\/\\\/schema.org\",\"@graph\":[{\"@type\":[\"WebPage\",\"ItemPage\"],\"@id\":\"https:\\\/\\\/magnetarmagnets.com\\\/fi\\\/shop\\\/cube-sarja-1350-kg-360-kulmamagneetti\\\/\",\"url\":\"https:\\\/\\\/magnetarmagnets.com\\\/fi\\\/shop\\\/cube-sarja-1350-kg-360-kulmamagneetti\\\/\",\"name\":\"CUBE\u2122 -sarja - 1350 kg - 360\u00b0 Kulmamagneetti - Magnet fishing with a Magnetar fishing magnet\",\"isPartOf\":{\"@id\":\"https:\\\/\\\/magnetarmagnets.com\\\/fi\\\/#website\"},\"primaryImageOfPage\":{\"@id\":\"https:\\\/\\\/magnetarmagnets.com\\\/fi\\\/shop\\\/cube-sarja-1350-kg-360-kulmamagneetti\\\/#primaryimage\"},\"image\":{\"@id\":\"https:\\\/\\\/magnetarmagnets.com\\\/fi\\\/shop\\\/cube-sarja-1350-kg-360-kulmamagneetti\\\/#primaryimage\"},\"thumbnailUrl\":\"https:\\\/\\\/magnetarmagnets.com\\\/wp-content\\\/uploads\\\/2024\\\/04\\\/4.png\",\"datePublished\":\"2025-06-05T07:53:03+00:00\",\"dateModified\":\"2026-04-07T15:59:38+00:00\",\"description\":\"CUBE\u2122 on yksi maailman vahvimmista kalastusmagneeteista. T\u00e4m\u00e4 kulmamagneetti toimitetaan valmiissa paketissa. Paras valinta magneettikalastukseen.\",\"breadcrumb\":{\"@id\":\"https:\\\/\\\/magnetarmagnets.com\\\/fi\\\/shop\\\/cube-sarja-1350-kg-360-kulmamagneetti\\\/#breadcrumb\"},\"inLanguage\":\"fi\",\"potentialAction\":[{\"@type\":\"ReadAction\",\"target\":[\"https:\\\/\\\/magnetarmagnets.com\\\/fi\\\/shop\\\/cube-sarja-1350-kg-360-kulmamagneetti\\\/\"]}]},{\"@type\":\"ImageObject\",\"inLanguage\":\"fi\",\"@id\":\"https:\\\/\\\/magnetarmagnets.com\\\/fi\\\/shop\\\/cube-sarja-1350-kg-360-kulmamagneetti\\\/#primaryimage\",\"url\":\"https:\\\/\\\/magnetarmagnets.com\\\/wp-content\\\/uploads\\\/2024\\\/04\\\/4.png\",\"contentUrl\":\"https:\\\/\\\/magnetarmagnets.com\\\/wp-content\\\/uploads\\\/2024\\\/04\\\/4.png\",\"width\":1500,\"height\":1500,\"caption\":\"CUBE KIT\"},{\"@type\":\"BreadcrumbList\",\"@id\":\"https:\\\/\\\/magnetarmagnets.com\\\/fi\\\/shop\\\/cube-sarja-1350-kg-360-kulmamagneetti\\\/#breadcrumb\",\"itemListElement\":[{\"@type\":\"ListItem\",\"position\":1,\"name\":\"Home\",\"item\":\"https:\\\/\\\/magnetarmagnets.com\\\/fi\\\/\"},{\"@type\":\"ListItem\",\"position\":2,\"name\":\"Verkkokauppa\",\"item\":\"https:\\\/\\\/magnetarmagnets.com\\\/verkkokauppa\\\/\"},{\"@type\":\"ListItem\",\"position\":3,\"name\":\"Kalastusmagneetit\",\"item\":\"https:\\\/\\\/magnetarmagnets.com\\\/fi\\\/collections\\\/kalastusmagneetit\\\/\"},{\"@type\":\"ListItem\",\"position\":4,\"name\":\"Block 360\u00b0 kalastusmagneetit\",\"item\":\"https:\\\/\\\/magnetarmagnets.com\\\/fi\\\/collections\\\/kalastusmagneetit\\\/block-360-kalastusmagneetit\\\/\"},{\"@type\":\"ListItem\",\"position\":5,\"name\":\"CUBE\u2122 -sarja &#8211; 1350 kg &#8211; 360\u00b0 Kulmamagneetti\"}]},{\"@type\":\"WebSite\",\"@id\":\"https:\\\/\\\/magnetarmagnets.com\\\/fi\\\/#website\",\"url\":\"https:\\\/\\\/magnetarmagnets.com\\\/fi\\\/\",\"name\":\"Magnet fishing with a Magnetar fishing magnet\",\"description\":\"Vahvat magneetit magneettikalastukseen\\n\\n\",\"publisher\":{\"@id\":\"https:\\\/\\\/magnetarmagnets.com\\\/fi\\\/#organization\"},\"potentialAction\":[{\"@type\":\"SearchAction\",\"target\":{\"@type\":\"EntryPoint\",\"urlTemplate\":\"https:\\\/\\\/magnetarmagnets.com\\\/fi\\\/?s={search_term_string}\"},\"query-input\":{\"@type\":\"PropertyValueSpecification\",\"valueRequired\":true,\"valueName\":\"search_term_string\"}}],\"inLanguage\":\"fi\"},{\"@type\":\"Organization\",\"@id\":\"https:\\\/\\\/magnetarmagnets.com\\\/fi\\\/#organization\",\"name\":\"Magnetar\",\"url\":\"https:\\\/\\\/magnetarmagnets.com\\\/fi\\\/\",\"logo\":{\"@type\":\"ImageObject\",\"inLanguage\":\"fi\",\"@id\":\"https:\\\/\\\/magnetarmagnets.com\\\/fi\\\/#\\\/schema\\\/logo\\\/image\\\/\",\"url\":\"https:\\\/\\\/magnetarmagnets.com\\\/wp-content\\\/uploads\\\/2025\\\/05\\\/Logo-03_PNG-Black-scaled.png\",\"contentUrl\":\"https:\\\/\\\/magnetarmagnets.com\\\/wp-content\\\/uploads\\\/2025\\\/05\\\/Logo-03_PNG-Black-scaled.png\",\"width\":2560,\"height\":1658,\"caption\":\"Magnetar\"},\"image\":{\"@id\":\"https:\\\/\\\/magnetarmagnets.com\\\/fi\\\/#\\\/schema\\\/logo\\\/image\\\/\"},\"sameAs\":[\"https:\\\/\\\/www.facebook.com\\\/fishingmagnets\\\/\",\"https:\\\/\\\/www.instagram.com\\\/magnetar_magnets\\\/\",\"https:\\\/\\\/www.linkedin.com\\\/company\\\/magnetarbv\\\/?originalSubdomain=nl\",\"https:\\\/\\\/www.youtube.com\\\/c\\\/MagnetarVismagneet\"]}]}<\/script>\n<!-- \/ Yoast SEO plugin. -->","yoast_head_json":{"title":"CUBE\u2122 -sarja - 1350 kg - 360\u00b0 Kulmamagneetti - Magnet fishing with a Magnetar fishing magnet","description":"CUBE\u2122 on yksi maailman vahvimmista kalastusmagneeteista. T\u00e4m\u00e4 kulmamagneetti toimitetaan valmiissa paketissa. Paras valinta magneettikalastukseen.","robots":{"index":"index","follow":"follow","max-snippet":"max-snippet:-1","max-image-preview":"max-image-preview:large","max-video-preview":"max-video-preview:-1"},"canonical":"https:\/\/magnetarmagnets.com\/fi\/shop\/cube-sarja-1350-kg-360-kulmamagneetti\/","og_locale":"fi_FI","og_type":"article","og_title":"CUBE\u2122 -sarja - 1350 kg - 360\u00b0 Kulmamagneetti - Magnet fishing with a Magnetar fishing magnet","og_description":"CUBE\u2122 on yksi maailman vahvimmista kalastusmagneeteista. T\u00e4m\u00e4 kulmamagneetti toimitetaan valmiissa paketissa. Paras valinta magneettikalastukseen.","og_url":"https:\/\/magnetarmagnets.com\/fi\/shop\/cube-sarja-1350-kg-360-kulmamagneetti\/","og_site_name":"Magnet fishing with a Magnetar fishing magnet","article_publisher":"https:\/\/www.facebook.com\/fishingmagnets\/","article_modified_time":"2026-04-07T15:59:38+00:00","og_image":[{"width":1500,"height":1500,"url":"https:\/\/magnetarmagnets.com\/wp-content\/uploads\/2024\/04\/4.png","type":"image\/png"}],"twitter_card":"summary_large_image","twitter_misc":{"Arvioitu lukuaika":"2 minuuttia"},"schema":{"@context":"https:\/\/schema.org","@graph":[{"@type":["WebPage","ItemPage"],"@id":"https:\/\/magnetarmagnets.com\/fi\/shop\/cube-sarja-1350-kg-360-kulmamagneetti\/","url":"https:\/\/magnetarmagnets.com\/fi\/shop\/cube-sarja-1350-kg-360-kulmamagneetti\/","name":"CUBE\u2122 -sarja - 1350 kg - 360\u00b0 Kulmamagneetti - Magnet fishing with a Magnetar fishing magnet","isPartOf":{"@id":"https:\/\/magnetarmagnets.com\/fi\/#website"},"primaryImageOfPage":{"@id":"https:\/\/magnetarmagnets.com\/fi\/shop\/cube-sarja-1350-kg-360-kulmamagneetti\/#primaryimage"},"image":{"@id":"https:\/\/magnetarmagnets.com\/fi\/shop\/cube-sarja-1350-kg-360-kulmamagneetti\/#primaryimage"},"thumbnailUrl":"https:\/\/magnetarmagnets.com\/wp-content\/uploads\/2024\/04\/4.png","datePublished":"2025-06-05T07:53:03+00:00","dateModified":"2026-04-07T15:59:38+00:00","description":"CUBE\u2122 on yksi maailman vahvimmista kalastusmagneeteista. T\u00e4m\u00e4 kulmamagneetti toimitetaan valmiissa paketissa. Paras valinta magneettikalastukseen.","breadcrumb":{"@id":"https:\/\/magnetarmagnets.com\/fi\/shop\/cube-sarja-1350-kg-360-kulmamagneetti\/#breadcrumb"},"inLanguage":"fi","potentialAction":[{"@type":"ReadAction","target":["https:\/\/magnetarmagnets.com\/fi\/shop\/cube-sarja-1350-kg-360-kulmamagneetti\/"]}]},{"@type":"ImageObject","inLanguage":"fi","@id":"https:\/\/magnetarmagnets.com\/fi\/shop\/cube-sarja-1350-kg-360-kulmamagneetti\/#primaryimage","url":"https:\/\/magnetarmagnets.com\/wp-content\/uploads\/2024\/04\/4.png","contentUrl":"https:\/\/magnetarmagnets.com\/wp-content\/uploads\/2024\/04\/4.png","width":1500,"height":1500,"caption":"CUBE KIT"},{"@type":"BreadcrumbList","@id":"https:\/\/magnetarmagnets.com\/fi\/shop\/cube-sarja-1350-kg-360-kulmamagneetti\/#breadcrumb","itemListElement":[{"@type":"ListItem","position":1,"name":"Home","item":"https:\/\/magnetarmagnets.com\/fi\/"},{"@type":"ListItem","position":2,"name":"Verkkokauppa","item":"https:\/\/magnetarmagnets.com\/verkkokauppa\/"},{"@type":"ListItem","position":3,"name":"Kalastusmagneetit","item":"https:\/\/magnetarmagnets.com\/fi\/collections\/kalastusmagneetit\/"},{"@type":"ListItem","position":4,"name":"Block 360\u00b0 kalastusmagneetit","item":"https:\/\/magnetarmagnets.com\/fi\/collections\/kalastusmagneetit\/block-360-kalastusmagneetit\/"},{"@type":"ListItem","position":5,"name":"CUBE\u2122 -sarja &#8211; 1350 kg &#8211; 360\u00b0 Kulmamagneetti"}]},{"@type":"WebSite","@id":"https:\/\/magnetarmagnets.com\/fi\/#website","url":"https:\/\/magnetarmagnets.com\/fi\/","name":"Magnet fishing with a Magnetar fishing magnet","description":"Vahvat magneetit magneettikalastukseen\n\n","publisher":{"@id":"https:\/\/magnetarmagnets.com\/fi\/#organization"},"potentialAction":[{"@type":"SearchAction","target":{"@type":"EntryPoint","urlTemplate":"https:\/\/magnetarmagnets.com\/fi\/?s={search_term_string}"},"query-input":{"@type":"PropertyValueSpecification","valueRequired":true,"valueName":"search_term_string"}}],"inLanguage":"fi"},{"@type":"Organization","@id":"https:\/\/magnetarmagnets.com\/fi\/#organization","name":"Magnetar","url":"https:\/\/magnetarmagnets.com\/fi\/","logo":{"@type":"ImageObject","inLanguage":"fi","@id":"https:\/\/magnetarmagnets.com\/fi\/#\/schema\/logo\/image\/","url":"https:\/\/magnetarmagnets.com\/wp-content\/uploads\/2025\/05\/Logo-03_PNG-Black-scaled.png","contentUrl":"https:\/\/magnetarmagnets.com\/wp-content\/uploads\/2025\/05\/Logo-03_PNG-Black-scaled.png","width":2560,"height":1658,"caption":"Magnetar"},"image":{"@id":"https:\/\/magnetarmagnets.com\/fi\/#\/schema\/logo\/image\/"},"sameAs":["https:\/\/www.facebook.com\/fishingmagnets\/","https:\/\/www.instagram.com\/magnetar_magnets\/","https:\/\/www.linkedin.com\/company\/magnetarbv\/?originalSubdomain=nl","https:\/\/www.youtube.com\/c\/MagnetarVismagneet"]}]}},"_links":{"self":[{"href":"https:\/\/magnetarmagnets.com\/fi\/wp-json\/wp\/v2\/product\/85485","targetHints":{"allow":["GET"]}}],"collection":[{"href":"https:\/\/magnetarmagnets.com\/fi\/wp-json\/wp\/v2\/product"}],"about":[{"href":"https:\/\/magnetarmagnets.com\/fi\/wp-json\/wp\/v2\/types\/product"}],"replies":[{"embeddable":true,"href":"https:\/\/magnetarmagnets.com\/fi\/wp-json\/wp\/v2\/comments?post=85485"}],"version-history":[{"count":0,"href":"https:\/\/magnetarmagnets.com\/fi\/wp-json\/wp\/v2\/product\/85485\/revisions"}],"wp:featuredmedia":[{"embeddable":true,"href":"https:\/\/magnetarmagnets.com\/fi\/wp-json\/wp\/v2\/media\/80606"}],"wp:attachment":[{"href":"https:\/\/magnetarmagnets.com\/fi\/wp-json\/wp\/v2\/media?parent=85485"}],"wp:term":[{"taxonomy":"product_brand","embeddable":true,"href":"https:\/\/magnetarmagnets.com\/fi\/wp-json\/wp\/v2\/product_brand?post=85485"},{"taxonomy":"product_cat","embeddable":true,"href":"https:\/\/magnetarmagnets.com\/fi\/wp-json\/wp\/v2\/product_cat?post=85485"},{"taxonomy":"product_tag","embeddable":true,"href":"https:\/\/magnetarmagnets.com\/fi\/wp-json\/wp\/v2\/product_tag?post=85485"}],"curies":[{"name":"wp","href":"https:\/\/api.w.org\/{rel}","templated":true}]}}