{"id":85483,"date":"2025-06-05T09:53:03","date_gmt":"2025-06-05T07:53:03","guid":{"rendered":"https:\/\/magnetarmagnets.com\/?post_type=product&#038;p=85483"},"modified":"2026-04-05T06:18:32","modified_gmt":"2026-04-05T04:18:32","slug":"megacube-sarja-2700-kg-360-lohkomainen-magneetti","status":"publish","type":"product","link":"https:\/\/magnetarmagnets.com\/fi\/shop\/megacube-sarja-2700-kg-360-lohkomainen-magneetti\/","title":{"rendered":"MEGACUBE \u2122 sarja &#8211; 2700 kg &#8211; 360\u00b0 lohkomainen magneetti"},"content":{"rendered":"MEGACUBE \u2122 on maailman <strong>vahvin<\/strong> kalastusmagneetti! Kuudella 1000 lb \/ 450 kg magneettipinta-alallasi on <strong>parhaat mahdollisuudet saada saalis<\/strong>. Kuutemme kalastusmagneetti on paras valinta ammattimaisille kalastusmagneetin k\u00e4ytt\u00e4jille.\n\n<h2>Miksi valita MEGACUBE \u2122?<\/h2>\n\nVahvoja kalastusmagneetteja on monia. Miksi sitten valita Magnetarin MEGACUBE \u2122 verrattuna <a href=\"https:\/\/magnetarmagnets.com\/collections\/fishing-magnets\/single-sided-classic\/\">yksipuoliseen<\/a>, <a href=\"https:\/\/magnetarmagnets.com\/double-sided-fishing-magnet\/\">kaksipuoliseen<\/a> tai <a href=\"https:\/\/magnetarmagnets.com\/collections\/fishing-magnets\/allround-magnets-360\/\">ymp\u00e4riins\u00e4 magneettiin<\/a>?\n\n<ul>\n\n\t<li><strong>Suuremmat saalismahdollisuudet<\/strong>: MEGACUBE \u2122 on magneettinen kuudella puolella. T\u00e4m\u00e4 ylitt\u00e4\u00e4 ymp\u00e4ripy\u00f6riv\u00e4n kalastusmagneetin ja muodostaa huomattavasti suuremman magneettikent\u00e4n;<\/li>\n\n\t<li><strong>Muotoilu<\/strong>: kuusi suoraa pintaa tarjoavat paremman pidon kuin py\u00f6re\u00e4t magneetit. T\u00e4m\u00e4 lis\u00e4\u00e4 mahdollisuutta nostaa esineit\u00e4, kuten tallelokeroita, vedest\u00e4;<\/li>\n\n\t<li><strong>Tuhoamaton<\/strong>: toisin kuin muut neodyymikalastusmagneetit, t\u00e4m\u00e4 lohkomainen magneetti on 100% suojattu. Lis\u00e4ksi t\u00e4m\u00e4 kalastusmagneetti s\u00e4ilytt\u00e4\u00e4 100% vetovoimastaan;<\/li>\n\n\t<li><strong>Suurempi vetovoimaet\u00e4isyys<\/strong>: Vetovoimaet\u00e4isyys on vaikuttava 22,5 cm, merkitt\u00e4v\u00e4sti suurempi kuin muilla kalastusmagneeteilla;<\/li>\n\n\t<li><strong>Valmis toimintaan<\/strong>: t\u00e4ysin koottu, liimattu ja turvallinen. MEGACUBE \u2122 on heti k\u00e4ytt\u00f6valmis;<\/li>\n\n\t<li><strong>Kokonainen<\/strong>: MEGACUBE \u2122 toimitetaan ilmaisen tukevan kotelon, <a href=\"https:\/\/magnetarmagnets.com\/shop\/magnet-fishing-rope\/\">10 mm k\u00f6yden<\/a> ja <a href=\"https:\/\/magnetarmagnets.com\/shop\/magnet-fishing-glove\/\">k\u00e4sineiden<\/a> kanssa.<\/li>\n\n<\/ul>\n\n<h2>Magneettikalastuksen pelin muuttaja<\/h2>\n\nMEGACUBE \u2122 on vertaansa vailla. Mik\u00e4\u00e4n muu kalastusmagneetti ei yll\u00e4 l\u00e4hellek\u00e4\u00e4n. Sen m\u00e4\u00e4ritt\u00e4vi\u00e4 ominaisuuksia ovat 360\u00b0 vetovoima, kuusi magneettipintaa, kest\u00e4vyys ja kuution valtava vetovoimaet\u00e4isyys. T\u00e4m\u00e4 voimakone, jonka mitat ovat 74 x 74 x 74 mm (3x3x3 tuumaa), on kookas magneetti. 22,5 cm vetovoimaet\u00e4isyys ja kokonaisvetovoima 2700 kg takaavat, ett\u00e4 saat kaiken arvokkaan nostettua merenpohjasta.\n\n<h2>Varoitus!<\/h2>\n\nNeodyymmagneettimme ovat eritt\u00e4in voimakkaita. Rautaiset esineet voivat lyhyess\u00e4kin et\u00e4isyydess\u00e4 vet\u00e4yty\u00e4 magneettien voimasta nopeasti. Joissain tapauksissa sormi voi j\u00e4\u00e4d\u00e4 kiinni magneetin ja esineen v\u00e4liin. K\u00e4sittele magneetteja aina varoen ja k\u00e4yt\u00e4 niit\u00e4 omalla vastuulla. Lue turvallisuusohjeemme ennen k\u00e4ytt\u00f6\u00e4.\n\n\n\n*T\u00e4m\u00e4 tuote ei sovellu lapsille.\n\n\n\n&nbsp;\n\n<p class=\"x_elementToProof\" data-ogsb=\"rgb(255, 255, 255)\"><em>Suojattu rekister\u00f6idyll\u00e4 yhteis\u00f6mallilla (015054920-0001 \/ -0004)<\/em><\/p>","protected":false},"excerpt":{"rendered":"<p>MEGACUBE \u2122 kalastusmagneetti. <strong>Magneettikalastus<\/strong> kuusinkertaisella voimalla. Tulos. Hauskuus!<\/p>\n<p>Maailman <strong>vahvin magneetti<\/strong> toimitetaan <strong>valmiina<\/strong> ammattimaisessa kotelossa k\u00f6yden ja k\u00e4sineiden kanssa.<\/p>\n","protected":false},"featured_media":80602,"comment_status":"open","ping_status":"closed","template":"","meta":{"_acf_changed":false,"inline_featured_image":false},"product_brand":[],"product_cat":[726,713,712,719,714],"product_tag":[],"class_list":{"0":"post-85483","1":"product","2":"type-product","3":"status-publish","4":"has-post-thumbnail","6":"product_cat-ammattilaiset","7":"product_cat-block-360-kalastusmagneetit","8":"product_cat-kalastusmagneetit","9":"product_cat-kalastusmagneettipaketti","10":"product_cat-vahvimmat-kalastusmagneetit","12":"first","13":"instock","14":"taxable","15":"shipping-taxable","16":"purchasable","17":"product-type-simple"},"acf":[],"yoast_head":"<!-- This site is optimized with the Yoast SEO plugin v27.3 - https:\/\/yoast.com\/product\/yoast-seo-wordpress\/ -->\n<title>MEGACUBE \u2122 sarja - 6000 lb \/ 2700 kg - 360\u00b0 lohkomainen magneetti - Magnet fishing with a Magnetar fishing magnet<\/title>\n<meta name=\"description\" content=\"MEGACUBE \u2122 on maailman vahvin kalastusmagneetti. T\u00e4m\u00e4 kuutio toimitetaan valmiina pakkauksena. Paras valinta magneettikalastukseen.\" \/>\n<meta name=\"robots\" content=\"index, follow, max-snippet:-1, max-image-preview:large, max-video-preview:-1\" \/>\n<link rel=\"canonical\" href=\"https:\/\/magnetarmagnets.com\/fi\/shop\/megacube-sarja-2700-kg-360-lohkomainen-magneetti\/\" \/>\n<meta property=\"og:locale\" content=\"fi_FI\" \/>\n<meta property=\"og:type\" content=\"article\" \/>\n<meta property=\"og:title\" content=\"MEGACUBE \u2122 sarja - 6000 lb \/ 2700 kg - 360\u00b0 lohkomainen magneetti - Magnet fishing with a Magnetar fishing magnet\" \/>\n<meta property=\"og:description\" content=\"MEGACUBE \u2122 on maailman vahvin kalastusmagneetti. T\u00e4m\u00e4 kuutio toimitetaan valmiina pakkauksena. Paras valinta magneettikalastukseen.\" \/>\n<meta property=\"og:url\" content=\"https:\/\/magnetarmagnets.com\/fi\/shop\/megacube-sarja-2700-kg-360-lohkomainen-magneetti\/\" \/>\n<meta property=\"og:site_name\" content=\"Magnet fishing with a Magnetar fishing magnet\" \/>\n<meta property=\"article:publisher\" content=\"https:\/\/www.facebook.com\/fishingmagnets\/\" \/>\n<meta property=\"article:modified_time\" content=\"2026-04-05T04:18:32+00:00\" \/>\n<meta property=\"og:image\" content=\"https:\/\/magnetarmagnets.com\/wp-content\/uploads\/2024\/04\/3.png\" \/>\n\t<meta property=\"og:image:width\" content=\"1500\" \/>\n\t<meta property=\"og:image:height\" content=\"1500\" \/>\n\t<meta property=\"og:image:type\" content=\"image\/png\" \/>\n<meta name=\"twitter:card\" content=\"summary_large_image\" \/>\n<meta name=\"twitter:label1\" content=\"Arvioitu lukuaika\" \/>\n\t<meta name=\"twitter:data1\" content=\"2 minuuttia\" \/>\n<script type=\"application\/ld+json\" class=\"yoast-schema-graph\">{\"@context\":\"https:\\\/\\\/schema.org\",\"@graph\":[{\"@type\":[\"WebPage\",\"ItemPage\"],\"@id\":\"https:\\\/\\\/magnetarmagnets.com\\\/fi\\\/shop\\\/megacube-sarja-2700-kg-360-lohkomainen-magneetti\\\/\",\"url\":\"https:\\\/\\\/magnetarmagnets.com\\\/fi\\\/shop\\\/megacube-sarja-2700-kg-360-lohkomainen-magneetti\\\/\",\"name\":\"MEGACUBE \u2122 sarja - 6000 lb \\\/ 2700 kg - 360\u00b0 lohkomainen magneetti - Magnet fishing with a Magnetar fishing magnet\",\"isPartOf\":{\"@id\":\"https:\\\/\\\/magnetarmagnets.com\\\/fi\\\/#website\"},\"primaryImageOfPage\":{\"@id\":\"https:\\\/\\\/magnetarmagnets.com\\\/fi\\\/shop\\\/megacube-sarja-2700-kg-360-lohkomainen-magneetti\\\/#primaryimage\"},\"image\":{\"@id\":\"https:\\\/\\\/magnetarmagnets.com\\\/fi\\\/shop\\\/megacube-sarja-2700-kg-360-lohkomainen-magneetti\\\/#primaryimage\"},\"thumbnailUrl\":\"https:\\\/\\\/magnetarmagnets.com\\\/wp-content\\\/uploads\\\/2024\\\/04\\\/3.png\",\"datePublished\":\"2025-06-05T07:53:03+00:00\",\"dateModified\":\"2026-04-05T04:18:32+00:00\",\"description\":\"MEGACUBE \u2122 on maailman vahvin kalastusmagneetti. T\u00e4m\u00e4 kuutio toimitetaan valmiina pakkauksena. Paras valinta magneettikalastukseen.\",\"breadcrumb\":{\"@id\":\"https:\\\/\\\/magnetarmagnets.com\\\/fi\\\/shop\\\/megacube-sarja-2700-kg-360-lohkomainen-magneetti\\\/#breadcrumb\"},\"inLanguage\":\"fi\",\"potentialAction\":[{\"@type\":\"ReadAction\",\"target\":[\"https:\\\/\\\/magnetarmagnets.com\\\/fi\\\/shop\\\/megacube-sarja-2700-kg-360-lohkomainen-magneetti\\\/\"]}]},{\"@type\":\"ImageObject\",\"inLanguage\":\"fi\",\"@id\":\"https:\\\/\\\/magnetarmagnets.com\\\/fi\\\/shop\\\/megacube-sarja-2700-kg-360-lohkomainen-magneetti\\\/#primaryimage\",\"url\":\"https:\\\/\\\/magnetarmagnets.com\\\/wp-content\\\/uploads\\\/2024\\\/04\\\/3.png\",\"contentUrl\":\"https:\\\/\\\/magnetarmagnets.com\\\/wp-content\\\/uploads\\\/2024\\\/04\\\/3.png\",\"width\":1500,\"height\":1500,\"caption\":\"MEGACUBE KIT\"},{\"@type\":\"BreadcrumbList\",\"@id\":\"https:\\\/\\\/magnetarmagnets.com\\\/fi\\\/shop\\\/megacube-sarja-2700-kg-360-lohkomainen-magneetti\\\/#breadcrumb\",\"itemListElement\":[{\"@type\":\"ListItem\",\"position\":1,\"name\":\"Home\",\"item\":\"https:\\\/\\\/magnetarmagnets.com\\\/fi\\\/\"},{\"@type\":\"ListItem\",\"position\":2,\"name\":\"Verkkokauppa\",\"item\":\"https:\\\/\\\/magnetarmagnets.com\\\/verkkokauppa\\\/\"},{\"@type\":\"ListItem\",\"position\":3,\"name\":\"Kalastusmagneetit\",\"item\":\"https:\\\/\\\/magnetarmagnets.com\\\/fi\\\/collections\\\/kalastusmagneetit\\\/\"},{\"@type\":\"ListItem\",\"position\":4,\"name\":\"Block 360\u00b0 kalastusmagneetit\",\"item\":\"https:\\\/\\\/magnetarmagnets.com\\\/fi\\\/collections\\\/kalastusmagneetit\\\/block-360-kalastusmagneetit\\\/\"},{\"@type\":\"ListItem\",\"position\":5,\"name\":\"MEGACUBE \u2122 sarja &#8211; 2700 kg &#8211; 360\u00b0 lohkomainen magneetti\"}]},{\"@type\":\"WebSite\",\"@id\":\"https:\\\/\\\/magnetarmagnets.com\\\/fi\\\/#website\",\"url\":\"https:\\\/\\\/magnetarmagnets.com\\\/fi\\\/\",\"name\":\"Magnet fishing with a Magnetar fishing magnet\",\"description\":\"Vahvat magneetit magneettikalastukseen\\n\\n\",\"publisher\":{\"@id\":\"https:\\\/\\\/magnetarmagnets.com\\\/fi\\\/#organization\"},\"potentialAction\":[{\"@type\":\"SearchAction\",\"target\":{\"@type\":\"EntryPoint\",\"urlTemplate\":\"https:\\\/\\\/magnetarmagnets.com\\\/fi\\\/?s={search_term_string}\"},\"query-input\":{\"@type\":\"PropertyValueSpecification\",\"valueRequired\":true,\"valueName\":\"search_term_string\"}}],\"inLanguage\":\"fi\"},{\"@type\":\"Organization\",\"@id\":\"https:\\\/\\\/magnetarmagnets.com\\\/fi\\\/#organization\",\"name\":\"Magnetar\",\"url\":\"https:\\\/\\\/magnetarmagnets.com\\\/fi\\\/\",\"logo\":{\"@type\":\"ImageObject\",\"inLanguage\":\"fi\",\"@id\":\"https:\\\/\\\/magnetarmagnets.com\\\/fi\\\/#\\\/schema\\\/logo\\\/image\\\/\",\"url\":\"https:\\\/\\\/magnetarmagnets.com\\\/wp-content\\\/uploads\\\/2025\\\/05\\\/Logo-03_PNG-Black-scaled.png\",\"contentUrl\":\"https:\\\/\\\/magnetarmagnets.com\\\/wp-content\\\/uploads\\\/2025\\\/05\\\/Logo-03_PNG-Black-scaled.png\",\"width\":2560,\"height\":1658,\"caption\":\"Magnetar\"},\"image\":{\"@id\":\"https:\\\/\\\/magnetarmagnets.com\\\/fi\\\/#\\\/schema\\\/logo\\\/image\\\/\"},\"sameAs\":[\"https:\\\/\\\/www.facebook.com\\\/fishingmagnets\\\/\",\"https:\\\/\\\/www.instagram.com\\\/magnetar_magnets\\\/\",\"https:\\\/\\\/www.linkedin.com\\\/company\\\/magnetarbv\\\/?originalSubdomain=nl\",\"https:\\\/\\\/www.youtube.com\\\/c\\\/MagnetarVismagneet\"]}]}<\/script>\n<!-- \/ Yoast SEO plugin. -->","yoast_head_json":{"title":"MEGACUBE \u2122 sarja - 6000 lb \/ 2700 kg - 360\u00b0 lohkomainen magneetti - Magnet fishing with a Magnetar fishing magnet","description":"MEGACUBE \u2122 on maailman vahvin kalastusmagneetti. T\u00e4m\u00e4 kuutio toimitetaan valmiina pakkauksena. Paras valinta magneettikalastukseen.","robots":{"index":"index","follow":"follow","max-snippet":"max-snippet:-1","max-image-preview":"max-image-preview:large","max-video-preview":"max-video-preview:-1"},"canonical":"https:\/\/magnetarmagnets.com\/fi\/shop\/megacube-sarja-2700-kg-360-lohkomainen-magneetti\/","og_locale":"fi_FI","og_type":"article","og_title":"MEGACUBE \u2122 sarja - 6000 lb \/ 2700 kg - 360\u00b0 lohkomainen magneetti - Magnet fishing with a Magnetar fishing magnet","og_description":"MEGACUBE \u2122 on maailman vahvin kalastusmagneetti. T\u00e4m\u00e4 kuutio toimitetaan valmiina pakkauksena. Paras valinta magneettikalastukseen.","og_url":"https:\/\/magnetarmagnets.com\/fi\/shop\/megacube-sarja-2700-kg-360-lohkomainen-magneetti\/","og_site_name":"Magnet fishing with a Magnetar fishing magnet","article_publisher":"https:\/\/www.facebook.com\/fishingmagnets\/","article_modified_time":"2026-04-05T04:18:32+00:00","og_image":[{"width":1500,"height":1500,"url":"https:\/\/magnetarmagnets.com\/wp-content\/uploads\/2024\/04\/3.png","type":"image\/png"}],"twitter_card":"summary_large_image","twitter_misc":{"Arvioitu lukuaika":"2 minuuttia"},"schema":{"@context":"https:\/\/schema.org","@graph":[{"@type":["WebPage","ItemPage"],"@id":"https:\/\/magnetarmagnets.com\/fi\/shop\/megacube-sarja-2700-kg-360-lohkomainen-magneetti\/","url":"https:\/\/magnetarmagnets.com\/fi\/shop\/megacube-sarja-2700-kg-360-lohkomainen-magneetti\/","name":"MEGACUBE \u2122 sarja - 6000 lb \/ 2700 kg - 360\u00b0 lohkomainen magneetti - Magnet fishing with a Magnetar fishing magnet","isPartOf":{"@id":"https:\/\/magnetarmagnets.com\/fi\/#website"},"primaryImageOfPage":{"@id":"https:\/\/magnetarmagnets.com\/fi\/shop\/megacube-sarja-2700-kg-360-lohkomainen-magneetti\/#primaryimage"},"image":{"@id":"https:\/\/magnetarmagnets.com\/fi\/shop\/megacube-sarja-2700-kg-360-lohkomainen-magneetti\/#primaryimage"},"thumbnailUrl":"https:\/\/magnetarmagnets.com\/wp-content\/uploads\/2024\/04\/3.png","datePublished":"2025-06-05T07:53:03+00:00","dateModified":"2026-04-05T04:18:32+00:00","description":"MEGACUBE \u2122 on maailman vahvin kalastusmagneetti. T\u00e4m\u00e4 kuutio toimitetaan valmiina pakkauksena. Paras valinta magneettikalastukseen.","breadcrumb":{"@id":"https:\/\/magnetarmagnets.com\/fi\/shop\/megacube-sarja-2700-kg-360-lohkomainen-magneetti\/#breadcrumb"},"inLanguage":"fi","potentialAction":[{"@type":"ReadAction","target":["https:\/\/magnetarmagnets.com\/fi\/shop\/megacube-sarja-2700-kg-360-lohkomainen-magneetti\/"]}]},{"@type":"ImageObject","inLanguage":"fi","@id":"https:\/\/magnetarmagnets.com\/fi\/shop\/megacube-sarja-2700-kg-360-lohkomainen-magneetti\/#primaryimage","url":"https:\/\/magnetarmagnets.com\/wp-content\/uploads\/2024\/04\/3.png","contentUrl":"https:\/\/magnetarmagnets.com\/wp-content\/uploads\/2024\/04\/3.png","width":1500,"height":1500,"caption":"MEGACUBE KIT"},{"@type":"BreadcrumbList","@id":"https:\/\/magnetarmagnets.com\/fi\/shop\/megacube-sarja-2700-kg-360-lohkomainen-magneetti\/#breadcrumb","itemListElement":[{"@type":"ListItem","position":1,"name":"Home","item":"https:\/\/magnetarmagnets.com\/fi\/"},{"@type":"ListItem","position":2,"name":"Verkkokauppa","item":"https:\/\/magnetarmagnets.com\/verkkokauppa\/"},{"@type":"ListItem","position":3,"name":"Kalastusmagneetit","item":"https:\/\/magnetarmagnets.com\/fi\/collections\/kalastusmagneetit\/"},{"@type":"ListItem","position":4,"name":"Block 360\u00b0 kalastusmagneetit","item":"https:\/\/magnetarmagnets.com\/fi\/collections\/kalastusmagneetit\/block-360-kalastusmagneetit\/"},{"@type":"ListItem","position":5,"name":"MEGACUBE \u2122 sarja &#8211; 2700 kg &#8211; 360\u00b0 lohkomainen magneetti"}]},{"@type":"WebSite","@id":"https:\/\/magnetarmagnets.com\/fi\/#website","url":"https:\/\/magnetarmagnets.com\/fi\/","name":"Magnet fishing with a Magnetar fishing magnet","description":"Vahvat magneetit magneettikalastukseen\n\n","publisher":{"@id":"https:\/\/magnetarmagnets.com\/fi\/#organization"},"potentialAction":[{"@type":"SearchAction","target":{"@type":"EntryPoint","urlTemplate":"https:\/\/magnetarmagnets.com\/fi\/?s={search_term_string}"},"query-input":{"@type":"PropertyValueSpecification","valueRequired":true,"valueName":"search_term_string"}}],"inLanguage":"fi"},{"@type":"Organization","@id":"https:\/\/magnetarmagnets.com\/fi\/#organization","name":"Magnetar","url":"https:\/\/magnetarmagnets.com\/fi\/","logo":{"@type":"ImageObject","inLanguage":"fi","@id":"https:\/\/magnetarmagnets.com\/fi\/#\/schema\/logo\/image\/","url":"https:\/\/magnetarmagnets.com\/wp-content\/uploads\/2025\/05\/Logo-03_PNG-Black-scaled.png","contentUrl":"https:\/\/magnetarmagnets.com\/wp-content\/uploads\/2025\/05\/Logo-03_PNG-Black-scaled.png","width":2560,"height":1658,"caption":"Magnetar"},"image":{"@id":"https:\/\/magnetarmagnets.com\/fi\/#\/schema\/logo\/image\/"},"sameAs":["https:\/\/www.facebook.com\/fishingmagnets\/","https:\/\/www.instagram.com\/magnetar_magnets\/","https:\/\/www.linkedin.com\/company\/magnetarbv\/?originalSubdomain=nl","https:\/\/www.youtube.com\/c\/MagnetarVismagneet"]}]}},"_links":{"self":[{"href":"https:\/\/magnetarmagnets.com\/fi\/wp-json\/wp\/v2\/product\/85483","targetHints":{"allow":["GET"]}}],"collection":[{"href":"https:\/\/magnetarmagnets.com\/fi\/wp-json\/wp\/v2\/product"}],"about":[{"href":"https:\/\/magnetarmagnets.com\/fi\/wp-json\/wp\/v2\/types\/product"}],"replies":[{"embeddable":true,"href":"https:\/\/magnetarmagnets.com\/fi\/wp-json\/wp\/v2\/comments?post=85483"}],"version-history":[{"count":0,"href":"https:\/\/magnetarmagnets.com\/fi\/wp-json\/wp\/v2\/product\/85483\/revisions"}],"wp:featuredmedia":[{"embeddable":true,"href":"https:\/\/magnetarmagnets.com\/fi\/wp-json\/wp\/v2\/media\/80602"}],"wp:attachment":[{"href":"https:\/\/magnetarmagnets.com\/fi\/wp-json\/wp\/v2\/media?parent=85483"}],"wp:term":[{"taxonomy":"product_brand","embeddable":true,"href":"https:\/\/magnetarmagnets.com\/fi\/wp-json\/wp\/v2\/product_brand?post=85483"},{"taxonomy":"product_cat","embeddable":true,"href":"https:\/\/magnetarmagnets.com\/fi\/wp-json\/wp\/v2\/product_cat?post=85483"},{"taxonomy":"product_tag","embeddable":true,"href":"https:\/\/magnetarmagnets.com\/fi\/wp-json\/wp\/v2\/product_tag?post=85483"}],"curies":[{"name":"wp","href":"https:\/\/api.w.org\/{rel}","templated":true}]}}