{"id":85479,"date":"2025-06-05T09:53:46","date_gmt":"2025-06-05T07:53:46","guid":{"rendered":"https:\/\/magnetarmagnets.com\/?post_type=product&#038;p=85479"},"modified":"2026-04-03T16:18:36","modified_gmt":"2026-04-03T14:18:36","slug":"akku-lammitettavaan-vaatetukseen","status":"publish","type":"product","link":"https:\/\/magnetarmagnets.com\/fi\/shop\/akku-lammitettavaan-vaatetukseen\/","title":{"rendered":"Akku l\u00e4mmitett\u00e4v\u00e4\u00e4n vaatetukseen"},"content":{"rendered":"Kaikki Magnetar Heat -tuotteet toimitetaan vakiovarusteena powerbankin kanssa. T\u00e4m\u00e4n akun avulla voit l\u00e4mmitt\u00e4\u00e4 takit, liivit ja vartalol\u00e4mmittimet. Suuren kysynn\u00e4n vuoksi t\u00e4m\u00e4 tuote on nyt saatavilla my\u00f6s erikseen ostettavaksi. T\u00e4m\u00e4 pident\u00e4\u00e4 valikoimamme k\u00e4ytt\u00f6ik\u00e4\u00e4 ja antaa sinun nauttia mukavasta l\u00e4mm\u00f6st\u00e4 pidemp\u00e4\u00e4n.\n\n<h2>Magnetar Heat Powerbank<\/h2>\n\nMagnetar Heat -l\u00e4mmitysvaatteiden akku on powerbank. T\u00e4ss\u00e4 powerbankissa on 6700 mAh:n kapasiteetti, jonka ansiosta valikoiman tuotteet voivat tarjota l\u00e4mp\u00f6\u00e4 jopa yhdeks\u00e4n tunnin ajan. Tarkka kesto riippuu valituista l\u00e4mmityksen asetuksista. Mit\u00e4 korkeampi asetus, sit\u00e4 nopeammin kapasiteetti kuluu.\n\n\n\nTuote sis\u00e4lt\u00e4\u00e4 tehokkaan 7,4 V:n Li-Ion-akun. T\u00e4ll\u00e4 akulla Magnetar Heat -vaatteet voidaan l\u00e4mmitt\u00e4\u00e4 nopeammin ja tehokkaammin kuin perinteisell\u00e4 5 V:n Li-Ion-akulla.\n\n<h2>Monipuolinen akku l\u00e4mmitett\u00e4v\u00e4\u00e4n vaatetukseen<\/h2>\n\nMagnetar Heat -powerbank on monik\u00e4ytt\u00f6inen. Asiakkaat k\u00e4ytt\u00e4v\u00e4t t\u00e4t\u00e4 tuotetta paitsi vaatteidensa l\u00e4mmitt\u00e4miseen my\u00f6s \u00e4lypuhelimen, tablettien ja muiden elektronisten laitteiden lataamiseen. T\u00e4m\u00e4 on mahdollista erilaisten ulostulojen ansiosta. Powerbankissa on USB-, DC 4.0- ja USB-C-liit\u00e4nn\u00e4t. N\u00e4in se sopii k\u00e4ytett\u00e4v\u00e4ksi moderneimmilla laitteilla.\n\n<h2>Magnetar Heat -vaatteet<\/h2>\n\nMagnetar Heat -vaatteet pit\u00e4v\u00e4t sinut l\u00e4mpim\u00e4n\u00e4 kylmin\u00e4 p\u00e4ivin\u00e4. Vulcan-takissa, Etna-liiviss\u00e4 sek\u00e4 Magma- ja Lava-vartalol\u00e4mmittimiss\u00e4 on eri l\u00e4mmitusalueet. Kaikki tuotteemme t\u00e4ytt\u00e4v\u00e4t CE (Conformit\u00e9 Europ\u00e9enne) -standardit. T\u00e4m\u00e4 tarkoittaa turvallista tuotetta, joka t\u00e4ytt\u00e4\u00e4 Euroopan direktiivien vaatimukset. Koska tarjoamme korkealaatuisia tuotteita, annamme kaikille l\u00e4mmitett\u00e4ville vaatteillemme yhden vuoden takuun. Oletko valmis kokemaan Magnetar Heat -l\u00e4mm\u00f6n?","protected":false},"excerpt":{"rendered":"<p><strong>Tehokas 13000 mAh powerbank<\/strong> 7,4 V:n Li-Ion-akulla, joka toimii Magnetar Heat -vaatteiden virtal\u00e4hteen\u00e4.<\/p>\n","protected":false},"featured_media":81166,"comment_status":"open","ping_status":"closed","template":"","meta":{"_acf_changed":false,"inline_featured_image":false},"product_brand":[],"product_cat":[723,718],"product_tag":[],"class_list":{"0":"post-85479","1":"product","2":"type-product","3":"status-publish","4":"has-post-thumbnail","6":"product_cat-lammitettavat-vaatteet","7":"product_cat-varusteet","9":"first","10":"instock","11":"taxable","12":"shipping-taxable","13":"purchasable","14":"product-type-simple"},"acf":[],"yoast_head":"<!-- This site is optimized with the Yoast SEO plugin v27.4 - https:\/\/yoast.com\/product\/yoast-seo-wordpress\/ -->\n<title>Akku l\u00e4mmitett\u00e4v\u00e4\u00e4n vaatetukseen - Magnet fishing with a Magnetar fishing magnet<\/title>\n<meta name=\"description\" content=\"Akku l\u00e4mmitett\u00e4v\u00e4\u00e4n vaatetukseen - Voima Magnetar-varusteillesi\" \/>\n<meta name=\"robots\" content=\"index, follow, max-snippet:-1, max-image-preview:large, max-video-preview:-1\" \/>\n<link rel=\"canonical\" href=\"https:\/\/magnetarmagnets.com\/fi\/shop\/akku-lammitettavaan-vaatetukseen\/\" \/>\n<meta property=\"og:locale\" content=\"fi_FI\" \/>\n<meta property=\"og:type\" content=\"article\" \/>\n<meta property=\"og:title\" content=\"Akku l\u00e4mmitett\u00e4v\u00e4\u00e4n vaatetukseen - Magnet fishing with a Magnetar fishing magnet\" \/>\n<meta property=\"og:description\" content=\"Akku l\u00e4mmitett\u00e4v\u00e4\u00e4n vaatetukseen - Voima Magnetar-varusteillesi\" \/>\n<meta property=\"og:url\" content=\"https:\/\/magnetarmagnets.com\/fi\/shop\/akku-lammitettavaan-vaatetukseen\/\" \/>\n<meta property=\"og:site_name\" content=\"Magnet fishing with a Magnetar fishing magnet\" \/>\n<meta property=\"article:publisher\" content=\"https:\/\/www.facebook.com\/fishingmagnets\/\" \/>\n<meta property=\"article:modified_time\" content=\"2026-04-03T14:18:36+00:00\" \/>\n<meta property=\"og:image\" content=\"https:\/\/magnetarmagnets.com\/wp-content\/uploads\/2023\/10\/H-AT.jpg\" \/>\n\t<meta property=\"og:image:width\" content=\"1000\" \/>\n\t<meta property=\"og:image:height\" content=\"1000\" \/>\n\t<meta property=\"og:image:type\" content=\"image\/jpeg\" \/>\n<meta name=\"twitter:card\" content=\"summary_large_image\" \/>\n<meta name=\"twitter:label1\" content=\"Arvioitu lukuaika\" \/>\n\t<meta name=\"twitter:data1\" content=\"2 minuuttia\" \/>\n<script type=\"application\/ld+json\" class=\"yoast-schema-graph\">{\"@context\":\"https:\\\/\\\/schema.org\",\"@graph\":[{\"@type\":[\"WebPage\",\"ItemPage\"],\"@id\":\"https:\\\/\\\/magnetarmagnets.com\\\/fi\\\/shop\\\/akku-lammitettavaan-vaatetukseen\\\/\",\"url\":\"https:\\\/\\\/magnetarmagnets.com\\\/fi\\\/shop\\\/akku-lammitettavaan-vaatetukseen\\\/\",\"name\":\"Akku l\u00e4mmitett\u00e4v\u00e4\u00e4n vaatetukseen - Magnet fishing with a Magnetar fishing magnet\",\"isPartOf\":{\"@id\":\"https:\\\/\\\/magnetarmagnets.com\\\/fi\\\/#website\"},\"primaryImageOfPage\":{\"@id\":\"https:\\\/\\\/magnetarmagnets.com\\\/fi\\\/shop\\\/akku-lammitettavaan-vaatetukseen\\\/#primaryimage\"},\"image\":{\"@id\":\"https:\\\/\\\/magnetarmagnets.com\\\/fi\\\/shop\\\/akku-lammitettavaan-vaatetukseen\\\/#primaryimage\"},\"thumbnailUrl\":\"https:\\\/\\\/magnetarmagnets.com\\\/wp-content\\\/uploads\\\/2023\\\/10\\\/H-AT.jpg\",\"datePublished\":\"2025-06-05T07:53:46+00:00\",\"dateModified\":\"2026-04-03T14:18:36+00:00\",\"description\":\"Akku l\u00e4mmitett\u00e4v\u00e4\u00e4n vaatetukseen - Voima Magnetar-varusteillesi\",\"breadcrumb\":{\"@id\":\"https:\\\/\\\/magnetarmagnets.com\\\/fi\\\/shop\\\/akku-lammitettavaan-vaatetukseen\\\/#breadcrumb\"},\"inLanguage\":\"fi\",\"potentialAction\":[{\"@type\":\"ReadAction\",\"target\":[\"https:\\\/\\\/magnetarmagnets.com\\\/fi\\\/shop\\\/akku-lammitettavaan-vaatetukseen\\\/\"]}]},{\"@type\":\"ImageObject\",\"inLanguage\":\"fi\",\"@id\":\"https:\\\/\\\/magnetarmagnets.com\\\/fi\\\/shop\\\/akku-lammitettavaan-vaatetukseen\\\/#primaryimage\",\"url\":\"https:\\\/\\\/magnetarmagnets.com\\\/wp-content\\\/uploads\\\/2023\\\/10\\\/H-AT.jpg\",\"contentUrl\":\"https:\\\/\\\/magnetarmagnets.com\\\/wp-content\\\/uploads\\\/2023\\\/10\\\/H-AT.jpg\",\"width\":1000,\"height\":1000,\"caption\":\"Powerbank Heated Clothing\"},{\"@type\":\"BreadcrumbList\",\"@id\":\"https:\\\/\\\/magnetarmagnets.com\\\/fi\\\/shop\\\/akku-lammitettavaan-vaatetukseen\\\/#breadcrumb\",\"itemListElement\":[{\"@type\":\"ListItem\",\"position\":1,\"name\":\"Home\",\"item\":\"https:\\\/\\\/magnetarmagnets.com\\\/fi\\\/\"},{\"@type\":\"ListItem\",\"position\":2,\"name\":\"Verkkokauppa\",\"item\":\"https:\\\/\\\/magnetarmagnets.com\\\/verkkokauppa\\\/\"},{\"@type\":\"ListItem\",\"position\":3,\"name\":\"Varusteet\",\"item\":\"https:\\\/\\\/magnetarmagnets.com\\\/fi\\\/collections\\\/varusteet\\\/\"},{\"@type\":\"ListItem\",\"position\":4,\"name\":\"L\u00e4mmitett\u00e4v\u00e4t vaatteet\",\"item\":\"https:\\\/\\\/magnetarmagnets.com\\\/fi\\\/collections\\\/varusteet\\\/lammitettavat-vaatteet\\\/\"},{\"@type\":\"ListItem\",\"position\":5,\"name\":\"Akku l\u00e4mmitett\u00e4v\u00e4\u00e4n vaatetukseen\"}]},{\"@type\":\"WebSite\",\"@id\":\"https:\\\/\\\/magnetarmagnets.com\\\/fi\\\/#website\",\"url\":\"https:\\\/\\\/magnetarmagnets.com\\\/fi\\\/\",\"name\":\"Magnet fishing with a Magnetar fishing magnet\",\"description\":\"Vahvat magneetit magneettikalastukseen\\n\\n\",\"publisher\":{\"@id\":\"https:\\\/\\\/magnetarmagnets.com\\\/fi\\\/#organization\"},\"potentialAction\":[{\"@type\":\"SearchAction\",\"target\":{\"@type\":\"EntryPoint\",\"urlTemplate\":\"https:\\\/\\\/magnetarmagnets.com\\\/fi\\\/?s={search_term_string}\"},\"query-input\":{\"@type\":\"PropertyValueSpecification\",\"valueRequired\":true,\"valueName\":\"search_term_string\"}}],\"inLanguage\":\"fi\"},{\"@type\":\"Organization\",\"@id\":\"https:\\\/\\\/magnetarmagnets.com\\\/fi\\\/#organization\",\"name\":\"Magnetar\",\"url\":\"https:\\\/\\\/magnetarmagnets.com\\\/fi\\\/\",\"logo\":{\"@type\":\"ImageObject\",\"inLanguage\":\"fi\",\"@id\":\"https:\\\/\\\/magnetarmagnets.com\\\/fi\\\/#\\\/schema\\\/logo\\\/image\\\/\",\"url\":\"https:\\\/\\\/magnetarmagnets.com\\\/wp-content\\\/uploads\\\/2025\\\/05\\\/Logo-03_PNG-Black-scaled.png\",\"contentUrl\":\"https:\\\/\\\/magnetarmagnets.com\\\/wp-content\\\/uploads\\\/2025\\\/05\\\/Logo-03_PNG-Black-scaled.png\",\"width\":2560,\"height\":1658,\"caption\":\"Magnetar\"},\"image\":{\"@id\":\"https:\\\/\\\/magnetarmagnets.com\\\/fi\\\/#\\\/schema\\\/logo\\\/image\\\/\"},\"sameAs\":[\"https:\\\/\\\/www.facebook.com\\\/fishingmagnets\\\/\",\"https:\\\/\\\/www.instagram.com\\\/magnetar_magnets\\\/\",\"https:\\\/\\\/www.linkedin.com\\\/company\\\/magnetarbv\\\/?originalSubdomain=nl\",\"https:\\\/\\\/www.youtube.com\\\/c\\\/MagnetarVismagneet\"]}]}<\/script>\n<!-- \/ Yoast SEO plugin. -->","yoast_head_json":{"title":"Akku l\u00e4mmitett\u00e4v\u00e4\u00e4n vaatetukseen - Magnet fishing with a Magnetar fishing magnet","description":"Akku l\u00e4mmitett\u00e4v\u00e4\u00e4n vaatetukseen - Voima Magnetar-varusteillesi","robots":{"index":"index","follow":"follow","max-snippet":"max-snippet:-1","max-image-preview":"max-image-preview:large","max-video-preview":"max-video-preview:-1"},"canonical":"https:\/\/magnetarmagnets.com\/fi\/shop\/akku-lammitettavaan-vaatetukseen\/","og_locale":"fi_FI","og_type":"article","og_title":"Akku l\u00e4mmitett\u00e4v\u00e4\u00e4n vaatetukseen - Magnet fishing with a Magnetar fishing magnet","og_description":"Akku l\u00e4mmitett\u00e4v\u00e4\u00e4n vaatetukseen - Voima Magnetar-varusteillesi","og_url":"https:\/\/magnetarmagnets.com\/fi\/shop\/akku-lammitettavaan-vaatetukseen\/","og_site_name":"Magnet fishing with a Magnetar fishing magnet","article_publisher":"https:\/\/www.facebook.com\/fishingmagnets\/","article_modified_time":"2026-04-03T14:18:36+00:00","og_image":[{"width":1000,"height":1000,"url":"https:\/\/magnetarmagnets.com\/wp-content\/uploads\/2023\/10\/H-AT.jpg","type":"image\/jpeg"}],"twitter_card":"summary_large_image","twitter_misc":{"Arvioitu lukuaika":"2 minuuttia"},"schema":{"@context":"https:\/\/schema.org","@graph":[{"@type":["WebPage","ItemPage"],"@id":"https:\/\/magnetarmagnets.com\/fi\/shop\/akku-lammitettavaan-vaatetukseen\/","url":"https:\/\/magnetarmagnets.com\/fi\/shop\/akku-lammitettavaan-vaatetukseen\/","name":"Akku l\u00e4mmitett\u00e4v\u00e4\u00e4n vaatetukseen - Magnet fishing with a Magnetar fishing magnet","isPartOf":{"@id":"https:\/\/magnetarmagnets.com\/fi\/#website"},"primaryImageOfPage":{"@id":"https:\/\/magnetarmagnets.com\/fi\/shop\/akku-lammitettavaan-vaatetukseen\/#primaryimage"},"image":{"@id":"https:\/\/magnetarmagnets.com\/fi\/shop\/akku-lammitettavaan-vaatetukseen\/#primaryimage"},"thumbnailUrl":"https:\/\/magnetarmagnets.com\/wp-content\/uploads\/2023\/10\/H-AT.jpg","datePublished":"2025-06-05T07:53:46+00:00","dateModified":"2026-04-03T14:18:36+00:00","description":"Akku l\u00e4mmitett\u00e4v\u00e4\u00e4n vaatetukseen - Voima Magnetar-varusteillesi","breadcrumb":{"@id":"https:\/\/magnetarmagnets.com\/fi\/shop\/akku-lammitettavaan-vaatetukseen\/#breadcrumb"},"inLanguage":"fi","potentialAction":[{"@type":"ReadAction","target":["https:\/\/magnetarmagnets.com\/fi\/shop\/akku-lammitettavaan-vaatetukseen\/"]}]},{"@type":"ImageObject","inLanguage":"fi","@id":"https:\/\/magnetarmagnets.com\/fi\/shop\/akku-lammitettavaan-vaatetukseen\/#primaryimage","url":"https:\/\/magnetarmagnets.com\/wp-content\/uploads\/2023\/10\/H-AT.jpg","contentUrl":"https:\/\/magnetarmagnets.com\/wp-content\/uploads\/2023\/10\/H-AT.jpg","width":1000,"height":1000,"caption":"Powerbank Heated Clothing"},{"@type":"BreadcrumbList","@id":"https:\/\/magnetarmagnets.com\/fi\/shop\/akku-lammitettavaan-vaatetukseen\/#breadcrumb","itemListElement":[{"@type":"ListItem","position":1,"name":"Home","item":"https:\/\/magnetarmagnets.com\/fi\/"},{"@type":"ListItem","position":2,"name":"Verkkokauppa","item":"https:\/\/magnetarmagnets.com\/verkkokauppa\/"},{"@type":"ListItem","position":3,"name":"Varusteet","item":"https:\/\/magnetarmagnets.com\/fi\/collections\/varusteet\/"},{"@type":"ListItem","position":4,"name":"L\u00e4mmitett\u00e4v\u00e4t vaatteet","item":"https:\/\/magnetarmagnets.com\/fi\/collections\/varusteet\/lammitettavat-vaatteet\/"},{"@type":"ListItem","position":5,"name":"Akku l\u00e4mmitett\u00e4v\u00e4\u00e4n vaatetukseen"}]},{"@type":"WebSite","@id":"https:\/\/magnetarmagnets.com\/fi\/#website","url":"https:\/\/magnetarmagnets.com\/fi\/","name":"Magnet fishing with a Magnetar fishing magnet","description":"Vahvat magneetit magneettikalastukseen\n\n","publisher":{"@id":"https:\/\/magnetarmagnets.com\/fi\/#organization"},"potentialAction":[{"@type":"SearchAction","target":{"@type":"EntryPoint","urlTemplate":"https:\/\/magnetarmagnets.com\/fi\/?s={search_term_string}"},"query-input":{"@type":"PropertyValueSpecification","valueRequired":true,"valueName":"search_term_string"}}],"inLanguage":"fi"},{"@type":"Organization","@id":"https:\/\/magnetarmagnets.com\/fi\/#organization","name":"Magnetar","url":"https:\/\/magnetarmagnets.com\/fi\/","logo":{"@type":"ImageObject","inLanguage":"fi","@id":"https:\/\/magnetarmagnets.com\/fi\/#\/schema\/logo\/image\/","url":"https:\/\/magnetarmagnets.com\/wp-content\/uploads\/2025\/05\/Logo-03_PNG-Black-scaled.png","contentUrl":"https:\/\/magnetarmagnets.com\/wp-content\/uploads\/2025\/05\/Logo-03_PNG-Black-scaled.png","width":2560,"height":1658,"caption":"Magnetar"},"image":{"@id":"https:\/\/magnetarmagnets.com\/fi\/#\/schema\/logo\/image\/"},"sameAs":["https:\/\/www.facebook.com\/fishingmagnets\/","https:\/\/www.instagram.com\/magnetar_magnets\/","https:\/\/www.linkedin.com\/company\/magnetarbv\/?originalSubdomain=nl","https:\/\/www.youtube.com\/c\/MagnetarVismagneet"]}]}},"_links":{"self":[{"href":"https:\/\/magnetarmagnets.com\/fi\/wp-json\/wp\/v2\/product\/85479","targetHints":{"allow":["GET"]}}],"collection":[{"href":"https:\/\/magnetarmagnets.com\/fi\/wp-json\/wp\/v2\/product"}],"about":[{"href":"https:\/\/magnetarmagnets.com\/fi\/wp-json\/wp\/v2\/types\/product"}],"replies":[{"embeddable":true,"href":"https:\/\/magnetarmagnets.com\/fi\/wp-json\/wp\/v2\/comments?post=85479"}],"version-history":[{"count":1,"href":"https:\/\/magnetarmagnets.com\/fi\/wp-json\/wp\/v2\/product\/85479\/revisions"}],"predecessor-version":[{"id":95123,"href":"https:\/\/magnetarmagnets.com\/fi\/wp-json\/wp\/v2\/product\/85479\/revisions\/95123"}],"wp:featuredmedia":[{"embeddable":true,"href":"https:\/\/magnetarmagnets.com\/fi\/wp-json\/wp\/v2\/media\/81166"}],"wp:attachment":[{"href":"https:\/\/magnetarmagnets.com\/fi\/wp-json\/wp\/v2\/media?parent=85479"}],"wp:term":[{"taxonomy":"product_brand","embeddable":true,"href":"https:\/\/magnetarmagnets.com\/fi\/wp-json\/wp\/v2\/product_brand?post=85479"},{"taxonomy":"product_cat","embeddable":true,"href":"https:\/\/magnetarmagnets.com\/fi\/wp-json\/wp\/v2\/product_cat?post=85479"},{"taxonomy":"product_tag","embeddable":true,"href":"https:\/\/magnetarmagnets.com\/fi\/wp-json\/wp\/v2\/product_tag?post=85479"}],"curies":[{"name":"wp","href":"https:\/\/api.w.org\/{rel}","templated":true}]}}