{"id":85478,"date":"2025-06-05T09:53:04","date_gmt":"2025-06-05T07:53:04","guid":{"rendered":"https:\/\/magnetarmagnets.com\/?post_type=product&#038;p=85478"},"modified":"2026-04-03T05:59:33","modified_gmt":"2026-04-03T03:59:33","slug":"hitsausmagneettisarja","status":"publish","type":"product","link":"https:\/\/magnetarmagnets.com\/fi\/shop\/hitsausmagneettisarja\/","title":{"rendered":"Hitsausmagneettisarja"},"content":{"rendered":"Oletko hitsaaja ja etsit ty\u00f6kaluja ty\u00f6si tueksi? Silloin olet oikeassa paikassa Magnetarilla. Hitsauskulmasarja sis\u00e4lt\u00e4\u00e4 kuusi erilaista v\u00e4linett\u00e4, jotka auttavat pit\u00e4m\u00e4\u00e4n metalliesineet paikallaan. T\u00e4m\u00e4 tekee ty\u00f6st\u00e4si paljon helpompaa, jotta voit keskitty\u00e4 siihen, miss\u00e4 olet paras: hitsaamiseen!\n\n<h2>T\u00e4ydellinen magneettisarja hitsaust\u00f6ihin<\/h2>\n\nHitsauksen aikana voi olla haastavaa pit\u00e4\u00e4 metalliesineet paikallaan. Onneksi t\u00e4h\u00e4n on ratkaisu. Magnetarin hitsauskulmasarja sis\u00e4lt\u00e4\u00e4 kuusi erimuotoista magneettia, joilla erilaiset ty\u00f6t onnistuvat tehokkaasti. K\u00e4tev\u00e4\u00e4, eik\u00f6? \n\n\n\nSarjan hitsausmagneetit pit\u00e4v\u00e4t metallia eri kulmissa. N\u00e4in voit hitsata metallia 30\u00b0, 45\u00b0, 60\u00b0, 75\u00b0, 90\u00b0 ja 135\u00b0 kulmissa ilman ongelmia.","protected":false},"excerpt":{"rendered":"<p>T\u00e4m\u00e4 hitsausmagneettisarja helpottaa hitsaajan ty\u00f6t\u00e4 merkitt\u00e4v\u00e4sti. Saat kuusi magneettia, jotka mahdollistavat hitsaamisen eri kulmissa.<\/p>\n","protected":false},"featured_media":65249,"comment_status":"open","ping_status":"closed","template":"","meta":{"_acf_changed":false,"inline_featured_image":false},"product_brand":[],"product_cat":[721,727,718],"product_tag":[],"class_list":{"0":"post-85478","1":"product","2":"type-product","3":"status-publish","4":"has-post-thumbnail","6":"product_cat-magneettiset-lisavarusteet","7":"product_cat-muut","8":"product_cat-varusteet","10":"first","11":"instock","12":"taxable","13":"shipping-taxable","14":"purchasable","15":"product-type-simple"},"acf":[],"yoast_head":"<!-- This site is optimized with the Yoast SEO plugin v27.3 - https:\/\/yoast.com\/product\/yoast-seo-wordpress\/ -->\n<title>Hitsausmagneettisarja - Magnet fishing with a Magnetar fishing magnet<\/title>\n<meta name=\"description\" content=\"Hitsausmagneettisarja - K\u00e4yt\u00e4nn\u00f6lliset ty\u00f6kalut Magnetarilta\" \/>\n<meta name=\"robots\" content=\"index, follow, max-snippet:-1, max-image-preview:large, max-video-preview:-1\" \/>\n<link rel=\"canonical\" href=\"https:\/\/magnetarmagnets.com\/fi\/shop\/hitsausmagneettisarja\/\" \/>\n<meta property=\"og:locale\" content=\"fi_FI\" \/>\n<meta property=\"og:type\" content=\"article\" \/>\n<meta property=\"og:title\" content=\"Hitsausmagneettisarja - Magnet fishing with a Magnetar fishing magnet\" \/>\n<meta property=\"og:description\" content=\"Hitsausmagneettisarja - K\u00e4yt\u00e4nn\u00f6lliset ty\u00f6kalut Magnetarilta\" \/>\n<meta property=\"og:url\" content=\"https:\/\/magnetarmagnets.com\/fi\/shop\/hitsausmagneettisarja\/\" \/>\n<meta property=\"og:site_name\" content=\"Magnet fishing with a Magnetar fishing magnet\" \/>\n<meta property=\"article:publisher\" content=\"https:\/\/www.facebook.com\/fishingmagnets\/\" \/>\n<meta property=\"article:modified_time\" content=\"2026-04-03T03:59:33+00:00\" \/>\n<meta property=\"og:image\" content=\"https:\/\/magnetarmagnets.com\/wp-content\/uploads\/2023\/09\/JNF-Magnetar-Bedrijfsfotografie-01-09-2023-Foto-0279.jpg\" \/>\n\t<meta property=\"og:image:width\" content=\"1000\" \/>\n\t<meta property=\"og:image:height\" content=\"1000\" \/>\n\t<meta property=\"og:image:type\" content=\"image\/jpeg\" \/>\n<meta name=\"twitter:card\" content=\"summary_large_image\" \/>\n<meta name=\"twitter:label1\" content=\"Arvioitu lukuaika\" \/>\n\t<meta name=\"twitter:data1\" content=\"1 minuutti\" \/>\n<script type=\"application\/ld+json\" class=\"yoast-schema-graph\">{\"@context\":\"https:\\\/\\\/schema.org\",\"@graph\":[{\"@type\":[\"WebPage\",\"ItemPage\"],\"@id\":\"https:\\\/\\\/magnetarmagnets.com\\\/fi\\\/shop\\\/hitsausmagneettisarja\\\/\",\"url\":\"https:\\\/\\\/magnetarmagnets.com\\\/fi\\\/shop\\\/hitsausmagneettisarja\\\/\",\"name\":\"Hitsausmagneettisarja - Magnet fishing with a Magnetar fishing magnet\",\"isPartOf\":{\"@id\":\"https:\\\/\\\/magnetarmagnets.com\\\/fi\\\/#website\"},\"primaryImageOfPage\":{\"@id\":\"https:\\\/\\\/magnetarmagnets.com\\\/fi\\\/shop\\\/hitsausmagneettisarja\\\/#primaryimage\"},\"image\":{\"@id\":\"https:\\\/\\\/magnetarmagnets.com\\\/fi\\\/shop\\\/hitsausmagneettisarja\\\/#primaryimage\"},\"thumbnailUrl\":\"https:\\\/\\\/magnetarmagnets.com\\\/wp-content\\\/uploads\\\/2023\\\/09\\\/JNF-Magnetar-Bedrijfsfotografie-01-09-2023-Foto-0279.jpg\",\"datePublished\":\"2025-06-05T07:53:04+00:00\",\"dateModified\":\"2026-04-03T03:59:33+00:00\",\"description\":\"Hitsausmagneettisarja - K\u00e4yt\u00e4nn\u00f6lliset ty\u00f6kalut Magnetarilta\",\"breadcrumb\":{\"@id\":\"https:\\\/\\\/magnetarmagnets.com\\\/fi\\\/shop\\\/hitsausmagneettisarja\\\/#breadcrumb\"},\"inLanguage\":\"fi\",\"potentialAction\":[{\"@type\":\"ReadAction\",\"target\":[\"https:\\\/\\\/magnetarmagnets.com\\\/fi\\\/shop\\\/hitsausmagneettisarja\\\/\"]}]},{\"@type\":\"ImageObject\",\"inLanguage\":\"fi\",\"@id\":\"https:\\\/\\\/magnetarmagnets.com\\\/fi\\\/shop\\\/hitsausmagneettisarja\\\/#primaryimage\",\"url\":\"https:\\\/\\\/magnetarmagnets.com\\\/wp-content\\\/uploads\\\/2023\\\/09\\\/JNF-Magnetar-Bedrijfsfotografie-01-09-2023-Foto-0279.jpg\",\"contentUrl\":\"https:\\\/\\\/magnetarmagnets.com\\\/wp-content\\\/uploads\\\/2023\\\/09\\\/JNF-Magnetar-Bedrijfsfotografie-01-09-2023-Foto-0279.jpg\",\"width\":1000,\"height\":1000},{\"@type\":\"BreadcrumbList\",\"@id\":\"https:\\\/\\\/magnetarmagnets.com\\\/fi\\\/shop\\\/hitsausmagneettisarja\\\/#breadcrumb\",\"itemListElement\":[{\"@type\":\"ListItem\",\"position\":1,\"name\":\"Home\",\"item\":\"https:\\\/\\\/magnetarmagnets.com\\\/fi\\\/\"},{\"@type\":\"ListItem\",\"position\":2,\"name\":\"Verkkokauppa\",\"item\":\"https:\\\/\\\/magnetarmagnets.com\\\/verkkokauppa\\\/\"},{\"@type\":\"ListItem\",\"position\":3,\"name\":\"Varusteet\",\"item\":\"https:\\\/\\\/magnetarmagnets.com\\\/fi\\\/collections\\\/varusteet\\\/\"},{\"@type\":\"ListItem\",\"position\":4,\"name\":\"Magneettiset lis\u00e4varusteet\",\"item\":\"https:\\\/\\\/magnetarmagnets.com\\\/fi\\\/collections\\\/varusteet\\\/magneettiset-lisavarusteet\\\/\"},{\"@type\":\"ListItem\",\"position\":5,\"name\":\"Hitsausmagneettisarja\"}]},{\"@type\":\"WebSite\",\"@id\":\"https:\\\/\\\/magnetarmagnets.com\\\/fi\\\/#website\",\"url\":\"https:\\\/\\\/magnetarmagnets.com\\\/fi\\\/\",\"name\":\"Magnet fishing with a Magnetar fishing magnet\",\"description\":\"Vahvat magneetit magneettikalastukseen\\n\\n\",\"publisher\":{\"@id\":\"https:\\\/\\\/magnetarmagnets.com\\\/fi\\\/#organization\"},\"potentialAction\":[{\"@type\":\"SearchAction\",\"target\":{\"@type\":\"EntryPoint\",\"urlTemplate\":\"https:\\\/\\\/magnetarmagnets.com\\\/fi\\\/?s={search_term_string}\"},\"query-input\":{\"@type\":\"PropertyValueSpecification\",\"valueRequired\":true,\"valueName\":\"search_term_string\"}}],\"inLanguage\":\"fi\"},{\"@type\":\"Organization\",\"@id\":\"https:\\\/\\\/magnetarmagnets.com\\\/fi\\\/#organization\",\"name\":\"Magnetar\",\"url\":\"https:\\\/\\\/magnetarmagnets.com\\\/fi\\\/\",\"logo\":{\"@type\":\"ImageObject\",\"inLanguage\":\"fi\",\"@id\":\"https:\\\/\\\/magnetarmagnets.com\\\/fi\\\/#\\\/schema\\\/logo\\\/image\\\/\",\"url\":\"https:\\\/\\\/magnetarmagnets.com\\\/wp-content\\\/uploads\\\/2025\\\/05\\\/Logo-03_PNG-Black-scaled.png\",\"contentUrl\":\"https:\\\/\\\/magnetarmagnets.com\\\/wp-content\\\/uploads\\\/2025\\\/05\\\/Logo-03_PNG-Black-scaled.png\",\"width\":2560,\"height\":1658,\"caption\":\"Magnetar\"},\"image\":{\"@id\":\"https:\\\/\\\/magnetarmagnets.com\\\/fi\\\/#\\\/schema\\\/logo\\\/image\\\/\"},\"sameAs\":[\"https:\\\/\\\/www.facebook.com\\\/fishingmagnets\\\/\",\"https:\\\/\\\/www.instagram.com\\\/magnetar_magnets\\\/\",\"https:\\\/\\\/www.linkedin.com\\\/company\\\/magnetarbv\\\/?originalSubdomain=nl\",\"https:\\\/\\\/www.youtube.com\\\/c\\\/MagnetarVismagneet\"]}]}<\/script>\n<!-- \/ Yoast SEO plugin. -->","yoast_head_json":{"title":"Hitsausmagneettisarja - Magnet fishing with a Magnetar fishing magnet","description":"Hitsausmagneettisarja - K\u00e4yt\u00e4nn\u00f6lliset ty\u00f6kalut Magnetarilta","robots":{"index":"index","follow":"follow","max-snippet":"max-snippet:-1","max-image-preview":"max-image-preview:large","max-video-preview":"max-video-preview:-1"},"canonical":"https:\/\/magnetarmagnets.com\/fi\/shop\/hitsausmagneettisarja\/","og_locale":"fi_FI","og_type":"article","og_title":"Hitsausmagneettisarja - Magnet fishing with a Magnetar fishing magnet","og_description":"Hitsausmagneettisarja - K\u00e4yt\u00e4nn\u00f6lliset ty\u00f6kalut Magnetarilta","og_url":"https:\/\/magnetarmagnets.com\/fi\/shop\/hitsausmagneettisarja\/","og_site_name":"Magnet fishing with a Magnetar fishing magnet","article_publisher":"https:\/\/www.facebook.com\/fishingmagnets\/","article_modified_time":"2026-04-03T03:59:33+00:00","og_image":[{"width":1000,"height":1000,"url":"https:\/\/magnetarmagnets.com\/wp-content\/uploads\/2023\/09\/JNF-Magnetar-Bedrijfsfotografie-01-09-2023-Foto-0279.jpg","type":"image\/jpeg"}],"twitter_card":"summary_large_image","twitter_misc":{"Arvioitu lukuaika":"1 minuutti"},"schema":{"@context":"https:\/\/schema.org","@graph":[{"@type":["WebPage","ItemPage"],"@id":"https:\/\/magnetarmagnets.com\/fi\/shop\/hitsausmagneettisarja\/","url":"https:\/\/magnetarmagnets.com\/fi\/shop\/hitsausmagneettisarja\/","name":"Hitsausmagneettisarja - Magnet fishing with a Magnetar fishing magnet","isPartOf":{"@id":"https:\/\/magnetarmagnets.com\/fi\/#website"},"primaryImageOfPage":{"@id":"https:\/\/magnetarmagnets.com\/fi\/shop\/hitsausmagneettisarja\/#primaryimage"},"image":{"@id":"https:\/\/magnetarmagnets.com\/fi\/shop\/hitsausmagneettisarja\/#primaryimage"},"thumbnailUrl":"https:\/\/magnetarmagnets.com\/wp-content\/uploads\/2023\/09\/JNF-Magnetar-Bedrijfsfotografie-01-09-2023-Foto-0279.jpg","datePublished":"2025-06-05T07:53:04+00:00","dateModified":"2026-04-03T03:59:33+00:00","description":"Hitsausmagneettisarja - K\u00e4yt\u00e4nn\u00f6lliset ty\u00f6kalut Magnetarilta","breadcrumb":{"@id":"https:\/\/magnetarmagnets.com\/fi\/shop\/hitsausmagneettisarja\/#breadcrumb"},"inLanguage":"fi","potentialAction":[{"@type":"ReadAction","target":["https:\/\/magnetarmagnets.com\/fi\/shop\/hitsausmagneettisarja\/"]}]},{"@type":"ImageObject","inLanguage":"fi","@id":"https:\/\/magnetarmagnets.com\/fi\/shop\/hitsausmagneettisarja\/#primaryimage","url":"https:\/\/magnetarmagnets.com\/wp-content\/uploads\/2023\/09\/JNF-Magnetar-Bedrijfsfotografie-01-09-2023-Foto-0279.jpg","contentUrl":"https:\/\/magnetarmagnets.com\/wp-content\/uploads\/2023\/09\/JNF-Magnetar-Bedrijfsfotografie-01-09-2023-Foto-0279.jpg","width":1000,"height":1000},{"@type":"BreadcrumbList","@id":"https:\/\/magnetarmagnets.com\/fi\/shop\/hitsausmagneettisarja\/#breadcrumb","itemListElement":[{"@type":"ListItem","position":1,"name":"Home","item":"https:\/\/magnetarmagnets.com\/fi\/"},{"@type":"ListItem","position":2,"name":"Verkkokauppa","item":"https:\/\/magnetarmagnets.com\/verkkokauppa\/"},{"@type":"ListItem","position":3,"name":"Varusteet","item":"https:\/\/magnetarmagnets.com\/fi\/collections\/varusteet\/"},{"@type":"ListItem","position":4,"name":"Magneettiset lis\u00e4varusteet","item":"https:\/\/magnetarmagnets.com\/fi\/collections\/varusteet\/magneettiset-lisavarusteet\/"},{"@type":"ListItem","position":5,"name":"Hitsausmagneettisarja"}]},{"@type":"WebSite","@id":"https:\/\/magnetarmagnets.com\/fi\/#website","url":"https:\/\/magnetarmagnets.com\/fi\/","name":"Magnet fishing with a Magnetar fishing magnet","description":"Vahvat magneetit magneettikalastukseen\n\n","publisher":{"@id":"https:\/\/magnetarmagnets.com\/fi\/#organization"},"potentialAction":[{"@type":"SearchAction","target":{"@type":"EntryPoint","urlTemplate":"https:\/\/magnetarmagnets.com\/fi\/?s={search_term_string}"},"query-input":{"@type":"PropertyValueSpecification","valueRequired":true,"valueName":"search_term_string"}}],"inLanguage":"fi"},{"@type":"Organization","@id":"https:\/\/magnetarmagnets.com\/fi\/#organization","name":"Magnetar","url":"https:\/\/magnetarmagnets.com\/fi\/","logo":{"@type":"ImageObject","inLanguage":"fi","@id":"https:\/\/magnetarmagnets.com\/fi\/#\/schema\/logo\/image\/","url":"https:\/\/magnetarmagnets.com\/wp-content\/uploads\/2025\/05\/Logo-03_PNG-Black-scaled.png","contentUrl":"https:\/\/magnetarmagnets.com\/wp-content\/uploads\/2025\/05\/Logo-03_PNG-Black-scaled.png","width":2560,"height":1658,"caption":"Magnetar"},"image":{"@id":"https:\/\/magnetarmagnets.com\/fi\/#\/schema\/logo\/image\/"},"sameAs":["https:\/\/www.facebook.com\/fishingmagnets\/","https:\/\/www.instagram.com\/magnetar_magnets\/","https:\/\/www.linkedin.com\/company\/magnetarbv\/?originalSubdomain=nl","https:\/\/www.youtube.com\/c\/MagnetarVismagneet"]}]}},"_links":{"self":[{"href":"https:\/\/magnetarmagnets.com\/fi\/wp-json\/wp\/v2\/product\/85478","targetHints":{"allow":["GET"]}}],"collection":[{"href":"https:\/\/magnetarmagnets.com\/fi\/wp-json\/wp\/v2\/product"}],"about":[{"href":"https:\/\/magnetarmagnets.com\/fi\/wp-json\/wp\/v2\/types\/product"}],"replies":[{"embeddable":true,"href":"https:\/\/magnetarmagnets.com\/fi\/wp-json\/wp\/v2\/comments?post=85478"}],"version-history":[{"count":1,"href":"https:\/\/magnetarmagnets.com\/fi\/wp-json\/wp\/v2\/product\/85478\/revisions"}],"predecessor-version":[{"id":94500,"href":"https:\/\/magnetarmagnets.com\/fi\/wp-json\/wp\/v2\/product\/85478\/revisions\/94500"}],"wp:featuredmedia":[{"embeddable":true,"href":"https:\/\/magnetarmagnets.com\/fi\/wp-json\/wp\/v2\/media\/65249"}],"wp:attachment":[{"href":"https:\/\/magnetarmagnets.com\/fi\/wp-json\/wp\/v2\/media?parent=85478"}],"wp:term":[{"taxonomy":"product_brand","embeddable":true,"href":"https:\/\/magnetarmagnets.com\/fi\/wp-json\/wp\/v2\/product_brand?post=85478"},{"taxonomy":"product_cat","embeddable":true,"href":"https:\/\/magnetarmagnets.com\/fi\/wp-json\/wp\/v2\/product_cat?post=85478"},{"taxonomy":"product_tag","embeddable":true,"href":"https:\/\/magnetarmagnets.com\/fi\/wp-json\/wp\/v2\/product_tag?post=85478"}],"curies":[{"name":"wp","href":"https:\/\/api.w.org\/{rel}","templated":true}]}}