{"id":85476,"date":"2025-06-05T09:54:16","date_gmt":"2025-06-05T07:54:16","guid":{"rendered":"https:\/\/magnetarmagnets.com\/?post_type=product&#038;p=85476"},"modified":"2026-04-03T13:00:28","modified_gmt":"2026-04-03T11:00:28","slug":"kahmarikoukku-magneettikalastusvavalle","status":"publish","type":"product","link":"https:\/\/magnetarmagnets.com\/fi\/shop\/kahmarikoukku-magneettikalastusvavalle\/","title":{"rendered":"Kahmarikoukku magneettikalastusvavalle"},"content":{"rendered":"Joskus vedest\u00e4 l\u00f6ytyy kohde, jota et saa pelk\u00e4ll\u00e4 kalastusmagneetilla nostettua. Mit\u00e4 t\u00e4llaisessa tilanteessa teet? K\u00e4yt\u00e4t Magnetarilta saatavaa kahmarikoukkua! T\u00e4m\u00e4n lis\u00e4varusteen avulla saat tukevan otteen jopa haastavimmista esineist\u00e4. T\u00e4m\u00e4 kahmarikoukku on varustettu kierretyll\u00e4 p\u00e4\u00e4ll\u00e4, jonka ansiosta sen voi kiinnitt\u00e4\u00e4 &#8220;Lange Jan&#8221; -vavaamme, joka on tarkoitettu magneettikalastukseen.\n\n<h2>Korkealaatuinen kahmarikoukku kierretyll\u00e4 p\u00e4\u00e4ll\u00e4<\/h2>\n\nT\u00e4m\u00e4 magneettikalastukseen tarkoitettu kahmarikoukku on valmistettu kokonaan ruostumattomasta ter\u00e4ksest\u00e4. T\u00e4m\u00e4 takaa, ett\u00e4 koukku itsess\u00e4\u00e4n ei ole magneettinen ja kest\u00e4\u00e4 hyvin ruostumista, tai ruostuu vain hyvin v\u00e4h\u00e4n. Voit k\u00e4ytt\u00e4\u00e4 t\u00e4t\u00e4 lis\u00e4varustetta ongelmitta yhdess\u00e4 Magnetar kalastusmagneettisi kanssa. Todella k\u00e4tev\u00e4\u00e4, eik\u00f6 vain?\n\nT\u00e4m\u00e4 ty\u00f6kalu on suunniteltu erityisesti k\u00e4ytett\u00e4v\u00e4ksi Lange Jan -vavan kanssa. Lange Jan on tunnustelutikku, jota k\u00e4ytet\u00e4\u00e4n tyypillisesti yhdess\u00e4 Magnetar <a href=\"https:\/\/magnetarmagnets.com\/strong-fishing-magnets\">kaksipuolisen kalastusmagneetin<\/a> kanssa. T\u00e4st\u00e4 l\u00e4htien voit my\u00f6s asentaa kahmarikoukun Lange Jan -vavalle, mik\u00e4 tekee vedenalaisten kohteiden tavoittamisen helpommaksi kuin pelk\u00e4ll\u00e4 narulla.\n\n<h2>Kuinka k\u00e4yt\u00e4n kierrevartista kahmarikoukkua?<\/h2>\n\nK\u00e4yt\u00e4t kahmarikoukkua ensisijaisesti noutaaksesi vedenalaisia, ei-magneettisia kohteita. Tunnustelutikulla voit yritt\u00e4\u00e4 saada yhden koukun sarvoista kiinni kohteen taakse. Ved\u00e4 sitten varovasti kohdetta yl\u00f6sp\u00e4in.\n\nJoskus pelk\u00e4ll\u00e4 kalastusmagneetilla ei saa riitt\u00e4v\u00e4n hyv\u00e4\u00e4 otetta l\u00f6yd\u00f6st\u00e4. T\u00e4ll\u00f6in Magnetarin kahmarikoukku on apunasi. Laske kahmarikoukku varovasti alas ja yrit\u00e4 saada se kiinni l\u00f6yd\u00f6n taakse. Ved\u00e4 sitten kalastusmagneetti ja kahmarikoukku samanaikaisesti yl\u00f6sp\u00e4in.\n\n<h2>Magnetar-laatua<\/h2>\n\nMagnetar on pieni perheyritys, jota johtavat aito magneettikalastuksen harrastajat. Laatu on meille ensisijaisen t\u00e4rke\u00e4\u00e4, ja se n\u00e4kyy tuotteissamme. Kaikki tuotteet suunnittelee oma tiimimme laadun takaamiseksi. Etsitk\u00f6 luotettavaa, tehokasta ja korkealaatuista magneettikalastusvarustusta? Olet l\u00f6yt\u00e4nyt oikean paikan Magnetarilta!\n\n<h2>Huomioithan!<\/h2>\n\nKierrevartista kahmarikoukkua tulee k\u00e4ytt\u00e4\u00e4 varoen magneettikalastuksen aikana ja j\u00e4lkeen. On suositeltavaa puhdistaa tuote k\u00e4yt\u00f6n j\u00e4lkeen sen k\u00e4ytt\u00f6i\u00e4n pident\u00e4miseksi. Lis\u00e4ksi tulee varoa kahmarikoukun ter\u00e4vi\u00e4 k\u00e4rki\u00e4. Varmista, ett\u00e4 tuote s\u00e4ilytet\u00e4\u00e4n siten, etteiv\u00e4t n\u00e4m\u00e4 k\u00e4rjet aiheuta vaaraa.","protected":false},"excerpt":{"rendered":"<p>Asennat t\u00e4m\u00e4n <strong>Kierrevartisen kahmarikoukun<\/strong> magneettikalastusvapaamme &#8216;Lange Jan&#8217; -vavalle. T\u00e4m\u00e4 mahdollistaa <strong>kahmarikoukun<\/strong> entist\u00e4 <strong>tehokkaamman<\/strong> k\u00e4yt\u00f6n.<\/p>\n","protected":false},"featured_media":65232,"comment_status":"open","ping_status":"closed","template":"","meta":{"_acf_changed":false,"inline_featured_image":false},"product_brand":[],"product_cat":[239,268],"product_tag":[],"class_list":{"0":"post-85476","1":"product","2":"type-product","3":"status-publish","4":"has-post-thumbnail","6":"product_cat-magnet-fishing-gear-accessories-3","7":"product_cat-utrustning","9":"first","10":"instock","11":"taxable","12":"shipping-taxable","13":"purchasable","14":"product-type-simple"},"acf":[],"yoast_head":"<!-- This site is optimized with the Yoast SEO plugin v27.3 - https:\/\/yoast.com\/product\/yoast-seo-wordpress\/ -->\n<title>Kahmarikoukku magneettikalastusvavalle<\/title>\n<meta name=\"description\" content=\"Kahmarikoukku magneettikalastukseen - Magnetar essentials\" \/>\n<meta name=\"robots\" content=\"index, follow, max-snippet:-1, max-image-preview:large, max-video-preview:-1\" \/>\n<link rel=\"canonical\" href=\"https:\/\/magnetarmagnets.com\/fi\/shop\/kahmarikoukku-magneettikalastusvavalle\/\" \/>\n<meta property=\"og:locale\" content=\"fi_FI\" \/>\n<meta property=\"og:type\" content=\"article\" \/>\n<meta property=\"og:title\" content=\"Kahmarikoukku magneettikalastusvavalle\" \/>\n<meta property=\"og:description\" content=\"Kahmarikoukku magneettikalastukseen - Magnetar essentials\" \/>\n<meta property=\"og:url\" content=\"https:\/\/magnetarmagnets.com\/fi\/shop\/kahmarikoukku-magneettikalastusvavalle\/\" \/>\n<meta property=\"og:site_name\" content=\"Magnet fishing with a Magnetar fishing magnet\" \/>\n<meta property=\"article:publisher\" content=\"https:\/\/www.facebook.com\/fishingmagnets\/\" \/>\n<meta property=\"article:modified_time\" content=\"2026-04-03T11:00:28+00:00\" \/>\n<meta property=\"og:image\" content=\"https:\/\/magnetarmagnets.com\/wp-content\/uploads\/2023\/09\/JNF-Magnetar-Bedrijfsfotografie-01-09-2023-Foto-0172.jpg\" \/>\n\t<meta property=\"og:image:width\" content=\"1000\" \/>\n\t<meta property=\"og:image:height\" content=\"1000\" \/>\n\t<meta property=\"og:image:type\" content=\"image\/jpeg\" \/>\n<meta name=\"twitter:card\" content=\"summary_large_image\" \/>\n<meta name=\"twitter:label1\" content=\"Arvioitu lukuaika\" \/>\n\t<meta name=\"twitter:data1\" content=\"2 minuuttia\" \/>\n<script type=\"application\/ld+json\" class=\"yoast-schema-graph\">{\"@context\":\"https:\\\/\\\/schema.org\",\"@graph\":[{\"@type\":[\"WebPage\",\"ItemPage\"],\"@id\":\"https:\\\/\\\/magnetarmagnets.com\\\/fi\\\/shop\\\/kahmarikoukku-magneettikalastusvavalle\\\/\",\"url\":\"https:\\\/\\\/magnetarmagnets.com\\\/fi\\\/shop\\\/kahmarikoukku-magneettikalastusvavalle\\\/\",\"name\":\"Kahmarikoukku magneettikalastusvavalle\",\"isPartOf\":{\"@id\":\"https:\\\/\\\/magnetarmagnets.com\\\/fi\\\/#website\"},\"primaryImageOfPage\":{\"@id\":\"https:\\\/\\\/magnetarmagnets.com\\\/fi\\\/shop\\\/kahmarikoukku-magneettikalastusvavalle\\\/#primaryimage\"},\"image\":{\"@id\":\"https:\\\/\\\/magnetarmagnets.com\\\/fi\\\/shop\\\/kahmarikoukku-magneettikalastusvavalle\\\/#primaryimage\"},\"thumbnailUrl\":\"https:\\\/\\\/magnetarmagnets.com\\\/wp-content\\\/uploads\\\/2023\\\/09\\\/JNF-Magnetar-Bedrijfsfotografie-01-09-2023-Foto-0172.jpg\",\"datePublished\":\"2025-06-05T07:54:16+00:00\",\"dateModified\":\"2026-04-03T11:00:28+00:00\",\"description\":\"Kahmarikoukku magneettikalastukseen - Magnetar essentials\",\"breadcrumb\":{\"@id\":\"https:\\\/\\\/magnetarmagnets.com\\\/fi\\\/shop\\\/kahmarikoukku-magneettikalastusvavalle\\\/#breadcrumb\"},\"inLanguage\":\"fi\",\"potentialAction\":[{\"@type\":\"ReadAction\",\"target\":[\"https:\\\/\\\/magnetarmagnets.com\\\/fi\\\/shop\\\/kahmarikoukku-magneettikalastusvavalle\\\/\"]}]},{\"@type\":\"ImageObject\",\"inLanguage\":\"fi\",\"@id\":\"https:\\\/\\\/magnetarmagnets.com\\\/fi\\\/shop\\\/kahmarikoukku-magneettikalastusvavalle\\\/#primaryimage\",\"url\":\"https:\\\/\\\/magnetarmagnets.com\\\/wp-content\\\/uploads\\\/2023\\\/09\\\/JNF-Magnetar-Bedrijfsfotografie-01-09-2023-Foto-0172.jpg\",\"contentUrl\":\"https:\\\/\\\/magnetarmagnets.com\\\/wp-content\\\/uploads\\\/2023\\\/09\\\/JNF-Magnetar-Bedrijfsfotografie-01-09-2023-Foto-0172.jpg\",\"width\":1000,\"height\":1000},{\"@type\":\"BreadcrumbList\",\"@id\":\"https:\\\/\\\/magnetarmagnets.com\\\/fi\\\/shop\\\/kahmarikoukku-magneettikalastusvavalle\\\/#breadcrumb\",\"itemListElement\":[{\"@type\":\"ListItem\",\"position\":1,\"name\":\"Home\",\"item\":\"https:\\\/\\\/magnetarmagnets.com\\\/fi\\\/\"},{\"@type\":\"ListItem\",\"position\":2,\"name\":\"Verkkokauppa\",\"item\":\"https:\\\/\\\/magnetarmagnets.com\\\/verkkokauppa\\\/\"},{\"@type\":\"ListItem\",\"position\":3,\"name\":\"Varusteet\",\"item\":\"https:\\\/\\\/magnetarmagnets.com\\\/fi\\\/collections\\\/varusteet\\\/\"},{\"@type\":\"ListItem\",\"position\":4,\"name\":\"Kalastusmagneettivarusteet\",\"item\":\"https:\\\/\\\/magnetarmagnets.com\\\/fi\\\/collections\\\/varusteet\\\/kalastusmagneettivarusteet\\\/\"},{\"@type\":\"ListItem\",\"position\":5,\"name\":\"Kahmarikoukku magneettikalastusvavalle\"}]},{\"@type\":\"WebSite\",\"@id\":\"https:\\\/\\\/magnetarmagnets.com\\\/fi\\\/#website\",\"url\":\"https:\\\/\\\/magnetarmagnets.com\\\/fi\\\/\",\"name\":\"Magnet fishing with a Magnetar fishing magnet\",\"description\":\"Vahvat magneetit magneettikalastukseen\\n\\n\",\"publisher\":{\"@id\":\"https:\\\/\\\/magnetarmagnets.com\\\/fi\\\/#organization\"},\"potentialAction\":[{\"@type\":\"SearchAction\",\"target\":{\"@type\":\"EntryPoint\",\"urlTemplate\":\"https:\\\/\\\/magnetarmagnets.com\\\/fi\\\/?s={search_term_string}\"},\"query-input\":{\"@type\":\"PropertyValueSpecification\",\"valueRequired\":true,\"valueName\":\"search_term_string\"}}],\"inLanguage\":\"fi\"},{\"@type\":\"Organization\",\"@id\":\"https:\\\/\\\/magnetarmagnets.com\\\/fi\\\/#organization\",\"name\":\"Magnetar\",\"url\":\"https:\\\/\\\/magnetarmagnets.com\\\/fi\\\/\",\"logo\":{\"@type\":\"ImageObject\",\"inLanguage\":\"fi\",\"@id\":\"https:\\\/\\\/magnetarmagnets.com\\\/fi\\\/#\\\/schema\\\/logo\\\/image\\\/\",\"url\":\"https:\\\/\\\/magnetarmagnets.com\\\/wp-content\\\/uploads\\\/2025\\\/05\\\/Logo-03_PNG-Black-scaled.png\",\"contentUrl\":\"https:\\\/\\\/magnetarmagnets.com\\\/wp-content\\\/uploads\\\/2025\\\/05\\\/Logo-03_PNG-Black-scaled.png\",\"width\":2560,\"height\":1658,\"caption\":\"Magnetar\"},\"image\":{\"@id\":\"https:\\\/\\\/magnetarmagnets.com\\\/fi\\\/#\\\/schema\\\/logo\\\/image\\\/\"},\"sameAs\":[\"https:\\\/\\\/www.facebook.com\\\/fishingmagnets\\\/\",\"https:\\\/\\\/www.instagram.com\\\/magnetar_magnets\\\/\",\"https:\\\/\\\/www.linkedin.com\\\/company\\\/magnetarbv\\\/?originalSubdomain=nl\",\"https:\\\/\\\/www.youtube.com\\\/c\\\/MagnetarVismagneet\"]}]}<\/script>\n<!-- \/ Yoast SEO plugin. -->","yoast_head_json":{"title":"Kahmarikoukku magneettikalastusvavalle","description":"Kahmarikoukku magneettikalastukseen - Magnetar essentials","robots":{"index":"index","follow":"follow","max-snippet":"max-snippet:-1","max-image-preview":"max-image-preview:large","max-video-preview":"max-video-preview:-1"},"canonical":"https:\/\/magnetarmagnets.com\/fi\/shop\/kahmarikoukku-magneettikalastusvavalle\/","og_locale":"fi_FI","og_type":"article","og_title":"Kahmarikoukku magneettikalastusvavalle","og_description":"Kahmarikoukku magneettikalastukseen - Magnetar essentials","og_url":"https:\/\/magnetarmagnets.com\/fi\/shop\/kahmarikoukku-magneettikalastusvavalle\/","og_site_name":"Magnet fishing with a Magnetar fishing magnet","article_publisher":"https:\/\/www.facebook.com\/fishingmagnets\/","article_modified_time":"2026-04-03T11:00:28+00:00","og_image":[{"width":1000,"height":1000,"url":"https:\/\/magnetarmagnets.com\/wp-content\/uploads\/2023\/09\/JNF-Magnetar-Bedrijfsfotografie-01-09-2023-Foto-0172.jpg","type":"image\/jpeg"}],"twitter_card":"summary_large_image","twitter_misc":{"Arvioitu lukuaika":"2 minuuttia"},"schema":{"@context":"https:\/\/schema.org","@graph":[{"@type":["WebPage","ItemPage"],"@id":"https:\/\/magnetarmagnets.com\/fi\/shop\/kahmarikoukku-magneettikalastusvavalle\/","url":"https:\/\/magnetarmagnets.com\/fi\/shop\/kahmarikoukku-magneettikalastusvavalle\/","name":"Kahmarikoukku magneettikalastusvavalle","isPartOf":{"@id":"https:\/\/magnetarmagnets.com\/fi\/#website"},"primaryImageOfPage":{"@id":"https:\/\/magnetarmagnets.com\/fi\/shop\/kahmarikoukku-magneettikalastusvavalle\/#primaryimage"},"image":{"@id":"https:\/\/magnetarmagnets.com\/fi\/shop\/kahmarikoukku-magneettikalastusvavalle\/#primaryimage"},"thumbnailUrl":"https:\/\/magnetarmagnets.com\/wp-content\/uploads\/2023\/09\/JNF-Magnetar-Bedrijfsfotografie-01-09-2023-Foto-0172.jpg","datePublished":"2025-06-05T07:54:16+00:00","dateModified":"2026-04-03T11:00:28+00:00","description":"Kahmarikoukku magneettikalastukseen - Magnetar essentials","breadcrumb":{"@id":"https:\/\/magnetarmagnets.com\/fi\/shop\/kahmarikoukku-magneettikalastusvavalle\/#breadcrumb"},"inLanguage":"fi","potentialAction":[{"@type":"ReadAction","target":["https:\/\/magnetarmagnets.com\/fi\/shop\/kahmarikoukku-magneettikalastusvavalle\/"]}]},{"@type":"ImageObject","inLanguage":"fi","@id":"https:\/\/magnetarmagnets.com\/fi\/shop\/kahmarikoukku-magneettikalastusvavalle\/#primaryimage","url":"https:\/\/magnetarmagnets.com\/wp-content\/uploads\/2023\/09\/JNF-Magnetar-Bedrijfsfotografie-01-09-2023-Foto-0172.jpg","contentUrl":"https:\/\/magnetarmagnets.com\/wp-content\/uploads\/2023\/09\/JNF-Magnetar-Bedrijfsfotografie-01-09-2023-Foto-0172.jpg","width":1000,"height":1000},{"@type":"BreadcrumbList","@id":"https:\/\/magnetarmagnets.com\/fi\/shop\/kahmarikoukku-magneettikalastusvavalle\/#breadcrumb","itemListElement":[{"@type":"ListItem","position":1,"name":"Home","item":"https:\/\/magnetarmagnets.com\/fi\/"},{"@type":"ListItem","position":2,"name":"Verkkokauppa","item":"https:\/\/magnetarmagnets.com\/verkkokauppa\/"},{"@type":"ListItem","position":3,"name":"Varusteet","item":"https:\/\/magnetarmagnets.com\/fi\/collections\/varusteet\/"},{"@type":"ListItem","position":4,"name":"Kalastusmagneettivarusteet","item":"https:\/\/magnetarmagnets.com\/fi\/collections\/varusteet\/kalastusmagneettivarusteet\/"},{"@type":"ListItem","position":5,"name":"Kahmarikoukku magneettikalastusvavalle"}]},{"@type":"WebSite","@id":"https:\/\/magnetarmagnets.com\/fi\/#website","url":"https:\/\/magnetarmagnets.com\/fi\/","name":"Magnet fishing with a Magnetar fishing magnet","description":"Vahvat magneetit magneettikalastukseen\n\n","publisher":{"@id":"https:\/\/magnetarmagnets.com\/fi\/#organization"},"potentialAction":[{"@type":"SearchAction","target":{"@type":"EntryPoint","urlTemplate":"https:\/\/magnetarmagnets.com\/fi\/?s={search_term_string}"},"query-input":{"@type":"PropertyValueSpecification","valueRequired":true,"valueName":"search_term_string"}}],"inLanguage":"fi"},{"@type":"Organization","@id":"https:\/\/magnetarmagnets.com\/fi\/#organization","name":"Magnetar","url":"https:\/\/magnetarmagnets.com\/fi\/","logo":{"@type":"ImageObject","inLanguage":"fi","@id":"https:\/\/magnetarmagnets.com\/fi\/#\/schema\/logo\/image\/","url":"https:\/\/magnetarmagnets.com\/wp-content\/uploads\/2025\/05\/Logo-03_PNG-Black-scaled.png","contentUrl":"https:\/\/magnetarmagnets.com\/wp-content\/uploads\/2025\/05\/Logo-03_PNG-Black-scaled.png","width":2560,"height":1658,"caption":"Magnetar"},"image":{"@id":"https:\/\/magnetarmagnets.com\/fi\/#\/schema\/logo\/image\/"},"sameAs":["https:\/\/www.facebook.com\/fishingmagnets\/","https:\/\/www.instagram.com\/magnetar_magnets\/","https:\/\/www.linkedin.com\/company\/magnetarbv\/?originalSubdomain=nl","https:\/\/www.youtube.com\/c\/MagnetarVismagneet"]}]}},"_links":{"self":[{"href":"https:\/\/magnetarmagnets.com\/fi\/wp-json\/wp\/v2\/product\/85476","targetHints":{"allow":["GET"]}}],"collection":[{"href":"https:\/\/magnetarmagnets.com\/fi\/wp-json\/wp\/v2\/product"}],"about":[{"href":"https:\/\/magnetarmagnets.com\/fi\/wp-json\/wp\/v2\/types\/product"}],"replies":[{"embeddable":true,"href":"https:\/\/magnetarmagnets.com\/fi\/wp-json\/wp\/v2\/comments?post=85476"}],"version-history":[{"count":1,"href":"https:\/\/magnetarmagnets.com\/fi\/wp-json\/wp\/v2\/product\/85476\/revisions"}],"predecessor-version":[{"id":94695,"href":"https:\/\/magnetarmagnets.com\/fi\/wp-json\/wp\/v2\/product\/85476\/revisions\/94695"}],"wp:featuredmedia":[{"embeddable":true,"href":"https:\/\/magnetarmagnets.com\/fi\/wp-json\/wp\/v2\/media\/65232"}],"wp:attachment":[{"href":"https:\/\/magnetarmagnets.com\/fi\/wp-json\/wp\/v2\/media?parent=85476"}],"wp:term":[{"taxonomy":"product_brand","embeddable":true,"href":"https:\/\/magnetarmagnets.com\/fi\/wp-json\/wp\/v2\/product_brand?post=85476"},{"taxonomy":"product_cat","embeddable":true,"href":"https:\/\/magnetarmagnets.com\/fi\/wp-json\/wp\/v2\/product_cat?post=85476"},{"taxonomy":"product_tag","embeddable":true,"href":"https:\/\/magnetarmagnets.com\/fi\/wp-json\/wp\/v2\/product_tag?post=85476"}],"curies":[{"name":"wp","href":"https:\/\/api.w.org\/{rel}","templated":true}]}}