{"id":85473,"date":"2025-06-05T09:53:05","date_gmt":"2025-06-05T07:53:05","guid":{"rendered":"https:\/\/magnetarmagnets.com\/?post_type=product&#038;p=85473"},"modified":"2026-04-07T19:00:23","modified_gmt":"2026-04-07T17:00:23","slug":"magnetar-collector-lastunkeraaja-ja-kynnenkeraaja","status":"publish","type":"product","link":"https:\/\/magnetarmagnets.com\/fi\/shop\/magnetar-collector-lastunkeraaja-ja-kynnenkeraaja\/","title":{"rendered":"Magnetar Collector \u2013 Lastunker\u00e4\u00e4j\u00e4 ja Kynnenker\u00e4\u00e4j\u00e4"},"content":{"rendered":"Magnetar Collector on lastunker\u00e4\u00e4j\u00e4. Konepajaty\u00f6kalu, joka helpottaa metalli- ja rautaj\u00e4tteen ker\u00e4\u00e4mist\u00e4. T\u00e4m\u00e4n k\u00e4tev\u00e4n ty\u00f6kalun avulla v\u00e4lt\u00e4t haravointia ja harjalla pyyhkimist\u00e4. Kuulostaako hyv\u00e4lt\u00e4? Magnetar Collector tunnetaan my\u00f6s nimill\u00e4 kynnenker\u00e4\u00e4j\u00e4 ja magneettitanko, sill\u00e4 ty\u00f6kalua voi k\u00e4ytt\u00e4\u00e4 my\u00f6s esimerkiksi naulojen ja niittien keruuseen puu-uunien tai takkojen l\u00e4helt\u00e4. Lyhyesti sanottuna, t\u00e4m\u00e4 pieni laite palvelee monia tarkoituksia.\n\n\n\n<h2><strong>Kuinka lastunker\u00e4\u00e4j\u00e4 toimii?<\/strong><\/h2>\n\nMagnetar Collector on eritt\u00e4in k\u00e4ytt\u00e4j\u00e4yst\u00e4v\u00e4llinen. T\u00e4m\u00e4 lastunker\u00e4\u00e4j\u00e4 sis\u00e4lt\u00e4\u00e4 magnettin tangon ruostumattomassa ter\u00e4skuoressa. Tanko on laadukas pysyv\u00e4 neodyymimagneetti, joten sen magneettinen veto ei heikkene seuraavien vuosikymmenien aikana.\n\n\n\nTy\u00f6skentelyn j\u00e4lkeen siirr\u00e4t kynnenker\u00e4\u00e4j\u00e4\u00e4 metalliesineiden tai metallij\u00e4tteen p\u00e4\u00e4ll\u00e4, jonka haluat ker\u00e4t\u00e4. T\u00e4yttyik\u00f6 tanko? Ved\u00e4 kahva ulos. T\u00e4m\u00e4 poistaa neodyymimagneetin ruostumattomasta ter\u00e4skuoresta. Kaikki j\u00e4teainekset p\u00e4\u00e4sev\u00e4t irtoamaan magneetista. T\u00e4m\u00e4 yksinkertainen demagnetisointitoiminto tekee siivoamisesta nopeaa ja vaivatonta.\n\n\n\n&nbsp;\n\n<h2><strong>Kuka voi k\u00e4ytt\u00e4\u00e4 Magnetar Collectoria?<\/strong><\/h2>\n\nMagnetar Collectoria k\u00e4ytt\u00e4v\u00e4t eniten metallikoneistajat, sill\u00e4 sorvaus, jyrsint\u00e4 ja poraus tuottavat metallilastuja. Lis\u00e4ksi on lukuisia muita ty\u00f6teht\u00e4vi\u00e4, joissa k\u00e4sitell\u00e4\u00e4n pient\u00e4 metallij\u00e4tett\u00e4. T\u00e4m\u00e4 lastun ja kynsi\u00e4 ker\u00e4\u00e4v\u00e4 magneetti sopii kaikkiin vastaaviin k\u00e4ytt\u00f6tarkoituksiin.\n\n\n\nKotitalousk\u00e4ytt\u00f6 on my\u00f6s t\u00e4ysin mahdollista Magnetar Collectorilla. Voit esimerkiksi puhdistaa nauloja ja niittej\u00e4 takkojen tai uunien tuhasta. Tavallisesti likainen ja hankala teht\u00e4v\u00e4 sujuu nyt siististi ja nopeasti.\n\n\n\n&nbsp;\n\n<h2><strong>Suuri lastun- ja kynnenker\u00e4\u00e4j\u00e4<\/strong><\/h2>\n\nJos sinulla on teht\u00e4v\u00e4n\u00e4 metallin tai raudan j\u00e4tteiden puhdistus laajoilta alueilta, harkitse magneettiharjaamme. Neodyymiharjamme sopii parhaiten verstaan lattioiden, tapahtumapaikkojen ja muiden kohteiden siivoamiseen. T\u00e4t\u00e4 magneettiharjaa on saatavana koossa 18\u201d, 24\u201d ja 36\u201d.\n\n\n\nTarvitsetko r\u00e4\u00e4t\u00e4l\u00f6idyn lastunker\u00e4\u00e4j\u00e4n tai kynnenker\u00e4\u00e4j\u00e4n tiettyyn teht\u00e4v\u00e4\u00e4n? Ota yhteytt\u00e4, niin pyrimme tarjoamaan sinulle parhaan mahdollisen ratkaisun.","protected":false},"excerpt":{"rendered":"<p>Magnetar Collector tekee metallij\u00e4teaineksen ker\u00e4\u00e4misest\u00e4 <strong>helppoa<\/strong>. T\u00e4m\u00e4 magneettinen lastunker\u00e4\u00e4j\u00e4 k\u00e4ytt\u00e4\u00e4 <strong>yksinkertaista erotusmenetelm\u00e4\u00e4<\/strong> rautaesineiden <strong>poimimiseen ja vapauttamiseen<\/strong>. Vain <strong>yhdell\u00e4 k\u00e4den liikkeell\u00e4<\/strong>.<\/p>\n<p>&nbsp;<\/p>\n","protected":false},"featured_media":73404,"comment_status":"open","ping_status":"closed","template":"","meta":{"_acf_changed":false,"inline_featured_image":false},"product_brand":[],"product_cat":[721,718],"product_tag":[],"class_list":{"0":"post-85473","1":"product","2":"type-product","3":"status-publish","4":"has-post-thumbnail","6":"product_cat-magneettiset-lisavarusteet","7":"product_cat-varusteet","9":"first","10":"instock","11":"sale","12":"taxable","13":"shipping-taxable","14":"purchasable","15":"product-type-simple"},"acf":[],"yoast_head":"<!-- This site is optimized with the Yoast SEO plugin v27.3 - https:\/\/yoast.com\/product\/yoast-seo-wordpress\/ -->\n<title>Magnetar Collector \u2013 Lastunker\u00e4\u00e4j\u00e4 ja Kynnenker\u00e4\u00e4j\u00e4 - Magnet fishing with a Magnetar fishing magnet<\/title>\n<meta name=\"description\" content=\"Magnetar Collector \u2013 Lastu- ja Kynnenker\u00e4\u00e4j\u00e4\" \/>\n<meta name=\"robots\" content=\"index, follow, max-snippet:-1, max-image-preview:large, max-video-preview:-1\" \/>\n<link rel=\"canonical\" href=\"https:\/\/magnetarmagnets.com\/fi\/shop\/magnetar-collector-lastunkeraaja-ja-kynnenkeraaja\/\" \/>\n<meta property=\"og:locale\" content=\"fi_FI\" \/>\n<meta property=\"og:type\" content=\"article\" \/>\n<meta property=\"og:title\" content=\"Magnetar Collector \u2013 Lastunker\u00e4\u00e4j\u00e4 ja Kynnenker\u00e4\u00e4j\u00e4 - Magnet fishing with a Magnetar fishing magnet\" \/>\n<meta property=\"og:description\" content=\"Magnetar Collector \u2013 Lastu- ja Kynnenker\u00e4\u00e4j\u00e4\" \/>\n<meta property=\"og:url\" content=\"https:\/\/magnetarmagnets.com\/fi\/shop\/magnetar-collector-lastunkeraaja-ja-kynnenkeraaja\/\" \/>\n<meta property=\"og:site_name\" content=\"Magnet fishing with a Magnetar fishing magnet\" \/>\n<meta property=\"article:publisher\" content=\"https:\/\/www.facebook.com\/fishingmagnets\/\" \/>\n<meta property=\"article:modified_time\" content=\"2026-04-07T17:00:23+00:00\" \/>\n<meta property=\"og:image\" content=\"https:\/\/magnetarmagnets.com\/wp-content\/uploads\/2023\/09\/JNF-Magnetar-Bedrijfsfotografie-01-09-2023-Foto-0222.jpg\" \/>\n\t<meta property=\"og:image:width\" content=\"1000\" \/>\n\t<meta property=\"og:image:height\" content=\"1000\" \/>\n\t<meta property=\"og:image:type\" content=\"image\/jpeg\" \/>\n<meta name=\"twitter:card\" content=\"summary_large_image\" \/>\n<meta name=\"twitter:label1\" content=\"Arvioitu lukuaika\" \/>\n\t<meta name=\"twitter:data1\" content=\"2 minuuttia\" \/>\n<script type=\"application\/ld+json\" class=\"yoast-schema-graph\">{\"@context\":\"https:\\\/\\\/schema.org\",\"@graph\":[{\"@type\":[\"WebPage\",\"ItemPage\"],\"@id\":\"https:\\\/\\\/magnetarmagnets.com\\\/fi\\\/shop\\\/magnetar-collector-lastunkeraaja-ja-kynnenkeraaja\\\/\",\"url\":\"https:\\\/\\\/magnetarmagnets.com\\\/fi\\\/shop\\\/magnetar-collector-lastunkeraaja-ja-kynnenkeraaja\\\/\",\"name\":\"Magnetar Collector \u2013 Lastunker\u00e4\u00e4j\u00e4 ja Kynnenker\u00e4\u00e4j\u00e4 - Magnet fishing with a Magnetar fishing magnet\",\"isPartOf\":{\"@id\":\"https:\\\/\\\/magnetarmagnets.com\\\/fi\\\/#website\"},\"primaryImageOfPage\":{\"@id\":\"https:\\\/\\\/magnetarmagnets.com\\\/fi\\\/shop\\\/magnetar-collector-lastunkeraaja-ja-kynnenkeraaja\\\/#primaryimage\"},\"image\":{\"@id\":\"https:\\\/\\\/magnetarmagnets.com\\\/fi\\\/shop\\\/magnetar-collector-lastunkeraaja-ja-kynnenkeraaja\\\/#primaryimage\"},\"thumbnailUrl\":\"https:\\\/\\\/magnetarmagnets.com\\\/wp-content\\\/uploads\\\/2023\\\/09\\\/JNF-Magnetar-Bedrijfsfotografie-01-09-2023-Foto-0222.jpg\",\"datePublished\":\"2025-06-05T07:53:05+00:00\",\"dateModified\":\"2026-04-07T17:00:23+00:00\",\"description\":\"Magnetar Collector \u2013 Lastu- ja Kynnenker\u00e4\u00e4j\u00e4\",\"breadcrumb\":{\"@id\":\"https:\\\/\\\/magnetarmagnets.com\\\/fi\\\/shop\\\/magnetar-collector-lastunkeraaja-ja-kynnenkeraaja\\\/#breadcrumb\"},\"inLanguage\":\"fi\",\"potentialAction\":[{\"@type\":\"ReadAction\",\"target\":[\"https:\\\/\\\/magnetarmagnets.com\\\/fi\\\/shop\\\/magnetar-collector-lastunkeraaja-ja-kynnenkeraaja\\\/\"]}]},{\"@type\":\"ImageObject\",\"inLanguage\":\"fi\",\"@id\":\"https:\\\/\\\/magnetarmagnets.com\\\/fi\\\/shop\\\/magnetar-collector-lastunkeraaja-ja-kynnenkeraaja\\\/#primaryimage\",\"url\":\"https:\\\/\\\/magnetarmagnets.com\\\/wp-content\\\/uploads\\\/2023\\\/09\\\/JNF-Magnetar-Bedrijfsfotografie-01-09-2023-Foto-0222.jpg\",\"contentUrl\":\"https:\\\/\\\/magnetarmagnets.com\\\/wp-content\\\/uploads\\\/2023\\\/09\\\/JNF-Magnetar-Bedrijfsfotografie-01-09-2023-Foto-0222.jpg\",\"width\":1000,\"height\":1000,\"caption\":\"Magnetar Collector is the swarf collector for magnetic waste\"},{\"@type\":\"BreadcrumbList\",\"@id\":\"https:\\\/\\\/magnetarmagnets.com\\\/fi\\\/shop\\\/magnetar-collector-lastunkeraaja-ja-kynnenkeraaja\\\/#breadcrumb\",\"itemListElement\":[{\"@type\":\"ListItem\",\"position\":1,\"name\":\"Home\",\"item\":\"https:\\\/\\\/magnetarmagnets.com\\\/fi\\\/\"},{\"@type\":\"ListItem\",\"position\":2,\"name\":\"Verkkokauppa\",\"item\":\"https:\\\/\\\/magnetarmagnets.com\\\/verkkokauppa\\\/\"},{\"@type\":\"ListItem\",\"position\":3,\"name\":\"Varusteet\",\"item\":\"https:\\\/\\\/magnetarmagnets.com\\\/fi\\\/collections\\\/varusteet\\\/\"},{\"@type\":\"ListItem\",\"position\":4,\"name\":\"Magneettiset lis\u00e4varusteet\",\"item\":\"https:\\\/\\\/magnetarmagnets.com\\\/fi\\\/collections\\\/varusteet\\\/magneettiset-lisavarusteet\\\/\"},{\"@type\":\"ListItem\",\"position\":5,\"name\":\"Magnetar Collector \u2013 Lastunker\u00e4\u00e4j\u00e4 ja Kynnenker\u00e4\u00e4j\u00e4\"}]},{\"@type\":\"WebSite\",\"@id\":\"https:\\\/\\\/magnetarmagnets.com\\\/fi\\\/#website\",\"url\":\"https:\\\/\\\/magnetarmagnets.com\\\/fi\\\/\",\"name\":\"Magnet fishing with a Magnetar fishing magnet\",\"description\":\"Vahvat magneetit magneettikalastukseen\\n\\n\",\"publisher\":{\"@id\":\"https:\\\/\\\/magnetarmagnets.com\\\/fi\\\/#organization\"},\"potentialAction\":[{\"@type\":\"SearchAction\",\"target\":{\"@type\":\"EntryPoint\",\"urlTemplate\":\"https:\\\/\\\/magnetarmagnets.com\\\/fi\\\/?s={search_term_string}\"},\"query-input\":{\"@type\":\"PropertyValueSpecification\",\"valueRequired\":true,\"valueName\":\"search_term_string\"}}],\"inLanguage\":\"fi\"},{\"@type\":\"Organization\",\"@id\":\"https:\\\/\\\/magnetarmagnets.com\\\/fi\\\/#organization\",\"name\":\"Magnetar\",\"url\":\"https:\\\/\\\/magnetarmagnets.com\\\/fi\\\/\",\"logo\":{\"@type\":\"ImageObject\",\"inLanguage\":\"fi\",\"@id\":\"https:\\\/\\\/magnetarmagnets.com\\\/fi\\\/#\\\/schema\\\/logo\\\/image\\\/\",\"url\":\"https:\\\/\\\/magnetarmagnets.com\\\/wp-content\\\/uploads\\\/2025\\\/05\\\/Logo-03_PNG-Black-scaled.png\",\"contentUrl\":\"https:\\\/\\\/magnetarmagnets.com\\\/wp-content\\\/uploads\\\/2025\\\/05\\\/Logo-03_PNG-Black-scaled.png\",\"width\":2560,\"height\":1658,\"caption\":\"Magnetar\"},\"image\":{\"@id\":\"https:\\\/\\\/magnetarmagnets.com\\\/fi\\\/#\\\/schema\\\/logo\\\/image\\\/\"},\"sameAs\":[\"https:\\\/\\\/www.facebook.com\\\/fishingmagnets\\\/\",\"https:\\\/\\\/www.instagram.com\\\/magnetar_magnets\\\/\",\"https:\\\/\\\/www.linkedin.com\\\/company\\\/magnetarbv\\\/?originalSubdomain=nl\",\"https:\\\/\\\/www.youtube.com\\\/c\\\/MagnetarVismagneet\"]}]}<\/script>\n<!-- \/ Yoast SEO plugin. -->","yoast_head_json":{"title":"Magnetar Collector \u2013 Lastunker\u00e4\u00e4j\u00e4 ja Kynnenker\u00e4\u00e4j\u00e4 - Magnet fishing with a Magnetar fishing magnet","description":"Magnetar Collector \u2013 Lastu- ja Kynnenker\u00e4\u00e4j\u00e4","robots":{"index":"index","follow":"follow","max-snippet":"max-snippet:-1","max-image-preview":"max-image-preview:large","max-video-preview":"max-video-preview:-1"},"canonical":"https:\/\/magnetarmagnets.com\/fi\/shop\/magnetar-collector-lastunkeraaja-ja-kynnenkeraaja\/","og_locale":"fi_FI","og_type":"article","og_title":"Magnetar Collector \u2013 Lastunker\u00e4\u00e4j\u00e4 ja Kynnenker\u00e4\u00e4j\u00e4 - Magnet fishing with a Magnetar fishing magnet","og_description":"Magnetar Collector \u2013 Lastu- ja Kynnenker\u00e4\u00e4j\u00e4","og_url":"https:\/\/magnetarmagnets.com\/fi\/shop\/magnetar-collector-lastunkeraaja-ja-kynnenkeraaja\/","og_site_name":"Magnet fishing with a Magnetar fishing magnet","article_publisher":"https:\/\/www.facebook.com\/fishingmagnets\/","article_modified_time":"2026-04-07T17:00:23+00:00","og_image":[{"width":1000,"height":1000,"url":"https:\/\/magnetarmagnets.com\/wp-content\/uploads\/2023\/09\/JNF-Magnetar-Bedrijfsfotografie-01-09-2023-Foto-0222.jpg","type":"image\/jpeg"}],"twitter_card":"summary_large_image","twitter_misc":{"Arvioitu lukuaika":"2 minuuttia"},"schema":{"@context":"https:\/\/schema.org","@graph":[{"@type":["WebPage","ItemPage"],"@id":"https:\/\/magnetarmagnets.com\/fi\/shop\/magnetar-collector-lastunkeraaja-ja-kynnenkeraaja\/","url":"https:\/\/magnetarmagnets.com\/fi\/shop\/magnetar-collector-lastunkeraaja-ja-kynnenkeraaja\/","name":"Magnetar Collector \u2013 Lastunker\u00e4\u00e4j\u00e4 ja Kynnenker\u00e4\u00e4j\u00e4 - Magnet fishing with a Magnetar fishing magnet","isPartOf":{"@id":"https:\/\/magnetarmagnets.com\/fi\/#website"},"primaryImageOfPage":{"@id":"https:\/\/magnetarmagnets.com\/fi\/shop\/magnetar-collector-lastunkeraaja-ja-kynnenkeraaja\/#primaryimage"},"image":{"@id":"https:\/\/magnetarmagnets.com\/fi\/shop\/magnetar-collector-lastunkeraaja-ja-kynnenkeraaja\/#primaryimage"},"thumbnailUrl":"https:\/\/magnetarmagnets.com\/wp-content\/uploads\/2023\/09\/JNF-Magnetar-Bedrijfsfotografie-01-09-2023-Foto-0222.jpg","datePublished":"2025-06-05T07:53:05+00:00","dateModified":"2026-04-07T17:00:23+00:00","description":"Magnetar Collector \u2013 Lastu- ja Kynnenker\u00e4\u00e4j\u00e4","breadcrumb":{"@id":"https:\/\/magnetarmagnets.com\/fi\/shop\/magnetar-collector-lastunkeraaja-ja-kynnenkeraaja\/#breadcrumb"},"inLanguage":"fi","potentialAction":[{"@type":"ReadAction","target":["https:\/\/magnetarmagnets.com\/fi\/shop\/magnetar-collector-lastunkeraaja-ja-kynnenkeraaja\/"]}]},{"@type":"ImageObject","inLanguage":"fi","@id":"https:\/\/magnetarmagnets.com\/fi\/shop\/magnetar-collector-lastunkeraaja-ja-kynnenkeraaja\/#primaryimage","url":"https:\/\/magnetarmagnets.com\/wp-content\/uploads\/2023\/09\/JNF-Magnetar-Bedrijfsfotografie-01-09-2023-Foto-0222.jpg","contentUrl":"https:\/\/magnetarmagnets.com\/wp-content\/uploads\/2023\/09\/JNF-Magnetar-Bedrijfsfotografie-01-09-2023-Foto-0222.jpg","width":1000,"height":1000,"caption":"Magnetar Collector is the swarf collector for magnetic waste"},{"@type":"BreadcrumbList","@id":"https:\/\/magnetarmagnets.com\/fi\/shop\/magnetar-collector-lastunkeraaja-ja-kynnenkeraaja\/#breadcrumb","itemListElement":[{"@type":"ListItem","position":1,"name":"Home","item":"https:\/\/magnetarmagnets.com\/fi\/"},{"@type":"ListItem","position":2,"name":"Verkkokauppa","item":"https:\/\/magnetarmagnets.com\/verkkokauppa\/"},{"@type":"ListItem","position":3,"name":"Varusteet","item":"https:\/\/magnetarmagnets.com\/fi\/collections\/varusteet\/"},{"@type":"ListItem","position":4,"name":"Magneettiset lis\u00e4varusteet","item":"https:\/\/magnetarmagnets.com\/fi\/collections\/varusteet\/magneettiset-lisavarusteet\/"},{"@type":"ListItem","position":5,"name":"Magnetar Collector \u2013 Lastunker\u00e4\u00e4j\u00e4 ja Kynnenker\u00e4\u00e4j\u00e4"}]},{"@type":"WebSite","@id":"https:\/\/magnetarmagnets.com\/fi\/#website","url":"https:\/\/magnetarmagnets.com\/fi\/","name":"Magnet fishing with a Magnetar fishing magnet","description":"Vahvat magneetit magneettikalastukseen\n\n","publisher":{"@id":"https:\/\/magnetarmagnets.com\/fi\/#organization"},"potentialAction":[{"@type":"SearchAction","target":{"@type":"EntryPoint","urlTemplate":"https:\/\/magnetarmagnets.com\/fi\/?s={search_term_string}"},"query-input":{"@type":"PropertyValueSpecification","valueRequired":true,"valueName":"search_term_string"}}],"inLanguage":"fi"},{"@type":"Organization","@id":"https:\/\/magnetarmagnets.com\/fi\/#organization","name":"Magnetar","url":"https:\/\/magnetarmagnets.com\/fi\/","logo":{"@type":"ImageObject","inLanguage":"fi","@id":"https:\/\/magnetarmagnets.com\/fi\/#\/schema\/logo\/image\/","url":"https:\/\/magnetarmagnets.com\/wp-content\/uploads\/2025\/05\/Logo-03_PNG-Black-scaled.png","contentUrl":"https:\/\/magnetarmagnets.com\/wp-content\/uploads\/2025\/05\/Logo-03_PNG-Black-scaled.png","width":2560,"height":1658,"caption":"Magnetar"},"image":{"@id":"https:\/\/magnetarmagnets.com\/fi\/#\/schema\/logo\/image\/"},"sameAs":["https:\/\/www.facebook.com\/fishingmagnets\/","https:\/\/www.instagram.com\/magnetar_magnets\/","https:\/\/www.linkedin.com\/company\/magnetarbv\/?originalSubdomain=nl","https:\/\/www.youtube.com\/c\/MagnetarVismagneet"]}]}},"_links":{"self":[{"href":"https:\/\/magnetarmagnets.com\/fi\/wp-json\/wp\/v2\/product\/85473","targetHints":{"allow":["GET"]}}],"collection":[{"href":"https:\/\/magnetarmagnets.com\/fi\/wp-json\/wp\/v2\/product"}],"about":[{"href":"https:\/\/magnetarmagnets.com\/fi\/wp-json\/wp\/v2\/types\/product"}],"replies":[{"embeddable":true,"href":"https:\/\/magnetarmagnets.com\/fi\/wp-json\/wp\/v2\/comments?post=85473"}],"version-history":[{"count":0,"href":"https:\/\/magnetarmagnets.com\/fi\/wp-json\/wp\/v2\/product\/85473\/revisions"}],"wp:featuredmedia":[{"embeddable":true,"href":"https:\/\/magnetarmagnets.com\/fi\/wp-json\/wp\/v2\/media\/73404"}],"wp:attachment":[{"href":"https:\/\/magnetarmagnets.com\/fi\/wp-json\/wp\/v2\/media?parent=85473"}],"wp:term":[{"taxonomy":"product_brand","embeddable":true,"href":"https:\/\/magnetarmagnets.com\/fi\/wp-json\/wp\/v2\/product_brand?post=85473"},{"taxonomy":"product_cat","embeddable":true,"href":"https:\/\/magnetarmagnets.com\/fi\/wp-json\/wp\/v2\/product_cat?post=85473"},{"taxonomy":"product_tag","embeddable":true,"href":"https:\/\/magnetarmagnets.com\/fi\/wp-json\/wp\/v2\/product_tag?post=85473"}],"curies":[{"name":"wp","href":"https:\/\/api.w.org\/{rel}","templated":true}]}}