{"id":85472,"date":"2025-06-05T09:53:05","date_gmt":"2025-06-05T07:53:05","guid":{"rendered":"https:\/\/magnetarmagnets.com\/?post_type=product&#038;p=85472"},"modified":"2026-04-04T07:13:50","modified_gmt":"2026-04-04T05:13:50","slug":"grappling-hook-xxl","status":"publish","type":"product","link":"https:\/\/magnetarmagnets.com\/fi\/shop\/grappling-hook-xxl\/","title":{"rendered":"Grappling Hook XXL"},"content":{"rendered":"<h2><strong>Tarvitsenko todella Grappling Hook XXL:n magneettikalastukseen?<\/strong><\/h2>\n\nMagnetarilla on mahdollista magneettikalastaa pelk\u00e4ll\u00e4 kalastusmagneetilla ja luotettavalla k\u00f6ydell\u00e4. Grappling Hook XXL:n k\u00e4ytt\u00f6 ei ole pakollista. Kuitenkin suosittelemme innokkaille magneettikalastajille t\u00e4m\u00e4n lis\u00e4varusteen k\u00e4ytt\u00f6\u00e4. Jotta voit nostaa mielenkiintoisimmat l\u00f6yd\u00f6t, tarvitset usein muutakin kuin pelk\u00e4n kalastusmagneetin. Kivet ja muut ei-magneettiset esineet saattavat jumittaa halutut l\u00f6yd\u00f6t paikalleen. N\u00e4iss\u00e4 tilanteissa grappling hook ratkaisee ongelman.\n\n<h2><strong>Suuri grappling hook<\/strong><\/h2>\n\nMagnetar pyrkii tarjoamaan erinomaista laatua. Laadukkaiden kalastusmagneettien lis\u00e4ksi my\u00f6s kaikki lis\u00e4varusteet, mukaan lukien grappling hookit, ovat huipputasoa. Grappling Hook XXL on ekstra suuri ja painava, mik\u00e4 takaa optimaalisen tehokkuuden. Tuote on 24 cm korkea ja alle 20 cm leve\u00e4. Koukun yli 600 gramman paino saa sen uppoamaan helposti veden alle, jolloin saat parhaan otteen veden alla olevista esineist\u00e4.\n\nGrappling Hook XXL on kokonaan valmistettu ruostumattomasta ter\u00e4ksest\u00e4, mik\u00e4 lis\u00e4\u00e4 kest\u00e4vyytt\u00e4 merkitt\u00e4v\u00e4sti. Lis\u00e4ksi ruostumaton ter\u00e4s varmistaa, ettei grappling hook ole magneettinen, joten se toimii t\u00e4ydellisesti yhdess\u00e4 kalastusmagneetin kanssa. Vahvistetut k\u00e4rjet lis\u00e4\u00e4v\u00e4t mahdollisuuksia koukuttaa vedest\u00e4 noudettavaa esinett\u00e4.\n\n<h2><strong>Kuinka k\u00e4ytt\u00e4\u00e4 Grappling Hook XXL:\u00e4\u00e4?<\/strong><\/h2>\n\nGrappling Hook XXL:t\u00e4 k\u00e4ytet\u00e4\u00e4n yhdess\u00e4 k\u00f6yden kanssa. Mik\u00e4 tahansa k\u00f6ysi k\u00e4y, mutta suosittelemme erityisesti Magnetarin suunnittelemaa magneettikalastusk\u00f6ytt\u00e4. T\u00e4m\u00e4 k\u00f6ysi sis\u00e4lt\u00e4\u00e4 lenkin, joka helpottaa sitomista. Grappling Hookin yl\u00e4osassa on kiertomutteri, johon k\u00f6ysi kiinnitet\u00e4\u00e4n.\n\nKun k\u00e4yt\u00e4t Grappling Hookia kalastusmagneetin vapautukseen, heit\u00e4 lis\u00e4varuste samaan suuntaan kuin kalastusmagneetti. Onko koukku tarttunut esineeseen? Ved\u00e4 nyt sek\u00e4 magneetin ett\u00e4 grappling hookin k\u00f6ydet yht\u00e4 aikaa. Ved\u00e4 kuitenkin varoen, jotta koukku ei p\u00e4\u00e4se irtoamaan.\n\nGrappling Hookia voi my\u00f6s k\u00e4ytt\u00e4\u00e4 ei-magneettisten esineiden vet\u00e4miseen. Odota, ett\u00e4 koukku on t\u00e4ysin uponnut pohjaan, ja ved\u00e4 k\u00f6ytt\u00e4 varovasti yl\u00f6s. K\u00e4yt\u00e4 luonnollisesti hansikkaita suojataksesi k\u00e4si\u00e4 k\u00f6yden liukumisesta aiheutuvalta kitkalta.\n\n<h2><strong>Mit\u00e4 materiaaleja ei ole magneettisia?<\/strong><\/h2>\n\n<a href=\"https:\/\/magnetarmagnets.com\/collections\/fishing-magnets\">Kalastusmagneetit<\/a> on suunniteltu vet\u00e4m\u00e4\u00e4n veden alta magneettisia esineit\u00e4, kuten metallisia esineit\u00e4, esimerkiksi kattiloita, pannuja, avaimia ja monia muita ty\u00f6kaluja. My\u00f6s nikkelist\u00e4 valmistetut esineet ovat magneettisia. Itse asiassa moni historiallinen kolikko on valmistettu t\u00e4st\u00e4 materiaalista. Lis\u00e4ksi kalastusmagneettisi voi vet\u00e4\u00e4 veden alta kobaltti- ja ter\u00e4sesineit\u00e4.\n\nT\u00e4m\u00e4 ekstra suuri grappling hook soveltuu ei-magneettisten esineiden nostoon. Esimerkiksi alumiinista valmistetut esineet, kuten t\u00f6lkit ja muut k\u00e4ytt\u00f6esineet. Lis\u00e4ksi kuparista, lyijyst\u00e4 ja kullasta valmistetut esineet eiv\u00e4t ole magneettisia, ja ne on k\u00e4tev\u00e4\u00e4 nostaa grappling hookin avulla.\n\n<h2><strong>T\u00e4ysi magneettikalastuspaketti<\/strong><\/h2>\n\nEtsitk\u00f6 magneettikalastuspakettia, johon sis\u00e4ltyy my\u00f6s grappling hook? Magnetar tarjoaa useita t\u00e4ydellisi\u00e4 setti\u00e4, jotka sis\u00e4lt\u00e4v\u00e4t kalastusmagneetin, suojakannen, grappling hookin, hansikkaat, magneettikalastusk\u00f6yden ja metalliliimaa. Kaikki tarvitsemasi varusteet rannalle hienojen esineiden nostamiseen. Kiinnostuitko? Tutustu Pro Package- tai Savage Package -settiin <a href=\"https:\/\/magnetarmagnets.com\/shop\/fishmagnet-package-pro\">Pro Package<\/a> ja <a href=\"https:\/\/magnetarmagnets.com\/shop\/savage-package-3500-lb-1600-kg-allround-360\">Savage Package<\/a>.\n\n<h2><strong>Varoitus!<\/strong><\/h2>\n\nGrappling Hook XXL:t\u00e4 tulee k\u00e4ytt\u00e4\u00e4 varoen magneettikalastuksessa. Suosittelemme tuotteen puhdistamista jokaisen k\u00e4yt\u00f6n j\u00e4lkeen, jotta sen k\u00e4ytt\u00f6ik\u00e4 pitenee. Lis\u00e4ksi tulee olla tarkkana koukun ter\u00e4vien k\u00e4rkien kanssa. S\u00e4ilyt\u00e4 tuote asianmukaisesti, jotta ter\u00e4v\u00e4t k\u00e4rjet eiv\u00e4t vahingoita ket\u00e4\u00e4n.","protected":false},"excerpt":{"rendered":"<p>Jos kohtaat joskus esineit\u00e4, joita on mahdotonta vet\u00e4\u00e4 yl\u00f6s pelk\u00e4ll\u00e4 kalastusmagneetilla, <strong>Grappling Hook XXL<\/strong> on v\u00e4ltt\u00e4m\u00e4t\u00f6n magneettikalastuksen apuv\u00e4line. T\u00e4m\u00e4 ty\u00f6kalu mahdollistaa <strong>ei-magneettisten esineiden hakemisen<\/strong>, jotka ovat veden alla. Grappling Hook on kokonaan valmistettu <strong>ruostumattomasta ter\u00e4ksest\u00e4<\/strong>, mik\u00e4 varmistaa <strong>helpon k\u00e4yt\u00f6n<\/strong> yhdess\u00e4 Magnetar-kalastusmagneetin kanssa.<\/p>\n","protected":false},"featured_media":64279,"comment_status":"open","ping_status":"closed","template":"","meta":{"_acf_changed":false,"inline_featured_image":false},"product_brand":[],"product_cat":[720,718],"product_tag":[],"class_list":{"0":"post-85472","1":"product","2":"type-product","3":"status-publish","4":"has-post-thumbnail","6":"product_cat-kalastusmagneettivarusteet","7":"product_cat-varusteet","9":"first","10":"instock","11":"sale","12":"taxable","13":"shipping-taxable","14":"purchasable","15":"product-type-simple"},"acf":[],"yoast_head":"<!-- This site is optimized with the Yoast SEO plugin v27.3 - https:\/\/yoast.com\/product\/yoast-seo-wordpress\/ -->\n<title>Grappling Hook XXL - Magnet fishing with a Magnetar fishing magnet<\/title>\n<meta name=\"description\" content=\"Grappling Hook XXL - Suurkoossa kalastus Magnetarilla\" \/>\n<meta name=\"robots\" content=\"index, follow, max-snippet:-1, max-image-preview:large, max-video-preview:-1\" \/>\n<link rel=\"canonical\" href=\"https:\/\/magnetarmagnets.com\/fi\/shop\/grappling-hook-xxl\/\" \/>\n<meta property=\"og:locale\" content=\"fi_FI\" \/>\n<meta property=\"og:type\" content=\"article\" \/>\n<meta property=\"og:title\" content=\"Grappling Hook XXL - Magnet fishing with a Magnetar fishing magnet\" \/>\n<meta property=\"og:description\" content=\"Grappling Hook XXL - Suurkoossa kalastus Magnetarilla\" \/>\n<meta property=\"og:url\" content=\"https:\/\/magnetarmagnets.com\/fi\/shop\/grappling-hook-xxl\/\" \/>\n<meta property=\"og:site_name\" content=\"Magnet fishing with a Magnetar fishing magnet\" \/>\n<meta property=\"article:publisher\" content=\"https:\/\/www.facebook.com\/fishingmagnets\/\" \/>\n<meta property=\"article:modified_time\" content=\"2026-04-04T05:13:50+00:00\" \/>\n<meta property=\"og:image\" content=\"https:\/\/magnetarmagnets.com\/wp-content\/uploads\/2015\/09\/werphaak-3.jpg\" \/>\n\t<meta property=\"og:image:width\" content=\"800\" \/>\n\t<meta property=\"og:image:height\" content=\"800\" \/>\n\t<meta property=\"og:image:type\" content=\"image\/jpeg\" \/>\n<meta name=\"twitter:card\" content=\"summary_large_image\" \/>\n<meta name=\"twitter:label1\" content=\"Arvioitu lukuaika\" \/>\n\t<meta name=\"twitter:data1\" content=\"3 minuuttia\" \/>\n<script type=\"application\/ld+json\" class=\"yoast-schema-graph\">{\"@context\":\"https:\\\/\\\/schema.org\",\"@graph\":[{\"@type\":[\"WebPage\",\"ItemPage\"],\"@id\":\"https:\\\/\\\/magnetarmagnets.com\\\/fi\\\/shop\\\/grappling-hook-xxl\\\/\",\"url\":\"https:\\\/\\\/magnetarmagnets.com\\\/fi\\\/shop\\\/grappling-hook-xxl\\\/\",\"name\":\"Grappling Hook XXL - Magnet fishing with a Magnetar fishing magnet\",\"isPartOf\":{\"@id\":\"https:\\\/\\\/magnetarmagnets.com\\\/fi\\\/#website\"},\"primaryImageOfPage\":{\"@id\":\"https:\\\/\\\/magnetarmagnets.com\\\/fi\\\/shop\\\/grappling-hook-xxl\\\/#primaryimage\"},\"image\":{\"@id\":\"https:\\\/\\\/magnetarmagnets.com\\\/fi\\\/shop\\\/grappling-hook-xxl\\\/#primaryimage\"},\"thumbnailUrl\":\"https:\\\/\\\/magnetarmagnets.com\\\/wp-content\\\/uploads\\\/2015\\\/09\\\/werphaak-3.jpg\",\"datePublished\":\"2025-06-05T07:53:05+00:00\",\"dateModified\":\"2026-04-04T05:13:50+00:00\",\"description\":\"Grappling Hook XXL - Suurkoossa kalastus Magnetarilla\",\"breadcrumb\":{\"@id\":\"https:\\\/\\\/magnetarmagnets.com\\\/fi\\\/shop\\\/grappling-hook-xxl\\\/#breadcrumb\"},\"inLanguage\":\"fi\",\"potentialAction\":[{\"@type\":\"ReadAction\",\"target\":[\"https:\\\/\\\/magnetarmagnets.com\\\/fi\\\/shop\\\/grappling-hook-xxl\\\/\"]}]},{\"@type\":\"ImageObject\",\"inLanguage\":\"fi\",\"@id\":\"https:\\\/\\\/magnetarmagnets.com\\\/fi\\\/shop\\\/grappling-hook-xxl\\\/#primaryimage\",\"url\":\"https:\\\/\\\/magnetarmagnets.com\\\/wp-content\\\/uploads\\\/2015\\\/09\\\/werphaak-3.jpg\",\"contentUrl\":\"https:\\\/\\\/magnetarmagnets.com\\\/wp-content\\\/uploads\\\/2015\\\/09\\\/werphaak-3.jpg\",\"width\":800,\"height\":800},{\"@type\":\"BreadcrumbList\",\"@id\":\"https:\\\/\\\/magnetarmagnets.com\\\/fi\\\/shop\\\/grappling-hook-xxl\\\/#breadcrumb\",\"itemListElement\":[{\"@type\":\"ListItem\",\"position\":1,\"name\":\"Home\",\"item\":\"https:\\\/\\\/magnetarmagnets.com\\\/fi\\\/\"},{\"@type\":\"ListItem\",\"position\":2,\"name\":\"Verkkokauppa\",\"item\":\"https:\\\/\\\/magnetarmagnets.com\\\/verkkokauppa\\\/\"},{\"@type\":\"ListItem\",\"position\":3,\"name\":\"Varusteet\",\"item\":\"https:\\\/\\\/magnetarmagnets.com\\\/fi\\\/collections\\\/varusteet\\\/\"},{\"@type\":\"ListItem\",\"position\":4,\"name\":\"Kalastusmagneettivarusteet\",\"item\":\"https:\\\/\\\/magnetarmagnets.com\\\/fi\\\/collections\\\/varusteet\\\/kalastusmagneettivarusteet\\\/\"},{\"@type\":\"ListItem\",\"position\":5,\"name\":\"Grappling Hook XXL\"}]},{\"@type\":\"WebSite\",\"@id\":\"https:\\\/\\\/magnetarmagnets.com\\\/fi\\\/#website\",\"url\":\"https:\\\/\\\/magnetarmagnets.com\\\/fi\\\/\",\"name\":\"Magnet fishing with a Magnetar fishing magnet\",\"description\":\"Vahvat magneetit magneettikalastukseen\\n\\n\",\"publisher\":{\"@id\":\"https:\\\/\\\/magnetarmagnets.com\\\/fi\\\/#organization\"},\"potentialAction\":[{\"@type\":\"SearchAction\",\"target\":{\"@type\":\"EntryPoint\",\"urlTemplate\":\"https:\\\/\\\/magnetarmagnets.com\\\/fi\\\/?s={search_term_string}\"},\"query-input\":{\"@type\":\"PropertyValueSpecification\",\"valueRequired\":true,\"valueName\":\"search_term_string\"}}],\"inLanguage\":\"fi\"},{\"@type\":\"Organization\",\"@id\":\"https:\\\/\\\/magnetarmagnets.com\\\/fi\\\/#organization\",\"name\":\"Magnetar\",\"url\":\"https:\\\/\\\/magnetarmagnets.com\\\/fi\\\/\",\"logo\":{\"@type\":\"ImageObject\",\"inLanguage\":\"fi\",\"@id\":\"https:\\\/\\\/magnetarmagnets.com\\\/fi\\\/#\\\/schema\\\/logo\\\/image\\\/\",\"url\":\"https:\\\/\\\/magnetarmagnets.com\\\/wp-content\\\/uploads\\\/2025\\\/05\\\/Logo-03_PNG-Black-scaled.png\",\"contentUrl\":\"https:\\\/\\\/magnetarmagnets.com\\\/wp-content\\\/uploads\\\/2025\\\/05\\\/Logo-03_PNG-Black-scaled.png\",\"width\":2560,\"height\":1658,\"caption\":\"Magnetar\"},\"image\":{\"@id\":\"https:\\\/\\\/magnetarmagnets.com\\\/fi\\\/#\\\/schema\\\/logo\\\/image\\\/\"},\"sameAs\":[\"https:\\\/\\\/www.facebook.com\\\/fishingmagnets\\\/\",\"https:\\\/\\\/www.instagram.com\\\/magnetar_magnets\\\/\",\"https:\\\/\\\/www.linkedin.com\\\/company\\\/magnetarbv\\\/?originalSubdomain=nl\",\"https:\\\/\\\/www.youtube.com\\\/c\\\/MagnetarVismagneet\"]}]}<\/script>\n<!-- \/ Yoast SEO plugin. -->","yoast_head_json":{"title":"Grappling Hook XXL - Magnet fishing with a Magnetar fishing magnet","description":"Grappling Hook XXL - Suurkoossa kalastus Magnetarilla","robots":{"index":"index","follow":"follow","max-snippet":"max-snippet:-1","max-image-preview":"max-image-preview:large","max-video-preview":"max-video-preview:-1"},"canonical":"https:\/\/magnetarmagnets.com\/fi\/shop\/grappling-hook-xxl\/","og_locale":"fi_FI","og_type":"article","og_title":"Grappling Hook XXL - Magnet fishing with a Magnetar fishing magnet","og_description":"Grappling Hook XXL - Suurkoossa kalastus Magnetarilla","og_url":"https:\/\/magnetarmagnets.com\/fi\/shop\/grappling-hook-xxl\/","og_site_name":"Magnet fishing with a Magnetar fishing magnet","article_publisher":"https:\/\/www.facebook.com\/fishingmagnets\/","article_modified_time":"2026-04-04T05:13:50+00:00","og_image":[{"width":800,"height":800,"url":"https:\/\/magnetarmagnets.com\/wp-content\/uploads\/2015\/09\/werphaak-3.jpg","type":"image\/jpeg"}],"twitter_card":"summary_large_image","twitter_misc":{"Arvioitu lukuaika":"3 minuuttia"},"schema":{"@context":"https:\/\/schema.org","@graph":[{"@type":["WebPage","ItemPage"],"@id":"https:\/\/magnetarmagnets.com\/fi\/shop\/grappling-hook-xxl\/","url":"https:\/\/magnetarmagnets.com\/fi\/shop\/grappling-hook-xxl\/","name":"Grappling Hook XXL - Magnet fishing with a Magnetar fishing magnet","isPartOf":{"@id":"https:\/\/magnetarmagnets.com\/fi\/#website"},"primaryImageOfPage":{"@id":"https:\/\/magnetarmagnets.com\/fi\/shop\/grappling-hook-xxl\/#primaryimage"},"image":{"@id":"https:\/\/magnetarmagnets.com\/fi\/shop\/grappling-hook-xxl\/#primaryimage"},"thumbnailUrl":"https:\/\/magnetarmagnets.com\/wp-content\/uploads\/2015\/09\/werphaak-3.jpg","datePublished":"2025-06-05T07:53:05+00:00","dateModified":"2026-04-04T05:13:50+00:00","description":"Grappling Hook XXL - Suurkoossa kalastus Magnetarilla","breadcrumb":{"@id":"https:\/\/magnetarmagnets.com\/fi\/shop\/grappling-hook-xxl\/#breadcrumb"},"inLanguage":"fi","potentialAction":[{"@type":"ReadAction","target":["https:\/\/magnetarmagnets.com\/fi\/shop\/grappling-hook-xxl\/"]}]},{"@type":"ImageObject","inLanguage":"fi","@id":"https:\/\/magnetarmagnets.com\/fi\/shop\/grappling-hook-xxl\/#primaryimage","url":"https:\/\/magnetarmagnets.com\/wp-content\/uploads\/2015\/09\/werphaak-3.jpg","contentUrl":"https:\/\/magnetarmagnets.com\/wp-content\/uploads\/2015\/09\/werphaak-3.jpg","width":800,"height":800},{"@type":"BreadcrumbList","@id":"https:\/\/magnetarmagnets.com\/fi\/shop\/grappling-hook-xxl\/#breadcrumb","itemListElement":[{"@type":"ListItem","position":1,"name":"Home","item":"https:\/\/magnetarmagnets.com\/fi\/"},{"@type":"ListItem","position":2,"name":"Verkkokauppa","item":"https:\/\/magnetarmagnets.com\/verkkokauppa\/"},{"@type":"ListItem","position":3,"name":"Varusteet","item":"https:\/\/magnetarmagnets.com\/fi\/collections\/varusteet\/"},{"@type":"ListItem","position":4,"name":"Kalastusmagneettivarusteet","item":"https:\/\/magnetarmagnets.com\/fi\/collections\/varusteet\/kalastusmagneettivarusteet\/"},{"@type":"ListItem","position":5,"name":"Grappling Hook XXL"}]},{"@type":"WebSite","@id":"https:\/\/magnetarmagnets.com\/fi\/#website","url":"https:\/\/magnetarmagnets.com\/fi\/","name":"Magnet fishing with a Magnetar fishing magnet","description":"Vahvat magneetit magneettikalastukseen\n\n","publisher":{"@id":"https:\/\/magnetarmagnets.com\/fi\/#organization"},"potentialAction":[{"@type":"SearchAction","target":{"@type":"EntryPoint","urlTemplate":"https:\/\/magnetarmagnets.com\/fi\/?s={search_term_string}"},"query-input":{"@type":"PropertyValueSpecification","valueRequired":true,"valueName":"search_term_string"}}],"inLanguage":"fi"},{"@type":"Organization","@id":"https:\/\/magnetarmagnets.com\/fi\/#organization","name":"Magnetar","url":"https:\/\/magnetarmagnets.com\/fi\/","logo":{"@type":"ImageObject","inLanguage":"fi","@id":"https:\/\/magnetarmagnets.com\/fi\/#\/schema\/logo\/image\/","url":"https:\/\/magnetarmagnets.com\/wp-content\/uploads\/2025\/05\/Logo-03_PNG-Black-scaled.png","contentUrl":"https:\/\/magnetarmagnets.com\/wp-content\/uploads\/2025\/05\/Logo-03_PNG-Black-scaled.png","width":2560,"height":1658,"caption":"Magnetar"},"image":{"@id":"https:\/\/magnetarmagnets.com\/fi\/#\/schema\/logo\/image\/"},"sameAs":["https:\/\/www.facebook.com\/fishingmagnets\/","https:\/\/www.instagram.com\/magnetar_magnets\/","https:\/\/www.linkedin.com\/company\/magnetarbv\/?originalSubdomain=nl","https:\/\/www.youtube.com\/c\/MagnetarVismagneet"]}]}},"_links":{"self":[{"href":"https:\/\/magnetarmagnets.com\/fi\/wp-json\/wp\/v2\/product\/85472","targetHints":{"allow":["GET"]}}],"collection":[{"href":"https:\/\/magnetarmagnets.com\/fi\/wp-json\/wp\/v2\/product"}],"about":[{"href":"https:\/\/magnetarmagnets.com\/fi\/wp-json\/wp\/v2\/types\/product"}],"replies":[{"embeddable":true,"href":"https:\/\/magnetarmagnets.com\/fi\/wp-json\/wp\/v2\/comments?post=85472"}],"version-history":[{"count":1,"href":"https:\/\/magnetarmagnets.com\/fi\/wp-json\/wp\/v2\/product\/85472\/revisions"}],"predecessor-version":[{"id":95316,"href":"https:\/\/magnetarmagnets.com\/fi\/wp-json\/wp\/v2\/product\/85472\/revisions\/95316"}],"wp:featuredmedia":[{"embeddable":true,"href":"https:\/\/magnetarmagnets.com\/fi\/wp-json\/wp\/v2\/media\/64279"}],"wp:attachment":[{"href":"https:\/\/magnetarmagnets.com\/fi\/wp-json\/wp\/v2\/media?parent=85472"}],"wp:term":[{"taxonomy":"product_brand","embeddable":true,"href":"https:\/\/magnetarmagnets.com\/fi\/wp-json\/wp\/v2\/product_brand?post=85472"},{"taxonomy":"product_cat","embeddable":true,"href":"https:\/\/magnetarmagnets.com\/fi\/wp-json\/wp\/v2\/product_cat?post=85472"},{"taxonomy":"product_tag","embeddable":true,"href":"https:\/\/magnetarmagnets.com\/fi\/wp-json\/wp\/v2\/product_tag?post=85472"}],"curies":[{"name":"wp","href":"https:\/\/api.w.org\/{rel}","templated":true}]}}