{"id":85471,"date":"2025-06-05T09:53:05","date_gmt":"2025-06-05T07:53:05","guid":{"rendered":"https:\/\/magnetarmagnets.com\/?post_type=product&#038;p=85471"},"modified":"2026-04-04T07:19:30","modified_gmt":"2026-04-04T05:19:30","slug":"magneettiharja-2-0-tehokkaaseen-kayttoon","status":"publish","type":"product","link":"https:\/\/magnetarmagnets.com\/fi\/shop\/magneettiharja-2-0-tehokkaaseen-kayttoon\/","title":{"rendered":"Magneettiharja 2.0 &#8211; Tehokkaaseen k\u00e4ytt\u00f6\u00f6n"},"content":{"rendered":"Tuletko k\u00e4ytt\u00e4neeksi liian paljon aikaa siivoamiseen? Panosta Magnetarin Magneettiharja 2.0:aan! T\u00e4m\u00e4 ty\u00f6kalu auttaa sinua tehokkaasti ker\u00e4\u00e4m\u00e4\u00e4n metalliesineit\u00e4 maasta. H\u00e4iritseek\u00f6 sotkuinen ty\u00f6pajasi? Onko lehtesi t\u00e4ynn\u00e4 roskaa? P\u00e4ivitetty magneettiharja on juuri se, mit\u00e4 olet etsinyt!\n\nLukemattomat ammattilaiset luottavat p\u00e4ivitt\u00e4in Magneettiharja 2.0:aan. Metallity\u00f6ntekij\u00e4t k\u00e4ytt\u00e4v\u00e4t t\u00e4t\u00e4 harjaa puhdistaakseen metallilastuja ja j\u00e4tteit\u00e4, ja puusep\u00e4t ker\u00e4\u00e4v\u00e4t nauloja, ruuveja ja niittej\u00e4 ty\u00f6pajan lattioilta. T\u00e4t\u00e4 tuotetta k\u00e4ytet\u00e4\u00e4n my\u00f6s pys\u00e4k\u00f6intialueiden ja tapahtumapaikkojen siivoamiseen.\n\n<h2>Magneettiharja 2.0:n edut<\/h2>\n\nMagneettiharja 2.0:n yksinkertaisuus tekee siit\u00e4 erottuvan. Metalliesineet voi helposti ker\u00e4t\u00e4 vahvalla Magnetarin magneetilla. T\u00e4yttyik\u00f6 magneettiharjasi? Magneettikent\u00e4n sammuttaminen on nyt vaivatonta kahvassa olevan mekanismin ansiosta. T\u00e4m\u00e4 s\u00e4\u00e4st\u00e4\u00e4 aikaa ja suojaa selk\u00e4\u00e4si.\n\nLis\u00e4ksi Magneettiharja 2.0 on eritt\u00e4in liikkuva ty\u00f6kalu. Magneettipalkin molemmilla puolilla olevat py\u00f6r\u00e4t mahdollistavat lattian mahdollisimman tehokkaan kattamisen. Vahva magneetti toimii yht\u00e4 hyvin ep\u00e4tasaisella maalla kuin betonilattiallakin.\n\n<h2>P\u00e4ivitetty malli<\/h2>\n\nMagneettiharja 2.0:ssa on p\u00e4ivitetty malli. Magnetar on kehitt\u00e4nyt entist\u00e4 vahvemman magneetin tehostamaan harjan toimintaa. Magneettiveto on niin voimakas, ett\u00e4 se houkuttelee metalliesineit\u00e4 jopa muutaman senttimetrin p\u00e4\u00e4st\u00e4, mik\u00e4 tekee harjasta erinomaisen ty\u00f6kalun raskaampienkin esineiden ker\u00e4\u00e4miseen.\n\nLis\u00e4ksi p\u00e4\u00e4lle\/pois-kytkin on nyt k\u00e4yt\u00e4nn\u00f6llisesti sijoitettu kahvaan. N\u00e4in ei tarvitse kumartua vapauttamaan ker\u00e4tty\u00e4 metallij\u00e4tett\u00e4.\n\n<h2>Magnetarin laatustandardi<\/h2>\n\nMagnetar pyrkii tarjoamaan erinomaista laatua. T\u00e4m\u00e4 n\u00e4kyy kalastusmagneettituotteidemme todistetussa kest\u00e4vyydess\u00e4. Myymme ulkoiluun vahvimmat ja kest\u00e4vimm\u00e4t tuotteet.\n\nLaatutakuumme ei kuitenkaan rajoitu ainoastaan magneettikalaan. Kaikki myym\u00e4mme laitteet ja ty\u00f6kalut on suunniteltu tarjoamaan asiakkaillemme parhaat mahdolliset ratkaisut. Jokainen Magnetar-ostos on takuuvarmasti laadukas tuote.","protected":false},"excerpt":{"rendered":"<p>Magneettiharja 2.0 on ihanteellinen ty\u00f6kalu <strong>ty\u00f6pajojen, urheilukenttien, varastotilojen tai pys\u00e4k\u00f6intialueiden<\/strong> puhdistamiseen ei-toivotusta magneettisesta materiaalista.<\/p>\n<p>&nbsp;<\/p>\n","protected":false},"featured_media":65484,"comment_status":"open","ping_status":"closed","template":"","meta":{"_acf_changed":false,"inline_featured_image":false},"product_brand":[],"product_cat":[272,258,268],"product_tag":[],"class_list":{"0":"post-85471","1":"product","2":"type-product","3":"status-publish","4":"has-post-thumbnail","6":"product_cat-magnetiska-tillbehor","7":"product_cat-ovrigt-tillbehor","8":"product_cat-utrustning","10":"first","11":"instock","12":"sale","13":"taxable","14":"shipping-taxable","15":"purchasable","16":"product-type-simple"},"acf":[],"yoast_head":"<!-- This site is optimized with the Yoast SEO plugin v27.3 - https:\/\/yoast.com\/product\/yoast-seo-wordpress\/ -->\n<title>Magneettiharja 2.0 - Tehokkaaseen k\u00e4ytt\u00f6\u00f6n - Magnet fishing with a Magnetar fishing magnet<\/title>\n<meta name=\"description\" content=\"Magneettiharja 2.0 on ihanteellinen ty\u00f6kalu ty\u00f6pajojen, urheilukenttien, varastotilojen tai pys\u00e4k\u00f6intialueiden puhdistamiseen ei-toivotusta magneettisesta materiaalista.\" \/>\n<meta name=\"robots\" content=\"index, follow, max-snippet:-1, max-image-preview:large, max-video-preview:-1\" \/>\n<link rel=\"canonical\" href=\"https:\/\/magnetarmagnets.com\/fi\/shop\/magneettiharja-2-0-tehokkaaseen-kayttoon\/\" \/>\n<meta property=\"og:locale\" content=\"fi_FI\" \/>\n<meta property=\"og:type\" content=\"article\" \/>\n<meta property=\"og:title\" content=\"Magneettiharja 2.0 - Tehokkaaseen k\u00e4ytt\u00f6\u00f6n - Magnet fishing with a Magnetar fishing magnet\" \/>\n<meta property=\"og:description\" content=\"Magneettiharja 2.0 on ihanteellinen ty\u00f6kalu ty\u00f6pajojen, urheilukenttien, varastotilojen tai pys\u00e4k\u00f6intialueiden puhdistamiseen ei-toivotusta magneettisesta materiaalista.\" \/>\n<meta property=\"og:url\" content=\"https:\/\/magnetarmagnets.com\/fi\/shop\/magneettiharja-2-0-tehokkaaseen-kayttoon\/\" \/>\n<meta property=\"og:site_name\" content=\"Magnet fishing with a Magnetar fishing magnet\" \/>\n<meta property=\"article:publisher\" content=\"https:\/\/www.facebook.com\/fishingmagnets\/\" \/>\n<meta property=\"article:modified_time\" content=\"2026-04-04T05:19:30+00:00\" \/>\n<meta property=\"og:image\" content=\"https:\/\/magnetarmagnets.com\/wp-content\/uploads\/2023\/08\/B0CMDF9D4B.MAIN_.jpg\" \/>\n\t<meta property=\"og:image:width\" content=\"1500\" \/>\n\t<meta property=\"og:image:height\" content=\"1500\" \/>\n\t<meta property=\"og:image:type\" content=\"image\/jpeg\" \/>\n<meta name=\"twitter:card\" content=\"summary_large_image\" \/>\n<meta name=\"twitter:label1\" content=\"Arvioitu lukuaika\" \/>\n\t<meta name=\"twitter:data1\" content=\"2 minuuttia\" \/>\n<script type=\"application\/ld+json\" class=\"yoast-schema-graph\">{\"@context\":\"https:\\\/\\\/schema.org\",\"@graph\":[{\"@type\":[\"WebPage\",\"ItemPage\"],\"@id\":\"https:\\\/\\\/magnetarmagnets.com\\\/fi\\\/shop\\\/magneettiharja-2-0-tehokkaaseen-kayttoon\\\/\",\"url\":\"https:\\\/\\\/magnetarmagnets.com\\\/fi\\\/shop\\\/magneettiharja-2-0-tehokkaaseen-kayttoon\\\/\",\"name\":\"Magneettiharja 2.0 - Tehokkaaseen k\u00e4ytt\u00f6\u00f6n - Magnet fishing with a Magnetar fishing magnet\",\"isPartOf\":{\"@id\":\"https:\\\/\\\/magnetarmagnets.com\\\/fi\\\/#website\"},\"primaryImageOfPage\":{\"@id\":\"https:\\\/\\\/magnetarmagnets.com\\\/fi\\\/shop\\\/magneettiharja-2-0-tehokkaaseen-kayttoon\\\/#primaryimage\"},\"image\":{\"@id\":\"https:\\\/\\\/magnetarmagnets.com\\\/fi\\\/shop\\\/magneettiharja-2-0-tehokkaaseen-kayttoon\\\/#primaryimage\"},\"thumbnailUrl\":\"https:\\\/\\\/magnetarmagnets.com\\\/wp-content\\\/uploads\\\/2023\\\/08\\\/B0CMDF9D4B.MAIN_.jpg\",\"datePublished\":\"2025-06-05T07:53:05+00:00\",\"dateModified\":\"2026-04-04T05:19:30+00:00\",\"description\":\"Magneettiharja 2.0 on ihanteellinen ty\u00f6kalu ty\u00f6pajojen, urheilukenttien, varastotilojen tai pys\u00e4k\u00f6intialueiden puhdistamiseen ei-toivotusta magneettisesta materiaalista.\",\"breadcrumb\":{\"@id\":\"https:\\\/\\\/magnetarmagnets.com\\\/fi\\\/shop\\\/magneettiharja-2-0-tehokkaaseen-kayttoon\\\/#breadcrumb\"},\"inLanguage\":\"fi\",\"potentialAction\":[{\"@type\":\"ReadAction\",\"target\":[\"https:\\\/\\\/magnetarmagnets.com\\\/fi\\\/shop\\\/magneettiharja-2-0-tehokkaaseen-kayttoon\\\/\"]}]},{\"@type\":\"ImageObject\",\"inLanguage\":\"fi\",\"@id\":\"https:\\\/\\\/magnetarmagnets.com\\\/fi\\\/shop\\\/magneettiharja-2-0-tehokkaaseen-kayttoon\\\/#primaryimage\",\"url\":\"https:\\\/\\\/magnetarmagnets.com\\\/wp-content\\\/uploads\\\/2023\\\/08\\\/B0CMDF9D4B.MAIN_.jpg\",\"contentUrl\":\"https:\\\/\\\/magnetarmagnets.com\\\/wp-content\\\/uploads\\\/2023\\\/08\\\/B0CMDF9D4B.MAIN_.jpg\",\"width\":1500,\"height\":1500},{\"@type\":\"BreadcrumbList\",\"@id\":\"https:\\\/\\\/magnetarmagnets.com\\\/fi\\\/shop\\\/magneettiharja-2-0-tehokkaaseen-kayttoon\\\/#breadcrumb\",\"itemListElement\":[{\"@type\":\"ListItem\",\"position\":1,\"name\":\"Home\",\"item\":\"https:\\\/\\\/magnetarmagnets.com\\\/fi\\\/\"},{\"@type\":\"ListItem\",\"position\":2,\"name\":\"Verkkokauppa\",\"item\":\"https:\\\/\\\/magnetarmagnets.com\\\/verkkokauppa\\\/\"},{\"@type\":\"ListItem\",\"position\":3,\"name\":\"Varusteet\",\"item\":\"https:\\\/\\\/magnetarmagnets.com\\\/fi\\\/collections\\\/varusteet\\\/\"},{\"@type\":\"ListItem\",\"position\":4,\"name\":\"Magneettiset lis\u00e4varusteet\",\"item\":\"https:\\\/\\\/magnetarmagnets.com\\\/fi\\\/collections\\\/varusteet\\\/magneettiset-lisavarusteet\\\/\"},{\"@type\":\"ListItem\",\"position\":5,\"name\":\"Magneettiharja 2.0 &#8211; Tehokkaaseen k\u00e4ytt\u00f6\u00f6n\"}]},{\"@type\":\"WebSite\",\"@id\":\"https:\\\/\\\/magnetarmagnets.com\\\/fi\\\/#website\",\"url\":\"https:\\\/\\\/magnetarmagnets.com\\\/fi\\\/\",\"name\":\"Magnet fishing with a Magnetar fishing magnet\",\"description\":\"Vahvat magneetit magneettikalastukseen\\n\\n\",\"publisher\":{\"@id\":\"https:\\\/\\\/magnetarmagnets.com\\\/fi\\\/#organization\"},\"potentialAction\":[{\"@type\":\"SearchAction\",\"target\":{\"@type\":\"EntryPoint\",\"urlTemplate\":\"https:\\\/\\\/magnetarmagnets.com\\\/fi\\\/?s={search_term_string}\"},\"query-input\":{\"@type\":\"PropertyValueSpecification\",\"valueRequired\":true,\"valueName\":\"search_term_string\"}}],\"inLanguage\":\"fi\"},{\"@type\":\"Organization\",\"@id\":\"https:\\\/\\\/magnetarmagnets.com\\\/fi\\\/#organization\",\"name\":\"Magnetar\",\"url\":\"https:\\\/\\\/magnetarmagnets.com\\\/fi\\\/\",\"logo\":{\"@type\":\"ImageObject\",\"inLanguage\":\"fi\",\"@id\":\"https:\\\/\\\/magnetarmagnets.com\\\/fi\\\/#\\\/schema\\\/logo\\\/image\\\/\",\"url\":\"https:\\\/\\\/magnetarmagnets.com\\\/wp-content\\\/uploads\\\/2025\\\/05\\\/Logo-03_PNG-Black-scaled.png\",\"contentUrl\":\"https:\\\/\\\/magnetarmagnets.com\\\/wp-content\\\/uploads\\\/2025\\\/05\\\/Logo-03_PNG-Black-scaled.png\",\"width\":2560,\"height\":1658,\"caption\":\"Magnetar\"},\"image\":{\"@id\":\"https:\\\/\\\/magnetarmagnets.com\\\/fi\\\/#\\\/schema\\\/logo\\\/image\\\/\"},\"sameAs\":[\"https:\\\/\\\/www.facebook.com\\\/fishingmagnets\\\/\",\"https:\\\/\\\/www.instagram.com\\\/magnetar_magnets\\\/\",\"https:\\\/\\\/www.linkedin.com\\\/company\\\/magnetarbv\\\/?originalSubdomain=nl\",\"https:\\\/\\\/www.youtube.com\\\/c\\\/MagnetarVismagneet\"]}]}<\/script>\n<!-- \/ Yoast SEO plugin. -->","yoast_head_json":{"title":"Magneettiharja 2.0 - Tehokkaaseen k\u00e4ytt\u00f6\u00f6n - Magnet fishing with a Magnetar fishing magnet","description":"Magneettiharja 2.0 on ihanteellinen ty\u00f6kalu ty\u00f6pajojen, urheilukenttien, varastotilojen tai pys\u00e4k\u00f6intialueiden puhdistamiseen ei-toivotusta magneettisesta materiaalista.","robots":{"index":"index","follow":"follow","max-snippet":"max-snippet:-1","max-image-preview":"max-image-preview:large","max-video-preview":"max-video-preview:-1"},"canonical":"https:\/\/magnetarmagnets.com\/fi\/shop\/magneettiharja-2-0-tehokkaaseen-kayttoon\/","og_locale":"fi_FI","og_type":"article","og_title":"Magneettiharja 2.0 - Tehokkaaseen k\u00e4ytt\u00f6\u00f6n - Magnet fishing with a Magnetar fishing magnet","og_description":"Magneettiharja 2.0 on ihanteellinen ty\u00f6kalu ty\u00f6pajojen, urheilukenttien, varastotilojen tai pys\u00e4k\u00f6intialueiden puhdistamiseen ei-toivotusta magneettisesta materiaalista.","og_url":"https:\/\/magnetarmagnets.com\/fi\/shop\/magneettiharja-2-0-tehokkaaseen-kayttoon\/","og_site_name":"Magnet fishing with a Magnetar fishing magnet","article_publisher":"https:\/\/www.facebook.com\/fishingmagnets\/","article_modified_time":"2026-04-04T05:19:30+00:00","og_image":[{"width":1500,"height":1500,"url":"https:\/\/magnetarmagnets.com\/wp-content\/uploads\/2023\/08\/B0CMDF9D4B.MAIN_.jpg","type":"image\/jpeg"}],"twitter_card":"summary_large_image","twitter_misc":{"Arvioitu lukuaika":"2 minuuttia"},"schema":{"@context":"https:\/\/schema.org","@graph":[{"@type":["WebPage","ItemPage"],"@id":"https:\/\/magnetarmagnets.com\/fi\/shop\/magneettiharja-2-0-tehokkaaseen-kayttoon\/","url":"https:\/\/magnetarmagnets.com\/fi\/shop\/magneettiharja-2-0-tehokkaaseen-kayttoon\/","name":"Magneettiharja 2.0 - Tehokkaaseen k\u00e4ytt\u00f6\u00f6n - Magnet fishing with a Magnetar fishing magnet","isPartOf":{"@id":"https:\/\/magnetarmagnets.com\/fi\/#website"},"primaryImageOfPage":{"@id":"https:\/\/magnetarmagnets.com\/fi\/shop\/magneettiharja-2-0-tehokkaaseen-kayttoon\/#primaryimage"},"image":{"@id":"https:\/\/magnetarmagnets.com\/fi\/shop\/magneettiharja-2-0-tehokkaaseen-kayttoon\/#primaryimage"},"thumbnailUrl":"https:\/\/magnetarmagnets.com\/wp-content\/uploads\/2023\/08\/B0CMDF9D4B.MAIN_.jpg","datePublished":"2025-06-05T07:53:05+00:00","dateModified":"2026-04-04T05:19:30+00:00","description":"Magneettiharja 2.0 on ihanteellinen ty\u00f6kalu ty\u00f6pajojen, urheilukenttien, varastotilojen tai pys\u00e4k\u00f6intialueiden puhdistamiseen ei-toivotusta magneettisesta materiaalista.","breadcrumb":{"@id":"https:\/\/magnetarmagnets.com\/fi\/shop\/magneettiharja-2-0-tehokkaaseen-kayttoon\/#breadcrumb"},"inLanguage":"fi","potentialAction":[{"@type":"ReadAction","target":["https:\/\/magnetarmagnets.com\/fi\/shop\/magneettiharja-2-0-tehokkaaseen-kayttoon\/"]}]},{"@type":"ImageObject","inLanguage":"fi","@id":"https:\/\/magnetarmagnets.com\/fi\/shop\/magneettiharja-2-0-tehokkaaseen-kayttoon\/#primaryimage","url":"https:\/\/magnetarmagnets.com\/wp-content\/uploads\/2023\/08\/B0CMDF9D4B.MAIN_.jpg","contentUrl":"https:\/\/magnetarmagnets.com\/wp-content\/uploads\/2023\/08\/B0CMDF9D4B.MAIN_.jpg","width":1500,"height":1500},{"@type":"BreadcrumbList","@id":"https:\/\/magnetarmagnets.com\/fi\/shop\/magneettiharja-2-0-tehokkaaseen-kayttoon\/#breadcrumb","itemListElement":[{"@type":"ListItem","position":1,"name":"Home","item":"https:\/\/magnetarmagnets.com\/fi\/"},{"@type":"ListItem","position":2,"name":"Verkkokauppa","item":"https:\/\/magnetarmagnets.com\/verkkokauppa\/"},{"@type":"ListItem","position":3,"name":"Varusteet","item":"https:\/\/magnetarmagnets.com\/fi\/collections\/varusteet\/"},{"@type":"ListItem","position":4,"name":"Magneettiset lis\u00e4varusteet","item":"https:\/\/magnetarmagnets.com\/fi\/collections\/varusteet\/magneettiset-lisavarusteet\/"},{"@type":"ListItem","position":5,"name":"Magneettiharja 2.0 &#8211; Tehokkaaseen k\u00e4ytt\u00f6\u00f6n"}]},{"@type":"WebSite","@id":"https:\/\/magnetarmagnets.com\/fi\/#website","url":"https:\/\/magnetarmagnets.com\/fi\/","name":"Magnet fishing with a Magnetar fishing magnet","description":"Vahvat magneetit magneettikalastukseen\n\n","publisher":{"@id":"https:\/\/magnetarmagnets.com\/fi\/#organization"},"potentialAction":[{"@type":"SearchAction","target":{"@type":"EntryPoint","urlTemplate":"https:\/\/magnetarmagnets.com\/fi\/?s={search_term_string}"},"query-input":{"@type":"PropertyValueSpecification","valueRequired":true,"valueName":"search_term_string"}}],"inLanguage":"fi"},{"@type":"Organization","@id":"https:\/\/magnetarmagnets.com\/fi\/#organization","name":"Magnetar","url":"https:\/\/magnetarmagnets.com\/fi\/","logo":{"@type":"ImageObject","inLanguage":"fi","@id":"https:\/\/magnetarmagnets.com\/fi\/#\/schema\/logo\/image\/","url":"https:\/\/magnetarmagnets.com\/wp-content\/uploads\/2025\/05\/Logo-03_PNG-Black-scaled.png","contentUrl":"https:\/\/magnetarmagnets.com\/wp-content\/uploads\/2025\/05\/Logo-03_PNG-Black-scaled.png","width":2560,"height":1658,"caption":"Magnetar"},"image":{"@id":"https:\/\/magnetarmagnets.com\/fi\/#\/schema\/logo\/image\/"},"sameAs":["https:\/\/www.facebook.com\/fishingmagnets\/","https:\/\/www.instagram.com\/magnetar_magnets\/","https:\/\/www.linkedin.com\/company\/magnetarbv\/?originalSubdomain=nl","https:\/\/www.youtube.com\/c\/MagnetarVismagneet"]}]}},"_links":{"self":[{"href":"https:\/\/magnetarmagnets.com\/fi\/wp-json\/wp\/v2\/product\/85471","targetHints":{"allow":["GET"]}}],"collection":[{"href":"https:\/\/magnetarmagnets.com\/fi\/wp-json\/wp\/v2\/product"}],"about":[{"href":"https:\/\/magnetarmagnets.com\/fi\/wp-json\/wp\/v2\/types\/product"}],"replies":[{"embeddable":true,"href":"https:\/\/magnetarmagnets.com\/fi\/wp-json\/wp\/v2\/comments?post=85471"}],"version-history":[{"count":1,"href":"https:\/\/magnetarmagnets.com\/fi\/wp-json\/wp\/v2\/product\/85471\/revisions"}],"predecessor-version":[{"id":95320,"href":"https:\/\/magnetarmagnets.com\/fi\/wp-json\/wp\/v2\/product\/85471\/revisions\/95320"}],"wp:featuredmedia":[{"embeddable":true,"href":"https:\/\/magnetarmagnets.com\/fi\/wp-json\/wp\/v2\/media\/65484"}],"wp:attachment":[{"href":"https:\/\/magnetarmagnets.com\/fi\/wp-json\/wp\/v2\/media?parent=85471"}],"wp:term":[{"taxonomy":"product_brand","embeddable":true,"href":"https:\/\/magnetarmagnets.com\/fi\/wp-json\/wp\/v2\/product_brand?post=85471"},{"taxonomy":"product_cat","embeddable":true,"href":"https:\/\/magnetarmagnets.com\/fi\/wp-json\/wp\/v2\/product_cat?post=85471"},{"taxonomy":"product_tag","embeddable":true,"href":"https:\/\/magnetarmagnets.com\/fi\/wp-json\/wp\/v2\/product_tag?post=85471"}],"curies":[{"name":"wp","href":"https:\/\/api.w.org\/{rel}","templated":true}]}}