{"id":85464,"date":"2025-06-05T09:53:06","date_gmt":"2025-06-05T07:53:06","guid":{"rendered":"https:\/\/magnetarmagnets.com\/?post_type=product&#038;p=85464"},"modified":"2026-04-15T03:18:27","modified_gmt":"2026-04-15T01:18:27","slug":"savage-paketti-1600-kg-allround-360","status":"publish","type":"product","link":"https:\/\/magnetarmagnets.com\/fi\/shop\/savage-paketti-1600-kg-allround-360\/","title":{"rendered":"Savage-paketti &#8211; 1600 kg &#8211; Allround 360\u00b0"},"content":{"rendered":"Oletko kokenut magneettikalastaja, joka etsii parhaita materiaaleja? Savage-pakettimme on suunniteltu juuri sinua varten! T\u00e4m\u00e4 t\u00e4ydellinen kalastusmagneettien sarja sis\u00e4lt\u00e4\u00e4 kaiken, mit\u00e4 tarvitset rantak\u00e4yntiin. Paketin keski\u00f6ss\u00e4 on Barbarian, Euroopan vahvin kalastusmagneetti. Mukana tulevat koukku, k\u00e4sineet, 10 mm pituinen k\u00f6ysi, magneetin lukitusliima ja suojaava kansi magneetillesi.\n\nHaluaisitko hieman v\u00e4hemm\u00e4n voimakkaan magneetin? <a href=\"https:\/\/magnetarmagnets.com\/shop\/legend-package\">Legend-paketti<\/a> ja <a href=\"https:\/\/magnetarmagnets.com\/shop\/expert-package\">Expert-paketti<\/a> voisivat olla sinulle sopivampia.\n\n<h2>Barbarian neodyymimagneetti kalastukseen<\/h2>\n\nBarbarian on monipuolinen 360\u00b0 kalastusmagneetti. Sen magneettinen vetovoima on 400 kg kummallakin puolella, joten kokonaisvoima on 1600 kg. T\u00e4m\u00e4 on yksi voimakkaimmista magneettikalastuksessa k\u00e4ytett\u00e4vist\u00e4 kalastusmagneeteista. Tuote on valmistettu 100% neodyymist\u00e4, mik\u00e4 takaa erinomaisen ja kest\u00e4v\u00e4n laadun.\n\n<h2>Oletko valmis Barbarianille?<\/h2>\n\nBarbarian on painavin ja tehokkain magneettimme. Massiivinen magneetti painaa 2400 g ja painuu syv\u00e4lle veteen ja vaikka liejuun. T\u00e4m\u00e4 antaa sinulle mahdollisuuden nostaa vanhimmat ja ainutlaatuisimmat esineet, jotka ovat olleet jo vuosia veden alla. Korkean painon vuoksi t\u00e4m\u00e4 magneetti ei kuitenkaan sovi kaikille.\n\nEtsitk\u00f6 pienemp\u00e4\u00e4 monipuolista magneettia? Tutustu Easy, Hardcore, Terror tai Beast -magneetteihin. N\u00e4ill\u00e4 kalastusmagneeteilla on ominaisuuksia, jotka muistuttavat Barbariania, mutta ne ovat hieman pienempi\u00e4 ja turvallisempia k\u00e4ytt\u00e4\u00e4.\n\n<h2>Magneettien kehitys<\/h2>\n\nMonilla magneeteilla on vetovoima vain yhdell\u00e4 puolella. T\u00e4m\u00e4 yksipuolinen magneetti on perinteinen kalastusmagneetti. Magnetar oli ensimm\u00e4inen yritys, joka uudisti t\u00e4m\u00e4n perinteisen magneetin kaksipuoliseksi magneetiksi. Vuonna 2016 Magnetar kehitti allround-magneetin, jolla on 360\u00b0 magneettinen vetovoima. Euroopan magneettikalastajat ovat siit\u00e4 l\u00e4htien suosineet 100% neodyymi-magneettejamme, tehden meist\u00e4 Euroopan ykk\u00f6stoimittajan. Magneettimme valmistaa ja suunnittelee pieni tiimi magneettikalastuksen harrastajia, jotka panostavat laatuun ja yksityiskohtiin. Asiakkaamme palaavat kerta toisensa j\u00e4lkeen, koska he tiet\u00e4v\u00e4t, ett\u00e4 Magnetarilta saat enemm\u00e4n kuin magneetin \u2013 saat aarteita.\n\n<h2><strong>Tehokas 360\u00b0 vetovoima<\/strong><\/h2>\n\nBeast-magneetti on yksi vahvimmista tarjoamistamme magneeteista, jonka vetovoima on jopa 1400 kg. Beastin vetovoima ulottuu laajalle alueelle, toisin kuin yksipuoliset magneetit, jotka on koteloitu ter\u00e4skuoreen ja joiden vetovoima kohdistuu vain yhteen suuntaan. Kiinnostunut vetovoiman mittaamisesta? <a href=\"https:\/\/www.youtube.com\/watch?v=2McW3RURDxs\" target=\"_blank\" rel=\"noopener\">Katso videomme vetovoiman mittauksesta<\/a>.","protected":false},"excerpt":{"rendered":"<p>T\u00e4ydellinen <strong>Savage-paketti<\/strong> sis\u00e4lt\u00e4\u00e4 kaiken, mit\u00e4 tarvitset magneettikalastukseen, mukaan lukien suosituin <strong>allround 360\u00b0 Barbarian kalastusmagneettimme<\/strong>.<\/p>\n","protected":false},"featured_media":78906,"comment_status":"open","ping_status":"closed","template":"","meta":{"_acf_changed":false,"inline_featured_image":false},"product_brand":[],"product_cat":[703,93,64,698,706,701],"product_tag":[],"class_list":{"0":"post-85464","1":"product","2":"type-product","3":"status-publish","4":"has-post-thumbnail","6":"product_cat-allround-magnets-360","7":"product_cat-advanced","8":"product_cat-all-products","9":"product_cat-fishing-magnets","10":"product_cat-magnet-fishing-kit","11":"product_cat-strongest-fishing-magnets","13":"first","14":"instock","15":"sale","16":"taxable","17":"shipping-taxable","18":"purchasable","19":"product-type-simple"},"acf":[],"yoast_head":"<!-- This site is optimized with the Yoast SEO plugin v27.4 - https:\/\/yoast.com\/product\/yoast-seo-wordpress\/ -->\n<title>Savage-paketti - 1600 kg - Allround 360\u00b0 - Magnetar<\/title>\n<meta name=\"description\" content=\"Savage-setti - 1800 kg - 360\u00b0 magneetti Magnetar\" \/>\n<meta name=\"robots\" content=\"index, follow, max-snippet:-1, max-image-preview:large, max-video-preview:-1\" \/>\n<link rel=\"canonical\" href=\"https:\/\/magnetarmagnets.com\/fi\/shop\/savage-paketti-1600-kg-allround-360\/\" \/>\n<meta property=\"og:locale\" content=\"fi_FI\" \/>\n<meta property=\"og:type\" content=\"article\" \/>\n<meta property=\"og:title\" content=\"Savage-paketti - 1600 kg - Allround 360\u00b0 - Magnetar\" \/>\n<meta property=\"og:description\" content=\"Savage-setti - 1800 kg - 360\u00b0 magneetti Magnetar\" \/>\n<meta property=\"og:url\" content=\"https:\/\/magnetarmagnets.com\/fi\/shop\/savage-paketti-1600-kg-allround-360\/\" \/>\n<meta property=\"og:site_name\" content=\"Magnet fishing with a Magnetar fishing magnet\" \/>\n<meta property=\"article:publisher\" content=\"https:\/\/www.facebook.com\/fishingmagnets\/\" \/>\n<meta property=\"article:modified_time\" content=\"2026-04-15T01:18:27+00:00\" \/>\n<meta property=\"og:image\" content=\"https:\/\/magnetarmagnets.com\/wp-content\/uploads\/2021\/10\/MAGNETAR-SAVAGE-KIT-GOOGLE.jpg\" \/>\n\t<meta property=\"og:image:width\" content=\"1500\" \/>\n\t<meta property=\"og:image:height\" content=\"1500\" \/>\n\t<meta property=\"og:image:type\" content=\"image\/jpeg\" \/>\n<meta name=\"twitter:card\" content=\"summary_large_image\" \/>\n<meta name=\"twitter:label1\" content=\"Arvioitu lukuaika\" \/>\n\t<meta name=\"twitter:data1\" content=\"4 minuuttia\" \/>\n<script type=\"application\/ld+json\" class=\"yoast-schema-graph\">{\"@context\":\"https:\\\/\\\/schema.org\",\"@graph\":[{\"@type\":[\"WebPage\",\"ItemPage\"],\"@id\":\"https:\\\/\\\/magnetarmagnets.com\\\/fi\\\/shop\\\/savage-paketti-1600-kg-allround-360\\\/\",\"url\":\"https:\\\/\\\/magnetarmagnets.com\\\/fi\\\/shop\\\/savage-paketti-1600-kg-allround-360\\\/\",\"name\":\"Savage-paketti - 1600 kg - Allround 360\u00b0 - Magnetar\",\"isPartOf\":{\"@id\":\"https:\\\/\\\/magnetarmagnets.com\\\/fi\\\/#website\"},\"primaryImageOfPage\":{\"@id\":\"https:\\\/\\\/magnetarmagnets.com\\\/fi\\\/shop\\\/savage-paketti-1600-kg-allround-360\\\/#primaryimage\"},\"image\":{\"@id\":\"https:\\\/\\\/magnetarmagnets.com\\\/fi\\\/shop\\\/savage-paketti-1600-kg-allround-360\\\/#primaryimage\"},\"thumbnailUrl\":\"https:\\\/\\\/magnetarmagnets.com\\\/wp-content\\\/uploads\\\/2021\\\/10\\\/MAGNETAR-SAVAGE-KIT-GOOGLE.jpg\",\"datePublished\":\"2025-06-05T07:53:06+00:00\",\"dateModified\":\"2026-04-15T01:18:27+00:00\",\"description\":\"Savage-setti - 1800 kg - 360\u00b0 magneetti Magnetar\",\"breadcrumb\":{\"@id\":\"https:\\\/\\\/magnetarmagnets.com\\\/fi\\\/shop\\\/savage-paketti-1600-kg-allround-360\\\/#breadcrumb\"},\"inLanguage\":\"fi\",\"potentialAction\":[{\"@type\":\"ReadAction\",\"target\":[\"https:\\\/\\\/magnetarmagnets.com\\\/fi\\\/shop\\\/savage-paketti-1600-kg-allround-360\\\/\"]}]},{\"@type\":\"ImageObject\",\"inLanguage\":\"fi\",\"@id\":\"https:\\\/\\\/magnetarmagnets.com\\\/fi\\\/shop\\\/savage-paketti-1600-kg-allround-360\\\/#primaryimage\",\"url\":\"https:\\\/\\\/magnetarmagnets.com\\\/wp-content\\\/uploads\\\/2021\\\/10\\\/MAGNETAR-SAVAGE-KIT-GOOGLE.jpg\",\"contentUrl\":\"https:\\\/\\\/magnetarmagnets.com\\\/wp-content\\\/uploads\\\/2021\\\/10\\\/MAGNETAR-SAVAGE-KIT-GOOGLE.jpg\",\"width\":1500,\"height\":1500,\"caption\":\"magnetar-savage-kit-magneetvissen\"},{\"@type\":\"BreadcrumbList\",\"@id\":\"https:\\\/\\\/magnetarmagnets.com\\\/fi\\\/shop\\\/savage-paketti-1600-kg-allround-360\\\/#breadcrumb\",\"itemListElement\":[{\"@type\":\"ListItem\",\"position\":1,\"name\":\"Home\",\"item\":\"https:\\\/\\\/magnetarmagnets.com\\\/fi\\\/\"},{\"@type\":\"ListItem\",\"position\":2,\"name\":\"Verkkokauppa\",\"item\":\"https:\\\/\\\/magnetarmagnets.com\\\/verkkokauppa\\\/\"},{\"@type\":\"ListItem\",\"position\":3,\"name\":\"Kalastusmagneetit\",\"item\":\"https:\\\/\\\/magnetarmagnets.com\\\/fi\\\/collections\\\/kalastusmagneetit\\\/\"},{\"@type\":\"ListItem\",\"position\":4,\"name\":\"Kalastusmagneettipaketti\",\"item\":\"https:\\\/\\\/magnetarmagnets.com\\\/fi\\\/collections\\\/kalastusmagneetit\\\/kalastusmagneettipaketti\\\/\"},{\"@type\":\"ListItem\",\"position\":5,\"name\":\"Savage-paketti &#8211; 1600 kg &#8211; Allround 360\u00b0\"}]},{\"@type\":\"WebSite\",\"@id\":\"https:\\\/\\\/magnetarmagnets.com\\\/fi\\\/#website\",\"url\":\"https:\\\/\\\/magnetarmagnets.com\\\/fi\\\/\",\"name\":\"Magnet fishing with a Magnetar fishing magnet\",\"description\":\"Vahvat magneetit magneettikalastukseen\\n\\n\",\"publisher\":{\"@id\":\"https:\\\/\\\/magnetarmagnets.com\\\/fi\\\/#organization\"},\"potentialAction\":[{\"@type\":\"SearchAction\",\"target\":{\"@type\":\"EntryPoint\",\"urlTemplate\":\"https:\\\/\\\/magnetarmagnets.com\\\/fi\\\/?s={search_term_string}\"},\"query-input\":{\"@type\":\"PropertyValueSpecification\",\"valueRequired\":true,\"valueName\":\"search_term_string\"}}],\"inLanguage\":\"fi\"},{\"@type\":\"Organization\",\"@id\":\"https:\\\/\\\/magnetarmagnets.com\\\/fi\\\/#organization\",\"name\":\"Magnetar\",\"url\":\"https:\\\/\\\/magnetarmagnets.com\\\/fi\\\/\",\"logo\":{\"@type\":\"ImageObject\",\"inLanguage\":\"fi\",\"@id\":\"https:\\\/\\\/magnetarmagnets.com\\\/fi\\\/#\\\/schema\\\/logo\\\/image\\\/\",\"url\":\"https:\\\/\\\/magnetarmagnets.com\\\/wp-content\\\/uploads\\\/2025\\\/05\\\/Logo-03_PNG-Black-scaled.png\",\"contentUrl\":\"https:\\\/\\\/magnetarmagnets.com\\\/wp-content\\\/uploads\\\/2025\\\/05\\\/Logo-03_PNG-Black-scaled.png\",\"width\":2560,\"height\":1658,\"caption\":\"Magnetar\"},\"image\":{\"@id\":\"https:\\\/\\\/magnetarmagnets.com\\\/fi\\\/#\\\/schema\\\/logo\\\/image\\\/\"},\"sameAs\":[\"https:\\\/\\\/www.facebook.com\\\/fishingmagnets\\\/\",\"https:\\\/\\\/www.instagram.com\\\/magnetar_magnets\\\/\",\"https:\\\/\\\/www.linkedin.com\\\/company\\\/magnetarbv\\\/?originalSubdomain=nl\",\"https:\\\/\\\/www.youtube.com\\\/c\\\/MagnetarVismagneet\"]}]}<\/script>\n<!-- \/ Yoast SEO plugin. -->","yoast_head_json":{"title":"Savage-paketti - 1600 kg - Allround 360\u00b0 - Magnetar","description":"Savage-setti - 1800 kg - 360\u00b0 magneetti Magnetar","robots":{"index":"index","follow":"follow","max-snippet":"max-snippet:-1","max-image-preview":"max-image-preview:large","max-video-preview":"max-video-preview:-1"},"canonical":"https:\/\/magnetarmagnets.com\/fi\/shop\/savage-paketti-1600-kg-allround-360\/","og_locale":"fi_FI","og_type":"article","og_title":"Savage-paketti - 1600 kg - Allround 360\u00b0 - Magnetar","og_description":"Savage-setti - 1800 kg - 360\u00b0 magneetti Magnetar","og_url":"https:\/\/magnetarmagnets.com\/fi\/shop\/savage-paketti-1600-kg-allround-360\/","og_site_name":"Magnet fishing with a Magnetar fishing magnet","article_publisher":"https:\/\/www.facebook.com\/fishingmagnets\/","article_modified_time":"2026-04-15T01:18:27+00:00","og_image":[{"width":1500,"height":1500,"url":"https:\/\/magnetarmagnets.com\/wp-content\/uploads\/2021\/10\/MAGNETAR-SAVAGE-KIT-GOOGLE.jpg","type":"image\/jpeg"}],"twitter_card":"summary_large_image","twitter_misc":{"Arvioitu lukuaika":"4 minuuttia"},"schema":{"@context":"https:\/\/schema.org","@graph":[{"@type":["WebPage","ItemPage"],"@id":"https:\/\/magnetarmagnets.com\/fi\/shop\/savage-paketti-1600-kg-allround-360\/","url":"https:\/\/magnetarmagnets.com\/fi\/shop\/savage-paketti-1600-kg-allround-360\/","name":"Savage-paketti - 1600 kg - Allround 360\u00b0 - Magnetar","isPartOf":{"@id":"https:\/\/magnetarmagnets.com\/fi\/#website"},"primaryImageOfPage":{"@id":"https:\/\/magnetarmagnets.com\/fi\/shop\/savage-paketti-1600-kg-allround-360\/#primaryimage"},"image":{"@id":"https:\/\/magnetarmagnets.com\/fi\/shop\/savage-paketti-1600-kg-allround-360\/#primaryimage"},"thumbnailUrl":"https:\/\/magnetarmagnets.com\/wp-content\/uploads\/2021\/10\/MAGNETAR-SAVAGE-KIT-GOOGLE.jpg","datePublished":"2025-06-05T07:53:06+00:00","dateModified":"2026-04-15T01:18:27+00:00","description":"Savage-setti - 1800 kg - 360\u00b0 magneetti Magnetar","breadcrumb":{"@id":"https:\/\/magnetarmagnets.com\/fi\/shop\/savage-paketti-1600-kg-allround-360\/#breadcrumb"},"inLanguage":"fi","potentialAction":[{"@type":"ReadAction","target":["https:\/\/magnetarmagnets.com\/fi\/shop\/savage-paketti-1600-kg-allround-360\/"]}]},{"@type":"ImageObject","inLanguage":"fi","@id":"https:\/\/magnetarmagnets.com\/fi\/shop\/savage-paketti-1600-kg-allround-360\/#primaryimage","url":"https:\/\/magnetarmagnets.com\/wp-content\/uploads\/2021\/10\/MAGNETAR-SAVAGE-KIT-GOOGLE.jpg","contentUrl":"https:\/\/magnetarmagnets.com\/wp-content\/uploads\/2021\/10\/MAGNETAR-SAVAGE-KIT-GOOGLE.jpg","width":1500,"height":1500,"caption":"magnetar-savage-kit-magneetvissen"},{"@type":"BreadcrumbList","@id":"https:\/\/magnetarmagnets.com\/fi\/shop\/savage-paketti-1600-kg-allround-360\/#breadcrumb","itemListElement":[{"@type":"ListItem","position":1,"name":"Home","item":"https:\/\/magnetarmagnets.com\/fi\/"},{"@type":"ListItem","position":2,"name":"Verkkokauppa","item":"https:\/\/magnetarmagnets.com\/verkkokauppa\/"},{"@type":"ListItem","position":3,"name":"Kalastusmagneetit","item":"https:\/\/magnetarmagnets.com\/fi\/collections\/kalastusmagneetit\/"},{"@type":"ListItem","position":4,"name":"Kalastusmagneettipaketti","item":"https:\/\/magnetarmagnets.com\/fi\/collections\/kalastusmagneetit\/kalastusmagneettipaketti\/"},{"@type":"ListItem","position":5,"name":"Savage-paketti &#8211; 1600 kg &#8211; Allround 360\u00b0"}]},{"@type":"WebSite","@id":"https:\/\/magnetarmagnets.com\/fi\/#website","url":"https:\/\/magnetarmagnets.com\/fi\/","name":"Magnet fishing with a Magnetar fishing magnet","description":"Vahvat magneetit magneettikalastukseen\n\n","publisher":{"@id":"https:\/\/magnetarmagnets.com\/fi\/#organization"},"potentialAction":[{"@type":"SearchAction","target":{"@type":"EntryPoint","urlTemplate":"https:\/\/magnetarmagnets.com\/fi\/?s={search_term_string}"},"query-input":{"@type":"PropertyValueSpecification","valueRequired":true,"valueName":"search_term_string"}}],"inLanguage":"fi"},{"@type":"Organization","@id":"https:\/\/magnetarmagnets.com\/fi\/#organization","name":"Magnetar","url":"https:\/\/magnetarmagnets.com\/fi\/","logo":{"@type":"ImageObject","inLanguage":"fi","@id":"https:\/\/magnetarmagnets.com\/fi\/#\/schema\/logo\/image\/","url":"https:\/\/magnetarmagnets.com\/wp-content\/uploads\/2025\/05\/Logo-03_PNG-Black-scaled.png","contentUrl":"https:\/\/magnetarmagnets.com\/wp-content\/uploads\/2025\/05\/Logo-03_PNG-Black-scaled.png","width":2560,"height":1658,"caption":"Magnetar"},"image":{"@id":"https:\/\/magnetarmagnets.com\/fi\/#\/schema\/logo\/image\/"},"sameAs":["https:\/\/www.facebook.com\/fishingmagnets\/","https:\/\/www.instagram.com\/magnetar_magnets\/","https:\/\/www.linkedin.com\/company\/magnetarbv\/?originalSubdomain=nl","https:\/\/www.youtube.com\/c\/MagnetarVismagneet"]}]}},"_links":{"self":[{"href":"https:\/\/magnetarmagnets.com\/fi\/wp-json\/wp\/v2\/product\/85464","targetHints":{"allow":["GET"]}}],"collection":[{"href":"https:\/\/magnetarmagnets.com\/fi\/wp-json\/wp\/v2\/product"}],"about":[{"href":"https:\/\/magnetarmagnets.com\/fi\/wp-json\/wp\/v2\/types\/product"}],"replies":[{"embeddable":true,"href":"https:\/\/magnetarmagnets.com\/fi\/wp-json\/wp\/v2\/comments?post=85464"}],"version-history":[{"count":1,"href":"https:\/\/magnetarmagnets.com\/fi\/wp-json\/wp\/v2\/product\/85464\/revisions"}],"predecessor-version":[{"id":94679,"href":"https:\/\/magnetarmagnets.com\/fi\/wp-json\/wp\/v2\/product\/85464\/revisions\/94679"}],"wp:featuredmedia":[{"embeddable":true,"href":"https:\/\/magnetarmagnets.com\/fi\/wp-json\/wp\/v2\/media\/78906"}],"wp:attachment":[{"href":"https:\/\/magnetarmagnets.com\/fi\/wp-json\/wp\/v2\/media?parent=85464"}],"wp:term":[{"taxonomy":"product_brand","embeddable":true,"href":"https:\/\/magnetarmagnets.com\/fi\/wp-json\/wp\/v2\/product_brand?post=85464"},{"taxonomy":"product_cat","embeddable":true,"href":"https:\/\/magnetarmagnets.com\/fi\/wp-json\/wp\/v2\/product_cat?post=85464"},{"taxonomy":"product_tag","embeddable":true,"href":"https:\/\/magnetarmagnets.com\/fi\/wp-json\/wp\/v2\/product_tag?post=85464"}],"curies":[{"name":"wp","href":"https:\/\/api.w.org\/{rel}","templated":true}]}}