{"id":85463,"date":"2025-06-05T09:53:47","date_gmt":"2025-06-05T07:53:47","guid":{"rendered":"https:\/\/magnetarmagnets.com\/?post_type=product&#038;p=85463"},"modified":"2026-04-08T06:18:24","modified_gmt":"2026-04-08T04:18:24","slug":"lasten-paketti-360-280-kg-helppo-kaikkiin-suuntiin-360","status":"publish","type":"product","link":"https:\/\/magnetarmagnets.com\/fi\/shop\/lasten-paketti-360-280-kg-helppo-kaikkiin-suuntiin-360\/","title":{"rendered":"Lasten Paketti 360\u00b0 &#8211; 280 kg &#8211; Helppo &#8211; Kaikkiin suuntiin 360\u00b0"},"content":{"rendered":"Kalastatko magneetin avulla lasten kanssa? T\u00e4m\u00e4 unelma toteutuu Magnetarin Helpon paketilla. T\u00e4m\u00e4 t\u00e4ydellinen kalastusmagneettisetti sis\u00e4lt\u00e4\u00e4 kaiken, mit\u00e4 tarvitset kauneimpien l\u00f6yt\u00f6jen vet\u00e4miseen. Helppo-magneetillamme on yhteens\u00e4 280 kg vetovoimaa koko 360\u00b0 alueella. Kalastusmagneetin lis\u00e4ksi saat my\u00f6s suojakuoren, hansikkaat ja erityisesti magneettikalastukseen suunnitellun k\u00f6yden.\n<h2>Helppo neodyymimagneettikalastusmagneetti<\/h2>\n<a href=\"https:\/\/magnetarmagnets.com\/shop\/easy-magnet\">Helppo neodyymimagneettikalastusmagneetti<\/a> tunnetaan kevyest\u00e4 heittopainostaan. Siit\u00e4 huolimatta tuote tarjoaa vahvan vetovoiman, mik\u00e4 tekee Helposta ihanteellisen valinnan aloittelijoille ja lapsille, jotka suhtautuvat harrastukseensa vakavasti. T\u00e4m\u00e4 kaksipuolinen kalastusmagneetti on magneettinen joka puolelta, mik\u00e4 lis\u00e4\u00e4 todenn\u00e4k\u00f6isyytt\u00e4, ett\u00e4 ved\u00e4t veden alta upeimmat esineet.\n<h2>Oletko valmis helppoon?<\/h2>\nT\u00e4m\u00e4 kalastusmagneetti on sarjamme aloittelijamalli kaikensuuntaisia 360\u00b0 magneetteja. Jokaisella sivulla on oma 70 kg:n vetovoimansa, yhteens\u00e4 280 kg koko magneetille. Pienemm\u00e4t esineet l\u00e4hestyv\u00e4t magneettia jopa 10 cm:n et\u00e4isyydelt\u00e4, mik\u00e4 parantaa mahdollisuuksiasi l\u00f6yt\u00f6jen tekemiseen.\n\nHelpon avulla lapset kuudesta ik\u00e4vuodesta alkaen voivat aloittaa magneettikalastuksen valvonnassa. Haluatko mieluummin kalastusmagneetin, jossa on suurempi vetovoima? Tutustu Hardcore- tai Terror-malleihin. Molemmat kuuluvat suosittuun allround 360\u00b0 -sarjaamme, jotka ovat eritt\u00e4in suosittuja magneettikalastajien keskuudessa ymp\u00e4ri maailman.\n<h2>Magneetin evoluutio<\/h2>\nMonet <a href=\"https:\/\/magnetarmagnets.com\/?v=796834e7a283\" target=\"_blank\" rel=\"noopener\">kalastusmagneetit<\/a> vaikuttavat vain yhdelt\u00e4 puolelta magneettia. T\u00e4m\u00e4 yksipuolinen magneetti on klassinen kalastusmagneetti. Magnetar oli ensimm\u00e4inen yritys, joka kehitti t\u00e4m\u00e4n klassisen magneetin uudelleen kaksipuoliseksi kalastusmagneetiksi <a href=\"https:\/\/magnetarmagnets.com\/double-sided-fishing-magnet\/?v=796834e7a283\" target=\"_blank\" rel=\"noopener\">kaksipuoliseksi kalastusmagneetiksi<\/a>. Vuonna 2016 Magnetar kehitti kaikkisuuntaisen kalastusmagneetin, jolla on 360\u00b0 magneettinen vetovoima. Magnettikalastajat EU:n alueella ovat ihastuneet 100 % neodyymimagneetteihimme siit\u00e4 l\u00e4htien, tehden meist\u00e4 Euroopan ykk\u00f6stoimittajan. Magneettimme valmistaa pieni tiimi magneettikalastusharrastajia korkealla laadulla, huolellisesti ja designia painottaen. Asiakkaamme palaavat yh\u00e4 uudelleen, koska tiet\u00e4v\u00e4t saavansa Magnetarilta enemm\u00e4n kuin magneetin \u2014 he saavat aarteita.\n<h2><strong>Tehokas 360\u00b0 vetovoima<\/strong><\/h2>\nHardcore-magneetti on yksi vahvimmista magneeteistamme. Yksipuolisen magneetin vetovoimaa ei voi verrata puhtaaseen neodyymiseen 360\u00b0 magneettiin kuten Hardcoreen. T\u00e4m\u00e4 johtuu ter\u00e4skuoren vaikutuksesta, joka ohjaa vetovoiman yhteen suuntaan. T\u00e4m\u00e4n ansiosta yksipuoliset magneetit voivat saavuttaa korkean vetovoiman litteill\u00e4 metallilevyill\u00e4 yhdell\u00e4 puolella, mutta eksklusiivinen Allround 360\u00b0 -magneettimme vet\u00e4\u00e4 esineit\u00e4 ymp\u00e4rill\u00e4\u00e4n kaikista suunnista. Haluatko n\u00e4hd\u00e4 vetovoimamittauksemme? <a href=\"https:\/\/www.youtube.com\/watch?v=2McW3RURDxs\" target=\"_blank\" rel=\"noopener\">Katso vetovoimamittausvideo<\/a>.","protected":false},"excerpt":{"rendered":"<p>Aloita t\u00e4m\u00e4 edullinen 360\u00b0 lasten kalastusmagneettipaketti, joka sis\u00e4lt\u00e4\u00e4 Helpon magneetin, suojakuoren, k\u00f6yden, liiman ja hansikkaat.<\/p>\n","protected":false},"featured_media":81306,"comment_status":"open","ping_status":"closed","template":"","meta":{"_acf_changed":false,"inline_featured_image":false},"product_brand":[],"product_cat":[717,724,712,719],"product_tag":[],"class_list":{"0":"post-85463","1":"product","2":"type-product","3":"status-publish","4":"has-post-thumbnail","6":"product_cat-allround-360-kalastusmagneetit","7":"product_cat-aloittelijat-ja-lapset","8":"product_cat-kalastusmagneetit","9":"product_cat-kalastusmagneettipaketti","11":"first","12":"instock","13":"sale","14":"taxable","15":"shipping-taxable","16":"purchasable","17":"product-type-simple"},"acf":[],"yoast_head":"<!-- This site is optimized with the Yoast SEO plugin v27.3 - https:\/\/yoast.com\/product\/yoast-seo-wordpress\/ -->\n<title>Lasten Paketti 360\u00b0 - 280 kg - Helppo - Kaikkiin suuntiin 360\u00b0 -<\/title>\n<meta name=\"description\" content=\"Kalastatko magneetin avulla lasten kanssa? T\u00e4m\u00e4 unelma toteutuu Magnetarin Helpon paketilla. T\u00e4m\u00e4 t\u00e4ydellinen setti sis\u00e4lt\u00e4\u00e4 kaiken mit\u00e4 tarvitset.\" \/>\n<meta name=\"robots\" content=\"index, follow, max-snippet:-1, max-image-preview:large, max-video-preview:-1\" \/>\n<link rel=\"canonical\" href=\"https:\/\/magnetarmagnets.com\/fi\/shop\/lasten-paketti-360-280-kg-helppo-kaikkiin-suuntiin-360\/\" \/>\n<meta property=\"og:locale\" content=\"fi_FI\" \/>\n<meta property=\"og:type\" content=\"article\" \/>\n<meta property=\"og:title\" content=\"Lasten Paketti 360\u00b0 - 280 kg - Helppo - Kaikkiin suuntiin 360\u00b0 -\" \/>\n<meta property=\"og:description\" content=\"Kalastatko magneetin avulla lasten kanssa? T\u00e4m\u00e4 unelma toteutuu Magnetarin Helpon paketilla. T\u00e4m\u00e4 t\u00e4ydellinen setti sis\u00e4lt\u00e4\u00e4 kaiken mit\u00e4 tarvitset.\" \/>\n<meta property=\"og:url\" content=\"https:\/\/magnetarmagnets.com\/fi\/shop\/lasten-paketti-360-280-kg-helppo-kaikkiin-suuntiin-360\/\" \/>\n<meta property=\"og:site_name\" content=\"Magnet fishing with a Magnetar fishing magnet\" \/>\n<meta property=\"article:publisher\" content=\"https:\/\/www.facebook.com\/fishingmagnets\/\" \/>\n<meta property=\"article:modified_time\" content=\"2026-04-08T04:18:24+00:00\" \/>\n<meta property=\"og:image\" content=\"https:\/\/magnetarmagnets.com\/wp-content\/uploads\/2025\/06\/easy-360-magnetar-pakket.png\" \/>\n\t<meta property=\"og:image:width\" content=\"1000\" \/>\n\t<meta property=\"og:image:height\" content=\"1000\" \/>\n\t<meta property=\"og:image:type\" content=\"image\/png\" \/>\n<meta name=\"twitter:card\" content=\"summary_large_image\" \/>\n<meta name=\"twitter:label1\" content=\"Arvioitu lukuaika\" \/>\n\t<meta name=\"twitter:data1\" content=\"5 minuuttia\" \/>\n<script type=\"application\/ld+json\" class=\"yoast-schema-graph\">{\"@context\":\"https:\\\/\\\/schema.org\",\"@graph\":[{\"@type\":[\"WebPage\",\"ItemPage\"],\"@id\":\"https:\\\/\\\/magnetarmagnets.com\\\/fi\\\/shop\\\/lasten-paketti-360-280-kg-helppo-kaikkiin-suuntiin-360\\\/\",\"url\":\"https:\\\/\\\/magnetarmagnets.com\\\/fi\\\/shop\\\/lasten-paketti-360-280-kg-helppo-kaikkiin-suuntiin-360\\\/\",\"name\":\"Lasten Paketti 360\u00b0 - 280 kg - Helppo - Kaikkiin suuntiin 360\u00b0 -\",\"isPartOf\":{\"@id\":\"https:\\\/\\\/magnetarmagnets.com\\\/fi\\\/#website\"},\"primaryImageOfPage\":{\"@id\":\"https:\\\/\\\/magnetarmagnets.com\\\/fi\\\/shop\\\/lasten-paketti-360-280-kg-helppo-kaikkiin-suuntiin-360\\\/#primaryimage\"},\"image\":{\"@id\":\"https:\\\/\\\/magnetarmagnets.com\\\/fi\\\/shop\\\/lasten-paketti-360-280-kg-helppo-kaikkiin-suuntiin-360\\\/#primaryimage\"},\"thumbnailUrl\":\"https:\\\/\\\/magnetarmagnets.com\\\/wp-content\\\/uploads\\\/2025\\\/06\\\/easy-360-magnetar-pakket.png\",\"datePublished\":\"2025-06-05T07:53:47+00:00\",\"dateModified\":\"2026-04-08T04:18:24+00:00\",\"description\":\"Kalastatko magneetin avulla lasten kanssa? T\u00e4m\u00e4 unelma toteutuu Magnetarin Helpon paketilla. T\u00e4m\u00e4 t\u00e4ydellinen setti sis\u00e4lt\u00e4\u00e4 kaiken mit\u00e4 tarvitset.\",\"breadcrumb\":{\"@id\":\"https:\\\/\\\/magnetarmagnets.com\\\/fi\\\/shop\\\/lasten-paketti-360-280-kg-helppo-kaikkiin-suuntiin-360\\\/#breadcrumb\"},\"inLanguage\":\"fi\",\"potentialAction\":[{\"@type\":\"ReadAction\",\"target\":[\"https:\\\/\\\/magnetarmagnets.com\\\/fi\\\/shop\\\/lasten-paketti-360-280-kg-helppo-kaikkiin-suuntiin-360\\\/\"]}]},{\"@type\":\"ImageObject\",\"inLanguage\":\"fi\",\"@id\":\"https:\\\/\\\/magnetarmagnets.com\\\/fi\\\/shop\\\/lasten-paketti-360-280-kg-helppo-kaikkiin-suuntiin-360\\\/#primaryimage\",\"url\":\"https:\\\/\\\/magnetarmagnets.com\\\/wp-content\\\/uploads\\\/2025\\\/06\\\/easy-360-magnetar-pakket.png\",\"contentUrl\":\"https:\\\/\\\/magnetarmagnets.com\\\/wp-content\\\/uploads\\\/2025\\\/06\\\/easy-360-magnetar-pakket.png\",\"width\":1000,\"height\":1000},{\"@type\":\"BreadcrumbList\",\"@id\":\"https:\\\/\\\/magnetarmagnets.com\\\/fi\\\/shop\\\/lasten-paketti-360-280-kg-helppo-kaikkiin-suuntiin-360\\\/#breadcrumb\",\"itemListElement\":[{\"@type\":\"ListItem\",\"position\":1,\"name\":\"Home\",\"item\":\"https:\\\/\\\/magnetarmagnets.com\\\/fi\\\/\"},{\"@type\":\"ListItem\",\"position\":2,\"name\":\"Verkkokauppa\",\"item\":\"https:\\\/\\\/magnetarmagnets.com\\\/verkkokauppa\\\/\"},{\"@type\":\"ListItem\",\"position\":3,\"name\":\"All products\",\"item\":\"https:\\\/\\\/magnetarmagnets.com\\\/collections\\\/all-products\\\/\"},{\"@type\":\"ListItem\",\"position\":4,\"name\":\"Lasten Paketti 360\u00b0 &#8211; 280 kg &#8211; Helppo &#8211; Kaikkiin suuntiin 360\u00b0\"}]},{\"@type\":\"WebSite\",\"@id\":\"https:\\\/\\\/magnetarmagnets.com\\\/fi\\\/#website\",\"url\":\"https:\\\/\\\/magnetarmagnets.com\\\/fi\\\/\",\"name\":\"Magnet fishing with a Magnetar fishing magnet\",\"description\":\"Vahvat magneetit magneettikalastukseen\\n\\n\",\"publisher\":{\"@id\":\"https:\\\/\\\/magnetarmagnets.com\\\/fi\\\/#organization\"},\"potentialAction\":[{\"@type\":\"SearchAction\",\"target\":{\"@type\":\"EntryPoint\",\"urlTemplate\":\"https:\\\/\\\/magnetarmagnets.com\\\/fi\\\/?s={search_term_string}\"},\"query-input\":{\"@type\":\"PropertyValueSpecification\",\"valueRequired\":true,\"valueName\":\"search_term_string\"}}],\"inLanguage\":\"fi\"},{\"@type\":\"Organization\",\"@id\":\"https:\\\/\\\/magnetarmagnets.com\\\/fi\\\/#organization\",\"name\":\"Magnetar\",\"url\":\"https:\\\/\\\/magnetarmagnets.com\\\/fi\\\/\",\"logo\":{\"@type\":\"ImageObject\",\"inLanguage\":\"fi\",\"@id\":\"https:\\\/\\\/magnetarmagnets.com\\\/fi\\\/#\\\/schema\\\/logo\\\/image\\\/\",\"url\":\"https:\\\/\\\/magnetarmagnets.com\\\/wp-content\\\/uploads\\\/2025\\\/05\\\/Logo-03_PNG-Black-scaled.png\",\"contentUrl\":\"https:\\\/\\\/magnetarmagnets.com\\\/wp-content\\\/uploads\\\/2025\\\/05\\\/Logo-03_PNG-Black-scaled.png\",\"width\":2560,\"height\":1658,\"caption\":\"Magnetar\"},\"image\":{\"@id\":\"https:\\\/\\\/magnetarmagnets.com\\\/fi\\\/#\\\/schema\\\/logo\\\/image\\\/\"},\"sameAs\":[\"https:\\\/\\\/www.facebook.com\\\/fishingmagnets\\\/\",\"https:\\\/\\\/www.instagram.com\\\/magnetar_magnets\\\/\",\"https:\\\/\\\/www.linkedin.com\\\/company\\\/magnetarbv\\\/?originalSubdomain=nl\",\"https:\\\/\\\/www.youtube.com\\\/c\\\/MagnetarVismagneet\"]}]}<\/script>\n<!-- \/ Yoast SEO plugin. -->","yoast_head_json":{"title":"Lasten Paketti 360\u00b0 - 280 kg - Helppo - Kaikkiin suuntiin 360\u00b0 -","description":"Kalastatko magneetin avulla lasten kanssa? T\u00e4m\u00e4 unelma toteutuu Magnetarin Helpon paketilla. T\u00e4m\u00e4 t\u00e4ydellinen setti sis\u00e4lt\u00e4\u00e4 kaiken mit\u00e4 tarvitset.","robots":{"index":"index","follow":"follow","max-snippet":"max-snippet:-1","max-image-preview":"max-image-preview:large","max-video-preview":"max-video-preview:-1"},"canonical":"https:\/\/magnetarmagnets.com\/fi\/shop\/lasten-paketti-360-280-kg-helppo-kaikkiin-suuntiin-360\/","og_locale":"fi_FI","og_type":"article","og_title":"Lasten Paketti 360\u00b0 - 280 kg - Helppo - Kaikkiin suuntiin 360\u00b0 -","og_description":"Kalastatko magneetin avulla lasten kanssa? T\u00e4m\u00e4 unelma toteutuu Magnetarin Helpon paketilla. T\u00e4m\u00e4 t\u00e4ydellinen setti sis\u00e4lt\u00e4\u00e4 kaiken mit\u00e4 tarvitset.","og_url":"https:\/\/magnetarmagnets.com\/fi\/shop\/lasten-paketti-360-280-kg-helppo-kaikkiin-suuntiin-360\/","og_site_name":"Magnet fishing with a Magnetar fishing magnet","article_publisher":"https:\/\/www.facebook.com\/fishingmagnets\/","article_modified_time":"2026-04-08T04:18:24+00:00","og_image":[{"width":1000,"height":1000,"url":"https:\/\/magnetarmagnets.com\/wp-content\/uploads\/2025\/06\/easy-360-magnetar-pakket.png","type":"image\/png"}],"twitter_card":"summary_large_image","twitter_misc":{"Arvioitu lukuaika":"5 minuuttia"},"schema":{"@context":"https:\/\/schema.org","@graph":[{"@type":["WebPage","ItemPage"],"@id":"https:\/\/magnetarmagnets.com\/fi\/shop\/lasten-paketti-360-280-kg-helppo-kaikkiin-suuntiin-360\/","url":"https:\/\/magnetarmagnets.com\/fi\/shop\/lasten-paketti-360-280-kg-helppo-kaikkiin-suuntiin-360\/","name":"Lasten Paketti 360\u00b0 - 280 kg - Helppo - Kaikkiin suuntiin 360\u00b0 -","isPartOf":{"@id":"https:\/\/magnetarmagnets.com\/fi\/#website"},"primaryImageOfPage":{"@id":"https:\/\/magnetarmagnets.com\/fi\/shop\/lasten-paketti-360-280-kg-helppo-kaikkiin-suuntiin-360\/#primaryimage"},"image":{"@id":"https:\/\/magnetarmagnets.com\/fi\/shop\/lasten-paketti-360-280-kg-helppo-kaikkiin-suuntiin-360\/#primaryimage"},"thumbnailUrl":"https:\/\/magnetarmagnets.com\/wp-content\/uploads\/2025\/06\/easy-360-magnetar-pakket.png","datePublished":"2025-06-05T07:53:47+00:00","dateModified":"2026-04-08T04:18:24+00:00","description":"Kalastatko magneetin avulla lasten kanssa? T\u00e4m\u00e4 unelma toteutuu Magnetarin Helpon paketilla. T\u00e4m\u00e4 t\u00e4ydellinen setti sis\u00e4lt\u00e4\u00e4 kaiken mit\u00e4 tarvitset.","breadcrumb":{"@id":"https:\/\/magnetarmagnets.com\/fi\/shop\/lasten-paketti-360-280-kg-helppo-kaikkiin-suuntiin-360\/#breadcrumb"},"inLanguage":"fi","potentialAction":[{"@type":"ReadAction","target":["https:\/\/magnetarmagnets.com\/fi\/shop\/lasten-paketti-360-280-kg-helppo-kaikkiin-suuntiin-360\/"]}]},{"@type":"ImageObject","inLanguage":"fi","@id":"https:\/\/magnetarmagnets.com\/fi\/shop\/lasten-paketti-360-280-kg-helppo-kaikkiin-suuntiin-360\/#primaryimage","url":"https:\/\/magnetarmagnets.com\/wp-content\/uploads\/2025\/06\/easy-360-magnetar-pakket.png","contentUrl":"https:\/\/magnetarmagnets.com\/wp-content\/uploads\/2025\/06\/easy-360-magnetar-pakket.png","width":1000,"height":1000},{"@type":"BreadcrumbList","@id":"https:\/\/magnetarmagnets.com\/fi\/shop\/lasten-paketti-360-280-kg-helppo-kaikkiin-suuntiin-360\/#breadcrumb","itemListElement":[{"@type":"ListItem","position":1,"name":"Home","item":"https:\/\/magnetarmagnets.com\/fi\/"},{"@type":"ListItem","position":2,"name":"Verkkokauppa","item":"https:\/\/magnetarmagnets.com\/verkkokauppa\/"},{"@type":"ListItem","position":3,"name":"All products","item":"https:\/\/magnetarmagnets.com\/collections\/all-products\/"},{"@type":"ListItem","position":4,"name":"Lasten Paketti 360\u00b0 &#8211; 280 kg &#8211; Helppo &#8211; Kaikkiin suuntiin 360\u00b0"}]},{"@type":"WebSite","@id":"https:\/\/magnetarmagnets.com\/fi\/#website","url":"https:\/\/magnetarmagnets.com\/fi\/","name":"Magnet fishing with a Magnetar fishing magnet","description":"Vahvat magneetit magneettikalastukseen\n\n","publisher":{"@id":"https:\/\/magnetarmagnets.com\/fi\/#organization"},"potentialAction":[{"@type":"SearchAction","target":{"@type":"EntryPoint","urlTemplate":"https:\/\/magnetarmagnets.com\/fi\/?s={search_term_string}"},"query-input":{"@type":"PropertyValueSpecification","valueRequired":true,"valueName":"search_term_string"}}],"inLanguage":"fi"},{"@type":"Organization","@id":"https:\/\/magnetarmagnets.com\/fi\/#organization","name":"Magnetar","url":"https:\/\/magnetarmagnets.com\/fi\/","logo":{"@type":"ImageObject","inLanguage":"fi","@id":"https:\/\/magnetarmagnets.com\/fi\/#\/schema\/logo\/image\/","url":"https:\/\/magnetarmagnets.com\/wp-content\/uploads\/2025\/05\/Logo-03_PNG-Black-scaled.png","contentUrl":"https:\/\/magnetarmagnets.com\/wp-content\/uploads\/2025\/05\/Logo-03_PNG-Black-scaled.png","width":2560,"height":1658,"caption":"Magnetar"},"image":{"@id":"https:\/\/magnetarmagnets.com\/fi\/#\/schema\/logo\/image\/"},"sameAs":["https:\/\/www.facebook.com\/fishingmagnets\/","https:\/\/www.instagram.com\/magnetar_magnets\/","https:\/\/www.linkedin.com\/company\/magnetarbv\/?originalSubdomain=nl","https:\/\/www.youtube.com\/c\/MagnetarVismagneet"]}]}},"_links":{"self":[{"href":"https:\/\/magnetarmagnets.com\/fi\/wp-json\/wp\/v2\/product\/85463","targetHints":{"allow":["GET"]}}],"collection":[{"href":"https:\/\/magnetarmagnets.com\/fi\/wp-json\/wp\/v2\/product"}],"about":[{"href":"https:\/\/magnetarmagnets.com\/fi\/wp-json\/wp\/v2\/types\/product"}],"replies":[{"embeddable":true,"href":"https:\/\/magnetarmagnets.com\/fi\/wp-json\/wp\/v2\/comments?post=85463"}],"version-history":[{"count":0,"href":"https:\/\/magnetarmagnets.com\/fi\/wp-json\/wp\/v2\/product\/85463\/revisions"}],"wp:featuredmedia":[{"embeddable":true,"href":"https:\/\/magnetarmagnets.com\/fi\/wp-json\/wp\/v2\/media\/81306"}],"wp:attachment":[{"href":"https:\/\/magnetarmagnets.com\/fi\/wp-json\/wp\/v2\/media?parent=85463"}],"wp:term":[{"taxonomy":"product_brand","embeddable":true,"href":"https:\/\/magnetarmagnets.com\/fi\/wp-json\/wp\/v2\/product_brand?post=85463"},{"taxonomy":"product_cat","embeddable":true,"href":"https:\/\/magnetarmagnets.com\/fi\/wp-json\/wp\/v2\/product_cat?post=85463"},{"taxonomy":"product_tag","embeddable":true,"href":"https:\/\/magnetarmagnets.com\/fi\/wp-json\/wp\/v2\/product_tag?post=85463"}],"curies":[{"name":"wp","href":"https:\/\/api.w.org\/{rel}","templated":true}]}}