{"id":85460,"date":"2025-06-05T09:54:13","date_gmt":"2025-06-05T07:54:13","guid":{"rendered":"https:\/\/magnetarmagnets.com\/?post_type=product&#038;p=85460"},"modified":"2026-04-04T19:52:41","modified_gmt":"2026-04-04T17:52:41","slug":"kaksipuolinen-magneettisarja-880-kg-bulldog","status":"publish","type":"product","link":"https:\/\/magnetarmagnets.com\/fi\/shop\/kaksipuolinen-magneettisarja-880-kg-bulldog\/","title":{"rendered":"Kaksipuolinen magneettisarja \u2013 880 kg \u2013 Bulldog"},"content":{"rendered":"<p>Bulldog 800:n avulla alat varmasti l\u00f6yt\u00e4m\u00e4\u00e4n ainutlaatuisimmat vedenalaiset aarteet. T\u00e4m\u00e4 kaikki yhdess\u00e4 -paketti sis\u00e4lt\u00e4\u00e4 kaiken, mit\u00e4 tarvitset v\u00e4ltt\u00e4\u00e4ksesi ei-toivotut yll\u00e4tykset rantaan tullessa. T\u00e4st\u00e4 t\u00e4ydellisest\u00e4 setist\u00e4 l\u00f6yd\u00e4t kaksipuolisen Bulldog 800 -kalastusmagneettimme, <a href=\"https:\/\/magnetarmagnets.com\/shop\/magnet-fishing-glove\/?v=796834e7a283\">k\u00e4sineet<\/a>, <a href=\"https:\/\/magnetarmagnets.com\/shop\/magnet-fishing-rope\/?v=796834e7a283\">kalastusnarun<\/a> ja metalliliiman. Etsitk\u00f6 360\u00b0 magneettia? Tutustu <a href=\"https:\/\/magnetarmagnets.com\/shop\/fishmagnet-package-pro\/\"><strong>Pro-pakettiin<\/strong><\/a>.<\/p>\n\n<h2>Bulldog 800 Kaksipuolinen kalastusmagneetti<\/h2>\n\n<p>Kaikissa Bulldog-magneeteissamme on kaksi magneettista puolta. Bulldog 800:n kokonaismagneettivoima on 1940 lb \/ 880 kg, eli noin 970 lb \/ 440 kg per puoli. Raskaat esineet kuten kassakaapit, auton osat ja liikennemerkit eiv\u00e4t ole t\u00e4lle tehopakkaukselle ongelma. Verrattuna yksipuolisiin magneetteihin kaksipuolisuus kasvattaa merkitt\u00e4v\u00e4sti mahdollisuuksia l\u00f6yt\u00e4\u00e4 upeita aarteita.<\/p>\n\n<p>Kaksipuolisia magneetteja voi k\u00e4ytt\u00e4\u00e4 monin tavoin. Haluatko vet\u00e4\u00e4 magneettia vaakasuoraan veden l\u00e4pi? Kiinnit\u00e4 silmukkapultti magnetin sivulle. T\u00e4m\u00e4 tekniikka tarjoaa yleens\u00e4 paremman mahdollisuuden l\u00f6yt\u00e4\u00e4 aarteita. Magneetin kaksi magneettista puolta varmistavat, ett\u00e4 yksi magneettisista voimista aina vet\u00e4\u00e4 kohti pohjalla olevia aarteita. Haittapuolena vaakaliikkeen vetovoima on hieman heikompi esineisiin verrattuna pystysuoraan kalastukseen, joka tarjoaa optimaalisen magneettisen voiman.<\/p>\n\n<p>Kun olet l\u00f6yt\u00e4nyt jotain ja haluat k\u00e4ytt\u00e4\u00e4 suurempaa voimaa, silmukkapultti voidaan kiinnitt\u00e4\u00e4 pystysuoraan. T\u00e4m\u00e4 mahdollistaa vahvemman pystysuoran voiman raskaampien esineiden nostamiseen. Kaksipuolisten magneettien monipuolinen k\u00e4ytt\u00f6, kiinnitettyn\u00e4 <em>\u00a0<\/em>, tekee niist\u00e4 monik\u00e4ytt\u00f6isimm\u00e4t kalastusmagneettimme.<\/p>\n\n<p>Oletko aloittelija ja pid\u00e4t t\u00e4st\u00e4 magneetin monipuolisuudesta, mutta haluaisit hieman v\u00e4hemm\u00e4n voimaa? Tutustu <a href=\"https:\/\/magnetarmagnets.com\/shop\/bulldog-500-kit\/\"><strong>Bulldog 500<\/strong><\/a>-magneettiin, joka on my\u00f6s kaksipuolinen ja jonka vetovoima on yhteens\u00e4 1100 lb \/ 500 kg. Oletko kuullut 360 asteen monisuuntaisista magneeteistamme? <a href=\"https:\/\/magnetarmagnets.com\/shop\/exclusive-terror-magnet\/\"><strong>Terror<\/strong><\/a> on erinomainen vaihtoehto.<\/p>\n\n<h2>Korkea laatu<\/h2>\n\n<p>Kaikki Magnetarin kalastusmagneetit on valmistettu neodyymist\u00e4. T\u00e4m\u00e4 materiaali takaa pitk\u00e4kestoisen magneettivoiman. Oikealla hoidolla ja s\u00e4ilytyksell\u00e4 magneetit menett\u00e4v\u00e4t vain yhden prosentin voimastaan 100 vuodessa. Siksi voimme olla varmoja, ett\u00e4 tarjoamme markkinoiden parhaita <a href=\"https:\/\/magnetarmagnets.com\/collections\/fishing-magnets\/\"><strong>kalastusmagneetteja<\/strong><\/a>.<\/p>\n\n<p>Viime vuosina markkinoille on tulvinut heikkolaatuisia tuotteita. Monet muiden myyjien kalastusmagneetit menett\u00e4v\u00e4t voimansa viikoissa. Usein niiss\u00e4 on suurempia magneetteja, mutta laadultaan heikompaa neodyymi\u00e4 ja harhaanjohtavaa mainontaa. T\u00e4llaiset tuotteet voivat vaikuttaa halvoilta, mutta pitk\u00e4ll\u00e4 aikav\u00e4lill\u00e4 ne j\u00e4tt\u00e4v\u00e4t k\u00e4ytt\u00e4j\u00e4ns\u00e4 tyytym\u00e4tt\u00f6miksi.<\/p>\n\n<p>Magnetar on pieni perheyritys, joka koostuu todellisista magneettikalastusharrastajista. Laatu on meille ensisijainen ja se n\u00e4kyy tuotteissamme. Kaikki kalastusmagneettimme suunnitellaan itse varmistaaksemme korkean laadun. Etsitk\u00f6 luotettavaa, tehokasta ja laadukasta kalastusmagneettia? Valitse Magnetar! Pyrimme myym\u00e4\u00e4n sinulle <a href=\"https:\/\/magnetarmagnets.com\/\" target=\"_blank\" rel=\"noopener\">markkinoiden parhaat kalastusmagneetit<\/a>.<\/p>\n\n<h2>Varoitus:<\/h2>\n\n<p>Neodyymikalastusmagneettimme ovat eritt\u00e4in tehokkaita. T\u00e4m\u00e4 saattaa aiheuttaa esineiden vet\u00e4misen kohti magneettia suurella nopeudella. T\u00e4m\u00e4 voi aiheuttaa vaaratilanteita, esimerkiksi sormien j\u00e4\u00e4misen magneetin ja esineen v\u00e4liin. Suosittelemme aina k\u00e4sittelem\u00e4\u00e4n magneetteja varoen ja korostamme, ett\u00e4 k\u00e4yt\u00e4t niit\u00e4 omalla vastuullasi. Lue k\u00e4ytt\u00f6ohjeet ennen k\u00e4ytt\u00f6\u00e4.<\/p>","protected":false},"excerpt":{"rendered":"<p>Bulldog 800:n avulla alat varmasti l\u00f6yt\u00e4m\u00e4\u00e4n ainutlaatuisimmat vedenalaiset aarteet. T\u00e4m\u00e4 kaikki yhdess\u00e4 -paketti sis\u00e4lt\u00e4\u00e4 kaiken, mit\u00e4 tarvitset v\u00e4ltt\u00e4\u00e4ksesi ei-toivotut yll\u00e4tykset rantaan tullessa. T\u00e4st\u00e4 t\u00e4ydellisest\u00e4 setist\u00e4 l\u00f6yd\u00e4t kaksipuolisen Bulldog 800 -kalastusmagneettimme, k\u00e4sineet, kalastusnarun ja metalliliiman. Etsitk\u00f6 360\u00b0 magneettia? Tutustu Pro-pakettiin. Bulldog 800 Kaksipuolinen kalastusmagneetti Kaikissa Bulldog-magneeteissamme on kaksi magneettista puolta. Bulldog 800:n kokonaismagneettivoima on 1940 lb [&hellip;]<\/p>\n","protected":false},"featured_media":78874,"comment_status":"open","ping_status":"closed","template":"","meta":{"_acf_changed":false,"inline_featured_image":false},"product_brand":[],"product_cat":[726,716,712,719,725,714],"product_tag":[],"class_list":{"0":"post-85460","1":"product","2":"type-product","3":"status-publish","4":"has-post-thumbnail","6":"product_cat-ammattilaiset","7":"product_cat-kaksipuoliset-kalastusmagneetit","8":"product_cat-kalastusmagneetit","9":"product_cat-kalastusmagneettipaketti","10":"product_cat-kokeneet-seikkailijat","11":"product_cat-vahvimmat-kalastusmagneetit","13":"first","14":"instock","15":"sale","16":"taxable","17":"shipping-taxable","18":"purchasable","19":"product-type-simple"},"acf":[],"yoast_head":"<!-- This site is optimized with the Yoast SEO plugin v27.4 - https:\/\/yoast.com\/product\/yoast-seo-wordpress\/ -->\n<title>Kaksipuolinen magneettisarja \u2013 880 kg \u2013 Bulldog - Magnet fishing with a Magnetar fishing magnet<\/title>\n<meta name=\"description\" content=\"Kaksipuolinen magneettisarja \u2013 880 kg - Bulldog - Magnetar\" \/>\n<meta name=\"robots\" content=\"index, follow, max-snippet:-1, max-image-preview:large, max-video-preview:-1\" \/>\n<link rel=\"canonical\" href=\"https:\/\/magnetarmagnets.com\/fi\/shop\/kaksipuolinen-magneettisarja-880-kg-bulldog\/\" \/>\n<meta property=\"og:locale\" content=\"fi_FI\" \/>\n<meta property=\"og:type\" content=\"article\" \/>\n<meta property=\"og:title\" content=\"Kaksipuolinen magneettisarja \u2013 880 kg \u2013 Bulldog - Magnet fishing with a Magnetar fishing magnet\" \/>\n<meta property=\"og:description\" content=\"Kaksipuolinen magneettisarja \u2013 880 kg - Bulldog - Magnetar\" \/>\n<meta property=\"og:url\" content=\"https:\/\/magnetarmagnets.com\/fi\/shop\/kaksipuolinen-magneettisarja-880-kg-bulldog\/\" \/>\n<meta property=\"og:site_name\" content=\"Magnet fishing with a Magnetar fishing magnet\" \/>\n<meta property=\"article:publisher\" content=\"https:\/\/www.facebook.com\/fishingmagnets\/\" \/>\n<meta property=\"article:modified_time\" content=\"2026-04-04T17:52:41+00:00\" \/>\n<meta property=\"og:image\" content=\"https:\/\/magnetarmagnets.com\/wp-content\/uploads\/2021\/10\/MAGNETAR-BULLDOG-800-KIT-GOOGLE.jpg\" \/>\n\t<meta property=\"og:image:width\" content=\"1500\" \/>\n\t<meta property=\"og:image:height\" content=\"1500\" \/>\n\t<meta property=\"og:image:type\" content=\"image\/jpeg\" \/>\n<meta name=\"twitter:card\" content=\"summary_large_image\" \/>\n<meta name=\"twitter:label1\" content=\"Arvioitu lukuaika\" \/>\n\t<meta name=\"twitter:data1\" content=\"3 minuuttia\" \/>\n<script type=\"application\/ld+json\" class=\"yoast-schema-graph\">{\"@context\":\"https:\\\/\\\/schema.org\",\"@graph\":[{\"@type\":[\"WebPage\",\"ItemPage\"],\"@id\":\"https:\\\/\\\/magnetarmagnets.com\\\/fi\\\/shop\\\/kaksipuolinen-magneettisarja-880-kg-bulldog\\\/\",\"url\":\"https:\\\/\\\/magnetarmagnets.com\\\/fi\\\/shop\\\/kaksipuolinen-magneettisarja-880-kg-bulldog\\\/\",\"name\":\"Kaksipuolinen magneettisarja \u2013 880 kg \u2013 Bulldog - Magnet fishing with a Magnetar fishing magnet\",\"isPartOf\":{\"@id\":\"https:\\\/\\\/magnetarmagnets.com\\\/fi\\\/#website\"},\"primaryImageOfPage\":{\"@id\":\"https:\\\/\\\/magnetarmagnets.com\\\/fi\\\/shop\\\/kaksipuolinen-magneettisarja-880-kg-bulldog\\\/#primaryimage\"},\"image\":{\"@id\":\"https:\\\/\\\/magnetarmagnets.com\\\/fi\\\/shop\\\/kaksipuolinen-magneettisarja-880-kg-bulldog\\\/#primaryimage\"},\"thumbnailUrl\":\"https:\\\/\\\/magnetarmagnets.com\\\/wp-content\\\/uploads\\\/2021\\\/10\\\/MAGNETAR-BULLDOG-800-KIT-GOOGLE.jpg\",\"datePublished\":\"2025-06-05T07:54:13+00:00\",\"dateModified\":\"2026-04-04T17:52:41+00:00\",\"description\":\"Kaksipuolinen magneettisarja \u2013 880 kg - Bulldog - Magnetar\",\"breadcrumb\":{\"@id\":\"https:\\\/\\\/magnetarmagnets.com\\\/fi\\\/shop\\\/kaksipuolinen-magneettisarja-880-kg-bulldog\\\/#breadcrumb\"},\"inLanguage\":\"fi\",\"potentialAction\":[{\"@type\":\"ReadAction\",\"target\":[\"https:\\\/\\\/magnetarmagnets.com\\\/fi\\\/shop\\\/kaksipuolinen-magneettisarja-880-kg-bulldog\\\/\"]}]},{\"@type\":\"ImageObject\",\"inLanguage\":\"fi\",\"@id\":\"https:\\\/\\\/magnetarmagnets.com\\\/fi\\\/shop\\\/kaksipuolinen-magneettisarja-880-kg-bulldog\\\/#primaryimage\",\"url\":\"https:\\\/\\\/magnetarmagnets.com\\\/wp-content\\\/uploads\\\/2021\\\/10\\\/MAGNETAR-BULLDOG-800-KIT-GOOGLE.jpg\",\"contentUrl\":\"https:\\\/\\\/magnetarmagnets.com\\\/wp-content\\\/uploads\\\/2021\\\/10\\\/MAGNETAR-BULLDOG-800-KIT-GOOGLE.jpg\",\"width\":1500,\"height\":1500,\"caption\":\"MAGNETAR-BULLDOG-800-KIT\"},{\"@type\":\"BreadcrumbList\",\"@id\":\"https:\\\/\\\/magnetarmagnets.com\\\/fi\\\/shop\\\/kaksipuolinen-magneettisarja-880-kg-bulldog\\\/#breadcrumb\",\"itemListElement\":[{\"@type\":\"ListItem\",\"position\":1,\"name\":\"Home\",\"item\":\"https:\\\/\\\/magnetarmagnets.com\\\/fi\\\/\"},{\"@type\":\"ListItem\",\"position\":2,\"name\":\"Verkkokauppa\",\"item\":\"https:\\\/\\\/magnetarmagnets.com\\\/verkkokauppa\\\/\"},{\"@type\":\"ListItem\",\"position\":3,\"name\":\"Kalastusmagneetit\",\"item\":\"https:\\\/\\\/magnetarmagnets.com\\\/fi\\\/collections\\\/kalastusmagneetit\\\/\"},{\"@type\":\"ListItem\",\"position\":4,\"name\":\"Kalastusmagneettipaketti\",\"item\":\"https:\\\/\\\/magnetarmagnets.com\\\/fi\\\/collections\\\/kalastusmagneetit\\\/kalastusmagneettipaketti\\\/\"},{\"@type\":\"ListItem\",\"position\":5,\"name\":\"Kaksipuolinen magneettisarja \u2013 880 kg \u2013 Bulldog\"}]},{\"@type\":\"WebSite\",\"@id\":\"https:\\\/\\\/magnetarmagnets.com\\\/fi\\\/#website\",\"url\":\"https:\\\/\\\/magnetarmagnets.com\\\/fi\\\/\",\"name\":\"Magnet fishing with a Magnetar fishing magnet\",\"description\":\"Vahvat magneetit magneettikalastukseen\\n\\n\",\"publisher\":{\"@id\":\"https:\\\/\\\/magnetarmagnets.com\\\/fi\\\/#organization\"},\"potentialAction\":[{\"@type\":\"SearchAction\",\"target\":{\"@type\":\"EntryPoint\",\"urlTemplate\":\"https:\\\/\\\/magnetarmagnets.com\\\/fi\\\/?s={search_term_string}\"},\"query-input\":{\"@type\":\"PropertyValueSpecification\",\"valueRequired\":true,\"valueName\":\"search_term_string\"}}],\"inLanguage\":\"fi\"},{\"@type\":\"Organization\",\"@id\":\"https:\\\/\\\/magnetarmagnets.com\\\/fi\\\/#organization\",\"name\":\"Magnetar\",\"url\":\"https:\\\/\\\/magnetarmagnets.com\\\/fi\\\/\",\"logo\":{\"@type\":\"ImageObject\",\"inLanguage\":\"fi\",\"@id\":\"https:\\\/\\\/magnetarmagnets.com\\\/fi\\\/#\\\/schema\\\/logo\\\/image\\\/\",\"url\":\"https:\\\/\\\/magnetarmagnets.com\\\/wp-content\\\/uploads\\\/2025\\\/05\\\/Logo-03_PNG-Black-scaled.png\",\"contentUrl\":\"https:\\\/\\\/magnetarmagnets.com\\\/wp-content\\\/uploads\\\/2025\\\/05\\\/Logo-03_PNG-Black-scaled.png\",\"width\":2560,\"height\":1658,\"caption\":\"Magnetar\"},\"image\":{\"@id\":\"https:\\\/\\\/magnetarmagnets.com\\\/fi\\\/#\\\/schema\\\/logo\\\/image\\\/\"},\"sameAs\":[\"https:\\\/\\\/www.facebook.com\\\/fishingmagnets\\\/\",\"https:\\\/\\\/www.instagram.com\\\/magnetar_magnets\\\/\",\"https:\\\/\\\/www.linkedin.com\\\/company\\\/magnetarbv\\\/?originalSubdomain=nl\",\"https:\\\/\\\/www.youtube.com\\\/c\\\/MagnetarVismagneet\"]}]}<\/script>\n<!-- \/ Yoast SEO plugin. -->","yoast_head_json":{"title":"Kaksipuolinen magneettisarja \u2013 880 kg \u2013 Bulldog - Magnet fishing with a Magnetar fishing magnet","description":"Kaksipuolinen magneettisarja \u2013 880 kg - Bulldog - Magnetar","robots":{"index":"index","follow":"follow","max-snippet":"max-snippet:-1","max-image-preview":"max-image-preview:large","max-video-preview":"max-video-preview:-1"},"canonical":"https:\/\/magnetarmagnets.com\/fi\/shop\/kaksipuolinen-magneettisarja-880-kg-bulldog\/","og_locale":"fi_FI","og_type":"article","og_title":"Kaksipuolinen magneettisarja \u2013 880 kg \u2013 Bulldog - Magnet fishing with a Magnetar fishing magnet","og_description":"Kaksipuolinen magneettisarja \u2013 880 kg - Bulldog - Magnetar","og_url":"https:\/\/magnetarmagnets.com\/fi\/shop\/kaksipuolinen-magneettisarja-880-kg-bulldog\/","og_site_name":"Magnet fishing with a Magnetar fishing magnet","article_publisher":"https:\/\/www.facebook.com\/fishingmagnets\/","article_modified_time":"2026-04-04T17:52:41+00:00","og_image":[{"width":1500,"height":1500,"url":"https:\/\/magnetarmagnets.com\/wp-content\/uploads\/2021\/10\/MAGNETAR-BULLDOG-800-KIT-GOOGLE.jpg","type":"image\/jpeg"}],"twitter_card":"summary_large_image","twitter_misc":{"Arvioitu lukuaika":"3 minuuttia"},"schema":{"@context":"https:\/\/schema.org","@graph":[{"@type":["WebPage","ItemPage"],"@id":"https:\/\/magnetarmagnets.com\/fi\/shop\/kaksipuolinen-magneettisarja-880-kg-bulldog\/","url":"https:\/\/magnetarmagnets.com\/fi\/shop\/kaksipuolinen-magneettisarja-880-kg-bulldog\/","name":"Kaksipuolinen magneettisarja \u2013 880 kg \u2013 Bulldog - Magnet fishing with a Magnetar fishing magnet","isPartOf":{"@id":"https:\/\/magnetarmagnets.com\/fi\/#website"},"primaryImageOfPage":{"@id":"https:\/\/magnetarmagnets.com\/fi\/shop\/kaksipuolinen-magneettisarja-880-kg-bulldog\/#primaryimage"},"image":{"@id":"https:\/\/magnetarmagnets.com\/fi\/shop\/kaksipuolinen-magneettisarja-880-kg-bulldog\/#primaryimage"},"thumbnailUrl":"https:\/\/magnetarmagnets.com\/wp-content\/uploads\/2021\/10\/MAGNETAR-BULLDOG-800-KIT-GOOGLE.jpg","datePublished":"2025-06-05T07:54:13+00:00","dateModified":"2026-04-04T17:52:41+00:00","description":"Kaksipuolinen magneettisarja \u2013 880 kg - Bulldog - Magnetar","breadcrumb":{"@id":"https:\/\/magnetarmagnets.com\/fi\/shop\/kaksipuolinen-magneettisarja-880-kg-bulldog\/#breadcrumb"},"inLanguage":"fi","potentialAction":[{"@type":"ReadAction","target":["https:\/\/magnetarmagnets.com\/fi\/shop\/kaksipuolinen-magneettisarja-880-kg-bulldog\/"]}]},{"@type":"ImageObject","inLanguage":"fi","@id":"https:\/\/magnetarmagnets.com\/fi\/shop\/kaksipuolinen-magneettisarja-880-kg-bulldog\/#primaryimage","url":"https:\/\/magnetarmagnets.com\/wp-content\/uploads\/2021\/10\/MAGNETAR-BULLDOG-800-KIT-GOOGLE.jpg","contentUrl":"https:\/\/magnetarmagnets.com\/wp-content\/uploads\/2021\/10\/MAGNETAR-BULLDOG-800-KIT-GOOGLE.jpg","width":1500,"height":1500,"caption":"MAGNETAR-BULLDOG-800-KIT"},{"@type":"BreadcrumbList","@id":"https:\/\/magnetarmagnets.com\/fi\/shop\/kaksipuolinen-magneettisarja-880-kg-bulldog\/#breadcrumb","itemListElement":[{"@type":"ListItem","position":1,"name":"Home","item":"https:\/\/magnetarmagnets.com\/fi\/"},{"@type":"ListItem","position":2,"name":"Verkkokauppa","item":"https:\/\/magnetarmagnets.com\/verkkokauppa\/"},{"@type":"ListItem","position":3,"name":"Kalastusmagneetit","item":"https:\/\/magnetarmagnets.com\/fi\/collections\/kalastusmagneetit\/"},{"@type":"ListItem","position":4,"name":"Kalastusmagneettipaketti","item":"https:\/\/magnetarmagnets.com\/fi\/collections\/kalastusmagneetit\/kalastusmagneettipaketti\/"},{"@type":"ListItem","position":5,"name":"Kaksipuolinen magneettisarja \u2013 880 kg \u2013 Bulldog"}]},{"@type":"WebSite","@id":"https:\/\/magnetarmagnets.com\/fi\/#website","url":"https:\/\/magnetarmagnets.com\/fi\/","name":"Magnet fishing with a Magnetar fishing magnet","description":"Vahvat magneetit magneettikalastukseen\n\n","publisher":{"@id":"https:\/\/magnetarmagnets.com\/fi\/#organization"},"potentialAction":[{"@type":"SearchAction","target":{"@type":"EntryPoint","urlTemplate":"https:\/\/magnetarmagnets.com\/fi\/?s={search_term_string}"},"query-input":{"@type":"PropertyValueSpecification","valueRequired":true,"valueName":"search_term_string"}}],"inLanguage":"fi"},{"@type":"Organization","@id":"https:\/\/magnetarmagnets.com\/fi\/#organization","name":"Magnetar","url":"https:\/\/magnetarmagnets.com\/fi\/","logo":{"@type":"ImageObject","inLanguage":"fi","@id":"https:\/\/magnetarmagnets.com\/fi\/#\/schema\/logo\/image\/","url":"https:\/\/magnetarmagnets.com\/wp-content\/uploads\/2025\/05\/Logo-03_PNG-Black-scaled.png","contentUrl":"https:\/\/magnetarmagnets.com\/wp-content\/uploads\/2025\/05\/Logo-03_PNG-Black-scaled.png","width":2560,"height":1658,"caption":"Magnetar"},"image":{"@id":"https:\/\/magnetarmagnets.com\/fi\/#\/schema\/logo\/image\/"},"sameAs":["https:\/\/www.facebook.com\/fishingmagnets\/","https:\/\/www.instagram.com\/magnetar_magnets\/","https:\/\/www.linkedin.com\/company\/magnetarbv\/?originalSubdomain=nl","https:\/\/www.youtube.com\/c\/MagnetarVismagneet"]}]}},"_links":{"self":[{"href":"https:\/\/magnetarmagnets.com\/fi\/wp-json\/wp\/v2\/product\/85460","targetHints":{"allow":["GET"]}}],"collection":[{"href":"https:\/\/magnetarmagnets.com\/fi\/wp-json\/wp\/v2\/product"}],"about":[{"href":"https:\/\/magnetarmagnets.com\/fi\/wp-json\/wp\/v2\/types\/product"}],"replies":[{"embeddable":true,"href":"https:\/\/magnetarmagnets.com\/fi\/wp-json\/wp\/v2\/comments?post=85460"}],"version-history":[{"count":0,"href":"https:\/\/magnetarmagnets.com\/fi\/wp-json\/wp\/v2\/product\/85460\/revisions"}],"wp:featuredmedia":[{"embeddable":true,"href":"https:\/\/magnetarmagnets.com\/fi\/wp-json\/wp\/v2\/media\/78874"}],"wp:attachment":[{"href":"https:\/\/magnetarmagnets.com\/fi\/wp-json\/wp\/v2\/media?parent=85460"}],"wp:term":[{"taxonomy":"product_brand","embeddable":true,"href":"https:\/\/magnetarmagnets.com\/fi\/wp-json\/wp\/v2\/product_brand?post=85460"},{"taxonomy":"product_cat","embeddable":true,"href":"https:\/\/magnetarmagnets.com\/fi\/wp-json\/wp\/v2\/product_cat?post=85460"},{"taxonomy":"product_tag","embeddable":true,"href":"https:\/\/magnetarmagnets.com\/fi\/wp-json\/wp\/v2\/product_tag?post=85460"}],"curies":[{"name":"wp","href":"https:\/\/api.w.org\/{rel}","templated":true}]}}