{"id":85458,"date":"2025-06-05T09:54:13","date_gmt":"2025-06-05T07:54:13","guid":{"rendered":"https:\/\/magnetarmagnets.com\/?post_type=product&#038;p=85458"},"modified":"2026-04-04T20:28:24","modified_gmt":"2026-04-04T18:28:24","slug":"magnetar-baseball-lippis-pinkki","status":"publish","type":"product","link":"https:\/\/magnetarmagnets.com\/fi\/shop\/magnetar-baseball-lippis-pinkki\/","title":{"rendered":"Magnetar Baseball-lippis pinkki"},"content":{"rendered":"<div class=\"woocommerce-product-extra__content-inner limiter\">\n\n\n\nLaadukkaaseen rakenteeseen kuuluu 5-paneelinen kruunu, jonka lippa on monirivisi\u00e4 tikkej\u00e4 ja brodeeratut ilmastusrei\u00e4t. S\u00e4\u00e4d\u00e4 soljella istuvuus juuri sinulle sopivaksi. T\u00e4m\u00e4 kevyt, hengitt\u00e4v\u00e4 naisten lippis on koristeltu edess\u00e4 Magnetar:n omalla brodeerauksella.\n\n<ul>\n\n  \t<li>5-paneelinen kruunu, monirivinen lippa<\/li>\n\n  \t<li>Brodeeratut ilmastusrei\u00e4t<\/li>\n\n  \t<li>Pull-through -solki s\u00e4\u00e4dett\u00e4vyytt\u00e4 varten<\/li>\n\n  \t<li>Kevyt ja hengitt\u00e4v\u00e4<\/li>\n\n  \t<li>Magnetar:n omalla brodeerauksella edess\u00e4<\/li>\n\n<\/ul>\n\n<\/div>","protected":false},"excerpt":{"rendered":"<p>P\u00e4iv\u00e4 luonnossa on aina parempi Magnetar\u00ae-lippiksen kanssa naisille.<\/p>\n","protected":false},"featured_media":80650,"comment_status":"open","ping_status":"closed","template":"","meta":{"_acf_changed":false,"inline_featured_image":false},"product_brand":[],"product_cat":[722,718],"product_tag":[],"class_list":{"0":"post-85458","1":"product","2":"type-product","3":"status-publish","4":"has-post-thumbnail","6":"product_cat-oheistuotteet","7":"product_cat-varusteet","9":"first","10":"instock","11":"taxable","12":"shipping-taxable","13":"purchasable","14":"product-type-simple"},"acf":[],"yoast_head":"<!-- This site is optimized with the Yoast SEO plugin v27.3 - https:\/\/yoast.com\/product\/yoast-seo-wordpress\/ -->\n<title>Magnetar Baseball-lippis pinkki - Magnet fishing with a Magnetar fishing magnet<\/title>\n<meta name=\"description\" content=\"Magnetar Baseball-lippis pinkki - tyylik\u00e4s kalastusvaruste\" \/>\n<meta name=\"robots\" content=\"index, follow, max-snippet:-1, max-image-preview:large, max-video-preview:-1\" \/>\n<link rel=\"canonical\" href=\"https:\/\/magnetarmagnets.com\/fi\/shop\/magnetar-baseball-lippis-pinkki\/\" \/>\n<meta property=\"og:locale\" content=\"fi_FI\" \/>\n<meta property=\"og:type\" content=\"article\" \/>\n<meta property=\"og:title\" content=\"Magnetar Baseball-lippis pinkki - Magnet fishing with a Magnetar fishing magnet\" \/>\n<meta property=\"og:description\" content=\"Magnetar Baseball-lippis pinkki - tyylik\u00e4s kalastusvaruste\" \/>\n<meta property=\"og:url\" content=\"https:\/\/magnetarmagnets.com\/fi\/shop\/magnetar-baseball-lippis-pinkki\/\" \/>\n<meta property=\"og:site_name\" content=\"Magnet fishing with a Magnetar fishing magnet\" \/>\n<meta property=\"article:publisher\" content=\"https:\/\/www.facebook.com\/fishingmagnets\/\" \/>\n<meta property=\"article:modified_time\" content=\"2026-04-04T18:28:24+00:00\" \/>\n<meta property=\"og:image\" content=\"https:\/\/magnetarmagnets.com\/wp-content\/uploads\/2021\/10\/JNF-Magnetar-B.V.-Productfotografie-26-10-2023-Foto-6377.png\" \/>\n\t<meta property=\"og:image:width\" content=\"1000\" \/>\n\t<meta property=\"og:image:height\" content=\"1000\" \/>\n\t<meta property=\"og:image:type\" content=\"image\/png\" \/>\n<meta name=\"twitter:card\" content=\"summary_large_image\" \/>\n<meta name=\"twitter:label1\" content=\"Arvioitu lukuaika\" \/>\n\t<meta name=\"twitter:data1\" content=\"1 minuutti\" \/>\n<script type=\"application\/ld+json\" class=\"yoast-schema-graph\">{\"@context\":\"https:\\\/\\\/schema.org\",\"@graph\":[{\"@type\":[\"WebPage\",\"ItemPage\"],\"@id\":\"https:\\\/\\\/magnetarmagnets.com\\\/fi\\\/shop\\\/magnetar-baseball-lippis-pinkki\\\/\",\"url\":\"https:\\\/\\\/magnetarmagnets.com\\\/fi\\\/shop\\\/magnetar-baseball-lippis-pinkki\\\/\",\"name\":\"Magnetar Baseball-lippis pinkki - Magnet fishing with a Magnetar fishing magnet\",\"isPartOf\":{\"@id\":\"https:\\\/\\\/magnetarmagnets.com\\\/fi\\\/#website\"},\"primaryImageOfPage\":{\"@id\":\"https:\\\/\\\/magnetarmagnets.com\\\/fi\\\/shop\\\/magnetar-baseball-lippis-pinkki\\\/#primaryimage\"},\"image\":{\"@id\":\"https:\\\/\\\/magnetarmagnets.com\\\/fi\\\/shop\\\/magnetar-baseball-lippis-pinkki\\\/#primaryimage\"},\"thumbnailUrl\":\"https:\\\/\\\/magnetarmagnets.com\\\/wp-content\\\/uploads\\\/2021\\\/10\\\/JNF-Magnetar-B.V.-Productfotografie-26-10-2023-Foto-6377.png\",\"datePublished\":\"2025-06-05T07:54:13+00:00\",\"dateModified\":\"2026-04-04T18:28:24+00:00\",\"description\":\"Magnetar Baseball-lippis pinkki - tyylik\u00e4s kalastusvaruste\",\"breadcrumb\":{\"@id\":\"https:\\\/\\\/magnetarmagnets.com\\\/fi\\\/shop\\\/magnetar-baseball-lippis-pinkki\\\/#breadcrumb\"},\"inLanguage\":\"fi\",\"potentialAction\":[{\"@type\":\"ReadAction\",\"target\":[\"https:\\\/\\\/magnetarmagnets.com\\\/fi\\\/shop\\\/magnetar-baseball-lippis-pinkki\\\/\"]}]},{\"@type\":\"ImageObject\",\"inLanguage\":\"fi\",\"@id\":\"https:\\\/\\\/magnetarmagnets.com\\\/fi\\\/shop\\\/magnetar-baseball-lippis-pinkki\\\/#primaryimage\",\"url\":\"https:\\\/\\\/magnetarmagnets.com\\\/wp-content\\\/uploads\\\/2021\\\/10\\\/JNF-Magnetar-B.V.-Productfotografie-26-10-2023-Foto-6377.png\",\"contentUrl\":\"https:\\\/\\\/magnetarmagnets.com\\\/wp-content\\\/uploads\\\/2021\\\/10\\\/JNF-Magnetar-B.V.-Productfotografie-26-10-2023-Foto-6377.png\",\"width\":1000,\"height\":1000,\"caption\":\"Pink Magnetar cap\"},{\"@type\":\"BreadcrumbList\",\"@id\":\"https:\\\/\\\/magnetarmagnets.com\\\/fi\\\/shop\\\/magnetar-baseball-lippis-pinkki\\\/#breadcrumb\",\"itemListElement\":[{\"@type\":\"ListItem\",\"position\":1,\"name\":\"Home\",\"item\":\"https:\\\/\\\/magnetarmagnets.com\\\/fi\\\/\"},{\"@type\":\"ListItem\",\"position\":2,\"name\":\"Verkkokauppa\",\"item\":\"https:\\\/\\\/magnetarmagnets.com\\\/verkkokauppa\\\/\"},{\"@type\":\"ListItem\",\"position\":3,\"name\":\"Varusteet\",\"item\":\"https:\\\/\\\/magnetarmagnets.com\\\/fi\\\/collections\\\/varusteet\\\/\"},{\"@type\":\"ListItem\",\"position\":4,\"name\":\"Oheistuotteet\",\"item\":\"https:\\\/\\\/magnetarmagnets.com\\\/fi\\\/collections\\\/varusteet\\\/oheistuotteet\\\/\"},{\"@type\":\"ListItem\",\"position\":5,\"name\":\"Magnetar Baseball-lippis pinkki\"}]},{\"@type\":\"WebSite\",\"@id\":\"https:\\\/\\\/magnetarmagnets.com\\\/fi\\\/#website\",\"url\":\"https:\\\/\\\/magnetarmagnets.com\\\/fi\\\/\",\"name\":\"Magnet fishing with a Magnetar fishing magnet\",\"description\":\"Vahvat magneetit magneettikalastukseen\\n\\n\",\"publisher\":{\"@id\":\"https:\\\/\\\/magnetarmagnets.com\\\/fi\\\/#organization\"},\"potentialAction\":[{\"@type\":\"SearchAction\",\"target\":{\"@type\":\"EntryPoint\",\"urlTemplate\":\"https:\\\/\\\/magnetarmagnets.com\\\/fi\\\/?s={search_term_string}\"},\"query-input\":{\"@type\":\"PropertyValueSpecification\",\"valueRequired\":true,\"valueName\":\"search_term_string\"}}],\"inLanguage\":\"fi\"},{\"@type\":\"Organization\",\"@id\":\"https:\\\/\\\/magnetarmagnets.com\\\/fi\\\/#organization\",\"name\":\"Magnetar\",\"url\":\"https:\\\/\\\/magnetarmagnets.com\\\/fi\\\/\",\"logo\":{\"@type\":\"ImageObject\",\"inLanguage\":\"fi\",\"@id\":\"https:\\\/\\\/magnetarmagnets.com\\\/fi\\\/#\\\/schema\\\/logo\\\/image\\\/\",\"url\":\"https:\\\/\\\/magnetarmagnets.com\\\/wp-content\\\/uploads\\\/2025\\\/05\\\/Logo-03_PNG-Black-scaled.png\",\"contentUrl\":\"https:\\\/\\\/magnetarmagnets.com\\\/wp-content\\\/uploads\\\/2025\\\/05\\\/Logo-03_PNG-Black-scaled.png\",\"width\":2560,\"height\":1658,\"caption\":\"Magnetar\"},\"image\":{\"@id\":\"https:\\\/\\\/magnetarmagnets.com\\\/fi\\\/#\\\/schema\\\/logo\\\/image\\\/\"},\"sameAs\":[\"https:\\\/\\\/www.facebook.com\\\/fishingmagnets\\\/\",\"https:\\\/\\\/www.instagram.com\\\/magnetar_magnets\\\/\",\"https:\\\/\\\/www.linkedin.com\\\/company\\\/magnetarbv\\\/?originalSubdomain=nl\",\"https:\\\/\\\/www.youtube.com\\\/c\\\/MagnetarVismagneet\"]}]}<\/script>\n<!-- \/ Yoast SEO plugin. -->","yoast_head_json":{"title":"Magnetar Baseball-lippis pinkki - Magnet fishing with a Magnetar fishing magnet","description":"Magnetar Baseball-lippis pinkki - tyylik\u00e4s kalastusvaruste","robots":{"index":"index","follow":"follow","max-snippet":"max-snippet:-1","max-image-preview":"max-image-preview:large","max-video-preview":"max-video-preview:-1"},"canonical":"https:\/\/magnetarmagnets.com\/fi\/shop\/magnetar-baseball-lippis-pinkki\/","og_locale":"fi_FI","og_type":"article","og_title":"Magnetar Baseball-lippis pinkki - Magnet fishing with a Magnetar fishing magnet","og_description":"Magnetar Baseball-lippis pinkki - tyylik\u00e4s kalastusvaruste","og_url":"https:\/\/magnetarmagnets.com\/fi\/shop\/magnetar-baseball-lippis-pinkki\/","og_site_name":"Magnet fishing with a Magnetar fishing magnet","article_publisher":"https:\/\/www.facebook.com\/fishingmagnets\/","article_modified_time":"2026-04-04T18:28:24+00:00","og_image":[{"width":1000,"height":1000,"url":"https:\/\/magnetarmagnets.com\/wp-content\/uploads\/2021\/10\/JNF-Magnetar-B.V.-Productfotografie-26-10-2023-Foto-6377.png","type":"image\/png"}],"twitter_card":"summary_large_image","twitter_misc":{"Arvioitu lukuaika":"1 minuutti"},"schema":{"@context":"https:\/\/schema.org","@graph":[{"@type":["WebPage","ItemPage"],"@id":"https:\/\/magnetarmagnets.com\/fi\/shop\/magnetar-baseball-lippis-pinkki\/","url":"https:\/\/magnetarmagnets.com\/fi\/shop\/magnetar-baseball-lippis-pinkki\/","name":"Magnetar Baseball-lippis pinkki - Magnet fishing with a Magnetar fishing magnet","isPartOf":{"@id":"https:\/\/magnetarmagnets.com\/fi\/#website"},"primaryImageOfPage":{"@id":"https:\/\/magnetarmagnets.com\/fi\/shop\/magnetar-baseball-lippis-pinkki\/#primaryimage"},"image":{"@id":"https:\/\/magnetarmagnets.com\/fi\/shop\/magnetar-baseball-lippis-pinkki\/#primaryimage"},"thumbnailUrl":"https:\/\/magnetarmagnets.com\/wp-content\/uploads\/2021\/10\/JNF-Magnetar-B.V.-Productfotografie-26-10-2023-Foto-6377.png","datePublished":"2025-06-05T07:54:13+00:00","dateModified":"2026-04-04T18:28:24+00:00","description":"Magnetar Baseball-lippis pinkki - tyylik\u00e4s kalastusvaruste","breadcrumb":{"@id":"https:\/\/magnetarmagnets.com\/fi\/shop\/magnetar-baseball-lippis-pinkki\/#breadcrumb"},"inLanguage":"fi","potentialAction":[{"@type":"ReadAction","target":["https:\/\/magnetarmagnets.com\/fi\/shop\/magnetar-baseball-lippis-pinkki\/"]}]},{"@type":"ImageObject","inLanguage":"fi","@id":"https:\/\/magnetarmagnets.com\/fi\/shop\/magnetar-baseball-lippis-pinkki\/#primaryimage","url":"https:\/\/magnetarmagnets.com\/wp-content\/uploads\/2021\/10\/JNF-Magnetar-B.V.-Productfotografie-26-10-2023-Foto-6377.png","contentUrl":"https:\/\/magnetarmagnets.com\/wp-content\/uploads\/2021\/10\/JNF-Magnetar-B.V.-Productfotografie-26-10-2023-Foto-6377.png","width":1000,"height":1000,"caption":"Pink Magnetar cap"},{"@type":"BreadcrumbList","@id":"https:\/\/magnetarmagnets.com\/fi\/shop\/magnetar-baseball-lippis-pinkki\/#breadcrumb","itemListElement":[{"@type":"ListItem","position":1,"name":"Home","item":"https:\/\/magnetarmagnets.com\/fi\/"},{"@type":"ListItem","position":2,"name":"Verkkokauppa","item":"https:\/\/magnetarmagnets.com\/verkkokauppa\/"},{"@type":"ListItem","position":3,"name":"Varusteet","item":"https:\/\/magnetarmagnets.com\/fi\/collections\/varusteet\/"},{"@type":"ListItem","position":4,"name":"Oheistuotteet","item":"https:\/\/magnetarmagnets.com\/fi\/collections\/varusteet\/oheistuotteet\/"},{"@type":"ListItem","position":5,"name":"Magnetar Baseball-lippis pinkki"}]},{"@type":"WebSite","@id":"https:\/\/magnetarmagnets.com\/fi\/#website","url":"https:\/\/magnetarmagnets.com\/fi\/","name":"Magnet fishing with a Magnetar fishing magnet","description":"Vahvat magneetit magneettikalastukseen\n\n","publisher":{"@id":"https:\/\/magnetarmagnets.com\/fi\/#organization"},"potentialAction":[{"@type":"SearchAction","target":{"@type":"EntryPoint","urlTemplate":"https:\/\/magnetarmagnets.com\/fi\/?s={search_term_string}"},"query-input":{"@type":"PropertyValueSpecification","valueRequired":true,"valueName":"search_term_string"}}],"inLanguage":"fi"},{"@type":"Organization","@id":"https:\/\/magnetarmagnets.com\/fi\/#organization","name":"Magnetar","url":"https:\/\/magnetarmagnets.com\/fi\/","logo":{"@type":"ImageObject","inLanguage":"fi","@id":"https:\/\/magnetarmagnets.com\/fi\/#\/schema\/logo\/image\/","url":"https:\/\/magnetarmagnets.com\/wp-content\/uploads\/2025\/05\/Logo-03_PNG-Black-scaled.png","contentUrl":"https:\/\/magnetarmagnets.com\/wp-content\/uploads\/2025\/05\/Logo-03_PNG-Black-scaled.png","width":2560,"height":1658,"caption":"Magnetar"},"image":{"@id":"https:\/\/magnetarmagnets.com\/fi\/#\/schema\/logo\/image\/"},"sameAs":["https:\/\/www.facebook.com\/fishingmagnets\/","https:\/\/www.instagram.com\/magnetar_magnets\/","https:\/\/www.linkedin.com\/company\/magnetarbv\/?originalSubdomain=nl","https:\/\/www.youtube.com\/c\/MagnetarVismagneet"]}]}},"_links":{"self":[{"href":"https:\/\/magnetarmagnets.com\/fi\/wp-json\/wp\/v2\/product\/85458","targetHints":{"allow":["GET"]}}],"collection":[{"href":"https:\/\/magnetarmagnets.com\/fi\/wp-json\/wp\/v2\/product"}],"about":[{"href":"https:\/\/magnetarmagnets.com\/fi\/wp-json\/wp\/v2\/types\/product"}],"replies":[{"embeddable":true,"href":"https:\/\/magnetarmagnets.com\/fi\/wp-json\/wp\/v2\/comments?post=85458"}],"version-history":[{"count":1,"href":"https:\/\/magnetarmagnets.com\/fi\/wp-json\/wp\/v2\/product\/85458\/revisions"}],"predecessor-version":[{"id":95389,"href":"https:\/\/magnetarmagnets.com\/fi\/wp-json\/wp\/v2\/product\/85458\/revisions\/95389"}],"wp:featuredmedia":[{"embeddable":true,"href":"https:\/\/magnetarmagnets.com\/fi\/wp-json\/wp\/v2\/media\/80650"}],"wp:attachment":[{"href":"https:\/\/magnetarmagnets.com\/fi\/wp-json\/wp\/v2\/media?parent=85458"}],"wp:term":[{"taxonomy":"product_brand","embeddable":true,"href":"https:\/\/magnetarmagnets.com\/fi\/wp-json\/wp\/v2\/product_brand?post=85458"},{"taxonomy":"product_cat","embeddable":true,"href":"https:\/\/magnetarmagnets.com\/fi\/wp-json\/wp\/v2\/product_cat?post=85458"},{"taxonomy":"product_tag","embeddable":true,"href":"https:\/\/magnetarmagnets.com\/fi\/wp-json\/wp\/v2\/product_tag?post=85458"}],"curies":[{"name":"wp","href":"https:\/\/api.w.org\/{rel}","templated":true}]}}