{"id":85457,"date":"2025-06-05T09:54:16","date_gmt":"2025-06-05T07:54:16","guid":{"rendered":"https:\/\/magnetarmagnets.com\/?post_type=product&#038;p=85457"},"modified":"2026-04-14T21:49:45","modified_gmt":"2026-04-14T19:49:45","slug":"tyttojen-voimapaketti-600-kg-hardcore-allround-360","status":"publish","type":"product","link":"https:\/\/magnetarmagnets.com\/fi\/shop\/tyttojen-voimapaketti-600-kg-hardcore-allround-360\/","title":{"rendered":"Tytt\u00f6jen voimapaketti &#8211; 600 kg \u2013 Hardcore \u2013 Allround 360\u00b0"},"content":{"rendered":"Oletko nainen, joka rakastaa <a href=\"https:\/\/magnetarmagnets.com\/\" target=\"_blank\" rel=\"noopener\">magneettikalastusta<\/a>? Haluatko tulla ammattilaiseksi? Tytt\u00f6jen voimapaketti on juuri sinulle, ja se sis\u00e4lt\u00e4\u00e4 kaiken, mit\u00e4 tarvitset aloittaaksesi (ja saat my\u00f6s pakettialennukset!). T\u00e4m\u00e4 paketti sis\u00e4lt\u00e4\u00e4 bestsellereihimme kuuluvan <a href=\"https:\/\/magnetarmagnets.com\/shop\/hardcore-magnet-2\/\" target=\"_blank\" rel=\"noopener\">Hardcore<\/a> allround 360\u00b0 kalastusmagneetin. Mukana on my\u00f6s Hardcore-suojakotelo, 8 mm hansikkaat, 10 ml liimaa ja pinkki Magnetar-lakki.\n\n<h2>Hardcore: neodyymimagneetti kalastukseen<\/h2>\n\nKaikkipuolinen 360\u00b0 neodyymimagneettimme tunnetaan valtavasta vetovoimastaan. T\u00e4m\u00e4 on markkinoiden parhaiden ja edullisimpien kalastusmagneettien joukossa, vaikka sanommekin itse. Magneetilla on vetovoima 14 cm, mik\u00e4 lis\u00e4\u00e4 mahdollisuuksia l\u00f6yt\u00e4\u00e4 suurempia ja parempia aarteita.\n\nSiksi monet magneettikalastajat ovat tyytyv\u00e4isi\u00e4 t\u00e4h\u00e4n tuotteeseen. Haluatko kuulla, mit\u00e4 muut harrastajat ajattelevat Hardcore-magneetista? Katso video <a href=\"https:\/\/www.youtube.com\/watch?v=1izvqgYbtd8\">YouTubessa<\/a>! Haluatko p\u00e4ivitt\u00e4\u00e4 yksipuolisesta kalastusmagneetista? T\u00e4ll\u00f6in Hardcore voi olla sinulle sopiva.\n\n<h2>Valmiina p\u00e4ivitt\u00e4m\u00e4\u00e4n Hardcoreen?<\/h2>\n\nHardcore kalastusmagneetti tekee sinusta todellisen ammattilaisen. Magneetti ker\u00e4\u00e4 esineit\u00e4 molemmilta puolilta, mik\u00e4 helpottaa aarteiden l\u00f6yt\u00e4mist\u00e4. On my\u00f6s huomattava, ett\u00e4 t\u00e4m\u00e4n tuotteen heittopaino on miellytt\u00e4v\u00e4, joten se sopii yleisesti naisille magneettikalastajille.\n\nKokeneet magneettikalastajat arvostavat Hardcore-magneettia, joka on noussut yhdeksi myydyimmist\u00e4mme. Magneetti on valmistettu neodyymist\u00e4, tehokkaimmasta pysyv\u00e4st\u00e4 magneettimateriaalista. Se voi nostaa enemm\u00e4n kuin muut samaa kokoa olevat magneettimateriaalit. T\u00e4m\u00e4 laajentaa l\u00f6ydett\u00e4vien esineiden kirjoa ja vetovoimaa kaikista suunnista.\n\n<h2>Markkinoiden monipuolisin kalastusmagneetti<\/h2>\n\nMonilla kalastukseen k\u00e4ytett\u00e4vill\u00e4 magneeteilla on vetovoima vain yhdell\u00e4 puolella. N\u00e4m\u00e4 ovat tavallisia kalastusmagneetteja ja toimivat monille hyvin. Me halusimme tarjota suurimmille magneettikalastuksen harrastajille jotain uutta. Olimme ensimm\u00e4inen yritys, joka uudisti t\u00e4m\u00e4n vanhan magneetin kaksipuoliseksi kalastusmagneetiksi. Vuonna 2016 Magnetar loi allround-kalastusmagneetin 360 asteen magneettisella vetovoimalla. Monet eurooppalaiset kalastajat rakastavat 100 % neodyymist\u00e4 valmistettuja allround-magneettejamme, mik\u00e4 tekee meist\u00e4 Euroopan suosituimman toimittajan.\n\nVarmistaaksemme t\u00e4ydelliset tuotteet, tuotteemme suunnitellaan pienen intohimoisten magneettikalastajien tiimin toimesta ja ne valmistetaan korkealaatuisista materiaaleista. Onneksi asiakkaat palaavat yh\u00e4 uudelleen Magnetarin pariin.\n\n<h2>Vahva ja mullistava vetovoima<\/h2>\n\nTarjoamillamme allround-kalastusmagneeteilla on voimakas 360\u00b0 vetovoima. Tietenkin 100 % neodyymimagneettien vetovoimaa ei voi verrata perinteisiin tuotteisiin. Perinteisiss\u00e4 yksipuolisissa magneeteissa on ter\u00e4skuori, joka vaikuttaa vetovoimaan. Lis\u00e4ksi vetovoima suuntautuu yhteen suuntaan. T\u00e4st\u00e4 syyst\u00e4 perinteiset tuotteet saavuttavat korkean vetovoiman litte\u00e4ll\u00e4 metallilevyll\u00e4. Meid\u00e4n ainutlaatuiset allround 360\u00b0 magneettimme saavuttavat korkean vetovoiman koko ymp\u00e4r\u00f6iv\u00e4ll\u00e4 alueella. Haluatko tiet\u00e4\u00e4, miten mittaamme t\u00e4m\u00e4n? Selit\u00e4mme sen t\u00e4ss\u00e4 <a href=\"https:\/\/www.youtube.com\/watch?v=2McW3RURDxs\">videossa<\/a>.\n\n<h2>Laatustandardit<\/h2>\n\nMagnetarilla pyrimme tarjoamaan laatua. Sen vuoksi magneettimme on valmistettu neodyymist\u00e4, mik\u00e4 takaa magnettivoiman s\u00e4ilymisen vuosikymmeniksi!\n\nOlemme havainneet, ett\u00e4 markkinoilla on paljon kalastusmagneetteja, jotka menett\u00e4v\u00e4t voimansa vain muutamassa viikossa. T\u00e4m\u00e4 johtuu usein huonolaatuisten materiaalien k\u00e4yt\u00f6st\u00e4 ja huonosta valmistusprosessista. Jos ostat t\u00e4llaisen tuotteen suuremmalta yritykselt\u00e4, saatat petty\u00e4 ostokseesi.\n\nMagnetar on pieni perheyritys, jonka muodostavat magneettikalastuksen harrastajat ja joka asettaa korkeat laatustandardit kaikkeen toimintaansa. Suunnittelemme tuotteet itse varmistuaksemme, ett\u00e4 saat laadukkaan tuotteen, jolloin voit nauttia upeasta harrastuksestasi t\u00e4ysill\u00e4.\n\n<h2>Suojaamisen t\u00e4rkeys<\/h2>\n\n100 % neodyymist\u00e4 valmistetun Hardcore-magneetin suojaaminen on t\u00e4rke\u00e4\u00e4. Magneetin k\u00e4ytt\u00f6 saattaa johtaa naarmuihin, vaurioihin tai muihin vahinkoihin. Siksi t\u00e4m\u00e4n tytt\u00f6jen voimapaketin mukana tulee suojakotelo. Se on valmistettu ruostumattomasta ter\u00e4ksest\u00e4, mik\u00e4 varmistaa magneetin magneettisuuden s\u00e4ilymisen. Huomaa, ett\u00e4 magneetin pohja on edelleen altis vaurioille.\n\n<h2>K\u00e4yt\u00e4 tuotetta varovaisesti<\/h2>\n\nNeodyymimagneetin k\u00e4ytt\u00f6 tuotteissamme tekee magneeteista eritt\u00e4in voimakkaita. L\u00e4hell\u00e4 magneettia rautaiset esineet voivat vet\u00e4yty\u00e4 nopeastikin. Ole tietoinen siit\u00e4, ett\u00e4 k\u00e4tesi tai sormesi voivat j\u00e4\u00e4d\u00e4 magneetin ja esineen v\u00e4liin. N\u00e4iden magneettien k\u00e4ytt\u00f6 on omalla vastuulla, ja lasten tulee aina k\u00e4ytt\u00e4\u00e4 niit\u00e4 aikuisen valvonnassa. On suositeltavaa lukea <a href=\"https:\/\/magnetarmagnets.com\/how-do-you-use-fishing-magnets-in-a-safe-way\/?v=796834e7a283\">turvaohjeemme<\/a> ennen k\u00e4ytt\u00f6\u00e4.\n\n<h2>Haluatko lis\u00e4\u00e4?<\/h2>\n\nValmiina viel\u00e4 suurempaan allround-magneettiin kokonaispaketissa? Tutustu <a href=\"https:\/\/magnetarmagnets.com\/shop\/expert-package\/\" target=\"_blank\" rel=\"noopener\">Expert-pakettiin<\/a>, jossa on yksi vahvimmista tarjoamistamme magneeteista: Terror kalastusmagneetti. Etsitk\u00f6 sopivaa pakettia lapsille? Katso <a href=\"https:\/\/magnetarmagnets.com\/shop\/kids-package\/\" target=\"_blank\" rel=\"noopener\">lasten paketti<\/a> nuoremmille tai aloituspaketti vanhemmille lapsille.\n\n\u00c4l\u00e4 unohda tutustua <a href=\"https:\/\/magnetarmagnets.com\/magnet-fishing-kit\/\" target=\"_blank\" rel=\"noopener\">parhaisiin magneettikalastuspaketteihin<\/a> ja <a href=\"https:\/\/magnetarmagnets.com\/accessories\/\" target=\"_blank\" rel=\"noopener\">magneettikalastusvarusteisiimme.<\/a>","protected":false},"excerpt":{"rendered":"<p>Aloita tytt\u00f6jen voimapaketilla. T\u00e4m\u00e4 paketti sis\u00e4lt\u00e4\u00e4 <strong>600 kg Hardcore Allround 360\u00b0 magneetin<\/strong>, Hardcore-suojakotelon, pinkin Magnetar-lakin, 8 mm k\u00f6yden, hansikkaat ja liiman. <strong>Kaikki, mit\u00e4 tarvitset<\/strong> aloittaaksesi magneettikalastusseikkailusi!<\/p>\n","protected":false},"featured_media":80646,"comment_status":"open","ping_status":"closed","template":"","meta":{"_acf_changed":false,"inline_featured_image":false},"product_brand":[],"product_cat":[717,724,1003,712,719,725],"product_tag":[],"class_list":{"0":"post-85457","1":"product","2":"type-product","3":"status-publish","4":"has-post-thumbnail","6":"product_cat-allround-360-kalastusmagneetit","7":"product_cat-aloittelijat-ja-lapset","8":"product_cat-kaikki-tuotteet","9":"product_cat-kalastusmagneetit","10":"product_cat-kalastusmagneettipaketti","11":"product_cat-kokeneet-seikkailijat","13":"first","14":"instock","15":"sale","16":"taxable","17":"shipping-taxable","18":"purchasable","19":"product-type-simple"},"acf":[],"yoast_head":"<!-- This site is optimized with the Yoast SEO plugin v27.4 - https:\/\/yoast.com\/product\/yoast-seo-wordpress\/ -->\n<title>Tytt\u00f6jen voimapaketti - 1300 lb \/ 600 kg - Hardcore Allround 360\u00b0<\/title>\n<meta name=\"description\" content=\"Magneettikalastus tyt\u00f6ille? Tytt\u00f6jen voimapaketti soveltuu hyvin naisille, jotka haluavat vied\u00e4 aarteenetsint\u00e4harrastuksensa seuraavalle tasolle!\" \/>\n<meta name=\"robots\" content=\"index, follow, max-snippet:-1, max-image-preview:large, max-video-preview:-1\" \/>\n<link rel=\"canonical\" href=\"https:\/\/magnetarmagnets.com\/fi\/shop\/tyttojen-voimapaketti-600-kg-hardcore-allround-360\/\" \/>\n<meta property=\"og:locale\" content=\"fi_FI\" \/>\n<meta property=\"og:type\" content=\"article\" \/>\n<meta property=\"og:title\" content=\"Tytt\u00f6jen voimapaketti - 1300 lb \/ 600 kg - Hardcore Allround 360\u00b0\" \/>\n<meta property=\"og:description\" content=\"Magneettikalastus tyt\u00f6ille? Tytt\u00f6jen voimapaketti soveltuu hyvin naisille, jotka haluavat vied\u00e4 aarteenetsint\u00e4harrastuksensa seuraavalle tasolle!\" \/>\n<meta property=\"og:url\" content=\"https:\/\/magnetarmagnets.com\/fi\/shop\/tyttojen-voimapaketti-600-kg-hardcore-allround-360\/\" \/>\n<meta property=\"og:site_name\" content=\"Magnet fishing with a Magnetar fishing magnet\" \/>\n<meta property=\"article:publisher\" content=\"https:\/\/www.facebook.com\/fishingmagnets\/\" \/>\n<meta property=\"article:modified_time\" content=\"2026-04-14T19:49:45+00:00\" \/>\n<meta property=\"og:image\" content=\"https:\/\/magnetarmagnets.com\/wp-content\/uploads\/2021\/10\/Kopie-van-MAGNETAR-KIT-CANVA-1.png\" \/>\n\t<meta property=\"og:image:width\" content=\"1500\" \/>\n\t<meta property=\"og:image:height\" content=\"1500\" \/>\n\t<meta property=\"og:image:type\" content=\"image\/png\" \/>\n<meta name=\"twitter:card\" content=\"summary_large_image\" \/>\n<meta name=\"twitter:label1\" content=\"Arvioitu lukuaika\" \/>\n\t<meta name=\"twitter:data1\" content=\"4 minuuttia\" \/>\n<script type=\"application\/ld+json\" class=\"yoast-schema-graph\">{\"@context\":\"https:\\\/\\\/schema.org\",\"@graph\":[{\"@type\":[\"WebPage\",\"ItemPage\"],\"@id\":\"https:\\\/\\\/magnetarmagnets.com\\\/fi\\\/shop\\\/tyttojen-voimapaketti-600-kg-hardcore-allround-360\\\/\",\"url\":\"https:\\\/\\\/magnetarmagnets.com\\\/fi\\\/shop\\\/tyttojen-voimapaketti-600-kg-hardcore-allround-360\\\/\",\"name\":\"Tytt\u00f6jen voimapaketti - 1300 lb \\\/ 600 kg - Hardcore Allround 360\u00b0\",\"isPartOf\":{\"@id\":\"https:\\\/\\\/magnetarmagnets.com\\\/fi\\\/#website\"},\"primaryImageOfPage\":{\"@id\":\"https:\\\/\\\/magnetarmagnets.com\\\/fi\\\/shop\\\/tyttojen-voimapaketti-600-kg-hardcore-allround-360\\\/#primaryimage\"},\"image\":{\"@id\":\"https:\\\/\\\/magnetarmagnets.com\\\/fi\\\/shop\\\/tyttojen-voimapaketti-600-kg-hardcore-allround-360\\\/#primaryimage\"},\"thumbnailUrl\":\"https:\\\/\\\/magnetarmagnets.com\\\/wp-content\\\/uploads\\\/2021\\\/10\\\/Kopie-van-MAGNETAR-KIT-CANVA-1.png\",\"datePublished\":\"2025-06-05T07:54:16+00:00\",\"dateModified\":\"2026-04-14T19:49:45+00:00\",\"description\":\"Magneettikalastus tyt\u00f6ille? Tytt\u00f6jen voimapaketti soveltuu hyvin naisille, jotka haluavat vied\u00e4 aarteenetsint\u00e4harrastuksensa seuraavalle tasolle!\",\"breadcrumb\":{\"@id\":\"https:\\\/\\\/magnetarmagnets.com\\\/fi\\\/shop\\\/tyttojen-voimapaketti-600-kg-hardcore-allround-360\\\/#breadcrumb\"},\"inLanguage\":\"fi\",\"potentialAction\":[{\"@type\":\"ReadAction\",\"target\":[\"https:\\\/\\\/magnetarmagnets.com\\\/fi\\\/shop\\\/tyttojen-voimapaketti-600-kg-hardcore-allround-360\\\/\"]}]},{\"@type\":\"ImageObject\",\"inLanguage\":\"fi\",\"@id\":\"https:\\\/\\\/magnetarmagnets.com\\\/fi\\\/shop\\\/tyttojen-voimapaketti-600-kg-hardcore-allround-360\\\/#primaryimage\",\"url\":\"https:\\\/\\\/magnetarmagnets.com\\\/wp-content\\\/uploads\\\/2021\\\/10\\\/Kopie-van-MAGNETAR-KIT-CANVA-1.png\",\"contentUrl\":\"https:\\\/\\\/magnetarmagnets.com\\\/wp-content\\\/uploads\\\/2021\\\/10\\\/Kopie-van-MAGNETAR-KIT-CANVA-1.png\",\"width\":1500,\"height\":1500,\"caption\":\"Girl Power Package - Hardcore Fishing Magnet\"},{\"@type\":\"BreadcrumbList\",\"@id\":\"https:\\\/\\\/magnetarmagnets.com\\\/fi\\\/shop\\\/tyttojen-voimapaketti-600-kg-hardcore-allround-360\\\/#breadcrumb\",\"itemListElement\":[{\"@type\":\"ListItem\",\"position\":1,\"name\":\"Home\",\"item\":\"https:\\\/\\\/magnetarmagnets.com\\\/fi\\\/\"},{\"@type\":\"ListItem\",\"position\":2,\"name\":\"Verkkokauppa\",\"item\":\"https:\\\/\\\/magnetarmagnets.com\\\/verkkokauppa\\\/\"},{\"@type\":\"ListItem\",\"position\":3,\"name\":\"Kalastusmagneetit\",\"item\":\"https:\\\/\\\/magnetarmagnets.com\\\/fi\\\/collections\\\/kalastusmagneetit\\\/\"},{\"@type\":\"ListItem\",\"position\":4,\"name\":\"Kalastusmagneettipaketti\",\"item\":\"https:\\\/\\\/magnetarmagnets.com\\\/fi\\\/collections\\\/kalastusmagneetit\\\/kalastusmagneettipaketti\\\/\"},{\"@type\":\"ListItem\",\"position\":5,\"name\":\"Tytt\u00f6jen voimapaketti &#8211; 600 kg \u2013 Hardcore \u2013 Allround 360\u00b0\"}]},{\"@type\":\"WebSite\",\"@id\":\"https:\\\/\\\/magnetarmagnets.com\\\/fi\\\/#website\",\"url\":\"https:\\\/\\\/magnetarmagnets.com\\\/fi\\\/\",\"name\":\"Magnet fishing with a Magnetar fishing magnet\",\"description\":\"Vahvat magneetit magneettikalastukseen\\n\\n\",\"publisher\":{\"@id\":\"https:\\\/\\\/magnetarmagnets.com\\\/fi\\\/#organization\"},\"potentialAction\":[{\"@type\":\"SearchAction\",\"target\":{\"@type\":\"EntryPoint\",\"urlTemplate\":\"https:\\\/\\\/magnetarmagnets.com\\\/fi\\\/?s={search_term_string}\"},\"query-input\":{\"@type\":\"PropertyValueSpecification\",\"valueRequired\":true,\"valueName\":\"search_term_string\"}}],\"inLanguage\":\"fi\"},{\"@type\":\"Organization\",\"@id\":\"https:\\\/\\\/magnetarmagnets.com\\\/fi\\\/#organization\",\"name\":\"Magnetar\",\"url\":\"https:\\\/\\\/magnetarmagnets.com\\\/fi\\\/\",\"logo\":{\"@type\":\"ImageObject\",\"inLanguage\":\"fi\",\"@id\":\"https:\\\/\\\/magnetarmagnets.com\\\/fi\\\/#\\\/schema\\\/logo\\\/image\\\/\",\"url\":\"https:\\\/\\\/magnetarmagnets.com\\\/wp-content\\\/uploads\\\/2025\\\/05\\\/Logo-03_PNG-Black-scaled.png\",\"contentUrl\":\"https:\\\/\\\/magnetarmagnets.com\\\/wp-content\\\/uploads\\\/2025\\\/05\\\/Logo-03_PNG-Black-scaled.png\",\"width\":2560,\"height\":1658,\"caption\":\"Magnetar\"},\"image\":{\"@id\":\"https:\\\/\\\/magnetarmagnets.com\\\/fi\\\/#\\\/schema\\\/logo\\\/image\\\/\"},\"sameAs\":[\"https:\\\/\\\/www.facebook.com\\\/fishingmagnets\\\/\",\"https:\\\/\\\/www.instagram.com\\\/magnetar_magnets\\\/\",\"https:\\\/\\\/www.linkedin.com\\\/company\\\/magnetarbv\\\/?originalSubdomain=nl\",\"https:\\\/\\\/www.youtube.com\\\/c\\\/MagnetarVismagneet\"]}]}<\/script>\n<!-- \/ Yoast SEO plugin. -->","yoast_head_json":{"title":"Tytt\u00f6jen voimapaketti - 1300 lb \/ 600 kg - Hardcore Allround 360\u00b0","description":"Magneettikalastus tyt\u00f6ille? Tytt\u00f6jen voimapaketti soveltuu hyvin naisille, jotka haluavat vied\u00e4 aarteenetsint\u00e4harrastuksensa seuraavalle tasolle!","robots":{"index":"index","follow":"follow","max-snippet":"max-snippet:-1","max-image-preview":"max-image-preview:large","max-video-preview":"max-video-preview:-1"},"canonical":"https:\/\/magnetarmagnets.com\/fi\/shop\/tyttojen-voimapaketti-600-kg-hardcore-allround-360\/","og_locale":"fi_FI","og_type":"article","og_title":"Tytt\u00f6jen voimapaketti - 1300 lb \/ 600 kg - Hardcore Allround 360\u00b0","og_description":"Magneettikalastus tyt\u00f6ille? Tytt\u00f6jen voimapaketti soveltuu hyvin naisille, jotka haluavat vied\u00e4 aarteenetsint\u00e4harrastuksensa seuraavalle tasolle!","og_url":"https:\/\/magnetarmagnets.com\/fi\/shop\/tyttojen-voimapaketti-600-kg-hardcore-allround-360\/","og_site_name":"Magnet fishing with a Magnetar fishing magnet","article_publisher":"https:\/\/www.facebook.com\/fishingmagnets\/","article_modified_time":"2026-04-14T19:49:45+00:00","og_image":[{"width":1500,"height":1500,"url":"https:\/\/magnetarmagnets.com\/wp-content\/uploads\/2021\/10\/Kopie-van-MAGNETAR-KIT-CANVA-1.png","type":"image\/png"}],"twitter_card":"summary_large_image","twitter_misc":{"Arvioitu lukuaika":"4 minuuttia"},"schema":{"@context":"https:\/\/schema.org","@graph":[{"@type":["WebPage","ItemPage"],"@id":"https:\/\/magnetarmagnets.com\/fi\/shop\/tyttojen-voimapaketti-600-kg-hardcore-allround-360\/","url":"https:\/\/magnetarmagnets.com\/fi\/shop\/tyttojen-voimapaketti-600-kg-hardcore-allround-360\/","name":"Tytt\u00f6jen voimapaketti - 1300 lb \/ 600 kg - Hardcore Allround 360\u00b0","isPartOf":{"@id":"https:\/\/magnetarmagnets.com\/fi\/#website"},"primaryImageOfPage":{"@id":"https:\/\/magnetarmagnets.com\/fi\/shop\/tyttojen-voimapaketti-600-kg-hardcore-allround-360\/#primaryimage"},"image":{"@id":"https:\/\/magnetarmagnets.com\/fi\/shop\/tyttojen-voimapaketti-600-kg-hardcore-allround-360\/#primaryimage"},"thumbnailUrl":"https:\/\/magnetarmagnets.com\/wp-content\/uploads\/2021\/10\/Kopie-van-MAGNETAR-KIT-CANVA-1.png","datePublished":"2025-06-05T07:54:16+00:00","dateModified":"2026-04-14T19:49:45+00:00","description":"Magneettikalastus tyt\u00f6ille? Tytt\u00f6jen voimapaketti soveltuu hyvin naisille, jotka haluavat vied\u00e4 aarteenetsint\u00e4harrastuksensa seuraavalle tasolle!","breadcrumb":{"@id":"https:\/\/magnetarmagnets.com\/fi\/shop\/tyttojen-voimapaketti-600-kg-hardcore-allround-360\/#breadcrumb"},"inLanguage":"fi","potentialAction":[{"@type":"ReadAction","target":["https:\/\/magnetarmagnets.com\/fi\/shop\/tyttojen-voimapaketti-600-kg-hardcore-allround-360\/"]}]},{"@type":"ImageObject","inLanguage":"fi","@id":"https:\/\/magnetarmagnets.com\/fi\/shop\/tyttojen-voimapaketti-600-kg-hardcore-allround-360\/#primaryimage","url":"https:\/\/magnetarmagnets.com\/wp-content\/uploads\/2021\/10\/Kopie-van-MAGNETAR-KIT-CANVA-1.png","contentUrl":"https:\/\/magnetarmagnets.com\/wp-content\/uploads\/2021\/10\/Kopie-van-MAGNETAR-KIT-CANVA-1.png","width":1500,"height":1500,"caption":"Girl Power Package - Hardcore Fishing Magnet"},{"@type":"BreadcrumbList","@id":"https:\/\/magnetarmagnets.com\/fi\/shop\/tyttojen-voimapaketti-600-kg-hardcore-allround-360\/#breadcrumb","itemListElement":[{"@type":"ListItem","position":1,"name":"Home","item":"https:\/\/magnetarmagnets.com\/fi\/"},{"@type":"ListItem","position":2,"name":"Verkkokauppa","item":"https:\/\/magnetarmagnets.com\/verkkokauppa\/"},{"@type":"ListItem","position":3,"name":"Kalastusmagneetit","item":"https:\/\/magnetarmagnets.com\/fi\/collections\/kalastusmagneetit\/"},{"@type":"ListItem","position":4,"name":"Kalastusmagneettipaketti","item":"https:\/\/magnetarmagnets.com\/fi\/collections\/kalastusmagneetit\/kalastusmagneettipaketti\/"},{"@type":"ListItem","position":5,"name":"Tytt\u00f6jen voimapaketti &#8211; 600 kg \u2013 Hardcore \u2013 Allround 360\u00b0"}]},{"@type":"WebSite","@id":"https:\/\/magnetarmagnets.com\/fi\/#website","url":"https:\/\/magnetarmagnets.com\/fi\/","name":"Magnet fishing with a Magnetar fishing magnet","description":"Vahvat magneetit magneettikalastukseen\n\n","publisher":{"@id":"https:\/\/magnetarmagnets.com\/fi\/#organization"},"potentialAction":[{"@type":"SearchAction","target":{"@type":"EntryPoint","urlTemplate":"https:\/\/magnetarmagnets.com\/fi\/?s={search_term_string}"},"query-input":{"@type":"PropertyValueSpecification","valueRequired":true,"valueName":"search_term_string"}}],"inLanguage":"fi"},{"@type":"Organization","@id":"https:\/\/magnetarmagnets.com\/fi\/#organization","name":"Magnetar","url":"https:\/\/magnetarmagnets.com\/fi\/","logo":{"@type":"ImageObject","inLanguage":"fi","@id":"https:\/\/magnetarmagnets.com\/fi\/#\/schema\/logo\/image\/","url":"https:\/\/magnetarmagnets.com\/wp-content\/uploads\/2025\/05\/Logo-03_PNG-Black-scaled.png","contentUrl":"https:\/\/magnetarmagnets.com\/wp-content\/uploads\/2025\/05\/Logo-03_PNG-Black-scaled.png","width":2560,"height":1658,"caption":"Magnetar"},"image":{"@id":"https:\/\/magnetarmagnets.com\/fi\/#\/schema\/logo\/image\/"},"sameAs":["https:\/\/www.facebook.com\/fishingmagnets\/","https:\/\/www.instagram.com\/magnetar_magnets\/","https:\/\/www.linkedin.com\/company\/magnetarbv\/?originalSubdomain=nl","https:\/\/www.youtube.com\/c\/MagnetarVismagneet"]}]}},"_links":{"self":[{"href":"https:\/\/magnetarmagnets.com\/fi\/wp-json\/wp\/v2\/product\/85457","targetHints":{"allow":["GET"]}}],"collection":[{"href":"https:\/\/magnetarmagnets.com\/fi\/wp-json\/wp\/v2\/product"}],"about":[{"href":"https:\/\/magnetarmagnets.com\/fi\/wp-json\/wp\/v2\/types\/product"}],"replies":[{"embeddable":true,"href":"https:\/\/magnetarmagnets.com\/fi\/wp-json\/wp\/v2\/comments?post=85457"}],"version-history":[{"count":1,"href":"https:\/\/magnetarmagnets.com\/fi\/wp-json\/wp\/v2\/product\/85457\/revisions"}],"predecessor-version":[{"id":95284,"href":"https:\/\/magnetarmagnets.com\/fi\/wp-json\/wp\/v2\/product\/85457\/revisions\/95284"}],"wp:featuredmedia":[{"embeddable":true,"href":"https:\/\/magnetarmagnets.com\/fi\/wp-json\/wp\/v2\/media\/80646"}],"wp:attachment":[{"href":"https:\/\/magnetarmagnets.com\/fi\/wp-json\/wp\/v2\/media?parent=85457"}],"wp:term":[{"taxonomy":"product_brand","embeddable":true,"href":"https:\/\/magnetarmagnets.com\/fi\/wp-json\/wp\/v2\/product_brand?post=85457"},{"taxonomy":"product_cat","embeddable":true,"href":"https:\/\/magnetarmagnets.com\/fi\/wp-json\/wp\/v2\/product_cat?post=85457"},{"taxonomy":"product_tag","embeddable":true,"href":"https:\/\/magnetarmagnets.com\/fi\/wp-json\/wp\/v2\/product_tag?post=85457"}],"curies":[{"name":"wp","href":"https:\/\/api.w.org\/{rel}","templated":true}]}}